{"id":6601,"date":"2024-05-28T22:34:53","date_gmt":"2024-05-28T22:34:53","guid":{"rendered":"https:\/\/booksfrommexico.com\/product\/trabajadores-sindicatos-y-activistas-en-la-frontera-norte-de-mexico\/"},"modified":"2025-04-21T17:31:24","modified_gmt":"2025-04-21T17:31:24","slug":"trabajadores-sindicatos-y-activistas-en-la-frontera-norte-de-mexico","status":"publish","type":"product","link":"https:\/\/booksfrommexico.com\/es\/producto\/trabajadores-sindicatos-y-activistas-en-la-frontera-norte-de-mexico\/","title":{"rendered":"Vicisitudes, aportes y dilemas del contrapoder"},"content":{"rendered":"","protected":false},"excerpt":{"rendered":"<p>VICISITUDES, APORTES Y DILEMAS DEL CONTRAPODER. \/ Roberto Mora Mart\u00ednez (coordinador). Mora Mart\u00ednez, Roberto, editor. Ciudad de M\u00e9xico, M\u00e9xico : Universidad Aut\u00f3noma de M\u00e9xico, Centro de Investigaciones sobre Am\u00e9rica Latina y el Caribe, 2022. 230 pages; 23 cm. Includes bibliographical references. Bibliography at the end of each chapter. 9786073065320 ; 6073065329. Investigates central theme of counterpower, closely intertwined with one of the most significant concepts in political philosophy: power itself, initially referring to the capacity to accomplish something. Reviews how human beings are permeated by power relations, and consequently, the tendencies to control and impose ones will also manifest in social organizations of alternative power. Throughout history, various actions, intentions, tendencies, and attitudes, which are habitual behaviors, emerge despite different circumstances. Their underlying intention is to wield power, even when fighting against detrimental political imposition. Comprehensive analysis of the multifaceted dimensions of counterpower within the context of political philosophy, shedding light on its complexities, contributions, and dilemmas.<\/p>\n","protected":false},"featured_media":6825,"template":"","meta":{"_acf_changed":false,"inline_featured_image":false},"product_brand":[],"product_cat":[1520,78],"product_tag":[],"class_list":{"0":"post-6601","1":"product","2":"type-product","3":"status-publish","4":"has-post-thumbnail","6":"product_cat-estudios-laborales-sociologia","7":"product_cat-sociologia","9":"first","10":"outofstock","11":"taxable","12":"shipping-taxable","13":"purchasable","14":"product-type-simple"},"acf":[],"yoast_head":"<!-- This site is optimized with the Yoast SEO plugin v27.4 - https:\/\/yoast.com\/product\/yoast-seo-wordpress\/ -->\n<title>Vicisitudes, aportes y dilemas del contrapoder - Books From Mexico<\/title>\n<meta name=\"robots\" content=\"index, follow, max-snippet:-1, max-image-preview:large, max-video-preview:-1\" \/>\n<link rel=\"canonical\" href=\"https:\/\/booksfrommexico.com\/es\/producto\/trabajadores-sindicatos-y-activistas-en-la-frontera-norte-de-mexico\/\" \/>\n<meta property=\"og:locale\" content=\"es_ES\" \/>\n<meta property=\"og:type\" content=\"article\" \/>\n<meta property=\"og:title\" content=\"Vicisitudes, aportes y dilemas del contrapoder - Books From Mexico\" \/>\n<meta property=\"og:description\" content=\"VICISITUDES, APORTES Y DILEMAS DEL CONTRAPODER. \/ Roberto Mora Mart\u00ednez (coordinador). Mora Mart\u00ednez, Roberto, editor. Ciudad de M\u00e9xico, M\u00e9xico : Universidad Aut\u00f3noma de M\u00e9xico, Centro de Investigaciones sobre Am\u00e9rica Latina y el Caribe, 2022. 230 pages; 23 cm. Includes bibliographical references. Bibliography at the end of each chapter. 9786073065320 ; 6073065329. Investigates central theme of counterpower, closely intertwined with one of the most significant concepts in political philosophy: power itself, initially referring to the capacity to accomplish something. Reviews how human beings are permeated by power relations, and consequently, the tendencies to control and impose ones will also manifest in social organizations of alternative power. Throughout history, various actions, intentions, tendencies, and attitudes, which are habitual behaviors, emerge despite different circumstances. Their underlying intention is to wield power, even when fighting against detrimental political imposition. Comprehensive analysis of the multifaceted dimensions of counterpower within the context of political philosophy, shedding light on its complexities, contributions, and dilemmas.\" \/>\n<meta property=\"og:url\" content=\"https:\/\/booksfrommexico.com\/es\/producto\/trabajadores-sindicatos-y-activistas-en-la-frontera-norte-de-mexico\/\" \/>\n<meta property=\"og:site_name\" content=\"Books From Mexico\" \/>\n<meta property=\"article:modified_time\" content=\"2025-04-21T17:31:24+00:00\" \/>\n<meta property=\"og:image\" content=\"http:\/\/booksfrommexico.com\/app\/uploads\/2024\/05\/199550-1.jpeg\" \/>\n\t<meta property=\"og:image:width\" content=\"230\" \/>\n\t<meta property=\"og:image:height\" content=\"408\" \/>\n\t<meta property=\"og:image:type\" content=\"image\/jpeg\" \/>\n<meta name=\"twitter:card\" content=\"summary_large_image\" \/>\n<meta name=\"twitter:label1\" content=\"Tiempo de lectura\" \/>\n\t<meta name=\"twitter:data1\" content=\"1 minuto\" \/>\n<script type=\"application\/ld+json\" class=\"yoast-schema-graph\">{\"@context\":\"https:\\\/\\\/schema.org\",\"@graph\":[{\"@type\":\"WebPage\",\"@id\":\"https:\\\/\\\/booksfrommexico.com\\\/es\\\/producto\\\/trabajadores-sindicatos-y-activistas-en-la-frontera-norte-de-mexico\\\/\",\"url\":\"https:\\\/\\\/booksfrommexico.com\\\/es\\\/producto\\\/trabajadores-sindicatos-y-activistas-en-la-frontera-norte-de-mexico\\\/\",\"name\":\"Vicisitudes, aportes y dilemas del contrapoder - Books From Mexico\",\"isPartOf\":{\"@id\":\"https:\\\/\\\/booksfrommexico.com\\\/#website\"},\"primaryImageOfPage\":{\"@id\":\"https:\\\/\\\/booksfrommexico.com\\\/es\\\/producto\\\/trabajadores-sindicatos-y-activistas-en-la-frontera-norte-de-mexico\\\/#primaryimage\"},\"image\":{\"@id\":\"https:\\\/\\\/booksfrommexico.com\\\/es\\\/producto\\\/trabajadores-sindicatos-y-activistas-en-la-frontera-norte-de-mexico\\\/#primaryimage\"},\"thumbnailUrl\":\"https:\\\/\\\/booksfrommexico.com\\\/app\\\/uploads\\\/2024\\\/05\\\/199550-1.jpeg\",\"datePublished\":\"2024-05-28T22:34:53+00:00\",\"dateModified\":\"2025-04-21T17:31:24+00:00\",\"breadcrumb\":{\"@id\":\"https:\\\/\\\/booksfrommexico.com\\\/es\\\/producto\\\/trabajadores-sindicatos-y-activistas-en-la-frontera-norte-de-mexico\\\/#breadcrumb\"},\"inLanguage\":\"es\",\"potentialAction\":[{\"@type\":\"ReadAction\",\"target\":[\"https:\\\/\\\/booksfrommexico.com\\\/es\\\/producto\\\/trabajadores-sindicatos-y-activistas-en-la-frontera-norte-de-mexico\\\/\"]}]},{\"@type\":\"ImageObject\",\"inLanguage\":\"es\",\"@id\":\"https:\\\/\\\/booksfrommexico.com\\\/es\\\/producto\\\/trabajadores-sindicatos-y-activistas-en-la-frontera-norte-de-mexico\\\/#primaryimage\",\"url\":\"https:\\\/\\\/booksfrommexico.com\\\/app\\\/uploads\\\/2024\\\/05\\\/199550-1.jpeg\",\"contentUrl\":\"https:\\\/\\\/booksfrommexico.com\\\/app\\\/uploads\\\/2024\\\/05\\\/199550-1.jpeg\",\"width\":230,\"height\":408,\"caption\":\"Vicisitudes, aportes y dilemas del contrapoder\"},{\"@type\":\"BreadcrumbList\",\"@id\":\"https:\\\/\\\/booksfrommexico.com\\\/es\\\/producto\\\/trabajadores-sindicatos-y-activistas-en-la-frontera-norte-de-mexico\\\/#breadcrumb\",\"itemListElement\":[{\"@type\":\"ListItem\",\"position\":1,\"name\":\"Home\",\"item\":\"https:\\\/\\\/booksfrommexico.com\\\/es\\\/\"},{\"@type\":\"ListItem\",\"position\":2,\"name\":\"Libros\",\"item\":\"https:\\\/\\\/booksfrommexico.com\\\/es\\\/libros\\\/\"},{\"@type\":\"ListItem\",\"position\":3,\"name\":\"Vicisitudes, aportes y dilemas del contrapoder\"}]},{\"@type\":\"WebSite\",\"@id\":\"https:\\\/\\\/booksfrommexico.com\\\/#website\",\"url\":\"https:\\\/\\\/booksfrommexico.com\\\/\",\"name\":\"Books From Mexico\",\"description\":\"\",\"publisher\":{\"@id\":\"https:\\\/\\\/booksfrommexico.com\\\/#organization\"},\"potentialAction\":[{\"@type\":\"SearchAction\",\"target\":{\"@type\":\"EntryPoint\",\"urlTemplate\":\"https:\\\/\\\/booksfrommexico.com\\\/?s={search_term_string}\"},\"query-input\":{\"@type\":\"PropertyValueSpecification\",\"valueRequired\":true,\"valueName\":\"search_term_string\"}}],\"inLanguage\":\"es\"},{\"@type\":\"Organization\",\"@id\":\"https:\\\/\\\/booksfrommexico.com\\\/#organization\",\"name\":\"Books From Mexico\",\"url\":\"https:\\\/\\\/booksfrommexico.com\\\/\",\"logo\":{\"@type\":\"ImageObject\",\"inLanguage\":\"es\",\"@id\":\"https:\\\/\\\/booksfrommexico.com\\\/#\\\/schema\\\/logo\\\/image\\\/\",\"url\":\"https:\\\/\\\/booksfrommexico.com\\\/app\\\/uploads\\\/2023\\\/05\\\/logo-booksfrommexico.svg\",\"contentUrl\":\"https:\\\/\\\/booksfrommexico.com\\\/app\\\/uploads\\\/2023\\\/05\\\/logo-booksfrommexico.svg\",\"width\":86,\"height\":56,\"caption\":\"Books From Mexico\"},\"image\":{\"@id\":\"https:\\\/\\\/booksfrommexico.com\\\/#\\\/schema\\\/logo\\\/image\\\/\"}}]}<\/script>\n<!-- \/ Yoast SEO plugin. -->","yoast_head_json":{"title":"Vicisitudes, aportes y dilemas del contrapoder - Books From Mexico","robots":{"index":"index","follow":"follow","max-snippet":"max-snippet:-1","max-image-preview":"max-image-preview:large","max-video-preview":"max-video-preview:-1"},"canonical":"https:\/\/booksfrommexico.com\/es\/producto\/trabajadores-sindicatos-y-activistas-en-la-frontera-norte-de-mexico\/","og_locale":"es_ES","og_type":"article","og_title":"Vicisitudes, aportes y dilemas del contrapoder - Books From Mexico","og_description":"VICISITUDES, APORTES Y DILEMAS DEL CONTRAPODER. \/ Roberto Mora Mart\u00ednez (coordinador). Mora Mart\u00ednez, Roberto, editor. Ciudad de M\u00e9xico, M\u00e9xico : Universidad Aut\u00f3noma de M\u00e9xico, Centro de Investigaciones sobre Am\u00e9rica Latina y el Caribe, 2022. 230 pages; 23 cm. Includes bibliographical references. Bibliography at the end of each chapter. 9786073065320 ; 6073065329. Investigates central theme of counterpower, closely intertwined with one of the most significant concepts in political philosophy: power itself, initially referring to the capacity to accomplish something. Reviews how human beings are permeated by power relations, and consequently, the tendencies to control and impose ones will also manifest in social organizations of alternative power. Throughout history, various actions, intentions, tendencies, and attitudes, which are habitual behaviors, emerge despite different circumstances. Their underlying intention is to wield power, even when fighting against detrimental political imposition. Comprehensive analysis of the multifaceted dimensions of counterpower within the context of political philosophy, shedding light on its complexities, contributions, and dilemmas.","og_url":"https:\/\/booksfrommexico.com\/es\/producto\/trabajadores-sindicatos-y-activistas-en-la-frontera-norte-de-mexico\/","og_site_name":"Books From Mexico","article_modified_time":"2025-04-21T17:31:24+00:00","og_image":[{"width":230,"height":408,"url":"http:\/\/booksfrommexico.com\/app\/uploads\/2024\/05\/199550-1.jpeg","type":"image\/jpeg"}],"twitter_card":"summary_large_image","twitter_misc":{"Tiempo de lectura":"1 minuto"},"schema":{"@context":"https:\/\/schema.org","@graph":[{"@type":"WebPage","@id":"https:\/\/booksfrommexico.com\/es\/producto\/trabajadores-sindicatos-y-activistas-en-la-frontera-norte-de-mexico\/","url":"https:\/\/booksfrommexico.com\/es\/producto\/trabajadores-sindicatos-y-activistas-en-la-frontera-norte-de-mexico\/","name":"Vicisitudes, aportes y dilemas del contrapoder - Books From Mexico","isPartOf":{"@id":"https:\/\/booksfrommexico.com\/#website"},"primaryImageOfPage":{"@id":"https:\/\/booksfrommexico.com\/es\/producto\/trabajadores-sindicatos-y-activistas-en-la-frontera-norte-de-mexico\/#primaryimage"},"image":{"@id":"https:\/\/booksfrommexico.com\/es\/producto\/trabajadores-sindicatos-y-activistas-en-la-frontera-norte-de-mexico\/#primaryimage"},"thumbnailUrl":"https:\/\/booksfrommexico.com\/app\/uploads\/2024\/05\/199550-1.jpeg","datePublished":"2024-05-28T22:34:53+00:00","dateModified":"2025-04-21T17:31:24+00:00","breadcrumb":{"@id":"https:\/\/booksfrommexico.com\/es\/producto\/trabajadores-sindicatos-y-activistas-en-la-frontera-norte-de-mexico\/#breadcrumb"},"inLanguage":"es","potentialAction":[{"@type":"ReadAction","target":["https:\/\/booksfrommexico.com\/es\/producto\/trabajadores-sindicatos-y-activistas-en-la-frontera-norte-de-mexico\/"]}]},{"@type":"ImageObject","inLanguage":"es","@id":"https:\/\/booksfrommexico.com\/es\/producto\/trabajadores-sindicatos-y-activistas-en-la-frontera-norte-de-mexico\/#primaryimage","url":"https:\/\/booksfrommexico.com\/app\/uploads\/2024\/05\/199550-1.jpeg","contentUrl":"https:\/\/booksfrommexico.com\/app\/uploads\/2024\/05\/199550-1.jpeg","width":230,"height":408,"caption":"Vicisitudes, aportes y dilemas del contrapoder"},{"@type":"BreadcrumbList","@id":"https:\/\/booksfrommexico.com\/es\/producto\/trabajadores-sindicatos-y-activistas-en-la-frontera-norte-de-mexico\/#breadcrumb","itemListElement":[{"@type":"ListItem","position":1,"name":"Home","item":"https:\/\/booksfrommexico.com\/es\/"},{"@type":"ListItem","position":2,"name":"Libros","item":"https:\/\/booksfrommexico.com\/es\/libros\/"},{"@type":"ListItem","position":3,"name":"Vicisitudes, aportes y dilemas del contrapoder"}]},{"@type":"WebSite","@id":"https:\/\/booksfrommexico.com\/#website","url":"https:\/\/booksfrommexico.com\/","name":"Books From Mexico","description":"","publisher":{"@id":"https:\/\/booksfrommexico.com\/#organization"},"potentialAction":[{"@type":"SearchAction","target":{"@type":"EntryPoint","urlTemplate":"https:\/\/booksfrommexico.com\/?s={search_term_string}"},"query-input":{"@type":"PropertyValueSpecification","valueRequired":true,"valueName":"search_term_string"}}],"inLanguage":"es"},{"@type":"Organization","@id":"https:\/\/booksfrommexico.com\/#organization","name":"Books From Mexico","url":"https:\/\/booksfrommexico.com\/","logo":{"@type":"ImageObject","inLanguage":"es","@id":"https:\/\/booksfrommexico.com\/#\/schema\/logo\/image\/","url":"https:\/\/booksfrommexico.com\/app\/uploads\/2023\/05\/logo-booksfrommexico.svg","contentUrl":"https:\/\/booksfrommexico.com\/app\/uploads\/2023\/05\/logo-booksfrommexico.svg","width":86,"height":56,"caption":"Books From Mexico"},"image":{"@id":"https:\/\/booksfrommexico.com\/#\/schema\/logo\/image\/"}}]}},"_links":{"self":[{"href":"https:\/\/booksfrommexico.com\/es\/wp-json\/wp\/v2\/product\/6601","targetHints":{"allow":["GET"]}}],"collection":[{"href":"https:\/\/booksfrommexico.com\/es\/wp-json\/wp\/v2\/product"}],"about":[{"href":"https:\/\/booksfrommexico.com\/es\/wp-json\/wp\/v2\/types\/product"}],"wp:featuredmedia":[{"embeddable":true,"href":"https:\/\/booksfrommexico.com\/es\/wp-json\/wp\/v2\/media\/6825"}],"wp:attachment":[{"href":"https:\/\/booksfrommexico.com\/es\/wp-json\/wp\/v2\/media?parent=6601"}],"wp:term":[{"taxonomy":"product_brand","embeddable":true,"href":"https:\/\/booksfrommexico.com\/es\/wp-json\/wp\/v2\/product_brand?post=6601"},{"taxonomy":"product_cat","embeddable":true,"href":"https:\/\/booksfrommexico.com\/es\/wp-json\/wp\/v2\/product_cat?post=6601"},{"taxonomy":"product_tag","embeddable":true,"href":"https:\/\/booksfrommexico.com\/es\/wp-json\/wp\/v2\/product_tag?post=6601"}],"curies":[{"name":"wp","href":"https:\/\/api.w.org\/{rel}","templated":true}]}}