{"id":6605,"date":"2024-05-28T22:34:54","date_gmt":"2024-05-28T22:34:54","guid":{"rendered":"https:\/\/booksfrommexico.com\/product\/la-agenda-2030-en-la-frontera-norte-gobernanza-politicas-publicas-y-derechos-humanos\/"},"modified":"2025-04-21T17:32:37","modified_gmt":"2025-04-21T17:32:37","slug":"la-agenda-2030-en-la-frontera-norte-gobernanza-politicas-publicas-y-derechos-humanos","status":"publish","type":"product","link":"https:\/\/booksfrommexico.com\/es\/producto\/la-agenda-2030-en-la-frontera-norte-gobernanza-politicas-publicas-y-derechos-humanos\/","title":{"rendered":"La agenda 2030 en la frontera norte: gobernanza, pol\u00edticas p\u00fablicas y derechos humanos"},"content":{"rendered":"<p><span style=\"font-weight: 400;\">En relaci\u00f3n a la Agenda 2030 en la frontera de M\u00e9xico, se presentan aqu\u00ed algunos avances desde la perspectiva de la gobernanza, las pol\u00edticas p\u00fablicas y los derechos humanos, con el prop\u00f3sito general de analizar la vigencia, aporte e impacto de los Objetivos de Desarrollo Sostenible (ODS). En este t\u00edtulo se muestra la necesidad de consolidar el alineamiento con los ODS a trav\u00e9s de una planificaci\u00f3n federal y estatal m\u00e1s adecuada en la frontera norte del pa\u00eds. Los coordinadores buscan hacer un llamado a la acci\u00f3n: \u201cUn reto importante para la frontera norte es que, si bien ha consolidado un desarrollo econ\u00f3mico, tiene el desaf\u00edo de promover un mayor bienestar y reducir las desigualdades sociales.\u201d<\/span><\/p>\n","protected":false},"excerpt":{"rendered":"<p>LA AGENDA 2030 EN LA FRONTERA NORTE : GOBERNANZA, POL\u00cdTICAS P\u00daBLICAS Y DERECHOS HUMANOS<span style=\"font-weight: 400;\">. \/ Artemisa L\u00f3pez Le\u00f3n, Jos\u00e9 Mar\u00eda Ramos Garc\u00eda, Marcos Sergio Reyes Santos (coordinators). Tijuana, Baja California, M\u00e9xico : El Colegio de la Frontera Norte, 2023. 173 pages : includes tables, bibliography at the end of each chapter ; 21 cm. ISBN : 9786074795219. <\/span><\/p>\n","protected":false},"featured_media":6841,"template":"","meta":{"_acf_changed":false,"inline_featured_image":false},"product_brand":[],"product_cat":[797],"product_tag":[3837,4411,4001,3627],"class_list":{"0":"post-6605","1":"product","2":"type-product","3":"status-publish","4":"has-post-thumbnail","6":"product_cat-politica-y-ciencia-politica","7":"product_tag-derechos-humanos","8":"product_tag-frontera-norte","9":"product_tag-leyes","10":"product_tag-politica-y-gobierno","12":"first","13":"outofstock","14":"taxable","15":"shipping-taxable","16":"purchasable","17":"product-type-simple"},"acf":[],"yoast_head":"<!-- This site is optimized with the Yoast SEO plugin v27.3 - https:\/\/yoast.com\/product\/yoast-seo-wordpress\/ -->\n<title>La agenda 2030 en la frontera norte<\/title>\n<meta name=\"description\" content=\"LA AGENDA 2030 EN LA FRONTERA NORTE : GOBERNANZA, POL\u00cdTICAS P\u00daBLICAS Y DERECHOS HUMANOS. \/ L\u00f3pez Le\u00f3n, Ramos Garc\u00eda, Reyes Santos (coordinators).\" \/>\n<meta name=\"robots\" content=\"index, follow, max-snippet:-1, max-image-preview:large, max-video-preview:-1\" \/>\n<link rel=\"canonical\" href=\"https:\/\/booksfrommexico.com\/es\/producto\/la-agenda-2030-en-la-frontera-norte-gobernanza-politicas-publicas-y-derechos-humanos\/\" \/>\n<meta property=\"og:locale\" content=\"es_ES\" \/>\n<meta property=\"og:type\" content=\"article\" \/>\n<meta property=\"og:title\" content=\"La agenda 2030 en la frontera norte\" \/>\n<meta property=\"og:description\" content=\"LA AGENDA 2030 EN LA FRONTERA NORTE : GOBERNANZA, POL\u00cdTICAS P\u00daBLICAS Y DERECHOS HUMANOS. \/ L\u00f3pez Le\u00f3n, Ramos Garc\u00eda, Reyes Santos (coordinators).\" \/>\n<meta property=\"og:url\" content=\"https:\/\/booksfrommexico.com\/es\/producto\/la-agenda-2030-en-la-frontera-norte-gobernanza-politicas-publicas-y-derechos-humanos\/\" \/>\n<meta property=\"og:site_name\" content=\"Books From Mexico\" \/>\n<meta property=\"article:modified_time\" content=\"2025-04-21T17:32:37+00:00\" \/>\n<meta property=\"og:image\" content=\"http:\/\/booksfrommexico.com\/app\/uploads\/2024\/05\/199825.jpeg\" \/>\n\t<meta property=\"og:image:width\" content=\"388\" \/>\n\t<meta property=\"og:image:height\" content=\"609\" \/>\n\t<meta property=\"og:image:type\" content=\"image\/jpeg\" \/>\n<meta name=\"twitter:card\" content=\"summary_large_image\" \/>\n<meta name=\"twitter:label1\" content=\"Tiempo de lectura\" \/>\n\t<meta name=\"twitter:data1\" content=\"1 minuto\" \/>\n<script type=\"application\/ld+json\" class=\"yoast-schema-graph\">{\"@context\":\"https:\\\/\\\/schema.org\",\"@graph\":[{\"@type\":\"WebPage\",\"@id\":\"https:\\\/\\\/booksfrommexico.com\\\/es\\\/producto\\\/la-agenda-2030-en-la-frontera-norte-gobernanza-politicas-publicas-y-derechos-humanos\\\/\",\"url\":\"https:\\\/\\\/booksfrommexico.com\\\/es\\\/producto\\\/la-agenda-2030-en-la-frontera-norte-gobernanza-politicas-publicas-y-derechos-humanos\\\/\",\"name\":\"La agenda 2030 en la frontera norte\",\"isPartOf\":{\"@id\":\"https:\\\/\\\/booksfrommexico.com\\\/#website\"},\"primaryImageOfPage\":{\"@id\":\"https:\\\/\\\/booksfrommexico.com\\\/es\\\/producto\\\/la-agenda-2030-en-la-frontera-norte-gobernanza-politicas-publicas-y-derechos-humanos\\\/#primaryimage\"},\"image\":{\"@id\":\"https:\\\/\\\/booksfrommexico.com\\\/es\\\/producto\\\/la-agenda-2030-en-la-frontera-norte-gobernanza-politicas-publicas-y-derechos-humanos\\\/#primaryimage\"},\"thumbnailUrl\":\"https:\\\/\\\/booksfrommexico.com\\\/app\\\/uploads\\\/2024\\\/05\\\/199825.jpeg\",\"datePublished\":\"2024-05-28T22:34:54+00:00\",\"dateModified\":\"2025-04-21T17:32:37+00:00\",\"description\":\"LA AGENDA 2030 EN LA FRONTERA NORTE : GOBERNANZA, POL\u00cdTICAS P\u00daBLICAS Y DERECHOS HUMANOS. \\\/ L\u00f3pez Le\u00f3n, Ramos Garc\u00eda, Reyes Santos (coordinators).\",\"breadcrumb\":{\"@id\":\"https:\\\/\\\/booksfrommexico.com\\\/es\\\/producto\\\/la-agenda-2030-en-la-frontera-norte-gobernanza-politicas-publicas-y-derechos-humanos\\\/#breadcrumb\"},\"inLanguage\":\"es\",\"potentialAction\":[{\"@type\":\"ReadAction\",\"target\":[\"https:\\\/\\\/booksfrommexico.com\\\/es\\\/producto\\\/la-agenda-2030-en-la-frontera-norte-gobernanza-politicas-publicas-y-derechos-humanos\\\/\"]}]},{\"@type\":\"ImageObject\",\"inLanguage\":\"es\",\"@id\":\"https:\\\/\\\/booksfrommexico.com\\\/es\\\/producto\\\/la-agenda-2030-en-la-frontera-norte-gobernanza-politicas-publicas-y-derechos-humanos\\\/#primaryimage\",\"url\":\"https:\\\/\\\/booksfrommexico.com\\\/app\\\/uploads\\\/2024\\\/05\\\/199825.jpeg\",\"contentUrl\":\"https:\\\/\\\/booksfrommexico.com\\\/app\\\/uploads\\\/2024\\\/05\\\/199825.jpeg\",\"width\":388,\"height\":609,\"caption\":\"La agenda 2030 en la frontera norte: gobernanza, pol\u00edticas p\u00fablicas y derechos humanos\"},{\"@type\":\"BreadcrumbList\",\"@id\":\"https:\\\/\\\/booksfrommexico.com\\\/es\\\/producto\\\/la-agenda-2030-en-la-frontera-norte-gobernanza-politicas-publicas-y-derechos-humanos\\\/#breadcrumb\",\"itemListElement\":[{\"@type\":\"ListItem\",\"position\":1,\"name\":\"Home\",\"item\":\"https:\\\/\\\/booksfrommexico.com\\\/es\\\/\"},{\"@type\":\"ListItem\",\"position\":2,\"name\":\"Libros\",\"item\":\"https:\\\/\\\/booksfrommexico.com\\\/es\\\/libros\\\/\"},{\"@type\":\"ListItem\",\"position\":3,\"name\":\"La agenda 2030 en la frontera norte: gobernanza, pol\u00edticas p\u00fablicas y derechos humanos\"}]},{\"@type\":\"WebSite\",\"@id\":\"https:\\\/\\\/booksfrommexico.com\\\/#website\",\"url\":\"https:\\\/\\\/booksfrommexico.com\\\/\",\"name\":\"Books From Mexico\",\"description\":\"\",\"publisher\":{\"@id\":\"https:\\\/\\\/booksfrommexico.com\\\/#organization\"},\"potentialAction\":[{\"@type\":\"SearchAction\",\"target\":{\"@type\":\"EntryPoint\",\"urlTemplate\":\"https:\\\/\\\/booksfrommexico.com\\\/?s={search_term_string}\"},\"query-input\":{\"@type\":\"PropertyValueSpecification\",\"valueRequired\":true,\"valueName\":\"search_term_string\"}}],\"inLanguage\":\"es\"},{\"@type\":\"Organization\",\"@id\":\"https:\\\/\\\/booksfrommexico.com\\\/#organization\",\"name\":\"Books From Mexico\",\"url\":\"https:\\\/\\\/booksfrommexico.com\\\/\",\"logo\":{\"@type\":\"ImageObject\",\"inLanguage\":\"es\",\"@id\":\"https:\\\/\\\/booksfrommexico.com\\\/#\\\/schema\\\/logo\\\/image\\\/\",\"url\":\"https:\\\/\\\/booksfrommexico.com\\\/app\\\/uploads\\\/2023\\\/05\\\/logo-booksfrommexico.svg\",\"contentUrl\":\"https:\\\/\\\/booksfrommexico.com\\\/app\\\/uploads\\\/2023\\\/05\\\/logo-booksfrommexico.svg\",\"width\":86,\"height\":56,\"caption\":\"Books From Mexico\"},\"image\":{\"@id\":\"https:\\\/\\\/booksfrommexico.com\\\/#\\\/schema\\\/logo\\\/image\\\/\"}}]}<\/script>\n<!-- \/ Yoast SEO plugin. -->","yoast_head_json":{"title":"La agenda 2030 en la frontera norte","description":"LA AGENDA 2030 EN LA FRONTERA NORTE : GOBERNANZA, POL\u00cdTICAS P\u00daBLICAS Y DERECHOS HUMANOS. \/ L\u00f3pez Le\u00f3n, Ramos Garc\u00eda, Reyes Santos (coordinators).","robots":{"index":"index","follow":"follow","max-snippet":"max-snippet:-1","max-image-preview":"max-image-preview:large","max-video-preview":"max-video-preview:-1"},"canonical":"https:\/\/booksfrommexico.com\/es\/producto\/la-agenda-2030-en-la-frontera-norte-gobernanza-politicas-publicas-y-derechos-humanos\/","og_locale":"es_ES","og_type":"article","og_title":"La agenda 2030 en la frontera norte","og_description":"LA AGENDA 2030 EN LA FRONTERA NORTE : GOBERNANZA, POL\u00cdTICAS P\u00daBLICAS Y DERECHOS HUMANOS. \/ L\u00f3pez Le\u00f3n, Ramos Garc\u00eda, Reyes Santos (coordinators).","og_url":"https:\/\/booksfrommexico.com\/es\/producto\/la-agenda-2030-en-la-frontera-norte-gobernanza-politicas-publicas-y-derechos-humanos\/","og_site_name":"Books From Mexico","article_modified_time":"2025-04-21T17:32:37+00:00","og_image":[{"width":388,"height":609,"url":"http:\/\/booksfrommexico.com\/app\/uploads\/2024\/05\/199825.jpeg","type":"image\/jpeg"}],"twitter_card":"summary_large_image","twitter_misc":{"Tiempo de lectura":"1 minuto"},"schema":{"@context":"https:\/\/schema.org","@graph":[{"@type":"WebPage","@id":"https:\/\/booksfrommexico.com\/es\/producto\/la-agenda-2030-en-la-frontera-norte-gobernanza-politicas-publicas-y-derechos-humanos\/","url":"https:\/\/booksfrommexico.com\/es\/producto\/la-agenda-2030-en-la-frontera-norte-gobernanza-politicas-publicas-y-derechos-humanos\/","name":"La agenda 2030 en la frontera norte","isPartOf":{"@id":"https:\/\/booksfrommexico.com\/#website"},"primaryImageOfPage":{"@id":"https:\/\/booksfrommexico.com\/es\/producto\/la-agenda-2030-en-la-frontera-norte-gobernanza-politicas-publicas-y-derechos-humanos\/#primaryimage"},"image":{"@id":"https:\/\/booksfrommexico.com\/es\/producto\/la-agenda-2030-en-la-frontera-norte-gobernanza-politicas-publicas-y-derechos-humanos\/#primaryimage"},"thumbnailUrl":"https:\/\/booksfrommexico.com\/app\/uploads\/2024\/05\/199825.jpeg","datePublished":"2024-05-28T22:34:54+00:00","dateModified":"2025-04-21T17:32:37+00:00","description":"LA AGENDA 2030 EN LA FRONTERA NORTE : GOBERNANZA, POL\u00cdTICAS P\u00daBLICAS Y DERECHOS HUMANOS. \/ L\u00f3pez Le\u00f3n, Ramos Garc\u00eda, Reyes Santos (coordinators).","breadcrumb":{"@id":"https:\/\/booksfrommexico.com\/es\/producto\/la-agenda-2030-en-la-frontera-norte-gobernanza-politicas-publicas-y-derechos-humanos\/#breadcrumb"},"inLanguage":"es","potentialAction":[{"@type":"ReadAction","target":["https:\/\/booksfrommexico.com\/es\/producto\/la-agenda-2030-en-la-frontera-norte-gobernanza-politicas-publicas-y-derechos-humanos\/"]}]},{"@type":"ImageObject","inLanguage":"es","@id":"https:\/\/booksfrommexico.com\/es\/producto\/la-agenda-2030-en-la-frontera-norte-gobernanza-politicas-publicas-y-derechos-humanos\/#primaryimage","url":"https:\/\/booksfrommexico.com\/app\/uploads\/2024\/05\/199825.jpeg","contentUrl":"https:\/\/booksfrommexico.com\/app\/uploads\/2024\/05\/199825.jpeg","width":388,"height":609,"caption":"La agenda 2030 en la frontera norte: gobernanza, pol\u00edticas p\u00fablicas y derechos humanos"},{"@type":"BreadcrumbList","@id":"https:\/\/booksfrommexico.com\/es\/producto\/la-agenda-2030-en-la-frontera-norte-gobernanza-politicas-publicas-y-derechos-humanos\/#breadcrumb","itemListElement":[{"@type":"ListItem","position":1,"name":"Home","item":"https:\/\/booksfrommexico.com\/es\/"},{"@type":"ListItem","position":2,"name":"Libros","item":"https:\/\/booksfrommexico.com\/es\/libros\/"},{"@type":"ListItem","position":3,"name":"La agenda 2030 en la frontera norte: gobernanza, pol\u00edticas p\u00fablicas y derechos humanos"}]},{"@type":"WebSite","@id":"https:\/\/booksfrommexico.com\/#website","url":"https:\/\/booksfrommexico.com\/","name":"Books From Mexico","description":"","publisher":{"@id":"https:\/\/booksfrommexico.com\/#organization"},"potentialAction":[{"@type":"SearchAction","target":{"@type":"EntryPoint","urlTemplate":"https:\/\/booksfrommexico.com\/?s={search_term_string}"},"query-input":{"@type":"PropertyValueSpecification","valueRequired":true,"valueName":"search_term_string"}}],"inLanguage":"es"},{"@type":"Organization","@id":"https:\/\/booksfrommexico.com\/#organization","name":"Books From Mexico","url":"https:\/\/booksfrommexico.com\/","logo":{"@type":"ImageObject","inLanguage":"es","@id":"https:\/\/booksfrommexico.com\/#\/schema\/logo\/image\/","url":"https:\/\/booksfrommexico.com\/app\/uploads\/2023\/05\/logo-booksfrommexico.svg","contentUrl":"https:\/\/booksfrommexico.com\/app\/uploads\/2023\/05\/logo-booksfrommexico.svg","width":86,"height":56,"caption":"Books From Mexico"},"image":{"@id":"https:\/\/booksfrommexico.com\/#\/schema\/logo\/image\/"}}]}},"_links":{"self":[{"href":"https:\/\/booksfrommexico.com\/es\/wp-json\/wp\/v2\/product\/6605","targetHints":{"allow":["GET"]}}],"collection":[{"href":"https:\/\/booksfrommexico.com\/es\/wp-json\/wp\/v2\/product"}],"about":[{"href":"https:\/\/booksfrommexico.com\/es\/wp-json\/wp\/v2\/types\/product"}],"wp:featuredmedia":[{"embeddable":true,"href":"https:\/\/booksfrommexico.com\/es\/wp-json\/wp\/v2\/media\/6841"}],"wp:attachment":[{"href":"https:\/\/booksfrommexico.com\/es\/wp-json\/wp\/v2\/media?parent=6605"}],"wp:term":[{"taxonomy":"product_brand","embeddable":true,"href":"https:\/\/booksfrommexico.com\/es\/wp-json\/wp\/v2\/product_brand?post=6605"},{"taxonomy":"product_cat","embeddable":true,"href":"https:\/\/booksfrommexico.com\/es\/wp-json\/wp\/v2\/product_cat?post=6605"},{"taxonomy":"product_tag","embeddable":true,"href":"https:\/\/booksfrommexico.com\/es\/wp-json\/wp\/v2\/product_tag?post=6605"}],"curies":[{"name":"wp","href":"https:\/\/api.w.org\/{rel}","templated":true}]}}