{"id":6607,"date":"2024-05-28T22:34:54","date_gmt":"2024-05-28T22:34:54","guid":{"rendered":"https:\/\/booksfrommexico.com\/product\/perdigones\/"},"modified":"2024-07-31T22:02:56","modified_gmt":"2024-07-31T22:02:56","slug":"perdigones","status":"publish","type":"product","link":"https:\/\/booksfrommexico.com\/es\/producto\/perdigones\/","title":{"rendered":"Perdigones: Apuntes sobre la novela criminal norfronteriza"},"content":{"rendered":"<p><span style=\"font-weight: 400;\">Esta obra es ganadora en la categor\u00eda de Divulgaci\u00f3n Cultural del Programa de Publicaciones Colecci\u00f3n Editorial Cecut 2021, habiendo sido destacada por el jurado debido a la claridad de su exposici\u00f3n, la originalidad con que aborda y actualiza una tem\u00e1tica previamente tratada en diversos trabajos literarios y acad\u00e9micos. Jos\u00e9 Salvador Ruiz M\u00e9ndez es doctor en literatura por la Universidad de California y ha publicado art\u00edculos acad\u00e9micos en revistas de M\u00e9xico, Estados Unidos, Chile y Argentina. Con este t\u00edtulo se crea una cartograf\u00eda del g\u00e9nero criminal en la literatura que se est\u00e1 ambientando en la frontera norte de M\u00e9xico, as\u00ed como la fuerza conceptual y el tejido documental hist\u00f3rico que sostienen a la obra. <\/span><\/p>\n","protected":false},"excerpt":{"rendered":"<p>PERDIGONES : APUNTES SOBRE LA NOVELA CRIMINAL NORFRONTERIZA<span style=\"font-weight: 400;\">. \/ Jos\u00e9 Salvador Ruiz M\u00e9ndez. M\u00e9xico, Tijuana : Gobierno de M\u00e9xico, Secretar\u00eda de Cultura, Centro Cultural Tijuana, 2022. 180 pages : includes references, bibliography at the end of each chapter ; 20 cm. (Colecci\u00f3n Divulgaci\u00f3n Cultural 2021.) ISBN : 9786076311721. <\/span><\/p>\n","protected":false},"featured_media":6853,"template":"","meta":{"_acf_changed":false,"inline_featured_image":false},"product_brand":[],"product_cat":[4393,25],"product_tag":[3707,4411,4124],"class_list":{"0":"post-6607","1":"product","2":"type-product","3":"status-publish","4":"has-post-thumbnail","6":"product_cat-analisis-literario","7":"product_cat-literatura","8":"product_tag-critica-e-interpretacion","9":"product_tag-frontera-norte","10":"product_tag-literatura-es","12":"first","13":"outofstock","14":"taxable","15":"shipping-taxable","16":"purchasable","17":"product-type-simple"},"acf":[],"yoast_head":"<!-- This site is optimized with the Yoast SEO plugin v27.3 - https:\/\/yoast.com\/product\/yoast-seo-wordpress\/ -->\n<title>Perdigones: Apuntes sobre la novela criminal norfronteriza<\/title>\n<meta name=\"description\" content=\"PERDIGONES : APUNTES SOBRE LA NOVELA CRIMINAL NORFRONTERIZA. \/ Jos\u00e9 Salvador Ruiz M\u00e9ndez. (Colecci\u00f3n Divulgaci\u00f3n Cultural 2021.) ISBN : 9786076311721.\" \/>\n<meta name=\"robots\" content=\"index, follow, max-snippet:-1, max-image-preview:large, max-video-preview:-1\" \/>\n<link rel=\"canonical\" href=\"https:\/\/booksfrommexico.com\/es\/producto\/perdigones\/\" \/>\n<meta property=\"og:locale\" content=\"es_ES\" \/>\n<meta property=\"og:type\" content=\"article\" \/>\n<meta property=\"og:title\" content=\"Perdigones: Apuntes sobre la novela criminal norfronteriza\" \/>\n<meta property=\"og:description\" content=\"PERDIGONES : APUNTES SOBRE LA NOVELA CRIMINAL NORFRONTERIZA. \/ Jos\u00e9 Salvador Ruiz M\u00e9ndez. (Colecci\u00f3n Divulgaci\u00f3n Cultural 2021.) ISBN : 9786076311721.\" \/>\n<meta property=\"og:url\" content=\"https:\/\/booksfrommexico.com\/es\/producto\/perdigones\/\" \/>\n<meta property=\"og:site_name\" content=\"Books From Mexico\" \/>\n<meta property=\"article:modified_time\" content=\"2024-07-31T22:02:56+00:00\" \/>\n<meta property=\"og:image\" content=\"http:\/\/booksfrommexico.com\/app\/uploads\/2024\/05\/199862.jpeg\" \/>\n\t<meta property=\"og:image:width\" content=\"371\" \/>\n\t<meta property=\"og:image:height\" content=\"579\" \/>\n\t<meta property=\"og:image:type\" content=\"image\/jpeg\" \/>\n<meta name=\"twitter:card\" content=\"summary_large_image\" \/>\n<meta name=\"twitter:label1\" content=\"Tiempo de lectura\" \/>\n\t<meta name=\"twitter:data1\" content=\"1 minuto\" \/>\n<script type=\"application\/ld+json\" class=\"yoast-schema-graph\">{\"@context\":\"https:\\\/\\\/schema.org\",\"@graph\":[{\"@type\":\"WebPage\",\"@id\":\"https:\\\/\\\/booksfrommexico.com\\\/es\\\/producto\\\/perdigones\\\/\",\"url\":\"https:\\\/\\\/booksfrommexico.com\\\/es\\\/producto\\\/perdigones\\\/\",\"name\":\"Perdigones: Apuntes sobre la novela criminal norfronteriza\",\"isPartOf\":{\"@id\":\"https:\\\/\\\/booksfrommexico.com\\\/#website\"},\"primaryImageOfPage\":{\"@id\":\"https:\\\/\\\/booksfrommexico.com\\\/es\\\/producto\\\/perdigones\\\/#primaryimage\"},\"image\":{\"@id\":\"https:\\\/\\\/booksfrommexico.com\\\/es\\\/producto\\\/perdigones\\\/#primaryimage\"},\"thumbnailUrl\":\"https:\\\/\\\/booksfrommexico.com\\\/app\\\/uploads\\\/2024\\\/05\\\/199862.jpeg\",\"datePublished\":\"2024-05-28T22:34:54+00:00\",\"dateModified\":\"2024-07-31T22:02:56+00:00\",\"description\":\"PERDIGONES : APUNTES SOBRE LA NOVELA CRIMINAL NORFRONTERIZA. \\\/ Jos\u00e9 Salvador Ruiz M\u00e9ndez. (Colecci\u00f3n Divulgaci\u00f3n Cultural 2021.) ISBN : 9786076311721.\",\"breadcrumb\":{\"@id\":\"https:\\\/\\\/booksfrommexico.com\\\/es\\\/producto\\\/perdigones\\\/#breadcrumb\"},\"inLanguage\":\"es\",\"potentialAction\":[{\"@type\":\"ReadAction\",\"target\":[\"https:\\\/\\\/booksfrommexico.com\\\/es\\\/producto\\\/perdigones\\\/\"]}]},{\"@type\":\"ImageObject\",\"inLanguage\":\"es\",\"@id\":\"https:\\\/\\\/booksfrommexico.com\\\/es\\\/producto\\\/perdigones\\\/#primaryimage\",\"url\":\"https:\\\/\\\/booksfrommexico.com\\\/app\\\/uploads\\\/2024\\\/05\\\/199862.jpeg\",\"contentUrl\":\"https:\\\/\\\/booksfrommexico.com\\\/app\\\/uploads\\\/2024\\\/05\\\/199862.jpeg\",\"width\":371,\"height\":579,\"caption\":\"Perdigones\"},{\"@type\":\"BreadcrumbList\",\"@id\":\"https:\\\/\\\/booksfrommexico.com\\\/es\\\/producto\\\/perdigones\\\/#breadcrumb\",\"itemListElement\":[{\"@type\":\"ListItem\",\"position\":1,\"name\":\"Home\",\"item\":\"https:\\\/\\\/booksfrommexico.com\\\/es\\\/\"},{\"@type\":\"ListItem\",\"position\":2,\"name\":\"Libros\",\"item\":\"https:\\\/\\\/booksfrommexico.com\\\/es\\\/libros\\\/\"},{\"@type\":\"ListItem\",\"position\":3,\"name\":\"Perdigones: Apuntes sobre la novela criminal norfronteriza\"}]},{\"@type\":\"WebSite\",\"@id\":\"https:\\\/\\\/booksfrommexico.com\\\/#website\",\"url\":\"https:\\\/\\\/booksfrommexico.com\\\/\",\"name\":\"Books From Mexico\",\"description\":\"\",\"publisher\":{\"@id\":\"https:\\\/\\\/booksfrommexico.com\\\/#organization\"},\"potentialAction\":[{\"@type\":\"SearchAction\",\"target\":{\"@type\":\"EntryPoint\",\"urlTemplate\":\"https:\\\/\\\/booksfrommexico.com\\\/?s={search_term_string}\"},\"query-input\":{\"@type\":\"PropertyValueSpecification\",\"valueRequired\":true,\"valueName\":\"search_term_string\"}}],\"inLanguage\":\"es\"},{\"@type\":\"Organization\",\"@id\":\"https:\\\/\\\/booksfrommexico.com\\\/#organization\",\"name\":\"Books From Mexico\",\"url\":\"https:\\\/\\\/booksfrommexico.com\\\/\",\"logo\":{\"@type\":\"ImageObject\",\"inLanguage\":\"es\",\"@id\":\"https:\\\/\\\/booksfrommexico.com\\\/#\\\/schema\\\/logo\\\/image\\\/\",\"url\":\"https:\\\/\\\/booksfrommexico.com\\\/app\\\/uploads\\\/2023\\\/05\\\/logo-booksfrommexico.svg\",\"contentUrl\":\"https:\\\/\\\/booksfrommexico.com\\\/app\\\/uploads\\\/2023\\\/05\\\/logo-booksfrommexico.svg\",\"width\":86,\"height\":56,\"caption\":\"Books From Mexico\"},\"image\":{\"@id\":\"https:\\\/\\\/booksfrommexico.com\\\/#\\\/schema\\\/logo\\\/image\\\/\"}}]}<\/script>\n<!-- \/ Yoast SEO plugin. -->","yoast_head_json":{"title":"Perdigones: Apuntes sobre la novela criminal norfronteriza","description":"PERDIGONES : APUNTES SOBRE LA NOVELA CRIMINAL NORFRONTERIZA. \/ Jos\u00e9 Salvador Ruiz M\u00e9ndez. (Colecci\u00f3n Divulgaci\u00f3n Cultural 2021.) ISBN : 9786076311721.","robots":{"index":"index","follow":"follow","max-snippet":"max-snippet:-1","max-image-preview":"max-image-preview:large","max-video-preview":"max-video-preview:-1"},"canonical":"https:\/\/booksfrommexico.com\/es\/producto\/perdigones\/","og_locale":"es_ES","og_type":"article","og_title":"Perdigones: Apuntes sobre la novela criminal norfronteriza","og_description":"PERDIGONES : APUNTES SOBRE LA NOVELA CRIMINAL NORFRONTERIZA. \/ Jos\u00e9 Salvador Ruiz M\u00e9ndez. (Colecci\u00f3n Divulgaci\u00f3n Cultural 2021.) ISBN : 9786076311721.","og_url":"https:\/\/booksfrommexico.com\/es\/producto\/perdigones\/","og_site_name":"Books From Mexico","article_modified_time":"2024-07-31T22:02:56+00:00","og_image":[{"width":371,"height":579,"url":"http:\/\/booksfrommexico.com\/app\/uploads\/2024\/05\/199862.jpeg","type":"image\/jpeg"}],"twitter_card":"summary_large_image","twitter_misc":{"Tiempo de lectura":"1 minuto"},"schema":{"@context":"https:\/\/schema.org","@graph":[{"@type":"WebPage","@id":"https:\/\/booksfrommexico.com\/es\/producto\/perdigones\/","url":"https:\/\/booksfrommexico.com\/es\/producto\/perdigones\/","name":"Perdigones: Apuntes sobre la novela criminal norfronteriza","isPartOf":{"@id":"https:\/\/booksfrommexico.com\/#website"},"primaryImageOfPage":{"@id":"https:\/\/booksfrommexico.com\/es\/producto\/perdigones\/#primaryimage"},"image":{"@id":"https:\/\/booksfrommexico.com\/es\/producto\/perdigones\/#primaryimage"},"thumbnailUrl":"https:\/\/booksfrommexico.com\/app\/uploads\/2024\/05\/199862.jpeg","datePublished":"2024-05-28T22:34:54+00:00","dateModified":"2024-07-31T22:02:56+00:00","description":"PERDIGONES : APUNTES SOBRE LA NOVELA CRIMINAL NORFRONTERIZA. \/ Jos\u00e9 Salvador Ruiz M\u00e9ndez. (Colecci\u00f3n Divulgaci\u00f3n Cultural 2021.) ISBN : 9786076311721.","breadcrumb":{"@id":"https:\/\/booksfrommexico.com\/es\/producto\/perdigones\/#breadcrumb"},"inLanguage":"es","potentialAction":[{"@type":"ReadAction","target":["https:\/\/booksfrommexico.com\/es\/producto\/perdigones\/"]}]},{"@type":"ImageObject","inLanguage":"es","@id":"https:\/\/booksfrommexico.com\/es\/producto\/perdigones\/#primaryimage","url":"https:\/\/booksfrommexico.com\/app\/uploads\/2024\/05\/199862.jpeg","contentUrl":"https:\/\/booksfrommexico.com\/app\/uploads\/2024\/05\/199862.jpeg","width":371,"height":579,"caption":"Perdigones"},{"@type":"BreadcrumbList","@id":"https:\/\/booksfrommexico.com\/es\/producto\/perdigones\/#breadcrumb","itemListElement":[{"@type":"ListItem","position":1,"name":"Home","item":"https:\/\/booksfrommexico.com\/es\/"},{"@type":"ListItem","position":2,"name":"Libros","item":"https:\/\/booksfrommexico.com\/es\/libros\/"},{"@type":"ListItem","position":3,"name":"Perdigones: Apuntes sobre la novela criminal norfronteriza"}]},{"@type":"WebSite","@id":"https:\/\/booksfrommexico.com\/#website","url":"https:\/\/booksfrommexico.com\/","name":"Books From Mexico","description":"","publisher":{"@id":"https:\/\/booksfrommexico.com\/#organization"},"potentialAction":[{"@type":"SearchAction","target":{"@type":"EntryPoint","urlTemplate":"https:\/\/booksfrommexico.com\/?s={search_term_string}"},"query-input":{"@type":"PropertyValueSpecification","valueRequired":true,"valueName":"search_term_string"}}],"inLanguage":"es"},{"@type":"Organization","@id":"https:\/\/booksfrommexico.com\/#organization","name":"Books From Mexico","url":"https:\/\/booksfrommexico.com\/","logo":{"@type":"ImageObject","inLanguage":"es","@id":"https:\/\/booksfrommexico.com\/#\/schema\/logo\/image\/","url":"https:\/\/booksfrommexico.com\/app\/uploads\/2023\/05\/logo-booksfrommexico.svg","contentUrl":"https:\/\/booksfrommexico.com\/app\/uploads\/2023\/05\/logo-booksfrommexico.svg","width":86,"height":56,"caption":"Books From Mexico"},"image":{"@id":"https:\/\/booksfrommexico.com\/#\/schema\/logo\/image\/"}}]}},"_links":{"self":[{"href":"https:\/\/booksfrommexico.com\/es\/wp-json\/wp\/v2\/product\/6607","targetHints":{"allow":["GET"]}}],"collection":[{"href":"https:\/\/booksfrommexico.com\/es\/wp-json\/wp\/v2\/product"}],"about":[{"href":"https:\/\/booksfrommexico.com\/es\/wp-json\/wp\/v2\/types\/product"}],"wp:featuredmedia":[{"embeddable":true,"href":"https:\/\/booksfrommexico.com\/es\/wp-json\/wp\/v2\/media\/6853"}],"wp:attachment":[{"href":"https:\/\/booksfrommexico.com\/es\/wp-json\/wp\/v2\/media?parent=6607"}],"wp:term":[{"taxonomy":"product_brand","embeddable":true,"href":"https:\/\/booksfrommexico.com\/es\/wp-json\/wp\/v2\/product_brand?post=6607"},{"taxonomy":"product_cat","embeddable":true,"href":"https:\/\/booksfrommexico.com\/es\/wp-json\/wp\/v2\/product_cat?post=6607"},{"taxonomy":"product_tag","embeddable":true,"href":"https:\/\/booksfrommexico.com\/es\/wp-json\/wp\/v2\/product_tag?post=6607"}],"curies":[{"name":"wp","href":"https:\/\/api.w.org\/{rel}","templated":true}]}}