{"id":6608,"date":"2024-05-28T22:34:54","date_gmt":"2024-05-28T22:34:54","guid":{"rendered":"https:\/\/booksfrommexico.com\/product\/mirada-de-barro-cayuuya-bene\/"},"modified":"2024-07-31T21:59:57","modified_gmt":"2024-07-31T21:59:57","slug":"mirada-de-barro-cayuuya-bene","status":"publish","type":"product","link":"https:\/\/booksfrommexico.com\/es\/producto\/mirada-de-barro-cayuuya-bene\/","title":{"rendered":"Mirada de barro: Cayuuya&#8217; be\u00f1e"},"content":{"rendered":"<p><span style=\"font-weight: 400;\">La lengua del Istmo es considerada por sus hablantes como una \u201clengua de tierra\u201d que une a la palabra, el ser humano y el vivir en la misma tierra, conllevando adem\u00e1s un origen en com\u00fan que re\u00fane a la cultura, la tradici\u00f3n y la expresi\u00f3n. El t\u00edtulo de esta colecci\u00f3n de poemas hace alusi\u00f3n a una mirada profunda del ser \u2013en especial de los autores\u2013 cuestionando <\/span><i><span style=\"font-weight: 400;\">aquello <\/span><\/i><span style=\"font-weight: 400;\">que nos hace ser, <\/span><i><span style=\"font-weight: 400;\">qu\u00e9 <\/span><\/i><span style=\"font-weight: 400;\">es lo que nos moldea como seres humanos y <\/span><i><span style=\"font-weight: 400;\">c\u00f3mo <\/span><\/i><span style=\"font-weight: 400;\">est\u00e1 moldeada la vida; as\u00ed como retoma el barro como un material hecho de arena, de lo que un d\u00eda fueron rocas que se llamaron ancestros. Esta es una edici\u00f3n biling\u00fce espa\u00f1ol-zapoteco.<\/span><\/p>\n","protected":false},"excerpt":{"rendered":"<p>MIRADA DE BARRO : POEMARIO BILING\u00dcE ESPA\u00d1OL-ZAPOTECO \/ CAYUUYA&#8217; BE\u00d1E : : CHUPA DIIDXA&#8217; GUIE&#8217; L\u00da GUI&#8217;CHI&#8217; LIIBILISAA<span style=\"font-weight: 400;\">. \/ Alma Delia Cuevas Cabrera ; Odilio L\u00f3pez Ram\u00edrez (translator). Toluca, M\u00e9xico : Ediciones Voces Nuestras M\u00e9xico, 2023. 53 pages : includes photos, semblances\u00a0 ; 21 cm. (Colecci\u00f3n Descendientes).<\/span><\/p>\n","protected":false},"featured_media":6856,"template":"","meta":{"_acf_changed":false,"inline_featured_image":false},"product_brand":[],"product_cat":[25,32],"product_tag":[4382,4354,4115,4026],"class_list":{"0":"post-6608","1":"product","2":"type-product","3":"status-publish","4":"has-post-thumbnail","6":"product_cat-literatura","7":"product_cat-poesia-literatura","8":"product_tag-edicion-bilingue","9":"product_tag-istmo","10":"product_tag-poesia-es","11":"product_tag-poesia-en-lenguas-originarias","13":"first","14":"outofstock","15":"taxable","16":"shipping-taxable","17":"purchasable","18":"product-type-simple"},"acf":[],"yoast_head":"<!-- This site is optimized with the Yoast SEO plugin v27.3 - https:\/\/yoast.com\/product\/yoast-seo-wordpress\/ -->\n<title>Mirada de barro: Cayuuya&#039; be\u00f1e<\/title>\n<meta name=\"description\" content=\"MIRADA DE BARRO : POEMARIO BILING\u00dcE ESPA\u00d1OL-ZAPOTECO \/ CAYUUYA&#039; BE\u00d1E : CHUPA DIIDXA&#039; GUIE&#039; L\u00da GUI&#039;CHI&#039; LIIBILISAA. \/ Cuevas Cabrera ; L\u00f3pez Ram\u00edrez.\" \/>\n<meta name=\"robots\" content=\"index, follow, max-snippet:-1, max-image-preview:large, max-video-preview:-1\" \/>\n<link rel=\"canonical\" href=\"https:\/\/booksfrommexico.com\/es\/producto\/mirada-de-barro-cayuuya-bene\/\" \/>\n<meta property=\"og:locale\" content=\"es_ES\" \/>\n<meta property=\"og:type\" content=\"article\" \/>\n<meta property=\"og:title\" content=\"Mirada de barro: Cayuuya&#039; be\u00f1e\" \/>\n<meta property=\"og:description\" content=\"MIRADA DE BARRO : POEMARIO BILING\u00dcE ESPA\u00d1OL-ZAPOTECO \/ CAYUUYA&#039; BE\u00d1E : CHUPA DIIDXA&#039; GUIE&#039; L\u00da GUI&#039;CHI&#039; LIIBILISAA. \/ Cuevas Cabrera ; L\u00f3pez Ram\u00edrez.\" \/>\n<meta property=\"og:url\" content=\"https:\/\/booksfrommexico.com\/es\/producto\/mirada-de-barro-cayuuya-bene\/\" \/>\n<meta property=\"og:site_name\" content=\"Books From Mexico\" \/>\n<meta property=\"article:modified_time\" content=\"2024-07-31T21:59:57+00:00\" \/>\n<meta property=\"og:image\" content=\"http:\/\/booksfrommexico.com\/app\/uploads\/2024\/05\/199970.jpeg\" \/>\n\t<meta property=\"og:image:width\" content=\"387\" \/>\n\t<meta property=\"og:image:height\" content=\"600\" \/>\n\t<meta property=\"og:image:type\" content=\"image\/jpeg\" \/>\n<meta name=\"twitter:card\" content=\"summary_large_image\" \/>\n<meta name=\"twitter:label1\" content=\"Tiempo de lectura\" \/>\n\t<meta name=\"twitter:data1\" content=\"1 minuto\" \/>\n<script type=\"application\/ld+json\" class=\"yoast-schema-graph\">{\"@context\":\"https:\\\/\\\/schema.org\",\"@graph\":[{\"@type\":\"WebPage\",\"@id\":\"https:\\\/\\\/booksfrommexico.com\\\/es\\\/producto\\\/mirada-de-barro-cayuuya-bene\\\/\",\"url\":\"https:\\\/\\\/booksfrommexico.com\\\/es\\\/producto\\\/mirada-de-barro-cayuuya-bene\\\/\",\"name\":\"Mirada de barro: Cayuuya' be\u00f1e\",\"isPartOf\":{\"@id\":\"https:\\\/\\\/booksfrommexico.com\\\/#website\"},\"primaryImageOfPage\":{\"@id\":\"https:\\\/\\\/booksfrommexico.com\\\/es\\\/producto\\\/mirada-de-barro-cayuuya-bene\\\/#primaryimage\"},\"image\":{\"@id\":\"https:\\\/\\\/booksfrommexico.com\\\/es\\\/producto\\\/mirada-de-barro-cayuuya-bene\\\/#primaryimage\"},\"thumbnailUrl\":\"https:\\\/\\\/booksfrommexico.com\\\/app\\\/uploads\\\/2024\\\/05\\\/199970.jpeg\",\"datePublished\":\"2024-05-28T22:34:54+00:00\",\"dateModified\":\"2024-07-31T21:59:57+00:00\",\"description\":\"MIRADA DE BARRO : POEMARIO BILING\u00dcE ESPA\u00d1OL-ZAPOTECO \\\/ CAYUUYA' BE\u00d1E : CHUPA DIIDXA' GUIE' L\u00da GUI'CHI' LIIBILISAA. \\\/ Cuevas Cabrera ; L\u00f3pez Ram\u00edrez.\",\"breadcrumb\":{\"@id\":\"https:\\\/\\\/booksfrommexico.com\\\/es\\\/producto\\\/mirada-de-barro-cayuuya-bene\\\/#breadcrumb\"},\"inLanguage\":\"es\",\"potentialAction\":[{\"@type\":\"ReadAction\",\"target\":[\"https:\\\/\\\/booksfrommexico.com\\\/es\\\/producto\\\/mirada-de-barro-cayuuya-bene\\\/\"]}]},{\"@type\":\"ImageObject\",\"inLanguage\":\"es\",\"@id\":\"https:\\\/\\\/booksfrommexico.com\\\/es\\\/producto\\\/mirada-de-barro-cayuuya-bene\\\/#primaryimage\",\"url\":\"https:\\\/\\\/booksfrommexico.com\\\/app\\\/uploads\\\/2024\\\/05\\\/199970.jpeg\",\"contentUrl\":\"https:\\\/\\\/booksfrommexico.com\\\/app\\\/uploads\\\/2024\\\/05\\\/199970.jpeg\",\"width\":387,\"height\":600,\"caption\":\"Mirada de barro cayuuya\u00b4 be\u00f1e\"},{\"@type\":\"BreadcrumbList\",\"@id\":\"https:\\\/\\\/booksfrommexico.com\\\/es\\\/producto\\\/mirada-de-barro-cayuuya-bene\\\/#breadcrumb\",\"itemListElement\":[{\"@type\":\"ListItem\",\"position\":1,\"name\":\"Home\",\"item\":\"https:\\\/\\\/booksfrommexico.com\\\/es\\\/\"},{\"@type\":\"ListItem\",\"position\":2,\"name\":\"Libros\",\"item\":\"https:\\\/\\\/booksfrommexico.com\\\/es\\\/libros\\\/\"},{\"@type\":\"ListItem\",\"position\":3,\"name\":\"Mirada de barro: Cayuuya&#8217; be\u00f1e\"}]},{\"@type\":\"WebSite\",\"@id\":\"https:\\\/\\\/booksfrommexico.com\\\/#website\",\"url\":\"https:\\\/\\\/booksfrommexico.com\\\/\",\"name\":\"Books From Mexico\",\"description\":\"\",\"publisher\":{\"@id\":\"https:\\\/\\\/booksfrommexico.com\\\/#organization\"},\"potentialAction\":[{\"@type\":\"SearchAction\",\"target\":{\"@type\":\"EntryPoint\",\"urlTemplate\":\"https:\\\/\\\/booksfrommexico.com\\\/?s={search_term_string}\"},\"query-input\":{\"@type\":\"PropertyValueSpecification\",\"valueRequired\":true,\"valueName\":\"search_term_string\"}}],\"inLanguage\":\"es\"},{\"@type\":\"Organization\",\"@id\":\"https:\\\/\\\/booksfrommexico.com\\\/#organization\",\"name\":\"Books From Mexico\",\"url\":\"https:\\\/\\\/booksfrommexico.com\\\/\",\"logo\":{\"@type\":\"ImageObject\",\"inLanguage\":\"es\",\"@id\":\"https:\\\/\\\/booksfrommexico.com\\\/#\\\/schema\\\/logo\\\/image\\\/\",\"url\":\"https:\\\/\\\/booksfrommexico.com\\\/app\\\/uploads\\\/2023\\\/05\\\/logo-booksfrommexico.svg\",\"contentUrl\":\"https:\\\/\\\/booksfrommexico.com\\\/app\\\/uploads\\\/2023\\\/05\\\/logo-booksfrommexico.svg\",\"width\":86,\"height\":56,\"caption\":\"Books From Mexico\"},\"image\":{\"@id\":\"https:\\\/\\\/booksfrommexico.com\\\/#\\\/schema\\\/logo\\\/image\\\/\"}}]}<\/script>\n<!-- \/ Yoast SEO plugin. -->","yoast_head_json":{"title":"Mirada de barro: Cayuuya' be\u00f1e","description":"MIRADA DE BARRO : POEMARIO BILING\u00dcE ESPA\u00d1OL-ZAPOTECO \/ CAYUUYA' BE\u00d1E : CHUPA DIIDXA' GUIE' L\u00da GUI'CHI' LIIBILISAA. \/ Cuevas Cabrera ; L\u00f3pez Ram\u00edrez.","robots":{"index":"index","follow":"follow","max-snippet":"max-snippet:-1","max-image-preview":"max-image-preview:large","max-video-preview":"max-video-preview:-1"},"canonical":"https:\/\/booksfrommexico.com\/es\/producto\/mirada-de-barro-cayuuya-bene\/","og_locale":"es_ES","og_type":"article","og_title":"Mirada de barro: Cayuuya' be\u00f1e","og_description":"MIRADA DE BARRO : POEMARIO BILING\u00dcE ESPA\u00d1OL-ZAPOTECO \/ CAYUUYA' BE\u00d1E : CHUPA DIIDXA' GUIE' L\u00da GUI'CHI' LIIBILISAA. \/ Cuevas Cabrera ; L\u00f3pez Ram\u00edrez.","og_url":"https:\/\/booksfrommexico.com\/es\/producto\/mirada-de-barro-cayuuya-bene\/","og_site_name":"Books From Mexico","article_modified_time":"2024-07-31T21:59:57+00:00","og_image":[{"width":387,"height":600,"url":"http:\/\/booksfrommexico.com\/app\/uploads\/2024\/05\/199970.jpeg","type":"image\/jpeg"}],"twitter_card":"summary_large_image","twitter_misc":{"Tiempo de lectura":"1 minuto"},"schema":{"@context":"https:\/\/schema.org","@graph":[{"@type":"WebPage","@id":"https:\/\/booksfrommexico.com\/es\/producto\/mirada-de-barro-cayuuya-bene\/","url":"https:\/\/booksfrommexico.com\/es\/producto\/mirada-de-barro-cayuuya-bene\/","name":"Mirada de barro: Cayuuya' be\u00f1e","isPartOf":{"@id":"https:\/\/booksfrommexico.com\/#website"},"primaryImageOfPage":{"@id":"https:\/\/booksfrommexico.com\/es\/producto\/mirada-de-barro-cayuuya-bene\/#primaryimage"},"image":{"@id":"https:\/\/booksfrommexico.com\/es\/producto\/mirada-de-barro-cayuuya-bene\/#primaryimage"},"thumbnailUrl":"https:\/\/booksfrommexico.com\/app\/uploads\/2024\/05\/199970.jpeg","datePublished":"2024-05-28T22:34:54+00:00","dateModified":"2024-07-31T21:59:57+00:00","description":"MIRADA DE BARRO : POEMARIO BILING\u00dcE ESPA\u00d1OL-ZAPOTECO \/ CAYUUYA' BE\u00d1E : CHUPA DIIDXA' GUIE' L\u00da GUI'CHI' LIIBILISAA. \/ Cuevas Cabrera ; L\u00f3pez Ram\u00edrez.","breadcrumb":{"@id":"https:\/\/booksfrommexico.com\/es\/producto\/mirada-de-barro-cayuuya-bene\/#breadcrumb"},"inLanguage":"es","potentialAction":[{"@type":"ReadAction","target":["https:\/\/booksfrommexico.com\/es\/producto\/mirada-de-barro-cayuuya-bene\/"]}]},{"@type":"ImageObject","inLanguage":"es","@id":"https:\/\/booksfrommexico.com\/es\/producto\/mirada-de-barro-cayuuya-bene\/#primaryimage","url":"https:\/\/booksfrommexico.com\/app\/uploads\/2024\/05\/199970.jpeg","contentUrl":"https:\/\/booksfrommexico.com\/app\/uploads\/2024\/05\/199970.jpeg","width":387,"height":600,"caption":"Mirada de barro cayuuya\u00b4 be\u00f1e"},{"@type":"BreadcrumbList","@id":"https:\/\/booksfrommexico.com\/es\/producto\/mirada-de-barro-cayuuya-bene\/#breadcrumb","itemListElement":[{"@type":"ListItem","position":1,"name":"Home","item":"https:\/\/booksfrommexico.com\/es\/"},{"@type":"ListItem","position":2,"name":"Libros","item":"https:\/\/booksfrommexico.com\/es\/libros\/"},{"@type":"ListItem","position":3,"name":"Mirada de barro: Cayuuya&#8217; be\u00f1e"}]},{"@type":"WebSite","@id":"https:\/\/booksfrommexico.com\/#website","url":"https:\/\/booksfrommexico.com\/","name":"Books From Mexico","description":"","publisher":{"@id":"https:\/\/booksfrommexico.com\/#organization"},"potentialAction":[{"@type":"SearchAction","target":{"@type":"EntryPoint","urlTemplate":"https:\/\/booksfrommexico.com\/?s={search_term_string}"},"query-input":{"@type":"PropertyValueSpecification","valueRequired":true,"valueName":"search_term_string"}}],"inLanguage":"es"},{"@type":"Organization","@id":"https:\/\/booksfrommexico.com\/#organization","name":"Books From Mexico","url":"https:\/\/booksfrommexico.com\/","logo":{"@type":"ImageObject","inLanguage":"es","@id":"https:\/\/booksfrommexico.com\/#\/schema\/logo\/image\/","url":"https:\/\/booksfrommexico.com\/app\/uploads\/2023\/05\/logo-booksfrommexico.svg","contentUrl":"https:\/\/booksfrommexico.com\/app\/uploads\/2023\/05\/logo-booksfrommexico.svg","width":86,"height":56,"caption":"Books From Mexico"},"image":{"@id":"https:\/\/booksfrommexico.com\/#\/schema\/logo\/image\/"}}]}},"_links":{"self":[{"href":"https:\/\/booksfrommexico.com\/es\/wp-json\/wp\/v2\/product\/6608","targetHints":{"allow":["GET"]}}],"collection":[{"href":"https:\/\/booksfrommexico.com\/es\/wp-json\/wp\/v2\/product"}],"about":[{"href":"https:\/\/booksfrommexico.com\/es\/wp-json\/wp\/v2\/types\/product"}],"wp:featuredmedia":[{"embeddable":true,"href":"https:\/\/booksfrommexico.com\/es\/wp-json\/wp\/v2\/media\/6856"}],"wp:attachment":[{"href":"https:\/\/booksfrommexico.com\/es\/wp-json\/wp\/v2\/media?parent=6608"}],"wp:term":[{"taxonomy":"product_brand","embeddable":true,"href":"https:\/\/booksfrommexico.com\/es\/wp-json\/wp\/v2\/product_brand?post=6608"},{"taxonomy":"product_cat","embeddable":true,"href":"https:\/\/booksfrommexico.com\/es\/wp-json\/wp\/v2\/product_cat?post=6608"},{"taxonomy":"product_tag","embeddable":true,"href":"https:\/\/booksfrommexico.com\/es\/wp-json\/wp\/v2\/product_tag?post=6608"}],"curies":[{"name":"wp","href":"https:\/\/api.w.org\/{rel}","templated":true}]}}