{"id":6612,"date":"2024-05-28T22:34:54","date_gmt":"2024-05-28T22:34:54","guid":{"rendered":"https:\/\/booksfrommexico.com\/product\/kolshim-la-semana-santa-pima\/"},"modified":"2024-11-14T15:57:04","modified_gmt":"2024-11-14T15:57:04","slug":"kolshim-la-semana-santa-pima","status":"publish","type":"product","link":"https:\/\/booksfrommexico.com\/es\/producto\/kolshim-la-semana-santa-pima\/","title":{"rendered":"K\u00f3lshim: La Semana Santa Pima"},"content":{"rendered":"<p><span style=\"font-weight: 400;\">La fiesta de K\u00f3lshim se remonta al siglo XVII cuando los jesuitas iniciaron la evangelizaci\u00f3n en el septentri\u00f3n novohispano, en las monta\u00f1as que conforman parte de la Sierra Madre Occidental, en los pueblos serranos de Yepachi y de Maycoba; Si bien sus preceptos fueron establecidos por los jesuitas y franciscanos que se hac\u00edan cargo de la evangelizaci\u00f3n, una vez que fueron expulsados en 1767 de todo el reino de la Nueva Espa\u00f1a, existen suficientes evidencias de que los pima fueron dejados a su ingenio para reinventar el drama de la vida y muerte de Jes\u00fas. Oseguera-Montiel trae esta etnograf\u00eda para conocer las actividades que se llevan a cabo en esta celebraci\u00f3n, as\u00ed como sus inicios e historia.<\/span><\/p>\n","protected":false},"excerpt":{"rendered":"<p>K\u00d3LSHIM : LA SEMANA SANTA PIMA<span style=\"font-weight: 400;\">. \/ Andr\u00e9s Oseguera-Montiel. Chihuahua, M\u00e9xico : Casa Editorial Abismos ; Gobierno de Chihuahua , Culturas Populares Unidad Regional Chihuahua, 2021. 125 pages : includes photos, references, bibliography ; 21 cm. ISBN : 9798711154839.<\/span><\/p>\n","protected":false},"featured_media":6869,"template":"","meta":{"_acf_changed":false,"inline_featured_image":false},"product_brand":[],"product_cat":[524,158],"product_tag":[4341,3729,3762],"class_list":{"0":"post-6612","1":"product","2":"type-product","3":"status-publish","4":"has-post-thumbnail","6":"product_cat-expresiones-sociales-de-la-religion-religion-y-sociedad","7":"product_cat-religion-y-sociedad","8":"product_tag-cultura","9":"product_tag-religion","10":"product_tag-vida-religiosa-y-costumbres","12":"first","13":"instock","14":"taxable","15":"shipping-taxable","16":"purchasable","17":"product-type-simple"},"acf":[],"yoast_head":"<!-- This site is optimized with the Yoast SEO plugin v27.3 - https:\/\/yoast.com\/product\/yoast-seo-wordpress\/ -->\n<title>K\u00f3lshim: La Semana Santa Pima<\/title>\n<meta name=\"description\" content=\"K\u00d3LSHIM : LA SEMANA SANTA PIMA. \/ Andr\u00e9s Oseguera-Montiel. Casa Editorial Abismos ; Gobierno de Chihuahua , Culturas Populares Unidad Regional Chihuahua.\" \/>\n<meta name=\"robots\" content=\"index, follow, max-snippet:-1, max-image-preview:large, max-video-preview:-1\" \/>\n<link rel=\"canonical\" href=\"https:\/\/booksfrommexico.com\/es\/producto\/kolshim-la-semana-santa-pima\/\" \/>\n<meta property=\"og:locale\" content=\"es_ES\" \/>\n<meta property=\"og:type\" content=\"article\" \/>\n<meta property=\"og:title\" content=\"K\u00f3lshim: La Semana Santa Pima\" \/>\n<meta property=\"og:description\" content=\"K\u00d3LSHIM : LA SEMANA SANTA PIMA. \/ Andr\u00e9s Oseguera-Montiel. Casa Editorial Abismos ; Gobierno de Chihuahua , Culturas Populares Unidad Regional Chihuahua.\" \/>\n<meta property=\"og:url\" content=\"https:\/\/booksfrommexico.com\/es\/producto\/kolshim-la-semana-santa-pima\/\" \/>\n<meta property=\"og:site_name\" content=\"Books From Mexico\" \/>\n<meta property=\"article:modified_time\" content=\"2024-11-14T15:57:04+00:00\" \/>\n<meta property=\"og:image\" content=\"http:\/\/booksfrommexico.com\/app\/uploads\/2024\/05\/199987.jpeg\" \/>\n\t<meta property=\"og:image:width\" content=\"402\" \/>\n\t<meta property=\"og:image:height\" content=\"620\" \/>\n\t<meta property=\"og:image:type\" content=\"image\/jpeg\" \/>\n<meta name=\"twitter:card\" content=\"summary_large_image\" \/>\n<meta name=\"twitter:label1\" content=\"Tiempo de lectura\" \/>\n\t<meta name=\"twitter:data1\" content=\"1 minuto\" \/>\n<script type=\"application\/ld+json\" class=\"yoast-schema-graph\">{\"@context\":\"https:\\\/\\\/schema.org\",\"@graph\":[{\"@type\":\"WebPage\",\"@id\":\"https:\\\/\\\/booksfrommexico.com\\\/es\\\/producto\\\/kolshim-la-semana-santa-pima\\\/\",\"url\":\"https:\\\/\\\/booksfrommexico.com\\\/es\\\/producto\\\/kolshim-la-semana-santa-pima\\\/\",\"name\":\"K\u00f3lshim: La Semana Santa Pima\",\"isPartOf\":{\"@id\":\"https:\\\/\\\/booksfrommexico.com\\\/#website\"},\"primaryImageOfPage\":{\"@id\":\"https:\\\/\\\/booksfrommexico.com\\\/es\\\/producto\\\/kolshim-la-semana-santa-pima\\\/#primaryimage\"},\"image\":{\"@id\":\"https:\\\/\\\/booksfrommexico.com\\\/es\\\/producto\\\/kolshim-la-semana-santa-pima\\\/#primaryimage\"},\"thumbnailUrl\":\"https:\\\/\\\/booksfrommexico.com\\\/app\\\/uploads\\\/2024\\\/05\\\/199987.jpeg\",\"datePublished\":\"2024-05-28T22:34:54+00:00\",\"dateModified\":\"2024-11-14T15:57:04+00:00\",\"description\":\"K\u00d3LSHIM : LA SEMANA SANTA PIMA. \\\/ Andr\u00e9s Oseguera-Montiel. Casa Editorial Abismos ; Gobierno de Chihuahua , Culturas Populares Unidad Regional Chihuahua.\",\"breadcrumb\":{\"@id\":\"https:\\\/\\\/booksfrommexico.com\\\/es\\\/producto\\\/kolshim-la-semana-santa-pima\\\/#breadcrumb\"},\"inLanguage\":\"es\",\"potentialAction\":[{\"@type\":\"ReadAction\",\"target\":[\"https:\\\/\\\/booksfrommexico.com\\\/es\\\/producto\\\/kolshim-la-semana-santa-pima\\\/\"]}]},{\"@type\":\"ImageObject\",\"inLanguage\":\"es\",\"@id\":\"https:\\\/\\\/booksfrommexico.com\\\/es\\\/producto\\\/kolshim-la-semana-santa-pima\\\/#primaryimage\",\"url\":\"https:\\\/\\\/booksfrommexico.com\\\/app\\\/uploads\\\/2024\\\/05\\\/199987.jpeg\",\"contentUrl\":\"https:\\\/\\\/booksfrommexico.com\\\/app\\\/uploads\\\/2024\\\/05\\\/199987.jpeg\",\"width\":402,\"height\":620,\"caption\":\"K\u00f3lshim la semana santa pima\"},{\"@type\":\"BreadcrumbList\",\"@id\":\"https:\\\/\\\/booksfrommexico.com\\\/es\\\/producto\\\/kolshim-la-semana-santa-pima\\\/#breadcrumb\",\"itemListElement\":[{\"@type\":\"ListItem\",\"position\":1,\"name\":\"Home\",\"item\":\"https:\\\/\\\/booksfrommexico.com\\\/es\\\/\"},{\"@type\":\"ListItem\",\"position\":2,\"name\":\"Libros\",\"item\":\"https:\\\/\\\/booksfrommexico.com\\\/es\\\/libros\\\/\"},{\"@type\":\"ListItem\",\"position\":3,\"name\":\"K\u00f3lshim: La Semana Santa Pima\"}]},{\"@type\":\"WebSite\",\"@id\":\"https:\\\/\\\/booksfrommexico.com\\\/#website\",\"url\":\"https:\\\/\\\/booksfrommexico.com\\\/\",\"name\":\"Books From Mexico\",\"description\":\"\",\"publisher\":{\"@id\":\"https:\\\/\\\/booksfrommexico.com\\\/#organization\"},\"potentialAction\":[{\"@type\":\"SearchAction\",\"target\":{\"@type\":\"EntryPoint\",\"urlTemplate\":\"https:\\\/\\\/booksfrommexico.com\\\/?s={search_term_string}\"},\"query-input\":{\"@type\":\"PropertyValueSpecification\",\"valueRequired\":true,\"valueName\":\"search_term_string\"}}],\"inLanguage\":\"es\"},{\"@type\":\"Organization\",\"@id\":\"https:\\\/\\\/booksfrommexico.com\\\/#organization\",\"name\":\"Books From Mexico\",\"url\":\"https:\\\/\\\/booksfrommexico.com\\\/\",\"logo\":{\"@type\":\"ImageObject\",\"inLanguage\":\"es\",\"@id\":\"https:\\\/\\\/booksfrommexico.com\\\/#\\\/schema\\\/logo\\\/image\\\/\",\"url\":\"https:\\\/\\\/booksfrommexico.com\\\/app\\\/uploads\\\/2023\\\/05\\\/logo-booksfrommexico.svg\",\"contentUrl\":\"https:\\\/\\\/booksfrommexico.com\\\/app\\\/uploads\\\/2023\\\/05\\\/logo-booksfrommexico.svg\",\"width\":86,\"height\":56,\"caption\":\"Books From Mexico\"},\"image\":{\"@id\":\"https:\\\/\\\/booksfrommexico.com\\\/#\\\/schema\\\/logo\\\/image\\\/\"}}]}<\/script>\n<!-- \/ Yoast SEO plugin. -->","yoast_head_json":{"title":"K\u00f3lshim: La Semana Santa Pima","description":"K\u00d3LSHIM : LA SEMANA SANTA PIMA. \/ Andr\u00e9s Oseguera-Montiel. Casa Editorial Abismos ; Gobierno de Chihuahua , Culturas Populares Unidad Regional Chihuahua.","robots":{"index":"index","follow":"follow","max-snippet":"max-snippet:-1","max-image-preview":"max-image-preview:large","max-video-preview":"max-video-preview:-1"},"canonical":"https:\/\/booksfrommexico.com\/es\/producto\/kolshim-la-semana-santa-pima\/","og_locale":"es_ES","og_type":"article","og_title":"K\u00f3lshim: La Semana Santa Pima","og_description":"K\u00d3LSHIM : LA SEMANA SANTA PIMA. \/ Andr\u00e9s Oseguera-Montiel. Casa Editorial Abismos ; Gobierno de Chihuahua , Culturas Populares Unidad Regional Chihuahua.","og_url":"https:\/\/booksfrommexico.com\/es\/producto\/kolshim-la-semana-santa-pima\/","og_site_name":"Books From Mexico","article_modified_time":"2024-11-14T15:57:04+00:00","og_image":[{"width":402,"height":620,"url":"http:\/\/booksfrommexico.com\/app\/uploads\/2024\/05\/199987.jpeg","type":"image\/jpeg"}],"twitter_card":"summary_large_image","twitter_misc":{"Tiempo de lectura":"1 minuto"},"schema":{"@context":"https:\/\/schema.org","@graph":[{"@type":"WebPage","@id":"https:\/\/booksfrommexico.com\/es\/producto\/kolshim-la-semana-santa-pima\/","url":"https:\/\/booksfrommexico.com\/es\/producto\/kolshim-la-semana-santa-pima\/","name":"K\u00f3lshim: La Semana Santa Pima","isPartOf":{"@id":"https:\/\/booksfrommexico.com\/#website"},"primaryImageOfPage":{"@id":"https:\/\/booksfrommexico.com\/es\/producto\/kolshim-la-semana-santa-pima\/#primaryimage"},"image":{"@id":"https:\/\/booksfrommexico.com\/es\/producto\/kolshim-la-semana-santa-pima\/#primaryimage"},"thumbnailUrl":"https:\/\/booksfrommexico.com\/app\/uploads\/2024\/05\/199987.jpeg","datePublished":"2024-05-28T22:34:54+00:00","dateModified":"2024-11-14T15:57:04+00:00","description":"K\u00d3LSHIM : LA SEMANA SANTA PIMA. \/ Andr\u00e9s Oseguera-Montiel. Casa Editorial Abismos ; Gobierno de Chihuahua , Culturas Populares Unidad Regional Chihuahua.","breadcrumb":{"@id":"https:\/\/booksfrommexico.com\/es\/producto\/kolshim-la-semana-santa-pima\/#breadcrumb"},"inLanguage":"es","potentialAction":[{"@type":"ReadAction","target":["https:\/\/booksfrommexico.com\/es\/producto\/kolshim-la-semana-santa-pima\/"]}]},{"@type":"ImageObject","inLanguage":"es","@id":"https:\/\/booksfrommexico.com\/es\/producto\/kolshim-la-semana-santa-pima\/#primaryimage","url":"https:\/\/booksfrommexico.com\/app\/uploads\/2024\/05\/199987.jpeg","contentUrl":"https:\/\/booksfrommexico.com\/app\/uploads\/2024\/05\/199987.jpeg","width":402,"height":620,"caption":"K\u00f3lshim la semana santa pima"},{"@type":"BreadcrumbList","@id":"https:\/\/booksfrommexico.com\/es\/producto\/kolshim-la-semana-santa-pima\/#breadcrumb","itemListElement":[{"@type":"ListItem","position":1,"name":"Home","item":"https:\/\/booksfrommexico.com\/es\/"},{"@type":"ListItem","position":2,"name":"Libros","item":"https:\/\/booksfrommexico.com\/es\/libros\/"},{"@type":"ListItem","position":3,"name":"K\u00f3lshim: La Semana Santa Pima"}]},{"@type":"WebSite","@id":"https:\/\/booksfrommexico.com\/#website","url":"https:\/\/booksfrommexico.com\/","name":"Books From Mexico","description":"","publisher":{"@id":"https:\/\/booksfrommexico.com\/#organization"},"potentialAction":[{"@type":"SearchAction","target":{"@type":"EntryPoint","urlTemplate":"https:\/\/booksfrommexico.com\/?s={search_term_string}"},"query-input":{"@type":"PropertyValueSpecification","valueRequired":true,"valueName":"search_term_string"}}],"inLanguage":"es"},{"@type":"Organization","@id":"https:\/\/booksfrommexico.com\/#organization","name":"Books From Mexico","url":"https:\/\/booksfrommexico.com\/","logo":{"@type":"ImageObject","inLanguage":"es","@id":"https:\/\/booksfrommexico.com\/#\/schema\/logo\/image\/","url":"https:\/\/booksfrommexico.com\/app\/uploads\/2023\/05\/logo-booksfrommexico.svg","contentUrl":"https:\/\/booksfrommexico.com\/app\/uploads\/2023\/05\/logo-booksfrommexico.svg","width":86,"height":56,"caption":"Books From Mexico"},"image":{"@id":"https:\/\/booksfrommexico.com\/#\/schema\/logo\/image\/"}}]}},"_links":{"self":[{"href":"https:\/\/booksfrommexico.com\/es\/wp-json\/wp\/v2\/product\/6612","targetHints":{"allow":["GET"]}}],"collection":[{"href":"https:\/\/booksfrommexico.com\/es\/wp-json\/wp\/v2\/product"}],"about":[{"href":"https:\/\/booksfrommexico.com\/es\/wp-json\/wp\/v2\/types\/product"}],"wp:featuredmedia":[{"embeddable":true,"href":"https:\/\/booksfrommexico.com\/es\/wp-json\/wp\/v2\/media\/6869"}],"wp:attachment":[{"href":"https:\/\/booksfrommexico.com\/es\/wp-json\/wp\/v2\/media?parent=6612"}],"wp:term":[{"taxonomy":"product_brand","embeddable":true,"href":"https:\/\/booksfrommexico.com\/es\/wp-json\/wp\/v2\/product_brand?post=6612"},{"taxonomy":"product_cat","embeddable":true,"href":"https:\/\/booksfrommexico.com\/es\/wp-json\/wp\/v2\/product_cat?post=6612"},{"taxonomy":"product_tag","embeddable":true,"href":"https:\/\/booksfrommexico.com\/es\/wp-json\/wp\/v2\/product_tag?post=6612"}],"curies":[{"name":"wp","href":"https:\/\/api.w.org\/{rel}","templated":true}]}}