{"id":6613,"date":"2024-05-28T22:34:54","date_gmt":"2024-05-28T22:34:54","guid":{"rendered":"https:\/\/booksfrommexico.com\/product\/las-ruinas-de-la-caza\/"},"modified":"2024-06-24T22:05:40","modified_gmt":"2024-06-24T22:05:40","slug":"las-ruinas-de-la-caza","status":"publish","type":"product","link":"https:\/\/booksfrommexico.com\/es\/producto\/las-ruinas-de-la-caza\/","title":{"rendered":"Las ruinas de la caza"},"content":{"rendered":"<p><span style=\"font-weight: 400;\">Alfredo L\u00e8al es un narrador, ensayista, dramaturgo, cronista y docente mexicano que obtuvo el Premio Nacional de Narrativa Joven Mar\u00eda Luisa Puga 2006, menci\u00f3n honor\u00edfica en el Premio Nacional de Cuento Joven Julio Torri 2009, menci\u00f3n honor\u00edfica en el XIV Premio Anual de Cr\u00edtica Literaria y Ensayo Pol\u00edtico Guillermo Rousset Banda. En este t\u00edtulo, el autor oscila entre la novela negra y el texto posmoderno, desarrollando la historia del feminicidio de una joven de preparatoria. La investigaci\u00f3n es llevaba a cabo por una mujer norteamericana radicada en M\u00e9xico, y es as\u00ed que puede dar contrastes y perspectivas en torno al crimen.<\/span><\/p>\n","protected":false},"excerpt":{"rendered":"<p>LAS RUINAS DE LA CAZA<span style=\"font-weight: 400;\">. \/ Alfredo L\u00e8al. Ciudad de M\u00e9xico, M\u00e9xico : Casa Editorial Abismos ; Universidad Nacional Aut\u00f3noma de M\u00e9xico , Coordinaci\u00f3n de Difusi\u00f3n Cultural, Publicaciones y Fomento Editorial, 2021. 125 pages ; 21 cm. ISBN : 9786079906702 (Abismos) ; 9786073041836 (UNAM).<\/span><\/p>\n<p><br style=\"font-weight: 400;\" \/><br style=\"font-weight: 400;\" \/><\/p>\n","protected":false},"featured_media":6872,"template":"","meta":{"_acf_changed":false,"inline_featured_image":false},"product_brand":[],"product_cat":[25,1200],"product_tag":[3673,4124,3651,4422],"class_list":{"0":"post-6613","1":"product","2":"type-product","3":"status-publish","4":"has-post-thumbnail","6":"product_cat-literatura","7":"product_cat-novela-literatura","8":"product_tag-delitos-contra-mujeres","9":"product_tag-literatura-es","10":"product_tag-novela-mexicana","11":"product_tag-violencia-de-genero","13":"first","14":"instock","15":"taxable","16":"shipping-taxable","17":"purchasable","18":"product-type-simple"},"acf":[],"yoast_head":"<!-- This site is optimized with the Yoast SEO plugin v27.3 - https:\/\/yoast.com\/product\/yoast-seo-wordpress\/ -->\n<title>Las ruinas de la caza<\/title>\n<meta name=\"description\" content=\"LAS RUINAS DE LA CAZA. \/ Alfredo L\u00e8al. Casa Editorial Abismos ; UNAM , Coordinaci\u00f3n de Difusi\u00f3n Cultural, Publicaciones y Fomento Editorial, 2021.\" \/>\n<meta name=\"robots\" content=\"index, follow, max-snippet:-1, max-image-preview:large, max-video-preview:-1\" \/>\n<link rel=\"canonical\" href=\"https:\/\/booksfrommexico.com\/es\/producto\/las-ruinas-de-la-caza\/\" \/>\n<meta property=\"og:locale\" content=\"es_ES\" \/>\n<meta property=\"og:type\" content=\"article\" \/>\n<meta property=\"og:title\" content=\"Las ruinas de la caza\" \/>\n<meta property=\"og:description\" content=\"LAS RUINAS DE LA CAZA. \/ Alfredo L\u00e8al. Casa Editorial Abismos ; UNAM , Coordinaci\u00f3n de Difusi\u00f3n Cultural, Publicaciones y Fomento Editorial, 2021.\" \/>\n<meta property=\"og:url\" content=\"https:\/\/booksfrommexico.com\/es\/producto\/las-ruinas-de-la-caza\/\" \/>\n<meta property=\"og:site_name\" content=\"Books From Mexico\" \/>\n<meta property=\"article:modified_time\" content=\"2024-06-24T22:05:40+00:00\" \/>\n<meta property=\"og:image\" content=\"http:\/\/booksfrommexico.com\/app\/uploads\/2024\/05\/199988.jpeg\" \/>\n\t<meta property=\"og:image:width\" content=\"395\" \/>\n\t<meta property=\"og:image:height\" content=\"600\" \/>\n\t<meta property=\"og:image:type\" content=\"image\/jpeg\" \/>\n<meta name=\"twitter:card\" content=\"summary_large_image\" \/>\n<meta name=\"twitter:label1\" content=\"Tiempo de lectura\" \/>\n\t<meta name=\"twitter:data1\" content=\"1 minuto\" \/>\n<script type=\"application\/ld+json\" class=\"yoast-schema-graph\">{\"@context\":\"https:\\\/\\\/schema.org\",\"@graph\":[{\"@type\":\"WebPage\",\"@id\":\"https:\\\/\\\/booksfrommexico.com\\\/es\\\/producto\\\/las-ruinas-de-la-caza\\\/\",\"url\":\"https:\\\/\\\/booksfrommexico.com\\\/es\\\/producto\\\/las-ruinas-de-la-caza\\\/\",\"name\":\"Las ruinas de la caza\",\"isPartOf\":{\"@id\":\"https:\\\/\\\/booksfrommexico.com\\\/#website\"},\"primaryImageOfPage\":{\"@id\":\"https:\\\/\\\/booksfrommexico.com\\\/es\\\/producto\\\/las-ruinas-de-la-caza\\\/#primaryimage\"},\"image\":{\"@id\":\"https:\\\/\\\/booksfrommexico.com\\\/es\\\/producto\\\/las-ruinas-de-la-caza\\\/#primaryimage\"},\"thumbnailUrl\":\"https:\\\/\\\/booksfrommexico.com\\\/app\\\/uploads\\\/2024\\\/05\\\/199988.jpeg\",\"datePublished\":\"2024-05-28T22:34:54+00:00\",\"dateModified\":\"2024-06-24T22:05:40+00:00\",\"description\":\"LAS RUINAS DE LA CAZA. \\\/ Alfredo L\u00e8al. Casa Editorial Abismos ; UNAM , Coordinaci\u00f3n de Difusi\u00f3n Cultural, Publicaciones y Fomento Editorial, 2021.\",\"breadcrumb\":{\"@id\":\"https:\\\/\\\/booksfrommexico.com\\\/es\\\/producto\\\/las-ruinas-de-la-caza\\\/#breadcrumb\"},\"inLanguage\":\"es\",\"potentialAction\":[{\"@type\":\"ReadAction\",\"target\":[\"https:\\\/\\\/booksfrommexico.com\\\/es\\\/producto\\\/las-ruinas-de-la-caza\\\/\"]}]},{\"@type\":\"ImageObject\",\"inLanguage\":\"es\",\"@id\":\"https:\\\/\\\/booksfrommexico.com\\\/es\\\/producto\\\/las-ruinas-de-la-caza\\\/#primaryimage\",\"url\":\"https:\\\/\\\/booksfrommexico.com\\\/app\\\/uploads\\\/2024\\\/05\\\/199988.jpeg\",\"contentUrl\":\"https:\\\/\\\/booksfrommexico.com\\\/app\\\/uploads\\\/2024\\\/05\\\/199988.jpeg\",\"width\":395,\"height\":600,\"caption\":\"Las ruinas de la caza\"},{\"@type\":\"BreadcrumbList\",\"@id\":\"https:\\\/\\\/booksfrommexico.com\\\/es\\\/producto\\\/las-ruinas-de-la-caza\\\/#breadcrumb\",\"itemListElement\":[{\"@type\":\"ListItem\",\"position\":1,\"name\":\"Home\",\"item\":\"https:\\\/\\\/booksfrommexico.com\\\/es\\\/\"},{\"@type\":\"ListItem\",\"position\":2,\"name\":\"Libros\",\"item\":\"https:\\\/\\\/booksfrommexico.com\\\/es\\\/libros\\\/\"},{\"@type\":\"ListItem\",\"position\":3,\"name\":\"Las ruinas de la caza\"}]},{\"@type\":\"WebSite\",\"@id\":\"https:\\\/\\\/booksfrommexico.com\\\/#website\",\"url\":\"https:\\\/\\\/booksfrommexico.com\\\/\",\"name\":\"Books From Mexico\",\"description\":\"\",\"publisher\":{\"@id\":\"https:\\\/\\\/booksfrommexico.com\\\/#organization\"},\"potentialAction\":[{\"@type\":\"SearchAction\",\"target\":{\"@type\":\"EntryPoint\",\"urlTemplate\":\"https:\\\/\\\/booksfrommexico.com\\\/?s={search_term_string}\"},\"query-input\":{\"@type\":\"PropertyValueSpecification\",\"valueRequired\":true,\"valueName\":\"search_term_string\"}}],\"inLanguage\":\"es\"},{\"@type\":\"Organization\",\"@id\":\"https:\\\/\\\/booksfrommexico.com\\\/#organization\",\"name\":\"Books From Mexico\",\"url\":\"https:\\\/\\\/booksfrommexico.com\\\/\",\"logo\":{\"@type\":\"ImageObject\",\"inLanguage\":\"es\",\"@id\":\"https:\\\/\\\/booksfrommexico.com\\\/#\\\/schema\\\/logo\\\/image\\\/\",\"url\":\"https:\\\/\\\/booksfrommexico.com\\\/app\\\/uploads\\\/2023\\\/05\\\/logo-booksfrommexico.svg\",\"contentUrl\":\"https:\\\/\\\/booksfrommexico.com\\\/app\\\/uploads\\\/2023\\\/05\\\/logo-booksfrommexico.svg\",\"width\":86,\"height\":56,\"caption\":\"Books From Mexico\"},\"image\":{\"@id\":\"https:\\\/\\\/booksfrommexico.com\\\/#\\\/schema\\\/logo\\\/image\\\/\"}}]}<\/script>\n<!-- \/ Yoast SEO plugin. -->","yoast_head_json":{"title":"Las ruinas de la caza","description":"LAS RUINAS DE LA CAZA. \/ Alfredo L\u00e8al. Casa Editorial Abismos ; UNAM , Coordinaci\u00f3n de Difusi\u00f3n Cultural, Publicaciones y Fomento Editorial, 2021.","robots":{"index":"index","follow":"follow","max-snippet":"max-snippet:-1","max-image-preview":"max-image-preview:large","max-video-preview":"max-video-preview:-1"},"canonical":"https:\/\/booksfrommexico.com\/es\/producto\/las-ruinas-de-la-caza\/","og_locale":"es_ES","og_type":"article","og_title":"Las ruinas de la caza","og_description":"LAS RUINAS DE LA CAZA. \/ Alfredo L\u00e8al. Casa Editorial Abismos ; UNAM , Coordinaci\u00f3n de Difusi\u00f3n Cultural, Publicaciones y Fomento Editorial, 2021.","og_url":"https:\/\/booksfrommexico.com\/es\/producto\/las-ruinas-de-la-caza\/","og_site_name":"Books From Mexico","article_modified_time":"2024-06-24T22:05:40+00:00","og_image":[{"width":395,"height":600,"url":"http:\/\/booksfrommexico.com\/app\/uploads\/2024\/05\/199988.jpeg","type":"image\/jpeg"}],"twitter_card":"summary_large_image","twitter_misc":{"Tiempo de lectura":"1 minuto"},"schema":{"@context":"https:\/\/schema.org","@graph":[{"@type":"WebPage","@id":"https:\/\/booksfrommexico.com\/es\/producto\/las-ruinas-de-la-caza\/","url":"https:\/\/booksfrommexico.com\/es\/producto\/las-ruinas-de-la-caza\/","name":"Las ruinas de la caza","isPartOf":{"@id":"https:\/\/booksfrommexico.com\/#website"},"primaryImageOfPage":{"@id":"https:\/\/booksfrommexico.com\/es\/producto\/las-ruinas-de-la-caza\/#primaryimage"},"image":{"@id":"https:\/\/booksfrommexico.com\/es\/producto\/las-ruinas-de-la-caza\/#primaryimage"},"thumbnailUrl":"https:\/\/booksfrommexico.com\/app\/uploads\/2024\/05\/199988.jpeg","datePublished":"2024-05-28T22:34:54+00:00","dateModified":"2024-06-24T22:05:40+00:00","description":"LAS RUINAS DE LA CAZA. \/ Alfredo L\u00e8al. Casa Editorial Abismos ; UNAM , Coordinaci\u00f3n de Difusi\u00f3n Cultural, Publicaciones y Fomento Editorial, 2021.","breadcrumb":{"@id":"https:\/\/booksfrommexico.com\/es\/producto\/las-ruinas-de-la-caza\/#breadcrumb"},"inLanguage":"es","potentialAction":[{"@type":"ReadAction","target":["https:\/\/booksfrommexico.com\/es\/producto\/las-ruinas-de-la-caza\/"]}]},{"@type":"ImageObject","inLanguage":"es","@id":"https:\/\/booksfrommexico.com\/es\/producto\/las-ruinas-de-la-caza\/#primaryimage","url":"https:\/\/booksfrommexico.com\/app\/uploads\/2024\/05\/199988.jpeg","contentUrl":"https:\/\/booksfrommexico.com\/app\/uploads\/2024\/05\/199988.jpeg","width":395,"height":600,"caption":"Las ruinas de la caza"},{"@type":"BreadcrumbList","@id":"https:\/\/booksfrommexico.com\/es\/producto\/las-ruinas-de-la-caza\/#breadcrumb","itemListElement":[{"@type":"ListItem","position":1,"name":"Home","item":"https:\/\/booksfrommexico.com\/es\/"},{"@type":"ListItem","position":2,"name":"Libros","item":"https:\/\/booksfrommexico.com\/es\/libros\/"},{"@type":"ListItem","position":3,"name":"Las ruinas de la caza"}]},{"@type":"WebSite","@id":"https:\/\/booksfrommexico.com\/#website","url":"https:\/\/booksfrommexico.com\/","name":"Books From Mexico","description":"","publisher":{"@id":"https:\/\/booksfrommexico.com\/#organization"},"potentialAction":[{"@type":"SearchAction","target":{"@type":"EntryPoint","urlTemplate":"https:\/\/booksfrommexico.com\/?s={search_term_string}"},"query-input":{"@type":"PropertyValueSpecification","valueRequired":true,"valueName":"search_term_string"}}],"inLanguage":"es"},{"@type":"Organization","@id":"https:\/\/booksfrommexico.com\/#organization","name":"Books From Mexico","url":"https:\/\/booksfrommexico.com\/","logo":{"@type":"ImageObject","inLanguage":"es","@id":"https:\/\/booksfrommexico.com\/#\/schema\/logo\/image\/","url":"https:\/\/booksfrommexico.com\/app\/uploads\/2023\/05\/logo-booksfrommexico.svg","contentUrl":"https:\/\/booksfrommexico.com\/app\/uploads\/2023\/05\/logo-booksfrommexico.svg","width":86,"height":56,"caption":"Books From Mexico"},"image":{"@id":"https:\/\/booksfrommexico.com\/#\/schema\/logo\/image\/"}}]}},"_links":{"self":[{"href":"https:\/\/booksfrommexico.com\/es\/wp-json\/wp\/v2\/product\/6613","targetHints":{"allow":["GET"]}}],"collection":[{"href":"https:\/\/booksfrommexico.com\/es\/wp-json\/wp\/v2\/product"}],"about":[{"href":"https:\/\/booksfrommexico.com\/es\/wp-json\/wp\/v2\/types\/product"}],"wp:featuredmedia":[{"embeddable":true,"href":"https:\/\/booksfrommexico.com\/es\/wp-json\/wp\/v2\/media\/6872"}],"wp:attachment":[{"href":"https:\/\/booksfrommexico.com\/es\/wp-json\/wp\/v2\/media?parent=6613"}],"wp:term":[{"taxonomy":"product_brand","embeddable":true,"href":"https:\/\/booksfrommexico.com\/es\/wp-json\/wp\/v2\/product_brand?post=6613"},{"taxonomy":"product_cat","embeddable":true,"href":"https:\/\/booksfrommexico.com\/es\/wp-json\/wp\/v2\/product_cat?post=6613"},{"taxonomy":"product_tag","embeddable":true,"href":"https:\/\/booksfrommexico.com\/es\/wp-json\/wp\/v2\/product_tag?post=6613"}],"curies":[{"name":"wp","href":"https:\/\/api.w.org\/{rel}","templated":true}]}}