{"id":6614,"date":"2024-05-28T22:34:54","date_gmt":"2024-05-28T22:34:54","guid":{"rendered":"https:\/\/booksfrommexico.com\/product\/ek-balam-volumen-0\/"},"modified":"2024-09-19T20:21:55","modified_gmt":"2024-09-19T20:21:55","slug":"ek-balam-volumen-0","status":"publish","type":"product","link":"https:\/\/booksfrommexico.com\/es\/producto\/ek-balam-volumen-0\/","title":{"rendered":"Ek Balam. Volumen 0"},"content":{"rendered":"<p><span style=\"font-weight: 400;\">\u201cEk Balam\u201d<\/span> <span style=\"font-weight: 400;\">es un proyecto que surgi\u00f3 que los autores iniciaron con la intenci\u00f3n de usar la fantas\u00eda, la ciencia ficci\u00f3n y la cultura de varias mitolog\u00edas del mundo para narrar una aventura y probar suerte en el mundo del c\u00f3mic mexicano; en sus inicios no obtuvo el inter\u00e9s del p\u00fablico, sin embargo con la aparici\u00f3n de <\/span><i><span style=\"font-weight: 400;\">C\u00f3mictlan <\/span><\/i><span style=\"font-weight: 400;\">se convirti\u00f3 en punta de lanza para otros proyectos. La historia de este c\u00f3mic comienza con una haza\u00f1a que marc\u00f3 un punto de inflexi\u00f3n para el futuro de la humanidad, cuando las ambiciones de <\/span><i><span style=\"font-weight: 400;\">Frensen<\/span><\/i><span style=\"font-weight: 400;\"> para dominar el planeta y destruir a quienes en alguna ocasi\u00f3n llam\u00f3 hermanos, se enfrentan con <\/span><i><span style=\"font-weight: 400;\">Ek Balam<\/span><\/i><span style=\"font-weight: 400;\"> y sus compa\u00f1eros para detener la amenaza.<\/span><\/p>\n","protected":false},"excerpt":{"rendered":"<p>EK BALAM. VOLUMEN 0<span style=\"font-weight: 400;\">. \/ EFS ; Sareki L\u00f3pez [illustrator]. Tlaxcala, M\u00e9xico : C\u00f3mictlan, 2022. 100 pages : chiefly color illustrations; 21 cm.<\/span><\/p>\n","protected":false},"featured_media":6875,"template":"","meta":{"_acf_changed":false,"inline_featured_image":false},"product_brand":[],"product_cat":[4159],"product_tag":[4279,4516,3769],"class_list":{"0":"post-6614","1":"product","2":"type-product","3":"status-publish","4":"has-post-thumbnail","6":"product_cat-comic","7":"product_tag-diseno","8":"product_tag-mitologia","9":"product_tag-obras-ilustradas","11":"first","12":"instock","13":"taxable","14":"shipping-taxable","15":"purchasable","16":"product-type-simple"},"acf":[],"yoast_head":"<!-- This site is optimized with the Yoast SEO plugin v27.3 - https:\/\/yoast.com\/product\/yoast-seo-wordpress\/ -->\n<title>Ek Balam. Volumen 0<\/title>\n<meta name=\"description\" content=\"EK BALAM. VOLUMEN 0. \/ EFS ; Sareki L\u00f3pez (illustrator). Tlaxcala, M\u00e9xico : C\u00f3mictlan, 2022. 100 pages : chiefly color illustrations; 21 cm.\" \/>\n<meta name=\"robots\" content=\"index, follow, max-snippet:-1, max-image-preview:large, max-video-preview:-1\" \/>\n<link rel=\"canonical\" href=\"https:\/\/booksfrommexico.com\/es\/producto\/ek-balam-volumen-0\/\" \/>\n<meta property=\"og:locale\" content=\"es_ES\" \/>\n<meta property=\"og:type\" content=\"article\" \/>\n<meta property=\"og:title\" content=\"Ek Balam. Volumen 0\" \/>\n<meta property=\"og:description\" content=\"EK BALAM. VOLUMEN 0. \/ EFS ; Sareki L\u00f3pez (illustrator). Tlaxcala, M\u00e9xico : C\u00f3mictlan, 2022. 100 pages : chiefly color illustrations; 21 cm.\" \/>\n<meta property=\"og:url\" content=\"https:\/\/booksfrommexico.com\/es\/producto\/ek-balam-volumen-0\/\" \/>\n<meta property=\"og:site_name\" content=\"Books From Mexico\" \/>\n<meta property=\"article:modified_time\" content=\"2024-09-19T20:21:55+00:00\" \/>\n<meta property=\"og:image\" content=\"http:\/\/booksfrommexico.com\/app\/uploads\/2024\/05\/200157.jpeg\" \/>\n\t<meta property=\"og:image:width\" content=\"475\" \/>\n\t<meta property=\"og:image:height\" content=\"620\" \/>\n\t<meta property=\"og:image:type\" content=\"image\/jpeg\" \/>\n<meta name=\"twitter:card\" content=\"summary_large_image\" \/>\n<meta name=\"twitter:label1\" content=\"Tiempo de lectura\" \/>\n\t<meta name=\"twitter:data1\" content=\"1 minuto\" \/>\n<script type=\"application\/ld+json\" class=\"yoast-schema-graph\">{\"@context\":\"https:\\\/\\\/schema.org\",\"@graph\":[{\"@type\":\"WebPage\",\"@id\":\"https:\\\/\\\/booksfrommexico.com\\\/es\\\/producto\\\/ek-balam-volumen-0\\\/\",\"url\":\"https:\\\/\\\/booksfrommexico.com\\\/es\\\/producto\\\/ek-balam-volumen-0\\\/\",\"name\":\"Ek Balam. Volumen 0\",\"isPartOf\":{\"@id\":\"https:\\\/\\\/booksfrommexico.com\\\/#website\"},\"primaryImageOfPage\":{\"@id\":\"https:\\\/\\\/booksfrommexico.com\\\/es\\\/producto\\\/ek-balam-volumen-0\\\/#primaryimage\"},\"image\":{\"@id\":\"https:\\\/\\\/booksfrommexico.com\\\/es\\\/producto\\\/ek-balam-volumen-0\\\/#primaryimage\"},\"thumbnailUrl\":\"https:\\\/\\\/booksfrommexico.com\\\/app\\\/uploads\\\/2024\\\/05\\\/200157.jpeg\",\"datePublished\":\"2024-05-28T22:34:54+00:00\",\"dateModified\":\"2024-09-19T20:21:55+00:00\",\"description\":\"EK BALAM. VOLUMEN 0. \\\/ EFS ; Sareki L\u00f3pez (illustrator). Tlaxcala, M\u00e9xico : C\u00f3mictlan, 2022. 100 pages : chiefly color illustrations; 21 cm.\",\"breadcrumb\":{\"@id\":\"https:\\\/\\\/booksfrommexico.com\\\/es\\\/producto\\\/ek-balam-volumen-0\\\/#breadcrumb\"},\"inLanguage\":\"es\",\"potentialAction\":[{\"@type\":\"ReadAction\",\"target\":[\"https:\\\/\\\/booksfrommexico.com\\\/es\\\/producto\\\/ek-balam-volumen-0\\\/\"]}]},{\"@type\":\"ImageObject\",\"inLanguage\":\"es\",\"@id\":\"https:\\\/\\\/booksfrommexico.com\\\/es\\\/producto\\\/ek-balam-volumen-0\\\/#primaryimage\",\"url\":\"https:\\\/\\\/booksfrommexico.com\\\/app\\\/uploads\\\/2024\\\/05\\\/200157.jpeg\",\"contentUrl\":\"https:\\\/\\\/booksfrommexico.com\\\/app\\\/uploads\\\/2024\\\/05\\\/200157.jpeg\",\"width\":475,\"height\":620,\"caption\":\"Ek balam, volumen 0\"},{\"@type\":\"BreadcrumbList\",\"@id\":\"https:\\\/\\\/booksfrommexico.com\\\/es\\\/producto\\\/ek-balam-volumen-0\\\/#breadcrumb\",\"itemListElement\":[{\"@type\":\"ListItem\",\"position\":1,\"name\":\"Home\",\"item\":\"https:\\\/\\\/booksfrommexico.com\\\/es\\\/\"},{\"@type\":\"ListItem\",\"position\":2,\"name\":\"Libros\",\"item\":\"https:\\\/\\\/booksfrommexico.com\\\/es\\\/libros\\\/\"},{\"@type\":\"ListItem\",\"position\":3,\"name\":\"Ek Balam. Volumen 0\"}]},{\"@type\":\"WebSite\",\"@id\":\"https:\\\/\\\/booksfrommexico.com\\\/#website\",\"url\":\"https:\\\/\\\/booksfrommexico.com\\\/\",\"name\":\"Books From Mexico\",\"description\":\"\",\"publisher\":{\"@id\":\"https:\\\/\\\/booksfrommexico.com\\\/#organization\"},\"potentialAction\":[{\"@type\":\"SearchAction\",\"target\":{\"@type\":\"EntryPoint\",\"urlTemplate\":\"https:\\\/\\\/booksfrommexico.com\\\/?s={search_term_string}\"},\"query-input\":{\"@type\":\"PropertyValueSpecification\",\"valueRequired\":true,\"valueName\":\"search_term_string\"}}],\"inLanguage\":\"es\"},{\"@type\":\"Organization\",\"@id\":\"https:\\\/\\\/booksfrommexico.com\\\/#organization\",\"name\":\"Books From Mexico\",\"url\":\"https:\\\/\\\/booksfrommexico.com\\\/\",\"logo\":{\"@type\":\"ImageObject\",\"inLanguage\":\"es\",\"@id\":\"https:\\\/\\\/booksfrommexico.com\\\/#\\\/schema\\\/logo\\\/image\\\/\",\"url\":\"https:\\\/\\\/booksfrommexico.com\\\/app\\\/uploads\\\/2023\\\/05\\\/logo-booksfrommexico.svg\",\"contentUrl\":\"https:\\\/\\\/booksfrommexico.com\\\/app\\\/uploads\\\/2023\\\/05\\\/logo-booksfrommexico.svg\",\"width\":86,\"height\":56,\"caption\":\"Books From Mexico\"},\"image\":{\"@id\":\"https:\\\/\\\/booksfrommexico.com\\\/#\\\/schema\\\/logo\\\/image\\\/\"}}]}<\/script>\n<!-- \/ Yoast SEO plugin. -->","yoast_head_json":{"title":"Ek Balam. Volumen 0","description":"EK BALAM. VOLUMEN 0. \/ EFS ; Sareki L\u00f3pez (illustrator). Tlaxcala, M\u00e9xico : C\u00f3mictlan, 2022. 100 pages : chiefly color illustrations; 21 cm.","robots":{"index":"index","follow":"follow","max-snippet":"max-snippet:-1","max-image-preview":"max-image-preview:large","max-video-preview":"max-video-preview:-1"},"canonical":"https:\/\/booksfrommexico.com\/es\/producto\/ek-balam-volumen-0\/","og_locale":"es_ES","og_type":"article","og_title":"Ek Balam. Volumen 0","og_description":"EK BALAM. VOLUMEN 0. \/ EFS ; Sareki L\u00f3pez (illustrator). Tlaxcala, M\u00e9xico : C\u00f3mictlan, 2022. 100 pages : chiefly color illustrations; 21 cm.","og_url":"https:\/\/booksfrommexico.com\/es\/producto\/ek-balam-volumen-0\/","og_site_name":"Books From Mexico","article_modified_time":"2024-09-19T20:21:55+00:00","og_image":[{"width":475,"height":620,"url":"http:\/\/booksfrommexico.com\/app\/uploads\/2024\/05\/200157.jpeg","type":"image\/jpeg"}],"twitter_card":"summary_large_image","twitter_misc":{"Tiempo de lectura":"1 minuto"},"schema":{"@context":"https:\/\/schema.org","@graph":[{"@type":"WebPage","@id":"https:\/\/booksfrommexico.com\/es\/producto\/ek-balam-volumen-0\/","url":"https:\/\/booksfrommexico.com\/es\/producto\/ek-balam-volumen-0\/","name":"Ek Balam. Volumen 0","isPartOf":{"@id":"https:\/\/booksfrommexico.com\/#website"},"primaryImageOfPage":{"@id":"https:\/\/booksfrommexico.com\/es\/producto\/ek-balam-volumen-0\/#primaryimage"},"image":{"@id":"https:\/\/booksfrommexico.com\/es\/producto\/ek-balam-volumen-0\/#primaryimage"},"thumbnailUrl":"https:\/\/booksfrommexico.com\/app\/uploads\/2024\/05\/200157.jpeg","datePublished":"2024-05-28T22:34:54+00:00","dateModified":"2024-09-19T20:21:55+00:00","description":"EK BALAM. VOLUMEN 0. \/ EFS ; Sareki L\u00f3pez (illustrator). Tlaxcala, M\u00e9xico : C\u00f3mictlan, 2022. 100 pages : chiefly color illustrations; 21 cm.","breadcrumb":{"@id":"https:\/\/booksfrommexico.com\/es\/producto\/ek-balam-volumen-0\/#breadcrumb"},"inLanguage":"es","potentialAction":[{"@type":"ReadAction","target":["https:\/\/booksfrommexico.com\/es\/producto\/ek-balam-volumen-0\/"]}]},{"@type":"ImageObject","inLanguage":"es","@id":"https:\/\/booksfrommexico.com\/es\/producto\/ek-balam-volumen-0\/#primaryimage","url":"https:\/\/booksfrommexico.com\/app\/uploads\/2024\/05\/200157.jpeg","contentUrl":"https:\/\/booksfrommexico.com\/app\/uploads\/2024\/05\/200157.jpeg","width":475,"height":620,"caption":"Ek balam, volumen 0"},{"@type":"BreadcrumbList","@id":"https:\/\/booksfrommexico.com\/es\/producto\/ek-balam-volumen-0\/#breadcrumb","itemListElement":[{"@type":"ListItem","position":1,"name":"Home","item":"https:\/\/booksfrommexico.com\/es\/"},{"@type":"ListItem","position":2,"name":"Libros","item":"https:\/\/booksfrommexico.com\/es\/libros\/"},{"@type":"ListItem","position":3,"name":"Ek Balam. Volumen 0"}]},{"@type":"WebSite","@id":"https:\/\/booksfrommexico.com\/#website","url":"https:\/\/booksfrommexico.com\/","name":"Books From Mexico","description":"","publisher":{"@id":"https:\/\/booksfrommexico.com\/#organization"},"potentialAction":[{"@type":"SearchAction","target":{"@type":"EntryPoint","urlTemplate":"https:\/\/booksfrommexico.com\/?s={search_term_string}"},"query-input":{"@type":"PropertyValueSpecification","valueRequired":true,"valueName":"search_term_string"}}],"inLanguage":"es"},{"@type":"Organization","@id":"https:\/\/booksfrommexico.com\/#organization","name":"Books From Mexico","url":"https:\/\/booksfrommexico.com\/","logo":{"@type":"ImageObject","inLanguage":"es","@id":"https:\/\/booksfrommexico.com\/#\/schema\/logo\/image\/","url":"https:\/\/booksfrommexico.com\/app\/uploads\/2023\/05\/logo-booksfrommexico.svg","contentUrl":"https:\/\/booksfrommexico.com\/app\/uploads\/2023\/05\/logo-booksfrommexico.svg","width":86,"height":56,"caption":"Books From Mexico"},"image":{"@id":"https:\/\/booksfrommexico.com\/#\/schema\/logo\/image\/"}}]}},"_links":{"self":[{"href":"https:\/\/booksfrommexico.com\/es\/wp-json\/wp\/v2\/product\/6614","targetHints":{"allow":["GET"]}}],"collection":[{"href":"https:\/\/booksfrommexico.com\/es\/wp-json\/wp\/v2\/product"}],"about":[{"href":"https:\/\/booksfrommexico.com\/es\/wp-json\/wp\/v2\/types\/product"}],"wp:featuredmedia":[{"embeddable":true,"href":"https:\/\/booksfrommexico.com\/es\/wp-json\/wp\/v2\/media\/6875"}],"wp:attachment":[{"href":"https:\/\/booksfrommexico.com\/es\/wp-json\/wp\/v2\/media?parent=6614"}],"wp:term":[{"taxonomy":"product_brand","embeddable":true,"href":"https:\/\/booksfrommexico.com\/es\/wp-json\/wp\/v2\/product_brand?post=6614"},{"taxonomy":"product_cat","embeddable":true,"href":"https:\/\/booksfrommexico.com\/es\/wp-json\/wp\/v2\/product_cat?post=6614"},{"taxonomy":"product_tag","embeddable":true,"href":"https:\/\/booksfrommexico.com\/es\/wp-json\/wp\/v2\/product_tag?post=6614"}],"curies":[{"name":"wp","href":"https:\/\/api.w.org\/{rel}","templated":true}]}}