{"id":6615,"date":"2024-05-28T22:34:54","date_gmt":"2024-05-28T22:34:54","guid":{"rendered":"https:\/\/booksfrommexico.com\/product\/estado-economia-creativa-y-empleo-en-mexico\/"},"modified":"2024-06-05T16:37:46","modified_gmt":"2024-06-05T16:37:46","slug":"estado-economia-creativa-y-empleo-en-mexico","status":"publish","type":"product","link":"https:\/\/booksfrommexico.com\/es\/producto\/estado-economia-creativa-y-empleo-en-mexico\/","title":{"rendered":"Estado, econom\u00eda creativa y empleo en M\u00e9xico"},"content":{"rendered":"<p><span style=\"font-weight: 400;\">Con el fin de hacer viables las diversas modalidades de la econom\u00eda creativa en la generaci\u00f3n de valor p\u00fablico y tomando como base los elementos de gesti\u00f3n como la visi\u00f3n, liderazgo, coordinaci\u00f3n, direcci\u00f3n, incentivos y planificaci\u00f3n, es necesaria una gobernanza adecuada. En este t\u00edtulo se destaca el papel de las industrias creativas y culturales en el fomento de la creatividad, el talento y las habilidades que genera el valor individual, social e institucional con el uso de las tecnolog\u00edas. Se analiza, adem\u00e1s, la importancia, los aportes y los retos que tiene el Estado mexicano en la promoci\u00f3n de una gobernanza eficaz en este \u00e1mbito.<\/span><\/p>\n","protected":false},"excerpt":{"rendered":"<p>ESTADO, ECONOM\u00cdA CREATIVA Y EMPLEO EN M\u00c9XICO<span style=\"font-weight: 400;\">. \/ Jos\u00e9 Mar\u00eda Ramos Garc\u00eda, Rosa Isabel Medina Parra (coordinators). Ramos Garc\u00eda, Jos\u00e9 Mar\u00eda, editor. Tijuana, Baja California, M\u00e9xico : El Colegio de la Frontera Norte, 2023. 204 pages : includes charts, graphics, references, bibliography at the end of each chapter ; 21 cm. ISBN : 9786074795226. <\/span><\/p>\n","protected":false},"featured_media":7064,"template":"","meta":{"_acf_changed":false,"inline_featured_image":false},"product_brand":[],"product_cat":[785,47],"product_tag":[4404,3839],"class_list":{"0":"post-6615","1":"product","2":"type-product","3":"status-publish","4":"has-post-thumbnail","6":"product_cat-condiciones-economicas-nacionales","7":"product_cat-economia","8":"product_tag-economia","9":"product_tag-trabajadores","11":"first","12":"instock","13":"taxable","14":"shipping-taxable","15":"purchasable","16":"product-type-simple"},"acf":[],"yoast_head":"<!-- This site is optimized with the Yoast SEO plugin v27.3 - https:\/\/yoast.com\/product\/yoast-seo-wordpress\/ -->\n<title>Estado, econom\u00eda creativa y empleo en M\u00e9xico<\/title>\n<meta name=\"description\" content=\"ESTADO, ECONOM\u00cdA CREATIVA Y EMPLEO EN M\u00c9XICO. \/ Jos\u00e9 Mar\u00eda Ramos Garc\u00eda, Rosa Isabel Medina Parra (coordinators). El Colegio de la Frontera Norte, 2023.\" \/>\n<meta name=\"robots\" content=\"index, follow, max-snippet:-1, max-image-preview:large, max-video-preview:-1\" \/>\n<link rel=\"canonical\" href=\"https:\/\/booksfrommexico.com\/es\/producto\/estado-economia-creativa-y-empleo-en-mexico\/\" \/>\n<meta property=\"og:locale\" content=\"es_ES\" \/>\n<meta property=\"og:type\" content=\"article\" \/>\n<meta property=\"og:title\" content=\"Estado, econom\u00eda creativa y empleo en M\u00e9xico\" \/>\n<meta property=\"og:description\" content=\"ESTADO, ECONOM\u00cdA CREATIVA Y EMPLEO EN M\u00c9XICO. \/ Jos\u00e9 Mar\u00eda Ramos Garc\u00eda, Rosa Isabel Medina Parra (coordinators). El Colegio de la Frontera Norte, 2023.\" \/>\n<meta property=\"og:url\" content=\"https:\/\/booksfrommexico.com\/es\/producto\/estado-economia-creativa-y-empleo-en-mexico\/\" \/>\n<meta property=\"og:site_name\" content=\"Books From Mexico\" \/>\n<meta property=\"article:modified_time\" content=\"2024-06-05T16:37:46+00:00\" \/>\n<meta property=\"og:image\" content=\"http:\/\/booksfrommexico.com\/app\/uploads\/2024\/05\/200236.jpeg\" \/>\n\t<meta property=\"og:image:width\" content=\"387\" \/>\n\t<meta property=\"og:image:height\" content=\"609\" \/>\n\t<meta property=\"og:image:type\" content=\"image\/jpeg\" \/>\n<meta name=\"twitter:card\" content=\"summary_large_image\" \/>\n<meta name=\"twitter:label1\" content=\"Tiempo de lectura\" \/>\n\t<meta name=\"twitter:data1\" content=\"1 minuto\" \/>\n<script type=\"application\/ld+json\" class=\"yoast-schema-graph\">{\"@context\":\"https:\\\/\\\/schema.org\",\"@graph\":[{\"@type\":\"WebPage\",\"@id\":\"https:\\\/\\\/booksfrommexico.com\\\/es\\\/producto\\\/estado-economia-creativa-y-empleo-en-mexico\\\/\",\"url\":\"https:\\\/\\\/booksfrommexico.com\\\/es\\\/producto\\\/estado-economia-creativa-y-empleo-en-mexico\\\/\",\"name\":\"Estado, econom\u00eda creativa y empleo en M\u00e9xico\",\"isPartOf\":{\"@id\":\"https:\\\/\\\/booksfrommexico.com\\\/#website\"},\"primaryImageOfPage\":{\"@id\":\"https:\\\/\\\/booksfrommexico.com\\\/es\\\/producto\\\/estado-economia-creativa-y-empleo-en-mexico\\\/#primaryimage\"},\"image\":{\"@id\":\"https:\\\/\\\/booksfrommexico.com\\\/es\\\/producto\\\/estado-economia-creativa-y-empleo-en-mexico\\\/#primaryimage\"},\"thumbnailUrl\":\"https:\\\/\\\/booksfrommexico.com\\\/app\\\/uploads\\\/2024\\\/05\\\/200236.jpeg\",\"datePublished\":\"2024-05-28T22:34:54+00:00\",\"dateModified\":\"2024-06-05T16:37:46+00:00\",\"description\":\"ESTADO, ECONOM\u00cdA CREATIVA Y EMPLEO EN M\u00c9XICO. \\\/ Jos\u00e9 Mar\u00eda Ramos Garc\u00eda, Rosa Isabel Medina Parra (coordinators). El Colegio de la Frontera Norte, 2023.\",\"breadcrumb\":{\"@id\":\"https:\\\/\\\/booksfrommexico.com\\\/es\\\/producto\\\/estado-economia-creativa-y-empleo-en-mexico\\\/#breadcrumb\"},\"inLanguage\":\"es\",\"potentialAction\":[{\"@type\":\"ReadAction\",\"target\":[\"https:\\\/\\\/booksfrommexico.com\\\/es\\\/producto\\\/estado-economia-creativa-y-empleo-en-mexico\\\/\"]}]},{\"@type\":\"ImageObject\",\"inLanguage\":\"es\",\"@id\":\"https:\\\/\\\/booksfrommexico.com\\\/es\\\/producto\\\/estado-economia-creativa-y-empleo-en-mexico\\\/#primaryimage\",\"url\":\"https:\\\/\\\/booksfrommexico.com\\\/app\\\/uploads\\\/2024\\\/05\\\/200236.jpeg\",\"contentUrl\":\"https:\\\/\\\/booksfrommexico.com\\\/app\\\/uploads\\\/2024\\\/05\\\/200236.jpeg\",\"width\":387,\"height\":609,\"caption\":\"Estado, econom\u00eda creativa y empleo en M\u00e9xico\"},{\"@type\":\"BreadcrumbList\",\"@id\":\"https:\\\/\\\/booksfrommexico.com\\\/es\\\/producto\\\/estado-economia-creativa-y-empleo-en-mexico\\\/#breadcrumb\",\"itemListElement\":[{\"@type\":\"ListItem\",\"position\":1,\"name\":\"Home\",\"item\":\"https:\\\/\\\/booksfrommexico.com\\\/es\\\/\"},{\"@type\":\"ListItem\",\"position\":2,\"name\":\"Libros\",\"item\":\"https:\\\/\\\/booksfrommexico.com\\\/es\\\/libros\\\/\"},{\"@type\":\"ListItem\",\"position\":3,\"name\":\"Estado, econom\u00eda creativa y empleo en M\u00e9xico\"}]},{\"@type\":\"WebSite\",\"@id\":\"https:\\\/\\\/booksfrommexico.com\\\/#website\",\"url\":\"https:\\\/\\\/booksfrommexico.com\\\/\",\"name\":\"Books From Mexico\",\"description\":\"\",\"publisher\":{\"@id\":\"https:\\\/\\\/booksfrommexico.com\\\/#organization\"},\"potentialAction\":[{\"@type\":\"SearchAction\",\"target\":{\"@type\":\"EntryPoint\",\"urlTemplate\":\"https:\\\/\\\/booksfrommexico.com\\\/?s={search_term_string}\"},\"query-input\":{\"@type\":\"PropertyValueSpecification\",\"valueRequired\":true,\"valueName\":\"search_term_string\"}}],\"inLanguage\":\"es\"},{\"@type\":\"Organization\",\"@id\":\"https:\\\/\\\/booksfrommexico.com\\\/#organization\",\"name\":\"Books From Mexico\",\"url\":\"https:\\\/\\\/booksfrommexico.com\\\/\",\"logo\":{\"@type\":\"ImageObject\",\"inLanguage\":\"es\",\"@id\":\"https:\\\/\\\/booksfrommexico.com\\\/#\\\/schema\\\/logo\\\/image\\\/\",\"url\":\"https:\\\/\\\/booksfrommexico.com\\\/app\\\/uploads\\\/2023\\\/05\\\/logo-booksfrommexico.svg\",\"contentUrl\":\"https:\\\/\\\/booksfrommexico.com\\\/app\\\/uploads\\\/2023\\\/05\\\/logo-booksfrommexico.svg\",\"width\":86,\"height\":56,\"caption\":\"Books From Mexico\"},\"image\":{\"@id\":\"https:\\\/\\\/booksfrommexico.com\\\/#\\\/schema\\\/logo\\\/image\\\/\"}}]}<\/script>\n<!-- \/ Yoast SEO plugin. -->","yoast_head_json":{"title":"Estado, econom\u00eda creativa y empleo en M\u00e9xico","description":"ESTADO, ECONOM\u00cdA CREATIVA Y EMPLEO EN M\u00c9XICO. \/ Jos\u00e9 Mar\u00eda Ramos Garc\u00eda, Rosa Isabel Medina Parra (coordinators). El Colegio de la Frontera Norte, 2023.","robots":{"index":"index","follow":"follow","max-snippet":"max-snippet:-1","max-image-preview":"max-image-preview:large","max-video-preview":"max-video-preview:-1"},"canonical":"https:\/\/booksfrommexico.com\/es\/producto\/estado-economia-creativa-y-empleo-en-mexico\/","og_locale":"es_ES","og_type":"article","og_title":"Estado, econom\u00eda creativa y empleo en M\u00e9xico","og_description":"ESTADO, ECONOM\u00cdA CREATIVA Y EMPLEO EN M\u00c9XICO. \/ Jos\u00e9 Mar\u00eda Ramos Garc\u00eda, Rosa Isabel Medina Parra (coordinators). El Colegio de la Frontera Norte, 2023.","og_url":"https:\/\/booksfrommexico.com\/es\/producto\/estado-economia-creativa-y-empleo-en-mexico\/","og_site_name":"Books From Mexico","article_modified_time":"2024-06-05T16:37:46+00:00","og_image":[{"width":387,"height":609,"url":"http:\/\/booksfrommexico.com\/app\/uploads\/2024\/05\/200236.jpeg","type":"image\/jpeg"}],"twitter_card":"summary_large_image","twitter_misc":{"Tiempo de lectura":"1 minuto"},"schema":{"@context":"https:\/\/schema.org","@graph":[{"@type":"WebPage","@id":"https:\/\/booksfrommexico.com\/es\/producto\/estado-economia-creativa-y-empleo-en-mexico\/","url":"https:\/\/booksfrommexico.com\/es\/producto\/estado-economia-creativa-y-empleo-en-mexico\/","name":"Estado, econom\u00eda creativa y empleo en M\u00e9xico","isPartOf":{"@id":"https:\/\/booksfrommexico.com\/#website"},"primaryImageOfPage":{"@id":"https:\/\/booksfrommexico.com\/es\/producto\/estado-economia-creativa-y-empleo-en-mexico\/#primaryimage"},"image":{"@id":"https:\/\/booksfrommexico.com\/es\/producto\/estado-economia-creativa-y-empleo-en-mexico\/#primaryimage"},"thumbnailUrl":"https:\/\/booksfrommexico.com\/app\/uploads\/2024\/05\/200236.jpeg","datePublished":"2024-05-28T22:34:54+00:00","dateModified":"2024-06-05T16:37:46+00:00","description":"ESTADO, ECONOM\u00cdA CREATIVA Y EMPLEO EN M\u00c9XICO. \/ Jos\u00e9 Mar\u00eda Ramos Garc\u00eda, Rosa Isabel Medina Parra (coordinators). El Colegio de la Frontera Norte, 2023.","breadcrumb":{"@id":"https:\/\/booksfrommexico.com\/es\/producto\/estado-economia-creativa-y-empleo-en-mexico\/#breadcrumb"},"inLanguage":"es","potentialAction":[{"@type":"ReadAction","target":["https:\/\/booksfrommexico.com\/es\/producto\/estado-economia-creativa-y-empleo-en-mexico\/"]}]},{"@type":"ImageObject","inLanguage":"es","@id":"https:\/\/booksfrommexico.com\/es\/producto\/estado-economia-creativa-y-empleo-en-mexico\/#primaryimage","url":"https:\/\/booksfrommexico.com\/app\/uploads\/2024\/05\/200236.jpeg","contentUrl":"https:\/\/booksfrommexico.com\/app\/uploads\/2024\/05\/200236.jpeg","width":387,"height":609,"caption":"Estado, econom\u00eda creativa y empleo en M\u00e9xico"},{"@type":"BreadcrumbList","@id":"https:\/\/booksfrommexico.com\/es\/producto\/estado-economia-creativa-y-empleo-en-mexico\/#breadcrumb","itemListElement":[{"@type":"ListItem","position":1,"name":"Home","item":"https:\/\/booksfrommexico.com\/es\/"},{"@type":"ListItem","position":2,"name":"Libros","item":"https:\/\/booksfrommexico.com\/es\/libros\/"},{"@type":"ListItem","position":3,"name":"Estado, econom\u00eda creativa y empleo en M\u00e9xico"}]},{"@type":"WebSite","@id":"https:\/\/booksfrommexico.com\/#website","url":"https:\/\/booksfrommexico.com\/","name":"Books From Mexico","description":"","publisher":{"@id":"https:\/\/booksfrommexico.com\/#organization"},"potentialAction":[{"@type":"SearchAction","target":{"@type":"EntryPoint","urlTemplate":"https:\/\/booksfrommexico.com\/?s={search_term_string}"},"query-input":{"@type":"PropertyValueSpecification","valueRequired":true,"valueName":"search_term_string"}}],"inLanguage":"es"},{"@type":"Organization","@id":"https:\/\/booksfrommexico.com\/#organization","name":"Books From Mexico","url":"https:\/\/booksfrommexico.com\/","logo":{"@type":"ImageObject","inLanguage":"es","@id":"https:\/\/booksfrommexico.com\/#\/schema\/logo\/image\/","url":"https:\/\/booksfrommexico.com\/app\/uploads\/2023\/05\/logo-booksfrommexico.svg","contentUrl":"https:\/\/booksfrommexico.com\/app\/uploads\/2023\/05\/logo-booksfrommexico.svg","width":86,"height":56,"caption":"Books From Mexico"},"image":{"@id":"https:\/\/booksfrommexico.com\/#\/schema\/logo\/image\/"}}]}},"_links":{"self":[{"href":"https:\/\/booksfrommexico.com\/es\/wp-json\/wp\/v2\/product\/6615","targetHints":{"allow":["GET"]}}],"collection":[{"href":"https:\/\/booksfrommexico.com\/es\/wp-json\/wp\/v2\/product"}],"about":[{"href":"https:\/\/booksfrommexico.com\/es\/wp-json\/wp\/v2\/types\/product"}],"wp:featuredmedia":[{"embeddable":true,"href":"https:\/\/booksfrommexico.com\/es\/wp-json\/wp\/v2\/media\/7064"}],"wp:attachment":[{"href":"https:\/\/booksfrommexico.com\/es\/wp-json\/wp\/v2\/media?parent=6615"}],"wp:term":[{"taxonomy":"product_brand","embeddable":true,"href":"https:\/\/booksfrommexico.com\/es\/wp-json\/wp\/v2\/product_brand?post=6615"},{"taxonomy":"product_cat","embeddable":true,"href":"https:\/\/booksfrommexico.com\/es\/wp-json\/wp\/v2\/product_cat?post=6615"},{"taxonomy":"product_tag","embeddable":true,"href":"https:\/\/booksfrommexico.com\/es\/wp-json\/wp\/v2\/product_tag?post=6615"}],"curies":[{"name":"wp","href":"https:\/\/api.w.org\/{rel}","templated":true}]}}