{"id":6616,"date":"2024-05-28T22:34:55","date_gmt":"2024-05-28T22:34:55","guid":{"rendered":"https:\/\/booksfrommexico.com\/product\/komodo\/"},"modified":"2024-06-25T23:49:57","modified_gmt":"2024-06-25T23:49:57","slug":"komodo","status":"publish","type":"product","link":"https:\/\/booksfrommexico.com\/es\/producto\/komodo\/","title":{"rendered":"Komodo"},"content":{"rendered":"<p><span style=\"font-weight: 400;\">Daniel Bencomo es un poeta, docente y traductor mexicano quien estudi\u00f3 Ingenier\u00eda Mec\u00e1nica y Filosof\u00eda, as\u00ed como una maestr\u00eda en Filosof\u00eda e Historia de las Ideas por la UAZ; su trabajo como cr\u00edtico se ha publicado en la revista <\/span><i><span style=\"font-weight: 400;\">Cr\u00edtica <\/span><\/i><span style=\"font-weight: 400;\">y su trabajo como poeta se ha publicado de manera individual. En este poemario, el autor se decanta por estructuras de versos libres que ocasionalmente se entrelazan con \u201cfotos\u201d, que en realidad son poes\u00eda visual y ofrecen versatilidad al texto. El autor propone con su poes\u00eda mirar m\u00e1s all\u00e1 de la literalidad, para encontrar la belleza y el misterio que guardan los lugares comunes, el espacio y los dragones.<\/span><\/p>\n","protected":false},"excerpt":{"rendered":"<p>KOMODO<span style=\"font-weight: 400;\">. \/ Daniel Bencomo. Quer\u00e9taro, Quer\u00e9taro, M\u00e9xico : Herring Publishers, 2023. 59 pages ; 21 cm.<\/span><\/p>\n","protected":false},"featured_media":6881,"template":"","meta":{"_acf_changed":false,"inline_featured_image":false},"product_brand":[],"product_cat":[25,32],"product_tag":[4124,4115,4180],"class_list":{"0":"post-6616","1":"product","2":"type-product","3":"status-publish","4":"has-post-thumbnail","6":"product_cat-literatura","7":"product_cat-poesia-literatura","8":"product_tag-literatura-es","9":"product_tag-poesia-es","10":"product_tag-poesia-contemporanea","12":"first","13":"instock","14":"taxable","15":"shipping-taxable","16":"purchasable","17":"product-type-simple"},"acf":[],"yoast_head":"<!-- This site is optimized with the Yoast SEO plugin v27.3 - https:\/\/yoast.com\/product\/yoast-seo-wordpress\/ -->\n<title>Komodo<\/title>\n<meta name=\"description\" content=\"KOMODO. \/ Daniel Bencomo. Quer\u00e9taro, Quer\u00e9taro, M\u00e9xico : Herring Publishers, 2023. 59 pages ; 21 cm. [Literature ; Poes\u00eda].\" \/>\n<meta name=\"robots\" content=\"index, follow, max-snippet:-1, max-image-preview:large, max-video-preview:-1\" \/>\n<link rel=\"canonical\" href=\"https:\/\/booksfrommexico.com\/es\/producto\/komodo\/\" \/>\n<meta property=\"og:locale\" content=\"es_ES\" \/>\n<meta property=\"og:type\" content=\"article\" \/>\n<meta property=\"og:title\" content=\"Komodo\" \/>\n<meta property=\"og:description\" content=\"KOMODO. \/ Daniel Bencomo. Quer\u00e9taro, Quer\u00e9taro, M\u00e9xico : Herring Publishers, 2023. 59 pages ; 21 cm. [Literature ; Poes\u00eda].\" \/>\n<meta property=\"og:url\" content=\"https:\/\/booksfrommexico.com\/es\/producto\/komodo\/\" \/>\n<meta property=\"og:site_name\" content=\"Books From Mexico\" \/>\n<meta property=\"article:modified_time\" content=\"2024-06-25T23:49:57+00:00\" \/>\n<meta property=\"og:image\" content=\"http:\/\/booksfrommexico.com\/app\/uploads\/2024\/05\/200658.jpeg\" \/>\n\t<meta property=\"og:image:width\" content=\"395\" \/>\n\t<meta property=\"og:image:height\" content=\"609\" \/>\n\t<meta property=\"og:image:type\" content=\"image\/jpeg\" \/>\n<meta name=\"twitter:card\" content=\"summary_large_image\" \/>\n<meta name=\"twitter:label1\" content=\"Tiempo de lectura\" \/>\n\t<meta name=\"twitter:data1\" content=\"1 minuto\" \/>\n<script type=\"application\/ld+json\" class=\"yoast-schema-graph\">{\"@context\":\"https:\\\/\\\/schema.org\",\"@graph\":[{\"@type\":\"WebPage\",\"@id\":\"https:\\\/\\\/booksfrommexico.com\\\/es\\\/producto\\\/komodo\\\/\",\"url\":\"https:\\\/\\\/booksfrommexico.com\\\/es\\\/producto\\\/komodo\\\/\",\"name\":\"Komodo\",\"isPartOf\":{\"@id\":\"https:\\\/\\\/booksfrommexico.com\\\/#website\"},\"primaryImageOfPage\":{\"@id\":\"https:\\\/\\\/booksfrommexico.com\\\/es\\\/producto\\\/komodo\\\/#primaryimage\"},\"image\":{\"@id\":\"https:\\\/\\\/booksfrommexico.com\\\/es\\\/producto\\\/komodo\\\/#primaryimage\"},\"thumbnailUrl\":\"https:\\\/\\\/booksfrommexico.com\\\/app\\\/uploads\\\/2024\\\/05\\\/200658.jpeg\",\"datePublished\":\"2024-05-28T22:34:55+00:00\",\"dateModified\":\"2024-06-25T23:49:57+00:00\",\"description\":\"KOMODO. \\\/ Daniel Bencomo. Quer\u00e9taro, Quer\u00e9taro, M\u00e9xico : Herring Publishers, 2023. 59 pages ; 21 cm. [Literature ; Poes\u00eda].\",\"breadcrumb\":{\"@id\":\"https:\\\/\\\/booksfrommexico.com\\\/es\\\/producto\\\/komodo\\\/#breadcrumb\"},\"inLanguage\":\"es\",\"potentialAction\":[{\"@type\":\"ReadAction\",\"target\":[\"https:\\\/\\\/booksfrommexico.com\\\/es\\\/producto\\\/komodo\\\/\"]}]},{\"@type\":\"ImageObject\",\"inLanguage\":\"es\",\"@id\":\"https:\\\/\\\/booksfrommexico.com\\\/es\\\/producto\\\/komodo\\\/#primaryimage\",\"url\":\"https:\\\/\\\/booksfrommexico.com\\\/app\\\/uploads\\\/2024\\\/05\\\/200658.jpeg\",\"contentUrl\":\"https:\\\/\\\/booksfrommexico.com\\\/app\\\/uploads\\\/2024\\\/05\\\/200658.jpeg\",\"width\":395,\"height\":609,\"caption\":\"Komodo\"},{\"@type\":\"BreadcrumbList\",\"@id\":\"https:\\\/\\\/booksfrommexico.com\\\/es\\\/producto\\\/komodo\\\/#breadcrumb\",\"itemListElement\":[{\"@type\":\"ListItem\",\"position\":1,\"name\":\"Home\",\"item\":\"https:\\\/\\\/booksfrommexico.com\\\/es\\\/\"},{\"@type\":\"ListItem\",\"position\":2,\"name\":\"Libros\",\"item\":\"https:\\\/\\\/booksfrommexico.com\\\/es\\\/libros\\\/\"},{\"@type\":\"ListItem\",\"position\":3,\"name\":\"Komodo\"}]},{\"@type\":\"WebSite\",\"@id\":\"https:\\\/\\\/booksfrommexico.com\\\/#website\",\"url\":\"https:\\\/\\\/booksfrommexico.com\\\/\",\"name\":\"Books From Mexico\",\"description\":\"\",\"publisher\":{\"@id\":\"https:\\\/\\\/booksfrommexico.com\\\/#organization\"},\"potentialAction\":[{\"@type\":\"SearchAction\",\"target\":{\"@type\":\"EntryPoint\",\"urlTemplate\":\"https:\\\/\\\/booksfrommexico.com\\\/?s={search_term_string}\"},\"query-input\":{\"@type\":\"PropertyValueSpecification\",\"valueRequired\":true,\"valueName\":\"search_term_string\"}}],\"inLanguage\":\"es\"},{\"@type\":\"Organization\",\"@id\":\"https:\\\/\\\/booksfrommexico.com\\\/#organization\",\"name\":\"Books From Mexico\",\"url\":\"https:\\\/\\\/booksfrommexico.com\\\/\",\"logo\":{\"@type\":\"ImageObject\",\"inLanguage\":\"es\",\"@id\":\"https:\\\/\\\/booksfrommexico.com\\\/#\\\/schema\\\/logo\\\/image\\\/\",\"url\":\"https:\\\/\\\/booksfrommexico.com\\\/app\\\/uploads\\\/2023\\\/05\\\/logo-booksfrommexico.svg\",\"contentUrl\":\"https:\\\/\\\/booksfrommexico.com\\\/app\\\/uploads\\\/2023\\\/05\\\/logo-booksfrommexico.svg\",\"width\":86,\"height\":56,\"caption\":\"Books From Mexico\"},\"image\":{\"@id\":\"https:\\\/\\\/booksfrommexico.com\\\/#\\\/schema\\\/logo\\\/image\\\/\"}}]}<\/script>\n<!-- \/ Yoast SEO plugin. -->","yoast_head_json":{"title":"Komodo","description":"KOMODO. \/ Daniel Bencomo. Quer\u00e9taro, Quer\u00e9taro, M\u00e9xico : Herring Publishers, 2023. 59 pages ; 21 cm. [Literature ; Poes\u00eda].","robots":{"index":"index","follow":"follow","max-snippet":"max-snippet:-1","max-image-preview":"max-image-preview:large","max-video-preview":"max-video-preview:-1"},"canonical":"https:\/\/booksfrommexico.com\/es\/producto\/komodo\/","og_locale":"es_ES","og_type":"article","og_title":"Komodo","og_description":"KOMODO. \/ Daniel Bencomo. Quer\u00e9taro, Quer\u00e9taro, M\u00e9xico : Herring Publishers, 2023. 59 pages ; 21 cm. [Literature ; Poes\u00eda].","og_url":"https:\/\/booksfrommexico.com\/es\/producto\/komodo\/","og_site_name":"Books From Mexico","article_modified_time":"2024-06-25T23:49:57+00:00","og_image":[{"width":395,"height":609,"url":"http:\/\/booksfrommexico.com\/app\/uploads\/2024\/05\/200658.jpeg","type":"image\/jpeg"}],"twitter_card":"summary_large_image","twitter_misc":{"Tiempo de lectura":"1 minuto"},"schema":{"@context":"https:\/\/schema.org","@graph":[{"@type":"WebPage","@id":"https:\/\/booksfrommexico.com\/es\/producto\/komodo\/","url":"https:\/\/booksfrommexico.com\/es\/producto\/komodo\/","name":"Komodo","isPartOf":{"@id":"https:\/\/booksfrommexico.com\/#website"},"primaryImageOfPage":{"@id":"https:\/\/booksfrommexico.com\/es\/producto\/komodo\/#primaryimage"},"image":{"@id":"https:\/\/booksfrommexico.com\/es\/producto\/komodo\/#primaryimage"},"thumbnailUrl":"https:\/\/booksfrommexico.com\/app\/uploads\/2024\/05\/200658.jpeg","datePublished":"2024-05-28T22:34:55+00:00","dateModified":"2024-06-25T23:49:57+00:00","description":"KOMODO. \/ Daniel Bencomo. Quer\u00e9taro, Quer\u00e9taro, M\u00e9xico : Herring Publishers, 2023. 59 pages ; 21 cm. [Literature ; Poes\u00eda].","breadcrumb":{"@id":"https:\/\/booksfrommexico.com\/es\/producto\/komodo\/#breadcrumb"},"inLanguage":"es","potentialAction":[{"@type":"ReadAction","target":["https:\/\/booksfrommexico.com\/es\/producto\/komodo\/"]}]},{"@type":"ImageObject","inLanguage":"es","@id":"https:\/\/booksfrommexico.com\/es\/producto\/komodo\/#primaryimage","url":"https:\/\/booksfrommexico.com\/app\/uploads\/2024\/05\/200658.jpeg","contentUrl":"https:\/\/booksfrommexico.com\/app\/uploads\/2024\/05\/200658.jpeg","width":395,"height":609,"caption":"Komodo"},{"@type":"BreadcrumbList","@id":"https:\/\/booksfrommexico.com\/es\/producto\/komodo\/#breadcrumb","itemListElement":[{"@type":"ListItem","position":1,"name":"Home","item":"https:\/\/booksfrommexico.com\/es\/"},{"@type":"ListItem","position":2,"name":"Libros","item":"https:\/\/booksfrommexico.com\/es\/libros\/"},{"@type":"ListItem","position":3,"name":"Komodo"}]},{"@type":"WebSite","@id":"https:\/\/booksfrommexico.com\/#website","url":"https:\/\/booksfrommexico.com\/","name":"Books From Mexico","description":"","publisher":{"@id":"https:\/\/booksfrommexico.com\/#organization"},"potentialAction":[{"@type":"SearchAction","target":{"@type":"EntryPoint","urlTemplate":"https:\/\/booksfrommexico.com\/?s={search_term_string}"},"query-input":{"@type":"PropertyValueSpecification","valueRequired":true,"valueName":"search_term_string"}}],"inLanguage":"es"},{"@type":"Organization","@id":"https:\/\/booksfrommexico.com\/#organization","name":"Books From Mexico","url":"https:\/\/booksfrommexico.com\/","logo":{"@type":"ImageObject","inLanguage":"es","@id":"https:\/\/booksfrommexico.com\/#\/schema\/logo\/image\/","url":"https:\/\/booksfrommexico.com\/app\/uploads\/2023\/05\/logo-booksfrommexico.svg","contentUrl":"https:\/\/booksfrommexico.com\/app\/uploads\/2023\/05\/logo-booksfrommexico.svg","width":86,"height":56,"caption":"Books From Mexico"},"image":{"@id":"https:\/\/booksfrommexico.com\/#\/schema\/logo\/image\/"}}]}},"_links":{"self":[{"href":"https:\/\/booksfrommexico.com\/es\/wp-json\/wp\/v2\/product\/6616","targetHints":{"allow":["GET"]}}],"collection":[{"href":"https:\/\/booksfrommexico.com\/es\/wp-json\/wp\/v2\/product"}],"about":[{"href":"https:\/\/booksfrommexico.com\/es\/wp-json\/wp\/v2\/types\/product"}],"wp:featuredmedia":[{"embeddable":true,"href":"https:\/\/booksfrommexico.com\/es\/wp-json\/wp\/v2\/media\/6881"}],"wp:attachment":[{"href":"https:\/\/booksfrommexico.com\/es\/wp-json\/wp\/v2\/media?parent=6616"}],"wp:term":[{"taxonomy":"product_brand","embeddable":true,"href":"https:\/\/booksfrommexico.com\/es\/wp-json\/wp\/v2\/product_brand?post=6616"},{"taxonomy":"product_cat","embeddable":true,"href":"https:\/\/booksfrommexico.com\/es\/wp-json\/wp\/v2\/product_cat?post=6616"},{"taxonomy":"product_tag","embeddable":true,"href":"https:\/\/booksfrommexico.com\/es\/wp-json\/wp\/v2\/product_tag?post=6616"}],"curies":[{"name":"wp","href":"https:\/\/api.w.org\/{rel}","templated":true}]}}