{"id":6619,"date":"2024-05-28T22:34:55","date_gmt":"2024-05-28T22:34:55","guid":{"rendered":"https:\/\/booksfrommexico.com\/product\/soy-un-gerundio-no-se-que-soy-estoy-siendo-travesti-enttrevistas-y-articulos\/"},"modified":"2024-11-21T22:46:00","modified_gmt":"2024-11-21T22:46:00","slug":"soy-un-gerundio-no-se-que-soy-estoy-siendo-travesti-enttrevistas-y-articulos","status":"publish","type":"product","link":"https:\/\/booksfrommexico.com\/es\/producto\/soy-un-gerundio-no-se-que-soy-estoy-siendo-travesti-enttrevistas-y-articulos\/","title":{"rendered":"Sobre la gordura y los queer ; Soy un gerundio"},"content":{"rendered":"<p><i><span style=\"font-weight: 400;\">Autoformaci\u00f3n feminista <\/span><\/i><span style=\"font-weight: 400;\">es un ciclo de encuentros promovidos por la librer\u00eda La Cosecha, para promover\u00a0 la convivencia entre mujeres y personas disidentes de g\u00e9nero para leer juntas, escucharse y relacionasrse con otras mujeres e identidades sexuales de otras partes del mundo. El t\u00edtulo de Marlene Wayar es una compilaci\u00f3n de entrevistas y art\u00edculos parte del segundo c\u00edrculo de Autoformaci\u00f3n, realizado en 2021; el segundo t\u00edtulo es un cap\u00edtulo de <\/span><i><span style=\"font-weight: 400;\">La cerda punk. Ensayos desde un feminismo gordo, l\u00e9sbiko, antikapitalista y antiespecista<\/span><\/i><span style=\"font-weight: 400;\">, parte del segundo ciclo de autoformaci\u00f3n realizado en 2021.<\/span><\/p>\n","protected":false},"excerpt":{"rendered":"<p>SOBRE LA GORDURA Y LOS QUEER ; \u00abSOY UN GERUNDIO: NO S\u00c9 QUE SOY, S\u00cd QUE ESTOY SIENDO TRAVESTI\u00bb : ENTREVISTAS Y ARTICULOS<span style=\"font-weight: 400;\">. \/ Contanzx \u00c1lvarez Castillo ; Marlene Wayar. San Crist\u00f3bal de las Casas, Chiapas, M\u00e9xico : Taller de La Cosecha, 2021. 21 pages : includes illustrations, chart ; 20 cm. (Ciclo de Autoformaci\u00f3n Feminista). <\/span><\/p>\n","protected":false},"featured_media":7054,"template":"","meta":{"_acf_changed":false,"inline_featured_image":false},"product_brand":[],"product_cat":[147,1551,25],"product_tag":[4211,3944,4197,4161],"class_list":{"0":"post-6619","1":"product","2":"type-product","3":"status-publish","4":"has-post-thumbnail","6":"product_cat-estudios-de-genero","7":"product_cat-feminismo-estudios-de-genero","8":"product_cat-literatura","9":"product_tag-feminismo","10":"product_tag-feminismo-en-la-literatura","11":"product_tag-identidad-lgbt","12":"product_tag-lgbt","14":"first","15":"instock","16":"taxable","17":"shipping-taxable","18":"purchasable","19":"product-type-simple"},"acf":[],"yoast_head":"<!-- This site is optimized with the Yoast SEO plugin v27.3 - https:\/\/yoast.com\/product\/yoast-seo-wordpress\/ -->\n<title>Sobre la gordura y los queer ; Soy un gerundio<\/title>\n<meta name=\"description\" content=\"SOBRE LA GORDURA Y LOS QUEER ; &quot;SOY UN GERUNDIO: NO S\u00c9 QUE SOY, S\u00cd QUE ESTOY SIENDO TRAVESTI&quot; : ENTREVISTAS Y ARTICULOS. \/ \u00c1lvarez Castillo ; Wayar.\" \/>\n<meta name=\"robots\" content=\"index, follow, max-snippet:-1, max-image-preview:large, max-video-preview:-1\" \/>\n<link rel=\"canonical\" href=\"https:\/\/booksfrommexico.com\/es\/producto\/soy-un-gerundio-no-se-que-soy-estoy-siendo-travesti-enttrevistas-y-articulos\/\" \/>\n<meta property=\"og:locale\" content=\"es_ES\" \/>\n<meta property=\"og:type\" content=\"article\" \/>\n<meta property=\"og:title\" content=\"Sobre la gordura y los queer ; Soy un gerundio\" \/>\n<meta property=\"og:description\" content=\"SOBRE LA GORDURA Y LOS QUEER ; &quot;SOY UN GERUNDIO: NO S\u00c9 QUE SOY, S\u00cd QUE ESTOY SIENDO TRAVESTI&quot; : ENTREVISTAS Y ARTICULOS. \/ \u00c1lvarez Castillo ; Wayar.\" \/>\n<meta property=\"og:url\" content=\"https:\/\/booksfrommexico.com\/es\/producto\/soy-un-gerundio-no-se-que-soy-estoy-siendo-travesti-enttrevistas-y-articulos\/\" \/>\n<meta property=\"og:site_name\" content=\"Books From Mexico\" \/>\n<meta property=\"article:modified_time\" content=\"2024-11-21T22:46:00+00:00\" \/>\n<meta property=\"og:image\" content=\"http:\/\/booksfrommexico.com\/app\/uploads\/2024\/05\/200781.jpeg\" \/>\n\t<meta property=\"og:image:width\" content=\"500\" \/>\n\t<meta property=\"og:image:height\" content=\"778\" \/>\n\t<meta property=\"og:image:type\" content=\"image\/jpeg\" \/>\n<meta name=\"twitter:card\" content=\"summary_large_image\" \/>\n<meta name=\"twitter:label1\" content=\"Tiempo de lectura\" \/>\n\t<meta name=\"twitter:data1\" content=\"1 minuto\" \/>\n<script type=\"application\/ld+json\" class=\"yoast-schema-graph\">{\"@context\":\"https:\\\/\\\/schema.org\",\"@graph\":[{\"@type\":\"WebPage\",\"@id\":\"https:\\\/\\\/booksfrommexico.com\\\/es\\\/producto\\\/soy-un-gerundio-no-se-que-soy-estoy-siendo-travesti-enttrevistas-y-articulos\\\/\",\"url\":\"https:\\\/\\\/booksfrommexico.com\\\/es\\\/producto\\\/soy-un-gerundio-no-se-que-soy-estoy-siendo-travesti-enttrevistas-y-articulos\\\/\",\"name\":\"Sobre la gordura y los queer ; Soy un gerundio\",\"isPartOf\":{\"@id\":\"https:\\\/\\\/booksfrommexico.com\\\/#website\"},\"primaryImageOfPage\":{\"@id\":\"https:\\\/\\\/booksfrommexico.com\\\/es\\\/producto\\\/soy-un-gerundio-no-se-que-soy-estoy-siendo-travesti-enttrevistas-y-articulos\\\/#primaryimage\"},\"image\":{\"@id\":\"https:\\\/\\\/booksfrommexico.com\\\/es\\\/producto\\\/soy-un-gerundio-no-se-que-soy-estoy-siendo-travesti-enttrevistas-y-articulos\\\/#primaryimage\"},\"thumbnailUrl\":\"https:\\\/\\\/booksfrommexico.com\\\/app\\\/uploads\\\/2024\\\/05\\\/200781.jpeg\",\"datePublished\":\"2024-05-28T22:34:55+00:00\",\"dateModified\":\"2024-11-21T22:46:00+00:00\",\"description\":\"SOBRE LA GORDURA Y LOS QUEER ; \\\"SOY UN GERUNDIO: NO S\u00c9 QUE SOY, S\u00cd QUE ESTOY SIENDO TRAVESTI\\\" : ENTREVISTAS Y ARTICULOS. \\\/ \u00c1lvarez Castillo ; Wayar.\",\"breadcrumb\":{\"@id\":\"https:\\\/\\\/booksfrommexico.com\\\/es\\\/producto\\\/soy-un-gerundio-no-se-que-soy-estoy-siendo-travesti-enttrevistas-y-articulos\\\/#breadcrumb\"},\"inLanguage\":\"es\",\"potentialAction\":[{\"@type\":\"ReadAction\",\"target\":[\"https:\\\/\\\/booksfrommexico.com\\\/es\\\/producto\\\/soy-un-gerundio-no-se-que-soy-estoy-siendo-travesti-enttrevistas-y-articulos\\\/\"]}]},{\"@type\":\"ImageObject\",\"inLanguage\":\"es\",\"@id\":\"https:\\\/\\\/booksfrommexico.com\\\/es\\\/producto\\\/soy-un-gerundio-no-se-que-soy-estoy-siendo-travesti-enttrevistas-y-articulos\\\/#primaryimage\",\"url\":\"https:\\\/\\\/booksfrommexico.com\\\/app\\\/uploads\\\/2024\\\/05\\\/200781.jpeg\",\"contentUrl\":\"https:\\\/\\\/booksfrommexico.com\\\/app\\\/uploads\\\/2024\\\/05\\\/200781.jpeg\",\"width\":500,\"height\":778,\"caption\":\"Soy un gerundio: no se que soy, estoy siendo travesti entrevistas y articulos\"},{\"@type\":\"BreadcrumbList\",\"@id\":\"https:\\\/\\\/booksfrommexico.com\\\/es\\\/producto\\\/soy-un-gerundio-no-se-que-soy-estoy-siendo-travesti-enttrevistas-y-articulos\\\/#breadcrumb\",\"itemListElement\":[{\"@type\":\"ListItem\",\"position\":1,\"name\":\"Home\",\"item\":\"https:\\\/\\\/booksfrommexico.com\\\/es\\\/\"},{\"@type\":\"ListItem\",\"position\":2,\"name\":\"Libros\",\"item\":\"https:\\\/\\\/booksfrommexico.com\\\/es\\\/libros\\\/\"},{\"@type\":\"ListItem\",\"position\":3,\"name\":\"Sobre la gordura y los queer ; Soy un gerundio\"}]},{\"@type\":\"WebSite\",\"@id\":\"https:\\\/\\\/booksfrommexico.com\\\/#website\",\"url\":\"https:\\\/\\\/booksfrommexico.com\\\/\",\"name\":\"Books From Mexico\",\"description\":\"\",\"publisher\":{\"@id\":\"https:\\\/\\\/booksfrommexico.com\\\/#organization\"},\"potentialAction\":[{\"@type\":\"SearchAction\",\"target\":{\"@type\":\"EntryPoint\",\"urlTemplate\":\"https:\\\/\\\/booksfrommexico.com\\\/?s={search_term_string}\"},\"query-input\":{\"@type\":\"PropertyValueSpecification\",\"valueRequired\":true,\"valueName\":\"search_term_string\"}}],\"inLanguage\":\"es\"},{\"@type\":\"Organization\",\"@id\":\"https:\\\/\\\/booksfrommexico.com\\\/#organization\",\"name\":\"Books From Mexico\",\"url\":\"https:\\\/\\\/booksfrommexico.com\\\/\",\"logo\":{\"@type\":\"ImageObject\",\"inLanguage\":\"es\",\"@id\":\"https:\\\/\\\/booksfrommexico.com\\\/#\\\/schema\\\/logo\\\/image\\\/\",\"url\":\"https:\\\/\\\/booksfrommexico.com\\\/app\\\/uploads\\\/2023\\\/05\\\/logo-booksfrommexico.svg\",\"contentUrl\":\"https:\\\/\\\/booksfrommexico.com\\\/app\\\/uploads\\\/2023\\\/05\\\/logo-booksfrommexico.svg\",\"width\":86,\"height\":56,\"caption\":\"Books From Mexico\"},\"image\":{\"@id\":\"https:\\\/\\\/booksfrommexico.com\\\/#\\\/schema\\\/logo\\\/image\\\/\"}}]}<\/script>\n<!-- \/ Yoast SEO plugin. -->","yoast_head_json":{"title":"Sobre la gordura y los queer ; Soy un gerundio","description":"SOBRE LA GORDURA Y LOS QUEER ; \"SOY UN GERUNDIO: NO S\u00c9 QUE SOY, S\u00cd QUE ESTOY SIENDO TRAVESTI\" : ENTREVISTAS Y ARTICULOS. \/ \u00c1lvarez Castillo ; Wayar.","robots":{"index":"index","follow":"follow","max-snippet":"max-snippet:-1","max-image-preview":"max-image-preview:large","max-video-preview":"max-video-preview:-1"},"canonical":"https:\/\/booksfrommexico.com\/es\/producto\/soy-un-gerundio-no-se-que-soy-estoy-siendo-travesti-enttrevistas-y-articulos\/","og_locale":"es_ES","og_type":"article","og_title":"Sobre la gordura y los queer ; Soy un gerundio","og_description":"SOBRE LA GORDURA Y LOS QUEER ; \"SOY UN GERUNDIO: NO S\u00c9 QUE SOY, S\u00cd QUE ESTOY SIENDO TRAVESTI\" : ENTREVISTAS Y ARTICULOS. \/ \u00c1lvarez Castillo ; Wayar.","og_url":"https:\/\/booksfrommexico.com\/es\/producto\/soy-un-gerundio-no-se-que-soy-estoy-siendo-travesti-enttrevistas-y-articulos\/","og_site_name":"Books From Mexico","article_modified_time":"2024-11-21T22:46:00+00:00","og_image":[{"width":500,"height":778,"url":"http:\/\/booksfrommexico.com\/app\/uploads\/2024\/05\/200781.jpeg","type":"image\/jpeg"}],"twitter_card":"summary_large_image","twitter_misc":{"Tiempo de lectura":"1 minuto"},"schema":{"@context":"https:\/\/schema.org","@graph":[{"@type":"WebPage","@id":"https:\/\/booksfrommexico.com\/es\/producto\/soy-un-gerundio-no-se-que-soy-estoy-siendo-travesti-enttrevistas-y-articulos\/","url":"https:\/\/booksfrommexico.com\/es\/producto\/soy-un-gerundio-no-se-que-soy-estoy-siendo-travesti-enttrevistas-y-articulos\/","name":"Sobre la gordura y los queer ; Soy un gerundio","isPartOf":{"@id":"https:\/\/booksfrommexico.com\/#website"},"primaryImageOfPage":{"@id":"https:\/\/booksfrommexico.com\/es\/producto\/soy-un-gerundio-no-se-que-soy-estoy-siendo-travesti-enttrevistas-y-articulos\/#primaryimage"},"image":{"@id":"https:\/\/booksfrommexico.com\/es\/producto\/soy-un-gerundio-no-se-que-soy-estoy-siendo-travesti-enttrevistas-y-articulos\/#primaryimage"},"thumbnailUrl":"https:\/\/booksfrommexico.com\/app\/uploads\/2024\/05\/200781.jpeg","datePublished":"2024-05-28T22:34:55+00:00","dateModified":"2024-11-21T22:46:00+00:00","description":"SOBRE LA GORDURA Y LOS QUEER ; \"SOY UN GERUNDIO: NO S\u00c9 QUE SOY, S\u00cd QUE ESTOY SIENDO TRAVESTI\" : ENTREVISTAS Y ARTICULOS. \/ \u00c1lvarez Castillo ; Wayar.","breadcrumb":{"@id":"https:\/\/booksfrommexico.com\/es\/producto\/soy-un-gerundio-no-se-que-soy-estoy-siendo-travesti-enttrevistas-y-articulos\/#breadcrumb"},"inLanguage":"es","potentialAction":[{"@type":"ReadAction","target":["https:\/\/booksfrommexico.com\/es\/producto\/soy-un-gerundio-no-se-que-soy-estoy-siendo-travesti-enttrevistas-y-articulos\/"]}]},{"@type":"ImageObject","inLanguage":"es","@id":"https:\/\/booksfrommexico.com\/es\/producto\/soy-un-gerundio-no-se-que-soy-estoy-siendo-travesti-enttrevistas-y-articulos\/#primaryimage","url":"https:\/\/booksfrommexico.com\/app\/uploads\/2024\/05\/200781.jpeg","contentUrl":"https:\/\/booksfrommexico.com\/app\/uploads\/2024\/05\/200781.jpeg","width":500,"height":778,"caption":"Soy un gerundio: no se que soy, estoy siendo travesti entrevistas y articulos"},{"@type":"BreadcrumbList","@id":"https:\/\/booksfrommexico.com\/es\/producto\/soy-un-gerundio-no-se-que-soy-estoy-siendo-travesti-enttrevistas-y-articulos\/#breadcrumb","itemListElement":[{"@type":"ListItem","position":1,"name":"Home","item":"https:\/\/booksfrommexico.com\/es\/"},{"@type":"ListItem","position":2,"name":"Libros","item":"https:\/\/booksfrommexico.com\/es\/libros\/"},{"@type":"ListItem","position":3,"name":"Sobre la gordura y los queer ; Soy un gerundio"}]},{"@type":"WebSite","@id":"https:\/\/booksfrommexico.com\/#website","url":"https:\/\/booksfrommexico.com\/","name":"Books From Mexico","description":"","publisher":{"@id":"https:\/\/booksfrommexico.com\/#organization"},"potentialAction":[{"@type":"SearchAction","target":{"@type":"EntryPoint","urlTemplate":"https:\/\/booksfrommexico.com\/?s={search_term_string}"},"query-input":{"@type":"PropertyValueSpecification","valueRequired":true,"valueName":"search_term_string"}}],"inLanguage":"es"},{"@type":"Organization","@id":"https:\/\/booksfrommexico.com\/#organization","name":"Books From Mexico","url":"https:\/\/booksfrommexico.com\/","logo":{"@type":"ImageObject","inLanguage":"es","@id":"https:\/\/booksfrommexico.com\/#\/schema\/logo\/image\/","url":"https:\/\/booksfrommexico.com\/app\/uploads\/2023\/05\/logo-booksfrommexico.svg","contentUrl":"https:\/\/booksfrommexico.com\/app\/uploads\/2023\/05\/logo-booksfrommexico.svg","width":86,"height":56,"caption":"Books From Mexico"},"image":{"@id":"https:\/\/booksfrommexico.com\/#\/schema\/logo\/image\/"}}]}},"_links":{"self":[{"href":"https:\/\/booksfrommexico.com\/es\/wp-json\/wp\/v2\/product\/6619","targetHints":{"allow":["GET"]}}],"collection":[{"href":"https:\/\/booksfrommexico.com\/es\/wp-json\/wp\/v2\/product"}],"about":[{"href":"https:\/\/booksfrommexico.com\/es\/wp-json\/wp\/v2\/types\/product"}],"wp:featuredmedia":[{"embeddable":true,"href":"https:\/\/booksfrommexico.com\/es\/wp-json\/wp\/v2\/media\/7054"}],"wp:attachment":[{"href":"https:\/\/booksfrommexico.com\/es\/wp-json\/wp\/v2\/media?parent=6619"}],"wp:term":[{"taxonomy":"product_brand","embeddable":true,"href":"https:\/\/booksfrommexico.com\/es\/wp-json\/wp\/v2\/product_brand?post=6619"},{"taxonomy":"product_cat","embeddable":true,"href":"https:\/\/booksfrommexico.com\/es\/wp-json\/wp\/v2\/product_cat?post=6619"},{"taxonomy":"product_tag","embeddable":true,"href":"https:\/\/booksfrommexico.com\/es\/wp-json\/wp\/v2\/product_tag?post=6619"}],"curies":[{"name":"wp","href":"https:\/\/api.w.org\/{rel}","templated":true}]}}