{"id":6620,"date":"2024-05-28T22:34:55","date_gmt":"2024-05-28T22:34:55","guid":{"rendered":"https:\/\/booksfrommexico.com\/product\/artefacto-numero-2-marzo-2013\/"},"modified":"2024-06-05T20:26:32","modified_gmt":"2024-06-05T20:26:32","slug":"artefacto-numero-2-marzo-2013","status":"publish","type":"product","link":"https:\/\/booksfrommexico.com\/es\/producto\/artefacto-numero-2-marzo-2013\/","title":{"rendered":"Artefacto, n\u00famero 2, marzo 2013"},"content":{"rendered":"<p><span style=\"font-weight: 400;\">El fen\u00f3meno zombie creado por George A. Romero en \u201cNight of the living dead\u201d se ha mantenido a trav\u00e9s de los a\u00f1os como uno de los m\u00e1s vers\u00e1tiles, especialmente por lo que puede representar: desde los peligros del consumismo, las masas de gente, los extremos a los que llegar\u00eda la humanidad por sobrevivir, hasta un cataclismo natural. <\/span><i><span style=\"font-weight: 400;\">Artefacto <\/span><\/i><span style=\"font-weight: 400;\">(en este, su segundo volumen) se suma al fen\u00f3meno de los muertos vivientes para contar historias de sobrevivencia, valor, peligro y terror mediante esta antolog\u00eda de 5 historietas impresas a tinta negra: \u201cNinjas en acci\u00f3n\u201d, \u201cCucarachas\u201d, \u201cMena\u201d, \u201cLazaro y las magdalenas\u201d y \u201cMata a la bestia\u201d.<\/span><\/p>\n","protected":false},"excerpt":{"rendered":"<p>ARTEFACTO : ANTOLOG\u00cdA CREATIVA ILUSTRADA<span style=\"font-weight: 400;\">. \/ Ecatepec, M\u00e9xico : OverHead Studio, 2013. [20 unpaged sheets] : chiefly illustrations ; 26 cm. <\/span><\/p>\n","protected":false},"featured_media":6887,"template":"","meta":{"_acf_changed":false,"inline_featured_image":false},"product_brand":[],"product_cat":[4159],"product_tag":[3769,4420],"class_list":{"0":"post-6620","1":"product","2":"type-product","3":"status-publish","4":"has-post-thumbnail","6":"product_cat-comic","7":"product_tag-obras-ilustradas","8":"product_tag-zombies","10":"first","11":"instock","12":"taxable","13":"shipping-taxable","14":"purchasable","15":"product-type-simple"},"acf":[],"yoast_head":"<!-- This site is optimized with the Yoast SEO plugin v27.3 - https:\/\/yoast.com\/product\/yoast-seo-wordpress\/ -->\n<title>Artefacto, n\u00famero 2, marzo 2013<\/title>\n<meta name=\"description\" content=\"ARTEFACTO : ANTOLOG\u00cdA CREATIVA ILUSTRADA. \/ Ecatepec, M\u00e9xico : OverHead Studio, 2013. [20 unpaged sheets] : chiefly illustrations ; 26 cm.\" \/>\n<meta name=\"robots\" content=\"index, follow, max-snippet:-1, max-image-preview:large, max-video-preview:-1\" \/>\n<link rel=\"canonical\" href=\"https:\/\/booksfrommexico.com\/es\/producto\/artefacto-numero-2-marzo-2013\/\" \/>\n<meta property=\"og:locale\" content=\"es_ES\" \/>\n<meta property=\"og:type\" content=\"article\" \/>\n<meta property=\"og:title\" content=\"Artefacto, n\u00famero 2, marzo 2013\" \/>\n<meta property=\"og:description\" content=\"ARTEFACTO : ANTOLOG\u00cdA CREATIVA ILUSTRADA. \/ Ecatepec, M\u00e9xico : OverHead Studio, 2013. [20 unpaged sheets] : chiefly illustrations ; 26 cm.\" \/>\n<meta property=\"og:url\" content=\"https:\/\/booksfrommexico.com\/es\/producto\/artefacto-numero-2-marzo-2013\/\" \/>\n<meta property=\"og:site_name\" content=\"Books From Mexico\" \/>\n<meta property=\"article:modified_time\" content=\"2024-06-05T20:26:32+00:00\" \/>\n<meta property=\"og:image\" content=\"http:\/\/booksfrommexico.com\/app\/uploads\/2024\/05\/200827.jpeg\" \/>\n\t<meta property=\"og:image:width\" content=\"488\" \/>\n\t<meta property=\"og:image:height\" content=\"752\" \/>\n\t<meta property=\"og:image:type\" content=\"image\/jpeg\" \/>\n<meta name=\"twitter:card\" content=\"summary_large_image\" \/>\n<meta name=\"twitter:label1\" content=\"Tiempo de lectura\" \/>\n\t<meta name=\"twitter:data1\" content=\"1 minuto\" \/>\n<script type=\"application\/ld+json\" class=\"yoast-schema-graph\">{\"@context\":\"https:\\\/\\\/schema.org\",\"@graph\":[{\"@type\":\"WebPage\",\"@id\":\"https:\\\/\\\/booksfrommexico.com\\\/es\\\/producto\\\/artefacto-numero-2-marzo-2013\\\/\",\"url\":\"https:\\\/\\\/booksfrommexico.com\\\/es\\\/producto\\\/artefacto-numero-2-marzo-2013\\\/\",\"name\":\"Artefacto, n\u00famero 2, marzo 2013\",\"isPartOf\":{\"@id\":\"https:\\\/\\\/booksfrommexico.com\\\/#website\"},\"primaryImageOfPage\":{\"@id\":\"https:\\\/\\\/booksfrommexico.com\\\/es\\\/producto\\\/artefacto-numero-2-marzo-2013\\\/#primaryimage\"},\"image\":{\"@id\":\"https:\\\/\\\/booksfrommexico.com\\\/es\\\/producto\\\/artefacto-numero-2-marzo-2013\\\/#primaryimage\"},\"thumbnailUrl\":\"https:\\\/\\\/booksfrommexico.com\\\/app\\\/uploads\\\/2024\\\/05\\\/200827.jpeg\",\"datePublished\":\"2024-05-28T22:34:55+00:00\",\"dateModified\":\"2024-06-05T20:26:32+00:00\",\"description\":\"ARTEFACTO : ANTOLOG\u00cdA CREATIVA ILUSTRADA. \\\/ Ecatepec, M\u00e9xico : OverHead Studio, 2013. [20 unpaged sheets] : chiefly illustrations ; 26 cm.\",\"breadcrumb\":{\"@id\":\"https:\\\/\\\/booksfrommexico.com\\\/es\\\/producto\\\/artefacto-numero-2-marzo-2013\\\/#breadcrumb\"},\"inLanguage\":\"es\",\"potentialAction\":[{\"@type\":\"ReadAction\",\"target\":[\"https:\\\/\\\/booksfrommexico.com\\\/es\\\/producto\\\/artefacto-numero-2-marzo-2013\\\/\"]}]},{\"@type\":\"ImageObject\",\"inLanguage\":\"es\",\"@id\":\"https:\\\/\\\/booksfrommexico.com\\\/es\\\/producto\\\/artefacto-numero-2-marzo-2013\\\/#primaryimage\",\"url\":\"https:\\\/\\\/booksfrommexico.com\\\/app\\\/uploads\\\/2024\\\/05\\\/200827.jpeg\",\"contentUrl\":\"https:\\\/\\\/booksfrommexico.com\\\/app\\\/uploads\\\/2024\\\/05\\\/200827.jpeg\",\"width\":488,\"height\":752,\"caption\":\"Baalta\"},{\"@type\":\"BreadcrumbList\",\"@id\":\"https:\\\/\\\/booksfrommexico.com\\\/es\\\/producto\\\/artefacto-numero-2-marzo-2013\\\/#breadcrumb\",\"itemListElement\":[{\"@type\":\"ListItem\",\"position\":1,\"name\":\"Home\",\"item\":\"https:\\\/\\\/booksfrommexico.com\\\/es\\\/\"},{\"@type\":\"ListItem\",\"position\":2,\"name\":\"Libros\",\"item\":\"https:\\\/\\\/booksfrommexico.com\\\/es\\\/libros\\\/\"},{\"@type\":\"ListItem\",\"position\":3,\"name\":\"Artefacto, n\u00famero 2, marzo 2013\"}]},{\"@type\":\"WebSite\",\"@id\":\"https:\\\/\\\/booksfrommexico.com\\\/#website\",\"url\":\"https:\\\/\\\/booksfrommexico.com\\\/\",\"name\":\"Books From Mexico\",\"description\":\"\",\"publisher\":{\"@id\":\"https:\\\/\\\/booksfrommexico.com\\\/#organization\"},\"potentialAction\":[{\"@type\":\"SearchAction\",\"target\":{\"@type\":\"EntryPoint\",\"urlTemplate\":\"https:\\\/\\\/booksfrommexico.com\\\/?s={search_term_string}\"},\"query-input\":{\"@type\":\"PropertyValueSpecification\",\"valueRequired\":true,\"valueName\":\"search_term_string\"}}],\"inLanguage\":\"es\"},{\"@type\":\"Organization\",\"@id\":\"https:\\\/\\\/booksfrommexico.com\\\/#organization\",\"name\":\"Books From Mexico\",\"url\":\"https:\\\/\\\/booksfrommexico.com\\\/\",\"logo\":{\"@type\":\"ImageObject\",\"inLanguage\":\"es\",\"@id\":\"https:\\\/\\\/booksfrommexico.com\\\/#\\\/schema\\\/logo\\\/image\\\/\",\"url\":\"https:\\\/\\\/booksfrommexico.com\\\/app\\\/uploads\\\/2023\\\/05\\\/logo-booksfrommexico.svg\",\"contentUrl\":\"https:\\\/\\\/booksfrommexico.com\\\/app\\\/uploads\\\/2023\\\/05\\\/logo-booksfrommexico.svg\",\"width\":86,\"height\":56,\"caption\":\"Books From Mexico\"},\"image\":{\"@id\":\"https:\\\/\\\/booksfrommexico.com\\\/#\\\/schema\\\/logo\\\/image\\\/\"}}]}<\/script>\n<!-- \/ Yoast SEO plugin. -->","yoast_head_json":{"title":"Artefacto, n\u00famero 2, marzo 2013","description":"ARTEFACTO : ANTOLOG\u00cdA CREATIVA ILUSTRADA. \/ Ecatepec, M\u00e9xico : OverHead Studio, 2013. [20 unpaged sheets] : chiefly illustrations ; 26 cm.","robots":{"index":"index","follow":"follow","max-snippet":"max-snippet:-1","max-image-preview":"max-image-preview:large","max-video-preview":"max-video-preview:-1"},"canonical":"https:\/\/booksfrommexico.com\/es\/producto\/artefacto-numero-2-marzo-2013\/","og_locale":"es_ES","og_type":"article","og_title":"Artefacto, n\u00famero 2, marzo 2013","og_description":"ARTEFACTO : ANTOLOG\u00cdA CREATIVA ILUSTRADA. \/ Ecatepec, M\u00e9xico : OverHead Studio, 2013. [20 unpaged sheets] : chiefly illustrations ; 26 cm.","og_url":"https:\/\/booksfrommexico.com\/es\/producto\/artefacto-numero-2-marzo-2013\/","og_site_name":"Books From Mexico","article_modified_time":"2024-06-05T20:26:32+00:00","og_image":[{"width":488,"height":752,"url":"http:\/\/booksfrommexico.com\/app\/uploads\/2024\/05\/200827.jpeg","type":"image\/jpeg"}],"twitter_card":"summary_large_image","twitter_misc":{"Tiempo de lectura":"1 minuto"},"schema":{"@context":"https:\/\/schema.org","@graph":[{"@type":"WebPage","@id":"https:\/\/booksfrommexico.com\/es\/producto\/artefacto-numero-2-marzo-2013\/","url":"https:\/\/booksfrommexico.com\/es\/producto\/artefacto-numero-2-marzo-2013\/","name":"Artefacto, n\u00famero 2, marzo 2013","isPartOf":{"@id":"https:\/\/booksfrommexico.com\/#website"},"primaryImageOfPage":{"@id":"https:\/\/booksfrommexico.com\/es\/producto\/artefacto-numero-2-marzo-2013\/#primaryimage"},"image":{"@id":"https:\/\/booksfrommexico.com\/es\/producto\/artefacto-numero-2-marzo-2013\/#primaryimage"},"thumbnailUrl":"https:\/\/booksfrommexico.com\/app\/uploads\/2024\/05\/200827.jpeg","datePublished":"2024-05-28T22:34:55+00:00","dateModified":"2024-06-05T20:26:32+00:00","description":"ARTEFACTO : ANTOLOG\u00cdA CREATIVA ILUSTRADA. \/ Ecatepec, M\u00e9xico : OverHead Studio, 2013. [20 unpaged sheets] : chiefly illustrations ; 26 cm.","breadcrumb":{"@id":"https:\/\/booksfrommexico.com\/es\/producto\/artefacto-numero-2-marzo-2013\/#breadcrumb"},"inLanguage":"es","potentialAction":[{"@type":"ReadAction","target":["https:\/\/booksfrommexico.com\/es\/producto\/artefacto-numero-2-marzo-2013\/"]}]},{"@type":"ImageObject","inLanguage":"es","@id":"https:\/\/booksfrommexico.com\/es\/producto\/artefacto-numero-2-marzo-2013\/#primaryimage","url":"https:\/\/booksfrommexico.com\/app\/uploads\/2024\/05\/200827.jpeg","contentUrl":"https:\/\/booksfrommexico.com\/app\/uploads\/2024\/05\/200827.jpeg","width":488,"height":752,"caption":"Baalta"},{"@type":"BreadcrumbList","@id":"https:\/\/booksfrommexico.com\/es\/producto\/artefacto-numero-2-marzo-2013\/#breadcrumb","itemListElement":[{"@type":"ListItem","position":1,"name":"Home","item":"https:\/\/booksfrommexico.com\/es\/"},{"@type":"ListItem","position":2,"name":"Libros","item":"https:\/\/booksfrommexico.com\/es\/libros\/"},{"@type":"ListItem","position":3,"name":"Artefacto, n\u00famero 2, marzo 2013"}]},{"@type":"WebSite","@id":"https:\/\/booksfrommexico.com\/#website","url":"https:\/\/booksfrommexico.com\/","name":"Books From Mexico","description":"","publisher":{"@id":"https:\/\/booksfrommexico.com\/#organization"},"potentialAction":[{"@type":"SearchAction","target":{"@type":"EntryPoint","urlTemplate":"https:\/\/booksfrommexico.com\/?s={search_term_string}"},"query-input":{"@type":"PropertyValueSpecification","valueRequired":true,"valueName":"search_term_string"}}],"inLanguage":"es"},{"@type":"Organization","@id":"https:\/\/booksfrommexico.com\/#organization","name":"Books From Mexico","url":"https:\/\/booksfrommexico.com\/","logo":{"@type":"ImageObject","inLanguage":"es","@id":"https:\/\/booksfrommexico.com\/#\/schema\/logo\/image\/","url":"https:\/\/booksfrommexico.com\/app\/uploads\/2023\/05\/logo-booksfrommexico.svg","contentUrl":"https:\/\/booksfrommexico.com\/app\/uploads\/2023\/05\/logo-booksfrommexico.svg","width":86,"height":56,"caption":"Books From Mexico"},"image":{"@id":"https:\/\/booksfrommexico.com\/#\/schema\/logo\/image\/"}}]}},"_links":{"self":[{"href":"https:\/\/booksfrommexico.com\/es\/wp-json\/wp\/v2\/product\/6620","targetHints":{"allow":["GET"]}}],"collection":[{"href":"https:\/\/booksfrommexico.com\/es\/wp-json\/wp\/v2\/product"}],"about":[{"href":"https:\/\/booksfrommexico.com\/es\/wp-json\/wp\/v2\/types\/product"}],"wp:featuredmedia":[{"embeddable":true,"href":"https:\/\/booksfrommexico.com\/es\/wp-json\/wp\/v2\/media\/6887"}],"wp:attachment":[{"href":"https:\/\/booksfrommexico.com\/es\/wp-json\/wp\/v2\/media?parent=6620"}],"wp:term":[{"taxonomy":"product_brand","embeddable":true,"href":"https:\/\/booksfrommexico.com\/es\/wp-json\/wp\/v2\/product_brand?post=6620"},{"taxonomy":"product_cat","embeddable":true,"href":"https:\/\/booksfrommexico.com\/es\/wp-json\/wp\/v2\/product_cat?post=6620"},{"taxonomy":"product_tag","embeddable":true,"href":"https:\/\/booksfrommexico.com\/es\/wp-json\/wp\/v2\/product_tag?post=6620"}],"curies":[{"name":"wp","href":"https:\/\/api.w.org\/{rel}","templated":true}]}}