{"id":6621,"date":"2024-05-28T22:34:57","date_gmt":"2024-05-28T22:34:57","guid":{"rendered":"https:\/\/booksfrommexico.com\/product\/migracion-y-vejez-migrante\/"},"modified":"2024-06-04T22:44:13","modified_gmt":"2024-06-04T22:44:13","slug":"migracion-y-vejez-migrante","status":"publish","type":"product","link":"https:\/\/booksfrommexico.com\/es\/producto\/migracion-y-vejez-migrante\/","title":{"rendered":"Migraci\u00f3n y vejez migrante"},"content":{"rendered":"<p><span style=\"font-weight: 400;\">El envejecimiento y los procesos de migraci\u00f3n son un fen\u00f3meno creciente y complejo que se aborda en este t\u00edtulo, tomado como marco general abordado por los autores en forma multidisciplinaria. Bajo la premisa de que la migraci\u00f3n es un fen\u00f3meno social constante que se ha mantenido y que, a partir de las pol\u00edticas de control natal, se denota que la poblaci\u00f3n est\u00e1 envejeciendo al ensancharse\u00a0 las pir\u00e1mides en la c\u00faspide (donde est\u00e1n las personas de m\u00e1s de 50 a\u00f1os), se presenta este t\u00edtulo. Aqu\u00ed, los autores esclarecen la forma en que ambos sucesos se entrelazan entre s\u00ed y cu\u00e1les son sus resultados, apoyados en datos estad\u00edsticos claros y espec\u00edficos.<\/span><\/p>\n","protected":false},"excerpt":{"rendered":"<p>MIGRACI\u00d3N Y VEJEZ MIGRANTE<span style=\"font-weight: 400;\">. \/ Leticia D\u00edaz G\u00f3mez, Gustavo L\u00f3pez Castro, Oscar Ariel Mojica, (editors). Zamora, Michoac\u00e1n, M\u00e9xico : El Colegio de Michoac\u00e1n ; Tijuana, Baja California, M\u00e9xico : El Colegio de la Frontera Norte, 2023. 305 pages : includes map, tables, charts, references, bibliography at the end of each chapter ; 23 cm. (Colecci\u00f3n Investigaciones). ISBN : 9786075442129 (El Colegio de Michoac\u00e1n) ; 9786074795356 (El Colegio de la Frontera Norte).<\/span><\/p>\n","protected":false},"featured_media":6905,"template":"","meta":{"_acf_changed":false,"inline_featured_image":false},"product_brand":[],"product_cat":[78,42],"product_tag":[3685,4401,4415],"class_list":{"0":"post-6621","1":"product","2":"type-product","3":"status-publish","4":"has-post-thumbnail","6":"product_cat-sociologia","7":"product_cat-temas-de-inmigracion-y-migraciones-humanas","8":"product_tag-inmigracion","9":"product_tag-inmigrantes-es","10":"product_tag-vejez","12":"first","13":"instock","14":"taxable","15":"shipping-taxable","16":"purchasable","17":"product-type-simple"},"acf":[],"yoast_head":"<!-- This site is optimized with the Yoast SEO plugin v27.3 - https:\/\/yoast.com\/product\/yoast-seo-wordpress\/ -->\n<title>Migraci\u00f3n y vejez migrante<\/title>\n<meta name=\"description\" content=\"MIGRACI\u00d3N Y VEJEZ MIGRANTE. \/ Leticia D\u00edaz G\u00f3mez, Gustavo L\u00f3pez Castro, Oscar Ariel Mojica, (editors). 2023. (Colecci\u00f3n Investigaciones).\" \/>\n<meta name=\"robots\" content=\"index, follow, max-snippet:-1, max-image-preview:large, max-video-preview:-1\" \/>\n<link rel=\"canonical\" href=\"https:\/\/booksfrommexico.com\/es\/producto\/migracion-y-vejez-migrante\/\" \/>\n<meta property=\"og:locale\" content=\"es_ES\" \/>\n<meta property=\"og:type\" content=\"article\" \/>\n<meta property=\"og:title\" content=\"Migraci\u00f3n y vejez migrante\" \/>\n<meta property=\"og:description\" content=\"MIGRACI\u00d3N Y VEJEZ MIGRANTE. \/ Leticia D\u00edaz G\u00f3mez, Gustavo L\u00f3pez Castro, Oscar Ariel Mojica, (editors). 2023. (Colecci\u00f3n Investigaciones).\" \/>\n<meta property=\"og:url\" content=\"https:\/\/booksfrommexico.com\/es\/producto\/migracion-y-vejez-migrante\/\" \/>\n<meta property=\"og:site_name\" content=\"Books From Mexico\" \/>\n<meta property=\"article:modified_time\" content=\"2024-06-04T22:44:13+00:00\" \/>\n<meta property=\"og:image\" content=\"http:\/\/booksfrommexico.com\/app\/uploads\/2024\/05\/200882.jpg\" \/>\n\t<meta property=\"og:image:width\" content=\"438\" \/>\n\t<meta property=\"og:image:height\" content=\"638\" \/>\n\t<meta property=\"og:image:type\" content=\"image\/jpeg\" \/>\n<meta name=\"twitter:card\" content=\"summary_large_image\" \/>\n<meta name=\"twitter:label1\" content=\"Tiempo de lectura\" \/>\n\t<meta name=\"twitter:data1\" content=\"1 minuto\" \/>\n<script type=\"application\/ld+json\" class=\"yoast-schema-graph\">{\"@context\":\"https:\\\/\\\/schema.org\",\"@graph\":[{\"@type\":\"WebPage\",\"@id\":\"https:\\\/\\\/booksfrommexico.com\\\/es\\\/producto\\\/migracion-y-vejez-migrante\\\/\",\"url\":\"https:\\\/\\\/booksfrommexico.com\\\/es\\\/producto\\\/migracion-y-vejez-migrante\\\/\",\"name\":\"Migraci\u00f3n y vejez migrante\",\"isPartOf\":{\"@id\":\"https:\\\/\\\/booksfrommexico.com\\\/#website\"},\"primaryImageOfPage\":{\"@id\":\"https:\\\/\\\/booksfrommexico.com\\\/es\\\/producto\\\/migracion-y-vejez-migrante\\\/#primaryimage\"},\"image\":{\"@id\":\"https:\\\/\\\/booksfrommexico.com\\\/es\\\/producto\\\/migracion-y-vejez-migrante\\\/#primaryimage\"},\"thumbnailUrl\":\"https:\\\/\\\/booksfrommexico.com\\\/app\\\/uploads\\\/2024\\\/05\\\/200882.jpg\",\"datePublished\":\"2024-05-28T22:34:57+00:00\",\"dateModified\":\"2024-06-04T22:44:13+00:00\",\"description\":\"MIGRACI\u00d3N Y VEJEZ MIGRANTE. \\\/ Leticia D\u00edaz G\u00f3mez, Gustavo L\u00f3pez Castro, Oscar Ariel Mojica, (editors). 2023. (Colecci\u00f3n Investigaciones).\",\"breadcrumb\":{\"@id\":\"https:\\\/\\\/booksfrommexico.com\\\/es\\\/producto\\\/migracion-y-vejez-migrante\\\/#breadcrumb\"},\"inLanguage\":\"es\",\"potentialAction\":[{\"@type\":\"ReadAction\",\"target\":[\"https:\\\/\\\/booksfrommexico.com\\\/es\\\/producto\\\/migracion-y-vejez-migrante\\\/\"]}]},{\"@type\":\"ImageObject\",\"inLanguage\":\"es\",\"@id\":\"https:\\\/\\\/booksfrommexico.com\\\/es\\\/producto\\\/migracion-y-vejez-migrante\\\/#primaryimage\",\"url\":\"https:\\\/\\\/booksfrommexico.com\\\/app\\\/uploads\\\/2024\\\/05\\\/200882.jpg\",\"contentUrl\":\"https:\\\/\\\/booksfrommexico.com\\\/app\\\/uploads\\\/2024\\\/05\\\/200882.jpg\",\"width\":438,\"height\":638,\"caption\":\"Migraci\u00f3n y vejez migrante\"},{\"@type\":\"BreadcrumbList\",\"@id\":\"https:\\\/\\\/booksfrommexico.com\\\/es\\\/producto\\\/migracion-y-vejez-migrante\\\/#breadcrumb\",\"itemListElement\":[{\"@type\":\"ListItem\",\"position\":1,\"name\":\"Home\",\"item\":\"https:\\\/\\\/booksfrommexico.com\\\/es\\\/\"},{\"@type\":\"ListItem\",\"position\":2,\"name\":\"Libros\",\"item\":\"https:\\\/\\\/booksfrommexico.com\\\/es\\\/libros\\\/\"},{\"@type\":\"ListItem\",\"position\":3,\"name\":\"Migraci\u00f3n y vejez migrante\"}]},{\"@type\":\"WebSite\",\"@id\":\"https:\\\/\\\/booksfrommexico.com\\\/#website\",\"url\":\"https:\\\/\\\/booksfrommexico.com\\\/\",\"name\":\"Books From Mexico\",\"description\":\"\",\"publisher\":{\"@id\":\"https:\\\/\\\/booksfrommexico.com\\\/#organization\"},\"potentialAction\":[{\"@type\":\"SearchAction\",\"target\":{\"@type\":\"EntryPoint\",\"urlTemplate\":\"https:\\\/\\\/booksfrommexico.com\\\/?s={search_term_string}\"},\"query-input\":{\"@type\":\"PropertyValueSpecification\",\"valueRequired\":true,\"valueName\":\"search_term_string\"}}],\"inLanguage\":\"es\"},{\"@type\":\"Organization\",\"@id\":\"https:\\\/\\\/booksfrommexico.com\\\/#organization\",\"name\":\"Books From Mexico\",\"url\":\"https:\\\/\\\/booksfrommexico.com\\\/\",\"logo\":{\"@type\":\"ImageObject\",\"inLanguage\":\"es\",\"@id\":\"https:\\\/\\\/booksfrommexico.com\\\/#\\\/schema\\\/logo\\\/image\\\/\",\"url\":\"https:\\\/\\\/booksfrommexico.com\\\/app\\\/uploads\\\/2023\\\/05\\\/logo-booksfrommexico.svg\",\"contentUrl\":\"https:\\\/\\\/booksfrommexico.com\\\/app\\\/uploads\\\/2023\\\/05\\\/logo-booksfrommexico.svg\",\"width\":86,\"height\":56,\"caption\":\"Books From Mexico\"},\"image\":{\"@id\":\"https:\\\/\\\/booksfrommexico.com\\\/#\\\/schema\\\/logo\\\/image\\\/\"}}]}<\/script>\n<!-- \/ Yoast SEO plugin. -->","yoast_head_json":{"title":"Migraci\u00f3n y vejez migrante","description":"MIGRACI\u00d3N Y VEJEZ MIGRANTE. \/ Leticia D\u00edaz G\u00f3mez, Gustavo L\u00f3pez Castro, Oscar Ariel Mojica, (editors). 2023. (Colecci\u00f3n Investigaciones).","robots":{"index":"index","follow":"follow","max-snippet":"max-snippet:-1","max-image-preview":"max-image-preview:large","max-video-preview":"max-video-preview:-1"},"canonical":"https:\/\/booksfrommexico.com\/es\/producto\/migracion-y-vejez-migrante\/","og_locale":"es_ES","og_type":"article","og_title":"Migraci\u00f3n y vejez migrante","og_description":"MIGRACI\u00d3N Y VEJEZ MIGRANTE. \/ Leticia D\u00edaz G\u00f3mez, Gustavo L\u00f3pez Castro, Oscar Ariel Mojica, (editors). 2023. (Colecci\u00f3n Investigaciones).","og_url":"https:\/\/booksfrommexico.com\/es\/producto\/migracion-y-vejez-migrante\/","og_site_name":"Books From Mexico","article_modified_time":"2024-06-04T22:44:13+00:00","og_image":[{"width":438,"height":638,"url":"http:\/\/booksfrommexico.com\/app\/uploads\/2024\/05\/200882.jpg","type":"image\/jpeg"}],"twitter_card":"summary_large_image","twitter_misc":{"Tiempo de lectura":"1 minuto"},"schema":{"@context":"https:\/\/schema.org","@graph":[{"@type":"WebPage","@id":"https:\/\/booksfrommexico.com\/es\/producto\/migracion-y-vejez-migrante\/","url":"https:\/\/booksfrommexico.com\/es\/producto\/migracion-y-vejez-migrante\/","name":"Migraci\u00f3n y vejez migrante","isPartOf":{"@id":"https:\/\/booksfrommexico.com\/#website"},"primaryImageOfPage":{"@id":"https:\/\/booksfrommexico.com\/es\/producto\/migracion-y-vejez-migrante\/#primaryimage"},"image":{"@id":"https:\/\/booksfrommexico.com\/es\/producto\/migracion-y-vejez-migrante\/#primaryimage"},"thumbnailUrl":"https:\/\/booksfrommexico.com\/app\/uploads\/2024\/05\/200882.jpg","datePublished":"2024-05-28T22:34:57+00:00","dateModified":"2024-06-04T22:44:13+00:00","description":"MIGRACI\u00d3N Y VEJEZ MIGRANTE. \/ Leticia D\u00edaz G\u00f3mez, Gustavo L\u00f3pez Castro, Oscar Ariel Mojica, (editors). 2023. (Colecci\u00f3n Investigaciones).","breadcrumb":{"@id":"https:\/\/booksfrommexico.com\/es\/producto\/migracion-y-vejez-migrante\/#breadcrumb"},"inLanguage":"es","potentialAction":[{"@type":"ReadAction","target":["https:\/\/booksfrommexico.com\/es\/producto\/migracion-y-vejez-migrante\/"]}]},{"@type":"ImageObject","inLanguage":"es","@id":"https:\/\/booksfrommexico.com\/es\/producto\/migracion-y-vejez-migrante\/#primaryimage","url":"https:\/\/booksfrommexico.com\/app\/uploads\/2024\/05\/200882.jpg","contentUrl":"https:\/\/booksfrommexico.com\/app\/uploads\/2024\/05\/200882.jpg","width":438,"height":638,"caption":"Migraci\u00f3n y vejez migrante"},{"@type":"BreadcrumbList","@id":"https:\/\/booksfrommexico.com\/es\/producto\/migracion-y-vejez-migrante\/#breadcrumb","itemListElement":[{"@type":"ListItem","position":1,"name":"Home","item":"https:\/\/booksfrommexico.com\/es\/"},{"@type":"ListItem","position":2,"name":"Libros","item":"https:\/\/booksfrommexico.com\/es\/libros\/"},{"@type":"ListItem","position":3,"name":"Migraci\u00f3n y vejez migrante"}]},{"@type":"WebSite","@id":"https:\/\/booksfrommexico.com\/#website","url":"https:\/\/booksfrommexico.com\/","name":"Books From Mexico","description":"","publisher":{"@id":"https:\/\/booksfrommexico.com\/#organization"},"potentialAction":[{"@type":"SearchAction","target":{"@type":"EntryPoint","urlTemplate":"https:\/\/booksfrommexico.com\/?s={search_term_string}"},"query-input":{"@type":"PropertyValueSpecification","valueRequired":true,"valueName":"search_term_string"}}],"inLanguage":"es"},{"@type":"Organization","@id":"https:\/\/booksfrommexico.com\/#organization","name":"Books From Mexico","url":"https:\/\/booksfrommexico.com\/","logo":{"@type":"ImageObject","inLanguage":"es","@id":"https:\/\/booksfrommexico.com\/#\/schema\/logo\/image\/","url":"https:\/\/booksfrommexico.com\/app\/uploads\/2023\/05\/logo-booksfrommexico.svg","contentUrl":"https:\/\/booksfrommexico.com\/app\/uploads\/2023\/05\/logo-booksfrommexico.svg","width":86,"height":56,"caption":"Books From Mexico"},"image":{"@id":"https:\/\/booksfrommexico.com\/#\/schema\/logo\/image\/"}}]}},"_links":{"self":[{"href":"https:\/\/booksfrommexico.com\/es\/wp-json\/wp\/v2\/product\/6621","targetHints":{"allow":["GET"]}}],"collection":[{"href":"https:\/\/booksfrommexico.com\/es\/wp-json\/wp\/v2\/product"}],"about":[{"href":"https:\/\/booksfrommexico.com\/es\/wp-json\/wp\/v2\/types\/product"}],"wp:featuredmedia":[{"embeddable":true,"href":"https:\/\/booksfrommexico.com\/es\/wp-json\/wp\/v2\/media\/6905"}],"wp:attachment":[{"href":"https:\/\/booksfrommexico.com\/es\/wp-json\/wp\/v2\/media?parent=6621"}],"wp:term":[{"taxonomy":"product_brand","embeddable":true,"href":"https:\/\/booksfrommexico.com\/es\/wp-json\/wp\/v2\/product_brand?post=6621"},{"taxonomy":"product_cat","embeddable":true,"href":"https:\/\/booksfrommexico.com\/es\/wp-json\/wp\/v2\/product_cat?post=6621"},{"taxonomy":"product_tag","embeddable":true,"href":"https:\/\/booksfrommexico.com\/es\/wp-json\/wp\/v2\/product_tag?post=6621"}],"curies":[{"name":"wp","href":"https:\/\/api.w.org\/{rel}","templated":true}]}}