{"id":6623,"date":"2024-05-28T22:34:57","date_gmt":"2024-05-28T22:34:57","guid":{"rendered":"https:\/\/booksfrommexico.com\/product\/versos-canibales-para-vegetarianos\/"},"modified":"2024-06-12T21:45:14","modified_gmt":"2024-06-12T21:45:14","slug":"versos-canibales-para-vegetarianos","status":"publish","type":"product","link":"https:\/\/booksfrommexico.com\/es\/producto\/versos-canibales-para-vegetarianos\/","title":{"rendered":"Versos can\u00edbales para vegetarianos"},"content":{"rendered":"<p><span id=\"docs-internal-guid-5bb59d89-7fff-dd23-5de1-be0a57f87a18\" style=\"caret-color: #000000; color: #000000;\"><span style=\"font-size: 11pt; font-family: Calibri, sans-serif; font-variant-ligatures: normal; font-variant-alternates: normal; font-variant-numeric: normal; font-variant-east-asian: normal; font-variant-position: normal; vertical-align: baseline; white-space: pre-wrap;\">En esta breve serie de poemas, la autora hace una combinaci\u00f3n entre la naturaleza, la historia y los instintos primarios del ser humano, adentrando al lector en un espacio lejos de las grandes ciudades y de las civilizaciones modernas. Tomando en ocasiones referencias literarias de otros poetas, Oseguera retoma aquellos que resuenan en su alma y los transforma en algo nuevo, para impregnarlos de su esencia y su particular forma de percibir el mundo. Estos versos no pretenden tener una estructura cl\u00e1sica, contrario a ello, el tenerla le restar\u00eda la libertad a la que tanto aluden, dando por resultado una poes\u00eda sin ataduras de ning\u00fan tipo.<\/span><\/span><\/p>\n","protected":false},"excerpt":{"rendered":"<p>VERSOS CAN\u00cdBALES PARA VEGETARIANOS<span style=\"font-weight: 400;\">. \/ Tanya Oseguera. Quer\u00e9taro, Quer\u00e9taro, M\u00e9xico : Herring Publishers, 2023. 42 pages ; 21 cm.<\/span><\/p>\n","protected":false},"featured_media":6914,"template":"","meta":{"_acf_changed":false,"inline_featured_image":false},"product_brand":[],"product_cat":[25,32],"product_tag":[4115,3598],"class_list":{"0":"post-6623","1":"product","2":"type-product","3":"status-publish","4":"has-post-thumbnail","6":"product_cat-literatura","7":"product_cat-poesia-literatura","8":"product_tag-poesia-es","9":"product_tag-poesia-mexicana","11":"first","12":"instock","13":"taxable","14":"shipping-taxable","15":"purchasable","16":"product-type-simple"},"acf":[],"yoast_head":"<!-- This site is optimized with the Yoast SEO plugin v27.3 - https:\/\/yoast.com\/product\/yoast-seo-wordpress\/ -->\n<title>Versos can\u00edbales para vegetarianos<\/title>\n<meta name=\"description\" content=\"VERSOS CAN\u00cdBALES PARA VEGETARIANOS. \/ Tanya Oseguera. Quer\u00e9taro, Quer\u00e9taro, M\u00e9xico : Herring Publishers, 2023. 42 pages ; 21 cm.\" \/>\n<meta name=\"robots\" content=\"index, follow, max-snippet:-1, max-image-preview:large, max-video-preview:-1\" \/>\n<link rel=\"canonical\" href=\"https:\/\/booksfrommexico.com\/es\/producto\/versos-canibales-para-vegetarianos\/\" \/>\n<meta property=\"og:locale\" content=\"es_ES\" \/>\n<meta property=\"og:type\" content=\"article\" \/>\n<meta property=\"og:title\" content=\"Versos can\u00edbales para vegetarianos\" \/>\n<meta property=\"og:description\" content=\"VERSOS CAN\u00cdBALES PARA VEGETARIANOS. \/ Tanya Oseguera. Quer\u00e9taro, Quer\u00e9taro, M\u00e9xico : Herring Publishers, 2023. 42 pages ; 21 cm.\" \/>\n<meta property=\"og:url\" content=\"https:\/\/booksfrommexico.com\/es\/producto\/versos-canibales-para-vegetarianos\/\" \/>\n<meta property=\"og:site_name\" content=\"Books From Mexico\" \/>\n<meta property=\"article:modified_time\" content=\"2024-06-12T21:45:14+00:00\" \/>\n<meta property=\"og:image\" content=\"http:\/\/booksfrommexico.com\/app\/uploads\/2024\/05\/200984.jpeg\" \/>\n\t<meta property=\"og:image:width\" content=\"381\" \/>\n\t<meta property=\"og:image:height\" content=\"616\" \/>\n\t<meta property=\"og:image:type\" content=\"image\/jpeg\" \/>\n<meta name=\"twitter:card\" content=\"summary_large_image\" \/>\n<meta name=\"twitter:label1\" content=\"Tiempo de lectura\" \/>\n\t<meta name=\"twitter:data1\" content=\"1 minuto\" \/>\n<script type=\"application\/ld+json\" class=\"yoast-schema-graph\">{\"@context\":\"https:\\\/\\\/schema.org\",\"@graph\":[{\"@type\":\"WebPage\",\"@id\":\"https:\\\/\\\/booksfrommexico.com\\\/es\\\/producto\\\/versos-canibales-para-vegetarianos\\\/\",\"url\":\"https:\\\/\\\/booksfrommexico.com\\\/es\\\/producto\\\/versos-canibales-para-vegetarianos\\\/\",\"name\":\"Versos can\u00edbales para vegetarianos\",\"isPartOf\":{\"@id\":\"https:\\\/\\\/booksfrommexico.com\\\/#website\"},\"primaryImageOfPage\":{\"@id\":\"https:\\\/\\\/booksfrommexico.com\\\/es\\\/producto\\\/versos-canibales-para-vegetarianos\\\/#primaryimage\"},\"image\":{\"@id\":\"https:\\\/\\\/booksfrommexico.com\\\/es\\\/producto\\\/versos-canibales-para-vegetarianos\\\/#primaryimage\"},\"thumbnailUrl\":\"https:\\\/\\\/booksfrommexico.com\\\/app\\\/uploads\\\/2024\\\/05\\\/200984.jpeg\",\"datePublished\":\"2024-05-28T22:34:57+00:00\",\"dateModified\":\"2024-06-12T21:45:14+00:00\",\"description\":\"VERSOS CAN\u00cdBALES PARA VEGETARIANOS. \\\/ Tanya Oseguera. Quer\u00e9taro, Quer\u00e9taro, M\u00e9xico : Herring Publishers, 2023. 42 pages ; 21 cm.\",\"breadcrumb\":{\"@id\":\"https:\\\/\\\/booksfrommexico.com\\\/es\\\/producto\\\/versos-canibales-para-vegetarianos\\\/#breadcrumb\"},\"inLanguage\":\"es\",\"potentialAction\":[{\"@type\":\"ReadAction\",\"target\":[\"https:\\\/\\\/booksfrommexico.com\\\/es\\\/producto\\\/versos-canibales-para-vegetarianos\\\/\"]}]},{\"@type\":\"ImageObject\",\"inLanguage\":\"es\",\"@id\":\"https:\\\/\\\/booksfrommexico.com\\\/es\\\/producto\\\/versos-canibales-para-vegetarianos\\\/#primaryimage\",\"url\":\"https:\\\/\\\/booksfrommexico.com\\\/app\\\/uploads\\\/2024\\\/05\\\/200984.jpeg\",\"contentUrl\":\"https:\\\/\\\/booksfrommexico.com\\\/app\\\/uploads\\\/2024\\\/05\\\/200984.jpeg\",\"width\":381,\"height\":616,\"caption\":\"Versos can\u00edbales para vegetarianos\"},{\"@type\":\"BreadcrumbList\",\"@id\":\"https:\\\/\\\/booksfrommexico.com\\\/es\\\/producto\\\/versos-canibales-para-vegetarianos\\\/#breadcrumb\",\"itemListElement\":[{\"@type\":\"ListItem\",\"position\":1,\"name\":\"Home\",\"item\":\"https:\\\/\\\/booksfrommexico.com\\\/es\\\/\"},{\"@type\":\"ListItem\",\"position\":2,\"name\":\"Libros\",\"item\":\"https:\\\/\\\/booksfrommexico.com\\\/es\\\/libros\\\/\"},{\"@type\":\"ListItem\",\"position\":3,\"name\":\"Versos can\u00edbales para vegetarianos\"}]},{\"@type\":\"WebSite\",\"@id\":\"https:\\\/\\\/booksfrommexico.com\\\/#website\",\"url\":\"https:\\\/\\\/booksfrommexico.com\\\/\",\"name\":\"Books From Mexico\",\"description\":\"\",\"publisher\":{\"@id\":\"https:\\\/\\\/booksfrommexico.com\\\/#organization\"},\"potentialAction\":[{\"@type\":\"SearchAction\",\"target\":{\"@type\":\"EntryPoint\",\"urlTemplate\":\"https:\\\/\\\/booksfrommexico.com\\\/?s={search_term_string}\"},\"query-input\":{\"@type\":\"PropertyValueSpecification\",\"valueRequired\":true,\"valueName\":\"search_term_string\"}}],\"inLanguage\":\"es\"},{\"@type\":\"Organization\",\"@id\":\"https:\\\/\\\/booksfrommexico.com\\\/#organization\",\"name\":\"Books From Mexico\",\"url\":\"https:\\\/\\\/booksfrommexico.com\\\/\",\"logo\":{\"@type\":\"ImageObject\",\"inLanguage\":\"es\",\"@id\":\"https:\\\/\\\/booksfrommexico.com\\\/#\\\/schema\\\/logo\\\/image\\\/\",\"url\":\"https:\\\/\\\/booksfrommexico.com\\\/app\\\/uploads\\\/2023\\\/05\\\/logo-booksfrommexico.svg\",\"contentUrl\":\"https:\\\/\\\/booksfrommexico.com\\\/app\\\/uploads\\\/2023\\\/05\\\/logo-booksfrommexico.svg\",\"width\":86,\"height\":56,\"caption\":\"Books From Mexico\"},\"image\":{\"@id\":\"https:\\\/\\\/booksfrommexico.com\\\/#\\\/schema\\\/logo\\\/image\\\/\"}}]}<\/script>\n<!-- \/ Yoast SEO plugin. -->","yoast_head_json":{"title":"Versos can\u00edbales para vegetarianos","description":"VERSOS CAN\u00cdBALES PARA VEGETARIANOS. \/ Tanya Oseguera. Quer\u00e9taro, Quer\u00e9taro, M\u00e9xico : Herring Publishers, 2023. 42 pages ; 21 cm.","robots":{"index":"index","follow":"follow","max-snippet":"max-snippet:-1","max-image-preview":"max-image-preview:large","max-video-preview":"max-video-preview:-1"},"canonical":"https:\/\/booksfrommexico.com\/es\/producto\/versos-canibales-para-vegetarianos\/","og_locale":"es_ES","og_type":"article","og_title":"Versos can\u00edbales para vegetarianos","og_description":"VERSOS CAN\u00cdBALES PARA VEGETARIANOS. \/ Tanya Oseguera. Quer\u00e9taro, Quer\u00e9taro, M\u00e9xico : Herring Publishers, 2023. 42 pages ; 21 cm.","og_url":"https:\/\/booksfrommexico.com\/es\/producto\/versos-canibales-para-vegetarianos\/","og_site_name":"Books From Mexico","article_modified_time":"2024-06-12T21:45:14+00:00","og_image":[{"width":381,"height":616,"url":"http:\/\/booksfrommexico.com\/app\/uploads\/2024\/05\/200984.jpeg","type":"image\/jpeg"}],"twitter_card":"summary_large_image","twitter_misc":{"Tiempo de lectura":"1 minuto"},"schema":{"@context":"https:\/\/schema.org","@graph":[{"@type":"WebPage","@id":"https:\/\/booksfrommexico.com\/es\/producto\/versos-canibales-para-vegetarianos\/","url":"https:\/\/booksfrommexico.com\/es\/producto\/versos-canibales-para-vegetarianos\/","name":"Versos can\u00edbales para vegetarianos","isPartOf":{"@id":"https:\/\/booksfrommexico.com\/#website"},"primaryImageOfPage":{"@id":"https:\/\/booksfrommexico.com\/es\/producto\/versos-canibales-para-vegetarianos\/#primaryimage"},"image":{"@id":"https:\/\/booksfrommexico.com\/es\/producto\/versos-canibales-para-vegetarianos\/#primaryimage"},"thumbnailUrl":"https:\/\/booksfrommexico.com\/app\/uploads\/2024\/05\/200984.jpeg","datePublished":"2024-05-28T22:34:57+00:00","dateModified":"2024-06-12T21:45:14+00:00","description":"VERSOS CAN\u00cdBALES PARA VEGETARIANOS. \/ Tanya Oseguera. Quer\u00e9taro, Quer\u00e9taro, M\u00e9xico : Herring Publishers, 2023. 42 pages ; 21 cm.","breadcrumb":{"@id":"https:\/\/booksfrommexico.com\/es\/producto\/versos-canibales-para-vegetarianos\/#breadcrumb"},"inLanguage":"es","potentialAction":[{"@type":"ReadAction","target":["https:\/\/booksfrommexico.com\/es\/producto\/versos-canibales-para-vegetarianos\/"]}]},{"@type":"ImageObject","inLanguage":"es","@id":"https:\/\/booksfrommexico.com\/es\/producto\/versos-canibales-para-vegetarianos\/#primaryimage","url":"https:\/\/booksfrommexico.com\/app\/uploads\/2024\/05\/200984.jpeg","contentUrl":"https:\/\/booksfrommexico.com\/app\/uploads\/2024\/05\/200984.jpeg","width":381,"height":616,"caption":"Versos can\u00edbales para vegetarianos"},{"@type":"BreadcrumbList","@id":"https:\/\/booksfrommexico.com\/es\/producto\/versos-canibales-para-vegetarianos\/#breadcrumb","itemListElement":[{"@type":"ListItem","position":1,"name":"Home","item":"https:\/\/booksfrommexico.com\/es\/"},{"@type":"ListItem","position":2,"name":"Libros","item":"https:\/\/booksfrommexico.com\/es\/libros\/"},{"@type":"ListItem","position":3,"name":"Versos can\u00edbales para vegetarianos"}]},{"@type":"WebSite","@id":"https:\/\/booksfrommexico.com\/#website","url":"https:\/\/booksfrommexico.com\/","name":"Books From Mexico","description":"","publisher":{"@id":"https:\/\/booksfrommexico.com\/#organization"},"potentialAction":[{"@type":"SearchAction","target":{"@type":"EntryPoint","urlTemplate":"https:\/\/booksfrommexico.com\/?s={search_term_string}"},"query-input":{"@type":"PropertyValueSpecification","valueRequired":true,"valueName":"search_term_string"}}],"inLanguage":"es"},{"@type":"Organization","@id":"https:\/\/booksfrommexico.com\/#organization","name":"Books From Mexico","url":"https:\/\/booksfrommexico.com\/","logo":{"@type":"ImageObject","inLanguage":"es","@id":"https:\/\/booksfrommexico.com\/#\/schema\/logo\/image\/","url":"https:\/\/booksfrommexico.com\/app\/uploads\/2023\/05\/logo-booksfrommexico.svg","contentUrl":"https:\/\/booksfrommexico.com\/app\/uploads\/2023\/05\/logo-booksfrommexico.svg","width":86,"height":56,"caption":"Books From Mexico"},"image":{"@id":"https:\/\/booksfrommexico.com\/#\/schema\/logo\/image\/"}}]}},"_links":{"self":[{"href":"https:\/\/booksfrommexico.com\/es\/wp-json\/wp\/v2\/product\/6623","targetHints":{"allow":["GET"]}}],"collection":[{"href":"https:\/\/booksfrommexico.com\/es\/wp-json\/wp\/v2\/product"}],"about":[{"href":"https:\/\/booksfrommexico.com\/es\/wp-json\/wp\/v2\/types\/product"}],"wp:featuredmedia":[{"embeddable":true,"href":"https:\/\/booksfrommexico.com\/es\/wp-json\/wp\/v2\/media\/6914"}],"wp:attachment":[{"href":"https:\/\/booksfrommexico.com\/es\/wp-json\/wp\/v2\/media?parent=6623"}],"wp:term":[{"taxonomy":"product_brand","embeddable":true,"href":"https:\/\/booksfrommexico.com\/es\/wp-json\/wp\/v2\/product_brand?post=6623"},{"taxonomy":"product_cat","embeddable":true,"href":"https:\/\/booksfrommexico.com\/es\/wp-json\/wp\/v2\/product_cat?post=6623"},{"taxonomy":"product_tag","embeddable":true,"href":"https:\/\/booksfrommexico.com\/es\/wp-json\/wp\/v2\/product_tag?post=6623"}],"curies":[{"name":"wp","href":"https:\/\/api.w.org\/{rel}","templated":true}]}}