{"id":6624,"date":"2024-05-28T22:34:57","date_gmt":"2024-05-28T22:34:57","guid":{"rendered":"https:\/\/booksfrommexico.com\/product\/cancion-fantasma\/"},"modified":"2024-06-11T23:39:52","modified_gmt":"2024-06-11T23:39:52","slug":"cancion-fantasma","status":"publish","type":"product","link":"https:\/\/booksfrommexico.com\/es\/producto\/cancion-fantasma\/","title":{"rendered":"Canci\u00f3n fantasma"},"content":{"rendered":"<p><span style=\"font-weight: 400;\">Ricardo Pohlenz es un escritor, poeta y cr\u00edtico nacido en Puebla; su trabajo como escritor busca la frontera entre la poes\u00eda y otras disciplinas, proponiendo a trav\u00e9s de textos e im\u00e1genes extensiones posibles para el discurso po\u00e9tico y las posibilidades de lo narrativo. Este t\u00edtulo se trata de un breve poemario acompa\u00f1ado de ilustraciones realizadas por el mismo autor, lo que le concede una concordancia estrecha entre la imagen y el texto, pues no est\u00e1n acomodados de manera azarosa. Pohlenz le permite al lector un vistazo a su vasto mundo donde confluyen los sue\u00f1os, las contradicciones, el pasado y\u00a0 la realidad.\u00a0 <\/span><\/p>\n","protected":false},"excerpt":{"rendered":"<p>CANCI\u00d3N FANTASMA<span style=\"font-weight: 400;\">. \/ Ricardo Pohlenz. Quer\u00e9taro, Quer\u00e9taro, M\u00e9xico : Herring Publishers, 2023. 39 pages : includes illustrations ; 21 cm.<\/span><\/p>\n","protected":false},"featured_media":6917,"template":"","meta":{"_acf_changed":false,"inline_featured_image":false},"product_brand":[],"product_cat":[25,32],"product_tag":[3769,4115,4180],"class_list":{"0":"post-6624","1":"product","2":"type-product","3":"status-publish","4":"has-post-thumbnail","6":"product_cat-literatura","7":"product_cat-poesia-literatura","8":"product_tag-obras-ilustradas","9":"product_tag-poesia-es","10":"product_tag-poesia-contemporanea","12":"first","13":"instock","14":"taxable","15":"shipping-taxable","16":"purchasable","17":"product-type-simple"},"acf":[],"yoast_head":"<!-- This site is optimized with the Yoast SEO plugin v27.3 - https:\/\/yoast.com\/product\/yoast-seo-wordpress\/ -->\n<title>Canci\u00f3n fantasma<\/title>\n<meta name=\"description\" content=\"CANCI\u00d3N FANTASMA. \/ Ricardo Pohlenz. Quer\u00e9taro, Quer\u00e9taro, M\u00e9xico : Herring Publishers, 2023. 39 pages : includes illustrations ; 21 cm.\" \/>\n<meta name=\"robots\" content=\"index, follow, max-snippet:-1, max-image-preview:large, max-video-preview:-1\" \/>\n<link rel=\"canonical\" href=\"https:\/\/booksfrommexico.com\/es\/producto\/cancion-fantasma\/\" \/>\n<meta property=\"og:locale\" content=\"es_ES\" \/>\n<meta property=\"og:type\" content=\"article\" \/>\n<meta property=\"og:title\" content=\"Canci\u00f3n fantasma\" \/>\n<meta property=\"og:description\" content=\"CANCI\u00d3N FANTASMA. \/ Ricardo Pohlenz. Quer\u00e9taro, Quer\u00e9taro, M\u00e9xico : Herring Publishers, 2023. 39 pages : includes illustrations ; 21 cm.\" \/>\n<meta property=\"og:url\" content=\"https:\/\/booksfrommexico.com\/es\/producto\/cancion-fantasma\/\" \/>\n<meta property=\"og:site_name\" content=\"Books From Mexico\" \/>\n<meta property=\"article:modified_time\" content=\"2024-06-11T23:39:52+00:00\" \/>\n<meta property=\"og:image\" content=\"http:\/\/booksfrommexico.com\/app\/uploads\/2024\/05\/201131.jpeg\" \/>\n\t<meta property=\"og:image:width\" content=\"391\" \/>\n\t<meta property=\"og:image:height\" content=\"622\" \/>\n\t<meta property=\"og:image:type\" content=\"image\/jpeg\" \/>\n<meta name=\"twitter:card\" content=\"summary_large_image\" \/>\n<meta name=\"twitter:label1\" content=\"Tiempo de lectura\" \/>\n\t<meta name=\"twitter:data1\" content=\"1 minuto\" \/>\n<script type=\"application\/ld+json\" class=\"yoast-schema-graph\">{\"@context\":\"https:\\\/\\\/schema.org\",\"@graph\":[{\"@type\":\"WebPage\",\"@id\":\"https:\\\/\\\/booksfrommexico.com\\\/es\\\/producto\\\/cancion-fantasma\\\/\",\"url\":\"https:\\\/\\\/booksfrommexico.com\\\/es\\\/producto\\\/cancion-fantasma\\\/\",\"name\":\"Canci\u00f3n fantasma\",\"isPartOf\":{\"@id\":\"https:\\\/\\\/booksfrommexico.com\\\/#website\"},\"primaryImageOfPage\":{\"@id\":\"https:\\\/\\\/booksfrommexico.com\\\/es\\\/producto\\\/cancion-fantasma\\\/#primaryimage\"},\"image\":{\"@id\":\"https:\\\/\\\/booksfrommexico.com\\\/es\\\/producto\\\/cancion-fantasma\\\/#primaryimage\"},\"thumbnailUrl\":\"https:\\\/\\\/booksfrommexico.com\\\/app\\\/uploads\\\/2024\\\/05\\\/201131.jpeg\",\"datePublished\":\"2024-05-28T22:34:57+00:00\",\"dateModified\":\"2024-06-11T23:39:52+00:00\",\"description\":\"CANCI\u00d3N FANTASMA. \\\/ Ricardo Pohlenz. Quer\u00e9taro, Quer\u00e9taro, M\u00e9xico : Herring Publishers, 2023. 39 pages : includes illustrations ; 21 cm.\",\"breadcrumb\":{\"@id\":\"https:\\\/\\\/booksfrommexico.com\\\/es\\\/producto\\\/cancion-fantasma\\\/#breadcrumb\"},\"inLanguage\":\"es\",\"potentialAction\":[{\"@type\":\"ReadAction\",\"target\":[\"https:\\\/\\\/booksfrommexico.com\\\/es\\\/producto\\\/cancion-fantasma\\\/\"]}]},{\"@type\":\"ImageObject\",\"inLanguage\":\"es\",\"@id\":\"https:\\\/\\\/booksfrommexico.com\\\/es\\\/producto\\\/cancion-fantasma\\\/#primaryimage\",\"url\":\"https:\\\/\\\/booksfrommexico.com\\\/app\\\/uploads\\\/2024\\\/05\\\/201131.jpeg\",\"contentUrl\":\"https:\\\/\\\/booksfrommexico.com\\\/app\\\/uploads\\\/2024\\\/05\\\/201131.jpeg\",\"width\":391,\"height\":622,\"caption\":\"Canci\u00f3n fantasma\"},{\"@type\":\"BreadcrumbList\",\"@id\":\"https:\\\/\\\/booksfrommexico.com\\\/es\\\/producto\\\/cancion-fantasma\\\/#breadcrumb\",\"itemListElement\":[{\"@type\":\"ListItem\",\"position\":1,\"name\":\"Home\",\"item\":\"https:\\\/\\\/booksfrommexico.com\\\/es\\\/\"},{\"@type\":\"ListItem\",\"position\":2,\"name\":\"Libros\",\"item\":\"https:\\\/\\\/booksfrommexico.com\\\/es\\\/libros\\\/\"},{\"@type\":\"ListItem\",\"position\":3,\"name\":\"Canci\u00f3n fantasma\"}]},{\"@type\":\"WebSite\",\"@id\":\"https:\\\/\\\/booksfrommexico.com\\\/#website\",\"url\":\"https:\\\/\\\/booksfrommexico.com\\\/\",\"name\":\"Books From Mexico\",\"description\":\"\",\"publisher\":{\"@id\":\"https:\\\/\\\/booksfrommexico.com\\\/#organization\"},\"potentialAction\":[{\"@type\":\"SearchAction\",\"target\":{\"@type\":\"EntryPoint\",\"urlTemplate\":\"https:\\\/\\\/booksfrommexico.com\\\/?s={search_term_string}\"},\"query-input\":{\"@type\":\"PropertyValueSpecification\",\"valueRequired\":true,\"valueName\":\"search_term_string\"}}],\"inLanguage\":\"es\"},{\"@type\":\"Organization\",\"@id\":\"https:\\\/\\\/booksfrommexico.com\\\/#organization\",\"name\":\"Books From Mexico\",\"url\":\"https:\\\/\\\/booksfrommexico.com\\\/\",\"logo\":{\"@type\":\"ImageObject\",\"inLanguage\":\"es\",\"@id\":\"https:\\\/\\\/booksfrommexico.com\\\/#\\\/schema\\\/logo\\\/image\\\/\",\"url\":\"https:\\\/\\\/booksfrommexico.com\\\/app\\\/uploads\\\/2023\\\/05\\\/logo-booksfrommexico.svg\",\"contentUrl\":\"https:\\\/\\\/booksfrommexico.com\\\/app\\\/uploads\\\/2023\\\/05\\\/logo-booksfrommexico.svg\",\"width\":86,\"height\":56,\"caption\":\"Books From Mexico\"},\"image\":{\"@id\":\"https:\\\/\\\/booksfrommexico.com\\\/#\\\/schema\\\/logo\\\/image\\\/\"}}]}<\/script>\n<!-- \/ Yoast SEO plugin. -->","yoast_head_json":{"title":"Canci\u00f3n fantasma","description":"CANCI\u00d3N FANTASMA. \/ Ricardo Pohlenz. Quer\u00e9taro, Quer\u00e9taro, M\u00e9xico : Herring Publishers, 2023. 39 pages : includes illustrations ; 21 cm.","robots":{"index":"index","follow":"follow","max-snippet":"max-snippet:-1","max-image-preview":"max-image-preview:large","max-video-preview":"max-video-preview:-1"},"canonical":"https:\/\/booksfrommexico.com\/es\/producto\/cancion-fantasma\/","og_locale":"es_ES","og_type":"article","og_title":"Canci\u00f3n fantasma","og_description":"CANCI\u00d3N FANTASMA. \/ Ricardo Pohlenz. Quer\u00e9taro, Quer\u00e9taro, M\u00e9xico : Herring Publishers, 2023. 39 pages : includes illustrations ; 21 cm.","og_url":"https:\/\/booksfrommexico.com\/es\/producto\/cancion-fantasma\/","og_site_name":"Books From Mexico","article_modified_time":"2024-06-11T23:39:52+00:00","og_image":[{"width":391,"height":622,"url":"http:\/\/booksfrommexico.com\/app\/uploads\/2024\/05\/201131.jpeg","type":"image\/jpeg"}],"twitter_card":"summary_large_image","twitter_misc":{"Tiempo de lectura":"1 minuto"},"schema":{"@context":"https:\/\/schema.org","@graph":[{"@type":"WebPage","@id":"https:\/\/booksfrommexico.com\/es\/producto\/cancion-fantasma\/","url":"https:\/\/booksfrommexico.com\/es\/producto\/cancion-fantasma\/","name":"Canci\u00f3n fantasma","isPartOf":{"@id":"https:\/\/booksfrommexico.com\/#website"},"primaryImageOfPage":{"@id":"https:\/\/booksfrommexico.com\/es\/producto\/cancion-fantasma\/#primaryimage"},"image":{"@id":"https:\/\/booksfrommexico.com\/es\/producto\/cancion-fantasma\/#primaryimage"},"thumbnailUrl":"https:\/\/booksfrommexico.com\/app\/uploads\/2024\/05\/201131.jpeg","datePublished":"2024-05-28T22:34:57+00:00","dateModified":"2024-06-11T23:39:52+00:00","description":"CANCI\u00d3N FANTASMA. \/ Ricardo Pohlenz. Quer\u00e9taro, Quer\u00e9taro, M\u00e9xico : Herring Publishers, 2023. 39 pages : includes illustrations ; 21 cm.","breadcrumb":{"@id":"https:\/\/booksfrommexico.com\/es\/producto\/cancion-fantasma\/#breadcrumb"},"inLanguage":"es","potentialAction":[{"@type":"ReadAction","target":["https:\/\/booksfrommexico.com\/es\/producto\/cancion-fantasma\/"]}]},{"@type":"ImageObject","inLanguage":"es","@id":"https:\/\/booksfrommexico.com\/es\/producto\/cancion-fantasma\/#primaryimage","url":"https:\/\/booksfrommexico.com\/app\/uploads\/2024\/05\/201131.jpeg","contentUrl":"https:\/\/booksfrommexico.com\/app\/uploads\/2024\/05\/201131.jpeg","width":391,"height":622,"caption":"Canci\u00f3n fantasma"},{"@type":"BreadcrumbList","@id":"https:\/\/booksfrommexico.com\/es\/producto\/cancion-fantasma\/#breadcrumb","itemListElement":[{"@type":"ListItem","position":1,"name":"Home","item":"https:\/\/booksfrommexico.com\/es\/"},{"@type":"ListItem","position":2,"name":"Libros","item":"https:\/\/booksfrommexico.com\/es\/libros\/"},{"@type":"ListItem","position":3,"name":"Canci\u00f3n fantasma"}]},{"@type":"WebSite","@id":"https:\/\/booksfrommexico.com\/#website","url":"https:\/\/booksfrommexico.com\/","name":"Books From Mexico","description":"","publisher":{"@id":"https:\/\/booksfrommexico.com\/#organization"},"potentialAction":[{"@type":"SearchAction","target":{"@type":"EntryPoint","urlTemplate":"https:\/\/booksfrommexico.com\/?s={search_term_string}"},"query-input":{"@type":"PropertyValueSpecification","valueRequired":true,"valueName":"search_term_string"}}],"inLanguage":"es"},{"@type":"Organization","@id":"https:\/\/booksfrommexico.com\/#organization","name":"Books From Mexico","url":"https:\/\/booksfrommexico.com\/","logo":{"@type":"ImageObject","inLanguage":"es","@id":"https:\/\/booksfrommexico.com\/#\/schema\/logo\/image\/","url":"https:\/\/booksfrommexico.com\/app\/uploads\/2023\/05\/logo-booksfrommexico.svg","contentUrl":"https:\/\/booksfrommexico.com\/app\/uploads\/2023\/05\/logo-booksfrommexico.svg","width":86,"height":56,"caption":"Books From Mexico"},"image":{"@id":"https:\/\/booksfrommexico.com\/#\/schema\/logo\/image\/"}}]}},"_links":{"self":[{"href":"https:\/\/booksfrommexico.com\/es\/wp-json\/wp\/v2\/product\/6624","targetHints":{"allow":["GET"]}}],"collection":[{"href":"https:\/\/booksfrommexico.com\/es\/wp-json\/wp\/v2\/product"}],"about":[{"href":"https:\/\/booksfrommexico.com\/es\/wp-json\/wp\/v2\/types\/product"}],"wp:featuredmedia":[{"embeddable":true,"href":"https:\/\/booksfrommexico.com\/es\/wp-json\/wp\/v2\/media\/6917"}],"wp:attachment":[{"href":"https:\/\/booksfrommexico.com\/es\/wp-json\/wp\/v2\/media?parent=6624"}],"wp:term":[{"taxonomy":"product_brand","embeddable":true,"href":"https:\/\/booksfrommexico.com\/es\/wp-json\/wp\/v2\/product_brand?post=6624"},{"taxonomy":"product_cat","embeddable":true,"href":"https:\/\/booksfrommexico.com\/es\/wp-json\/wp\/v2\/product_cat?post=6624"},{"taxonomy":"product_tag","embeddable":true,"href":"https:\/\/booksfrommexico.com\/es\/wp-json\/wp\/v2\/product_tag?post=6624"}],"curies":[{"name":"wp","href":"https:\/\/api.w.org\/{rel}","templated":true}]}}