{"id":6625,"date":"2024-05-28T22:34:57","date_gmt":"2024-05-28T22:34:57","guid":{"rendered":"https:\/\/booksfrommexico.com\/product\/humanizando-la-deportacion-narrativas-digitales-desde-las-calles-de-tijuana\/"},"modified":"2024-06-04T23:01:12","modified_gmt":"2024-06-04T23:01:12","slug":"humanizando-la-deportacion-narrativas-digitales-desde-las-calles-de-tijuana","status":"publish","type":"product","link":"https:\/\/booksfrommexico.com\/es\/producto\/humanizando-la-deportacion-narrativas-digitales-desde-las-calles-de-tijuana\/","title":{"rendered":"Humanizando la deportaci\u00f3n: Narrativas digitales desde las calles de Tijuana"},"content":{"rendered":"<p><i><span style=\"font-weight: 400;\">Humanizando la deportaci\u00f3n <\/span><\/i><span style=\"font-weight: 400;\">es un proyecto que se lanz\u00f3 en Tijuana en 2016, siendo un archivo comunitario que aplicaba de forma innovadora un m\u00e9todo de producci\u00f3n audiovisual participativa (digital <\/span><i><span style=\"font-weight: 400;\">storytelling<\/span><\/i><span style=\"font-weight: 400;\">), ofreci\u00e9ndoles a los migrantes una plataforma donde pod\u00edan compartir sus experiencias. Esta plataforma fue creada precisamente con \u00e9se fin: documentar \u2014desde la perspectiva de los migrantes\u2013 las consecuencias humanas de las leyes y las pol\u00edticas de control fronterizo y migratorio en EUA y M\u00e9xico. Este t\u00edtulo se encarga de recoger y documentar algunas de las experiencias y los aprendizajes obtenidos en el transcurso del primer a\u00f1o del proyecto.<\/span><\/p>\n","protected":false},"excerpt":{"rendered":"<p>HUMANIZANDO LA DEPORTACI\u00d3N : NARRATIVAS DIGITALES DESDE LAS CALLES DE TIJUANA<span style=\"font-weight: 400;\">. \/ Robert Mckee Irwin, Guillermo Alonso Meneses (coordinators). Tijuana, Baja California, M\u00e9xico : El Colegio de la Frontera Norte, 2023. 271 pages : includes photos, tables, references, bibliography at the end of each chapter ; 21 cm. ISBN : 9786074795301.<\/span><\/p>\n","protected":false},"featured_media":6920,"template":"","meta":{"_acf_changed":false,"inline_featured_image":false},"product_brand":[],"product_cat":[42],"product_tag":[4417,3685,4401],"class_list":{"0":"post-6625","1":"product","2":"type-product","3":"status-publish","4":"has-post-thumbnail","6":"product_cat-temas-de-inmigracion-y-migraciones-humanas","7":"product_tag-deportacion","8":"product_tag-inmigracion","9":"product_tag-inmigrantes-es","11":"first","12":"instock","13":"taxable","14":"shipping-taxable","15":"purchasable","16":"product-type-simple"},"acf":[],"yoast_head":"<!-- This site is optimized with the Yoast SEO plugin v27.3 - https:\/\/yoast.com\/product\/yoast-seo-wordpress\/ -->\n<title>Humanizando la deportaci\u00f3n<\/title>\n<meta name=\"description\" content=\"HUMANIZANDO LA DEPORTACI\u00d3N : NARRATIVAS DIGITALES DESDE LAS CALLES DE TIJUANA. \/ Robert Mckee Irwin, Guillermo Alonso Meneses (coordinators). 2023.\" \/>\n<meta name=\"robots\" content=\"index, follow, max-snippet:-1, max-image-preview:large, max-video-preview:-1\" \/>\n<link rel=\"canonical\" href=\"https:\/\/booksfrommexico.com\/es\/producto\/humanizando-la-deportacion-narrativas-digitales-desde-las-calles-de-tijuana\/\" \/>\n<meta property=\"og:locale\" content=\"es_ES\" \/>\n<meta property=\"og:type\" content=\"article\" \/>\n<meta property=\"og:title\" content=\"Humanizando la deportaci\u00f3n\" \/>\n<meta property=\"og:description\" content=\"HUMANIZANDO LA DEPORTACI\u00d3N : NARRATIVAS DIGITALES DESDE LAS CALLES DE TIJUANA. \/ Robert Mckee Irwin, Guillermo Alonso Meneses (coordinators). 2023.\" \/>\n<meta property=\"og:url\" content=\"https:\/\/booksfrommexico.com\/es\/producto\/humanizando-la-deportacion-narrativas-digitales-desde-las-calles-de-tijuana\/\" \/>\n<meta property=\"og:site_name\" content=\"Books From Mexico\" \/>\n<meta property=\"article:modified_time\" content=\"2024-06-04T23:01:12+00:00\" \/>\n<meta property=\"og:image\" content=\"http:\/\/booksfrommexico.com\/app\/uploads\/2024\/05\/201241.jpg\" \/>\n\t<meta property=\"og:image:width\" content=\"525\" \/>\n\t<meta property=\"og:image:height\" content=\"823\" \/>\n\t<meta property=\"og:image:type\" content=\"image\/jpeg\" \/>\n<meta name=\"twitter:card\" content=\"summary_large_image\" \/>\n<meta name=\"twitter:label1\" content=\"Tiempo de lectura\" \/>\n\t<meta name=\"twitter:data1\" content=\"1 minuto\" \/>\n<script type=\"application\/ld+json\" class=\"yoast-schema-graph\">{\"@context\":\"https:\\\/\\\/schema.org\",\"@graph\":[{\"@type\":\"WebPage\",\"@id\":\"https:\\\/\\\/booksfrommexico.com\\\/es\\\/producto\\\/humanizando-la-deportacion-narrativas-digitales-desde-las-calles-de-tijuana\\\/\",\"url\":\"https:\\\/\\\/booksfrommexico.com\\\/es\\\/producto\\\/humanizando-la-deportacion-narrativas-digitales-desde-las-calles-de-tijuana\\\/\",\"name\":\"Humanizando la deportaci\u00f3n\",\"isPartOf\":{\"@id\":\"https:\\\/\\\/booksfrommexico.com\\\/#website\"},\"primaryImageOfPage\":{\"@id\":\"https:\\\/\\\/booksfrommexico.com\\\/es\\\/producto\\\/humanizando-la-deportacion-narrativas-digitales-desde-las-calles-de-tijuana\\\/#primaryimage\"},\"image\":{\"@id\":\"https:\\\/\\\/booksfrommexico.com\\\/es\\\/producto\\\/humanizando-la-deportacion-narrativas-digitales-desde-las-calles-de-tijuana\\\/#primaryimage\"},\"thumbnailUrl\":\"https:\\\/\\\/booksfrommexico.com\\\/app\\\/uploads\\\/2024\\\/05\\\/201241.jpg\",\"datePublished\":\"2024-05-28T22:34:57+00:00\",\"dateModified\":\"2024-06-04T23:01:12+00:00\",\"description\":\"HUMANIZANDO LA DEPORTACI\u00d3N : NARRATIVAS DIGITALES DESDE LAS CALLES DE TIJUANA. \\\/ Robert Mckee Irwin, Guillermo Alonso Meneses (coordinators). 2023.\",\"breadcrumb\":{\"@id\":\"https:\\\/\\\/booksfrommexico.com\\\/es\\\/producto\\\/humanizando-la-deportacion-narrativas-digitales-desde-las-calles-de-tijuana\\\/#breadcrumb\"},\"inLanguage\":\"es\",\"potentialAction\":[{\"@type\":\"ReadAction\",\"target\":[\"https:\\\/\\\/booksfrommexico.com\\\/es\\\/producto\\\/humanizando-la-deportacion-narrativas-digitales-desde-las-calles-de-tijuana\\\/\"]}]},{\"@type\":\"ImageObject\",\"inLanguage\":\"es\",\"@id\":\"https:\\\/\\\/booksfrommexico.com\\\/es\\\/producto\\\/humanizando-la-deportacion-narrativas-digitales-desde-las-calles-de-tijuana\\\/#primaryimage\",\"url\":\"https:\\\/\\\/booksfrommexico.com\\\/app\\\/uploads\\\/2024\\\/05\\\/201241.jpg\",\"contentUrl\":\"https:\\\/\\\/booksfrommexico.com\\\/app\\\/uploads\\\/2024\\\/05\\\/201241.jpg\",\"width\":525,\"height\":823,\"caption\":\"Humanizando la deportaci\u00f3n: narrativas digitales desde las calles de tijuana\"},{\"@type\":\"BreadcrumbList\",\"@id\":\"https:\\\/\\\/booksfrommexico.com\\\/es\\\/producto\\\/humanizando-la-deportacion-narrativas-digitales-desde-las-calles-de-tijuana\\\/#breadcrumb\",\"itemListElement\":[{\"@type\":\"ListItem\",\"position\":1,\"name\":\"Home\",\"item\":\"https:\\\/\\\/booksfrommexico.com\\\/es\\\/\"},{\"@type\":\"ListItem\",\"position\":2,\"name\":\"Libros\",\"item\":\"https:\\\/\\\/booksfrommexico.com\\\/es\\\/libros\\\/\"},{\"@type\":\"ListItem\",\"position\":3,\"name\":\"Humanizando la deportaci\u00f3n: Narrativas digitales desde las calles de Tijuana\"}]},{\"@type\":\"WebSite\",\"@id\":\"https:\\\/\\\/booksfrommexico.com\\\/#website\",\"url\":\"https:\\\/\\\/booksfrommexico.com\\\/\",\"name\":\"Books From Mexico\",\"description\":\"\",\"publisher\":{\"@id\":\"https:\\\/\\\/booksfrommexico.com\\\/#organization\"},\"potentialAction\":[{\"@type\":\"SearchAction\",\"target\":{\"@type\":\"EntryPoint\",\"urlTemplate\":\"https:\\\/\\\/booksfrommexico.com\\\/?s={search_term_string}\"},\"query-input\":{\"@type\":\"PropertyValueSpecification\",\"valueRequired\":true,\"valueName\":\"search_term_string\"}}],\"inLanguage\":\"es\"},{\"@type\":\"Organization\",\"@id\":\"https:\\\/\\\/booksfrommexico.com\\\/#organization\",\"name\":\"Books From Mexico\",\"url\":\"https:\\\/\\\/booksfrommexico.com\\\/\",\"logo\":{\"@type\":\"ImageObject\",\"inLanguage\":\"es\",\"@id\":\"https:\\\/\\\/booksfrommexico.com\\\/#\\\/schema\\\/logo\\\/image\\\/\",\"url\":\"https:\\\/\\\/booksfrommexico.com\\\/app\\\/uploads\\\/2023\\\/05\\\/logo-booksfrommexico.svg\",\"contentUrl\":\"https:\\\/\\\/booksfrommexico.com\\\/app\\\/uploads\\\/2023\\\/05\\\/logo-booksfrommexico.svg\",\"width\":86,\"height\":56,\"caption\":\"Books From Mexico\"},\"image\":{\"@id\":\"https:\\\/\\\/booksfrommexico.com\\\/#\\\/schema\\\/logo\\\/image\\\/\"}}]}<\/script>\n<!-- \/ Yoast SEO plugin. -->","yoast_head_json":{"title":"Humanizando la deportaci\u00f3n","description":"HUMANIZANDO LA DEPORTACI\u00d3N : NARRATIVAS DIGITALES DESDE LAS CALLES DE TIJUANA. \/ Robert Mckee Irwin, Guillermo Alonso Meneses (coordinators). 2023.","robots":{"index":"index","follow":"follow","max-snippet":"max-snippet:-1","max-image-preview":"max-image-preview:large","max-video-preview":"max-video-preview:-1"},"canonical":"https:\/\/booksfrommexico.com\/es\/producto\/humanizando-la-deportacion-narrativas-digitales-desde-las-calles-de-tijuana\/","og_locale":"es_ES","og_type":"article","og_title":"Humanizando la deportaci\u00f3n","og_description":"HUMANIZANDO LA DEPORTACI\u00d3N : NARRATIVAS DIGITALES DESDE LAS CALLES DE TIJUANA. \/ Robert Mckee Irwin, Guillermo Alonso Meneses (coordinators). 2023.","og_url":"https:\/\/booksfrommexico.com\/es\/producto\/humanizando-la-deportacion-narrativas-digitales-desde-las-calles-de-tijuana\/","og_site_name":"Books From Mexico","article_modified_time":"2024-06-04T23:01:12+00:00","og_image":[{"width":525,"height":823,"url":"http:\/\/booksfrommexico.com\/app\/uploads\/2024\/05\/201241.jpg","type":"image\/jpeg"}],"twitter_card":"summary_large_image","twitter_misc":{"Tiempo de lectura":"1 minuto"},"schema":{"@context":"https:\/\/schema.org","@graph":[{"@type":"WebPage","@id":"https:\/\/booksfrommexico.com\/es\/producto\/humanizando-la-deportacion-narrativas-digitales-desde-las-calles-de-tijuana\/","url":"https:\/\/booksfrommexico.com\/es\/producto\/humanizando-la-deportacion-narrativas-digitales-desde-las-calles-de-tijuana\/","name":"Humanizando la deportaci\u00f3n","isPartOf":{"@id":"https:\/\/booksfrommexico.com\/#website"},"primaryImageOfPage":{"@id":"https:\/\/booksfrommexico.com\/es\/producto\/humanizando-la-deportacion-narrativas-digitales-desde-las-calles-de-tijuana\/#primaryimage"},"image":{"@id":"https:\/\/booksfrommexico.com\/es\/producto\/humanizando-la-deportacion-narrativas-digitales-desde-las-calles-de-tijuana\/#primaryimage"},"thumbnailUrl":"https:\/\/booksfrommexico.com\/app\/uploads\/2024\/05\/201241.jpg","datePublished":"2024-05-28T22:34:57+00:00","dateModified":"2024-06-04T23:01:12+00:00","description":"HUMANIZANDO LA DEPORTACI\u00d3N : NARRATIVAS DIGITALES DESDE LAS CALLES DE TIJUANA. \/ Robert Mckee Irwin, Guillermo Alonso Meneses (coordinators). 2023.","breadcrumb":{"@id":"https:\/\/booksfrommexico.com\/es\/producto\/humanizando-la-deportacion-narrativas-digitales-desde-las-calles-de-tijuana\/#breadcrumb"},"inLanguage":"es","potentialAction":[{"@type":"ReadAction","target":["https:\/\/booksfrommexico.com\/es\/producto\/humanizando-la-deportacion-narrativas-digitales-desde-las-calles-de-tijuana\/"]}]},{"@type":"ImageObject","inLanguage":"es","@id":"https:\/\/booksfrommexico.com\/es\/producto\/humanizando-la-deportacion-narrativas-digitales-desde-las-calles-de-tijuana\/#primaryimage","url":"https:\/\/booksfrommexico.com\/app\/uploads\/2024\/05\/201241.jpg","contentUrl":"https:\/\/booksfrommexico.com\/app\/uploads\/2024\/05\/201241.jpg","width":525,"height":823,"caption":"Humanizando la deportaci\u00f3n: narrativas digitales desde las calles de tijuana"},{"@type":"BreadcrumbList","@id":"https:\/\/booksfrommexico.com\/es\/producto\/humanizando-la-deportacion-narrativas-digitales-desde-las-calles-de-tijuana\/#breadcrumb","itemListElement":[{"@type":"ListItem","position":1,"name":"Home","item":"https:\/\/booksfrommexico.com\/es\/"},{"@type":"ListItem","position":2,"name":"Libros","item":"https:\/\/booksfrommexico.com\/es\/libros\/"},{"@type":"ListItem","position":3,"name":"Humanizando la deportaci\u00f3n: Narrativas digitales desde las calles de Tijuana"}]},{"@type":"WebSite","@id":"https:\/\/booksfrommexico.com\/#website","url":"https:\/\/booksfrommexico.com\/","name":"Books From Mexico","description":"","publisher":{"@id":"https:\/\/booksfrommexico.com\/#organization"},"potentialAction":[{"@type":"SearchAction","target":{"@type":"EntryPoint","urlTemplate":"https:\/\/booksfrommexico.com\/?s={search_term_string}"},"query-input":{"@type":"PropertyValueSpecification","valueRequired":true,"valueName":"search_term_string"}}],"inLanguage":"es"},{"@type":"Organization","@id":"https:\/\/booksfrommexico.com\/#organization","name":"Books From Mexico","url":"https:\/\/booksfrommexico.com\/","logo":{"@type":"ImageObject","inLanguage":"es","@id":"https:\/\/booksfrommexico.com\/#\/schema\/logo\/image\/","url":"https:\/\/booksfrommexico.com\/app\/uploads\/2023\/05\/logo-booksfrommexico.svg","contentUrl":"https:\/\/booksfrommexico.com\/app\/uploads\/2023\/05\/logo-booksfrommexico.svg","width":86,"height":56,"caption":"Books From Mexico"},"image":{"@id":"https:\/\/booksfrommexico.com\/#\/schema\/logo\/image\/"}}]}},"_links":{"self":[{"href":"https:\/\/booksfrommexico.com\/es\/wp-json\/wp\/v2\/product\/6625","targetHints":{"allow":["GET"]}}],"collection":[{"href":"https:\/\/booksfrommexico.com\/es\/wp-json\/wp\/v2\/product"}],"about":[{"href":"https:\/\/booksfrommexico.com\/es\/wp-json\/wp\/v2\/types\/product"}],"wp:featuredmedia":[{"embeddable":true,"href":"https:\/\/booksfrommexico.com\/es\/wp-json\/wp\/v2\/media\/6920"}],"wp:attachment":[{"href":"https:\/\/booksfrommexico.com\/es\/wp-json\/wp\/v2\/media?parent=6625"}],"wp:term":[{"taxonomy":"product_brand","embeddable":true,"href":"https:\/\/booksfrommexico.com\/es\/wp-json\/wp\/v2\/product_brand?post=6625"},{"taxonomy":"product_cat","embeddable":true,"href":"https:\/\/booksfrommexico.com\/es\/wp-json\/wp\/v2\/product_cat?post=6625"},{"taxonomy":"product_tag","embeddable":true,"href":"https:\/\/booksfrommexico.com\/es\/wp-json\/wp\/v2\/product_tag?post=6625"}],"curies":[{"name":"wp","href":"https:\/\/api.w.org\/{rel}","templated":true}]}}