{"id":6628,"date":"2024-05-28T22:34:57","date_gmt":"2024-05-28T22:34:57","guid":{"rendered":"https:\/\/booksfrommexico.com\/product\/dorsal-atlantica-expediente-sobre-los-suelos-oceanicos\/"},"modified":"2024-06-06T23:32:23","modified_gmt":"2024-06-06T23:32:23","slug":"dorsal-atlantica-expediente-sobre-los-suelos-oceanicos","status":"publish","type":"product","link":"https:\/\/booksfrommexico.com\/es\/producto\/dorsal-atlantica-expediente-sobre-los-suelos-oceanicos\/","title":{"rendered":"Dorsal atl\u00e1ntica: Expediente sobre los suelos oce\u00e1nicos"},"content":{"rendered":"<p><span style=\"font-weight: 400;\">Melissa Ni\u00f1o es una poeta e investigadora independiente originaria de Puerto Vallarta que ha publicado su trabajo de poes\u00eda bajo diversos t\u00edtulos. En estos poemas, la autora combina la ciencia, la ficci\u00f3n y la poes\u00eda para explorar la vida de Marie Tharp, una cart\u00f3grafa oce\u00e1nica y ge\u00f3loga estadounidense quien, junto a Bruce Heezen, cre\u00f3 el primer mapa cient\u00edfico de todo el suelo oce\u00e1nico. En estos versos se descubre c\u00f3mo es que Tharp, siendo una mujer en un campo dominado por hombres, a menudo se vio eclipsada por su compa\u00f1ero, as\u00ed como los desaf\u00edos que enfrent\u00f3, su pasi\u00f3n por la ciencia y su determinaci\u00f3n por descubrir los misterios que guardaba el oc\u00e9ano.<\/span><\/p>\n","protected":false},"excerpt":{"rendered":"<p>DORSAL ATL\u00c1NTICA : EXPEDIENTE SOBRE LOS SUELOS OCE\u00c1NICOS<span style=\"font-weight: 400;\">. \/ Melissa Ni\u00f1o. Guadalajara, Jalisco, M\u00e9xico : Espina Dorsal, 2023. 61 pages : includes user information ; 21 cm. (Colecci\u00f3n Poes\u00eda). ISBN : 9786079974190.<\/span><\/p>\n","protected":false},"featured_media":6929,"template":"","meta":{"_acf_changed":false,"inline_featured_image":false},"product_brand":[],"product_cat":[25,32],"product_tag":[4124,4225,4115,3598],"class_list":{"0":"post-6628","1":"product","2":"type-product","3":"status-publish","4":"has-post-thumbnail","6":"product_cat-literatura","7":"product_cat-poesia-literatura","8":"product_tag-literatura-es","9":"product_tag-mujeres-literatura","10":"product_tag-poesia-es","11":"product_tag-poesia-mexicana","13":"first","14":"instock","15":"taxable","16":"shipping-taxable","17":"purchasable","18":"product-type-simple"},"acf":[],"yoast_head":"<!-- This site is optimized with the Yoast SEO plugin v27.3 - https:\/\/yoast.com\/product\/yoast-seo-wordpress\/ -->\n<title>Dorsal atl\u00e1ntica: Expediente sobre los suelos oce\u00e1nicos<\/title>\n<meta name=\"description\" content=\"DORSAL ATL\u00c1NTICA : EXPEDIENTE SOBRE LOS SUELOS OCE\u00c1NICOS. \/ Melissa Ni\u00f1o. Guadalajara, Jalisco, M\u00e9xico : Espina Dorsal, 2023. (Colecci\u00f3n Poes\u00eda).\" \/>\n<meta name=\"robots\" content=\"index, follow, max-snippet:-1, max-image-preview:large, max-video-preview:-1\" \/>\n<link rel=\"canonical\" href=\"https:\/\/booksfrommexico.com\/es\/producto\/dorsal-atlantica-expediente-sobre-los-suelos-oceanicos\/\" \/>\n<meta property=\"og:locale\" content=\"es_ES\" \/>\n<meta property=\"og:type\" content=\"article\" \/>\n<meta property=\"og:title\" content=\"Dorsal atl\u00e1ntica: Expediente sobre los suelos oce\u00e1nicos\" \/>\n<meta property=\"og:description\" content=\"DORSAL ATL\u00c1NTICA : EXPEDIENTE SOBRE LOS SUELOS OCE\u00c1NICOS. \/ Melissa Ni\u00f1o. Guadalajara, Jalisco, M\u00e9xico : Espina Dorsal, 2023. (Colecci\u00f3n Poes\u00eda).\" \/>\n<meta property=\"og:url\" content=\"https:\/\/booksfrommexico.com\/es\/producto\/dorsal-atlantica-expediente-sobre-los-suelos-oceanicos\/\" \/>\n<meta property=\"og:site_name\" content=\"Books From Mexico\" \/>\n<meta property=\"article:modified_time\" content=\"2024-06-06T23:32:23+00:00\" \/>\n<meta property=\"og:image\" content=\"http:\/\/booksfrommexico.com\/app\/uploads\/2024\/05\/201327.jpeg\" \/>\n\t<meta property=\"og:image:width\" content=\"390\" \/>\n\t<meta property=\"og:image:height\" content=\"603\" \/>\n\t<meta property=\"og:image:type\" content=\"image\/jpeg\" \/>\n<meta name=\"twitter:card\" content=\"summary_large_image\" \/>\n<meta name=\"twitter:label1\" content=\"Tiempo de lectura\" \/>\n\t<meta name=\"twitter:data1\" content=\"1 minuto\" \/>\n<script type=\"application\/ld+json\" class=\"yoast-schema-graph\">{\"@context\":\"https:\\\/\\\/schema.org\",\"@graph\":[{\"@type\":\"WebPage\",\"@id\":\"https:\\\/\\\/booksfrommexico.com\\\/es\\\/producto\\\/dorsal-atlantica-expediente-sobre-los-suelos-oceanicos\\\/\",\"url\":\"https:\\\/\\\/booksfrommexico.com\\\/es\\\/producto\\\/dorsal-atlantica-expediente-sobre-los-suelos-oceanicos\\\/\",\"name\":\"Dorsal atl\u00e1ntica: Expediente sobre los suelos oce\u00e1nicos\",\"isPartOf\":{\"@id\":\"https:\\\/\\\/booksfrommexico.com\\\/#website\"},\"primaryImageOfPage\":{\"@id\":\"https:\\\/\\\/booksfrommexico.com\\\/es\\\/producto\\\/dorsal-atlantica-expediente-sobre-los-suelos-oceanicos\\\/#primaryimage\"},\"image\":{\"@id\":\"https:\\\/\\\/booksfrommexico.com\\\/es\\\/producto\\\/dorsal-atlantica-expediente-sobre-los-suelos-oceanicos\\\/#primaryimage\"},\"thumbnailUrl\":\"https:\\\/\\\/booksfrommexico.com\\\/app\\\/uploads\\\/2024\\\/05\\\/201327.jpeg\",\"datePublished\":\"2024-05-28T22:34:57+00:00\",\"dateModified\":\"2024-06-06T23:32:23+00:00\",\"description\":\"DORSAL ATL\u00c1NTICA : EXPEDIENTE SOBRE LOS SUELOS OCE\u00c1NICOS. \\\/ Melissa Ni\u00f1o. Guadalajara, Jalisco, M\u00e9xico : Espina Dorsal, 2023. (Colecci\u00f3n Poes\u00eda).\",\"breadcrumb\":{\"@id\":\"https:\\\/\\\/booksfrommexico.com\\\/es\\\/producto\\\/dorsal-atlantica-expediente-sobre-los-suelos-oceanicos\\\/#breadcrumb\"},\"inLanguage\":\"es\",\"potentialAction\":[{\"@type\":\"ReadAction\",\"target\":[\"https:\\\/\\\/booksfrommexico.com\\\/es\\\/producto\\\/dorsal-atlantica-expediente-sobre-los-suelos-oceanicos\\\/\"]}]},{\"@type\":\"ImageObject\",\"inLanguage\":\"es\",\"@id\":\"https:\\\/\\\/booksfrommexico.com\\\/es\\\/producto\\\/dorsal-atlantica-expediente-sobre-los-suelos-oceanicos\\\/#primaryimage\",\"url\":\"https:\\\/\\\/booksfrommexico.com\\\/app\\\/uploads\\\/2024\\\/05\\\/201327.jpeg\",\"contentUrl\":\"https:\\\/\\\/booksfrommexico.com\\\/app\\\/uploads\\\/2024\\\/05\\\/201327.jpeg\",\"width\":390,\"height\":603,\"caption\":\"Dorsal atl\u00e1ntica expediente sobre los suelos oce\u00e1nicos\"},{\"@type\":\"BreadcrumbList\",\"@id\":\"https:\\\/\\\/booksfrommexico.com\\\/es\\\/producto\\\/dorsal-atlantica-expediente-sobre-los-suelos-oceanicos\\\/#breadcrumb\",\"itemListElement\":[{\"@type\":\"ListItem\",\"position\":1,\"name\":\"Home\",\"item\":\"https:\\\/\\\/booksfrommexico.com\\\/es\\\/\"},{\"@type\":\"ListItem\",\"position\":2,\"name\":\"Libros\",\"item\":\"https:\\\/\\\/booksfrommexico.com\\\/es\\\/libros\\\/\"},{\"@type\":\"ListItem\",\"position\":3,\"name\":\"Dorsal atl\u00e1ntica: Expediente sobre los suelos oce\u00e1nicos\"}]},{\"@type\":\"WebSite\",\"@id\":\"https:\\\/\\\/booksfrommexico.com\\\/#website\",\"url\":\"https:\\\/\\\/booksfrommexico.com\\\/\",\"name\":\"Books From Mexico\",\"description\":\"\",\"publisher\":{\"@id\":\"https:\\\/\\\/booksfrommexico.com\\\/#organization\"},\"potentialAction\":[{\"@type\":\"SearchAction\",\"target\":{\"@type\":\"EntryPoint\",\"urlTemplate\":\"https:\\\/\\\/booksfrommexico.com\\\/?s={search_term_string}\"},\"query-input\":{\"@type\":\"PropertyValueSpecification\",\"valueRequired\":true,\"valueName\":\"search_term_string\"}}],\"inLanguage\":\"es\"},{\"@type\":\"Organization\",\"@id\":\"https:\\\/\\\/booksfrommexico.com\\\/#organization\",\"name\":\"Books From Mexico\",\"url\":\"https:\\\/\\\/booksfrommexico.com\\\/\",\"logo\":{\"@type\":\"ImageObject\",\"inLanguage\":\"es\",\"@id\":\"https:\\\/\\\/booksfrommexico.com\\\/#\\\/schema\\\/logo\\\/image\\\/\",\"url\":\"https:\\\/\\\/booksfrommexico.com\\\/app\\\/uploads\\\/2023\\\/05\\\/logo-booksfrommexico.svg\",\"contentUrl\":\"https:\\\/\\\/booksfrommexico.com\\\/app\\\/uploads\\\/2023\\\/05\\\/logo-booksfrommexico.svg\",\"width\":86,\"height\":56,\"caption\":\"Books From Mexico\"},\"image\":{\"@id\":\"https:\\\/\\\/booksfrommexico.com\\\/#\\\/schema\\\/logo\\\/image\\\/\"}}]}<\/script>\n<!-- \/ Yoast SEO plugin. -->","yoast_head_json":{"title":"Dorsal atl\u00e1ntica: Expediente sobre los suelos oce\u00e1nicos","description":"DORSAL ATL\u00c1NTICA : EXPEDIENTE SOBRE LOS SUELOS OCE\u00c1NICOS. \/ Melissa Ni\u00f1o. Guadalajara, Jalisco, M\u00e9xico : Espina Dorsal, 2023. (Colecci\u00f3n Poes\u00eda).","robots":{"index":"index","follow":"follow","max-snippet":"max-snippet:-1","max-image-preview":"max-image-preview:large","max-video-preview":"max-video-preview:-1"},"canonical":"https:\/\/booksfrommexico.com\/es\/producto\/dorsal-atlantica-expediente-sobre-los-suelos-oceanicos\/","og_locale":"es_ES","og_type":"article","og_title":"Dorsal atl\u00e1ntica: Expediente sobre los suelos oce\u00e1nicos","og_description":"DORSAL ATL\u00c1NTICA : EXPEDIENTE SOBRE LOS SUELOS OCE\u00c1NICOS. \/ Melissa Ni\u00f1o. Guadalajara, Jalisco, M\u00e9xico : Espina Dorsal, 2023. (Colecci\u00f3n Poes\u00eda).","og_url":"https:\/\/booksfrommexico.com\/es\/producto\/dorsal-atlantica-expediente-sobre-los-suelos-oceanicos\/","og_site_name":"Books From Mexico","article_modified_time":"2024-06-06T23:32:23+00:00","og_image":[{"width":390,"height":603,"url":"http:\/\/booksfrommexico.com\/app\/uploads\/2024\/05\/201327.jpeg","type":"image\/jpeg"}],"twitter_card":"summary_large_image","twitter_misc":{"Tiempo de lectura":"1 minuto"},"schema":{"@context":"https:\/\/schema.org","@graph":[{"@type":"WebPage","@id":"https:\/\/booksfrommexico.com\/es\/producto\/dorsal-atlantica-expediente-sobre-los-suelos-oceanicos\/","url":"https:\/\/booksfrommexico.com\/es\/producto\/dorsal-atlantica-expediente-sobre-los-suelos-oceanicos\/","name":"Dorsal atl\u00e1ntica: Expediente sobre los suelos oce\u00e1nicos","isPartOf":{"@id":"https:\/\/booksfrommexico.com\/#website"},"primaryImageOfPage":{"@id":"https:\/\/booksfrommexico.com\/es\/producto\/dorsal-atlantica-expediente-sobre-los-suelos-oceanicos\/#primaryimage"},"image":{"@id":"https:\/\/booksfrommexico.com\/es\/producto\/dorsal-atlantica-expediente-sobre-los-suelos-oceanicos\/#primaryimage"},"thumbnailUrl":"https:\/\/booksfrommexico.com\/app\/uploads\/2024\/05\/201327.jpeg","datePublished":"2024-05-28T22:34:57+00:00","dateModified":"2024-06-06T23:32:23+00:00","description":"DORSAL ATL\u00c1NTICA : EXPEDIENTE SOBRE LOS SUELOS OCE\u00c1NICOS. \/ Melissa Ni\u00f1o. Guadalajara, Jalisco, M\u00e9xico : Espina Dorsal, 2023. (Colecci\u00f3n Poes\u00eda).","breadcrumb":{"@id":"https:\/\/booksfrommexico.com\/es\/producto\/dorsal-atlantica-expediente-sobre-los-suelos-oceanicos\/#breadcrumb"},"inLanguage":"es","potentialAction":[{"@type":"ReadAction","target":["https:\/\/booksfrommexico.com\/es\/producto\/dorsal-atlantica-expediente-sobre-los-suelos-oceanicos\/"]}]},{"@type":"ImageObject","inLanguage":"es","@id":"https:\/\/booksfrommexico.com\/es\/producto\/dorsal-atlantica-expediente-sobre-los-suelos-oceanicos\/#primaryimage","url":"https:\/\/booksfrommexico.com\/app\/uploads\/2024\/05\/201327.jpeg","contentUrl":"https:\/\/booksfrommexico.com\/app\/uploads\/2024\/05\/201327.jpeg","width":390,"height":603,"caption":"Dorsal atl\u00e1ntica expediente sobre los suelos oce\u00e1nicos"},{"@type":"BreadcrumbList","@id":"https:\/\/booksfrommexico.com\/es\/producto\/dorsal-atlantica-expediente-sobre-los-suelos-oceanicos\/#breadcrumb","itemListElement":[{"@type":"ListItem","position":1,"name":"Home","item":"https:\/\/booksfrommexico.com\/es\/"},{"@type":"ListItem","position":2,"name":"Libros","item":"https:\/\/booksfrommexico.com\/es\/libros\/"},{"@type":"ListItem","position":3,"name":"Dorsal atl\u00e1ntica: Expediente sobre los suelos oce\u00e1nicos"}]},{"@type":"WebSite","@id":"https:\/\/booksfrommexico.com\/#website","url":"https:\/\/booksfrommexico.com\/","name":"Books From Mexico","description":"","publisher":{"@id":"https:\/\/booksfrommexico.com\/#organization"},"potentialAction":[{"@type":"SearchAction","target":{"@type":"EntryPoint","urlTemplate":"https:\/\/booksfrommexico.com\/?s={search_term_string}"},"query-input":{"@type":"PropertyValueSpecification","valueRequired":true,"valueName":"search_term_string"}}],"inLanguage":"es"},{"@type":"Organization","@id":"https:\/\/booksfrommexico.com\/#organization","name":"Books From Mexico","url":"https:\/\/booksfrommexico.com\/","logo":{"@type":"ImageObject","inLanguage":"es","@id":"https:\/\/booksfrommexico.com\/#\/schema\/logo\/image\/","url":"https:\/\/booksfrommexico.com\/app\/uploads\/2023\/05\/logo-booksfrommexico.svg","contentUrl":"https:\/\/booksfrommexico.com\/app\/uploads\/2023\/05\/logo-booksfrommexico.svg","width":86,"height":56,"caption":"Books From Mexico"},"image":{"@id":"https:\/\/booksfrommexico.com\/#\/schema\/logo\/image\/"}}]}},"_links":{"self":[{"href":"https:\/\/booksfrommexico.com\/es\/wp-json\/wp\/v2\/product\/6628","targetHints":{"allow":["GET"]}}],"collection":[{"href":"https:\/\/booksfrommexico.com\/es\/wp-json\/wp\/v2\/product"}],"about":[{"href":"https:\/\/booksfrommexico.com\/es\/wp-json\/wp\/v2\/types\/product"}],"wp:featuredmedia":[{"embeddable":true,"href":"https:\/\/booksfrommexico.com\/es\/wp-json\/wp\/v2\/media\/6929"}],"wp:attachment":[{"href":"https:\/\/booksfrommexico.com\/es\/wp-json\/wp\/v2\/media?parent=6628"}],"wp:term":[{"taxonomy":"product_brand","embeddable":true,"href":"https:\/\/booksfrommexico.com\/es\/wp-json\/wp\/v2\/product_brand?post=6628"},{"taxonomy":"product_cat","embeddable":true,"href":"https:\/\/booksfrommexico.com\/es\/wp-json\/wp\/v2\/product_cat?post=6628"},{"taxonomy":"product_tag","embeddable":true,"href":"https:\/\/booksfrommexico.com\/es\/wp-json\/wp\/v2\/product_tag?post=6628"}],"curies":[{"name":"wp","href":"https:\/\/api.w.org\/{rel}","templated":true}]}}