{"id":6629,"date":"2024-05-28T22:34:58","date_gmt":"2024-05-28T22:34:58","guid":{"rendered":"https:\/\/booksfrommexico.com\/product\/arteterapia-y-musicoterapia-contra-la-violencia\/"},"modified":"2024-06-05T20:08:34","modified_gmt":"2024-06-05T20:08:34","slug":"arteterapia-y-musicoterapia-contra-la-violencia","status":"publish","type":"product","link":"https:\/\/booksfrommexico.com\/es\/producto\/arteterapia-y-musicoterapia-contra-la-violencia\/","title":{"rendered":"Arteterapia y musicoterapia contra la violencia"},"content":{"rendered":"<p><span style=\"font-weight: 400;\">Esta investigaci\u00f3n es el producto de a\u00f1os de intervenci\u00f3n, s\u00edntesis, an\u00e1lisis y reflexi\u00f3n, cruzados las teor\u00edas con perspectiva de g\u00e9nero, feministas y musicales, para ofrecer un m\u00e9todo\u00a0 \u2013con sentido \u00e9tico y terap\u00e9utico\u2013 que ayude a prevenir, accionar y contener la violencia, a trav\u00e9s de la m\u00fasica y el arte. El objetivo de este texto es visibilizar la conexi\u00f3n entre la prevenci\u00f3n y atenci\u00f3n de las distintas violencias de g\u00e9nero desde la arteterapia y la musicoterapia, basadas en experiencias propias. La autora consigue abordar la cultura mexicana y la cubana a trav\u00e9s de mitos, estereotipos de g\u00e9nero y las t\u00e9cnicas de aplicaci\u00f3n para contrarrestar los efectos del maltrato en infancias, juventudes y adulteces. <\/span><\/p>\n","protected":false},"excerpt":{"rendered":"<p>ARTETERAPIA Y MUSICOTERAPIA CONTRA LA VIOLENCIA : EXPERIENCIAS EN COMUNIDADES MEXICANAS Y CUBANAS<span style=\"font-weight: 400;\">. \/ Teresa Fern\u00e1ndez de Juan. Tijuana, Baja California, M\u00e9xico : El Colegio de la Frontera Norte, 2023. 318 pages : includes photos, tables, charts, bibliography; 22 cm. ISBN : 9786074795400. <\/span><\/p>\n","protected":false},"featured_media":6933,"template":"","meta":{"_acf_changed":false,"inline_featured_image":false},"product_brand":[],"product_cat":[1466,699],"product_tag":[4044,3849,4211,4118,3594],"class_list":{"0":"post-6629","1":"product","2":"type-product","3":"status-publish","4":"has-post-thumbnail","6":"product_cat-psicologia-y-psicologia-social","7":"product_cat-violencia-en-la-sociedad-sociologia","8":"product_tag-arte","9":"product_tag-cuba","10":"product_tag-feminismo","11":"product_tag-juventud-infancia","12":"product_tag-mexico","14":"first","15":"instock","16":"taxable","17":"shipping-taxable","18":"purchasable","19":"product-type-simple"},"acf":[],"yoast_head":"<!-- This site is optimized with the Yoast SEO plugin v27.3 - https:\/\/yoast.com\/product\/yoast-seo-wordpress\/ -->\n<title>Arteterapia y musicoterapia contra la violencia<\/title>\n<meta name=\"description\" content=\"ARTETERAPIA Y MUSICOTERAPIA CONTRA LA VIOLENCIA : EXPERIENCIAS EN COMUNIDADES MEXICANAS Y CUBANAS. \/ Fern\u00e1ndez de Juan. El Colegio de la Frontera Norte.\" \/>\n<meta name=\"robots\" content=\"index, follow, max-snippet:-1, max-image-preview:large, max-video-preview:-1\" \/>\n<link rel=\"canonical\" href=\"https:\/\/booksfrommexico.com\/es\/producto\/arteterapia-y-musicoterapia-contra-la-violencia\/\" \/>\n<meta property=\"og:locale\" content=\"es_ES\" \/>\n<meta property=\"og:type\" content=\"article\" \/>\n<meta property=\"og:title\" content=\"Arteterapia y musicoterapia contra la violencia\" \/>\n<meta property=\"og:description\" content=\"ARTETERAPIA Y MUSICOTERAPIA CONTRA LA VIOLENCIA : EXPERIENCIAS EN COMUNIDADES MEXICANAS Y CUBANAS. \/ Fern\u00e1ndez de Juan. El Colegio de la Frontera Norte.\" \/>\n<meta property=\"og:url\" content=\"https:\/\/booksfrommexico.com\/es\/producto\/arteterapia-y-musicoterapia-contra-la-violencia\/\" \/>\n<meta property=\"og:site_name\" content=\"Books From Mexico\" \/>\n<meta property=\"article:modified_time\" content=\"2024-06-05T20:08:34+00:00\" \/>\n<meta property=\"og:image\" content=\"http:\/\/booksfrommexico.com\/app\/uploads\/2024\/05\/201361.jpg\" \/>\n\t<meta property=\"og:image:width\" content=\"645\" \/>\n\t<meta property=\"og:image:height\" content=\"862\" \/>\n\t<meta property=\"og:image:type\" content=\"image\/jpeg\" \/>\n<meta name=\"twitter:card\" content=\"summary_large_image\" \/>\n<meta name=\"twitter:label1\" content=\"Tiempo de lectura\" \/>\n\t<meta name=\"twitter:data1\" content=\"1 minuto\" \/>\n<script type=\"application\/ld+json\" class=\"yoast-schema-graph\">{\"@context\":\"https:\\\/\\\/schema.org\",\"@graph\":[{\"@type\":\"WebPage\",\"@id\":\"https:\\\/\\\/booksfrommexico.com\\\/es\\\/producto\\\/arteterapia-y-musicoterapia-contra-la-violencia\\\/\",\"url\":\"https:\\\/\\\/booksfrommexico.com\\\/es\\\/producto\\\/arteterapia-y-musicoterapia-contra-la-violencia\\\/\",\"name\":\"Arteterapia y musicoterapia contra la violencia\",\"isPartOf\":{\"@id\":\"https:\\\/\\\/booksfrommexico.com\\\/#website\"},\"primaryImageOfPage\":{\"@id\":\"https:\\\/\\\/booksfrommexico.com\\\/es\\\/producto\\\/arteterapia-y-musicoterapia-contra-la-violencia\\\/#primaryimage\"},\"image\":{\"@id\":\"https:\\\/\\\/booksfrommexico.com\\\/es\\\/producto\\\/arteterapia-y-musicoterapia-contra-la-violencia\\\/#primaryimage\"},\"thumbnailUrl\":\"https:\\\/\\\/booksfrommexico.com\\\/app\\\/uploads\\\/2024\\\/05\\\/201361.jpg\",\"datePublished\":\"2024-05-28T22:34:58+00:00\",\"dateModified\":\"2024-06-05T20:08:34+00:00\",\"description\":\"ARTETERAPIA Y MUSICOTERAPIA CONTRA LA VIOLENCIA : EXPERIENCIAS EN COMUNIDADES MEXICANAS Y CUBANAS. \\\/ Fern\u00e1ndez de Juan. El Colegio de la Frontera Norte.\",\"breadcrumb\":{\"@id\":\"https:\\\/\\\/booksfrommexico.com\\\/es\\\/producto\\\/arteterapia-y-musicoterapia-contra-la-violencia\\\/#breadcrumb\"},\"inLanguage\":\"es\",\"potentialAction\":[{\"@type\":\"ReadAction\",\"target\":[\"https:\\\/\\\/booksfrommexico.com\\\/es\\\/producto\\\/arteterapia-y-musicoterapia-contra-la-violencia\\\/\"]}]},{\"@type\":\"ImageObject\",\"inLanguage\":\"es\",\"@id\":\"https:\\\/\\\/booksfrommexico.com\\\/es\\\/producto\\\/arteterapia-y-musicoterapia-contra-la-violencia\\\/#primaryimage\",\"url\":\"https:\\\/\\\/booksfrommexico.com\\\/app\\\/uploads\\\/2024\\\/05\\\/201361.jpg\",\"contentUrl\":\"https:\\\/\\\/booksfrommexico.com\\\/app\\\/uploads\\\/2024\\\/05\\\/201361.jpg\",\"width\":645,\"height\":862,\"caption\":\"Arteterapia y musicoterapia contra la violencia\"},{\"@type\":\"BreadcrumbList\",\"@id\":\"https:\\\/\\\/booksfrommexico.com\\\/es\\\/producto\\\/arteterapia-y-musicoterapia-contra-la-violencia\\\/#breadcrumb\",\"itemListElement\":[{\"@type\":\"ListItem\",\"position\":1,\"name\":\"Home\",\"item\":\"https:\\\/\\\/booksfrommexico.com\\\/es\\\/\"},{\"@type\":\"ListItem\",\"position\":2,\"name\":\"Libros\",\"item\":\"https:\\\/\\\/booksfrommexico.com\\\/es\\\/libros\\\/\"},{\"@type\":\"ListItem\",\"position\":3,\"name\":\"Arteterapia y musicoterapia contra la violencia\"}]},{\"@type\":\"WebSite\",\"@id\":\"https:\\\/\\\/booksfrommexico.com\\\/#website\",\"url\":\"https:\\\/\\\/booksfrommexico.com\\\/\",\"name\":\"Books From Mexico\",\"description\":\"\",\"publisher\":{\"@id\":\"https:\\\/\\\/booksfrommexico.com\\\/#organization\"},\"potentialAction\":[{\"@type\":\"SearchAction\",\"target\":{\"@type\":\"EntryPoint\",\"urlTemplate\":\"https:\\\/\\\/booksfrommexico.com\\\/?s={search_term_string}\"},\"query-input\":{\"@type\":\"PropertyValueSpecification\",\"valueRequired\":true,\"valueName\":\"search_term_string\"}}],\"inLanguage\":\"es\"},{\"@type\":\"Organization\",\"@id\":\"https:\\\/\\\/booksfrommexico.com\\\/#organization\",\"name\":\"Books From Mexico\",\"url\":\"https:\\\/\\\/booksfrommexico.com\\\/\",\"logo\":{\"@type\":\"ImageObject\",\"inLanguage\":\"es\",\"@id\":\"https:\\\/\\\/booksfrommexico.com\\\/#\\\/schema\\\/logo\\\/image\\\/\",\"url\":\"https:\\\/\\\/booksfrommexico.com\\\/app\\\/uploads\\\/2023\\\/05\\\/logo-booksfrommexico.svg\",\"contentUrl\":\"https:\\\/\\\/booksfrommexico.com\\\/app\\\/uploads\\\/2023\\\/05\\\/logo-booksfrommexico.svg\",\"width\":86,\"height\":56,\"caption\":\"Books From Mexico\"},\"image\":{\"@id\":\"https:\\\/\\\/booksfrommexico.com\\\/#\\\/schema\\\/logo\\\/image\\\/\"}}]}<\/script>\n<!-- \/ Yoast SEO plugin. -->","yoast_head_json":{"title":"Arteterapia y musicoterapia contra la violencia","description":"ARTETERAPIA Y MUSICOTERAPIA CONTRA LA VIOLENCIA : EXPERIENCIAS EN COMUNIDADES MEXICANAS Y CUBANAS. \/ Fern\u00e1ndez de Juan. El Colegio de la Frontera Norte.","robots":{"index":"index","follow":"follow","max-snippet":"max-snippet:-1","max-image-preview":"max-image-preview:large","max-video-preview":"max-video-preview:-1"},"canonical":"https:\/\/booksfrommexico.com\/es\/producto\/arteterapia-y-musicoterapia-contra-la-violencia\/","og_locale":"es_ES","og_type":"article","og_title":"Arteterapia y musicoterapia contra la violencia","og_description":"ARTETERAPIA Y MUSICOTERAPIA CONTRA LA VIOLENCIA : EXPERIENCIAS EN COMUNIDADES MEXICANAS Y CUBANAS. \/ Fern\u00e1ndez de Juan. El Colegio de la Frontera Norte.","og_url":"https:\/\/booksfrommexico.com\/es\/producto\/arteterapia-y-musicoterapia-contra-la-violencia\/","og_site_name":"Books From Mexico","article_modified_time":"2024-06-05T20:08:34+00:00","og_image":[{"width":645,"height":862,"url":"http:\/\/booksfrommexico.com\/app\/uploads\/2024\/05\/201361.jpg","type":"image\/jpeg"}],"twitter_card":"summary_large_image","twitter_misc":{"Tiempo de lectura":"1 minuto"},"schema":{"@context":"https:\/\/schema.org","@graph":[{"@type":"WebPage","@id":"https:\/\/booksfrommexico.com\/es\/producto\/arteterapia-y-musicoterapia-contra-la-violencia\/","url":"https:\/\/booksfrommexico.com\/es\/producto\/arteterapia-y-musicoterapia-contra-la-violencia\/","name":"Arteterapia y musicoterapia contra la violencia","isPartOf":{"@id":"https:\/\/booksfrommexico.com\/#website"},"primaryImageOfPage":{"@id":"https:\/\/booksfrommexico.com\/es\/producto\/arteterapia-y-musicoterapia-contra-la-violencia\/#primaryimage"},"image":{"@id":"https:\/\/booksfrommexico.com\/es\/producto\/arteterapia-y-musicoterapia-contra-la-violencia\/#primaryimage"},"thumbnailUrl":"https:\/\/booksfrommexico.com\/app\/uploads\/2024\/05\/201361.jpg","datePublished":"2024-05-28T22:34:58+00:00","dateModified":"2024-06-05T20:08:34+00:00","description":"ARTETERAPIA Y MUSICOTERAPIA CONTRA LA VIOLENCIA : EXPERIENCIAS EN COMUNIDADES MEXICANAS Y CUBANAS. \/ Fern\u00e1ndez de Juan. El Colegio de la Frontera Norte.","breadcrumb":{"@id":"https:\/\/booksfrommexico.com\/es\/producto\/arteterapia-y-musicoterapia-contra-la-violencia\/#breadcrumb"},"inLanguage":"es","potentialAction":[{"@type":"ReadAction","target":["https:\/\/booksfrommexico.com\/es\/producto\/arteterapia-y-musicoterapia-contra-la-violencia\/"]}]},{"@type":"ImageObject","inLanguage":"es","@id":"https:\/\/booksfrommexico.com\/es\/producto\/arteterapia-y-musicoterapia-contra-la-violencia\/#primaryimage","url":"https:\/\/booksfrommexico.com\/app\/uploads\/2024\/05\/201361.jpg","contentUrl":"https:\/\/booksfrommexico.com\/app\/uploads\/2024\/05\/201361.jpg","width":645,"height":862,"caption":"Arteterapia y musicoterapia contra la violencia"},{"@type":"BreadcrumbList","@id":"https:\/\/booksfrommexico.com\/es\/producto\/arteterapia-y-musicoterapia-contra-la-violencia\/#breadcrumb","itemListElement":[{"@type":"ListItem","position":1,"name":"Home","item":"https:\/\/booksfrommexico.com\/es\/"},{"@type":"ListItem","position":2,"name":"Libros","item":"https:\/\/booksfrommexico.com\/es\/libros\/"},{"@type":"ListItem","position":3,"name":"Arteterapia y musicoterapia contra la violencia"}]},{"@type":"WebSite","@id":"https:\/\/booksfrommexico.com\/#website","url":"https:\/\/booksfrommexico.com\/","name":"Books From Mexico","description":"","publisher":{"@id":"https:\/\/booksfrommexico.com\/#organization"},"potentialAction":[{"@type":"SearchAction","target":{"@type":"EntryPoint","urlTemplate":"https:\/\/booksfrommexico.com\/?s={search_term_string}"},"query-input":{"@type":"PropertyValueSpecification","valueRequired":true,"valueName":"search_term_string"}}],"inLanguage":"es"},{"@type":"Organization","@id":"https:\/\/booksfrommexico.com\/#organization","name":"Books From Mexico","url":"https:\/\/booksfrommexico.com\/","logo":{"@type":"ImageObject","inLanguage":"es","@id":"https:\/\/booksfrommexico.com\/#\/schema\/logo\/image\/","url":"https:\/\/booksfrommexico.com\/app\/uploads\/2023\/05\/logo-booksfrommexico.svg","contentUrl":"https:\/\/booksfrommexico.com\/app\/uploads\/2023\/05\/logo-booksfrommexico.svg","width":86,"height":56,"caption":"Books From Mexico"},"image":{"@id":"https:\/\/booksfrommexico.com\/#\/schema\/logo\/image\/"}}]}},"_links":{"self":[{"href":"https:\/\/booksfrommexico.com\/es\/wp-json\/wp\/v2\/product\/6629","targetHints":{"allow":["GET"]}}],"collection":[{"href":"https:\/\/booksfrommexico.com\/es\/wp-json\/wp\/v2\/product"}],"about":[{"href":"https:\/\/booksfrommexico.com\/es\/wp-json\/wp\/v2\/types\/product"}],"wp:featuredmedia":[{"embeddable":true,"href":"https:\/\/booksfrommexico.com\/es\/wp-json\/wp\/v2\/media\/6933"}],"wp:attachment":[{"href":"https:\/\/booksfrommexico.com\/es\/wp-json\/wp\/v2\/media?parent=6629"}],"wp:term":[{"taxonomy":"product_brand","embeddable":true,"href":"https:\/\/booksfrommexico.com\/es\/wp-json\/wp\/v2\/product_brand?post=6629"},{"taxonomy":"product_cat","embeddable":true,"href":"https:\/\/booksfrommexico.com\/es\/wp-json\/wp\/v2\/product_cat?post=6629"},{"taxonomy":"product_tag","embeddable":true,"href":"https:\/\/booksfrommexico.com\/es\/wp-json\/wp\/v2\/product_tag?post=6629"}],"curies":[{"name":"wp","href":"https:\/\/api.w.org\/{rel}","templated":true}]}}