{"id":6640,"date":"2024-05-29T17:42:18","date_gmt":"2024-05-29T17:42:18","guid":{"rendered":"https:\/\/booksfrommexico.com\/product\/estancias-que-por-ahora-tienen-luz-y-se-abren-hacia-el-paisaje\/"},"modified":"2024-06-21T20:28:11","modified_gmt":"2024-06-21T20:28:11","slug":"estancias-que-por-ahora-tienen-luz-y-se-abren-hacia-el-paisaje","status":"publish","type":"product","link":"https:\/\/booksfrommexico.com\/es\/producto\/estancias-que-por-ahora-tienen-luz-y-se-abren-hacia-el-paisaje\/","title":{"rendered":"Estancias que por ahora tienen luz y se abren hacia el paisaje"},"content":{"rendered":"<p><span id=\"docs-internal-guid-1beb8391-7fff-9bb3-3977-1b5e7440314f\" style=\"caret-color: #000000; color: #000000;\"><span style=\"font-size: 11pt; font-family: Calibri, sans-serif; font-variant-ligatures: normal; font-variant-alternates: normal; font-variant-numeric: normal; font-variant-east-asian: normal; font-variant-position: normal; vertical-align: baseline; white-space: pre-wrap;\">Yolanda Segura es doctora en Letras Latinoamericanas en la UNAM y ha realizado dos estancias de investigaci\u00f3n en universidades argentinas, as\u00ed como estudios de gui\u00f3n cinematogr\u00e1fico en el CCC; obtuvo el Premio Nacional de Poes\u00eda Carmen Alard\u00edn 2018 y el Premio Nacional de Poes\u00eda Francisco Cervantes 2017. Este t\u00edtulo es una serie de poemas que, muy al estilo de la autora, podr\u00edan catalogarse como l\u00e9sbicos, pero ello no los determina ni encasilla, ya que en cada verso se habla del amor \u2013hacia la otredad, pero sobre todo hacia uno mismo\u2013, del erotismo, de las proyecciones hacia el futuro, de las miradas hacia el pasado.<\/span><\/span><\/p>\n","protected":false},"excerpt":{"rendered":"<p>ESTANCIAS QUE POR AHORA TIENEN LUZ Y SE ABREN HACIA EL PAISAJE<span style=\"font-weight: 400;\">. \/ Yolanda Segura. Santiago de Quer\u00e9taro, M\u00e9xico : Pal\u00edndroma, 2021. 89 pages : includes tables ; 21 cm. (Colecci\u00f3n Aibofobia Poes\u00eda). ISBN : 9786079880347.<\/span><\/p>\n","protected":false},"featured_media":6937,"template":"","meta":{"_acf_changed":false,"inline_featured_image":false},"product_brand":[],"product_cat":[25,32],"product_tag":[4211,4197,4115,3598],"class_list":{"0":"post-6640","1":"product","2":"type-product","3":"status-publish","4":"has-post-thumbnail","6":"product_cat-literatura","7":"product_cat-poesia-literatura","8":"product_tag-feminismo","9":"product_tag-identidad-lgbt","10":"product_tag-poesia-es","11":"product_tag-poesia-mexicana","13":"first","14":"instock","15":"taxable","16":"shipping-taxable","17":"purchasable","18":"product-type-simple"},"acf":[],"yoast_head":"<!-- This site is optimized with the Yoast SEO plugin v27.3 - https:\/\/yoast.com\/product\/yoast-seo-wordpress\/ -->\n<title>Estancias que por ahora tienen luz y se abren hacia el paisaje<\/title>\n<meta name=\"description\" content=\"ESTANCIAS QUE POR AHORA TIENEN LUZ Y SE ABREN HACIA EL PAISAJE. \/ Yolanda Segura. Santiago de Quer\u00e9taro, M\u00e9xico : Pal\u00edndroma. (Colecci\u00f3n Aibofobia Poes\u00eda).\" \/>\n<meta name=\"robots\" content=\"index, follow, max-snippet:-1, max-image-preview:large, max-video-preview:-1\" \/>\n<link rel=\"canonical\" href=\"https:\/\/booksfrommexico.com\/es\/producto\/estancias-que-por-ahora-tienen-luz-y-se-abren-hacia-el-paisaje\/\" \/>\n<meta property=\"og:locale\" content=\"es_ES\" \/>\n<meta property=\"og:type\" content=\"article\" \/>\n<meta property=\"og:title\" content=\"Estancias que por ahora tienen luz y se abren hacia el paisaje\" \/>\n<meta property=\"og:description\" content=\"ESTANCIAS QUE POR AHORA TIENEN LUZ Y SE ABREN HACIA EL PAISAJE. \/ Yolanda Segura. Santiago de Quer\u00e9taro, M\u00e9xico : Pal\u00edndroma. (Colecci\u00f3n Aibofobia Poes\u00eda).\" \/>\n<meta property=\"og:url\" content=\"https:\/\/booksfrommexico.com\/es\/producto\/estancias-que-por-ahora-tienen-luz-y-se-abren-hacia-el-paisaje\/\" \/>\n<meta property=\"og:site_name\" content=\"Books From Mexico\" \/>\n<meta property=\"article:modified_time\" content=\"2024-06-21T20:28:11+00:00\" \/>\n<meta property=\"og:image\" content=\"http:\/\/booksfrommexico.com\/app\/uploads\/2024\/05\/201455.jpeg\" \/>\n\t<meta property=\"og:image:width\" content=\"388\" \/>\n\t<meta property=\"og:image:height\" content=\"592\" \/>\n\t<meta property=\"og:image:type\" content=\"image\/jpeg\" \/>\n<meta name=\"twitter:card\" content=\"summary_large_image\" \/>\n<meta name=\"twitter:label1\" content=\"Tiempo de lectura\" \/>\n\t<meta name=\"twitter:data1\" content=\"1 minuto\" \/>\n<script type=\"application\/ld+json\" class=\"yoast-schema-graph\">{\"@context\":\"https:\\\/\\\/schema.org\",\"@graph\":[{\"@type\":\"WebPage\",\"@id\":\"https:\\\/\\\/booksfrommexico.com\\\/es\\\/producto\\\/estancias-que-por-ahora-tienen-luz-y-se-abren-hacia-el-paisaje\\\/\",\"url\":\"https:\\\/\\\/booksfrommexico.com\\\/es\\\/producto\\\/estancias-que-por-ahora-tienen-luz-y-se-abren-hacia-el-paisaje\\\/\",\"name\":\"Estancias que por ahora tienen luz y se abren hacia el paisaje\",\"isPartOf\":{\"@id\":\"https:\\\/\\\/booksfrommexico.com\\\/#website\"},\"primaryImageOfPage\":{\"@id\":\"https:\\\/\\\/booksfrommexico.com\\\/es\\\/producto\\\/estancias-que-por-ahora-tienen-luz-y-se-abren-hacia-el-paisaje\\\/#primaryimage\"},\"image\":{\"@id\":\"https:\\\/\\\/booksfrommexico.com\\\/es\\\/producto\\\/estancias-que-por-ahora-tienen-luz-y-se-abren-hacia-el-paisaje\\\/#primaryimage\"},\"thumbnailUrl\":\"https:\\\/\\\/booksfrommexico.com\\\/app\\\/uploads\\\/2024\\\/05\\\/201455.jpeg\",\"datePublished\":\"2024-05-29T17:42:18+00:00\",\"dateModified\":\"2024-06-21T20:28:11+00:00\",\"description\":\"ESTANCIAS QUE POR AHORA TIENEN LUZ Y SE ABREN HACIA EL PAISAJE. \\\/ Yolanda Segura. Santiago de Quer\u00e9taro, M\u00e9xico : Pal\u00edndroma. (Colecci\u00f3n Aibofobia Poes\u00eda).\",\"breadcrumb\":{\"@id\":\"https:\\\/\\\/booksfrommexico.com\\\/es\\\/producto\\\/estancias-que-por-ahora-tienen-luz-y-se-abren-hacia-el-paisaje\\\/#breadcrumb\"},\"inLanguage\":\"es\",\"potentialAction\":[{\"@type\":\"ReadAction\",\"target\":[\"https:\\\/\\\/booksfrommexico.com\\\/es\\\/producto\\\/estancias-que-por-ahora-tienen-luz-y-se-abren-hacia-el-paisaje\\\/\"]}]},{\"@type\":\"ImageObject\",\"inLanguage\":\"es\",\"@id\":\"https:\\\/\\\/booksfrommexico.com\\\/es\\\/producto\\\/estancias-que-por-ahora-tienen-luz-y-se-abren-hacia-el-paisaje\\\/#primaryimage\",\"url\":\"https:\\\/\\\/booksfrommexico.com\\\/app\\\/uploads\\\/2024\\\/05\\\/201455.jpeg\",\"contentUrl\":\"https:\\\/\\\/booksfrommexico.com\\\/app\\\/uploads\\\/2024\\\/05\\\/201455.jpeg\",\"width\":388,\"height\":592,\"caption\":\"Estancias que por ahora tienen luz y se abren hacia el paisaje\"},{\"@type\":\"BreadcrumbList\",\"@id\":\"https:\\\/\\\/booksfrommexico.com\\\/es\\\/producto\\\/estancias-que-por-ahora-tienen-luz-y-se-abren-hacia-el-paisaje\\\/#breadcrumb\",\"itemListElement\":[{\"@type\":\"ListItem\",\"position\":1,\"name\":\"Home\",\"item\":\"https:\\\/\\\/booksfrommexico.com\\\/es\\\/\"},{\"@type\":\"ListItem\",\"position\":2,\"name\":\"Libros\",\"item\":\"https:\\\/\\\/booksfrommexico.com\\\/es\\\/libros\\\/\"},{\"@type\":\"ListItem\",\"position\":3,\"name\":\"Estancias que por ahora tienen luz y se abren hacia el paisaje\"}]},{\"@type\":\"WebSite\",\"@id\":\"https:\\\/\\\/booksfrommexico.com\\\/#website\",\"url\":\"https:\\\/\\\/booksfrommexico.com\\\/\",\"name\":\"Books From Mexico\",\"description\":\"\",\"publisher\":{\"@id\":\"https:\\\/\\\/booksfrommexico.com\\\/#organization\"},\"potentialAction\":[{\"@type\":\"SearchAction\",\"target\":{\"@type\":\"EntryPoint\",\"urlTemplate\":\"https:\\\/\\\/booksfrommexico.com\\\/?s={search_term_string}\"},\"query-input\":{\"@type\":\"PropertyValueSpecification\",\"valueRequired\":true,\"valueName\":\"search_term_string\"}}],\"inLanguage\":\"es\"},{\"@type\":\"Organization\",\"@id\":\"https:\\\/\\\/booksfrommexico.com\\\/#organization\",\"name\":\"Books From Mexico\",\"url\":\"https:\\\/\\\/booksfrommexico.com\\\/\",\"logo\":{\"@type\":\"ImageObject\",\"inLanguage\":\"es\",\"@id\":\"https:\\\/\\\/booksfrommexico.com\\\/#\\\/schema\\\/logo\\\/image\\\/\",\"url\":\"https:\\\/\\\/booksfrommexico.com\\\/app\\\/uploads\\\/2023\\\/05\\\/logo-booksfrommexico.svg\",\"contentUrl\":\"https:\\\/\\\/booksfrommexico.com\\\/app\\\/uploads\\\/2023\\\/05\\\/logo-booksfrommexico.svg\",\"width\":86,\"height\":56,\"caption\":\"Books From Mexico\"},\"image\":{\"@id\":\"https:\\\/\\\/booksfrommexico.com\\\/#\\\/schema\\\/logo\\\/image\\\/\"}}]}<\/script>\n<!-- \/ Yoast SEO plugin. -->","yoast_head_json":{"title":"Estancias que por ahora tienen luz y se abren hacia el paisaje","description":"ESTANCIAS QUE POR AHORA TIENEN LUZ Y SE ABREN HACIA EL PAISAJE. \/ Yolanda Segura. Santiago de Quer\u00e9taro, M\u00e9xico : Pal\u00edndroma. (Colecci\u00f3n Aibofobia Poes\u00eda).","robots":{"index":"index","follow":"follow","max-snippet":"max-snippet:-1","max-image-preview":"max-image-preview:large","max-video-preview":"max-video-preview:-1"},"canonical":"https:\/\/booksfrommexico.com\/es\/producto\/estancias-que-por-ahora-tienen-luz-y-se-abren-hacia-el-paisaje\/","og_locale":"es_ES","og_type":"article","og_title":"Estancias que por ahora tienen luz y se abren hacia el paisaje","og_description":"ESTANCIAS QUE POR AHORA TIENEN LUZ Y SE ABREN HACIA EL PAISAJE. \/ Yolanda Segura. Santiago de Quer\u00e9taro, M\u00e9xico : Pal\u00edndroma. (Colecci\u00f3n Aibofobia Poes\u00eda).","og_url":"https:\/\/booksfrommexico.com\/es\/producto\/estancias-que-por-ahora-tienen-luz-y-se-abren-hacia-el-paisaje\/","og_site_name":"Books From Mexico","article_modified_time":"2024-06-21T20:28:11+00:00","og_image":[{"width":388,"height":592,"url":"http:\/\/booksfrommexico.com\/app\/uploads\/2024\/05\/201455.jpeg","type":"image\/jpeg"}],"twitter_card":"summary_large_image","twitter_misc":{"Tiempo de lectura":"1 minuto"},"schema":{"@context":"https:\/\/schema.org","@graph":[{"@type":"WebPage","@id":"https:\/\/booksfrommexico.com\/es\/producto\/estancias-que-por-ahora-tienen-luz-y-se-abren-hacia-el-paisaje\/","url":"https:\/\/booksfrommexico.com\/es\/producto\/estancias-que-por-ahora-tienen-luz-y-se-abren-hacia-el-paisaje\/","name":"Estancias que por ahora tienen luz y se abren hacia el paisaje","isPartOf":{"@id":"https:\/\/booksfrommexico.com\/#website"},"primaryImageOfPage":{"@id":"https:\/\/booksfrommexico.com\/es\/producto\/estancias-que-por-ahora-tienen-luz-y-se-abren-hacia-el-paisaje\/#primaryimage"},"image":{"@id":"https:\/\/booksfrommexico.com\/es\/producto\/estancias-que-por-ahora-tienen-luz-y-se-abren-hacia-el-paisaje\/#primaryimage"},"thumbnailUrl":"https:\/\/booksfrommexico.com\/app\/uploads\/2024\/05\/201455.jpeg","datePublished":"2024-05-29T17:42:18+00:00","dateModified":"2024-06-21T20:28:11+00:00","description":"ESTANCIAS QUE POR AHORA TIENEN LUZ Y SE ABREN HACIA EL PAISAJE. \/ Yolanda Segura. Santiago de Quer\u00e9taro, M\u00e9xico : Pal\u00edndroma. (Colecci\u00f3n Aibofobia Poes\u00eda).","breadcrumb":{"@id":"https:\/\/booksfrommexico.com\/es\/producto\/estancias-que-por-ahora-tienen-luz-y-se-abren-hacia-el-paisaje\/#breadcrumb"},"inLanguage":"es","potentialAction":[{"@type":"ReadAction","target":["https:\/\/booksfrommexico.com\/es\/producto\/estancias-que-por-ahora-tienen-luz-y-se-abren-hacia-el-paisaje\/"]}]},{"@type":"ImageObject","inLanguage":"es","@id":"https:\/\/booksfrommexico.com\/es\/producto\/estancias-que-por-ahora-tienen-luz-y-se-abren-hacia-el-paisaje\/#primaryimage","url":"https:\/\/booksfrommexico.com\/app\/uploads\/2024\/05\/201455.jpeg","contentUrl":"https:\/\/booksfrommexico.com\/app\/uploads\/2024\/05\/201455.jpeg","width":388,"height":592,"caption":"Estancias que por ahora tienen luz y se abren hacia el paisaje"},{"@type":"BreadcrumbList","@id":"https:\/\/booksfrommexico.com\/es\/producto\/estancias-que-por-ahora-tienen-luz-y-se-abren-hacia-el-paisaje\/#breadcrumb","itemListElement":[{"@type":"ListItem","position":1,"name":"Home","item":"https:\/\/booksfrommexico.com\/es\/"},{"@type":"ListItem","position":2,"name":"Libros","item":"https:\/\/booksfrommexico.com\/es\/libros\/"},{"@type":"ListItem","position":3,"name":"Estancias que por ahora tienen luz y se abren hacia el paisaje"}]},{"@type":"WebSite","@id":"https:\/\/booksfrommexico.com\/#website","url":"https:\/\/booksfrommexico.com\/","name":"Books From Mexico","description":"","publisher":{"@id":"https:\/\/booksfrommexico.com\/#organization"},"potentialAction":[{"@type":"SearchAction","target":{"@type":"EntryPoint","urlTemplate":"https:\/\/booksfrommexico.com\/?s={search_term_string}"},"query-input":{"@type":"PropertyValueSpecification","valueRequired":true,"valueName":"search_term_string"}}],"inLanguage":"es"},{"@type":"Organization","@id":"https:\/\/booksfrommexico.com\/#organization","name":"Books From Mexico","url":"https:\/\/booksfrommexico.com\/","logo":{"@type":"ImageObject","inLanguage":"es","@id":"https:\/\/booksfrommexico.com\/#\/schema\/logo\/image\/","url":"https:\/\/booksfrommexico.com\/app\/uploads\/2023\/05\/logo-booksfrommexico.svg","contentUrl":"https:\/\/booksfrommexico.com\/app\/uploads\/2023\/05\/logo-booksfrommexico.svg","width":86,"height":56,"caption":"Books From Mexico"},"image":{"@id":"https:\/\/booksfrommexico.com\/#\/schema\/logo\/image\/"}}]}},"_links":{"self":[{"href":"https:\/\/booksfrommexico.com\/es\/wp-json\/wp\/v2\/product\/6640","targetHints":{"allow":["GET"]}}],"collection":[{"href":"https:\/\/booksfrommexico.com\/es\/wp-json\/wp\/v2\/product"}],"about":[{"href":"https:\/\/booksfrommexico.com\/es\/wp-json\/wp\/v2\/types\/product"}],"wp:featuredmedia":[{"embeddable":true,"href":"https:\/\/booksfrommexico.com\/es\/wp-json\/wp\/v2\/media\/6937"}],"wp:attachment":[{"href":"https:\/\/booksfrommexico.com\/es\/wp-json\/wp\/v2\/media?parent=6640"}],"wp:term":[{"taxonomy":"product_brand","embeddable":true,"href":"https:\/\/booksfrommexico.com\/es\/wp-json\/wp\/v2\/product_brand?post=6640"},{"taxonomy":"product_cat","embeddable":true,"href":"https:\/\/booksfrommexico.com\/es\/wp-json\/wp\/v2\/product_cat?post=6640"},{"taxonomy":"product_tag","embeddable":true,"href":"https:\/\/booksfrommexico.com\/es\/wp-json\/wp\/v2\/product_tag?post=6640"}],"curies":[{"name":"wp","href":"https:\/\/api.w.org\/{rel}","templated":true}]}}