{"id":6641,"date":"2024-05-29T17:42:19","date_gmt":"2024-05-29T17:42:19","guid":{"rendered":"https:\/\/booksfrommexico.com\/product\/ficcion-atomica\/"},"modified":"2024-06-20T22:26:36","modified_gmt":"2024-06-20T22:26:36","slug":"ficcion-atomica","status":"publish","type":"product","link":"https:\/\/booksfrommexico.com\/es\/producto\/ficcion-atomica\/","title":{"rendered":"Ficci\u00f3n at\u00f3mica"},"content":{"rendered":"<p><span style=\"font-weight: 400;\">En este t\u00edtulo se presenta en perspectiva la gran variedad y la cohesi\u00f3n del panorama mexicano actual en todo el territorio del microrrelato, recuperando las atm\u00f3sferas y sellos de estilos que caracterizan a voces del g\u00e9nero. Esta compilaci\u00f3n funciona como un mirador desde donde se puede mirar c\u00f3mo se ha desarrollado este g\u00e9nero en M\u00e9xico, a la vez que funciona como una colecci\u00f3n del trabajo de quienes lo escriben, tratando de cubrir tanto territorio del pa\u00eds como fuera posible. Entre los escritores que se re\u00fanen aqu\u00ed hay docentes, impartidores de talleres, ganadores de premios y hasta participantes de coloquios universitarios a nivel internacional.<\/span><\/p>\n","protected":false},"excerpt":{"rendered":"<p>FICCI\u00d3N AT\u00d3MICA<span style=\"font-weight: 400;\">. \/ Juan Carlos Gallegos (selector) ; Valeria Hipocampo (illustrator). Santiago de Quer\u00e9taro, M\u00e9xico : Editorial Pal\u00edndroma , 2020. 150 pages : includes illustrations ; 21 cm. (Colecci\u00f3n Sale El As). ISBN : 9786079880316.<\/span><\/p>\n","protected":false},"featured_media":6940,"template":"","meta":{"_acf_changed":false,"inline_featured_image":false},"product_brand":[],"product_cat":[25,4061],"product_tag":[4124,3938,4436],"class_list":{"0":"post-6641","1":"product","2":"type-product","3":"status-publish","4":"has-post-thumbnail","6":"product_cat-literatura","7":"product_cat-relato","8":"product_tag-literatura-es","9":"product_tag-literatura-mexicana","10":"product_tag-minificcion","12":"first","13":"instock","14":"taxable","15":"shipping-taxable","16":"purchasable","17":"product-type-simple"},"acf":[],"yoast_head":"<!-- This site is optimized with the Yoast SEO plugin v27.3 - https:\/\/yoast.com\/product\/yoast-seo-wordpress\/ -->\n<title>Ficci\u00f3n at\u00f3mica<\/title>\n<meta name=\"description\" content=\"FICCI\u00d3N AT\u00d3MICA. \/ Juan Carlos Gallegos (selector) ; Valeria Hipocampo (illustrator). Santiago de Quer\u00e9taro, M\u00e9xico : Editorial Pal\u00edndroma , 2020.\" \/>\n<meta name=\"robots\" content=\"index, follow, max-snippet:-1, max-image-preview:large, max-video-preview:-1\" \/>\n<link rel=\"canonical\" href=\"https:\/\/booksfrommexico.com\/es\/producto\/ficcion-atomica\/\" \/>\n<meta property=\"og:locale\" content=\"es_ES\" \/>\n<meta property=\"og:type\" content=\"article\" \/>\n<meta property=\"og:title\" content=\"Ficci\u00f3n at\u00f3mica\" \/>\n<meta property=\"og:description\" content=\"FICCI\u00d3N AT\u00d3MICA. \/ Juan Carlos Gallegos (selector) ; Valeria Hipocampo (illustrator). Santiago de Quer\u00e9taro, M\u00e9xico : Editorial Pal\u00edndroma , 2020.\" \/>\n<meta property=\"og:url\" content=\"https:\/\/booksfrommexico.com\/es\/producto\/ficcion-atomica\/\" \/>\n<meta property=\"og:site_name\" content=\"Books From Mexico\" \/>\n<meta property=\"article:modified_time\" content=\"2024-06-20T22:26:36+00:00\" \/>\n<meta property=\"og:image\" content=\"http:\/\/booksfrommexico.com\/app\/uploads\/2024\/05\/201456.jpeg\" \/>\n\t<meta property=\"og:image:width\" content=\"393\" \/>\n\t<meta property=\"og:image:height\" content=\"619\" \/>\n\t<meta property=\"og:image:type\" content=\"image\/jpeg\" \/>\n<meta name=\"twitter:card\" content=\"summary_large_image\" \/>\n<meta name=\"twitter:label1\" content=\"Tiempo de lectura\" \/>\n\t<meta name=\"twitter:data1\" content=\"1 minuto\" \/>\n<script type=\"application\/ld+json\" class=\"yoast-schema-graph\">{\"@context\":\"https:\\\/\\\/schema.org\",\"@graph\":[{\"@type\":\"WebPage\",\"@id\":\"https:\\\/\\\/booksfrommexico.com\\\/es\\\/producto\\\/ficcion-atomica\\\/\",\"url\":\"https:\\\/\\\/booksfrommexico.com\\\/es\\\/producto\\\/ficcion-atomica\\\/\",\"name\":\"Ficci\u00f3n at\u00f3mica\",\"isPartOf\":{\"@id\":\"https:\\\/\\\/booksfrommexico.com\\\/#website\"},\"primaryImageOfPage\":{\"@id\":\"https:\\\/\\\/booksfrommexico.com\\\/es\\\/producto\\\/ficcion-atomica\\\/#primaryimage\"},\"image\":{\"@id\":\"https:\\\/\\\/booksfrommexico.com\\\/es\\\/producto\\\/ficcion-atomica\\\/#primaryimage\"},\"thumbnailUrl\":\"https:\\\/\\\/booksfrommexico.com\\\/app\\\/uploads\\\/2024\\\/05\\\/201456.jpeg\",\"datePublished\":\"2024-05-29T17:42:19+00:00\",\"dateModified\":\"2024-06-20T22:26:36+00:00\",\"description\":\"FICCI\u00d3N AT\u00d3MICA. \\\/ Juan Carlos Gallegos (selector) ; Valeria Hipocampo (illustrator). Santiago de Quer\u00e9taro, M\u00e9xico : Editorial Pal\u00edndroma , 2020.\",\"breadcrumb\":{\"@id\":\"https:\\\/\\\/booksfrommexico.com\\\/es\\\/producto\\\/ficcion-atomica\\\/#breadcrumb\"},\"inLanguage\":\"es\",\"potentialAction\":[{\"@type\":\"ReadAction\",\"target\":[\"https:\\\/\\\/booksfrommexico.com\\\/es\\\/producto\\\/ficcion-atomica\\\/\"]}]},{\"@type\":\"ImageObject\",\"inLanguage\":\"es\",\"@id\":\"https:\\\/\\\/booksfrommexico.com\\\/es\\\/producto\\\/ficcion-atomica\\\/#primaryimage\",\"url\":\"https:\\\/\\\/booksfrommexico.com\\\/app\\\/uploads\\\/2024\\\/05\\\/201456.jpeg\",\"contentUrl\":\"https:\\\/\\\/booksfrommexico.com\\\/app\\\/uploads\\\/2024\\\/05\\\/201456.jpeg\",\"width\":393,\"height\":619,\"caption\":\"Ficci\u00f3n at\u00f3mica\"},{\"@type\":\"BreadcrumbList\",\"@id\":\"https:\\\/\\\/booksfrommexico.com\\\/es\\\/producto\\\/ficcion-atomica\\\/#breadcrumb\",\"itemListElement\":[{\"@type\":\"ListItem\",\"position\":1,\"name\":\"Home\",\"item\":\"https:\\\/\\\/booksfrommexico.com\\\/es\\\/\"},{\"@type\":\"ListItem\",\"position\":2,\"name\":\"Libros\",\"item\":\"https:\\\/\\\/booksfrommexico.com\\\/es\\\/libros\\\/\"},{\"@type\":\"ListItem\",\"position\":3,\"name\":\"Ficci\u00f3n at\u00f3mica\"}]},{\"@type\":\"WebSite\",\"@id\":\"https:\\\/\\\/booksfrommexico.com\\\/#website\",\"url\":\"https:\\\/\\\/booksfrommexico.com\\\/\",\"name\":\"Books From Mexico\",\"description\":\"\",\"publisher\":{\"@id\":\"https:\\\/\\\/booksfrommexico.com\\\/#organization\"},\"potentialAction\":[{\"@type\":\"SearchAction\",\"target\":{\"@type\":\"EntryPoint\",\"urlTemplate\":\"https:\\\/\\\/booksfrommexico.com\\\/?s={search_term_string}\"},\"query-input\":{\"@type\":\"PropertyValueSpecification\",\"valueRequired\":true,\"valueName\":\"search_term_string\"}}],\"inLanguage\":\"es\"},{\"@type\":\"Organization\",\"@id\":\"https:\\\/\\\/booksfrommexico.com\\\/#organization\",\"name\":\"Books From Mexico\",\"url\":\"https:\\\/\\\/booksfrommexico.com\\\/\",\"logo\":{\"@type\":\"ImageObject\",\"inLanguage\":\"es\",\"@id\":\"https:\\\/\\\/booksfrommexico.com\\\/#\\\/schema\\\/logo\\\/image\\\/\",\"url\":\"https:\\\/\\\/booksfrommexico.com\\\/app\\\/uploads\\\/2023\\\/05\\\/logo-booksfrommexico.svg\",\"contentUrl\":\"https:\\\/\\\/booksfrommexico.com\\\/app\\\/uploads\\\/2023\\\/05\\\/logo-booksfrommexico.svg\",\"width\":86,\"height\":56,\"caption\":\"Books From Mexico\"},\"image\":{\"@id\":\"https:\\\/\\\/booksfrommexico.com\\\/#\\\/schema\\\/logo\\\/image\\\/\"}}]}<\/script>\n<!-- \/ Yoast SEO plugin. -->","yoast_head_json":{"title":"Ficci\u00f3n at\u00f3mica","description":"FICCI\u00d3N AT\u00d3MICA. \/ Juan Carlos Gallegos (selector) ; Valeria Hipocampo (illustrator). Santiago de Quer\u00e9taro, M\u00e9xico : Editorial Pal\u00edndroma , 2020.","robots":{"index":"index","follow":"follow","max-snippet":"max-snippet:-1","max-image-preview":"max-image-preview:large","max-video-preview":"max-video-preview:-1"},"canonical":"https:\/\/booksfrommexico.com\/es\/producto\/ficcion-atomica\/","og_locale":"es_ES","og_type":"article","og_title":"Ficci\u00f3n at\u00f3mica","og_description":"FICCI\u00d3N AT\u00d3MICA. \/ Juan Carlos Gallegos (selector) ; Valeria Hipocampo (illustrator). Santiago de Quer\u00e9taro, M\u00e9xico : Editorial Pal\u00edndroma , 2020.","og_url":"https:\/\/booksfrommexico.com\/es\/producto\/ficcion-atomica\/","og_site_name":"Books From Mexico","article_modified_time":"2024-06-20T22:26:36+00:00","og_image":[{"width":393,"height":619,"url":"http:\/\/booksfrommexico.com\/app\/uploads\/2024\/05\/201456.jpeg","type":"image\/jpeg"}],"twitter_card":"summary_large_image","twitter_misc":{"Tiempo de lectura":"1 minuto"},"schema":{"@context":"https:\/\/schema.org","@graph":[{"@type":"WebPage","@id":"https:\/\/booksfrommexico.com\/es\/producto\/ficcion-atomica\/","url":"https:\/\/booksfrommexico.com\/es\/producto\/ficcion-atomica\/","name":"Ficci\u00f3n at\u00f3mica","isPartOf":{"@id":"https:\/\/booksfrommexico.com\/#website"},"primaryImageOfPage":{"@id":"https:\/\/booksfrommexico.com\/es\/producto\/ficcion-atomica\/#primaryimage"},"image":{"@id":"https:\/\/booksfrommexico.com\/es\/producto\/ficcion-atomica\/#primaryimage"},"thumbnailUrl":"https:\/\/booksfrommexico.com\/app\/uploads\/2024\/05\/201456.jpeg","datePublished":"2024-05-29T17:42:19+00:00","dateModified":"2024-06-20T22:26:36+00:00","description":"FICCI\u00d3N AT\u00d3MICA. \/ Juan Carlos Gallegos (selector) ; Valeria Hipocampo (illustrator). Santiago de Quer\u00e9taro, M\u00e9xico : Editorial Pal\u00edndroma , 2020.","breadcrumb":{"@id":"https:\/\/booksfrommexico.com\/es\/producto\/ficcion-atomica\/#breadcrumb"},"inLanguage":"es","potentialAction":[{"@type":"ReadAction","target":["https:\/\/booksfrommexico.com\/es\/producto\/ficcion-atomica\/"]}]},{"@type":"ImageObject","inLanguage":"es","@id":"https:\/\/booksfrommexico.com\/es\/producto\/ficcion-atomica\/#primaryimage","url":"https:\/\/booksfrommexico.com\/app\/uploads\/2024\/05\/201456.jpeg","contentUrl":"https:\/\/booksfrommexico.com\/app\/uploads\/2024\/05\/201456.jpeg","width":393,"height":619,"caption":"Ficci\u00f3n at\u00f3mica"},{"@type":"BreadcrumbList","@id":"https:\/\/booksfrommexico.com\/es\/producto\/ficcion-atomica\/#breadcrumb","itemListElement":[{"@type":"ListItem","position":1,"name":"Home","item":"https:\/\/booksfrommexico.com\/es\/"},{"@type":"ListItem","position":2,"name":"Libros","item":"https:\/\/booksfrommexico.com\/es\/libros\/"},{"@type":"ListItem","position":3,"name":"Ficci\u00f3n at\u00f3mica"}]},{"@type":"WebSite","@id":"https:\/\/booksfrommexico.com\/#website","url":"https:\/\/booksfrommexico.com\/","name":"Books From Mexico","description":"","publisher":{"@id":"https:\/\/booksfrommexico.com\/#organization"},"potentialAction":[{"@type":"SearchAction","target":{"@type":"EntryPoint","urlTemplate":"https:\/\/booksfrommexico.com\/?s={search_term_string}"},"query-input":{"@type":"PropertyValueSpecification","valueRequired":true,"valueName":"search_term_string"}}],"inLanguage":"es"},{"@type":"Organization","@id":"https:\/\/booksfrommexico.com\/#organization","name":"Books From Mexico","url":"https:\/\/booksfrommexico.com\/","logo":{"@type":"ImageObject","inLanguage":"es","@id":"https:\/\/booksfrommexico.com\/#\/schema\/logo\/image\/","url":"https:\/\/booksfrommexico.com\/app\/uploads\/2023\/05\/logo-booksfrommexico.svg","contentUrl":"https:\/\/booksfrommexico.com\/app\/uploads\/2023\/05\/logo-booksfrommexico.svg","width":86,"height":56,"caption":"Books From Mexico"},"image":{"@id":"https:\/\/booksfrommexico.com\/#\/schema\/logo\/image\/"}}]}},"_links":{"self":[{"href":"https:\/\/booksfrommexico.com\/es\/wp-json\/wp\/v2\/product\/6641","targetHints":{"allow":["GET"]}}],"collection":[{"href":"https:\/\/booksfrommexico.com\/es\/wp-json\/wp\/v2\/product"}],"about":[{"href":"https:\/\/booksfrommexico.com\/es\/wp-json\/wp\/v2\/types\/product"}],"wp:featuredmedia":[{"embeddable":true,"href":"https:\/\/booksfrommexico.com\/es\/wp-json\/wp\/v2\/media\/6940"}],"wp:attachment":[{"href":"https:\/\/booksfrommexico.com\/es\/wp-json\/wp\/v2\/media?parent=6641"}],"wp:term":[{"taxonomy":"product_brand","embeddable":true,"href":"https:\/\/booksfrommexico.com\/es\/wp-json\/wp\/v2\/product_brand?post=6641"},{"taxonomy":"product_cat","embeddable":true,"href":"https:\/\/booksfrommexico.com\/es\/wp-json\/wp\/v2\/product_cat?post=6641"},{"taxonomy":"product_tag","embeddable":true,"href":"https:\/\/booksfrommexico.com\/es\/wp-json\/wp\/v2\/product_tag?post=6641"}],"curies":[{"name":"wp","href":"https:\/\/api.w.org\/{rel}","templated":true}]}}