{"id":6643,"date":"2024-05-29T17:42:19","date_gmt":"2024-05-29T17:42:19","guid":{"rendered":"https:\/\/booksfrommexico.com\/product\/bonzo-2\/"},"modified":"2024-12-17T22:55:00","modified_gmt":"2024-12-17T22:55:00","slug":"bonzo-2","status":"publish","type":"product","link":"https:\/\/booksfrommexico.com\/es\/producto\/bonzo-2\/","title":{"rendered":"Bonzo"},"content":{"rendered":"<p><span style=\"font-weight: 400;\">Luis Alberto Arellano es un poeta y ensayista cuya obra po\u00e9tica ha sido traducida al catal\u00e1n, ingl\u00e9s, alem\u00e1n, portug\u00e9s y franc\u00e9s, siendo beneficiario en cuatro ocasiones por el Fondo estatal para la cultura y las artes, as\u00ed como para la beca J\u00f3venes Creadores del FONCA 2008-2009. Este poemario est\u00e1 dividido en 2 partes, marcando una clara diferencia entre el estilo de una y otra: en la primera parte siendo muy cortos, jugando con el ritmo y la repetici\u00f3n, mientras que en la segunda dejando de lado el ritmo para enfocarse en el contenido. Estos poemas invitan al lector a hacer una lectura activa, anal\u00edtica y cr\u00edtica.<\/span><\/p>\n","protected":false},"excerpt":{"rendered":"<div>BONZO. \/ Luis Alberto Arellano. Santiago de Quer\u00e9taro, M\u00e9xico : Editorial Pal\u00edndroma, 2021. 95 pages ; 21 cm. (Colecci\u00f3n Aibofobia [Poes\u00eda]). ISBN : 978607988031.<\/div>\n","protected":false},"featured_media":6946,"template":"","meta":{"_acf_changed":false,"inline_featured_image":false},"product_brand":[],"product_cat":[25,32],"product_tag":[4115,4180],"class_list":{"0":"post-6643","1":"product","2":"type-product","3":"status-publish","4":"has-post-thumbnail","6":"product_cat-literatura","7":"product_cat-poesia-literatura","8":"product_tag-poesia-es","9":"product_tag-poesia-contemporanea","11":"first","12":"instock","13":"taxable","14":"shipping-taxable","15":"purchasable","16":"product-type-simple"},"acf":[],"yoast_head":"<!-- This site is optimized with the Yoast SEO plugin v27.2 - https:\/\/yoast.com\/product\/yoast-seo-wordpress\/ -->\n<title>Bonzo<\/title>\n<meta name=\"description\" content=\"BONZO. \/ Luis Alberto Arellano. Santiago de Quer\u00e9taro, M\u00e9xico : Editorial Pal\u00edndroma, 2021. 95 pages ; 21 cm. (Colecci\u00f3n Aibofobia [Poes\u00eda]).\" \/>\n<meta name=\"robots\" content=\"index, follow, max-snippet:-1, max-image-preview:large, max-video-preview:-1\" \/>\n<link rel=\"canonical\" href=\"https:\/\/booksfrommexico.com\/es\/producto\/bonzo-2\/\" \/>\n<meta property=\"og:locale\" content=\"es_ES\" \/>\n<meta property=\"og:type\" content=\"article\" \/>\n<meta property=\"og:title\" content=\"Bonzo\" \/>\n<meta property=\"og:description\" content=\"BONZO. \/ Luis Alberto Arellano. Santiago de Quer\u00e9taro, M\u00e9xico : Editorial Pal\u00edndroma, 2021. 95 pages ; 21 cm. (Colecci\u00f3n Aibofobia [Poes\u00eda]).\" \/>\n<meta property=\"og:url\" content=\"https:\/\/booksfrommexico.com\/es\/producto\/bonzo-2\/\" \/>\n<meta property=\"og:site_name\" content=\"Books From Mexico\" \/>\n<meta property=\"article:modified_time\" content=\"2024-12-17T22:55:00+00:00\" \/>\n<meta property=\"og:image\" content=\"http:\/\/booksfrommexico.com\/app\/uploads\/2024\/05\/201459.jpeg\" \/>\n\t<meta property=\"og:image:width\" content=\"384\" \/>\n\t<meta property=\"og:image:height\" content=\"594\" \/>\n\t<meta property=\"og:image:type\" content=\"image\/jpeg\" \/>\n<meta name=\"twitter:card\" content=\"summary_large_image\" \/>\n<meta name=\"twitter:label1\" content=\"Tiempo de lectura\" \/>\n\t<meta name=\"twitter:data1\" content=\"1 minuto\" \/>\n<script type=\"application\/ld+json\" class=\"yoast-schema-graph\">{\"@context\":\"https:\/\/schema.org\",\"@graph\":[{\"@type\":\"WebPage\",\"@id\":\"https:\/\/booksfrommexico.com\/es\/producto\/bonzo-2\/\",\"url\":\"https:\/\/booksfrommexico.com\/es\/producto\/bonzo-2\/\",\"name\":\"Bonzo\",\"isPartOf\":{\"@id\":\"https:\/\/booksfrommexico.com\/#website\"},\"primaryImageOfPage\":{\"@id\":\"https:\/\/booksfrommexico.com\/es\/producto\/bonzo-2\/#primaryimage\"},\"image\":{\"@id\":\"https:\/\/booksfrommexico.com\/es\/producto\/bonzo-2\/#primaryimage\"},\"thumbnailUrl\":\"https:\/\/booksfrommexico.com\/app\/uploads\/2024\/05\/201459.jpeg\",\"datePublished\":\"2024-05-29T17:42:19+00:00\",\"dateModified\":\"2024-12-17T22:55:00+00:00\",\"description\":\"BONZO. \/ Luis Alberto Arellano. Santiago de Quer\u00e9taro, M\u00e9xico : Editorial Pal\u00edndroma, 2021. 95 pages ; 21 cm. (Colecci\u00f3n Aibofobia [Poes\u00eda]).\",\"breadcrumb\":{\"@id\":\"https:\/\/booksfrommexico.com\/es\/producto\/bonzo-2\/#breadcrumb\"},\"inLanguage\":\"es\",\"potentialAction\":[{\"@type\":\"ReadAction\",\"target\":[\"https:\/\/booksfrommexico.com\/es\/producto\/bonzo-2\/\"]}]},{\"@type\":\"ImageObject\",\"inLanguage\":\"es\",\"@id\":\"https:\/\/booksfrommexico.com\/es\/producto\/bonzo-2\/#primaryimage\",\"url\":\"https:\/\/booksfrommexico.com\/app\/uploads\/2024\/05\/201459.jpeg\",\"contentUrl\":\"https:\/\/booksfrommexico.com\/app\/uploads\/2024\/05\/201459.jpeg\",\"width\":384,\"height\":594,\"caption\":\"Bonzo\"},{\"@type\":\"BreadcrumbList\",\"@id\":\"https:\/\/booksfrommexico.com\/es\/producto\/bonzo-2\/#breadcrumb\",\"itemListElement\":[{\"@type\":\"ListItem\",\"position\":1,\"name\":\"Home\",\"item\":\"https:\/\/booksfrommexico.com\/es\/\"},{\"@type\":\"ListItem\",\"position\":2,\"name\":\"Libros\",\"item\":\"https:\/\/booksfrommexico.com\/es\/libros\/\"},{\"@type\":\"ListItem\",\"position\":3,\"name\":\"Bonzo\"}]},{\"@type\":\"WebSite\",\"@id\":\"https:\/\/booksfrommexico.com\/#website\",\"url\":\"https:\/\/booksfrommexico.com\/\",\"name\":\"Books From Mexico\",\"description\":\"\",\"publisher\":{\"@id\":\"https:\/\/booksfrommexico.com\/#organization\"},\"potentialAction\":[{\"@type\":\"SearchAction\",\"target\":{\"@type\":\"EntryPoint\",\"urlTemplate\":\"https:\/\/booksfrommexico.com\/?s={search_term_string}\"},\"query-input\":{\"@type\":\"PropertyValueSpecification\",\"valueRequired\":true,\"valueName\":\"search_term_string\"}}],\"inLanguage\":\"es\"},{\"@type\":\"Organization\",\"@id\":\"https:\/\/booksfrommexico.com\/#organization\",\"name\":\"Books From Mexico\",\"url\":\"https:\/\/booksfrommexico.com\/\",\"logo\":{\"@type\":\"ImageObject\",\"inLanguage\":\"es\",\"@id\":\"https:\/\/booksfrommexico.com\/#\/schema\/logo\/image\/\",\"url\":\"https:\/\/booksfrommexico.com\/app\/uploads\/2023\/05\/logo-booksfrommexico.svg\",\"contentUrl\":\"https:\/\/booksfrommexico.com\/app\/uploads\/2023\/05\/logo-booksfrommexico.svg\",\"width\":86,\"height\":56,\"caption\":\"Books From Mexico\"},\"image\":{\"@id\":\"https:\/\/booksfrommexico.com\/#\/schema\/logo\/image\/\"}}]}<\/script>\n<!-- \/ Yoast SEO plugin. -->","yoast_head_json":{"title":"Bonzo","description":"BONZO. \/ Luis Alberto Arellano. Santiago de Quer\u00e9taro, M\u00e9xico : Editorial Pal\u00edndroma, 2021. 95 pages ; 21 cm. (Colecci\u00f3n Aibofobia [Poes\u00eda]).","robots":{"index":"index","follow":"follow","max-snippet":"max-snippet:-1","max-image-preview":"max-image-preview:large","max-video-preview":"max-video-preview:-1"},"canonical":"https:\/\/booksfrommexico.com\/es\/producto\/bonzo-2\/","og_locale":"es_ES","og_type":"article","og_title":"Bonzo","og_description":"BONZO. \/ Luis Alberto Arellano. Santiago de Quer\u00e9taro, M\u00e9xico : Editorial Pal\u00edndroma, 2021. 95 pages ; 21 cm. (Colecci\u00f3n Aibofobia [Poes\u00eda]).","og_url":"https:\/\/booksfrommexico.com\/es\/producto\/bonzo-2\/","og_site_name":"Books From Mexico","article_modified_time":"2024-12-17T22:55:00+00:00","og_image":[{"width":384,"height":594,"url":"http:\/\/booksfrommexico.com\/app\/uploads\/2024\/05\/201459.jpeg","type":"image\/jpeg"}],"twitter_card":"summary_large_image","twitter_misc":{"Tiempo de lectura":"1 minuto"},"schema":{"@context":"https:\/\/schema.org","@graph":[{"@type":"WebPage","@id":"https:\/\/booksfrommexico.com\/es\/producto\/bonzo-2\/","url":"https:\/\/booksfrommexico.com\/es\/producto\/bonzo-2\/","name":"Bonzo","isPartOf":{"@id":"https:\/\/booksfrommexico.com\/#website"},"primaryImageOfPage":{"@id":"https:\/\/booksfrommexico.com\/es\/producto\/bonzo-2\/#primaryimage"},"image":{"@id":"https:\/\/booksfrommexico.com\/es\/producto\/bonzo-2\/#primaryimage"},"thumbnailUrl":"https:\/\/booksfrommexico.com\/app\/uploads\/2024\/05\/201459.jpeg","datePublished":"2024-05-29T17:42:19+00:00","dateModified":"2024-12-17T22:55:00+00:00","description":"BONZO. \/ Luis Alberto Arellano. Santiago de Quer\u00e9taro, M\u00e9xico : Editorial Pal\u00edndroma, 2021. 95 pages ; 21 cm. (Colecci\u00f3n Aibofobia [Poes\u00eda]).","breadcrumb":{"@id":"https:\/\/booksfrommexico.com\/es\/producto\/bonzo-2\/#breadcrumb"},"inLanguage":"es","potentialAction":[{"@type":"ReadAction","target":["https:\/\/booksfrommexico.com\/es\/producto\/bonzo-2\/"]}]},{"@type":"ImageObject","inLanguage":"es","@id":"https:\/\/booksfrommexico.com\/es\/producto\/bonzo-2\/#primaryimage","url":"https:\/\/booksfrommexico.com\/app\/uploads\/2024\/05\/201459.jpeg","contentUrl":"https:\/\/booksfrommexico.com\/app\/uploads\/2024\/05\/201459.jpeg","width":384,"height":594,"caption":"Bonzo"},{"@type":"BreadcrumbList","@id":"https:\/\/booksfrommexico.com\/es\/producto\/bonzo-2\/#breadcrumb","itemListElement":[{"@type":"ListItem","position":1,"name":"Home","item":"https:\/\/booksfrommexico.com\/es\/"},{"@type":"ListItem","position":2,"name":"Libros","item":"https:\/\/booksfrommexico.com\/es\/libros\/"},{"@type":"ListItem","position":3,"name":"Bonzo"}]},{"@type":"WebSite","@id":"https:\/\/booksfrommexico.com\/#website","url":"https:\/\/booksfrommexico.com\/","name":"Books From Mexico","description":"","publisher":{"@id":"https:\/\/booksfrommexico.com\/#organization"},"potentialAction":[{"@type":"SearchAction","target":{"@type":"EntryPoint","urlTemplate":"https:\/\/booksfrommexico.com\/?s={search_term_string}"},"query-input":{"@type":"PropertyValueSpecification","valueRequired":true,"valueName":"search_term_string"}}],"inLanguage":"es"},{"@type":"Organization","@id":"https:\/\/booksfrommexico.com\/#organization","name":"Books From Mexico","url":"https:\/\/booksfrommexico.com\/","logo":{"@type":"ImageObject","inLanguage":"es","@id":"https:\/\/booksfrommexico.com\/#\/schema\/logo\/image\/","url":"https:\/\/booksfrommexico.com\/app\/uploads\/2023\/05\/logo-booksfrommexico.svg","contentUrl":"https:\/\/booksfrommexico.com\/app\/uploads\/2023\/05\/logo-booksfrommexico.svg","width":86,"height":56,"caption":"Books From Mexico"},"image":{"@id":"https:\/\/booksfrommexico.com\/#\/schema\/logo\/image\/"}}]}},"_links":{"self":[{"href":"https:\/\/booksfrommexico.com\/es\/wp-json\/wp\/v2\/product\/6643","targetHints":{"allow":["GET"]}}],"collection":[{"href":"https:\/\/booksfrommexico.com\/es\/wp-json\/wp\/v2\/product"}],"about":[{"href":"https:\/\/booksfrommexico.com\/es\/wp-json\/wp\/v2\/types\/product"}],"wp:featuredmedia":[{"embeddable":true,"href":"https:\/\/booksfrommexico.com\/es\/wp-json\/wp\/v2\/media\/6946"}],"wp:attachment":[{"href":"https:\/\/booksfrommexico.com\/es\/wp-json\/wp\/v2\/media?parent=6643"}],"wp:term":[{"taxonomy":"product_brand","embeddable":true,"href":"https:\/\/booksfrommexico.com\/es\/wp-json\/wp\/v2\/product_brand?post=6643"},{"taxonomy":"product_cat","embeddable":true,"href":"https:\/\/booksfrommexico.com\/es\/wp-json\/wp\/v2\/product_cat?post=6643"},{"taxonomy":"product_tag","embeddable":true,"href":"https:\/\/booksfrommexico.com\/es\/wp-json\/wp\/v2\/product_tag?post=6643"}],"curies":[{"name":"wp","href":"https:\/\/api.w.org\/{rel}","templated":true}]}}