{"id":6646,"date":"2024-05-29T17:42:19","date_gmt":"2024-05-29T17:42:19","guid":{"rendered":"https:\/\/booksfrommexico.com\/product\/bas-jan-ader-retrato-de-un-gusano-blanco\/"},"modified":"2024-06-20T23:25:30","modified_gmt":"2024-06-20T23:25:30","slug":"bas-jan-ader-retrato-de-un-gusano-blanco","status":"publish","type":"product","link":"https:\/\/booksfrommexico.com\/es\/producto\/bas-jan-ader-retrato-de-un-gusano-blanco\/","title":{"rendered":"Bas jan ader: Retrato de un gusano blanco"},"content":{"rendered":"<p><span style=\"font-weight: 400;\">Sayuri S\u00e1nchez es una poeta y gestora cultural cuyos textos han sido publicados en <\/span><i><span style=\"font-weight: 400;\">Posh Magazine, Luvina <\/span><\/i><span style=\"font-weight: 400;\">y <\/span><i><span style=\"font-weight: 400;\">La Jornada<\/span><\/i><span style=\"font-weight: 400;\">, ha sido ganadora del Premio Estatal Hugo Guti\u00e9rrez Vega 2028, as\u00ed como ha sido becaria del Programa de Est\u00edmulos a la Creaci\u00f3n y Desarrollo Art\u00edstico. En este t\u00edtulo se presentan una serie de poemas divididos en tres partes: <\/span><i><span style=\"font-weight: 400;\">Utiler\u00eda, Seis interpretaciones de Muerte sin fin <\/span><\/i><span style=\"font-weight: 400;\">y <\/span><i><span style=\"font-weight: 400;\">Los lugares vastos. <\/span><\/i><span style=\"font-weight: 400;\">La poes\u00eda de Sayuri S\u00e1nchez podr\u00eda catalogarse como ecopoes\u00eda y happening, pues hay una interpretaci\u00f3n multidisciplinaria del mundo aqu\u00ed y ahora, mediante el lenguaje.\u00a0<\/span><\/p>\n","protected":false},"excerpt":{"rendered":"<p>BAS JAN ADER : RETRATO DE UN GUSANO BLANCO<span style=\"font-weight: 400;\">. \/ Sayuri S\u00e1nchez. Le\u00f3n, Guanajuato, M\u00e9xico : Talleres de Sindicato Sentimental, 2021. 73 pages ; 21 cm.<\/span><\/p>\n","protected":false},"featured_media":6955,"template":"","meta":{"_acf_changed":false,"inline_featured_image":false},"product_brand":[],"product_cat":[25,32],"product_tag":[4225,4115,4180],"class_list":{"0":"post-6646","1":"product","2":"type-product","3":"status-publish","4":"has-post-thumbnail","6":"product_cat-literatura","7":"product_cat-poesia-literatura","8":"product_tag-mujeres-literatura","9":"product_tag-poesia-es","10":"product_tag-poesia-contemporanea","12":"first","13":"instock","14":"taxable","15":"shipping-taxable","16":"purchasable","17":"product-type-simple"},"acf":[],"yoast_head":"<!-- This site is optimized with the Yoast SEO plugin v27.3 - https:\/\/yoast.com\/product\/yoast-seo-wordpress\/ -->\n<title>Bas jan ader: Retrato de un gusano blanco<\/title>\n<meta name=\"description\" content=\"BAS JAN ADER : RETRATO DE UN GUSANO BLANCO. \/ Sayuri S\u00e1nchez. Le\u00f3n, Guanajuato, M\u00e9xico : Talleres de Sindicato Sentimental, 2021. 73 pages ; 21 cm.\" \/>\n<meta name=\"robots\" content=\"index, follow, max-snippet:-1, max-image-preview:large, max-video-preview:-1\" \/>\n<link rel=\"canonical\" href=\"https:\/\/booksfrommexico.com\/es\/producto\/bas-jan-ader-retrato-de-un-gusano-blanco\/\" \/>\n<meta property=\"og:locale\" content=\"es_ES\" \/>\n<meta property=\"og:type\" content=\"article\" \/>\n<meta property=\"og:title\" content=\"Bas jan ader: Retrato de un gusano blanco\" \/>\n<meta property=\"og:description\" content=\"BAS JAN ADER : RETRATO DE UN GUSANO BLANCO. \/ Sayuri S\u00e1nchez. Le\u00f3n, Guanajuato, M\u00e9xico : Talleres de Sindicato Sentimental, 2021. 73 pages ; 21 cm.\" \/>\n<meta property=\"og:url\" content=\"https:\/\/booksfrommexico.com\/es\/producto\/bas-jan-ader-retrato-de-un-gusano-blanco\/\" \/>\n<meta property=\"og:site_name\" content=\"Books From Mexico\" \/>\n<meta property=\"article:modified_time\" content=\"2024-06-20T23:25:30+00:00\" \/>\n<meta property=\"og:image\" content=\"http:\/\/booksfrommexico.com\/app\/uploads\/2024\/05\/201471.jpeg\" \/>\n\t<meta property=\"og:image:width\" content=\"387\" \/>\n\t<meta property=\"og:image:height\" content=\"600\" \/>\n\t<meta property=\"og:image:type\" content=\"image\/jpeg\" \/>\n<meta name=\"twitter:card\" content=\"summary_large_image\" \/>\n<meta name=\"twitter:label1\" content=\"Tiempo de lectura\" \/>\n\t<meta name=\"twitter:data1\" content=\"1 minuto\" \/>\n<script type=\"application\/ld+json\" class=\"yoast-schema-graph\">{\"@context\":\"https:\\\/\\\/schema.org\",\"@graph\":[{\"@type\":\"WebPage\",\"@id\":\"https:\\\/\\\/booksfrommexico.com\\\/es\\\/producto\\\/bas-jan-ader-retrato-de-un-gusano-blanco\\\/\",\"url\":\"https:\\\/\\\/booksfrommexico.com\\\/es\\\/producto\\\/bas-jan-ader-retrato-de-un-gusano-blanco\\\/\",\"name\":\"Bas jan ader: Retrato de un gusano blanco\",\"isPartOf\":{\"@id\":\"https:\\\/\\\/booksfrommexico.com\\\/#website\"},\"primaryImageOfPage\":{\"@id\":\"https:\\\/\\\/booksfrommexico.com\\\/es\\\/producto\\\/bas-jan-ader-retrato-de-un-gusano-blanco\\\/#primaryimage\"},\"image\":{\"@id\":\"https:\\\/\\\/booksfrommexico.com\\\/es\\\/producto\\\/bas-jan-ader-retrato-de-un-gusano-blanco\\\/#primaryimage\"},\"thumbnailUrl\":\"https:\\\/\\\/booksfrommexico.com\\\/app\\\/uploads\\\/2024\\\/05\\\/201471.jpeg\",\"datePublished\":\"2024-05-29T17:42:19+00:00\",\"dateModified\":\"2024-06-20T23:25:30+00:00\",\"description\":\"BAS JAN ADER : RETRATO DE UN GUSANO BLANCO. \\\/ Sayuri S\u00e1nchez. Le\u00f3n, Guanajuato, M\u00e9xico : Talleres de Sindicato Sentimental, 2021. 73 pages ; 21 cm.\",\"breadcrumb\":{\"@id\":\"https:\\\/\\\/booksfrommexico.com\\\/es\\\/producto\\\/bas-jan-ader-retrato-de-un-gusano-blanco\\\/#breadcrumb\"},\"inLanguage\":\"es\",\"potentialAction\":[{\"@type\":\"ReadAction\",\"target\":[\"https:\\\/\\\/booksfrommexico.com\\\/es\\\/producto\\\/bas-jan-ader-retrato-de-un-gusano-blanco\\\/\"]}]},{\"@type\":\"ImageObject\",\"inLanguage\":\"es\",\"@id\":\"https:\\\/\\\/booksfrommexico.com\\\/es\\\/producto\\\/bas-jan-ader-retrato-de-un-gusano-blanco\\\/#primaryimage\",\"url\":\"https:\\\/\\\/booksfrommexico.com\\\/app\\\/uploads\\\/2024\\\/05\\\/201471.jpeg\",\"contentUrl\":\"https:\\\/\\\/booksfrommexico.com\\\/app\\\/uploads\\\/2024\\\/05\\\/201471.jpeg\",\"width\":387,\"height\":600,\"caption\":\"Bas jan ader retrato de un gusano blanco\"},{\"@type\":\"BreadcrumbList\",\"@id\":\"https:\\\/\\\/booksfrommexico.com\\\/es\\\/producto\\\/bas-jan-ader-retrato-de-un-gusano-blanco\\\/#breadcrumb\",\"itemListElement\":[{\"@type\":\"ListItem\",\"position\":1,\"name\":\"Home\",\"item\":\"https:\\\/\\\/booksfrommexico.com\\\/es\\\/\"},{\"@type\":\"ListItem\",\"position\":2,\"name\":\"Libros\",\"item\":\"https:\\\/\\\/booksfrommexico.com\\\/es\\\/libros\\\/\"},{\"@type\":\"ListItem\",\"position\":3,\"name\":\"Bas jan ader: Retrato de un gusano blanco\"}]},{\"@type\":\"WebSite\",\"@id\":\"https:\\\/\\\/booksfrommexico.com\\\/#website\",\"url\":\"https:\\\/\\\/booksfrommexico.com\\\/\",\"name\":\"Books From Mexico\",\"description\":\"\",\"publisher\":{\"@id\":\"https:\\\/\\\/booksfrommexico.com\\\/#organization\"},\"potentialAction\":[{\"@type\":\"SearchAction\",\"target\":{\"@type\":\"EntryPoint\",\"urlTemplate\":\"https:\\\/\\\/booksfrommexico.com\\\/?s={search_term_string}\"},\"query-input\":{\"@type\":\"PropertyValueSpecification\",\"valueRequired\":true,\"valueName\":\"search_term_string\"}}],\"inLanguage\":\"es\"},{\"@type\":\"Organization\",\"@id\":\"https:\\\/\\\/booksfrommexico.com\\\/#organization\",\"name\":\"Books From Mexico\",\"url\":\"https:\\\/\\\/booksfrommexico.com\\\/\",\"logo\":{\"@type\":\"ImageObject\",\"inLanguage\":\"es\",\"@id\":\"https:\\\/\\\/booksfrommexico.com\\\/#\\\/schema\\\/logo\\\/image\\\/\",\"url\":\"https:\\\/\\\/booksfrommexico.com\\\/app\\\/uploads\\\/2023\\\/05\\\/logo-booksfrommexico.svg\",\"contentUrl\":\"https:\\\/\\\/booksfrommexico.com\\\/app\\\/uploads\\\/2023\\\/05\\\/logo-booksfrommexico.svg\",\"width\":86,\"height\":56,\"caption\":\"Books From Mexico\"},\"image\":{\"@id\":\"https:\\\/\\\/booksfrommexico.com\\\/#\\\/schema\\\/logo\\\/image\\\/\"}}]}<\/script>\n<!-- \/ Yoast SEO plugin. -->","yoast_head_json":{"title":"Bas jan ader: Retrato de un gusano blanco","description":"BAS JAN ADER : RETRATO DE UN GUSANO BLANCO. \/ Sayuri S\u00e1nchez. Le\u00f3n, Guanajuato, M\u00e9xico : Talleres de Sindicato Sentimental, 2021. 73 pages ; 21 cm.","robots":{"index":"index","follow":"follow","max-snippet":"max-snippet:-1","max-image-preview":"max-image-preview:large","max-video-preview":"max-video-preview:-1"},"canonical":"https:\/\/booksfrommexico.com\/es\/producto\/bas-jan-ader-retrato-de-un-gusano-blanco\/","og_locale":"es_ES","og_type":"article","og_title":"Bas jan ader: Retrato de un gusano blanco","og_description":"BAS JAN ADER : RETRATO DE UN GUSANO BLANCO. \/ Sayuri S\u00e1nchez. Le\u00f3n, Guanajuato, M\u00e9xico : Talleres de Sindicato Sentimental, 2021. 73 pages ; 21 cm.","og_url":"https:\/\/booksfrommexico.com\/es\/producto\/bas-jan-ader-retrato-de-un-gusano-blanco\/","og_site_name":"Books From Mexico","article_modified_time":"2024-06-20T23:25:30+00:00","og_image":[{"width":387,"height":600,"url":"http:\/\/booksfrommexico.com\/app\/uploads\/2024\/05\/201471.jpeg","type":"image\/jpeg"}],"twitter_card":"summary_large_image","twitter_misc":{"Tiempo de lectura":"1 minuto"},"schema":{"@context":"https:\/\/schema.org","@graph":[{"@type":"WebPage","@id":"https:\/\/booksfrommexico.com\/es\/producto\/bas-jan-ader-retrato-de-un-gusano-blanco\/","url":"https:\/\/booksfrommexico.com\/es\/producto\/bas-jan-ader-retrato-de-un-gusano-blanco\/","name":"Bas jan ader: Retrato de un gusano blanco","isPartOf":{"@id":"https:\/\/booksfrommexico.com\/#website"},"primaryImageOfPage":{"@id":"https:\/\/booksfrommexico.com\/es\/producto\/bas-jan-ader-retrato-de-un-gusano-blanco\/#primaryimage"},"image":{"@id":"https:\/\/booksfrommexico.com\/es\/producto\/bas-jan-ader-retrato-de-un-gusano-blanco\/#primaryimage"},"thumbnailUrl":"https:\/\/booksfrommexico.com\/app\/uploads\/2024\/05\/201471.jpeg","datePublished":"2024-05-29T17:42:19+00:00","dateModified":"2024-06-20T23:25:30+00:00","description":"BAS JAN ADER : RETRATO DE UN GUSANO BLANCO. \/ Sayuri S\u00e1nchez. Le\u00f3n, Guanajuato, M\u00e9xico : Talleres de Sindicato Sentimental, 2021. 73 pages ; 21 cm.","breadcrumb":{"@id":"https:\/\/booksfrommexico.com\/es\/producto\/bas-jan-ader-retrato-de-un-gusano-blanco\/#breadcrumb"},"inLanguage":"es","potentialAction":[{"@type":"ReadAction","target":["https:\/\/booksfrommexico.com\/es\/producto\/bas-jan-ader-retrato-de-un-gusano-blanco\/"]}]},{"@type":"ImageObject","inLanguage":"es","@id":"https:\/\/booksfrommexico.com\/es\/producto\/bas-jan-ader-retrato-de-un-gusano-blanco\/#primaryimage","url":"https:\/\/booksfrommexico.com\/app\/uploads\/2024\/05\/201471.jpeg","contentUrl":"https:\/\/booksfrommexico.com\/app\/uploads\/2024\/05\/201471.jpeg","width":387,"height":600,"caption":"Bas jan ader retrato de un gusano blanco"},{"@type":"BreadcrumbList","@id":"https:\/\/booksfrommexico.com\/es\/producto\/bas-jan-ader-retrato-de-un-gusano-blanco\/#breadcrumb","itemListElement":[{"@type":"ListItem","position":1,"name":"Home","item":"https:\/\/booksfrommexico.com\/es\/"},{"@type":"ListItem","position":2,"name":"Libros","item":"https:\/\/booksfrommexico.com\/es\/libros\/"},{"@type":"ListItem","position":3,"name":"Bas jan ader: Retrato de un gusano blanco"}]},{"@type":"WebSite","@id":"https:\/\/booksfrommexico.com\/#website","url":"https:\/\/booksfrommexico.com\/","name":"Books From Mexico","description":"","publisher":{"@id":"https:\/\/booksfrommexico.com\/#organization"},"potentialAction":[{"@type":"SearchAction","target":{"@type":"EntryPoint","urlTemplate":"https:\/\/booksfrommexico.com\/?s={search_term_string}"},"query-input":{"@type":"PropertyValueSpecification","valueRequired":true,"valueName":"search_term_string"}}],"inLanguage":"es"},{"@type":"Organization","@id":"https:\/\/booksfrommexico.com\/#organization","name":"Books From Mexico","url":"https:\/\/booksfrommexico.com\/","logo":{"@type":"ImageObject","inLanguage":"es","@id":"https:\/\/booksfrommexico.com\/#\/schema\/logo\/image\/","url":"https:\/\/booksfrommexico.com\/app\/uploads\/2023\/05\/logo-booksfrommexico.svg","contentUrl":"https:\/\/booksfrommexico.com\/app\/uploads\/2023\/05\/logo-booksfrommexico.svg","width":86,"height":56,"caption":"Books From Mexico"},"image":{"@id":"https:\/\/booksfrommexico.com\/#\/schema\/logo\/image\/"}}]}},"_links":{"self":[{"href":"https:\/\/booksfrommexico.com\/es\/wp-json\/wp\/v2\/product\/6646","targetHints":{"allow":["GET"]}}],"collection":[{"href":"https:\/\/booksfrommexico.com\/es\/wp-json\/wp\/v2\/product"}],"about":[{"href":"https:\/\/booksfrommexico.com\/es\/wp-json\/wp\/v2\/types\/product"}],"wp:featuredmedia":[{"embeddable":true,"href":"https:\/\/booksfrommexico.com\/es\/wp-json\/wp\/v2\/media\/6955"}],"wp:attachment":[{"href":"https:\/\/booksfrommexico.com\/es\/wp-json\/wp\/v2\/media?parent=6646"}],"wp:term":[{"taxonomy":"product_brand","embeddable":true,"href":"https:\/\/booksfrommexico.com\/es\/wp-json\/wp\/v2\/product_brand?post=6646"},{"taxonomy":"product_cat","embeddable":true,"href":"https:\/\/booksfrommexico.com\/es\/wp-json\/wp\/v2\/product_cat?post=6646"},{"taxonomy":"product_tag","embeddable":true,"href":"https:\/\/booksfrommexico.com\/es\/wp-json\/wp\/v2\/product_tag?post=6646"}],"curies":[{"name":"wp","href":"https:\/\/api.w.org\/{rel}","templated":true}]}}