{"id":6647,"date":"2024-05-29T17:42:19","date_gmt":"2024-05-29T17:42:19","guid":{"rendered":"https:\/\/booksfrommexico.com\/product\/la-fe-de-las-ballenas\/"},"modified":"2024-06-21T18:50:03","modified_gmt":"2024-06-21T18:50:03","slug":"la-fe-de-las-ballenas","status":"publish","type":"product","link":"https:\/\/booksfrommexico.com\/es\/producto\/la-fe-de-las-ballenas\/","title":{"rendered":"La fe de las ballenas"},"content":{"rendered":"<p><span style=\"font-weight: 400;\">Ulises Torres es licenciado en Derecho por la UNAM y ha sido miembro del Seminario para las Letras Guanajuetenses Efra\u00edn Huerta desde 2016; parte de su trabajo como escritor se ha inclu\u00eddo en antolog\u00edas y revistas literarias y fue acreedor al Premio Nacional de Poes\u00eda Jos\u00e9 Emilio Pacheco 2020 y el Premio Nacional de Poes\u00eda Juegos Florales San Juan del R\u00edo 2019. Este t\u00edtulo se trata de una serie de poemas\u00a0 donde el lector es pasajero de un barco ballenero, golpeado por la brisa de mundos posibles, para poder ver desde all\u00ed otras densidades de la existencia. <\/span><\/p>\n","protected":false},"excerpt":{"rendered":"<p>LA FE DE LAS BALLENAS<span style=\"font-weight: 400;\">. \/ Ulises Torres. Le\u00f3n, Guanajuato, M\u00e9xico : Talleres de Sindicato Sentimental , 2021. 64 pages ; 21 cm.<\/span><\/p>\n","protected":false},"featured_media":6959,"template":"","meta":{"_acf_changed":false,"inline_featured_image":false},"product_brand":[],"product_cat":[25,32],"product_tag":[4115,4180,3598],"class_list":{"0":"post-6647","1":"product","2":"type-product","3":"status-publish","4":"has-post-thumbnail","6":"product_cat-literatura","7":"product_cat-poesia-literatura","8":"product_tag-poesia-es","9":"product_tag-poesia-contemporanea","10":"product_tag-poesia-mexicana","12":"first","13":"instock","14":"taxable","15":"shipping-taxable","16":"purchasable","17":"product-type-simple"},"acf":[],"yoast_head":"<!-- This site is optimized with the Yoast SEO plugin v27.3 - https:\/\/yoast.com\/product\/yoast-seo-wordpress\/ -->\n<title>La fe de las ballenas<\/title>\n<meta name=\"description\" content=\"LA FE DE LAS BALLENAS. \/ Ulises Torres. Le\u00f3n, Guanajuato, M\u00e9xico : Talleres de Sindicato Sentimental , 2021. 64 pages ; 21 cm.\" \/>\n<meta name=\"robots\" content=\"index, follow, max-snippet:-1, max-image-preview:large, max-video-preview:-1\" \/>\n<link rel=\"canonical\" href=\"https:\/\/booksfrommexico.com\/es\/producto\/la-fe-de-las-ballenas\/\" \/>\n<meta property=\"og:locale\" content=\"es_ES\" \/>\n<meta property=\"og:type\" content=\"article\" \/>\n<meta property=\"og:title\" content=\"La fe de las ballenas\" \/>\n<meta property=\"og:description\" content=\"LA FE DE LAS BALLENAS. \/ Ulises Torres. Le\u00f3n, Guanajuato, M\u00e9xico : Talleres de Sindicato Sentimental , 2021. 64 pages ; 21 cm.\" \/>\n<meta property=\"og:url\" content=\"https:\/\/booksfrommexico.com\/es\/producto\/la-fe-de-las-ballenas\/\" \/>\n<meta property=\"og:site_name\" content=\"Books From Mexico\" \/>\n<meta property=\"article:modified_time\" content=\"2024-06-21T18:50:03+00:00\" \/>\n<meta property=\"og:image\" content=\"http:\/\/booksfrommexico.com\/app\/uploads\/2024\/05\/201474.jpeg\" \/>\n\t<meta property=\"og:image:width\" content=\"387\" \/>\n\t<meta property=\"og:image:height\" content=\"602\" \/>\n\t<meta property=\"og:image:type\" content=\"image\/jpeg\" \/>\n<meta name=\"twitter:card\" content=\"summary_large_image\" \/>\n<meta name=\"twitter:label1\" content=\"Tiempo de lectura\" \/>\n\t<meta name=\"twitter:data1\" content=\"1 minuto\" \/>\n<script type=\"application\/ld+json\" class=\"yoast-schema-graph\">{\"@context\":\"https:\\\/\\\/schema.org\",\"@graph\":[{\"@type\":\"WebPage\",\"@id\":\"https:\\\/\\\/booksfrommexico.com\\\/es\\\/producto\\\/la-fe-de-las-ballenas\\\/\",\"url\":\"https:\\\/\\\/booksfrommexico.com\\\/es\\\/producto\\\/la-fe-de-las-ballenas\\\/\",\"name\":\"La fe de las ballenas\",\"isPartOf\":{\"@id\":\"https:\\\/\\\/booksfrommexico.com\\\/#website\"},\"primaryImageOfPage\":{\"@id\":\"https:\\\/\\\/booksfrommexico.com\\\/es\\\/producto\\\/la-fe-de-las-ballenas\\\/#primaryimage\"},\"image\":{\"@id\":\"https:\\\/\\\/booksfrommexico.com\\\/es\\\/producto\\\/la-fe-de-las-ballenas\\\/#primaryimage\"},\"thumbnailUrl\":\"https:\\\/\\\/booksfrommexico.com\\\/app\\\/uploads\\\/2024\\\/05\\\/201474.jpeg\",\"datePublished\":\"2024-05-29T17:42:19+00:00\",\"dateModified\":\"2024-06-21T18:50:03+00:00\",\"description\":\"LA FE DE LAS BALLENAS. \\\/ Ulises Torres. Le\u00f3n, Guanajuato, M\u00e9xico : Talleres de Sindicato Sentimental , 2021. 64 pages ; 21 cm.\",\"breadcrumb\":{\"@id\":\"https:\\\/\\\/booksfrommexico.com\\\/es\\\/producto\\\/la-fe-de-las-ballenas\\\/#breadcrumb\"},\"inLanguage\":\"es\",\"potentialAction\":[{\"@type\":\"ReadAction\",\"target\":[\"https:\\\/\\\/booksfrommexico.com\\\/es\\\/producto\\\/la-fe-de-las-ballenas\\\/\"]}]},{\"@type\":\"ImageObject\",\"inLanguage\":\"es\",\"@id\":\"https:\\\/\\\/booksfrommexico.com\\\/es\\\/producto\\\/la-fe-de-las-ballenas\\\/#primaryimage\",\"url\":\"https:\\\/\\\/booksfrommexico.com\\\/app\\\/uploads\\\/2024\\\/05\\\/201474.jpeg\",\"contentUrl\":\"https:\\\/\\\/booksfrommexico.com\\\/app\\\/uploads\\\/2024\\\/05\\\/201474.jpeg\",\"width\":387,\"height\":602,\"caption\":\"La fe de las ballenas\"},{\"@type\":\"BreadcrumbList\",\"@id\":\"https:\\\/\\\/booksfrommexico.com\\\/es\\\/producto\\\/la-fe-de-las-ballenas\\\/#breadcrumb\",\"itemListElement\":[{\"@type\":\"ListItem\",\"position\":1,\"name\":\"Home\",\"item\":\"https:\\\/\\\/booksfrommexico.com\\\/es\\\/\"},{\"@type\":\"ListItem\",\"position\":2,\"name\":\"Libros\",\"item\":\"https:\\\/\\\/booksfrommexico.com\\\/es\\\/libros\\\/\"},{\"@type\":\"ListItem\",\"position\":3,\"name\":\"La fe de las ballenas\"}]},{\"@type\":\"WebSite\",\"@id\":\"https:\\\/\\\/booksfrommexico.com\\\/#website\",\"url\":\"https:\\\/\\\/booksfrommexico.com\\\/\",\"name\":\"Books From Mexico\",\"description\":\"\",\"publisher\":{\"@id\":\"https:\\\/\\\/booksfrommexico.com\\\/#organization\"},\"potentialAction\":[{\"@type\":\"SearchAction\",\"target\":{\"@type\":\"EntryPoint\",\"urlTemplate\":\"https:\\\/\\\/booksfrommexico.com\\\/?s={search_term_string}\"},\"query-input\":{\"@type\":\"PropertyValueSpecification\",\"valueRequired\":true,\"valueName\":\"search_term_string\"}}],\"inLanguage\":\"es\"},{\"@type\":\"Organization\",\"@id\":\"https:\\\/\\\/booksfrommexico.com\\\/#organization\",\"name\":\"Books From Mexico\",\"url\":\"https:\\\/\\\/booksfrommexico.com\\\/\",\"logo\":{\"@type\":\"ImageObject\",\"inLanguage\":\"es\",\"@id\":\"https:\\\/\\\/booksfrommexico.com\\\/#\\\/schema\\\/logo\\\/image\\\/\",\"url\":\"https:\\\/\\\/booksfrommexico.com\\\/app\\\/uploads\\\/2023\\\/05\\\/logo-booksfrommexico.svg\",\"contentUrl\":\"https:\\\/\\\/booksfrommexico.com\\\/app\\\/uploads\\\/2023\\\/05\\\/logo-booksfrommexico.svg\",\"width\":86,\"height\":56,\"caption\":\"Books From Mexico\"},\"image\":{\"@id\":\"https:\\\/\\\/booksfrommexico.com\\\/#\\\/schema\\\/logo\\\/image\\\/\"}}]}<\/script>\n<!-- \/ Yoast SEO plugin. -->","yoast_head_json":{"title":"La fe de las ballenas","description":"LA FE DE LAS BALLENAS. \/ Ulises Torres. Le\u00f3n, Guanajuato, M\u00e9xico : Talleres de Sindicato Sentimental , 2021. 64 pages ; 21 cm.","robots":{"index":"index","follow":"follow","max-snippet":"max-snippet:-1","max-image-preview":"max-image-preview:large","max-video-preview":"max-video-preview:-1"},"canonical":"https:\/\/booksfrommexico.com\/es\/producto\/la-fe-de-las-ballenas\/","og_locale":"es_ES","og_type":"article","og_title":"La fe de las ballenas","og_description":"LA FE DE LAS BALLENAS. \/ Ulises Torres. Le\u00f3n, Guanajuato, M\u00e9xico : Talleres de Sindicato Sentimental , 2021. 64 pages ; 21 cm.","og_url":"https:\/\/booksfrommexico.com\/es\/producto\/la-fe-de-las-ballenas\/","og_site_name":"Books From Mexico","article_modified_time":"2024-06-21T18:50:03+00:00","og_image":[{"width":387,"height":602,"url":"http:\/\/booksfrommexico.com\/app\/uploads\/2024\/05\/201474.jpeg","type":"image\/jpeg"}],"twitter_card":"summary_large_image","twitter_misc":{"Tiempo de lectura":"1 minuto"},"schema":{"@context":"https:\/\/schema.org","@graph":[{"@type":"WebPage","@id":"https:\/\/booksfrommexico.com\/es\/producto\/la-fe-de-las-ballenas\/","url":"https:\/\/booksfrommexico.com\/es\/producto\/la-fe-de-las-ballenas\/","name":"La fe de las ballenas","isPartOf":{"@id":"https:\/\/booksfrommexico.com\/#website"},"primaryImageOfPage":{"@id":"https:\/\/booksfrommexico.com\/es\/producto\/la-fe-de-las-ballenas\/#primaryimage"},"image":{"@id":"https:\/\/booksfrommexico.com\/es\/producto\/la-fe-de-las-ballenas\/#primaryimage"},"thumbnailUrl":"https:\/\/booksfrommexico.com\/app\/uploads\/2024\/05\/201474.jpeg","datePublished":"2024-05-29T17:42:19+00:00","dateModified":"2024-06-21T18:50:03+00:00","description":"LA FE DE LAS BALLENAS. \/ Ulises Torres. Le\u00f3n, Guanajuato, M\u00e9xico : Talleres de Sindicato Sentimental , 2021. 64 pages ; 21 cm.","breadcrumb":{"@id":"https:\/\/booksfrommexico.com\/es\/producto\/la-fe-de-las-ballenas\/#breadcrumb"},"inLanguage":"es","potentialAction":[{"@type":"ReadAction","target":["https:\/\/booksfrommexico.com\/es\/producto\/la-fe-de-las-ballenas\/"]}]},{"@type":"ImageObject","inLanguage":"es","@id":"https:\/\/booksfrommexico.com\/es\/producto\/la-fe-de-las-ballenas\/#primaryimage","url":"https:\/\/booksfrommexico.com\/app\/uploads\/2024\/05\/201474.jpeg","contentUrl":"https:\/\/booksfrommexico.com\/app\/uploads\/2024\/05\/201474.jpeg","width":387,"height":602,"caption":"La fe de las ballenas"},{"@type":"BreadcrumbList","@id":"https:\/\/booksfrommexico.com\/es\/producto\/la-fe-de-las-ballenas\/#breadcrumb","itemListElement":[{"@type":"ListItem","position":1,"name":"Home","item":"https:\/\/booksfrommexico.com\/es\/"},{"@type":"ListItem","position":2,"name":"Libros","item":"https:\/\/booksfrommexico.com\/es\/libros\/"},{"@type":"ListItem","position":3,"name":"La fe de las ballenas"}]},{"@type":"WebSite","@id":"https:\/\/booksfrommexico.com\/#website","url":"https:\/\/booksfrommexico.com\/","name":"Books From Mexico","description":"","publisher":{"@id":"https:\/\/booksfrommexico.com\/#organization"},"potentialAction":[{"@type":"SearchAction","target":{"@type":"EntryPoint","urlTemplate":"https:\/\/booksfrommexico.com\/?s={search_term_string}"},"query-input":{"@type":"PropertyValueSpecification","valueRequired":true,"valueName":"search_term_string"}}],"inLanguage":"es"},{"@type":"Organization","@id":"https:\/\/booksfrommexico.com\/#organization","name":"Books From Mexico","url":"https:\/\/booksfrommexico.com\/","logo":{"@type":"ImageObject","inLanguage":"es","@id":"https:\/\/booksfrommexico.com\/#\/schema\/logo\/image\/","url":"https:\/\/booksfrommexico.com\/app\/uploads\/2023\/05\/logo-booksfrommexico.svg","contentUrl":"https:\/\/booksfrommexico.com\/app\/uploads\/2023\/05\/logo-booksfrommexico.svg","width":86,"height":56,"caption":"Books From Mexico"},"image":{"@id":"https:\/\/booksfrommexico.com\/#\/schema\/logo\/image\/"}}]}},"_links":{"self":[{"href":"https:\/\/booksfrommexico.com\/es\/wp-json\/wp\/v2\/product\/6647","targetHints":{"allow":["GET"]}}],"collection":[{"href":"https:\/\/booksfrommexico.com\/es\/wp-json\/wp\/v2\/product"}],"about":[{"href":"https:\/\/booksfrommexico.com\/es\/wp-json\/wp\/v2\/types\/product"}],"wp:featuredmedia":[{"embeddable":true,"href":"https:\/\/booksfrommexico.com\/es\/wp-json\/wp\/v2\/media\/6959"}],"wp:attachment":[{"href":"https:\/\/booksfrommexico.com\/es\/wp-json\/wp\/v2\/media?parent=6647"}],"wp:term":[{"taxonomy":"product_brand","embeddable":true,"href":"https:\/\/booksfrommexico.com\/es\/wp-json\/wp\/v2\/product_brand?post=6647"},{"taxonomy":"product_cat","embeddable":true,"href":"https:\/\/booksfrommexico.com\/es\/wp-json\/wp\/v2\/product_cat?post=6647"},{"taxonomy":"product_tag","embeddable":true,"href":"https:\/\/booksfrommexico.com\/es\/wp-json\/wp\/v2\/product_tag?post=6647"}],"curies":[{"name":"wp","href":"https:\/\/api.w.org\/{rel}","templated":true}]}}