{"id":6649,"date":"2024-05-29T17:42:19","date_gmt":"2024-05-29T17:42:19","guid":{"rendered":"https:\/\/booksfrommexico.com\/product\/sabado-negro\/"},"modified":"2024-06-26T22:48:47","modified_gmt":"2024-06-26T22:48:47","slug":"sabado-negro","status":"publish","type":"product","link":"https:\/\/booksfrommexico.com\/es\/producto\/sabado-negro\/","title":{"rendered":"S\u00e1bado negro"},"content":{"rendered":"<p><span style=\"font-weight: 400;\">\u201cTiras sin sentido\u201d es un proyecto que est\u00e1 dedicado al humor gr\u00e1fico y se inspira en cosas como las preocupaciones existenciales, la cotidianidad de la vida, hasta la poes\u00eda del transporte p\u00fablico. <\/span><i><span style=\"font-weight: 400;\">S\u00e1bado negro <\/span><\/i><span style=\"font-weight: 400;\">es una historieta de n\u00famero \u00fanico dise\u00f1ada casi en su totalidad a 3 tintas, lo que le confiere estilo, atm\u00f3sfera y ayuda tambi\u00e9n a la narraci\u00f3n. La historia sigue a dos j\u00f3venes quienes, realizando exploraci\u00f3n urbana en el bosque, desaparecen en circunstancias extra\u00f1as y se convierten en una leyenda en el internet, provocando que otros exploradores urbanos y youtubers se interesen en descubrir qu\u00e9 o qui\u00e9n es el responsable de su desaparici\u00f3n.<\/span><\/p>\n","protected":false},"excerpt":{"rendered":"<p>S\u00c1BADO NEGRO<span style=\"font-weight: 400;\">. \/ Edgar Camacho \u00abPeque\u00f1o Edgar\u00bb. Ciudad de M\u00e9xico, M\u00e9xico : Historietas Peque\u00f1o Edgar [Author], 2023. 40 pages : chiefly illustrations ; 22 cm.<\/span><\/p>\n","protected":false},"featured_media":6965,"template":"","meta":{"_acf_changed":false,"inline_featured_image":false},"product_brand":[],"product_cat":[4159],"product_tag":[4279,3769],"class_list":{"0":"post-6649","1":"product","2":"type-product","3":"status-publish","4":"has-post-thumbnail","6":"product_cat-comic","7":"product_tag-diseno","8":"product_tag-obras-ilustradas","10":"first","11":"instock","12":"taxable","13":"shipping-taxable","14":"purchasable","15":"product-type-simple"},"acf":[],"yoast_head":"<!-- This site is optimized with the Yoast SEO plugin v27.3 - https:\/\/yoast.com\/product\/yoast-seo-wordpress\/ -->\n<title>S\u00e1bado negro<\/title>\n<meta name=\"description\" content=\"S\u00c1BADO NEGRO. \/ Edgar Camacho &quot;Peque\u00f1o Edgar&quot;. Ciudad de M\u00e9xico, M\u00e9xico : Historietas Peque\u00f1o Edgar [Author], 2023. 40 pages : chiefly illustrations.\" \/>\n<meta name=\"robots\" content=\"index, follow, max-snippet:-1, max-image-preview:large, max-video-preview:-1\" \/>\n<link rel=\"canonical\" href=\"https:\/\/booksfrommexico.com\/es\/producto\/sabado-negro\/\" \/>\n<meta property=\"og:locale\" content=\"es_ES\" \/>\n<meta property=\"og:type\" content=\"article\" \/>\n<meta property=\"og:title\" content=\"S\u00e1bado negro\" \/>\n<meta property=\"og:description\" content=\"S\u00c1BADO NEGRO. \/ Edgar Camacho &quot;Peque\u00f1o Edgar&quot;. Ciudad de M\u00e9xico, M\u00e9xico : Historietas Peque\u00f1o Edgar [Author], 2023. 40 pages : chiefly illustrations.\" \/>\n<meta property=\"og:url\" content=\"https:\/\/booksfrommexico.com\/es\/producto\/sabado-negro\/\" \/>\n<meta property=\"og:site_name\" content=\"Books From Mexico\" \/>\n<meta property=\"article:modified_time\" content=\"2024-06-26T22:48:47+00:00\" \/>\n<meta property=\"og:image\" content=\"http:\/\/booksfrommexico.com\/app\/uploads\/2024\/05\/201512.jpeg\" \/>\n\t<meta property=\"og:image:width\" content=\"585\" \/>\n\t<meta property=\"og:image:height\" content=\"840\" \/>\n\t<meta property=\"og:image:type\" content=\"image\/jpeg\" \/>\n<meta name=\"twitter:card\" content=\"summary_large_image\" \/>\n<meta name=\"twitter:label1\" content=\"Tiempo de lectura\" \/>\n\t<meta name=\"twitter:data1\" content=\"1 minuto\" \/>\n<script type=\"application\/ld+json\" class=\"yoast-schema-graph\">{\"@context\":\"https:\\\/\\\/schema.org\",\"@graph\":[{\"@type\":\"WebPage\",\"@id\":\"https:\\\/\\\/booksfrommexico.com\\\/es\\\/producto\\\/sabado-negro\\\/\",\"url\":\"https:\\\/\\\/booksfrommexico.com\\\/es\\\/producto\\\/sabado-negro\\\/\",\"name\":\"S\u00e1bado negro\",\"isPartOf\":{\"@id\":\"https:\\\/\\\/booksfrommexico.com\\\/#website\"},\"primaryImageOfPage\":{\"@id\":\"https:\\\/\\\/booksfrommexico.com\\\/es\\\/producto\\\/sabado-negro\\\/#primaryimage\"},\"image\":{\"@id\":\"https:\\\/\\\/booksfrommexico.com\\\/es\\\/producto\\\/sabado-negro\\\/#primaryimage\"},\"thumbnailUrl\":\"https:\\\/\\\/booksfrommexico.com\\\/app\\\/uploads\\\/2024\\\/05\\\/201512.jpeg\",\"datePublished\":\"2024-05-29T17:42:19+00:00\",\"dateModified\":\"2024-06-26T22:48:47+00:00\",\"description\":\"S\u00c1BADO NEGRO. \\\/ Edgar Camacho \\\"Peque\u00f1o Edgar\\\". Ciudad de M\u00e9xico, M\u00e9xico : Historietas Peque\u00f1o Edgar [Author], 2023. 40 pages : chiefly illustrations.\",\"breadcrumb\":{\"@id\":\"https:\\\/\\\/booksfrommexico.com\\\/es\\\/producto\\\/sabado-negro\\\/#breadcrumb\"},\"inLanguage\":\"es\",\"potentialAction\":[{\"@type\":\"ReadAction\",\"target\":[\"https:\\\/\\\/booksfrommexico.com\\\/es\\\/producto\\\/sabado-negro\\\/\"]}]},{\"@type\":\"ImageObject\",\"inLanguage\":\"es\",\"@id\":\"https:\\\/\\\/booksfrommexico.com\\\/es\\\/producto\\\/sabado-negro\\\/#primaryimage\",\"url\":\"https:\\\/\\\/booksfrommexico.com\\\/app\\\/uploads\\\/2024\\\/05\\\/201512.jpeg\",\"contentUrl\":\"https:\\\/\\\/booksfrommexico.com\\\/app\\\/uploads\\\/2024\\\/05\\\/201512.jpeg\",\"width\":585,\"height\":840,\"caption\":\"Sabado negro\"},{\"@type\":\"BreadcrumbList\",\"@id\":\"https:\\\/\\\/booksfrommexico.com\\\/es\\\/producto\\\/sabado-negro\\\/#breadcrumb\",\"itemListElement\":[{\"@type\":\"ListItem\",\"position\":1,\"name\":\"Home\",\"item\":\"https:\\\/\\\/booksfrommexico.com\\\/es\\\/\"},{\"@type\":\"ListItem\",\"position\":2,\"name\":\"Libros\",\"item\":\"https:\\\/\\\/booksfrommexico.com\\\/es\\\/libros\\\/\"},{\"@type\":\"ListItem\",\"position\":3,\"name\":\"S\u00e1bado negro\"}]},{\"@type\":\"WebSite\",\"@id\":\"https:\\\/\\\/booksfrommexico.com\\\/#website\",\"url\":\"https:\\\/\\\/booksfrommexico.com\\\/\",\"name\":\"Books From Mexico\",\"description\":\"\",\"publisher\":{\"@id\":\"https:\\\/\\\/booksfrommexico.com\\\/#organization\"},\"potentialAction\":[{\"@type\":\"SearchAction\",\"target\":{\"@type\":\"EntryPoint\",\"urlTemplate\":\"https:\\\/\\\/booksfrommexico.com\\\/?s={search_term_string}\"},\"query-input\":{\"@type\":\"PropertyValueSpecification\",\"valueRequired\":true,\"valueName\":\"search_term_string\"}}],\"inLanguage\":\"es\"},{\"@type\":\"Organization\",\"@id\":\"https:\\\/\\\/booksfrommexico.com\\\/#organization\",\"name\":\"Books From Mexico\",\"url\":\"https:\\\/\\\/booksfrommexico.com\\\/\",\"logo\":{\"@type\":\"ImageObject\",\"inLanguage\":\"es\",\"@id\":\"https:\\\/\\\/booksfrommexico.com\\\/#\\\/schema\\\/logo\\\/image\\\/\",\"url\":\"https:\\\/\\\/booksfrommexico.com\\\/app\\\/uploads\\\/2023\\\/05\\\/logo-booksfrommexico.svg\",\"contentUrl\":\"https:\\\/\\\/booksfrommexico.com\\\/app\\\/uploads\\\/2023\\\/05\\\/logo-booksfrommexico.svg\",\"width\":86,\"height\":56,\"caption\":\"Books From Mexico\"},\"image\":{\"@id\":\"https:\\\/\\\/booksfrommexico.com\\\/#\\\/schema\\\/logo\\\/image\\\/\"}}]}<\/script>\n<!-- \/ Yoast SEO plugin. -->","yoast_head_json":{"title":"S\u00e1bado negro","description":"S\u00c1BADO NEGRO. \/ Edgar Camacho \"Peque\u00f1o Edgar\". Ciudad de M\u00e9xico, M\u00e9xico : Historietas Peque\u00f1o Edgar [Author], 2023. 40 pages : chiefly illustrations.","robots":{"index":"index","follow":"follow","max-snippet":"max-snippet:-1","max-image-preview":"max-image-preview:large","max-video-preview":"max-video-preview:-1"},"canonical":"https:\/\/booksfrommexico.com\/es\/producto\/sabado-negro\/","og_locale":"es_ES","og_type":"article","og_title":"S\u00e1bado negro","og_description":"S\u00c1BADO NEGRO. \/ Edgar Camacho \"Peque\u00f1o Edgar\". Ciudad de M\u00e9xico, M\u00e9xico : Historietas Peque\u00f1o Edgar [Author], 2023. 40 pages : chiefly illustrations.","og_url":"https:\/\/booksfrommexico.com\/es\/producto\/sabado-negro\/","og_site_name":"Books From Mexico","article_modified_time":"2024-06-26T22:48:47+00:00","og_image":[{"width":585,"height":840,"url":"http:\/\/booksfrommexico.com\/app\/uploads\/2024\/05\/201512.jpeg","type":"image\/jpeg"}],"twitter_card":"summary_large_image","twitter_misc":{"Tiempo de lectura":"1 minuto"},"schema":{"@context":"https:\/\/schema.org","@graph":[{"@type":"WebPage","@id":"https:\/\/booksfrommexico.com\/es\/producto\/sabado-negro\/","url":"https:\/\/booksfrommexico.com\/es\/producto\/sabado-negro\/","name":"S\u00e1bado negro","isPartOf":{"@id":"https:\/\/booksfrommexico.com\/#website"},"primaryImageOfPage":{"@id":"https:\/\/booksfrommexico.com\/es\/producto\/sabado-negro\/#primaryimage"},"image":{"@id":"https:\/\/booksfrommexico.com\/es\/producto\/sabado-negro\/#primaryimage"},"thumbnailUrl":"https:\/\/booksfrommexico.com\/app\/uploads\/2024\/05\/201512.jpeg","datePublished":"2024-05-29T17:42:19+00:00","dateModified":"2024-06-26T22:48:47+00:00","description":"S\u00c1BADO NEGRO. \/ Edgar Camacho \"Peque\u00f1o Edgar\". Ciudad de M\u00e9xico, M\u00e9xico : Historietas Peque\u00f1o Edgar [Author], 2023. 40 pages : chiefly illustrations.","breadcrumb":{"@id":"https:\/\/booksfrommexico.com\/es\/producto\/sabado-negro\/#breadcrumb"},"inLanguage":"es","potentialAction":[{"@type":"ReadAction","target":["https:\/\/booksfrommexico.com\/es\/producto\/sabado-negro\/"]}]},{"@type":"ImageObject","inLanguage":"es","@id":"https:\/\/booksfrommexico.com\/es\/producto\/sabado-negro\/#primaryimage","url":"https:\/\/booksfrommexico.com\/app\/uploads\/2024\/05\/201512.jpeg","contentUrl":"https:\/\/booksfrommexico.com\/app\/uploads\/2024\/05\/201512.jpeg","width":585,"height":840,"caption":"Sabado negro"},{"@type":"BreadcrumbList","@id":"https:\/\/booksfrommexico.com\/es\/producto\/sabado-negro\/#breadcrumb","itemListElement":[{"@type":"ListItem","position":1,"name":"Home","item":"https:\/\/booksfrommexico.com\/es\/"},{"@type":"ListItem","position":2,"name":"Libros","item":"https:\/\/booksfrommexico.com\/es\/libros\/"},{"@type":"ListItem","position":3,"name":"S\u00e1bado negro"}]},{"@type":"WebSite","@id":"https:\/\/booksfrommexico.com\/#website","url":"https:\/\/booksfrommexico.com\/","name":"Books From Mexico","description":"","publisher":{"@id":"https:\/\/booksfrommexico.com\/#organization"},"potentialAction":[{"@type":"SearchAction","target":{"@type":"EntryPoint","urlTemplate":"https:\/\/booksfrommexico.com\/?s={search_term_string}"},"query-input":{"@type":"PropertyValueSpecification","valueRequired":true,"valueName":"search_term_string"}}],"inLanguage":"es"},{"@type":"Organization","@id":"https:\/\/booksfrommexico.com\/#organization","name":"Books From Mexico","url":"https:\/\/booksfrommexico.com\/","logo":{"@type":"ImageObject","inLanguage":"es","@id":"https:\/\/booksfrommexico.com\/#\/schema\/logo\/image\/","url":"https:\/\/booksfrommexico.com\/app\/uploads\/2023\/05\/logo-booksfrommexico.svg","contentUrl":"https:\/\/booksfrommexico.com\/app\/uploads\/2023\/05\/logo-booksfrommexico.svg","width":86,"height":56,"caption":"Books From Mexico"},"image":{"@id":"https:\/\/booksfrommexico.com\/#\/schema\/logo\/image\/"}}]}},"_links":{"self":[{"href":"https:\/\/booksfrommexico.com\/es\/wp-json\/wp\/v2\/product\/6649","targetHints":{"allow":["GET"]}}],"collection":[{"href":"https:\/\/booksfrommexico.com\/es\/wp-json\/wp\/v2\/product"}],"about":[{"href":"https:\/\/booksfrommexico.com\/es\/wp-json\/wp\/v2\/types\/product"}],"wp:featuredmedia":[{"embeddable":true,"href":"https:\/\/booksfrommexico.com\/es\/wp-json\/wp\/v2\/media\/6965"}],"wp:attachment":[{"href":"https:\/\/booksfrommexico.com\/es\/wp-json\/wp\/v2\/media?parent=6649"}],"wp:term":[{"taxonomy":"product_brand","embeddable":true,"href":"https:\/\/booksfrommexico.com\/es\/wp-json\/wp\/v2\/product_brand?post=6649"},{"taxonomy":"product_cat","embeddable":true,"href":"https:\/\/booksfrommexico.com\/es\/wp-json\/wp\/v2\/product_cat?post=6649"},{"taxonomy":"product_tag","embeddable":true,"href":"https:\/\/booksfrommexico.com\/es\/wp-json\/wp\/v2\/product_tag?post=6649"}],"curies":[{"name":"wp","href":"https:\/\/api.w.org\/{rel}","templated":true}]}}