{"id":6650,"date":"2024-05-29T17:42:19","date_gmt":"2024-05-29T17:42:19","guid":{"rendered":"https:\/\/booksfrommexico.com\/product\/dzit-bacalito-y-las-variedades-de-maiz-frente-a-transgenico\/"},"modified":"2024-06-19T23:40:29","modified_gmt":"2024-06-19T23:40:29","slug":"dzit-bacalito-y-las-variedades-de-maiz-frente-a-transgenico","status":"publish","type":"product","link":"https:\/\/booksfrommexico.com\/es\/producto\/dzit-bacalito-y-las-variedades-de-maiz-frente-a-transgenico\/","title":{"rendered":"Dzit bacalito y las variedades de ma\u00edz frente a transg\u00e9nico"},"content":{"rendered":"<p><span style=\"font-weight: 400;\">Esta historieta est\u00e1 enfocada en Dzit Bacalito, un ma\u00edz de la raza Dzit Bacal, un tipo de ma\u00edz amarillo blanco de mazorcas delgadas, con pocas hileras, de granos m\u00e1s o menos peque\u00f1os y dentados. Este tipo de ma\u00edz ha sido cultivado por generaciones en los campos mexicanos, sin embargo se ha visto desplazado por otro tipo de ma\u00edz denominado Transg\u00e9nico, el cual aunque es m\u00e1s barato de producir y tiene granos m\u00e1s grandes, puede ser da\u00f1ino para la salud y tener efectos contraproducentes por su producci\u00f3n a largo plazo. Aqu\u00ed se narra la historia de c\u00f3mo Dzit Bacalito y sus amigos buscan hacer entrar en raz\u00f3n a los campesinos para que sigan cosechando el ma\u00edz nativo y no ceder ante Transg\u00e9nico.<\/span><\/p>\n<p><br style=\"font-weight: 400;\" \/><br style=\"font-weight: 400;\" \/><\/p>\n","protected":false},"excerpt":{"rendered":"<p>DZIT BACALITO Y LAS VARIEDADES DE MA\u00cdZ FRENTE A TRANSG\u00c9NICO<span style=\"font-weight: 400;\">. \/ Adriana Tapia-Hern\u00e1ndez, Elda Miriam Aldasoro-Maya ; Williams Ballesteros (illustrator). San Crist\u00f3bal de Las Casas, Chiapas, M\u00e9xico : El Colegio de la Frontera Sur, 2023. 16 pages : chiefly color illustrations; 22 cm. ISBN : 9786078767847.<\/span><\/p>\n","protected":false},"featured_media":6968,"template":"","meta":{"_acf_changed":false,"inline_featured_image":false},"product_brand":[],"product_cat":[3205,4159],"product_tag":[3769],"class_list":{"0":"post-6650","1":"product","2":"type-product","3":"status-publish","4":"has-post-thumbnail","6":"product_cat-alimentos-bebidas","7":"product_cat-comic","8":"product_tag-obras-ilustradas","10":"first","11":"instock","12":"taxable","13":"shipping-taxable","14":"purchasable","15":"product-type-simple"},"acf":[],"yoast_head":"<!-- This site is optimized with the Yoast SEO plugin v27.3 - https:\/\/yoast.com\/product\/yoast-seo-wordpress\/ -->\n<title>Dzit bacalito y las variedades de ma\u00edz frente a transg\u00e9nico<\/title>\n<meta name=\"description\" content=\"DZIT BACALITO Y LAS VARIEDADES DE MA\u00cdZ FRENTE A TRANSG\u00c9NICO. \/ Adriana Tapia-Hern\u00e1ndez, Elda Miriam Aldasoro-Maya ; Williams Ballesteros (illustrator).\" \/>\n<meta name=\"robots\" content=\"index, follow, max-snippet:-1, max-image-preview:large, max-video-preview:-1\" \/>\n<link rel=\"canonical\" href=\"https:\/\/booksfrommexico.com\/es\/producto\/dzit-bacalito-y-las-variedades-de-maiz-frente-a-transgenico\/\" \/>\n<meta property=\"og:locale\" content=\"es_ES\" \/>\n<meta property=\"og:type\" content=\"article\" \/>\n<meta property=\"og:title\" content=\"Dzit bacalito y las variedades de ma\u00edz frente a transg\u00e9nico\" \/>\n<meta property=\"og:description\" content=\"DZIT BACALITO Y LAS VARIEDADES DE MA\u00cdZ FRENTE A TRANSG\u00c9NICO. \/ Adriana Tapia-Hern\u00e1ndez, Elda Miriam Aldasoro-Maya ; Williams Ballesteros (illustrator).\" \/>\n<meta property=\"og:url\" content=\"https:\/\/booksfrommexico.com\/es\/producto\/dzit-bacalito-y-las-variedades-de-maiz-frente-a-transgenico\/\" \/>\n<meta property=\"og:site_name\" content=\"Books From Mexico\" \/>\n<meta property=\"article:modified_time\" content=\"2024-06-19T23:40:29+00:00\" \/>\n<meta property=\"og:image\" content=\"http:\/\/booksfrommexico.com\/app\/uploads\/2024\/05\/201531.jpg\" \/>\n\t<meta property=\"og:image:width\" content=\"632\" \/>\n\t<meta property=\"og:image:height\" content=\"857\" \/>\n\t<meta property=\"og:image:type\" content=\"image\/jpeg\" \/>\n<meta name=\"twitter:card\" content=\"summary_large_image\" \/>\n<meta name=\"twitter:label1\" content=\"Tiempo de lectura\" \/>\n\t<meta name=\"twitter:data1\" content=\"1 minuto\" \/>\n<script type=\"application\/ld+json\" class=\"yoast-schema-graph\">{\"@context\":\"https:\\\/\\\/schema.org\",\"@graph\":[{\"@type\":\"WebPage\",\"@id\":\"https:\\\/\\\/booksfrommexico.com\\\/es\\\/producto\\\/dzit-bacalito-y-las-variedades-de-maiz-frente-a-transgenico\\\/\",\"url\":\"https:\\\/\\\/booksfrommexico.com\\\/es\\\/producto\\\/dzit-bacalito-y-las-variedades-de-maiz-frente-a-transgenico\\\/\",\"name\":\"Dzit bacalito y las variedades de ma\u00edz frente a transg\u00e9nico\",\"isPartOf\":{\"@id\":\"https:\\\/\\\/booksfrommexico.com\\\/#website\"},\"primaryImageOfPage\":{\"@id\":\"https:\\\/\\\/booksfrommexico.com\\\/es\\\/producto\\\/dzit-bacalito-y-las-variedades-de-maiz-frente-a-transgenico\\\/#primaryimage\"},\"image\":{\"@id\":\"https:\\\/\\\/booksfrommexico.com\\\/es\\\/producto\\\/dzit-bacalito-y-las-variedades-de-maiz-frente-a-transgenico\\\/#primaryimage\"},\"thumbnailUrl\":\"https:\\\/\\\/booksfrommexico.com\\\/app\\\/uploads\\\/2024\\\/05\\\/201531.jpg\",\"datePublished\":\"2024-05-29T17:42:19+00:00\",\"dateModified\":\"2024-06-19T23:40:29+00:00\",\"description\":\"DZIT BACALITO Y LAS VARIEDADES DE MA\u00cdZ FRENTE A TRANSG\u00c9NICO. \\\/ Adriana Tapia-Hern\u00e1ndez, Elda Miriam Aldasoro-Maya ; Williams Ballesteros (illustrator).\",\"breadcrumb\":{\"@id\":\"https:\\\/\\\/booksfrommexico.com\\\/es\\\/producto\\\/dzit-bacalito-y-las-variedades-de-maiz-frente-a-transgenico\\\/#breadcrumb\"},\"inLanguage\":\"es\",\"potentialAction\":[{\"@type\":\"ReadAction\",\"target\":[\"https:\\\/\\\/booksfrommexico.com\\\/es\\\/producto\\\/dzit-bacalito-y-las-variedades-de-maiz-frente-a-transgenico\\\/\"]}]},{\"@type\":\"ImageObject\",\"inLanguage\":\"es\",\"@id\":\"https:\\\/\\\/booksfrommexico.com\\\/es\\\/producto\\\/dzit-bacalito-y-las-variedades-de-maiz-frente-a-transgenico\\\/#primaryimage\",\"url\":\"https:\\\/\\\/booksfrommexico.com\\\/app\\\/uploads\\\/2024\\\/05\\\/201531.jpg\",\"contentUrl\":\"https:\\\/\\\/booksfrommexico.com\\\/app\\\/uploads\\\/2024\\\/05\\\/201531.jpg\",\"width\":632,\"height\":857,\"caption\":\"Dzit bacalito y las variedades de ma\u00edz frente a transg\u00e9nico\"},{\"@type\":\"BreadcrumbList\",\"@id\":\"https:\\\/\\\/booksfrommexico.com\\\/es\\\/producto\\\/dzit-bacalito-y-las-variedades-de-maiz-frente-a-transgenico\\\/#breadcrumb\",\"itemListElement\":[{\"@type\":\"ListItem\",\"position\":1,\"name\":\"Home\",\"item\":\"https:\\\/\\\/booksfrommexico.com\\\/es\\\/\"},{\"@type\":\"ListItem\",\"position\":2,\"name\":\"Libros\",\"item\":\"https:\\\/\\\/booksfrommexico.com\\\/es\\\/libros\\\/\"},{\"@type\":\"ListItem\",\"position\":3,\"name\":\"Dzit bacalito y las variedades de ma\u00edz frente a transg\u00e9nico\"}]},{\"@type\":\"WebSite\",\"@id\":\"https:\\\/\\\/booksfrommexico.com\\\/#website\",\"url\":\"https:\\\/\\\/booksfrommexico.com\\\/\",\"name\":\"Books From Mexico\",\"description\":\"\",\"publisher\":{\"@id\":\"https:\\\/\\\/booksfrommexico.com\\\/#organization\"},\"potentialAction\":[{\"@type\":\"SearchAction\",\"target\":{\"@type\":\"EntryPoint\",\"urlTemplate\":\"https:\\\/\\\/booksfrommexico.com\\\/?s={search_term_string}\"},\"query-input\":{\"@type\":\"PropertyValueSpecification\",\"valueRequired\":true,\"valueName\":\"search_term_string\"}}],\"inLanguage\":\"es\"},{\"@type\":\"Organization\",\"@id\":\"https:\\\/\\\/booksfrommexico.com\\\/#organization\",\"name\":\"Books From Mexico\",\"url\":\"https:\\\/\\\/booksfrommexico.com\\\/\",\"logo\":{\"@type\":\"ImageObject\",\"inLanguage\":\"es\",\"@id\":\"https:\\\/\\\/booksfrommexico.com\\\/#\\\/schema\\\/logo\\\/image\\\/\",\"url\":\"https:\\\/\\\/booksfrommexico.com\\\/app\\\/uploads\\\/2023\\\/05\\\/logo-booksfrommexico.svg\",\"contentUrl\":\"https:\\\/\\\/booksfrommexico.com\\\/app\\\/uploads\\\/2023\\\/05\\\/logo-booksfrommexico.svg\",\"width\":86,\"height\":56,\"caption\":\"Books From Mexico\"},\"image\":{\"@id\":\"https:\\\/\\\/booksfrommexico.com\\\/#\\\/schema\\\/logo\\\/image\\\/\"}}]}<\/script>\n<!-- \/ Yoast SEO plugin. -->","yoast_head_json":{"title":"Dzit bacalito y las variedades de ma\u00edz frente a transg\u00e9nico","description":"DZIT BACALITO Y LAS VARIEDADES DE MA\u00cdZ FRENTE A TRANSG\u00c9NICO. \/ Adriana Tapia-Hern\u00e1ndez, Elda Miriam Aldasoro-Maya ; Williams Ballesteros (illustrator).","robots":{"index":"index","follow":"follow","max-snippet":"max-snippet:-1","max-image-preview":"max-image-preview:large","max-video-preview":"max-video-preview:-1"},"canonical":"https:\/\/booksfrommexico.com\/es\/producto\/dzit-bacalito-y-las-variedades-de-maiz-frente-a-transgenico\/","og_locale":"es_ES","og_type":"article","og_title":"Dzit bacalito y las variedades de ma\u00edz frente a transg\u00e9nico","og_description":"DZIT BACALITO Y LAS VARIEDADES DE MA\u00cdZ FRENTE A TRANSG\u00c9NICO. \/ Adriana Tapia-Hern\u00e1ndez, Elda Miriam Aldasoro-Maya ; Williams Ballesteros (illustrator).","og_url":"https:\/\/booksfrommexico.com\/es\/producto\/dzit-bacalito-y-las-variedades-de-maiz-frente-a-transgenico\/","og_site_name":"Books From Mexico","article_modified_time":"2024-06-19T23:40:29+00:00","og_image":[{"width":632,"height":857,"url":"http:\/\/booksfrommexico.com\/app\/uploads\/2024\/05\/201531.jpg","type":"image\/jpeg"}],"twitter_card":"summary_large_image","twitter_misc":{"Tiempo de lectura":"1 minuto"},"schema":{"@context":"https:\/\/schema.org","@graph":[{"@type":"WebPage","@id":"https:\/\/booksfrommexico.com\/es\/producto\/dzit-bacalito-y-las-variedades-de-maiz-frente-a-transgenico\/","url":"https:\/\/booksfrommexico.com\/es\/producto\/dzit-bacalito-y-las-variedades-de-maiz-frente-a-transgenico\/","name":"Dzit bacalito y las variedades de ma\u00edz frente a transg\u00e9nico","isPartOf":{"@id":"https:\/\/booksfrommexico.com\/#website"},"primaryImageOfPage":{"@id":"https:\/\/booksfrommexico.com\/es\/producto\/dzit-bacalito-y-las-variedades-de-maiz-frente-a-transgenico\/#primaryimage"},"image":{"@id":"https:\/\/booksfrommexico.com\/es\/producto\/dzit-bacalito-y-las-variedades-de-maiz-frente-a-transgenico\/#primaryimage"},"thumbnailUrl":"https:\/\/booksfrommexico.com\/app\/uploads\/2024\/05\/201531.jpg","datePublished":"2024-05-29T17:42:19+00:00","dateModified":"2024-06-19T23:40:29+00:00","description":"DZIT BACALITO Y LAS VARIEDADES DE MA\u00cdZ FRENTE A TRANSG\u00c9NICO. \/ Adriana Tapia-Hern\u00e1ndez, Elda Miriam Aldasoro-Maya ; Williams Ballesteros (illustrator).","breadcrumb":{"@id":"https:\/\/booksfrommexico.com\/es\/producto\/dzit-bacalito-y-las-variedades-de-maiz-frente-a-transgenico\/#breadcrumb"},"inLanguage":"es","potentialAction":[{"@type":"ReadAction","target":["https:\/\/booksfrommexico.com\/es\/producto\/dzit-bacalito-y-las-variedades-de-maiz-frente-a-transgenico\/"]}]},{"@type":"ImageObject","inLanguage":"es","@id":"https:\/\/booksfrommexico.com\/es\/producto\/dzit-bacalito-y-las-variedades-de-maiz-frente-a-transgenico\/#primaryimage","url":"https:\/\/booksfrommexico.com\/app\/uploads\/2024\/05\/201531.jpg","contentUrl":"https:\/\/booksfrommexico.com\/app\/uploads\/2024\/05\/201531.jpg","width":632,"height":857,"caption":"Dzit bacalito y las variedades de ma\u00edz frente a transg\u00e9nico"},{"@type":"BreadcrumbList","@id":"https:\/\/booksfrommexico.com\/es\/producto\/dzit-bacalito-y-las-variedades-de-maiz-frente-a-transgenico\/#breadcrumb","itemListElement":[{"@type":"ListItem","position":1,"name":"Home","item":"https:\/\/booksfrommexico.com\/es\/"},{"@type":"ListItem","position":2,"name":"Libros","item":"https:\/\/booksfrommexico.com\/es\/libros\/"},{"@type":"ListItem","position":3,"name":"Dzit bacalito y las variedades de ma\u00edz frente a transg\u00e9nico"}]},{"@type":"WebSite","@id":"https:\/\/booksfrommexico.com\/#website","url":"https:\/\/booksfrommexico.com\/","name":"Books From Mexico","description":"","publisher":{"@id":"https:\/\/booksfrommexico.com\/#organization"},"potentialAction":[{"@type":"SearchAction","target":{"@type":"EntryPoint","urlTemplate":"https:\/\/booksfrommexico.com\/?s={search_term_string}"},"query-input":{"@type":"PropertyValueSpecification","valueRequired":true,"valueName":"search_term_string"}}],"inLanguage":"es"},{"@type":"Organization","@id":"https:\/\/booksfrommexico.com\/#organization","name":"Books From Mexico","url":"https:\/\/booksfrommexico.com\/","logo":{"@type":"ImageObject","inLanguage":"es","@id":"https:\/\/booksfrommexico.com\/#\/schema\/logo\/image\/","url":"https:\/\/booksfrommexico.com\/app\/uploads\/2023\/05\/logo-booksfrommexico.svg","contentUrl":"https:\/\/booksfrommexico.com\/app\/uploads\/2023\/05\/logo-booksfrommexico.svg","width":86,"height":56,"caption":"Books From Mexico"},"image":{"@id":"https:\/\/booksfrommexico.com\/#\/schema\/logo\/image\/"}}]}},"_links":{"self":[{"href":"https:\/\/booksfrommexico.com\/es\/wp-json\/wp\/v2\/product\/6650","targetHints":{"allow":["GET"]}}],"collection":[{"href":"https:\/\/booksfrommexico.com\/es\/wp-json\/wp\/v2\/product"}],"about":[{"href":"https:\/\/booksfrommexico.com\/es\/wp-json\/wp\/v2\/types\/product"}],"wp:featuredmedia":[{"embeddable":true,"href":"https:\/\/booksfrommexico.com\/es\/wp-json\/wp\/v2\/media\/6968"}],"wp:attachment":[{"href":"https:\/\/booksfrommexico.com\/es\/wp-json\/wp\/v2\/media?parent=6650"}],"wp:term":[{"taxonomy":"product_brand","embeddable":true,"href":"https:\/\/booksfrommexico.com\/es\/wp-json\/wp\/v2\/product_brand?post=6650"},{"taxonomy":"product_cat","embeddable":true,"href":"https:\/\/booksfrommexico.com\/es\/wp-json\/wp\/v2\/product_cat?post=6650"},{"taxonomy":"product_tag","embeddable":true,"href":"https:\/\/booksfrommexico.com\/es\/wp-json\/wp\/v2\/product_tag?post=6650"}],"curies":[{"name":"wp","href":"https:\/\/api.w.org\/{rel}","templated":true}]}}