{"id":6651,"date":"2024-05-29T17:42:19","date_gmt":"2024-05-29T17:42:19","guid":{"rendered":"https:\/\/booksfrommexico.com\/product\/maussan-y-el-legendario-tlatoani-otaku\/"},"modified":"2024-06-11T21:11:22","modified_gmt":"2024-06-11T21:11:22","slug":"maussan-y-el-legendario-tlatoani-otaku","status":"publish","type":"product","link":"https:\/\/booksfrommexico.com\/es\/producto\/maussan-y-el-legendario-tlatoani-otaku\/","title":{"rendered":"Maussan y el legendario tlatoani otaku"},"content":{"rendered":"<p><span style=\"font-weight: 400;\">Gabriel Soriano (Arcilupe) es un poeta y artista visual de Aguascalientes, ganador del Tercer Premio de Poes\u00eda Joven Alejandro Aura con el poemario <\/span><i><span style=\"font-weight: 400;\">Biophilia barroca; <\/span><\/i><span style=\"font-weight: 400;\">con su seud\u00f3nimo se mantiene activo en sus redes sociales para compartir su material visual y po\u00e9tico. Este t\u00edtulo se trata de un breve poemario que incluye ilustraciones del mismo autor para acompa\u00f1ar sus versos, por ende es un trabajo dual \u00edntimamente relacionado que va de la imagen al texto y del texto a la imagen. Definir la tem\u00e1tica por la que se decanta el autor ser\u00eda limitarlo, pues aqu\u00ed se puede encontrar atrevimiento, irreverencia y cr\u00edtica.<\/span><\/p>\n","protected":false},"excerpt":{"rendered":"<p>MAUSSAN Y EL LEGENDARIO TLATOANI OTAKU<span style=\"font-weight: 400;\">. \/ Arcilupe. Quer\u00e9taro, M\u00e9xico : Herring Publishers, 2024. 31 pages : includes illustrations ; 21 cm.<\/span><\/p>\n","protected":false},"featured_media":6971,"template":"","meta":{"_acf_changed":false,"inline_featured_image":false},"product_brand":[],"product_cat":[25,32],"product_tag":[4115,4180],"class_list":{"0":"post-6651","1":"product","2":"type-product","3":"status-publish","4":"has-post-thumbnail","6":"product_cat-literatura","7":"product_cat-poesia-literatura","8":"product_tag-poesia-es","9":"product_tag-poesia-contemporanea","11":"first","12":"instock","13":"taxable","14":"shipping-taxable","15":"purchasable","16":"product-type-simple"},"acf":[],"yoast_head":"<!-- This site is optimized with the Yoast SEO plugin v27.3 - https:\/\/yoast.com\/product\/yoast-seo-wordpress\/ -->\n<title>Maussan y el legendario tlatoani otaku<\/title>\n<meta name=\"description\" content=\"MAUSSAN Y EL LEGENDARIO TLATOANI OTAKU. \/ Arcilupe. Quer\u00e9taro, M\u00e9xico : Herring Publishers, 2024. 31 pages : includes illustrations ; 21 cm.\" \/>\n<meta name=\"robots\" content=\"index, follow, max-snippet:-1, max-image-preview:large, max-video-preview:-1\" \/>\n<link rel=\"canonical\" href=\"https:\/\/booksfrommexico.com\/es\/producto\/maussan-y-el-legendario-tlatoani-otaku\/\" \/>\n<meta property=\"og:locale\" content=\"es_ES\" \/>\n<meta property=\"og:type\" content=\"article\" \/>\n<meta property=\"og:title\" content=\"Maussan y el legendario tlatoani otaku\" \/>\n<meta property=\"og:description\" content=\"MAUSSAN Y EL LEGENDARIO TLATOANI OTAKU. \/ Arcilupe. Quer\u00e9taro, M\u00e9xico : Herring Publishers, 2024. 31 pages : includes illustrations ; 21 cm.\" \/>\n<meta property=\"og:url\" content=\"https:\/\/booksfrommexico.com\/es\/producto\/maussan-y-el-legendario-tlatoani-otaku\/\" \/>\n<meta property=\"og:site_name\" content=\"Books From Mexico\" \/>\n<meta property=\"article:modified_time\" content=\"2024-06-11T21:11:22+00:00\" \/>\n<meta property=\"og:image\" content=\"http:\/\/booksfrommexico.com\/app\/uploads\/2024\/05\/201723.jpg\" \/>\n\t<meta property=\"og:image:width\" content=\"513\" \/>\n\t<meta property=\"og:image:height\" content=\"826\" \/>\n\t<meta property=\"og:image:type\" content=\"image\/jpeg\" \/>\n<meta name=\"twitter:card\" content=\"summary_large_image\" \/>\n<meta name=\"twitter:label1\" content=\"Tiempo de lectura\" \/>\n\t<meta name=\"twitter:data1\" content=\"1 minuto\" \/>\n<script type=\"application\/ld+json\" class=\"yoast-schema-graph\">{\"@context\":\"https:\\\/\\\/schema.org\",\"@graph\":[{\"@type\":\"WebPage\",\"@id\":\"https:\\\/\\\/booksfrommexico.com\\\/es\\\/producto\\\/maussan-y-el-legendario-tlatoani-otaku\\\/\",\"url\":\"https:\\\/\\\/booksfrommexico.com\\\/es\\\/producto\\\/maussan-y-el-legendario-tlatoani-otaku\\\/\",\"name\":\"Maussan y el legendario tlatoani otaku\",\"isPartOf\":{\"@id\":\"https:\\\/\\\/booksfrommexico.com\\\/#website\"},\"primaryImageOfPage\":{\"@id\":\"https:\\\/\\\/booksfrommexico.com\\\/es\\\/producto\\\/maussan-y-el-legendario-tlatoani-otaku\\\/#primaryimage\"},\"image\":{\"@id\":\"https:\\\/\\\/booksfrommexico.com\\\/es\\\/producto\\\/maussan-y-el-legendario-tlatoani-otaku\\\/#primaryimage\"},\"thumbnailUrl\":\"https:\\\/\\\/booksfrommexico.com\\\/app\\\/uploads\\\/2024\\\/05\\\/201723.jpg\",\"datePublished\":\"2024-05-29T17:42:19+00:00\",\"dateModified\":\"2024-06-11T21:11:22+00:00\",\"description\":\"MAUSSAN Y EL LEGENDARIO TLATOANI OTAKU. \\\/ Arcilupe. Quer\u00e9taro, M\u00e9xico : Herring Publishers, 2024. 31 pages : includes illustrations ; 21 cm.\",\"breadcrumb\":{\"@id\":\"https:\\\/\\\/booksfrommexico.com\\\/es\\\/producto\\\/maussan-y-el-legendario-tlatoani-otaku\\\/#breadcrumb\"},\"inLanguage\":\"es\",\"potentialAction\":[{\"@type\":\"ReadAction\",\"target\":[\"https:\\\/\\\/booksfrommexico.com\\\/es\\\/producto\\\/maussan-y-el-legendario-tlatoani-otaku\\\/\"]}]},{\"@type\":\"ImageObject\",\"inLanguage\":\"es\",\"@id\":\"https:\\\/\\\/booksfrommexico.com\\\/es\\\/producto\\\/maussan-y-el-legendario-tlatoani-otaku\\\/#primaryimage\",\"url\":\"https:\\\/\\\/booksfrommexico.com\\\/app\\\/uploads\\\/2024\\\/05\\\/201723.jpg\",\"contentUrl\":\"https:\\\/\\\/booksfrommexico.com\\\/app\\\/uploads\\\/2024\\\/05\\\/201723.jpg\",\"width\":513,\"height\":826,\"caption\":\"Maussan y el legendario tlatoani otaku\"},{\"@type\":\"BreadcrumbList\",\"@id\":\"https:\\\/\\\/booksfrommexico.com\\\/es\\\/producto\\\/maussan-y-el-legendario-tlatoani-otaku\\\/#breadcrumb\",\"itemListElement\":[{\"@type\":\"ListItem\",\"position\":1,\"name\":\"Home\",\"item\":\"https:\\\/\\\/booksfrommexico.com\\\/es\\\/\"},{\"@type\":\"ListItem\",\"position\":2,\"name\":\"Libros\",\"item\":\"https:\\\/\\\/booksfrommexico.com\\\/es\\\/libros\\\/\"},{\"@type\":\"ListItem\",\"position\":3,\"name\":\"Maussan y el legendario tlatoani otaku\"}]},{\"@type\":\"WebSite\",\"@id\":\"https:\\\/\\\/booksfrommexico.com\\\/#website\",\"url\":\"https:\\\/\\\/booksfrommexico.com\\\/\",\"name\":\"Books From Mexico\",\"description\":\"\",\"publisher\":{\"@id\":\"https:\\\/\\\/booksfrommexico.com\\\/#organization\"},\"potentialAction\":[{\"@type\":\"SearchAction\",\"target\":{\"@type\":\"EntryPoint\",\"urlTemplate\":\"https:\\\/\\\/booksfrommexico.com\\\/?s={search_term_string}\"},\"query-input\":{\"@type\":\"PropertyValueSpecification\",\"valueRequired\":true,\"valueName\":\"search_term_string\"}}],\"inLanguage\":\"es\"},{\"@type\":\"Organization\",\"@id\":\"https:\\\/\\\/booksfrommexico.com\\\/#organization\",\"name\":\"Books From Mexico\",\"url\":\"https:\\\/\\\/booksfrommexico.com\\\/\",\"logo\":{\"@type\":\"ImageObject\",\"inLanguage\":\"es\",\"@id\":\"https:\\\/\\\/booksfrommexico.com\\\/#\\\/schema\\\/logo\\\/image\\\/\",\"url\":\"https:\\\/\\\/booksfrommexico.com\\\/app\\\/uploads\\\/2023\\\/05\\\/logo-booksfrommexico.svg\",\"contentUrl\":\"https:\\\/\\\/booksfrommexico.com\\\/app\\\/uploads\\\/2023\\\/05\\\/logo-booksfrommexico.svg\",\"width\":86,\"height\":56,\"caption\":\"Books From Mexico\"},\"image\":{\"@id\":\"https:\\\/\\\/booksfrommexico.com\\\/#\\\/schema\\\/logo\\\/image\\\/\"}}]}<\/script>\n<!-- \/ Yoast SEO plugin. -->","yoast_head_json":{"title":"Maussan y el legendario tlatoani otaku","description":"MAUSSAN Y EL LEGENDARIO TLATOANI OTAKU. \/ Arcilupe. Quer\u00e9taro, M\u00e9xico : Herring Publishers, 2024. 31 pages : includes illustrations ; 21 cm.","robots":{"index":"index","follow":"follow","max-snippet":"max-snippet:-1","max-image-preview":"max-image-preview:large","max-video-preview":"max-video-preview:-1"},"canonical":"https:\/\/booksfrommexico.com\/es\/producto\/maussan-y-el-legendario-tlatoani-otaku\/","og_locale":"es_ES","og_type":"article","og_title":"Maussan y el legendario tlatoani otaku","og_description":"MAUSSAN Y EL LEGENDARIO TLATOANI OTAKU. \/ Arcilupe. Quer\u00e9taro, M\u00e9xico : Herring Publishers, 2024. 31 pages : includes illustrations ; 21 cm.","og_url":"https:\/\/booksfrommexico.com\/es\/producto\/maussan-y-el-legendario-tlatoani-otaku\/","og_site_name":"Books From Mexico","article_modified_time":"2024-06-11T21:11:22+00:00","og_image":[{"width":513,"height":826,"url":"http:\/\/booksfrommexico.com\/app\/uploads\/2024\/05\/201723.jpg","type":"image\/jpeg"}],"twitter_card":"summary_large_image","twitter_misc":{"Tiempo de lectura":"1 minuto"},"schema":{"@context":"https:\/\/schema.org","@graph":[{"@type":"WebPage","@id":"https:\/\/booksfrommexico.com\/es\/producto\/maussan-y-el-legendario-tlatoani-otaku\/","url":"https:\/\/booksfrommexico.com\/es\/producto\/maussan-y-el-legendario-tlatoani-otaku\/","name":"Maussan y el legendario tlatoani otaku","isPartOf":{"@id":"https:\/\/booksfrommexico.com\/#website"},"primaryImageOfPage":{"@id":"https:\/\/booksfrommexico.com\/es\/producto\/maussan-y-el-legendario-tlatoani-otaku\/#primaryimage"},"image":{"@id":"https:\/\/booksfrommexico.com\/es\/producto\/maussan-y-el-legendario-tlatoani-otaku\/#primaryimage"},"thumbnailUrl":"https:\/\/booksfrommexico.com\/app\/uploads\/2024\/05\/201723.jpg","datePublished":"2024-05-29T17:42:19+00:00","dateModified":"2024-06-11T21:11:22+00:00","description":"MAUSSAN Y EL LEGENDARIO TLATOANI OTAKU. \/ Arcilupe. Quer\u00e9taro, M\u00e9xico : Herring Publishers, 2024. 31 pages : includes illustrations ; 21 cm.","breadcrumb":{"@id":"https:\/\/booksfrommexico.com\/es\/producto\/maussan-y-el-legendario-tlatoani-otaku\/#breadcrumb"},"inLanguage":"es","potentialAction":[{"@type":"ReadAction","target":["https:\/\/booksfrommexico.com\/es\/producto\/maussan-y-el-legendario-tlatoani-otaku\/"]}]},{"@type":"ImageObject","inLanguage":"es","@id":"https:\/\/booksfrommexico.com\/es\/producto\/maussan-y-el-legendario-tlatoani-otaku\/#primaryimage","url":"https:\/\/booksfrommexico.com\/app\/uploads\/2024\/05\/201723.jpg","contentUrl":"https:\/\/booksfrommexico.com\/app\/uploads\/2024\/05\/201723.jpg","width":513,"height":826,"caption":"Maussan y el legendario tlatoani otaku"},{"@type":"BreadcrumbList","@id":"https:\/\/booksfrommexico.com\/es\/producto\/maussan-y-el-legendario-tlatoani-otaku\/#breadcrumb","itemListElement":[{"@type":"ListItem","position":1,"name":"Home","item":"https:\/\/booksfrommexico.com\/es\/"},{"@type":"ListItem","position":2,"name":"Libros","item":"https:\/\/booksfrommexico.com\/es\/libros\/"},{"@type":"ListItem","position":3,"name":"Maussan y el legendario tlatoani otaku"}]},{"@type":"WebSite","@id":"https:\/\/booksfrommexico.com\/#website","url":"https:\/\/booksfrommexico.com\/","name":"Books From Mexico","description":"","publisher":{"@id":"https:\/\/booksfrommexico.com\/#organization"},"potentialAction":[{"@type":"SearchAction","target":{"@type":"EntryPoint","urlTemplate":"https:\/\/booksfrommexico.com\/?s={search_term_string}"},"query-input":{"@type":"PropertyValueSpecification","valueRequired":true,"valueName":"search_term_string"}}],"inLanguage":"es"},{"@type":"Organization","@id":"https:\/\/booksfrommexico.com\/#organization","name":"Books From Mexico","url":"https:\/\/booksfrommexico.com\/","logo":{"@type":"ImageObject","inLanguage":"es","@id":"https:\/\/booksfrommexico.com\/#\/schema\/logo\/image\/","url":"https:\/\/booksfrommexico.com\/app\/uploads\/2023\/05\/logo-booksfrommexico.svg","contentUrl":"https:\/\/booksfrommexico.com\/app\/uploads\/2023\/05\/logo-booksfrommexico.svg","width":86,"height":56,"caption":"Books From Mexico"},"image":{"@id":"https:\/\/booksfrommexico.com\/#\/schema\/logo\/image\/"}}]}},"_links":{"self":[{"href":"https:\/\/booksfrommexico.com\/es\/wp-json\/wp\/v2\/product\/6651","targetHints":{"allow":["GET"]}}],"collection":[{"href":"https:\/\/booksfrommexico.com\/es\/wp-json\/wp\/v2\/product"}],"about":[{"href":"https:\/\/booksfrommexico.com\/es\/wp-json\/wp\/v2\/types\/product"}],"wp:featuredmedia":[{"embeddable":true,"href":"https:\/\/booksfrommexico.com\/es\/wp-json\/wp\/v2\/media\/6971"}],"wp:attachment":[{"href":"https:\/\/booksfrommexico.com\/es\/wp-json\/wp\/v2\/media?parent=6651"}],"wp:term":[{"taxonomy":"product_brand","embeddable":true,"href":"https:\/\/booksfrommexico.com\/es\/wp-json\/wp\/v2\/product_brand?post=6651"},{"taxonomy":"product_cat","embeddable":true,"href":"https:\/\/booksfrommexico.com\/es\/wp-json\/wp\/v2\/product_cat?post=6651"},{"taxonomy":"product_tag","embeddable":true,"href":"https:\/\/booksfrommexico.com\/es\/wp-json\/wp\/v2\/product_tag?post=6651"}],"curies":[{"name":"wp","href":"https:\/\/api.w.org\/{rel}","templated":true}]}}