{"id":6652,"date":"2024-05-29T17:42:20","date_gmt":"2024-05-29T17:42:20","guid":{"rendered":"https:\/\/booksfrommexico.com\/product\/deadhead\/"},"modified":"2024-06-11T21:45:06","modified_gmt":"2024-06-11T21:45:06","slug":"deadhead","status":"publish","type":"product","link":"https:\/\/booksfrommexico.com\/es\/producto\/deadhead\/","title":{"rendered":"Deadhead"},"content":{"rendered":"<p><span id=\"docs-internal-guid-4529b48c-7fff-78d3-8f13-f1854b7d4c77\" style=\"caret-color: #000000; color: #000000;\"><span style=\"font-size: 11pt; font-family: Calibri, sans-serif; font-variant-ligatures: normal; font-variant-alternates: normal; font-variant-numeric: normal; font-variant-east-asian: normal; font-variant-position: normal; vertical-align: baseline; white-space: pre-wrap;\">Este t\u00edtulo se trata de una serie de poemas que desaf\u00edan los temas cotidianos al enfocarse en las vidas pasadas, la trascendencia, los recuerdos, la naturaleza y su relaci\u00f3n con el ser humano. Acompa\u00f1ando a los versos hay algunas ilustraciones realizadas por Jonatan Tona, ayudando a que los poemas adquieran una identidad propia. Aqu\u00ed el lector podr\u00e1 llegar a sentirse identificado, pues aunque estos temas pudieran parecer poco comunes, en realidad son t\u00f3picos que en alg\u00fan punto tocan a todos, al ser natural de la humanidad cuestionarse sobre su existencia y su paso por el mundo.<\/span><\/span><\/p>\n","protected":false},"excerpt":{"rendered":"<p>DEADHEAD<span style=\"font-weight: 400;\">. \/ Timy Carrillo. Quer\u00e9taro, Quer\u00e9taro, M\u00e9xico : Herring Publishers, 2024. 35 pages : includes illustrations ; 22 cm.<\/span><\/p>\n","protected":false},"featured_media":6974,"template":"","meta":{"_acf_changed":false,"inline_featured_image":false},"product_brand":[],"product_cat":[25,32],"product_tag":[4115,4180,3598],"class_list":{"0":"post-6652","1":"product","2":"type-product","3":"status-publish","4":"has-post-thumbnail","6":"product_cat-literatura","7":"product_cat-poesia-literatura","8":"product_tag-poesia-es","9":"product_tag-poesia-contemporanea","10":"product_tag-poesia-mexicana","12":"first","13":"instock","14":"taxable","15":"shipping-taxable","16":"purchasable","17":"product-type-simple"},"acf":[],"yoast_head":"<!-- This site is optimized with the Yoast SEO plugin v27.2 - https:\/\/yoast.com\/product\/yoast-seo-wordpress\/ -->\n<title>Deadhead<\/title>\n<meta name=\"description\" content=\"DEADHEAD. \/ Timy Carrillo. Quer\u00e9taro, Quer\u00e9taro, M\u00e9xico : Herring Publishers, 2024. 35 pages : includes illustrations ; 22 cm.\" \/>\n<meta name=\"robots\" content=\"index, follow, max-snippet:-1, max-image-preview:large, max-video-preview:-1\" \/>\n<link rel=\"canonical\" href=\"https:\/\/booksfrommexico.com\/es\/producto\/deadhead\/\" \/>\n<meta property=\"og:locale\" content=\"es_ES\" \/>\n<meta property=\"og:type\" content=\"article\" \/>\n<meta property=\"og:title\" content=\"Deadhead\" \/>\n<meta property=\"og:description\" content=\"DEADHEAD. \/ Timy Carrillo. Quer\u00e9taro, Quer\u00e9taro, M\u00e9xico : Herring Publishers, 2024. 35 pages : includes illustrations ; 22 cm.\" \/>\n<meta property=\"og:url\" content=\"https:\/\/booksfrommexico.com\/es\/producto\/deadhead\/\" \/>\n<meta property=\"og:site_name\" content=\"Books From Mexico\" \/>\n<meta property=\"article:modified_time\" content=\"2024-06-11T21:45:06+00:00\" \/>\n<meta property=\"og:image\" content=\"http:\/\/booksfrommexico.com\/app\/uploads\/2024\/05\/201724.jpg\" \/>\n\t<meta property=\"og:image:width\" content=\"513\" \/>\n\t<meta property=\"og:image:height\" content=\"826\" \/>\n\t<meta property=\"og:image:type\" content=\"image\/jpeg\" \/>\n<meta name=\"twitter:card\" content=\"summary_large_image\" \/>\n<meta name=\"twitter:label1\" content=\"Tiempo de lectura\" \/>\n\t<meta name=\"twitter:data1\" content=\"1 minuto\" \/>\n<script type=\"application\/ld+json\" class=\"yoast-schema-graph\">{\"@context\":\"https:\/\/schema.org\",\"@graph\":[{\"@type\":\"WebPage\",\"@id\":\"https:\/\/booksfrommexico.com\/es\/producto\/deadhead\/\",\"url\":\"https:\/\/booksfrommexico.com\/es\/producto\/deadhead\/\",\"name\":\"Deadhead\",\"isPartOf\":{\"@id\":\"https:\/\/booksfrommexico.com\/#website\"},\"primaryImageOfPage\":{\"@id\":\"https:\/\/booksfrommexico.com\/es\/producto\/deadhead\/#primaryimage\"},\"image\":{\"@id\":\"https:\/\/booksfrommexico.com\/es\/producto\/deadhead\/#primaryimage\"},\"thumbnailUrl\":\"https:\/\/booksfrommexico.com\/app\/uploads\/2024\/05\/201724.jpg\",\"datePublished\":\"2024-05-29T17:42:20+00:00\",\"dateModified\":\"2024-06-11T21:45:06+00:00\",\"description\":\"DEADHEAD. \/ Timy Carrillo. Quer\u00e9taro, Quer\u00e9taro, M\u00e9xico : Herring Publishers, 2024. 35 pages : includes illustrations ; 22 cm.\",\"breadcrumb\":{\"@id\":\"https:\/\/booksfrommexico.com\/es\/producto\/deadhead\/#breadcrumb\"},\"inLanguage\":\"es\",\"potentialAction\":[{\"@type\":\"ReadAction\",\"target\":[\"https:\/\/booksfrommexico.com\/es\/producto\/deadhead\/\"]}]},{\"@type\":\"ImageObject\",\"inLanguage\":\"es\",\"@id\":\"https:\/\/booksfrommexico.com\/es\/producto\/deadhead\/#primaryimage\",\"url\":\"https:\/\/booksfrommexico.com\/app\/uploads\/2024\/05\/201724.jpg\",\"contentUrl\":\"https:\/\/booksfrommexico.com\/app\/uploads\/2024\/05\/201724.jpg\",\"width\":513,\"height\":826,\"caption\":\"Deadhead\"},{\"@type\":\"BreadcrumbList\",\"@id\":\"https:\/\/booksfrommexico.com\/es\/producto\/deadhead\/#breadcrumb\",\"itemListElement\":[{\"@type\":\"ListItem\",\"position\":1,\"name\":\"Home\",\"item\":\"https:\/\/booksfrommexico.com\/es\/\"},{\"@type\":\"ListItem\",\"position\":2,\"name\":\"Libros\",\"item\":\"https:\/\/booksfrommexico.com\/es\/libros\/\"},{\"@type\":\"ListItem\",\"position\":3,\"name\":\"Deadhead\"}]},{\"@type\":\"WebSite\",\"@id\":\"https:\/\/booksfrommexico.com\/#website\",\"url\":\"https:\/\/booksfrommexico.com\/\",\"name\":\"Books From Mexico\",\"description\":\"\",\"publisher\":{\"@id\":\"https:\/\/booksfrommexico.com\/#organization\"},\"potentialAction\":[{\"@type\":\"SearchAction\",\"target\":{\"@type\":\"EntryPoint\",\"urlTemplate\":\"https:\/\/booksfrommexico.com\/?s={search_term_string}\"},\"query-input\":{\"@type\":\"PropertyValueSpecification\",\"valueRequired\":true,\"valueName\":\"search_term_string\"}}],\"inLanguage\":\"es\"},{\"@type\":\"Organization\",\"@id\":\"https:\/\/booksfrommexico.com\/#organization\",\"name\":\"Books From Mexico\",\"url\":\"https:\/\/booksfrommexico.com\/\",\"logo\":{\"@type\":\"ImageObject\",\"inLanguage\":\"es\",\"@id\":\"https:\/\/booksfrommexico.com\/#\/schema\/logo\/image\/\",\"url\":\"https:\/\/booksfrommexico.com\/app\/uploads\/2023\/05\/logo-booksfrommexico.svg\",\"contentUrl\":\"https:\/\/booksfrommexico.com\/app\/uploads\/2023\/05\/logo-booksfrommexico.svg\",\"width\":86,\"height\":56,\"caption\":\"Books From Mexico\"},\"image\":{\"@id\":\"https:\/\/booksfrommexico.com\/#\/schema\/logo\/image\/\"}}]}<\/script>\n<!-- \/ Yoast SEO plugin. -->","yoast_head_json":{"title":"Deadhead","description":"DEADHEAD. \/ Timy Carrillo. Quer\u00e9taro, Quer\u00e9taro, M\u00e9xico : Herring Publishers, 2024. 35 pages : includes illustrations ; 22 cm.","robots":{"index":"index","follow":"follow","max-snippet":"max-snippet:-1","max-image-preview":"max-image-preview:large","max-video-preview":"max-video-preview:-1"},"canonical":"https:\/\/booksfrommexico.com\/es\/producto\/deadhead\/","og_locale":"es_ES","og_type":"article","og_title":"Deadhead","og_description":"DEADHEAD. \/ Timy Carrillo. Quer\u00e9taro, Quer\u00e9taro, M\u00e9xico : Herring Publishers, 2024. 35 pages : includes illustrations ; 22 cm.","og_url":"https:\/\/booksfrommexico.com\/es\/producto\/deadhead\/","og_site_name":"Books From Mexico","article_modified_time":"2024-06-11T21:45:06+00:00","og_image":[{"width":513,"height":826,"url":"http:\/\/booksfrommexico.com\/app\/uploads\/2024\/05\/201724.jpg","type":"image\/jpeg"}],"twitter_card":"summary_large_image","twitter_misc":{"Tiempo de lectura":"1 minuto"},"schema":{"@context":"https:\/\/schema.org","@graph":[{"@type":"WebPage","@id":"https:\/\/booksfrommexico.com\/es\/producto\/deadhead\/","url":"https:\/\/booksfrommexico.com\/es\/producto\/deadhead\/","name":"Deadhead","isPartOf":{"@id":"https:\/\/booksfrommexico.com\/#website"},"primaryImageOfPage":{"@id":"https:\/\/booksfrommexico.com\/es\/producto\/deadhead\/#primaryimage"},"image":{"@id":"https:\/\/booksfrommexico.com\/es\/producto\/deadhead\/#primaryimage"},"thumbnailUrl":"https:\/\/booksfrommexico.com\/app\/uploads\/2024\/05\/201724.jpg","datePublished":"2024-05-29T17:42:20+00:00","dateModified":"2024-06-11T21:45:06+00:00","description":"DEADHEAD. \/ Timy Carrillo. Quer\u00e9taro, Quer\u00e9taro, M\u00e9xico : Herring Publishers, 2024. 35 pages : includes illustrations ; 22 cm.","breadcrumb":{"@id":"https:\/\/booksfrommexico.com\/es\/producto\/deadhead\/#breadcrumb"},"inLanguage":"es","potentialAction":[{"@type":"ReadAction","target":["https:\/\/booksfrommexico.com\/es\/producto\/deadhead\/"]}]},{"@type":"ImageObject","inLanguage":"es","@id":"https:\/\/booksfrommexico.com\/es\/producto\/deadhead\/#primaryimage","url":"https:\/\/booksfrommexico.com\/app\/uploads\/2024\/05\/201724.jpg","contentUrl":"https:\/\/booksfrommexico.com\/app\/uploads\/2024\/05\/201724.jpg","width":513,"height":826,"caption":"Deadhead"},{"@type":"BreadcrumbList","@id":"https:\/\/booksfrommexico.com\/es\/producto\/deadhead\/#breadcrumb","itemListElement":[{"@type":"ListItem","position":1,"name":"Home","item":"https:\/\/booksfrommexico.com\/es\/"},{"@type":"ListItem","position":2,"name":"Libros","item":"https:\/\/booksfrommexico.com\/es\/libros\/"},{"@type":"ListItem","position":3,"name":"Deadhead"}]},{"@type":"WebSite","@id":"https:\/\/booksfrommexico.com\/#website","url":"https:\/\/booksfrommexico.com\/","name":"Books From Mexico","description":"","publisher":{"@id":"https:\/\/booksfrommexico.com\/#organization"},"potentialAction":[{"@type":"SearchAction","target":{"@type":"EntryPoint","urlTemplate":"https:\/\/booksfrommexico.com\/?s={search_term_string}"},"query-input":{"@type":"PropertyValueSpecification","valueRequired":true,"valueName":"search_term_string"}}],"inLanguage":"es"},{"@type":"Organization","@id":"https:\/\/booksfrommexico.com\/#organization","name":"Books From Mexico","url":"https:\/\/booksfrommexico.com\/","logo":{"@type":"ImageObject","inLanguage":"es","@id":"https:\/\/booksfrommexico.com\/#\/schema\/logo\/image\/","url":"https:\/\/booksfrommexico.com\/app\/uploads\/2023\/05\/logo-booksfrommexico.svg","contentUrl":"https:\/\/booksfrommexico.com\/app\/uploads\/2023\/05\/logo-booksfrommexico.svg","width":86,"height":56,"caption":"Books From Mexico"},"image":{"@id":"https:\/\/booksfrommexico.com\/#\/schema\/logo\/image\/"}}]}},"_links":{"self":[{"href":"https:\/\/booksfrommexico.com\/es\/wp-json\/wp\/v2\/product\/6652","targetHints":{"allow":["GET"]}}],"collection":[{"href":"https:\/\/booksfrommexico.com\/es\/wp-json\/wp\/v2\/product"}],"about":[{"href":"https:\/\/booksfrommexico.com\/es\/wp-json\/wp\/v2\/types\/product"}],"wp:featuredmedia":[{"embeddable":true,"href":"https:\/\/booksfrommexico.com\/es\/wp-json\/wp\/v2\/media\/6974"}],"wp:attachment":[{"href":"https:\/\/booksfrommexico.com\/es\/wp-json\/wp\/v2\/media?parent=6652"}],"wp:term":[{"taxonomy":"product_brand","embeddable":true,"href":"https:\/\/booksfrommexico.com\/es\/wp-json\/wp\/v2\/product_brand?post=6652"},{"taxonomy":"product_cat","embeddable":true,"href":"https:\/\/booksfrommexico.com\/es\/wp-json\/wp\/v2\/product_cat?post=6652"},{"taxonomy":"product_tag","embeddable":true,"href":"https:\/\/booksfrommexico.com\/es\/wp-json\/wp\/v2\/product_tag?post=6652"}],"curies":[{"name":"wp","href":"https:\/\/api.w.org\/{rel}","templated":true}]}}