{"id":6654,"date":"2024-05-29T17:42:20","date_gmt":"2024-05-29T17:42:20","guid":{"rendered":"https:\/\/booksfrommexico.com\/product\/lool-kajlay-flor-de-la-memoria\/"},"modified":"2025-02-26T01:20:34","modified_gmt":"2025-02-26T01:20:34","slug":"lool-kajlay-flor-de-la-memoria","status":"publish","type":"product","link":"https:\/\/booksfrommexico.com\/es\/producto\/lool-kajlay-flor-de-la-memoria\/","title":{"rendered":"Lool K\u00e1jlay (Flor de la memoria)"},"content":{"rendered":"<p><span style=\"font-weight: 400;\">La historia de todo el continente de Abya Yala est\u00e1 partida por un antes y un despu\u00e9s del arribo de los europeos a estas tierras; desde esta perspectiva, la historia multicultural de M\u00e9xico no se entiende a partir de los pobladores originarios, sino de los conquistadores. En esta serie de poemas el autor distingue entre memoria e historia; si bien no hace una distinci\u00f3n expl\u00edcita, queda claro que las memorias son lo propio de las personas mayas, siendo los sujetos, autores y due\u00f1os de su narrativa, mientras que la historia no es necesariamente suya y no se reconocen en ella. Estos poemas denuncian la opresi\u00f3n colonialista, usando palabras, formas y musicalidad.<\/span><\/p>\n","protected":false},"excerpt":{"rendered":"<p>LOOL K&#8217;AJLAY : FLOR DE LA MEMORIA<span style=\"font-weight: 400;\">. \/ Pedro Pablo Chim Bacab. San Francisco de Campeche, Campeche, M\u00e9xico : Secretar\u00eda de Cultura del Gobierno del Estado de Campeche ; Tilde Editores 2014. 109 pages : includes illustrations ; 23 cm. ISBN : 9786078071838.<\/span><\/p>\n","protected":false},"featured_media":6980,"template":"","meta":{"_acf_changed":false,"inline_featured_image":false},"product_brand":[],"product_cat":[25,32],"product_tag":[4382,4115,4026],"class_list":{"0":"post-6654","1":"product","2":"type-product","3":"status-publish","4":"has-post-thumbnail","6":"product_cat-literatura","7":"product_cat-poesia-literatura","8":"product_tag-edicion-bilingue","9":"product_tag-poesia-es","10":"product_tag-poesia-en-lenguas-originarias","12":"first","13":"instock","14":"taxable","15":"shipping-taxable","16":"purchasable","17":"product-type-simple"},"acf":[],"yoast_head":"<!-- This site is optimized with the Yoast SEO plugin v27.3 - https:\/\/yoast.com\/product\/yoast-seo-wordpress\/ -->\n<title>Lool K\u00e1jlay (Flor de la memoria)<\/title>\n<meta name=\"description\" content=\"LOOL K&#039;AJLAY : FLOR DE LA MEMORIA. \/ Pedro Pablo Chim Bacab. Secretar\u00eda de Cultura del Gobierno del Estado de Campeche ; Tilde Editores 2014.\" \/>\n<meta name=\"robots\" content=\"index, follow, max-snippet:-1, max-image-preview:large, max-video-preview:-1\" \/>\n<link rel=\"canonical\" href=\"https:\/\/booksfrommexico.com\/es\/producto\/lool-kajlay-flor-de-la-memoria\/\" \/>\n<meta property=\"og:locale\" content=\"es_ES\" \/>\n<meta property=\"og:type\" content=\"article\" \/>\n<meta property=\"og:title\" content=\"Lool K\u00e1jlay (Flor de la memoria)\" \/>\n<meta property=\"og:description\" content=\"LOOL K&#039;AJLAY : FLOR DE LA MEMORIA. \/ Pedro Pablo Chim Bacab. Secretar\u00eda de Cultura del Gobierno del Estado de Campeche ; Tilde Editores 2014.\" \/>\n<meta property=\"og:url\" content=\"https:\/\/booksfrommexico.com\/es\/producto\/lool-kajlay-flor-de-la-memoria\/\" \/>\n<meta property=\"og:site_name\" content=\"Books From Mexico\" \/>\n<meta property=\"article:modified_time\" content=\"2025-02-26T01:20:34+00:00\" \/>\n<meta property=\"og:image\" content=\"http:\/\/booksfrommexico.com\/app\/uploads\/2024\/05\/202034.jpg\" \/>\n\t<meta property=\"og:image:width\" content=\"571\" \/>\n\t<meta property=\"og:image:height\" content=\"885\" \/>\n\t<meta property=\"og:image:type\" content=\"image\/jpeg\" \/>\n<meta name=\"twitter:card\" content=\"summary_large_image\" \/>\n<meta name=\"twitter:label1\" content=\"Tiempo de lectura\" \/>\n\t<meta name=\"twitter:data1\" content=\"1 minuto\" \/>\n<script type=\"application\/ld+json\" class=\"yoast-schema-graph\">{\"@context\":\"https:\\\/\\\/schema.org\",\"@graph\":[{\"@type\":\"WebPage\",\"@id\":\"https:\\\/\\\/booksfrommexico.com\\\/es\\\/producto\\\/lool-kajlay-flor-de-la-memoria\\\/\",\"url\":\"https:\\\/\\\/booksfrommexico.com\\\/es\\\/producto\\\/lool-kajlay-flor-de-la-memoria\\\/\",\"name\":\"Lool K\u00e1jlay (Flor de la memoria)\",\"isPartOf\":{\"@id\":\"https:\\\/\\\/booksfrommexico.com\\\/#website\"},\"primaryImageOfPage\":{\"@id\":\"https:\\\/\\\/booksfrommexico.com\\\/es\\\/producto\\\/lool-kajlay-flor-de-la-memoria\\\/#primaryimage\"},\"image\":{\"@id\":\"https:\\\/\\\/booksfrommexico.com\\\/es\\\/producto\\\/lool-kajlay-flor-de-la-memoria\\\/#primaryimage\"},\"thumbnailUrl\":\"https:\\\/\\\/booksfrommexico.com\\\/app\\\/uploads\\\/2024\\\/05\\\/202034.jpg\",\"datePublished\":\"2024-05-29T17:42:20+00:00\",\"dateModified\":\"2025-02-26T01:20:34+00:00\",\"description\":\"LOOL K'AJLAY : FLOR DE LA MEMORIA. \\\/ Pedro Pablo Chim Bacab. Secretar\u00eda de Cultura del Gobierno del Estado de Campeche ; Tilde Editores 2014.\",\"breadcrumb\":{\"@id\":\"https:\\\/\\\/booksfrommexico.com\\\/es\\\/producto\\\/lool-kajlay-flor-de-la-memoria\\\/#breadcrumb\"},\"inLanguage\":\"es\",\"potentialAction\":[{\"@type\":\"ReadAction\",\"target\":[\"https:\\\/\\\/booksfrommexico.com\\\/es\\\/producto\\\/lool-kajlay-flor-de-la-memoria\\\/\"]}]},{\"@type\":\"ImageObject\",\"inLanguage\":\"es\",\"@id\":\"https:\\\/\\\/booksfrommexico.com\\\/es\\\/producto\\\/lool-kajlay-flor-de-la-memoria\\\/#primaryimage\",\"url\":\"https:\\\/\\\/booksfrommexico.com\\\/app\\\/uploads\\\/2024\\\/05\\\/202034.jpg\",\"contentUrl\":\"https:\\\/\\\/booksfrommexico.com\\\/app\\\/uploads\\\/2024\\\/05\\\/202034.jpg\",\"width\":571,\"height\":885,\"caption\":\"Lool k\u00e1jlay (flor de la memoria)\"},{\"@type\":\"BreadcrumbList\",\"@id\":\"https:\\\/\\\/booksfrommexico.com\\\/es\\\/producto\\\/lool-kajlay-flor-de-la-memoria\\\/#breadcrumb\",\"itemListElement\":[{\"@type\":\"ListItem\",\"position\":1,\"name\":\"Home\",\"item\":\"https:\\\/\\\/booksfrommexico.com\\\/es\\\/\"},{\"@type\":\"ListItem\",\"position\":2,\"name\":\"Libros\",\"item\":\"https:\\\/\\\/booksfrommexico.com\\\/es\\\/libros\\\/\"},{\"@type\":\"ListItem\",\"position\":3,\"name\":\"Lool K\u00e1jlay (Flor de la memoria)\"}]},{\"@type\":\"WebSite\",\"@id\":\"https:\\\/\\\/booksfrommexico.com\\\/#website\",\"url\":\"https:\\\/\\\/booksfrommexico.com\\\/\",\"name\":\"Books From Mexico\",\"description\":\"\",\"publisher\":{\"@id\":\"https:\\\/\\\/booksfrommexico.com\\\/#organization\"},\"potentialAction\":[{\"@type\":\"SearchAction\",\"target\":{\"@type\":\"EntryPoint\",\"urlTemplate\":\"https:\\\/\\\/booksfrommexico.com\\\/?s={search_term_string}\"},\"query-input\":{\"@type\":\"PropertyValueSpecification\",\"valueRequired\":true,\"valueName\":\"search_term_string\"}}],\"inLanguage\":\"es\"},{\"@type\":\"Organization\",\"@id\":\"https:\\\/\\\/booksfrommexico.com\\\/#organization\",\"name\":\"Books From Mexico\",\"url\":\"https:\\\/\\\/booksfrommexico.com\\\/\",\"logo\":{\"@type\":\"ImageObject\",\"inLanguage\":\"es\",\"@id\":\"https:\\\/\\\/booksfrommexico.com\\\/#\\\/schema\\\/logo\\\/image\\\/\",\"url\":\"https:\\\/\\\/booksfrommexico.com\\\/app\\\/uploads\\\/2023\\\/05\\\/logo-booksfrommexico.svg\",\"contentUrl\":\"https:\\\/\\\/booksfrommexico.com\\\/app\\\/uploads\\\/2023\\\/05\\\/logo-booksfrommexico.svg\",\"width\":86,\"height\":56,\"caption\":\"Books From Mexico\"},\"image\":{\"@id\":\"https:\\\/\\\/booksfrommexico.com\\\/#\\\/schema\\\/logo\\\/image\\\/\"}}]}<\/script>\n<!-- \/ Yoast SEO plugin. -->","yoast_head_json":{"title":"Lool K\u00e1jlay (Flor de la memoria)","description":"LOOL K'AJLAY : FLOR DE LA MEMORIA. \/ Pedro Pablo Chim Bacab. Secretar\u00eda de Cultura del Gobierno del Estado de Campeche ; Tilde Editores 2014.","robots":{"index":"index","follow":"follow","max-snippet":"max-snippet:-1","max-image-preview":"max-image-preview:large","max-video-preview":"max-video-preview:-1"},"canonical":"https:\/\/booksfrommexico.com\/es\/producto\/lool-kajlay-flor-de-la-memoria\/","og_locale":"es_ES","og_type":"article","og_title":"Lool K\u00e1jlay (Flor de la memoria)","og_description":"LOOL K'AJLAY : FLOR DE LA MEMORIA. \/ Pedro Pablo Chim Bacab. Secretar\u00eda de Cultura del Gobierno del Estado de Campeche ; Tilde Editores 2014.","og_url":"https:\/\/booksfrommexico.com\/es\/producto\/lool-kajlay-flor-de-la-memoria\/","og_site_name":"Books From Mexico","article_modified_time":"2025-02-26T01:20:34+00:00","og_image":[{"width":571,"height":885,"url":"http:\/\/booksfrommexico.com\/app\/uploads\/2024\/05\/202034.jpg","type":"image\/jpeg"}],"twitter_card":"summary_large_image","twitter_misc":{"Tiempo de lectura":"1 minuto"},"schema":{"@context":"https:\/\/schema.org","@graph":[{"@type":"WebPage","@id":"https:\/\/booksfrommexico.com\/es\/producto\/lool-kajlay-flor-de-la-memoria\/","url":"https:\/\/booksfrommexico.com\/es\/producto\/lool-kajlay-flor-de-la-memoria\/","name":"Lool K\u00e1jlay (Flor de la memoria)","isPartOf":{"@id":"https:\/\/booksfrommexico.com\/#website"},"primaryImageOfPage":{"@id":"https:\/\/booksfrommexico.com\/es\/producto\/lool-kajlay-flor-de-la-memoria\/#primaryimage"},"image":{"@id":"https:\/\/booksfrommexico.com\/es\/producto\/lool-kajlay-flor-de-la-memoria\/#primaryimage"},"thumbnailUrl":"https:\/\/booksfrommexico.com\/app\/uploads\/2024\/05\/202034.jpg","datePublished":"2024-05-29T17:42:20+00:00","dateModified":"2025-02-26T01:20:34+00:00","description":"LOOL K'AJLAY : FLOR DE LA MEMORIA. \/ Pedro Pablo Chim Bacab. Secretar\u00eda de Cultura del Gobierno del Estado de Campeche ; Tilde Editores 2014.","breadcrumb":{"@id":"https:\/\/booksfrommexico.com\/es\/producto\/lool-kajlay-flor-de-la-memoria\/#breadcrumb"},"inLanguage":"es","potentialAction":[{"@type":"ReadAction","target":["https:\/\/booksfrommexico.com\/es\/producto\/lool-kajlay-flor-de-la-memoria\/"]}]},{"@type":"ImageObject","inLanguage":"es","@id":"https:\/\/booksfrommexico.com\/es\/producto\/lool-kajlay-flor-de-la-memoria\/#primaryimage","url":"https:\/\/booksfrommexico.com\/app\/uploads\/2024\/05\/202034.jpg","contentUrl":"https:\/\/booksfrommexico.com\/app\/uploads\/2024\/05\/202034.jpg","width":571,"height":885,"caption":"Lool k\u00e1jlay (flor de la memoria)"},{"@type":"BreadcrumbList","@id":"https:\/\/booksfrommexico.com\/es\/producto\/lool-kajlay-flor-de-la-memoria\/#breadcrumb","itemListElement":[{"@type":"ListItem","position":1,"name":"Home","item":"https:\/\/booksfrommexico.com\/es\/"},{"@type":"ListItem","position":2,"name":"Libros","item":"https:\/\/booksfrommexico.com\/es\/libros\/"},{"@type":"ListItem","position":3,"name":"Lool K\u00e1jlay (Flor de la memoria)"}]},{"@type":"WebSite","@id":"https:\/\/booksfrommexico.com\/#website","url":"https:\/\/booksfrommexico.com\/","name":"Books From Mexico","description":"","publisher":{"@id":"https:\/\/booksfrommexico.com\/#organization"},"potentialAction":[{"@type":"SearchAction","target":{"@type":"EntryPoint","urlTemplate":"https:\/\/booksfrommexico.com\/?s={search_term_string}"},"query-input":{"@type":"PropertyValueSpecification","valueRequired":true,"valueName":"search_term_string"}}],"inLanguage":"es"},{"@type":"Organization","@id":"https:\/\/booksfrommexico.com\/#organization","name":"Books From Mexico","url":"https:\/\/booksfrommexico.com\/","logo":{"@type":"ImageObject","inLanguage":"es","@id":"https:\/\/booksfrommexico.com\/#\/schema\/logo\/image\/","url":"https:\/\/booksfrommexico.com\/app\/uploads\/2023\/05\/logo-booksfrommexico.svg","contentUrl":"https:\/\/booksfrommexico.com\/app\/uploads\/2023\/05\/logo-booksfrommexico.svg","width":86,"height":56,"caption":"Books From Mexico"},"image":{"@id":"https:\/\/booksfrommexico.com\/#\/schema\/logo\/image\/"}}]}},"_links":{"self":[{"href":"https:\/\/booksfrommexico.com\/es\/wp-json\/wp\/v2\/product\/6654","targetHints":{"allow":["GET"]}}],"collection":[{"href":"https:\/\/booksfrommexico.com\/es\/wp-json\/wp\/v2\/product"}],"about":[{"href":"https:\/\/booksfrommexico.com\/es\/wp-json\/wp\/v2\/types\/product"}],"wp:featuredmedia":[{"embeddable":true,"href":"https:\/\/booksfrommexico.com\/es\/wp-json\/wp\/v2\/media\/6980"}],"wp:attachment":[{"href":"https:\/\/booksfrommexico.com\/es\/wp-json\/wp\/v2\/media?parent=6654"}],"wp:term":[{"taxonomy":"product_brand","embeddable":true,"href":"https:\/\/booksfrommexico.com\/es\/wp-json\/wp\/v2\/product_brand?post=6654"},{"taxonomy":"product_cat","embeddable":true,"href":"https:\/\/booksfrommexico.com\/es\/wp-json\/wp\/v2\/product_cat?post=6654"},{"taxonomy":"product_tag","embeddable":true,"href":"https:\/\/booksfrommexico.com\/es\/wp-json\/wp\/v2\/product_tag?post=6654"}],"curies":[{"name":"wp","href":"https:\/\/api.w.org\/{rel}","templated":true}]}}