{"id":6655,"date":"2024-05-29T17:42:20","date_gmt":"2024-05-29T17:42:20","guid":{"rendered":"https:\/\/booksfrommexico.com\/product\/campamento-migrante-espera-asisitencia-y-accion\/"},"modified":"2024-06-05T19:35:05","modified_gmt":"2024-06-05T19:35:05","slug":"campamento-migrante-espera-asisitencia-y-accion","status":"publish","type":"product","link":"https:\/\/booksfrommexico.com\/es\/producto\/campamento-migrante-espera-asisitencia-y-accion\/","title":{"rendered":"Campamento migrante: Espera, asistencia y acci\u00f3n"},"content":{"rendered":"<p><span style=\"font-weight: 400;\">En un contexto de pol\u00edticas migratorias mexicanas y estadounidenses que compelen a los migrantes a esperar en las ciudades fronterizas de M\u00e9xico, sus experiencias y sus defensores en el campamento de \u201cEl Chaparral\u201d en Tijuana, ofrecen una mirada novedosa sobre el accionar de los migrantes. En este t\u00edtulo se analiza y reflexiona sobre las estrategias pol\u00edticas que realizaron los migrantes acampados para reivindicar su derecho al asilo y lograr acceder a Estados Unidos, pese a la precariedad y riesgo que implicaba para sus vidas. Adem\u00e1s, se incluyen fotograf\u00edas del campamento y sus alrededores, as\u00ed como gr\u00e1ficas con datos espec\u00edficos sobre este fen\u00f3meno.<\/span><\/p>\n","protected":false},"excerpt":{"rendered":"<p>CAMPAMENTO MIGRANTE : ESPERA, ASISTENCIA Y ACCI\u00d3N<span style=\"font-weight: 400;\">. \/ Eduardo Torre Cantalapiedra. Tijuana, Baja California, M\u00e9xico : El Colegio de la Frontera Norte, 2023. 334 pages : includes graphics, photos, bibliography ; 21 cm. ISBN . 9786074795370.<\/span><\/p>\n","protected":false},"featured_media":6983,"template":"","meta":{"_acf_changed":false,"inline_featured_image":false},"product_brand":[],"product_cat":[1065,42],"product_tag":[4411,3685,4401,4001],"class_list":{"0":"post-6655","1":"product","2":"type-product","3":"status-publish","4":"has-post-thumbnail","6":"product_cat-condiciones-sociales-y-politicas-de-la-migracion","7":"product_cat-temas-de-inmigracion-y-migraciones-humanas","8":"product_tag-frontera-norte","9":"product_tag-inmigracion","10":"product_tag-inmigrantes-es","11":"product_tag-leyes","13":"first","14":"instock","15":"taxable","16":"shipping-taxable","17":"purchasable","18":"product-type-simple"},"acf":[],"yoast_head":"<!-- This site is optimized with the Yoast SEO plugin v27.3 - https:\/\/yoast.com\/product\/yoast-seo-wordpress\/ -->\n<title>Campamento migrante: Espera, asistencia y acci\u00f3n<\/title>\n<meta name=\"description\" content=\"CAMPAMENTO MIGRANTE : ESPERA, ASISTENCIA Y ACCI\u00d3N. \/ Eduardo Torre Cantalapiedra. Tijuana, Baja California, M\u00e9xico : El Colegio de la Frontera Norte, 2023.\" \/>\n<meta name=\"robots\" content=\"index, follow, max-snippet:-1, max-image-preview:large, max-video-preview:-1\" \/>\n<link rel=\"canonical\" href=\"https:\/\/booksfrommexico.com\/es\/producto\/campamento-migrante-espera-asisitencia-y-accion\/\" \/>\n<meta property=\"og:locale\" content=\"es_ES\" \/>\n<meta property=\"og:type\" content=\"article\" \/>\n<meta property=\"og:title\" content=\"Campamento migrante: Espera, asistencia y acci\u00f3n\" \/>\n<meta property=\"og:description\" content=\"CAMPAMENTO MIGRANTE : ESPERA, ASISTENCIA Y ACCI\u00d3N. \/ Eduardo Torre Cantalapiedra. Tijuana, Baja California, M\u00e9xico : El Colegio de la Frontera Norte, 2023.\" \/>\n<meta property=\"og:url\" content=\"https:\/\/booksfrommexico.com\/es\/producto\/campamento-migrante-espera-asisitencia-y-accion\/\" \/>\n<meta property=\"og:site_name\" content=\"Books From Mexico\" \/>\n<meta property=\"article:modified_time\" content=\"2024-06-05T19:35:05+00:00\" \/>\n<meta property=\"og:image\" content=\"http:\/\/booksfrommexico.com\/app\/uploads\/2024\/05\/202089.jpg\" \/>\n\t<meta property=\"og:image:width\" content=\"525\" \/>\n\t<meta property=\"og:image:height\" content=\"817\" \/>\n\t<meta property=\"og:image:type\" content=\"image\/jpeg\" \/>\n<meta name=\"twitter:card\" content=\"summary_large_image\" \/>\n<meta name=\"twitter:label1\" content=\"Tiempo de lectura\" \/>\n\t<meta name=\"twitter:data1\" content=\"1 minuto\" \/>\n<script type=\"application\/ld+json\" class=\"yoast-schema-graph\">{\"@context\":\"https:\\\/\\\/schema.org\",\"@graph\":[{\"@type\":\"WebPage\",\"@id\":\"https:\\\/\\\/booksfrommexico.com\\\/es\\\/producto\\\/campamento-migrante-espera-asisitencia-y-accion\\\/\",\"url\":\"https:\\\/\\\/booksfrommexico.com\\\/es\\\/producto\\\/campamento-migrante-espera-asisitencia-y-accion\\\/\",\"name\":\"Campamento migrante: Espera, asistencia y acci\u00f3n\",\"isPartOf\":{\"@id\":\"https:\\\/\\\/booksfrommexico.com\\\/#website\"},\"primaryImageOfPage\":{\"@id\":\"https:\\\/\\\/booksfrommexico.com\\\/es\\\/producto\\\/campamento-migrante-espera-asisitencia-y-accion\\\/#primaryimage\"},\"image\":{\"@id\":\"https:\\\/\\\/booksfrommexico.com\\\/es\\\/producto\\\/campamento-migrante-espera-asisitencia-y-accion\\\/#primaryimage\"},\"thumbnailUrl\":\"https:\\\/\\\/booksfrommexico.com\\\/app\\\/uploads\\\/2024\\\/05\\\/202089.jpg\",\"datePublished\":\"2024-05-29T17:42:20+00:00\",\"dateModified\":\"2024-06-05T19:35:05+00:00\",\"description\":\"CAMPAMENTO MIGRANTE : ESPERA, ASISTENCIA Y ACCI\u00d3N. \\\/ Eduardo Torre Cantalapiedra. Tijuana, Baja California, M\u00e9xico : El Colegio de la Frontera Norte, 2023.\",\"breadcrumb\":{\"@id\":\"https:\\\/\\\/booksfrommexico.com\\\/es\\\/producto\\\/campamento-migrante-espera-asisitencia-y-accion\\\/#breadcrumb\"},\"inLanguage\":\"es\",\"potentialAction\":[{\"@type\":\"ReadAction\",\"target\":[\"https:\\\/\\\/booksfrommexico.com\\\/es\\\/producto\\\/campamento-migrante-espera-asisitencia-y-accion\\\/\"]}]},{\"@type\":\"ImageObject\",\"inLanguage\":\"es\",\"@id\":\"https:\\\/\\\/booksfrommexico.com\\\/es\\\/producto\\\/campamento-migrante-espera-asisitencia-y-accion\\\/#primaryimage\",\"url\":\"https:\\\/\\\/booksfrommexico.com\\\/app\\\/uploads\\\/2024\\\/05\\\/202089.jpg\",\"contentUrl\":\"https:\\\/\\\/booksfrommexico.com\\\/app\\\/uploads\\\/2024\\\/05\\\/202089.jpg\",\"width\":525,\"height\":817,\"caption\":\"Campamento migrante espera, asisitencia y acci\u00f3n\"},{\"@type\":\"BreadcrumbList\",\"@id\":\"https:\\\/\\\/booksfrommexico.com\\\/es\\\/producto\\\/campamento-migrante-espera-asisitencia-y-accion\\\/#breadcrumb\",\"itemListElement\":[{\"@type\":\"ListItem\",\"position\":1,\"name\":\"Home\",\"item\":\"https:\\\/\\\/booksfrommexico.com\\\/es\\\/\"},{\"@type\":\"ListItem\",\"position\":2,\"name\":\"Libros\",\"item\":\"https:\\\/\\\/booksfrommexico.com\\\/es\\\/libros\\\/\"},{\"@type\":\"ListItem\",\"position\":3,\"name\":\"Campamento migrante: Espera, asistencia y acci\u00f3n\"}]},{\"@type\":\"WebSite\",\"@id\":\"https:\\\/\\\/booksfrommexico.com\\\/#website\",\"url\":\"https:\\\/\\\/booksfrommexico.com\\\/\",\"name\":\"Books From Mexico\",\"description\":\"\",\"publisher\":{\"@id\":\"https:\\\/\\\/booksfrommexico.com\\\/#organization\"},\"potentialAction\":[{\"@type\":\"SearchAction\",\"target\":{\"@type\":\"EntryPoint\",\"urlTemplate\":\"https:\\\/\\\/booksfrommexico.com\\\/?s={search_term_string}\"},\"query-input\":{\"@type\":\"PropertyValueSpecification\",\"valueRequired\":true,\"valueName\":\"search_term_string\"}}],\"inLanguage\":\"es\"},{\"@type\":\"Organization\",\"@id\":\"https:\\\/\\\/booksfrommexico.com\\\/#organization\",\"name\":\"Books From Mexico\",\"url\":\"https:\\\/\\\/booksfrommexico.com\\\/\",\"logo\":{\"@type\":\"ImageObject\",\"inLanguage\":\"es\",\"@id\":\"https:\\\/\\\/booksfrommexico.com\\\/#\\\/schema\\\/logo\\\/image\\\/\",\"url\":\"https:\\\/\\\/booksfrommexico.com\\\/app\\\/uploads\\\/2023\\\/05\\\/logo-booksfrommexico.svg\",\"contentUrl\":\"https:\\\/\\\/booksfrommexico.com\\\/app\\\/uploads\\\/2023\\\/05\\\/logo-booksfrommexico.svg\",\"width\":86,\"height\":56,\"caption\":\"Books From Mexico\"},\"image\":{\"@id\":\"https:\\\/\\\/booksfrommexico.com\\\/#\\\/schema\\\/logo\\\/image\\\/\"}}]}<\/script>\n<!-- \/ Yoast SEO plugin. -->","yoast_head_json":{"title":"Campamento migrante: Espera, asistencia y acci\u00f3n","description":"CAMPAMENTO MIGRANTE : ESPERA, ASISTENCIA Y ACCI\u00d3N. \/ Eduardo Torre Cantalapiedra. Tijuana, Baja California, M\u00e9xico : El Colegio de la Frontera Norte, 2023.","robots":{"index":"index","follow":"follow","max-snippet":"max-snippet:-1","max-image-preview":"max-image-preview:large","max-video-preview":"max-video-preview:-1"},"canonical":"https:\/\/booksfrommexico.com\/es\/producto\/campamento-migrante-espera-asisitencia-y-accion\/","og_locale":"es_ES","og_type":"article","og_title":"Campamento migrante: Espera, asistencia y acci\u00f3n","og_description":"CAMPAMENTO MIGRANTE : ESPERA, ASISTENCIA Y ACCI\u00d3N. \/ Eduardo Torre Cantalapiedra. Tijuana, Baja California, M\u00e9xico : El Colegio de la Frontera Norte, 2023.","og_url":"https:\/\/booksfrommexico.com\/es\/producto\/campamento-migrante-espera-asisitencia-y-accion\/","og_site_name":"Books From Mexico","article_modified_time":"2024-06-05T19:35:05+00:00","og_image":[{"width":525,"height":817,"url":"http:\/\/booksfrommexico.com\/app\/uploads\/2024\/05\/202089.jpg","type":"image\/jpeg"}],"twitter_card":"summary_large_image","twitter_misc":{"Tiempo de lectura":"1 minuto"},"schema":{"@context":"https:\/\/schema.org","@graph":[{"@type":"WebPage","@id":"https:\/\/booksfrommexico.com\/es\/producto\/campamento-migrante-espera-asisitencia-y-accion\/","url":"https:\/\/booksfrommexico.com\/es\/producto\/campamento-migrante-espera-asisitencia-y-accion\/","name":"Campamento migrante: Espera, asistencia y acci\u00f3n","isPartOf":{"@id":"https:\/\/booksfrommexico.com\/#website"},"primaryImageOfPage":{"@id":"https:\/\/booksfrommexico.com\/es\/producto\/campamento-migrante-espera-asisitencia-y-accion\/#primaryimage"},"image":{"@id":"https:\/\/booksfrommexico.com\/es\/producto\/campamento-migrante-espera-asisitencia-y-accion\/#primaryimage"},"thumbnailUrl":"https:\/\/booksfrommexico.com\/app\/uploads\/2024\/05\/202089.jpg","datePublished":"2024-05-29T17:42:20+00:00","dateModified":"2024-06-05T19:35:05+00:00","description":"CAMPAMENTO MIGRANTE : ESPERA, ASISTENCIA Y ACCI\u00d3N. \/ Eduardo Torre Cantalapiedra. Tijuana, Baja California, M\u00e9xico : El Colegio de la Frontera Norte, 2023.","breadcrumb":{"@id":"https:\/\/booksfrommexico.com\/es\/producto\/campamento-migrante-espera-asisitencia-y-accion\/#breadcrumb"},"inLanguage":"es","potentialAction":[{"@type":"ReadAction","target":["https:\/\/booksfrommexico.com\/es\/producto\/campamento-migrante-espera-asisitencia-y-accion\/"]}]},{"@type":"ImageObject","inLanguage":"es","@id":"https:\/\/booksfrommexico.com\/es\/producto\/campamento-migrante-espera-asisitencia-y-accion\/#primaryimage","url":"https:\/\/booksfrommexico.com\/app\/uploads\/2024\/05\/202089.jpg","contentUrl":"https:\/\/booksfrommexico.com\/app\/uploads\/2024\/05\/202089.jpg","width":525,"height":817,"caption":"Campamento migrante espera, asisitencia y acci\u00f3n"},{"@type":"BreadcrumbList","@id":"https:\/\/booksfrommexico.com\/es\/producto\/campamento-migrante-espera-asisitencia-y-accion\/#breadcrumb","itemListElement":[{"@type":"ListItem","position":1,"name":"Home","item":"https:\/\/booksfrommexico.com\/es\/"},{"@type":"ListItem","position":2,"name":"Libros","item":"https:\/\/booksfrommexico.com\/es\/libros\/"},{"@type":"ListItem","position":3,"name":"Campamento migrante: Espera, asistencia y acci\u00f3n"}]},{"@type":"WebSite","@id":"https:\/\/booksfrommexico.com\/#website","url":"https:\/\/booksfrommexico.com\/","name":"Books From Mexico","description":"","publisher":{"@id":"https:\/\/booksfrommexico.com\/#organization"},"potentialAction":[{"@type":"SearchAction","target":{"@type":"EntryPoint","urlTemplate":"https:\/\/booksfrommexico.com\/?s={search_term_string}"},"query-input":{"@type":"PropertyValueSpecification","valueRequired":true,"valueName":"search_term_string"}}],"inLanguage":"es"},{"@type":"Organization","@id":"https:\/\/booksfrommexico.com\/#organization","name":"Books From Mexico","url":"https:\/\/booksfrommexico.com\/","logo":{"@type":"ImageObject","inLanguage":"es","@id":"https:\/\/booksfrommexico.com\/#\/schema\/logo\/image\/","url":"https:\/\/booksfrommexico.com\/app\/uploads\/2023\/05\/logo-booksfrommexico.svg","contentUrl":"https:\/\/booksfrommexico.com\/app\/uploads\/2023\/05\/logo-booksfrommexico.svg","width":86,"height":56,"caption":"Books From Mexico"},"image":{"@id":"https:\/\/booksfrommexico.com\/#\/schema\/logo\/image\/"}}]}},"_links":{"self":[{"href":"https:\/\/booksfrommexico.com\/es\/wp-json\/wp\/v2\/product\/6655","targetHints":{"allow":["GET"]}}],"collection":[{"href":"https:\/\/booksfrommexico.com\/es\/wp-json\/wp\/v2\/product"}],"about":[{"href":"https:\/\/booksfrommexico.com\/es\/wp-json\/wp\/v2\/types\/product"}],"wp:featuredmedia":[{"embeddable":true,"href":"https:\/\/booksfrommexico.com\/es\/wp-json\/wp\/v2\/media\/6983"}],"wp:attachment":[{"href":"https:\/\/booksfrommexico.com\/es\/wp-json\/wp\/v2\/media?parent=6655"}],"wp:term":[{"taxonomy":"product_brand","embeddable":true,"href":"https:\/\/booksfrommexico.com\/es\/wp-json\/wp\/v2\/product_brand?post=6655"},{"taxonomy":"product_cat","embeddable":true,"href":"https:\/\/booksfrommexico.com\/es\/wp-json\/wp\/v2\/product_cat?post=6655"},{"taxonomy":"product_tag","embeddable":true,"href":"https:\/\/booksfrommexico.com\/es\/wp-json\/wp\/v2\/product_tag?post=6655"}],"curies":[{"name":"wp","href":"https:\/\/api.w.org\/{rel}","templated":true}]}}