{"id":6656,"date":"2024-05-29T17:42:20","date_gmt":"2024-05-29T17:42:20","guid":{"rendered":"https:\/\/booksfrommexico.com\/product\/don-crispin-una-cronica-fronteriza\/"},"modified":"2024-06-04T21:49:49","modified_gmt":"2024-06-04T21:49:49","slug":"don-crispin-una-cronica-fronteriza","status":"publish","type":"product","link":"https:\/\/booksfrommexico.com\/es\/producto\/don-crispin-una-cronica-fronteriza\/","title":{"rendered":"Don Crisp\u00edn: Una cr\u00f3nica fronteriza"},"content":{"rendered":"<p><span style=\"font-weight: 400;\">Espinoza Valle narra en este texto la vida de su abuelo, sus memorias compartidas que, indirectamente, se convierten en una cr\u00f3nica de creencias, tradiciones, mitos, modos y maneras propias de la regi\u00f3n fronteriza M\u00e9xico-Estados Unidos. Parte de la riqueza del testimonio de don Crisp\u00edn radica en lo que representa para el estudio de la cultura fronteriza, ofreciendo un muestrario de valores, normas, tradiciones y mitos que hablan del car\u00e1cter del habitante fronterizo de una manera contraria a las visiones estereotipadas. En estas p\u00e1ginas se refuerza lo que investigaciones previas ya preve\u00edan: la mexicanidad de los fronterizos se refuerza con la interacci\u00f3n del extranjero y no al rev\u00e9s.<\/span><\/p>\n","protected":false},"excerpt":{"rendered":"<p>DON CRISP\u00cdN : UNA CR\u00d3NICA FRONTERIZA : MEMORIA Y DI\u00c1LOGOS DE DON CRISP\u00cdN VALLE CASTA\u00d1EDA<span style=\"font-weight: 400;\">. \/ V\u00edctor Alejandro Espinoza Valle. (Third edition). Tijuana, Baja California, M\u00e9xico : El Colegio de la Frontera Norte ; San Luis Potos\u00ed, M\u00e9xico : El Colegio de San Luis, 2023. 175 pages : includes photos, references, bibliography ; 23 cm. ISBN : 9786074795424 (El Colegio de la Frontera Norte) ; 9786078906499 (El Colegio de San Luis).<\/span><\/p>\n","protected":false},"featured_media":7029,"template":"","meta":{"_acf_changed":false,"inline_featured_image":false},"product_brand":[],"product_cat":[4413,25],"product_tag":[4411,3608],"class_list":{"0":"post-6656","1":"product","2":"type-product","3":"status-publish","4":"has-post-thumbnail","6":"product_cat-cronica","7":"product_cat-literatura","8":"product_tag-frontera-norte","9":"product_tag-vida-social-y-costumbres","11":"first","12":"instock","13":"taxable","14":"shipping-taxable","15":"purchasable","16":"product-type-simple"},"acf":[],"yoast_head":"<!-- This site is optimized with the Yoast SEO plugin v27.3 - https:\/\/yoast.com\/product\/yoast-seo-wordpress\/ -->\n<title>Don Crisp\u00edn: Una cr\u00f3nica fronteriza<\/title>\n<meta name=\"description\" content=\"DON CRISP\u00cdN : UNA CR\u00d3NICA FRONTERIZA : MEMORIA Y DI\u00c1LOGOS DE DON CRISP\u00cdN VALLE CASTA\u00d1EDA. \/ V\u00edctor Alejandro Espinoza Valle. (Third edition). 2023.\" \/>\n<meta name=\"robots\" content=\"index, follow, max-snippet:-1, max-image-preview:large, max-video-preview:-1\" \/>\n<link rel=\"canonical\" href=\"https:\/\/booksfrommexico.com\/es\/producto\/don-crispin-una-cronica-fronteriza\/\" \/>\n<meta property=\"og:locale\" content=\"es_ES\" \/>\n<meta property=\"og:type\" content=\"article\" \/>\n<meta property=\"og:title\" content=\"Don Crisp\u00edn: Una cr\u00f3nica fronteriza\" \/>\n<meta property=\"og:description\" content=\"DON CRISP\u00cdN : UNA CR\u00d3NICA FRONTERIZA : MEMORIA Y DI\u00c1LOGOS DE DON CRISP\u00cdN VALLE CASTA\u00d1EDA. \/ V\u00edctor Alejandro Espinoza Valle. (Third edition). 2023.\" \/>\n<meta property=\"og:url\" content=\"https:\/\/booksfrommexico.com\/es\/producto\/don-crispin-una-cronica-fronteriza\/\" \/>\n<meta property=\"og:site_name\" content=\"Books From Mexico\" \/>\n<meta property=\"article:modified_time\" content=\"2024-06-04T21:49:49+00:00\" \/>\n<meta property=\"og:image\" content=\"http:\/\/booksfrommexico.com\/app\/uploads\/2024\/05\/202090-1.jpeg\" \/>\n\t<meta property=\"og:image:width\" content=\"625\" \/>\n\t<meta property=\"og:image:height\" content=\"850\" \/>\n\t<meta property=\"og:image:type\" content=\"image\/jpeg\" \/>\n<meta name=\"twitter:card\" content=\"summary_large_image\" \/>\n<meta name=\"twitter:label1\" content=\"Tiempo de lectura\" \/>\n\t<meta name=\"twitter:data1\" content=\"1 minuto\" \/>\n<script type=\"application\/ld+json\" class=\"yoast-schema-graph\">{\"@context\":\"https:\\\/\\\/schema.org\",\"@graph\":[{\"@type\":\"WebPage\",\"@id\":\"https:\\\/\\\/booksfrommexico.com\\\/es\\\/producto\\\/don-crispin-una-cronica-fronteriza\\\/\",\"url\":\"https:\\\/\\\/booksfrommexico.com\\\/es\\\/producto\\\/don-crispin-una-cronica-fronteriza\\\/\",\"name\":\"Don Crisp\u00edn: Una cr\u00f3nica fronteriza\",\"isPartOf\":{\"@id\":\"https:\\\/\\\/booksfrommexico.com\\\/#website\"},\"primaryImageOfPage\":{\"@id\":\"https:\\\/\\\/booksfrommexico.com\\\/es\\\/producto\\\/don-crispin-una-cronica-fronteriza\\\/#primaryimage\"},\"image\":{\"@id\":\"https:\\\/\\\/booksfrommexico.com\\\/es\\\/producto\\\/don-crispin-una-cronica-fronteriza\\\/#primaryimage\"},\"thumbnailUrl\":\"https:\\\/\\\/booksfrommexico.com\\\/app\\\/uploads\\\/2024\\\/05\\\/202090-1.jpeg\",\"datePublished\":\"2024-05-29T17:42:20+00:00\",\"dateModified\":\"2024-06-04T21:49:49+00:00\",\"description\":\"DON CRISP\u00cdN : UNA CR\u00d3NICA FRONTERIZA : MEMORIA Y DI\u00c1LOGOS DE DON CRISP\u00cdN VALLE CASTA\u00d1EDA. \\\/ V\u00edctor Alejandro Espinoza Valle. (Third edition). 2023.\",\"breadcrumb\":{\"@id\":\"https:\\\/\\\/booksfrommexico.com\\\/es\\\/producto\\\/don-crispin-una-cronica-fronteriza\\\/#breadcrumb\"},\"inLanguage\":\"es\",\"potentialAction\":[{\"@type\":\"ReadAction\",\"target\":[\"https:\\\/\\\/booksfrommexico.com\\\/es\\\/producto\\\/don-crispin-una-cronica-fronteriza\\\/\"]}]},{\"@type\":\"ImageObject\",\"inLanguage\":\"es\",\"@id\":\"https:\\\/\\\/booksfrommexico.com\\\/es\\\/producto\\\/don-crispin-una-cronica-fronteriza\\\/#primaryimage\",\"url\":\"https:\\\/\\\/booksfrommexico.com\\\/app\\\/uploads\\\/2024\\\/05\\\/202090-1.jpeg\",\"contentUrl\":\"https:\\\/\\\/booksfrommexico.com\\\/app\\\/uploads\\\/2024\\\/05\\\/202090-1.jpeg\",\"width\":625,\"height\":850,\"caption\":\"Don Crisp\u00edn: Una cr\u00f3nica fronteriza\"},{\"@type\":\"BreadcrumbList\",\"@id\":\"https:\\\/\\\/booksfrommexico.com\\\/es\\\/producto\\\/don-crispin-una-cronica-fronteriza\\\/#breadcrumb\",\"itemListElement\":[{\"@type\":\"ListItem\",\"position\":1,\"name\":\"Home\",\"item\":\"https:\\\/\\\/booksfrommexico.com\\\/es\\\/\"},{\"@type\":\"ListItem\",\"position\":2,\"name\":\"Libros\",\"item\":\"https:\\\/\\\/booksfrommexico.com\\\/es\\\/libros\\\/\"},{\"@type\":\"ListItem\",\"position\":3,\"name\":\"Don Crisp\u00edn: Una cr\u00f3nica fronteriza\"}]},{\"@type\":\"WebSite\",\"@id\":\"https:\\\/\\\/booksfrommexico.com\\\/#website\",\"url\":\"https:\\\/\\\/booksfrommexico.com\\\/\",\"name\":\"Books From Mexico\",\"description\":\"\",\"publisher\":{\"@id\":\"https:\\\/\\\/booksfrommexico.com\\\/#organization\"},\"potentialAction\":[{\"@type\":\"SearchAction\",\"target\":{\"@type\":\"EntryPoint\",\"urlTemplate\":\"https:\\\/\\\/booksfrommexico.com\\\/?s={search_term_string}\"},\"query-input\":{\"@type\":\"PropertyValueSpecification\",\"valueRequired\":true,\"valueName\":\"search_term_string\"}}],\"inLanguage\":\"es\"},{\"@type\":\"Organization\",\"@id\":\"https:\\\/\\\/booksfrommexico.com\\\/#organization\",\"name\":\"Books From Mexico\",\"url\":\"https:\\\/\\\/booksfrommexico.com\\\/\",\"logo\":{\"@type\":\"ImageObject\",\"inLanguage\":\"es\",\"@id\":\"https:\\\/\\\/booksfrommexico.com\\\/#\\\/schema\\\/logo\\\/image\\\/\",\"url\":\"https:\\\/\\\/booksfrommexico.com\\\/app\\\/uploads\\\/2023\\\/05\\\/logo-booksfrommexico.svg\",\"contentUrl\":\"https:\\\/\\\/booksfrommexico.com\\\/app\\\/uploads\\\/2023\\\/05\\\/logo-booksfrommexico.svg\",\"width\":86,\"height\":56,\"caption\":\"Books From Mexico\"},\"image\":{\"@id\":\"https:\\\/\\\/booksfrommexico.com\\\/#\\\/schema\\\/logo\\\/image\\\/\"}}]}<\/script>\n<!-- \/ Yoast SEO plugin. -->","yoast_head_json":{"title":"Don Crisp\u00edn: Una cr\u00f3nica fronteriza","description":"DON CRISP\u00cdN : UNA CR\u00d3NICA FRONTERIZA : MEMORIA Y DI\u00c1LOGOS DE DON CRISP\u00cdN VALLE CASTA\u00d1EDA. \/ V\u00edctor Alejandro Espinoza Valle. (Third edition). 2023.","robots":{"index":"index","follow":"follow","max-snippet":"max-snippet:-1","max-image-preview":"max-image-preview:large","max-video-preview":"max-video-preview:-1"},"canonical":"https:\/\/booksfrommexico.com\/es\/producto\/don-crispin-una-cronica-fronteriza\/","og_locale":"es_ES","og_type":"article","og_title":"Don Crisp\u00edn: Una cr\u00f3nica fronteriza","og_description":"DON CRISP\u00cdN : UNA CR\u00d3NICA FRONTERIZA : MEMORIA Y DI\u00c1LOGOS DE DON CRISP\u00cdN VALLE CASTA\u00d1EDA. \/ V\u00edctor Alejandro Espinoza Valle. (Third edition). 2023.","og_url":"https:\/\/booksfrommexico.com\/es\/producto\/don-crispin-una-cronica-fronteriza\/","og_site_name":"Books From Mexico","article_modified_time":"2024-06-04T21:49:49+00:00","og_image":[{"width":625,"height":850,"url":"http:\/\/booksfrommexico.com\/app\/uploads\/2024\/05\/202090-1.jpeg","type":"image\/jpeg"}],"twitter_card":"summary_large_image","twitter_misc":{"Tiempo de lectura":"1 minuto"},"schema":{"@context":"https:\/\/schema.org","@graph":[{"@type":"WebPage","@id":"https:\/\/booksfrommexico.com\/es\/producto\/don-crispin-una-cronica-fronteriza\/","url":"https:\/\/booksfrommexico.com\/es\/producto\/don-crispin-una-cronica-fronteriza\/","name":"Don Crisp\u00edn: Una cr\u00f3nica fronteriza","isPartOf":{"@id":"https:\/\/booksfrommexico.com\/#website"},"primaryImageOfPage":{"@id":"https:\/\/booksfrommexico.com\/es\/producto\/don-crispin-una-cronica-fronteriza\/#primaryimage"},"image":{"@id":"https:\/\/booksfrommexico.com\/es\/producto\/don-crispin-una-cronica-fronteriza\/#primaryimage"},"thumbnailUrl":"https:\/\/booksfrommexico.com\/app\/uploads\/2024\/05\/202090-1.jpeg","datePublished":"2024-05-29T17:42:20+00:00","dateModified":"2024-06-04T21:49:49+00:00","description":"DON CRISP\u00cdN : UNA CR\u00d3NICA FRONTERIZA : MEMORIA Y DI\u00c1LOGOS DE DON CRISP\u00cdN VALLE CASTA\u00d1EDA. \/ V\u00edctor Alejandro Espinoza Valle. (Third edition). 2023.","breadcrumb":{"@id":"https:\/\/booksfrommexico.com\/es\/producto\/don-crispin-una-cronica-fronteriza\/#breadcrumb"},"inLanguage":"es","potentialAction":[{"@type":"ReadAction","target":["https:\/\/booksfrommexico.com\/es\/producto\/don-crispin-una-cronica-fronteriza\/"]}]},{"@type":"ImageObject","inLanguage":"es","@id":"https:\/\/booksfrommexico.com\/es\/producto\/don-crispin-una-cronica-fronteriza\/#primaryimage","url":"https:\/\/booksfrommexico.com\/app\/uploads\/2024\/05\/202090-1.jpeg","contentUrl":"https:\/\/booksfrommexico.com\/app\/uploads\/2024\/05\/202090-1.jpeg","width":625,"height":850,"caption":"Don Crisp\u00edn: Una cr\u00f3nica fronteriza"},{"@type":"BreadcrumbList","@id":"https:\/\/booksfrommexico.com\/es\/producto\/don-crispin-una-cronica-fronteriza\/#breadcrumb","itemListElement":[{"@type":"ListItem","position":1,"name":"Home","item":"https:\/\/booksfrommexico.com\/es\/"},{"@type":"ListItem","position":2,"name":"Libros","item":"https:\/\/booksfrommexico.com\/es\/libros\/"},{"@type":"ListItem","position":3,"name":"Don Crisp\u00edn: Una cr\u00f3nica fronteriza"}]},{"@type":"WebSite","@id":"https:\/\/booksfrommexico.com\/#website","url":"https:\/\/booksfrommexico.com\/","name":"Books From Mexico","description":"","publisher":{"@id":"https:\/\/booksfrommexico.com\/#organization"},"potentialAction":[{"@type":"SearchAction","target":{"@type":"EntryPoint","urlTemplate":"https:\/\/booksfrommexico.com\/?s={search_term_string}"},"query-input":{"@type":"PropertyValueSpecification","valueRequired":true,"valueName":"search_term_string"}}],"inLanguage":"es"},{"@type":"Organization","@id":"https:\/\/booksfrommexico.com\/#organization","name":"Books From Mexico","url":"https:\/\/booksfrommexico.com\/","logo":{"@type":"ImageObject","inLanguage":"es","@id":"https:\/\/booksfrommexico.com\/#\/schema\/logo\/image\/","url":"https:\/\/booksfrommexico.com\/app\/uploads\/2023\/05\/logo-booksfrommexico.svg","contentUrl":"https:\/\/booksfrommexico.com\/app\/uploads\/2023\/05\/logo-booksfrommexico.svg","width":86,"height":56,"caption":"Books From Mexico"},"image":{"@id":"https:\/\/booksfrommexico.com\/#\/schema\/logo\/image\/"}}]}},"_links":{"self":[{"href":"https:\/\/booksfrommexico.com\/es\/wp-json\/wp\/v2\/product\/6656","targetHints":{"allow":["GET"]}}],"collection":[{"href":"https:\/\/booksfrommexico.com\/es\/wp-json\/wp\/v2\/product"}],"about":[{"href":"https:\/\/booksfrommexico.com\/es\/wp-json\/wp\/v2\/types\/product"}],"wp:featuredmedia":[{"embeddable":true,"href":"https:\/\/booksfrommexico.com\/es\/wp-json\/wp\/v2\/media\/7029"}],"wp:attachment":[{"href":"https:\/\/booksfrommexico.com\/es\/wp-json\/wp\/v2\/media?parent=6656"}],"wp:term":[{"taxonomy":"product_brand","embeddable":true,"href":"https:\/\/booksfrommexico.com\/es\/wp-json\/wp\/v2\/product_brand?post=6656"},{"taxonomy":"product_cat","embeddable":true,"href":"https:\/\/booksfrommexico.com\/es\/wp-json\/wp\/v2\/product_cat?post=6656"},{"taxonomy":"product_tag","embeddable":true,"href":"https:\/\/booksfrommexico.com\/es\/wp-json\/wp\/v2\/product_tag?post=6656"}],"curies":[{"name":"wp","href":"https:\/\/api.w.org\/{rel}","templated":true}]}}