{"id":6657,"date":"2024-05-29T17:42:20","date_gmt":"2024-05-29T17:42:20","guid":{"rendered":"https:\/\/booksfrommexico.com\/product\/ese-gran-reflector-encendido-de-pronto\/"},"modified":"2024-06-25T22:50:46","modified_gmt":"2024-06-25T22:50:46","slug":"ese-gran-reflector-encendido-de-pronto","status":"publish","type":"product","link":"https:\/\/booksfrommexico.com\/es\/producto\/ese-gran-reflector-encendido-de-pronto\/","title":{"rendered":"Ese gran reflector encendido de pronto"},"content":{"rendered":"<p><span style=\"font-weight: 400;\">Esta antolog\u00eda busca generar una selecci\u00f3n de la diversidad de poes\u00eda que ha habido en M\u00e9xico en el periodo de 1919 y 2019, presentando las voces de los y las poetas que en los \u00faltimos 150 a\u00f1os se han ocupado de escribir. Algunos poetas que se pueden encontrar aqu\u00ed son Sabina Berman, Amado Nervo, Efr\u00e9n Rebolledo, Renato Leduc, Carlos Pellicer, Xavier Villaurrutia, Salvador Novo, Alonso Vidal, Gabriela Aguirre, Yolanda Segura y Elvis Guerra, entre muchos otros. Esta antolog\u00eda muestra una gran variedad de estilos, temas y, fundamentalmente, la diferencia entre generaciones, pero que al final conforman lo mismo: la poes\u00eda mexicana.<\/span><\/p>\n","protected":false},"excerpt":{"rendered":"<p>ESE GRAN REFLECTOR ENCENDIDO DE PRONTO : ANTOLOG\u00cdA GENERAL DE POES\u00cdA DE LA DIVERSIDAD EN M\u00c9XICO<span style=\"font-weight: 400;\">. \/ Luis Aguilar (compilator). Culiac\u00e1n Rosales, Sinaloa, M\u00e9xico : Gobierno de Sinaloa , Instituto Sinaloense de Cultura , 2019. 343 pages ; 23 cm. (Serie Ex libris Poes\u00eda). ISBN : 9786078504596.<\/span><\/p>\n","protected":false},"featured_media":6991,"template":"","meta":{"_acf_changed":false,"inline_featured_image":false},"product_brand":[],"product_cat":[25,32],"product_tag":[4112,4115,3598],"class_list":{"0":"post-6657","1":"product","2":"type-product","3":"status-publish","4":"has-post-thumbnail","6":"product_cat-literatura","7":"product_cat-poesia-literatura","8":"product_tag-antologia","9":"product_tag-poesia-es","10":"product_tag-poesia-mexicana","12":"first","13":"instock","14":"taxable","15":"shipping-taxable","16":"purchasable","17":"product-type-simple"},"acf":[],"yoast_head":"<!-- This site is optimized with the Yoast SEO plugin v27.3 - https:\/\/yoast.com\/product\/yoast-seo-wordpress\/ -->\n<title>Ese gran reflector encendido de pronto<\/title>\n<meta name=\"description\" content=\"ESE GRAN REFLECTOR ENCENDIDO DE PRONTO : ANTOLOG\u00cdA GENERAL DE POES\u00cdA DE LA DIVERSIDAD EN M\u00c9XICO. \/ Luis Aguilar (compilator). (Serie Ex libris Poes\u00eda).\" \/>\n<meta name=\"robots\" content=\"index, follow, max-snippet:-1, max-image-preview:large, max-video-preview:-1\" \/>\n<link rel=\"canonical\" href=\"https:\/\/booksfrommexico.com\/es\/producto\/ese-gran-reflector-encendido-de-pronto\/\" \/>\n<meta property=\"og:locale\" content=\"es_ES\" \/>\n<meta property=\"og:type\" content=\"article\" \/>\n<meta property=\"og:title\" content=\"Ese gran reflector encendido de pronto\" \/>\n<meta property=\"og:description\" content=\"ESE GRAN REFLECTOR ENCENDIDO DE PRONTO : ANTOLOG\u00cdA GENERAL DE POES\u00cdA DE LA DIVERSIDAD EN M\u00c9XICO. \/ Luis Aguilar (compilator). (Serie Ex libris Poes\u00eda).\" \/>\n<meta property=\"og:url\" content=\"https:\/\/booksfrommexico.com\/es\/producto\/ese-gran-reflector-encendido-de-pronto\/\" \/>\n<meta property=\"og:site_name\" content=\"Books From Mexico\" \/>\n<meta property=\"article:modified_time\" content=\"2024-06-25T22:50:46+00:00\" \/>\n<meta property=\"og:image\" content=\"http:\/\/booksfrommexico.com\/app\/uploads\/2024\/05\/202162.jpeg\" \/>\n\t<meta property=\"og:image:width\" content=\"607\" \/>\n\t<meta property=\"og:image:height\" content=\"887\" \/>\n\t<meta property=\"og:image:type\" content=\"image\/jpeg\" \/>\n<meta name=\"twitter:card\" content=\"summary_large_image\" \/>\n<meta name=\"twitter:label1\" content=\"Tiempo de lectura\" \/>\n\t<meta name=\"twitter:data1\" content=\"1 minuto\" \/>\n<script type=\"application\/ld+json\" class=\"yoast-schema-graph\">{\"@context\":\"https:\\\/\\\/schema.org\",\"@graph\":[{\"@type\":\"WebPage\",\"@id\":\"https:\\\/\\\/booksfrommexico.com\\\/es\\\/producto\\\/ese-gran-reflector-encendido-de-pronto\\\/\",\"url\":\"https:\\\/\\\/booksfrommexico.com\\\/es\\\/producto\\\/ese-gran-reflector-encendido-de-pronto\\\/\",\"name\":\"Ese gran reflector encendido de pronto\",\"isPartOf\":{\"@id\":\"https:\\\/\\\/booksfrommexico.com\\\/#website\"},\"primaryImageOfPage\":{\"@id\":\"https:\\\/\\\/booksfrommexico.com\\\/es\\\/producto\\\/ese-gran-reflector-encendido-de-pronto\\\/#primaryimage\"},\"image\":{\"@id\":\"https:\\\/\\\/booksfrommexico.com\\\/es\\\/producto\\\/ese-gran-reflector-encendido-de-pronto\\\/#primaryimage\"},\"thumbnailUrl\":\"https:\\\/\\\/booksfrommexico.com\\\/app\\\/uploads\\\/2024\\\/05\\\/202162.jpeg\",\"datePublished\":\"2024-05-29T17:42:20+00:00\",\"dateModified\":\"2024-06-25T22:50:46+00:00\",\"description\":\"ESE GRAN REFLECTOR ENCENDIDO DE PRONTO : ANTOLOG\u00cdA GENERAL DE POES\u00cdA DE LA DIVERSIDAD EN M\u00c9XICO. \\\/ Luis Aguilar (compilator). (Serie Ex libris Poes\u00eda).\",\"breadcrumb\":{\"@id\":\"https:\\\/\\\/booksfrommexico.com\\\/es\\\/producto\\\/ese-gran-reflector-encendido-de-pronto\\\/#breadcrumb\"},\"inLanguage\":\"es\",\"potentialAction\":[{\"@type\":\"ReadAction\",\"target\":[\"https:\\\/\\\/booksfrommexico.com\\\/es\\\/producto\\\/ese-gran-reflector-encendido-de-pronto\\\/\"]}]},{\"@type\":\"ImageObject\",\"inLanguage\":\"es\",\"@id\":\"https:\\\/\\\/booksfrommexico.com\\\/es\\\/producto\\\/ese-gran-reflector-encendido-de-pronto\\\/#primaryimage\",\"url\":\"https:\\\/\\\/booksfrommexico.com\\\/app\\\/uploads\\\/2024\\\/05\\\/202162.jpeg\",\"contentUrl\":\"https:\\\/\\\/booksfrommexico.com\\\/app\\\/uploads\\\/2024\\\/05\\\/202162.jpeg\",\"width\":607,\"height\":887,\"caption\":\"Ese gran reflector encendido de pronto\"},{\"@type\":\"BreadcrumbList\",\"@id\":\"https:\\\/\\\/booksfrommexico.com\\\/es\\\/producto\\\/ese-gran-reflector-encendido-de-pronto\\\/#breadcrumb\",\"itemListElement\":[{\"@type\":\"ListItem\",\"position\":1,\"name\":\"Home\",\"item\":\"https:\\\/\\\/booksfrommexico.com\\\/es\\\/\"},{\"@type\":\"ListItem\",\"position\":2,\"name\":\"Libros\",\"item\":\"https:\\\/\\\/booksfrommexico.com\\\/es\\\/libros\\\/\"},{\"@type\":\"ListItem\",\"position\":3,\"name\":\"Ese gran reflector encendido de pronto\"}]},{\"@type\":\"WebSite\",\"@id\":\"https:\\\/\\\/booksfrommexico.com\\\/#website\",\"url\":\"https:\\\/\\\/booksfrommexico.com\\\/\",\"name\":\"Books From Mexico\",\"description\":\"\",\"publisher\":{\"@id\":\"https:\\\/\\\/booksfrommexico.com\\\/#organization\"},\"potentialAction\":[{\"@type\":\"SearchAction\",\"target\":{\"@type\":\"EntryPoint\",\"urlTemplate\":\"https:\\\/\\\/booksfrommexico.com\\\/?s={search_term_string}\"},\"query-input\":{\"@type\":\"PropertyValueSpecification\",\"valueRequired\":true,\"valueName\":\"search_term_string\"}}],\"inLanguage\":\"es\"},{\"@type\":\"Organization\",\"@id\":\"https:\\\/\\\/booksfrommexico.com\\\/#organization\",\"name\":\"Books From Mexico\",\"url\":\"https:\\\/\\\/booksfrommexico.com\\\/\",\"logo\":{\"@type\":\"ImageObject\",\"inLanguage\":\"es\",\"@id\":\"https:\\\/\\\/booksfrommexico.com\\\/#\\\/schema\\\/logo\\\/image\\\/\",\"url\":\"https:\\\/\\\/booksfrommexico.com\\\/app\\\/uploads\\\/2023\\\/05\\\/logo-booksfrommexico.svg\",\"contentUrl\":\"https:\\\/\\\/booksfrommexico.com\\\/app\\\/uploads\\\/2023\\\/05\\\/logo-booksfrommexico.svg\",\"width\":86,\"height\":56,\"caption\":\"Books From Mexico\"},\"image\":{\"@id\":\"https:\\\/\\\/booksfrommexico.com\\\/#\\\/schema\\\/logo\\\/image\\\/\"}}]}<\/script>\n<!-- \/ Yoast SEO plugin. -->","yoast_head_json":{"title":"Ese gran reflector encendido de pronto","description":"ESE GRAN REFLECTOR ENCENDIDO DE PRONTO : ANTOLOG\u00cdA GENERAL DE POES\u00cdA DE LA DIVERSIDAD EN M\u00c9XICO. \/ Luis Aguilar (compilator). (Serie Ex libris Poes\u00eda).","robots":{"index":"index","follow":"follow","max-snippet":"max-snippet:-1","max-image-preview":"max-image-preview:large","max-video-preview":"max-video-preview:-1"},"canonical":"https:\/\/booksfrommexico.com\/es\/producto\/ese-gran-reflector-encendido-de-pronto\/","og_locale":"es_ES","og_type":"article","og_title":"Ese gran reflector encendido de pronto","og_description":"ESE GRAN REFLECTOR ENCENDIDO DE PRONTO : ANTOLOG\u00cdA GENERAL DE POES\u00cdA DE LA DIVERSIDAD EN M\u00c9XICO. \/ Luis Aguilar (compilator). (Serie Ex libris Poes\u00eda).","og_url":"https:\/\/booksfrommexico.com\/es\/producto\/ese-gran-reflector-encendido-de-pronto\/","og_site_name":"Books From Mexico","article_modified_time":"2024-06-25T22:50:46+00:00","og_image":[{"width":607,"height":887,"url":"http:\/\/booksfrommexico.com\/app\/uploads\/2024\/05\/202162.jpeg","type":"image\/jpeg"}],"twitter_card":"summary_large_image","twitter_misc":{"Tiempo de lectura":"1 minuto"},"schema":{"@context":"https:\/\/schema.org","@graph":[{"@type":"WebPage","@id":"https:\/\/booksfrommexico.com\/es\/producto\/ese-gran-reflector-encendido-de-pronto\/","url":"https:\/\/booksfrommexico.com\/es\/producto\/ese-gran-reflector-encendido-de-pronto\/","name":"Ese gran reflector encendido de pronto","isPartOf":{"@id":"https:\/\/booksfrommexico.com\/#website"},"primaryImageOfPage":{"@id":"https:\/\/booksfrommexico.com\/es\/producto\/ese-gran-reflector-encendido-de-pronto\/#primaryimage"},"image":{"@id":"https:\/\/booksfrommexico.com\/es\/producto\/ese-gran-reflector-encendido-de-pronto\/#primaryimage"},"thumbnailUrl":"https:\/\/booksfrommexico.com\/app\/uploads\/2024\/05\/202162.jpeg","datePublished":"2024-05-29T17:42:20+00:00","dateModified":"2024-06-25T22:50:46+00:00","description":"ESE GRAN REFLECTOR ENCENDIDO DE PRONTO : ANTOLOG\u00cdA GENERAL DE POES\u00cdA DE LA DIVERSIDAD EN M\u00c9XICO. \/ Luis Aguilar (compilator). (Serie Ex libris Poes\u00eda).","breadcrumb":{"@id":"https:\/\/booksfrommexico.com\/es\/producto\/ese-gran-reflector-encendido-de-pronto\/#breadcrumb"},"inLanguage":"es","potentialAction":[{"@type":"ReadAction","target":["https:\/\/booksfrommexico.com\/es\/producto\/ese-gran-reflector-encendido-de-pronto\/"]}]},{"@type":"ImageObject","inLanguage":"es","@id":"https:\/\/booksfrommexico.com\/es\/producto\/ese-gran-reflector-encendido-de-pronto\/#primaryimage","url":"https:\/\/booksfrommexico.com\/app\/uploads\/2024\/05\/202162.jpeg","contentUrl":"https:\/\/booksfrommexico.com\/app\/uploads\/2024\/05\/202162.jpeg","width":607,"height":887,"caption":"Ese gran reflector encendido de pronto"},{"@type":"BreadcrumbList","@id":"https:\/\/booksfrommexico.com\/es\/producto\/ese-gran-reflector-encendido-de-pronto\/#breadcrumb","itemListElement":[{"@type":"ListItem","position":1,"name":"Home","item":"https:\/\/booksfrommexico.com\/es\/"},{"@type":"ListItem","position":2,"name":"Libros","item":"https:\/\/booksfrommexico.com\/es\/libros\/"},{"@type":"ListItem","position":3,"name":"Ese gran reflector encendido de pronto"}]},{"@type":"WebSite","@id":"https:\/\/booksfrommexico.com\/#website","url":"https:\/\/booksfrommexico.com\/","name":"Books From Mexico","description":"","publisher":{"@id":"https:\/\/booksfrommexico.com\/#organization"},"potentialAction":[{"@type":"SearchAction","target":{"@type":"EntryPoint","urlTemplate":"https:\/\/booksfrommexico.com\/?s={search_term_string}"},"query-input":{"@type":"PropertyValueSpecification","valueRequired":true,"valueName":"search_term_string"}}],"inLanguage":"es"},{"@type":"Organization","@id":"https:\/\/booksfrommexico.com\/#organization","name":"Books From Mexico","url":"https:\/\/booksfrommexico.com\/","logo":{"@type":"ImageObject","inLanguage":"es","@id":"https:\/\/booksfrommexico.com\/#\/schema\/logo\/image\/","url":"https:\/\/booksfrommexico.com\/app\/uploads\/2023\/05\/logo-booksfrommexico.svg","contentUrl":"https:\/\/booksfrommexico.com\/app\/uploads\/2023\/05\/logo-booksfrommexico.svg","width":86,"height":56,"caption":"Books From Mexico"},"image":{"@id":"https:\/\/booksfrommexico.com\/#\/schema\/logo\/image\/"}}]}},"_links":{"self":[{"href":"https:\/\/booksfrommexico.com\/es\/wp-json\/wp\/v2\/product\/6657","targetHints":{"allow":["GET"]}}],"collection":[{"href":"https:\/\/booksfrommexico.com\/es\/wp-json\/wp\/v2\/product"}],"about":[{"href":"https:\/\/booksfrommexico.com\/es\/wp-json\/wp\/v2\/types\/product"}],"wp:featuredmedia":[{"embeddable":true,"href":"https:\/\/booksfrommexico.com\/es\/wp-json\/wp\/v2\/media\/6991"}],"wp:attachment":[{"href":"https:\/\/booksfrommexico.com\/es\/wp-json\/wp\/v2\/media?parent=6657"}],"wp:term":[{"taxonomy":"product_brand","embeddable":true,"href":"https:\/\/booksfrommexico.com\/es\/wp-json\/wp\/v2\/product_brand?post=6657"},{"taxonomy":"product_cat","embeddable":true,"href":"https:\/\/booksfrommexico.com\/es\/wp-json\/wp\/v2\/product_cat?post=6657"},{"taxonomy":"product_tag","embeddable":true,"href":"https:\/\/booksfrommexico.com\/es\/wp-json\/wp\/v2\/product_tag?post=6657"}],"curies":[{"name":"wp","href":"https:\/\/api.w.org\/{rel}","templated":true}]}}