{"id":6658,"date":"2024-05-29T17:42:20","date_gmt":"2024-05-29T17:42:20","guid":{"rendered":"https:\/\/booksfrommexico.com\/product\/memoria-de-lo-vivido-nueva-poesia-reunida-1999-2009\/"},"modified":"2024-06-25T22:09:35","modified_gmt":"2024-06-25T22:09:35","slug":"memoria-de-lo-vivido-nueva-poesia-reunida-1999-2009","status":"publish","type":"product","link":"https:\/\/booksfrommexico.com\/es\/producto\/memoria-de-lo-vivido-nueva-poesia-reunida-1999-2009\/","title":{"rendered":"Memoria de lo vivido: Nueva poes\u00eda reunida 1999-2009"},"content":{"rendered":"<p><span style=\"font-weight: 400;\">Mario Boj\u00f3rquez es un poeta, ensayista y traductor cuyo trabajo literario ha sido incluido en antolog\u00edas\u00a0 ha obtenido el Premio Bellas Artes de Literatura, Nacional de Poes\u00eda Aguascalientes (2007) y Nacional de Ensayo Literario Jos\u00e9 Revueltas (2010), por mencionar algunos. Este t\u00edtulo puede considerarse complemento de otros tres libros que est\u00e1n en oposici\u00f3n y correspondencia a la vez, los cuales al sumarse arrojan un vistazo sobre los rumbos posibles en la vida. Estos poemas son, sin buscarlo, la demostraci\u00f3n de c\u00f3mo las huellas que hacemos dejan constancia de nuestro paso por el mundo.<\/span><\/p>\n","protected":false},"excerpt":{"rendered":"<p>MEMORIA DE LO VIVIDO : NUEVA POES\u00cdA REUNIDA 1999-200<b>9<\/b><span style=\"font-weight: 400;\">. \/ Mario Boj\u00f3rquez. Culiac\u00e1n Rosales, Sinaloa, M\u00e9xico : Gobierno de Sinaloa , Instituto Sinaloense de Cultura, 2019. 218 pages ; 18 cm. (Serie Ex libris Poes\u00eda). ISBN : 9786078504510.<\/span><\/p>\n","protected":false},"featured_media":6996,"template":"","meta":{"_acf_changed":false,"inline_featured_image":false},"product_brand":[],"product_cat":[25,32],"product_tag":[4112,4115,4180],"class_list":{"0":"post-6658","1":"product","2":"type-product","3":"status-publish","4":"has-post-thumbnail","6":"product_cat-literatura","7":"product_cat-poesia-literatura","8":"product_tag-antologia","9":"product_tag-poesia-es","10":"product_tag-poesia-contemporanea","12":"first","13":"instock","14":"taxable","15":"shipping-taxable","16":"purchasable","17":"product-type-simple"},"acf":[],"yoast_head":"<!-- This site is optimized with the Yoast SEO plugin v27.3 - https:\/\/yoast.com\/product\/yoast-seo-wordpress\/ -->\n<title>Memoria de lo vivido: Nueva poes\u00eda reunida 1999-2009<\/title>\n<meta name=\"description\" content=\"MEMORIA DE LO VIVIDO : NUEVA POES\u00cdA REUNIDA 1999-2009. \/ Mario Boj\u00f3rquez. Instituto Sinaloense de Cultura, 2019. 218 pages. (Serie Ex libris Poes\u00eda).\" \/>\n<meta name=\"robots\" content=\"index, follow, max-snippet:-1, max-image-preview:large, max-video-preview:-1\" \/>\n<link rel=\"canonical\" href=\"https:\/\/booksfrommexico.com\/es\/producto\/memoria-de-lo-vivido-nueva-poesia-reunida-1999-2009\/\" \/>\n<meta property=\"og:locale\" content=\"es_ES\" \/>\n<meta property=\"og:type\" content=\"article\" \/>\n<meta property=\"og:title\" content=\"Memoria de lo vivido: Nueva poes\u00eda reunida 1999-2009\" \/>\n<meta property=\"og:description\" content=\"MEMORIA DE LO VIVIDO : NUEVA POES\u00cdA REUNIDA 1999-2009. \/ Mario Boj\u00f3rquez. Instituto Sinaloense de Cultura, 2019. 218 pages. (Serie Ex libris Poes\u00eda).\" \/>\n<meta property=\"og:url\" content=\"https:\/\/booksfrommexico.com\/es\/producto\/memoria-de-lo-vivido-nueva-poesia-reunida-1999-2009\/\" \/>\n<meta property=\"og:site_name\" content=\"Books From Mexico\" \/>\n<meta property=\"article:modified_time\" content=\"2024-06-25T22:09:35+00:00\" \/>\n<meta property=\"og:image\" content=\"http:\/\/booksfrommexico.com\/app\/uploads\/2024\/05\/202163.jpeg\" \/>\n\t<meta property=\"og:image:width\" content=\"570\" \/>\n\t<meta property=\"og:image:height\" content=\"686\" \/>\n\t<meta property=\"og:image:type\" content=\"image\/jpeg\" \/>\n<meta name=\"twitter:card\" content=\"summary_large_image\" \/>\n<meta name=\"twitter:label1\" content=\"Tiempo de lectura\" \/>\n\t<meta name=\"twitter:data1\" content=\"1 minuto\" \/>\n<script type=\"application\/ld+json\" class=\"yoast-schema-graph\">{\"@context\":\"https:\\\/\\\/schema.org\",\"@graph\":[{\"@type\":\"WebPage\",\"@id\":\"https:\\\/\\\/booksfrommexico.com\\\/es\\\/producto\\\/memoria-de-lo-vivido-nueva-poesia-reunida-1999-2009\\\/\",\"url\":\"https:\\\/\\\/booksfrommexico.com\\\/es\\\/producto\\\/memoria-de-lo-vivido-nueva-poesia-reunida-1999-2009\\\/\",\"name\":\"Memoria de lo vivido: Nueva poes\u00eda reunida 1999-2009\",\"isPartOf\":{\"@id\":\"https:\\\/\\\/booksfrommexico.com\\\/#website\"},\"primaryImageOfPage\":{\"@id\":\"https:\\\/\\\/booksfrommexico.com\\\/es\\\/producto\\\/memoria-de-lo-vivido-nueva-poesia-reunida-1999-2009\\\/#primaryimage\"},\"image\":{\"@id\":\"https:\\\/\\\/booksfrommexico.com\\\/es\\\/producto\\\/memoria-de-lo-vivido-nueva-poesia-reunida-1999-2009\\\/#primaryimage\"},\"thumbnailUrl\":\"https:\\\/\\\/booksfrommexico.com\\\/app\\\/uploads\\\/2024\\\/05\\\/202163.jpeg\",\"datePublished\":\"2024-05-29T17:42:20+00:00\",\"dateModified\":\"2024-06-25T22:09:35+00:00\",\"description\":\"MEMORIA DE LO VIVIDO : NUEVA POES\u00cdA REUNIDA 1999-2009. \\\/ Mario Boj\u00f3rquez. Instituto Sinaloense de Cultura, 2019. 218 pages. (Serie Ex libris Poes\u00eda).\",\"breadcrumb\":{\"@id\":\"https:\\\/\\\/booksfrommexico.com\\\/es\\\/producto\\\/memoria-de-lo-vivido-nueva-poesia-reunida-1999-2009\\\/#breadcrumb\"},\"inLanguage\":\"es\",\"potentialAction\":[{\"@type\":\"ReadAction\",\"target\":[\"https:\\\/\\\/booksfrommexico.com\\\/es\\\/producto\\\/memoria-de-lo-vivido-nueva-poesia-reunida-1999-2009\\\/\"]}]},{\"@type\":\"ImageObject\",\"inLanguage\":\"es\",\"@id\":\"https:\\\/\\\/booksfrommexico.com\\\/es\\\/producto\\\/memoria-de-lo-vivido-nueva-poesia-reunida-1999-2009\\\/#primaryimage\",\"url\":\"https:\\\/\\\/booksfrommexico.com\\\/app\\\/uploads\\\/2024\\\/05\\\/202163.jpeg\",\"contentUrl\":\"https:\\\/\\\/booksfrommexico.com\\\/app\\\/uploads\\\/2024\\\/05\\\/202163.jpeg\",\"width\":570,\"height\":686,\"caption\":\"Memoria de lo vivido: nueva poes\u00eda reunida 1999-2009\"},{\"@type\":\"BreadcrumbList\",\"@id\":\"https:\\\/\\\/booksfrommexico.com\\\/es\\\/producto\\\/memoria-de-lo-vivido-nueva-poesia-reunida-1999-2009\\\/#breadcrumb\",\"itemListElement\":[{\"@type\":\"ListItem\",\"position\":1,\"name\":\"Home\",\"item\":\"https:\\\/\\\/booksfrommexico.com\\\/es\\\/\"},{\"@type\":\"ListItem\",\"position\":2,\"name\":\"Libros\",\"item\":\"https:\\\/\\\/booksfrommexico.com\\\/es\\\/libros\\\/\"},{\"@type\":\"ListItem\",\"position\":3,\"name\":\"Memoria de lo vivido: Nueva poes\u00eda reunida 1999-2009\"}]},{\"@type\":\"WebSite\",\"@id\":\"https:\\\/\\\/booksfrommexico.com\\\/#website\",\"url\":\"https:\\\/\\\/booksfrommexico.com\\\/\",\"name\":\"Books From Mexico\",\"description\":\"\",\"publisher\":{\"@id\":\"https:\\\/\\\/booksfrommexico.com\\\/#organization\"},\"potentialAction\":[{\"@type\":\"SearchAction\",\"target\":{\"@type\":\"EntryPoint\",\"urlTemplate\":\"https:\\\/\\\/booksfrommexico.com\\\/?s={search_term_string}\"},\"query-input\":{\"@type\":\"PropertyValueSpecification\",\"valueRequired\":true,\"valueName\":\"search_term_string\"}}],\"inLanguage\":\"es\"},{\"@type\":\"Organization\",\"@id\":\"https:\\\/\\\/booksfrommexico.com\\\/#organization\",\"name\":\"Books From Mexico\",\"url\":\"https:\\\/\\\/booksfrommexico.com\\\/\",\"logo\":{\"@type\":\"ImageObject\",\"inLanguage\":\"es\",\"@id\":\"https:\\\/\\\/booksfrommexico.com\\\/#\\\/schema\\\/logo\\\/image\\\/\",\"url\":\"https:\\\/\\\/booksfrommexico.com\\\/app\\\/uploads\\\/2023\\\/05\\\/logo-booksfrommexico.svg\",\"contentUrl\":\"https:\\\/\\\/booksfrommexico.com\\\/app\\\/uploads\\\/2023\\\/05\\\/logo-booksfrommexico.svg\",\"width\":86,\"height\":56,\"caption\":\"Books From Mexico\"},\"image\":{\"@id\":\"https:\\\/\\\/booksfrommexico.com\\\/#\\\/schema\\\/logo\\\/image\\\/\"}}]}<\/script>\n<!-- \/ Yoast SEO plugin. -->","yoast_head_json":{"title":"Memoria de lo vivido: Nueva poes\u00eda reunida 1999-2009","description":"MEMORIA DE LO VIVIDO : NUEVA POES\u00cdA REUNIDA 1999-2009. \/ Mario Boj\u00f3rquez. Instituto Sinaloense de Cultura, 2019. 218 pages. (Serie Ex libris Poes\u00eda).","robots":{"index":"index","follow":"follow","max-snippet":"max-snippet:-1","max-image-preview":"max-image-preview:large","max-video-preview":"max-video-preview:-1"},"canonical":"https:\/\/booksfrommexico.com\/es\/producto\/memoria-de-lo-vivido-nueva-poesia-reunida-1999-2009\/","og_locale":"es_ES","og_type":"article","og_title":"Memoria de lo vivido: Nueva poes\u00eda reunida 1999-2009","og_description":"MEMORIA DE LO VIVIDO : NUEVA POES\u00cdA REUNIDA 1999-2009. \/ Mario Boj\u00f3rquez. Instituto Sinaloense de Cultura, 2019. 218 pages. (Serie Ex libris Poes\u00eda).","og_url":"https:\/\/booksfrommexico.com\/es\/producto\/memoria-de-lo-vivido-nueva-poesia-reunida-1999-2009\/","og_site_name":"Books From Mexico","article_modified_time":"2024-06-25T22:09:35+00:00","og_image":[{"width":570,"height":686,"url":"http:\/\/booksfrommexico.com\/app\/uploads\/2024\/05\/202163.jpeg","type":"image\/jpeg"}],"twitter_card":"summary_large_image","twitter_misc":{"Tiempo de lectura":"1 minuto"},"schema":{"@context":"https:\/\/schema.org","@graph":[{"@type":"WebPage","@id":"https:\/\/booksfrommexico.com\/es\/producto\/memoria-de-lo-vivido-nueva-poesia-reunida-1999-2009\/","url":"https:\/\/booksfrommexico.com\/es\/producto\/memoria-de-lo-vivido-nueva-poesia-reunida-1999-2009\/","name":"Memoria de lo vivido: Nueva poes\u00eda reunida 1999-2009","isPartOf":{"@id":"https:\/\/booksfrommexico.com\/#website"},"primaryImageOfPage":{"@id":"https:\/\/booksfrommexico.com\/es\/producto\/memoria-de-lo-vivido-nueva-poesia-reunida-1999-2009\/#primaryimage"},"image":{"@id":"https:\/\/booksfrommexico.com\/es\/producto\/memoria-de-lo-vivido-nueva-poesia-reunida-1999-2009\/#primaryimage"},"thumbnailUrl":"https:\/\/booksfrommexico.com\/app\/uploads\/2024\/05\/202163.jpeg","datePublished":"2024-05-29T17:42:20+00:00","dateModified":"2024-06-25T22:09:35+00:00","description":"MEMORIA DE LO VIVIDO : NUEVA POES\u00cdA REUNIDA 1999-2009. \/ Mario Boj\u00f3rquez. Instituto Sinaloense de Cultura, 2019. 218 pages. (Serie Ex libris Poes\u00eda).","breadcrumb":{"@id":"https:\/\/booksfrommexico.com\/es\/producto\/memoria-de-lo-vivido-nueva-poesia-reunida-1999-2009\/#breadcrumb"},"inLanguage":"es","potentialAction":[{"@type":"ReadAction","target":["https:\/\/booksfrommexico.com\/es\/producto\/memoria-de-lo-vivido-nueva-poesia-reunida-1999-2009\/"]}]},{"@type":"ImageObject","inLanguage":"es","@id":"https:\/\/booksfrommexico.com\/es\/producto\/memoria-de-lo-vivido-nueva-poesia-reunida-1999-2009\/#primaryimage","url":"https:\/\/booksfrommexico.com\/app\/uploads\/2024\/05\/202163.jpeg","contentUrl":"https:\/\/booksfrommexico.com\/app\/uploads\/2024\/05\/202163.jpeg","width":570,"height":686,"caption":"Memoria de lo vivido: nueva poes\u00eda reunida 1999-2009"},{"@type":"BreadcrumbList","@id":"https:\/\/booksfrommexico.com\/es\/producto\/memoria-de-lo-vivido-nueva-poesia-reunida-1999-2009\/#breadcrumb","itemListElement":[{"@type":"ListItem","position":1,"name":"Home","item":"https:\/\/booksfrommexico.com\/es\/"},{"@type":"ListItem","position":2,"name":"Libros","item":"https:\/\/booksfrommexico.com\/es\/libros\/"},{"@type":"ListItem","position":3,"name":"Memoria de lo vivido: Nueva poes\u00eda reunida 1999-2009"}]},{"@type":"WebSite","@id":"https:\/\/booksfrommexico.com\/#website","url":"https:\/\/booksfrommexico.com\/","name":"Books From Mexico","description":"","publisher":{"@id":"https:\/\/booksfrommexico.com\/#organization"},"potentialAction":[{"@type":"SearchAction","target":{"@type":"EntryPoint","urlTemplate":"https:\/\/booksfrommexico.com\/?s={search_term_string}"},"query-input":{"@type":"PropertyValueSpecification","valueRequired":true,"valueName":"search_term_string"}}],"inLanguage":"es"},{"@type":"Organization","@id":"https:\/\/booksfrommexico.com\/#organization","name":"Books From Mexico","url":"https:\/\/booksfrommexico.com\/","logo":{"@type":"ImageObject","inLanguage":"es","@id":"https:\/\/booksfrommexico.com\/#\/schema\/logo\/image\/","url":"https:\/\/booksfrommexico.com\/app\/uploads\/2023\/05\/logo-booksfrommexico.svg","contentUrl":"https:\/\/booksfrommexico.com\/app\/uploads\/2023\/05\/logo-booksfrommexico.svg","width":86,"height":56,"caption":"Books From Mexico"},"image":{"@id":"https:\/\/booksfrommexico.com\/#\/schema\/logo\/image\/"}}]}},"_links":{"self":[{"href":"https:\/\/booksfrommexico.com\/es\/wp-json\/wp\/v2\/product\/6658","targetHints":{"allow":["GET"]}}],"collection":[{"href":"https:\/\/booksfrommexico.com\/es\/wp-json\/wp\/v2\/product"}],"about":[{"href":"https:\/\/booksfrommexico.com\/es\/wp-json\/wp\/v2\/types\/product"}],"wp:featuredmedia":[{"embeddable":true,"href":"https:\/\/booksfrommexico.com\/es\/wp-json\/wp\/v2\/media\/6996"}],"wp:attachment":[{"href":"https:\/\/booksfrommexico.com\/es\/wp-json\/wp\/v2\/media?parent=6658"}],"wp:term":[{"taxonomy":"product_brand","embeddable":true,"href":"https:\/\/booksfrommexico.com\/es\/wp-json\/wp\/v2\/product_brand?post=6658"},{"taxonomy":"product_cat","embeddable":true,"href":"https:\/\/booksfrommexico.com\/es\/wp-json\/wp\/v2\/product_cat?post=6658"},{"taxonomy":"product_tag","embeddable":true,"href":"https:\/\/booksfrommexico.com\/es\/wp-json\/wp\/v2\/product_tag?post=6658"}],"curies":[{"name":"wp","href":"https:\/\/api.w.org\/{rel}","templated":true}]}}