{"id":6660,"date":"2024-05-29T17:42:20","date_gmt":"2024-05-29T17:42:20","guid":{"rendered":"https:\/\/booksfrommexico.com\/product\/palangre\/"},"modified":"2024-06-10T23:24:58","modified_gmt":"2024-06-10T23:24:58","slug":"palangre","status":"publish","type":"product","link":"https:\/\/booksfrommexico.com\/es\/producto\/palangre\/","title":{"rendered":"Palangre"},"content":{"rendered":"<p><span style=\"font-weight: 400;\">Miguel Inzunza es un poeta y m\u00fasico mexicano que ha sido ganador del premio Mar\u00eda Grever, as\u00ed como ha publicado en revistas literarias como <\/span><i><span style=\"font-weight: 400;\">C\u00edrculo de poes\u00eda<\/span><\/i><span style=\"font-weight: 400;\"> y <\/span><i><span style=\"font-weight: 400;\">Poes\u00eda Comala. <\/span><\/i><span style=\"font-weight: 400;\">En este t\u00edtulo, se entrega una serie de poemas donde el erotismo, la nostalgia, la denuncia social y las vivencias y emociones del autor se dan cita; as\u00ed como mantiene una tem\u00e1tica constante con el mar, los marineros, la soledad y el paso del tiempo. La estructura de estos poemas oscila entre lo tradicional, con los versos en estrofas concisas, y el desorden, con versos aislados y salteados, ofreciendo una danza visual y un ritmo \u2013lo cual hace distinci\u00f3n de la habilidad del autor como m\u00fasico\u2013.<\/span><\/p>\n","protected":false},"excerpt":{"rendered":"<p>PALANGRE<span style=\"font-weight: 400;\">. \/ Miguel Inzunza. Sinaloa, Mexico : Instituto Sinaloense de Cultura, 2023. 80 pages ; 21 cm. (Serie Ex Libris Poes\u00eda). ISBN : 9786078504961.<\/span><\/p>\n","protected":false},"featured_media":7002,"template":"","meta":{"_acf_changed":false,"inline_featured_image":false},"product_brand":[],"product_cat":[25,32],"product_tag":[4115,4180,3598],"class_list":{"0":"post-6660","1":"product","2":"type-product","3":"status-publish","4":"has-post-thumbnail","6":"product_cat-literatura","7":"product_cat-poesia-literatura","8":"product_tag-poesia-es","9":"product_tag-poesia-contemporanea","10":"product_tag-poesia-mexicana","12":"first","13":"instock","14":"taxable","15":"shipping-taxable","16":"purchasable","17":"product-type-simple"},"acf":[],"yoast_head":"<!-- This site is optimized with the Yoast SEO plugin v27.3 - https:\/\/yoast.com\/product\/yoast-seo-wordpress\/ -->\n<title>Palangre<\/title>\n<meta name=\"description\" content=\"PALANGRE. \/ Miguel Inzunza. Sinaloa, Mexico : Instituto Sinaloense de Cultura, 2023. 80 pages ; 21 cm. (Serie Ex Libris Poes\u00eda). ISBN : 9786078504961.\" \/>\n<meta name=\"robots\" content=\"index, follow, max-snippet:-1, max-image-preview:large, max-video-preview:-1\" \/>\n<link rel=\"canonical\" href=\"https:\/\/booksfrommexico.com\/es\/producto\/palangre\/\" \/>\n<meta property=\"og:locale\" content=\"es_ES\" \/>\n<meta property=\"og:type\" content=\"article\" \/>\n<meta property=\"og:title\" content=\"Palangre\" \/>\n<meta property=\"og:description\" content=\"PALANGRE. \/ Miguel Inzunza. Sinaloa, Mexico : Instituto Sinaloense de Cultura, 2023. 80 pages ; 21 cm. (Serie Ex Libris Poes\u00eda). ISBN : 9786078504961.\" \/>\n<meta property=\"og:url\" content=\"https:\/\/booksfrommexico.com\/es\/producto\/palangre\/\" \/>\n<meta property=\"og:site_name\" content=\"Books From Mexico\" \/>\n<meta property=\"article:modified_time\" content=\"2024-06-10T23:24:58+00:00\" \/>\n<meta property=\"og:image\" content=\"http:\/\/booksfrommexico.com\/app\/uploads\/2024\/05\/202165.jpg\" \/>\n\t<meta property=\"og:image:width\" content=\"534\" \/>\n\t<meta property=\"og:image:height\" content=\"815\" \/>\n\t<meta property=\"og:image:type\" content=\"image\/jpeg\" \/>\n<meta name=\"twitter:card\" content=\"summary_large_image\" \/>\n<meta name=\"twitter:label1\" content=\"Tiempo de lectura\" \/>\n\t<meta name=\"twitter:data1\" content=\"1 minuto\" \/>\n<script type=\"application\/ld+json\" class=\"yoast-schema-graph\">{\"@context\":\"https:\\\/\\\/schema.org\",\"@graph\":[{\"@type\":\"WebPage\",\"@id\":\"https:\\\/\\\/booksfrommexico.com\\\/es\\\/producto\\\/palangre\\\/\",\"url\":\"https:\\\/\\\/booksfrommexico.com\\\/es\\\/producto\\\/palangre\\\/\",\"name\":\"Palangre\",\"isPartOf\":{\"@id\":\"https:\\\/\\\/booksfrommexico.com\\\/#website\"},\"primaryImageOfPage\":{\"@id\":\"https:\\\/\\\/booksfrommexico.com\\\/es\\\/producto\\\/palangre\\\/#primaryimage\"},\"image\":{\"@id\":\"https:\\\/\\\/booksfrommexico.com\\\/es\\\/producto\\\/palangre\\\/#primaryimage\"},\"thumbnailUrl\":\"https:\\\/\\\/booksfrommexico.com\\\/app\\\/uploads\\\/2024\\\/05\\\/202165.jpg\",\"datePublished\":\"2024-05-29T17:42:20+00:00\",\"dateModified\":\"2024-06-10T23:24:58+00:00\",\"description\":\"PALANGRE. \\\/ Miguel Inzunza. Sinaloa, Mexico : Instituto Sinaloense de Cultura, 2023. 80 pages ; 21 cm. (Serie Ex Libris Poes\u00eda). ISBN : 9786078504961.\",\"breadcrumb\":{\"@id\":\"https:\\\/\\\/booksfrommexico.com\\\/es\\\/producto\\\/palangre\\\/#breadcrumb\"},\"inLanguage\":\"es\",\"potentialAction\":[{\"@type\":\"ReadAction\",\"target\":[\"https:\\\/\\\/booksfrommexico.com\\\/es\\\/producto\\\/palangre\\\/\"]}]},{\"@type\":\"ImageObject\",\"inLanguage\":\"es\",\"@id\":\"https:\\\/\\\/booksfrommexico.com\\\/es\\\/producto\\\/palangre\\\/#primaryimage\",\"url\":\"https:\\\/\\\/booksfrommexico.com\\\/app\\\/uploads\\\/2024\\\/05\\\/202165.jpg\",\"contentUrl\":\"https:\\\/\\\/booksfrommexico.com\\\/app\\\/uploads\\\/2024\\\/05\\\/202165.jpg\",\"width\":534,\"height\":815,\"caption\":\"Palangre\"},{\"@type\":\"BreadcrumbList\",\"@id\":\"https:\\\/\\\/booksfrommexico.com\\\/es\\\/producto\\\/palangre\\\/#breadcrumb\",\"itemListElement\":[{\"@type\":\"ListItem\",\"position\":1,\"name\":\"Home\",\"item\":\"https:\\\/\\\/booksfrommexico.com\\\/es\\\/\"},{\"@type\":\"ListItem\",\"position\":2,\"name\":\"Libros\",\"item\":\"https:\\\/\\\/booksfrommexico.com\\\/es\\\/libros\\\/\"},{\"@type\":\"ListItem\",\"position\":3,\"name\":\"Palangre\"}]},{\"@type\":\"WebSite\",\"@id\":\"https:\\\/\\\/booksfrommexico.com\\\/#website\",\"url\":\"https:\\\/\\\/booksfrommexico.com\\\/\",\"name\":\"Books From Mexico\",\"description\":\"\",\"publisher\":{\"@id\":\"https:\\\/\\\/booksfrommexico.com\\\/#organization\"},\"potentialAction\":[{\"@type\":\"SearchAction\",\"target\":{\"@type\":\"EntryPoint\",\"urlTemplate\":\"https:\\\/\\\/booksfrommexico.com\\\/?s={search_term_string}\"},\"query-input\":{\"@type\":\"PropertyValueSpecification\",\"valueRequired\":true,\"valueName\":\"search_term_string\"}}],\"inLanguage\":\"es\"},{\"@type\":\"Organization\",\"@id\":\"https:\\\/\\\/booksfrommexico.com\\\/#organization\",\"name\":\"Books From Mexico\",\"url\":\"https:\\\/\\\/booksfrommexico.com\\\/\",\"logo\":{\"@type\":\"ImageObject\",\"inLanguage\":\"es\",\"@id\":\"https:\\\/\\\/booksfrommexico.com\\\/#\\\/schema\\\/logo\\\/image\\\/\",\"url\":\"https:\\\/\\\/booksfrommexico.com\\\/app\\\/uploads\\\/2023\\\/05\\\/logo-booksfrommexico.svg\",\"contentUrl\":\"https:\\\/\\\/booksfrommexico.com\\\/app\\\/uploads\\\/2023\\\/05\\\/logo-booksfrommexico.svg\",\"width\":86,\"height\":56,\"caption\":\"Books From Mexico\"},\"image\":{\"@id\":\"https:\\\/\\\/booksfrommexico.com\\\/#\\\/schema\\\/logo\\\/image\\\/\"}}]}<\/script>\n<!-- \/ Yoast SEO plugin. -->","yoast_head_json":{"title":"Palangre","description":"PALANGRE. \/ Miguel Inzunza. Sinaloa, Mexico : Instituto Sinaloense de Cultura, 2023. 80 pages ; 21 cm. (Serie Ex Libris Poes\u00eda). ISBN : 9786078504961.","robots":{"index":"index","follow":"follow","max-snippet":"max-snippet:-1","max-image-preview":"max-image-preview:large","max-video-preview":"max-video-preview:-1"},"canonical":"https:\/\/booksfrommexico.com\/es\/producto\/palangre\/","og_locale":"es_ES","og_type":"article","og_title":"Palangre","og_description":"PALANGRE. \/ Miguel Inzunza. Sinaloa, Mexico : Instituto Sinaloense de Cultura, 2023. 80 pages ; 21 cm. (Serie Ex Libris Poes\u00eda). ISBN : 9786078504961.","og_url":"https:\/\/booksfrommexico.com\/es\/producto\/palangre\/","og_site_name":"Books From Mexico","article_modified_time":"2024-06-10T23:24:58+00:00","og_image":[{"width":534,"height":815,"url":"http:\/\/booksfrommexico.com\/app\/uploads\/2024\/05\/202165.jpg","type":"image\/jpeg"}],"twitter_card":"summary_large_image","twitter_misc":{"Tiempo de lectura":"1 minuto"},"schema":{"@context":"https:\/\/schema.org","@graph":[{"@type":"WebPage","@id":"https:\/\/booksfrommexico.com\/es\/producto\/palangre\/","url":"https:\/\/booksfrommexico.com\/es\/producto\/palangre\/","name":"Palangre","isPartOf":{"@id":"https:\/\/booksfrommexico.com\/#website"},"primaryImageOfPage":{"@id":"https:\/\/booksfrommexico.com\/es\/producto\/palangre\/#primaryimage"},"image":{"@id":"https:\/\/booksfrommexico.com\/es\/producto\/palangre\/#primaryimage"},"thumbnailUrl":"https:\/\/booksfrommexico.com\/app\/uploads\/2024\/05\/202165.jpg","datePublished":"2024-05-29T17:42:20+00:00","dateModified":"2024-06-10T23:24:58+00:00","description":"PALANGRE. \/ Miguel Inzunza. Sinaloa, Mexico : Instituto Sinaloense de Cultura, 2023. 80 pages ; 21 cm. (Serie Ex Libris Poes\u00eda). ISBN : 9786078504961.","breadcrumb":{"@id":"https:\/\/booksfrommexico.com\/es\/producto\/palangre\/#breadcrumb"},"inLanguage":"es","potentialAction":[{"@type":"ReadAction","target":["https:\/\/booksfrommexico.com\/es\/producto\/palangre\/"]}]},{"@type":"ImageObject","inLanguage":"es","@id":"https:\/\/booksfrommexico.com\/es\/producto\/palangre\/#primaryimage","url":"https:\/\/booksfrommexico.com\/app\/uploads\/2024\/05\/202165.jpg","contentUrl":"https:\/\/booksfrommexico.com\/app\/uploads\/2024\/05\/202165.jpg","width":534,"height":815,"caption":"Palangre"},{"@type":"BreadcrumbList","@id":"https:\/\/booksfrommexico.com\/es\/producto\/palangre\/#breadcrumb","itemListElement":[{"@type":"ListItem","position":1,"name":"Home","item":"https:\/\/booksfrommexico.com\/es\/"},{"@type":"ListItem","position":2,"name":"Libros","item":"https:\/\/booksfrommexico.com\/es\/libros\/"},{"@type":"ListItem","position":3,"name":"Palangre"}]},{"@type":"WebSite","@id":"https:\/\/booksfrommexico.com\/#website","url":"https:\/\/booksfrommexico.com\/","name":"Books From Mexico","description":"","publisher":{"@id":"https:\/\/booksfrommexico.com\/#organization"},"potentialAction":[{"@type":"SearchAction","target":{"@type":"EntryPoint","urlTemplate":"https:\/\/booksfrommexico.com\/?s={search_term_string}"},"query-input":{"@type":"PropertyValueSpecification","valueRequired":true,"valueName":"search_term_string"}}],"inLanguage":"es"},{"@type":"Organization","@id":"https:\/\/booksfrommexico.com\/#organization","name":"Books From Mexico","url":"https:\/\/booksfrommexico.com\/","logo":{"@type":"ImageObject","inLanguage":"es","@id":"https:\/\/booksfrommexico.com\/#\/schema\/logo\/image\/","url":"https:\/\/booksfrommexico.com\/app\/uploads\/2023\/05\/logo-booksfrommexico.svg","contentUrl":"https:\/\/booksfrommexico.com\/app\/uploads\/2023\/05\/logo-booksfrommexico.svg","width":86,"height":56,"caption":"Books From Mexico"},"image":{"@id":"https:\/\/booksfrommexico.com\/#\/schema\/logo\/image\/"}}]}},"_links":{"self":[{"href":"https:\/\/booksfrommexico.com\/es\/wp-json\/wp\/v2\/product\/6660","targetHints":{"allow":["GET"]}}],"collection":[{"href":"https:\/\/booksfrommexico.com\/es\/wp-json\/wp\/v2\/product"}],"about":[{"href":"https:\/\/booksfrommexico.com\/es\/wp-json\/wp\/v2\/types\/product"}],"wp:featuredmedia":[{"embeddable":true,"href":"https:\/\/booksfrommexico.com\/es\/wp-json\/wp\/v2\/media\/7002"}],"wp:attachment":[{"href":"https:\/\/booksfrommexico.com\/es\/wp-json\/wp\/v2\/media?parent=6660"}],"wp:term":[{"taxonomy":"product_brand","embeddable":true,"href":"https:\/\/booksfrommexico.com\/es\/wp-json\/wp\/v2\/product_brand?post=6660"},{"taxonomy":"product_cat","embeddable":true,"href":"https:\/\/booksfrommexico.com\/es\/wp-json\/wp\/v2\/product_cat?post=6660"},{"taxonomy":"product_tag","embeddable":true,"href":"https:\/\/booksfrommexico.com\/es\/wp-json\/wp\/v2\/product_tag?post=6660"}],"curies":[{"name":"wp","href":"https:\/\/api.w.org\/{rel}","templated":true}]}}