{"id":6661,"date":"2024-05-29T17:42:20","date_gmt":"2024-05-29T17:42:20","guid":{"rendered":"https:\/\/booksfrommexico.com\/product\/esta-insana-mania-de-mirar\/"},"modified":"2024-06-06T23:11:10","modified_gmt":"2024-06-06T23:11:10","slug":"esta-insana-mania-de-mirar","status":"publish","type":"product","link":"https:\/\/booksfrommexico.com\/es\/producto\/esta-insana-mania-de-mirar\/","title":{"rendered":"Esta insana man\u00eda de mirar"},"content":{"rendered":"<p><span style=\"font-weight: 400;\">Claudia Islas Coronel es poeta, editora, dise\u00f1adora, promotora cultural y chef, es autora de diversos libros de poes\u00eda y ha participado en antolog\u00edas nacionales e internacionales traducidas al ingl\u00e9s, italiano y Braille. A lo largo de esta serie de poemas, la autora se encarga de adentrar al lector por un reino nocturno y misterioso donde se habla del dolor, la alegr\u00eda, la m\u00fasica, el silencio, el sue\u00f1o, la vigilia, la luz y la oscuridad, una serie de conceptos con sus correspondientes contrastes para en conjunto brindar un panorama sobre el deseo, la nostalgia y la melancol\u00eda. <\/span><\/p>\n","protected":false},"excerpt":{"rendered":"<p>ESTA INSANA MAN\u00cdA DE MIRAR<span style=\"font-weight: 400;\">. \/ Claudia Islas Coronel. Sinaloa, M\u00e9xico : Instituto Sinaloense de Cultura, 2023. 68 pages ; 21 cm. (Serie Ex libris Poes\u00eda). ISBN : 9786075973999.\u00a0<\/span><\/p>\n<p><br style=\"font-weight: 400;\" \/><br style=\"font-weight: 400;\" \/><\/p>\n","protected":false},"featured_media":7006,"template":"","meta":{"_acf_changed":false,"inline_featured_image":false},"product_brand":[],"product_cat":[25,32],"product_tag":[4124,4225,4115,3598],"class_list":{"0":"post-6661","1":"product","2":"type-product","3":"status-publish","4":"has-post-thumbnail","6":"product_cat-literatura","7":"product_cat-poesia-literatura","8":"product_tag-literatura-es","9":"product_tag-mujeres-literatura","10":"product_tag-poesia-es","11":"product_tag-poesia-mexicana","13":"first","14":"instock","15":"taxable","16":"shipping-taxable","17":"purchasable","18":"product-type-simple"},"acf":[],"yoast_head":"<!-- This site is optimized with the Yoast SEO plugin v27.3 - https:\/\/yoast.com\/product\/yoast-seo-wordpress\/ -->\n<title>Esta insana man\u00eda de mirar<\/title>\n<meta name=\"description\" content=\"ESTA INSANA MAN\u00cdA DE MIRAR. \/ Claudia Islas Coronel. Sinaloa, M\u00e9xico : Instituto Sinaloense de Cultura, 2023. 68 pages. (Serie Ex libris Poes\u00eda).\" \/>\n<meta name=\"robots\" content=\"index, follow, max-snippet:-1, max-image-preview:large, max-video-preview:-1\" \/>\n<link rel=\"canonical\" href=\"https:\/\/booksfrommexico.com\/es\/producto\/esta-insana-mania-de-mirar\/\" \/>\n<meta property=\"og:locale\" content=\"es_ES\" \/>\n<meta property=\"og:type\" content=\"article\" \/>\n<meta property=\"og:title\" content=\"Esta insana man\u00eda de mirar\" \/>\n<meta property=\"og:description\" content=\"ESTA INSANA MAN\u00cdA DE MIRAR. \/ Claudia Islas Coronel. Sinaloa, M\u00e9xico : Instituto Sinaloense de Cultura, 2023. 68 pages. (Serie Ex libris Poes\u00eda).\" \/>\n<meta property=\"og:url\" content=\"https:\/\/booksfrommexico.com\/es\/producto\/esta-insana-mania-de-mirar\/\" \/>\n<meta property=\"og:site_name\" content=\"Books From Mexico\" \/>\n<meta property=\"article:modified_time\" content=\"2024-06-06T23:11:10+00:00\" \/>\n<meta property=\"og:image\" content=\"http:\/\/booksfrommexico.com\/app\/uploads\/2024\/05\/202167.jpg\" \/>\n\t<meta property=\"og:image:width\" content=\"534\" \/>\n\t<meta property=\"og:image:height\" content=\"815\" \/>\n\t<meta property=\"og:image:type\" content=\"image\/jpeg\" \/>\n<meta name=\"twitter:card\" content=\"summary_large_image\" \/>\n<meta name=\"twitter:label1\" content=\"Tiempo de lectura\" \/>\n\t<meta name=\"twitter:data1\" content=\"1 minuto\" \/>\n<script type=\"application\/ld+json\" class=\"yoast-schema-graph\">{\"@context\":\"https:\\\/\\\/schema.org\",\"@graph\":[{\"@type\":\"WebPage\",\"@id\":\"https:\\\/\\\/booksfrommexico.com\\\/es\\\/producto\\\/esta-insana-mania-de-mirar\\\/\",\"url\":\"https:\\\/\\\/booksfrommexico.com\\\/es\\\/producto\\\/esta-insana-mania-de-mirar\\\/\",\"name\":\"Esta insana man\u00eda de mirar\",\"isPartOf\":{\"@id\":\"https:\\\/\\\/booksfrommexico.com\\\/#website\"},\"primaryImageOfPage\":{\"@id\":\"https:\\\/\\\/booksfrommexico.com\\\/es\\\/producto\\\/esta-insana-mania-de-mirar\\\/#primaryimage\"},\"image\":{\"@id\":\"https:\\\/\\\/booksfrommexico.com\\\/es\\\/producto\\\/esta-insana-mania-de-mirar\\\/#primaryimage\"},\"thumbnailUrl\":\"https:\\\/\\\/booksfrommexico.com\\\/app\\\/uploads\\\/2024\\\/05\\\/202167.jpg\",\"datePublished\":\"2024-05-29T17:42:20+00:00\",\"dateModified\":\"2024-06-06T23:11:10+00:00\",\"description\":\"ESTA INSANA MAN\u00cdA DE MIRAR. \\\/ Claudia Islas Coronel. Sinaloa, M\u00e9xico : Instituto Sinaloense de Cultura, 2023. 68 pages. (Serie Ex libris Poes\u00eda).\",\"breadcrumb\":{\"@id\":\"https:\\\/\\\/booksfrommexico.com\\\/es\\\/producto\\\/esta-insana-mania-de-mirar\\\/#breadcrumb\"},\"inLanguage\":\"es\",\"potentialAction\":[{\"@type\":\"ReadAction\",\"target\":[\"https:\\\/\\\/booksfrommexico.com\\\/es\\\/producto\\\/esta-insana-mania-de-mirar\\\/\"]}]},{\"@type\":\"ImageObject\",\"inLanguage\":\"es\",\"@id\":\"https:\\\/\\\/booksfrommexico.com\\\/es\\\/producto\\\/esta-insana-mania-de-mirar\\\/#primaryimage\",\"url\":\"https:\\\/\\\/booksfrommexico.com\\\/app\\\/uploads\\\/2024\\\/05\\\/202167.jpg\",\"contentUrl\":\"https:\\\/\\\/booksfrommexico.com\\\/app\\\/uploads\\\/2024\\\/05\\\/202167.jpg\",\"width\":534,\"height\":815,\"caption\":\"Esta insana man\u00eda de mirar\"},{\"@type\":\"BreadcrumbList\",\"@id\":\"https:\\\/\\\/booksfrommexico.com\\\/es\\\/producto\\\/esta-insana-mania-de-mirar\\\/#breadcrumb\",\"itemListElement\":[{\"@type\":\"ListItem\",\"position\":1,\"name\":\"Home\",\"item\":\"https:\\\/\\\/booksfrommexico.com\\\/es\\\/\"},{\"@type\":\"ListItem\",\"position\":2,\"name\":\"Libros\",\"item\":\"https:\\\/\\\/booksfrommexico.com\\\/es\\\/libros\\\/\"},{\"@type\":\"ListItem\",\"position\":3,\"name\":\"Esta insana man\u00eda de mirar\"}]},{\"@type\":\"WebSite\",\"@id\":\"https:\\\/\\\/booksfrommexico.com\\\/#website\",\"url\":\"https:\\\/\\\/booksfrommexico.com\\\/\",\"name\":\"Books From Mexico\",\"description\":\"\",\"publisher\":{\"@id\":\"https:\\\/\\\/booksfrommexico.com\\\/#organization\"},\"potentialAction\":[{\"@type\":\"SearchAction\",\"target\":{\"@type\":\"EntryPoint\",\"urlTemplate\":\"https:\\\/\\\/booksfrommexico.com\\\/?s={search_term_string}\"},\"query-input\":{\"@type\":\"PropertyValueSpecification\",\"valueRequired\":true,\"valueName\":\"search_term_string\"}}],\"inLanguage\":\"es\"},{\"@type\":\"Organization\",\"@id\":\"https:\\\/\\\/booksfrommexico.com\\\/#organization\",\"name\":\"Books From Mexico\",\"url\":\"https:\\\/\\\/booksfrommexico.com\\\/\",\"logo\":{\"@type\":\"ImageObject\",\"inLanguage\":\"es\",\"@id\":\"https:\\\/\\\/booksfrommexico.com\\\/#\\\/schema\\\/logo\\\/image\\\/\",\"url\":\"https:\\\/\\\/booksfrommexico.com\\\/app\\\/uploads\\\/2023\\\/05\\\/logo-booksfrommexico.svg\",\"contentUrl\":\"https:\\\/\\\/booksfrommexico.com\\\/app\\\/uploads\\\/2023\\\/05\\\/logo-booksfrommexico.svg\",\"width\":86,\"height\":56,\"caption\":\"Books From Mexico\"},\"image\":{\"@id\":\"https:\\\/\\\/booksfrommexico.com\\\/#\\\/schema\\\/logo\\\/image\\\/\"}}]}<\/script>\n<!-- \/ Yoast SEO plugin. -->","yoast_head_json":{"title":"Esta insana man\u00eda de mirar","description":"ESTA INSANA MAN\u00cdA DE MIRAR. \/ Claudia Islas Coronel. Sinaloa, M\u00e9xico : Instituto Sinaloense de Cultura, 2023. 68 pages. (Serie Ex libris Poes\u00eda).","robots":{"index":"index","follow":"follow","max-snippet":"max-snippet:-1","max-image-preview":"max-image-preview:large","max-video-preview":"max-video-preview:-1"},"canonical":"https:\/\/booksfrommexico.com\/es\/producto\/esta-insana-mania-de-mirar\/","og_locale":"es_ES","og_type":"article","og_title":"Esta insana man\u00eda de mirar","og_description":"ESTA INSANA MAN\u00cdA DE MIRAR. \/ Claudia Islas Coronel. Sinaloa, M\u00e9xico : Instituto Sinaloense de Cultura, 2023. 68 pages. (Serie Ex libris Poes\u00eda).","og_url":"https:\/\/booksfrommexico.com\/es\/producto\/esta-insana-mania-de-mirar\/","og_site_name":"Books From Mexico","article_modified_time":"2024-06-06T23:11:10+00:00","og_image":[{"width":534,"height":815,"url":"http:\/\/booksfrommexico.com\/app\/uploads\/2024\/05\/202167.jpg","type":"image\/jpeg"}],"twitter_card":"summary_large_image","twitter_misc":{"Tiempo de lectura":"1 minuto"},"schema":{"@context":"https:\/\/schema.org","@graph":[{"@type":"WebPage","@id":"https:\/\/booksfrommexico.com\/es\/producto\/esta-insana-mania-de-mirar\/","url":"https:\/\/booksfrommexico.com\/es\/producto\/esta-insana-mania-de-mirar\/","name":"Esta insana man\u00eda de mirar","isPartOf":{"@id":"https:\/\/booksfrommexico.com\/#website"},"primaryImageOfPage":{"@id":"https:\/\/booksfrommexico.com\/es\/producto\/esta-insana-mania-de-mirar\/#primaryimage"},"image":{"@id":"https:\/\/booksfrommexico.com\/es\/producto\/esta-insana-mania-de-mirar\/#primaryimage"},"thumbnailUrl":"https:\/\/booksfrommexico.com\/app\/uploads\/2024\/05\/202167.jpg","datePublished":"2024-05-29T17:42:20+00:00","dateModified":"2024-06-06T23:11:10+00:00","description":"ESTA INSANA MAN\u00cdA DE MIRAR. \/ Claudia Islas Coronel. Sinaloa, M\u00e9xico : Instituto Sinaloense de Cultura, 2023. 68 pages. (Serie Ex libris Poes\u00eda).","breadcrumb":{"@id":"https:\/\/booksfrommexico.com\/es\/producto\/esta-insana-mania-de-mirar\/#breadcrumb"},"inLanguage":"es","potentialAction":[{"@type":"ReadAction","target":["https:\/\/booksfrommexico.com\/es\/producto\/esta-insana-mania-de-mirar\/"]}]},{"@type":"ImageObject","inLanguage":"es","@id":"https:\/\/booksfrommexico.com\/es\/producto\/esta-insana-mania-de-mirar\/#primaryimage","url":"https:\/\/booksfrommexico.com\/app\/uploads\/2024\/05\/202167.jpg","contentUrl":"https:\/\/booksfrommexico.com\/app\/uploads\/2024\/05\/202167.jpg","width":534,"height":815,"caption":"Esta insana man\u00eda de mirar"},{"@type":"BreadcrumbList","@id":"https:\/\/booksfrommexico.com\/es\/producto\/esta-insana-mania-de-mirar\/#breadcrumb","itemListElement":[{"@type":"ListItem","position":1,"name":"Home","item":"https:\/\/booksfrommexico.com\/es\/"},{"@type":"ListItem","position":2,"name":"Libros","item":"https:\/\/booksfrommexico.com\/es\/libros\/"},{"@type":"ListItem","position":3,"name":"Esta insana man\u00eda de mirar"}]},{"@type":"WebSite","@id":"https:\/\/booksfrommexico.com\/#website","url":"https:\/\/booksfrommexico.com\/","name":"Books From Mexico","description":"","publisher":{"@id":"https:\/\/booksfrommexico.com\/#organization"},"potentialAction":[{"@type":"SearchAction","target":{"@type":"EntryPoint","urlTemplate":"https:\/\/booksfrommexico.com\/?s={search_term_string}"},"query-input":{"@type":"PropertyValueSpecification","valueRequired":true,"valueName":"search_term_string"}}],"inLanguage":"es"},{"@type":"Organization","@id":"https:\/\/booksfrommexico.com\/#organization","name":"Books From Mexico","url":"https:\/\/booksfrommexico.com\/","logo":{"@type":"ImageObject","inLanguage":"es","@id":"https:\/\/booksfrommexico.com\/#\/schema\/logo\/image\/","url":"https:\/\/booksfrommexico.com\/app\/uploads\/2023\/05\/logo-booksfrommexico.svg","contentUrl":"https:\/\/booksfrommexico.com\/app\/uploads\/2023\/05\/logo-booksfrommexico.svg","width":86,"height":56,"caption":"Books From Mexico"},"image":{"@id":"https:\/\/booksfrommexico.com\/#\/schema\/logo\/image\/"}}]}},"_links":{"self":[{"href":"https:\/\/booksfrommexico.com\/es\/wp-json\/wp\/v2\/product\/6661","targetHints":{"allow":["GET"]}}],"collection":[{"href":"https:\/\/booksfrommexico.com\/es\/wp-json\/wp\/v2\/product"}],"about":[{"href":"https:\/\/booksfrommexico.com\/es\/wp-json\/wp\/v2\/types\/product"}],"wp:featuredmedia":[{"embeddable":true,"href":"https:\/\/booksfrommexico.com\/es\/wp-json\/wp\/v2\/media\/7006"}],"wp:attachment":[{"href":"https:\/\/booksfrommexico.com\/es\/wp-json\/wp\/v2\/media?parent=6661"}],"wp:term":[{"taxonomy":"product_brand","embeddable":true,"href":"https:\/\/booksfrommexico.com\/es\/wp-json\/wp\/v2\/product_brand?post=6661"},{"taxonomy":"product_cat","embeddable":true,"href":"https:\/\/booksfrommexico.com\/es\/wp-json\/wp\/v2\/product_cat?post=6661"},{"taxonomy":"product_tag","embeddable":true,"href":"https:\/\/booksfrommexico.com\/es\/wp-json\/wp\/v2\/product_tag?post=6661"}],"curies":[{"name":"wp","href":"https:\/\/api.w.org\/{rel}","templated":true}]}}