{"id":6665,"date":"2024-05-29T17:42:21","date_gmt":"2024-05-29T17:42:21","guid":{"rendered":"https:\/\/booksfrommexico.com\/product\/cerro-que-arde\/"},"modified":"2024-06-24T20:18:55","modified_gmt":"2024-06-24T20:18:55","slug":"cerro-que-arde","status":"publish","type":"product","link":"https:\/\/booksfrommexico.com\/es\/producto\/cerro-que-arde\/","title":{"rendered":"Cerro que arde"},"content":{"rendered":"<p><span style=\"font-weight: 400;\">Edgar Adri\u00e1n Mora ha sido ganador del Premio Nacional de Narrativa Joven Mar\u00eda Luisa Puga (novela), el Premio Nacional de Narrativa Joven UACM 2005 (cuento) y el premio 33 de la revista <\/span><i><span style=\"font-weight: 400;\">Punto de partida <\/span><\/i><span style=\"font-weight: 400;\">(ensayo y cr\u00f3nica). En este t\u00edtulo el autor trae la memoria popular de la regi\u00f3n serrana de Puebla, para ofrecer nueve cuentos que responden parte de las preguntas sobre los or\u00edgenes de los pobladores, al hablar con su gente y sus costumbres. En estos cuentos se retoman historias desde pol\u00edticos corruptos que luchan con hallazgos arqueol\u00f3gicos, dragones guardianes de la cultura nahua-mexica hasta dramaturgos novohispanos que personifican la desigualdad de las castas.<\/span><\/p>\n","protected":false},"excerpt":{"rendered":"<p>CERRO QUE ARDE<span style=\"font-weight: 400;\">. \/ \u00c9dgar Adri\u00e1n Mora ; Eduardo Mora (illustrator). Culiac\u00e1n Rosales, Sinaloa : Instituto Sinaloense de Cultura, 2018. 124 pages : includes illustrations; 21 cm. (Serie Ex Libris Narrativa). ISBN : 9786078504350.<\/span><\/p>\n","protected":false},"featured_media":7021,"template":"","meta":{"_acf_changed":false,"inline_featured_image":false},"product_brand":[],"product_cat":[37,25],"product_tag":[4127,3603],"class_list":{"0":"post-6665","1":"product","2":"type-product","3":"status-publish","4":"has-post-thumbnail","6":"product_cat-cuento-literatura","7":"product_cat-literatura","8":"product_tag-cuento","9":"product_tag-cuentos-mexicanos","11":"first","12":"instock","13":"taxable","14":"shipping-taxable","15":"purchasable","16":"product-type-simple"},"acf":[],"yoast_head":"<!-- This site is optimized with the Yoast SEO plugin v27.3 - https:\/\/yoast.com\/product\/yoast-seo-wordpress\/ -->\n<title>Cerro que arde<\/title>\n<meta name=\"description\" content=\"CERRO QUE ARDE. \/ \u00c9dgar Adri\u00e1n Mora ; Eduardo Mora (illustrator). Instituto Sinaloense de Cultura, 2018. (Serie Ex Libris Narrativa). ISBN : 9786078504350.\" \/>\n<meta name=\"robots\" content=\"index, follow, max-snippet:-1, max-image-preview:large, max-video-preview:-1\" \/>\n<link rel=\"canonical\" href=\"https:\/\/booksfrommexico.com\/es\/producto\/cerro-que-arde\/\" \/>\n<meta property=\"og:locale\" content=\"es_ES\" \/>\n<meta property=\"og:type\" content=\"article\" \/>\n<meta property=\"og:title\" content=\"Cerro que arde\" \/>\n<meta property=\"og:description\" content=\"CERRO QUE ARDE. \/ \u00c9dgar Adri\u00e1n Mora ; Eduardo Mora (illustrator). Instituto Sinaloense de Cultura, 2018. (Serie Ex Libris Narrativa). ISBN : 9786078504350.\" \/>\n<meta property=\"og:url\" content=\"https:\/\/booksfrommexico.com\/es\/producto\/cerro-que-arde\/\" \/>\n<meta property=\"og:site_name\" content=\"Books From Mexico\" \/>\n<meta property=\"article:modified_time\" content=\"2024-06-24T20:18:55+00:00\" \/>\n<meta property=\"og:image\" content=\"http:\/\/booksfrommexico.com\/app\/uploads\/2024\/05\/202176.jpeg\" \/>\n\t<meta property=\"og:image:width\" content=\"562\" \/>\n\t<meta property=\"og:image:height\" content=\"923\" \/>\n\t<meta property=\"og:image:type\" content=\"image\/jpeg\" \/>\n<meta name=\"twitter:card\" content=\"summary_large_image\" \/>\n<meta name=\"twitter:label1\" content=\"Tiempo de lectura\" \/>\n\t<meta name=\"twitter:data1\" content=\"1 minuto\" \/>\n<script type=\"application\/ld+json\" class=\"yoast-schema-graph\">{\"@context\":\"https:\\\/\\\/schema.org\",\"@graph\":[{\"@type\":\"WebPage\",\"@id\":\"https:\\\/\\\/booksfrommexico.com\\\/es\\\/producto\\\/cerro-que-arde\\\/\",\"url\":\"https:\\\/\\\/booksfrommexico.com\\\/es\\\/producto\\\/cerro-que-arde\\\/\",\"name\":\"Cerro que arde\",\"isPartOf\":{\"@id\":\"https:\\\/\\\/booksfrommexico.com\\\/#website\"},\"primaryImageOfPage\":{\"@id\":\"https:\\\/\\\/booksfrommexico.com\\\/es\\\/producto\\\/cerro-que-arde\\\/#primaryimage\"},\"image\":{\"@id\":\"https:\\\/\\\/booksfrommexico.com\\\/es\\\/producto\\\/cerro-que-arde\\\/#primaryimage\"},\"thumbnailUrl\":\"https:\\\/\\\/booksfrommexico.com\\\/app\\\/uploads\\\/2024\\\/05\\\/202176.jpeg\",\"datePublished\":\"2024-05-29T17:42:21+00:00\",\"dateModified\":\"2024-06-24T20:18:55+00:00\",\"description\":\"CERRO QUE ARDE. \\\/ \u00c9dgar Adri\u00e1n Mora ; Eduardo Mora (illustrator). Instituto Sinaloense de Cultura, 2018. (Serie Ex Libris Narrativa). ISBN : 9786078504350.\",\"breadcrumb\":{\"@id\":\"https:\\\/\\\/booksfrommexico.com\\\/es\\\/producto\\\/cerro-que-arde\\\/#breadcrumb\"},\"inLanguage\":\"es\",\"potentialAction\":[{\"@type\":\"ReadAction\",\"target\":[\"https:\\\/\\\/booksfrommexico.com\\\/es\\\/producto\\\/cerro-que-arde\\\/\"]}]},{\"@type\":\"ImageObject\",\"inLanguage\":\"es\",\"@id\":\"https:\\\/\\\/booksfrommexico.com\\\/es\\\/producto\\\/cerro-que-arde\\\/#primaryimage\",\"url\":\"https:\\\/\\\/booksfrommexico.com\\\/app\\\/uploads\\\/2024\\\/05\\\/202176.jpeg\",\"contentUrl\":\"https:\\\/\\\/booksfrommexico.com\\\/app\\\/uploads\\\/2024\\\/05\\\/202176.jpeg\",\"width\":562,\"height\":923,\"caption\":\"Cerro que arde\"},{\"@type\":\"BreadcrumbList\",\"@id\":\"https:\\\/\\\/booksfrommexico.com\\\/es\\\/producto\\\/cerro-que-arde\\\/#breadcrumb\",\"itemListElement\":[{\"@type\":\"ListItem\",\"position\":1,\"name\":\"Home\",\"item\":\"https:\\\/\\\/booksfrommexico.com\\\/es\\\/\"},{\"@type\":\"ListItem\",\"position\":2,\"name\":\"Libros\",\"item\":\"https:\\\/\\\/booksfrommexico.com\\\/es\\\/libros\\\/\"},{\"@type\":\"ListItem\",\"position\":3,\"name\":\"Cerro que arde\"}]},{\"@type\":\"WebSite\",\"@id\":\"https:\\\/\\\/booksfrommexico.com\\\/#website\",\"url\":\"https:\\\/\\\/booksfrommexico.com\\\/\",\"name\":\"Books From Mexico\",\"description\":\"\",\"publisher\":{\"@id\":\"https:\\\/\\\/booksfrommexico.com\\\/#organization\"},\"potentialAction\":[{\"@type\":\"SearchAction\",\"target\":{\"@type\":\"EntryPoint\",\"urlTemplate\":\"https:\\\/\\\/booksfrommexico.com\\\/?s={search_term_string}\"},\"query-input\":{\"@type\":\"PropertyValueSpecification\",\"valueRequired\":true,\"valueName\":\"search_term_string\"}}],\"inLanguage\":\"es\"},{\"@type\":\"Organization\",\"@id\":\"https:\\\/\\\/booksfrommexico.com\\\/#organization\",\"name\":\"Books From Mexico\",\"url\":\"https:\\\/\\\/booksfrommexico.com\\\/\",\"logo\":{\"@type\":\"ImageObject\",\"inLanguage\":\"es\",\"@id\":\"https:\\\/\\\/booksfrommexico.com\\\/#\\\/schema\\\/logo\\\/image\\\/\",\"url\":\"https:\\\/\\\/booksfrommexico.com\\\/app\\\/uploads\\\/2023\\\/05\\\/logo-booksfrommexico.svg\",\"contentUrl\":\"https:\\\/\\\/booksfrommexico.com\\\/app\\\/uploads\\\/2023\\\/05\\\/logo-booksfrommexico.svg\",\"width\":86,\"height\":56,\"caption\":\"Books From Mexico\"},\"image\":{\"@id\":\"https:\\\/\\\/booksfrommexico.com\\\/#\\\/schema\\\/logo\\\/image\\\/\"}}]}<\/script>\n<!-- \/ Yoast SEO plugin. -->","yoast_head_json":{"title":"Cerro que arde","description":"CERRO QUE ARDE. \/ \u00c9dgar Adri\u00e1n Mora ; Eduardo Mora (illustrator). Instituto Sinaloense de Cultura, 2018. (Serie Ex Libris Narrativa). ISBN : 9786078504350.","robots":{"index":"index","follow":"follow","max-snippet":"max-snippet:-1","max-image-preview":"max-image-preview:large","max-video-preview":"max-video-preview:-1"},"canonical":"https:\/\/booksfrommexico.com\/es\/producto\/cerro-que-arde\/","og_locale":"es_ES","og_type":"article","og_title":"Cerro que arde","og_description":"CERRO QUE ARDE. \/ \u00c9dgar Adri\u00e1n Mora ; Eduardo Mora (illustrator). Instituto Sinaloense de Cultura, 2018. (Serie Ex Libris Narrativa). ISBN : 9786078504350.","og_url":"https:\/\/booksfrommexico.com\/es\/producto\/cerro-que-arde\/","og_site_name":"Books From Mexico","article_modified_time":"2024-06-24T20:18:55+00:00","og_image":[{"width":562,"height":923,"url":"http:\/\/booksfrommexico.com\/app\/uploads\/2024\/05\/202176.jpeg","type":"image\/jpeg"}],"twitter_card":"summary_large_image","twitter_misc":{"Tiempo de lectura":"1 minuto"},"schema":{"@context":"https:\/\/schema.org","@graph":[{"@type":"WebPage","@id":"https:\/\/booksfrommexico.com\/es\/producto\/cerro-que-arde\/","url":"https:\/\/booksfrommexico.com\/es\/producto\/cerro-que-arde\/","name":"Cerro que arde","isPartOf":{"@id":"https:\/\/booksfrommexico.com\/#website"},"primaryImageOfPage":{"@id":"https:\/\/booksfrommexico.com\/es\/producto\/cerro-que-arde\/#primaryimage"},"image":{"@id":"https:\/\/booksfrommexico.com\/es\/producto\/cerro-que-arde\/#primaryimage"},"thumbnailUrl":"https:\/\/booksfrommexico.com\/app\/uploads\/2024\/05\/202176.jpeg","datePublished":"2024-05-29T17:42:21+00:00","dateModified":"2024-06-24T20:18:55+00:00","description":"CERRO QUE ARDE. \/ \u00c9dgar Adri\u00e1n Mora ; Eduardo Mora (illustrator). Instituto Sinaloense de Cultura, 2018. (Serie Ex Libris Narrativa). ISBN : 9786078504350.","breadcrumb":{"@id":"https:\/\/booksfrommexico.com\/es\/producto\/cerro-que-arde\/#breadcrumb"},"inLanguage":"es","potentialAction":[{"@type":"ReadAction","target":["https:\/\/booksfrommexico.com\/es\/producto\/cerro-que-arde\/"]}]},{"@type":"ImageObject","inLanguage":"es","@id":"https:\/\/booksfrommexico.com\/es\/producto\/cerro-que-arde\/#primaryimage","url":"https:\/\/booksfrommexico.com\/app\/uploads\/2024\/05\/202176.jpeg","contentUrl":"https:\/\/booksfrommexico.com\/app\/uploads\/2024\/05\/202176.jpeg","width":562,"height":923,"caption":"Cerro que arde"},{"@type":"BreadcrumbList","@id":"https:\/\/booksfrommexico.com\/es\/producto\/cerro-que-arde\/#breadcrumb","itemListElement":[{"@type":"ListItem","position":1,"name":"Home","item":"https:\/\/booksfrommexico.com\/es\/"},{"@type":"ListItem","position":2,"name":"Libros","item":"https:\/\/booksfrommexico.com\/es\/libros\/"},{"@type":"ListItem","position":3,"name":"Cerro que arde"}]},{"@type":"WebSite","@id":"https:\/\/booksfrommexico.com\/#website","url":"https:\/\/booksfrommexico.com\/","name":"Books From Mexico","description":"","publisher":{"@id":"https:\/\/booksfrommexico.com\/#organization"},"potentialAction":[{"@type":"SearchAction","target":{"@type":"EntryPoint","urlTemplate":"https:\/\/booksfrommexico.com\/?s={search_term_string}"},"query-input":{"@type":"PropertyValueSpecification","valueRequired":true,"valueName":"search_term_string"}}],"inLanguage":"es"},{"@type":"Organization","@id":"https:\/\/booksfrommexico.com\/#organization","name":"Books From Mexico","url":"https:\/\/booksfrommexico.com\/","logo":{"@type":"ImageObject","inLanguage":"es","@id":"https:\/\/booksfrommexico.com\/#\/schema\/logo\/image\/","url":"https:\/\/booksfrommexico.com\/app\/uploads\/2023\/05\/logo-booksfrommexico.svg","contentUrl":"https:\/\/booksfrommexico.com\/app\/uploads\/2023\/05\/logo-booksfrommexico.svg","width":86,"height":56,"caption":"Books From Mexico"},"image":{"@id":"https:\/\/booksfrommexico.com\/#\/schema\/logo\/image\/"}}]}},"_links":{"self":[{"href":"https:\/\/booksfrommexico.com\/es\/wp-json\/wp\/v2\/product\/6665","targetHints":{"allow":["GET"]}}],"collection":[{"href":"https:\/\/booksfrommexico.com\/es\/wp-json\/wp\/v2\/product"}],"about":[{"href":"https:\/\/booksfrommexico.com\/es\/wp-json\/wp\/v2\/types\/product"}],"wp:featuredmedia":[{"embeddable":true,"href":"https:\/\/booksfrommexico.com\/es\/wp-json\/wp\/v2\/media\/7021"}],"wp:attachment":[{"href":"https:\/\/booksfrommexico.com\/es\/wp-json\/wp\/v2\/media?parent=6665"}],"wp:term":[{"taxonomy":"product_brand","embeddable":true,"href":"https:\/\/booksfrommexico.com\/es\/wp-json\/wp\/v2\/product_brand?post=6665"},{"taxonomy":"product_cat","embeddable":true,"href":"https:\/\/booksfrommexico.com\/es\/wp-json\/wp\/v2\/product_cat?post=6665"},{"taxonomy":"product_tag","embeddable":true,"href":"https:\/\/booksfrommexico.com\/es\/wp-json\/wp\/v2\/product_tag?post=6665"}],"curies":[{"name":"wp","href":"https:\/\/api.w.org\/{rel}","templated":true}]}}