{"id":6666,"date":"2024-05-29T17:42:21","date_gmt":"2024-05-29T17:42:21","guid":{"rendered":"https:\/\/booksfrommexico.com\/product\/manana-me-amaras\/"},"modified":"2024-06-24T21:59:34","modified_gmt":"2024-06-24T21:59:34","slug":"manana-me-amaras","status":"publish","type":"product","link":"https:\/\/booksfrommexico.com\/es\/producto\/manana-me-amaras\/","title":{"rendered":"Ma\u00f1ana me amar\u00e1s"},"content":{"rendered":"<p><span style=\"font-weight: 400;\">Vale Rend\u00f3n es el seud\u00f3nimo para H\u00e9ctor Rend\u00f3n G\u00f3mez, escritor, periodista, editor y profesor universitario quien se ha desempe\u00f1ado como periodista por casi dos d\u00e9cadas y como profesor investigador en diversas instituciones de M\u00e9xico, Canad\u00e1 y Estados Unidos. En este t\u00edtulo se desarrolla una novela donde el autor busca hacerle sentir al lector, junto a los personajes, la pasi\u00f3n, el amor, el odio; as\u00ed como el hambre, la miseria, \u2013y a la vez\u2013, la opulencia, la sed de poder y el deseo de venganza. Crono, su personaje principal, ser\u00e1 un h\u00e9roe o un villano dependiendo de qui\u00e9n lo lea.<\/span><\/p>\n","protected":false},"excerpt":{"rendered":"<p>MA\u00d1ANA ME AMAR\u00c1S<span style=\"font-weight: 400;\">. \/ H\u00e9ctor Rend\u00f3n G\u00f3mez \u00abVale Rend\u00f3n\u00bb. Culiac\u00e1n Rosales, Sinaloa, M\u00e9xico : Gobierno de Sinaloa , Instituto Sinaloense de Cultura, 2020 189 pages ; 21 cm. (Serie Ex Libris Narrativa). ISBN : 9786078504817.<\/span><\/p>\n","protected":false},"featured_media":7024,"template":"","meta":{"_acf_changed":false,"inline_featured_image":false},"product_brand":[],"product_cat":[25,1200],"product_tag":[4124,3651],"class_list":{"0":"post-6666","1":"product","2":"type-product","3":"status-publish","4":"has-post-thumbnail","6":"product_cat-literatura","7":"product_cat-novela-literatura","8":"product_tag-literatura-es","9":"product_tag-novela-mexicana","11":"first","12":"instock","13":"taxable","14":"shipping-taxable","15":"purchasable","16":"product-type-simple"},"acf":[],"yoast_head":"<!-- This site is optimized with the Yoast SEO plugin v27.3 - https:\/\/yoast.com\/product\/yoast-seo-wordpress\/ -->\n<title>Ma\u00f1ana me amar\u00e1s<\/title>\n<meta name=\"description\" content=\"MA\u00d1ANA ME AMAR\u00c1S. \/ H\u00e9ctor Rend\u00f3n G\u00f3mez &quot;Vale Rend\u00f3n&quot;. Gobierno de Sinaloa , Instituto Sinaloense de Cultura, 2020. (Serie Ex Libris Narrativa).\" \/>\n<meta name=\"robots\" content=\"index, follow, max-snippet:-1, max-image-preview:large, max-video-preview:-1\" \/>\n<link rel=\"canonical\" href=\"https:\/\/booksfrommexico.com\/es\/producto\/manana-me-amaras\/\" \/>\n<meta property=\"og:locale\" content=\"es_ES\" \/>\n<meta property=\"og:type\" content=\"article\" \/>\n<meta property=\"og:title\" content=\"Ma\u00f1ana me amar\u00e1s\" \/>\n<meta property=\"og:description\" content=\"MA\u00d1ANA ME AMAR\u00c1S. \/ H\u00e9ctor Rend\u00f3n G\u00f3mez &quot;Vale Rend\u00f3n&quot;. Gobierno de Sinaloa , Instituto Sinaloense de Cultura, 2020. (Serie Ex Libris Narrativa).\" \/>\n<meta property=\"og:url\" content=\"https:\/\/booksfrommexico.com\/es\/producto\/manana-me-amaras\/\" \/>\n<meta property=\"og:site_name\" content=\"Books From Mexico\" \/>\n<meta property=\"article:modified_time\" content=\"2024-06-24T21:59:34+00:00\" \/>\n<meta property=\"og:image\" content=\"http:\/\/booksfrommexico.com\/app\/uploads\/2024\/05\/202177.jpeg\" \/>\n\t<meta property=\"og:image:width\" content=\"528\" \/>\n\t<meta property=\"og:image:height\" content=\"795\" \/>\n\t<meta property=\"og:image:type\" content=\"image\/jpeg\" \/>\n<meta name=\"twitter:card\" content=\"summary_large_image\" \/>\n<meta name=\"twitter:label1\" content=\"Tiempo de lectura\" \/>\n\t<meta name=\"twitter:data1\" content=\"1 minuto\" \/>\n<script type=\"application\/ld+json\" class=\"yoast-schema-graph\">{\"@context\":\"https:\\\/\\\/schema.org\",\"@graph\":[{\"@type\":\"WebPage\",\"@id\":\"https:\\\/\\\/booksfrommexico.com\\\/es\\\/producto\\\/manana-me-amaras\\\/\",\"url\":\"https:\\\/\\\/booksfrommexico.com\\\/es\\\/producto\\\/manana-me-amaras\\\/\",\"name\":\"Ma\u00f1ana me amar\u00e1s\",\"isPartOf\":{\"@id\":\"https:\\\/\\\/booksfrommexico.com\\\/#website\"},\"primaryImageOfPage\":{\"@id\":\"https:\\\/\\\/booksfrommexico.com\\\/es\\\/producto\\\/manana-me-amaras\\\/#primaryimage\"},\"image\":{\"@id\":\"https:\\\/\\\/booksfrommexico.com\\\/es\\\/producto\\\/manana-me-amaras\\\/#primaryimage\"},\"thumbnailUrl\":\"https:\\\/\\\/booksfrommexico.com\\\/app\\\/uploads\\\/2024\\\/05\\\/202177.jpeg\",\"datePublished\":\"2024-05-29T17:42:21+00:00\",\"dateModified\":\"2024-06-24T21:59:34+00:00\",\"description\":\"MA\u00d1ANA ME AMAR\u00c1S. \\\/ H\u00e9ctor Rend\u00f3n G\u00f3mez \\\"Vale Rend\u00f3n\\\". Gobierno de Sinaloa , Instituto Sinaloense de Cultura, 2020. (Serie Ex Libris Narrativa).\",\"breadcrumb\":{\"@id\":\"https:\\\/\\\/booksfrommexico.com\\\/es\\\/producto\\\/manana-me-amaras\\\/#breadcrumb\"},\"inLanguage\":\"es\",\"potentialAction\":[{\"@type\":\"ReadAction\",\"target\":[\"https:\\\/\\\/booksfrommexico.com\\\/es\\\/producto\\\/manana-me-amaras\\\/\"]}]},{\"@type\":\"ImageObject\",\"inLanguage\":\"es\",\"@id\":\"https:\\\/\\\/booksfrommexico.com\\\/es\\\/producto\\\/manana-me-amaras\\\/#primaryimage\",\"url\":\"https:\\\/\\\/booksfrommexico.com\\\/app\\\/uploads\\\/2024\\\/05\\\/202177.jpeg\",\"contentUrl\":\"https:\\\/\\\/booksfrommexico.com\\\/app\\\/uploads\\\/2024\\\/05\\\/202177.jpeg\",\"width\":528,\"height\":795,\"caption\":\"Ma\u00f1ana me amar\u00e1s\"},{\"@type\":\"BreadcrumbList\",\"@id\":\"https:\\\/\\\/booksfrommexico.com\\\/es\\\/producto\\\/manana-me-amaras\\\/#breadcrumb\",\"itemListElement\":[{\"@type\":\"ListItem\",\"position\":1,\"name\":\"Home\",\"item\":\"https:\\\/\\\/booksfrommexico.com\\\/es\\\/\"},{\"@type\":\"ListItem\",\"position\":2,\"name\":\"Libros\",\"item\":\"https:\\\/\\\/booksfrommexico.com\\\/es\\\/libros\\\/\"},{\"@type\":\"ListItem\",\"position\":3,\"name\":\"Ma\u00f1ana me amar\u00e1s\"}]},{\"@type\":\"WebSite\",\"@id\":\"https:\\\/\\\/booksfrommexico.com\\\/#website\",\"url\":\"https:\\\/\\\/booksfrommexico.com\\\/\",\"name\":\"Books From Mexico\",\"description\":\"\",\"publisher\":{\"@id\":\"https:\\\/\\\/booksfrommexico.com\\\/#organization\"},\"potentialAction\":[{\"@type\":\"SearchAction\",\"target\":{\"@type\":\"EntryPoint\",\"urlTemplate\":\"https:\\\/\\\/booksfrommexico.com\\\/?s={search_term_string}\"},\"query-input\":{\"@type\":\"PropertyValueSpecification\",\"valueRequired\":true,\"valueName\":\"search_term_string\"}}],\"inLanguage\":\"es\"},{\"@type\":\"Organization\",\"@id\":\"https:\\\/\\\/booksfrommexico.com\\\/#organization\",\"name\":\"Books From Mexico\",\"url\":\"https:\\\/\\\/booksfrommexico.com\\\/\",\"logo\":{\"@type\":\"ImageObject\",\"inLanguage\":\"es\",\"@id\":\"https:\\\/\\\/booksfrommexico.com\\\/#\\\/schema\\\/logo\\\/image\\\/\",\"url\":\"https:\\\/\\\/booksfrommexico.com\\\/app\\\/uploads\\\/2023\\\/05\\\/logo-booksfrommexico.svg\",\"contentUrl\":\"https:\\\/\\\/booksfrommexico.com\\\/app\\\/uploads\\\/2023\\\/05\\\/logo-booksfrommexico.svg\",\"width\":86,\"height\":56,\"caption\":\"Books From Mexico\"},\"image\":{\"@id\":\"https:\\\/\\\/booksfrommexico.com\\\/#\\\/schema\\\/logo\\\/image\\\/\"}}]}<\/script>\n<!-- \/ Yoast SEO plugin. -->","yoast_head_json":{"title":"Ma\u00f1ana me amar\u00e1s","description":"MA\u00d1ANA ME AMAR\u00c1S. \/ H\u00e9ctor Rend\u00f3n G\u00f3mez \"Vale Rend\u00f3n\". Gobierno de Sinaloa , Instituto Sinaloense de Cultura, 2020. (Serie Ex Libris Narrativa).","robots":{"index":"index","follow":"follow","max-snippet":"max-snippet:-1","max-image-preview":"max-image-preview:large","max-video-preview":"max-video-preview:-1"},"canonical":"https:\/\/booksfrommexico.com\/es\/producto\/manana-me-amaras\/","og_locale":"es_ES","og_type":"article","og_title":"Ma\u00f1ana me amar\u00e1s","og_description":"MA\u00d1ANA ME AMAR\u00c1S. \/ H\u00e9ctor Rend\u00f3n G\u00f3mez \"Vale Rend\u00f3n\". Gobierno de Sinaloa , Instituto Sinaloense de Cultura, 2020. (Serie Ex Libris Narrativa).","og_url":"https:\/\/booksfrommexico.com\/es\/producto\/manana-me-amaras\/","og_site_name":"Books From Mexico","article_modified_time":"2024-06-24T21:59:34+00:00","og_image":[{"width":528,"height":795,"url":"http:\/\/booksfrommexico.com\/app\/uploads\/2024\/05\/202177.jpeg","type":"image\/jpeg"}],"twitter_card":"summary_large_image","twitter_misc":{"Tiempo de lectura":"1 minuto"},"schema":{"@context":"https:\/\/schema.org","@graph":[{"@type":"WebPage","@id":"https:\/\/booksfrommexico.com\/es\/producto\/manana-me-amaras\/","url":"https:\/\/booksfrommexico.com\/es\/producto\/manana-me-amaras\/","name":"Ma\u00f1ana me amar\u00e1s","isPartOf":{"@id":"https:\/\/booksfrommexico.com\/#website"},"primaryImageOfPage":{"@id":"https:\/\/booksfrommexico.com\/es\/producto\/manana-me-amaras\/#primaryimage"},"image":{"@id":"https:\/\/booksfrommexico.com\/es\/producto\/manana-me-amaras\/#primaryimage"},"thumbnailUrl":"https:\/\/booksfrommexico.com\/app\/uploads\/2024\/05\/202177.jpeg","datePublished":"2024-05-29T17:42:21+00:00","dateModified":"2024-06-24T21:59:34+00:00","description":"MA\u00d1ANA ME AMAR\u00c1S. \/ H\u00e9ctor Rend\u00f3n G\u00f3mez \"Vale Rend\u00f3n\". Gobierno de Sinaloa , Instituto Sinaloense de Cultura, 2020. (Serie Ex Libris Narrativa).","breadcrumb":{"@id":"https:\/\/booksfrommexico.com\/es\/producto\/manana-me-amaras\/#breadcrumb"},"inLanguage":"es","potentialAction":[{"@type":"ReadAction","target":["https:\/\/booksfrommexico.com\/es\/producto\/manana-me-amaras\/"]}]},{"@type":"ImageObject","inLanguage":"es","@id":"https:\/\/booksfrommexico.com\/es\/producto\/manana-me-amaras\/#primaryimage","url":"https:\/\/booksfrommexico.com\/app\/uploads\/2024\/05\/202177.jpeg","contentUrl":"https:\/\/booksfrommexico.com\/app\/uploads\/2024\/05\/202177.jpeg","width":528,"height":795,"caption":"Ma\u00f1ana me amar\u00e1s"},{"@type":"BreadcrumbList","@id":"https:\/\/booksfrommexico.com\/es\/producto\/manana-me-amaras\/#breadcrumb","itemListElement":[{"@type":"ListItem","position":1,"name":"Home","item":"https:\/\/booksfrommexico.com\/es\/"},{"@type":"ListItem","position":2,"name":"Libros","item":"https:\/\/booksfrommexico.com\/es\/libros\/"},{"@type":"ListItem","position":3,"name":"Ma\u00f1ana me amar\u00e1s"}]},{"@type":"WebSite","@id":"https:\/\/booksfrommexico.com\/#website","url":"https:\/\/booksfrommexico.com\/","name":"Books From Mexico","description":"","publisher":{"@id":"https:\/\/booksfrommexico.com\/#organization"},"potentialAction":[{"@type":"SearchAction","target":{"@type":"EntryPoint","urlTemplate":"https:\/\/booksfrommexico.com\/?s={search_term_string}"},"query-input":{"@type":"PropertyValueSpecification","valueRequired":true,"valueName":"search_term_string"}}],"inLanguage":"es"},{"@type":"Organization","@id":"https:\/\/booksfrommexico.com\/#organization","name":"Books From Mexico","url":"https:\/\/booksfrommexico.com\/","logo":{"@type":"ImageObject","inLanguage":"es","@id":"https:\/\/booksfrommexico.com\/#\/schema\/logo\/image\/","url":"https:\/\/booksfrommexico.com\/app\/uploads\/2023\/05\/logo-booksfrommexico.svg","contentUrl":"https:\/\/booksfrommexico.com\/app\/uploads\/2023\/05\/logo-booksfrommexico.svg","width":86,"height":56,"caption":"Books From Mexico"},"image":{"@id":"https:\/\/booksfrommexico.com\/#\/schema\/logo\/image\/"}}]}},"_links":{"self":[{"href":"https:\/\/booksfrommexico.com\/es\/wp-json\/wp\/v2\/product\/6666","targetHints":{"allow":["GET"]}}],"collection":[{"href":"https:\/\/booksfrommexico.com\/es\/wp-json\/wp\/v2\/product"}],"about":[{"href":"https:\/\/booksfrommexico.com\/es\/wp-json\/wp\/v2\/types\/product"}],"wp:featuredmedia":[{"embeddable":true,"href":"https:\/\/booksfrommexico.com\/es\/wp-json\/wp\/v2\/media\/7024"}],"wp:attachment":[{"href":"https:\/\/booksfrommexico.com\/es\/wp-json\/wp\/v2\/media?parent=6666"}],"wp:term":[{"taxonomy":"product_brand","embeddable":true,"href":"https:\/\/booksfrommexico.com\/es\/wp-json\/wp\/v2\/product_brand?post=6666"},{"taxonomy":"product_cat","embeddable":true,"href":"https:\/\/booksfrommexico.com\/es\/wp-json\/wp\/v2\/product_cat?post=6666"},{"taxonomy":"product_tag","embeddable":true,"href":"https:\/\/booksfrommexico.com\/es\/wp-json\/wp\/v2\/product_tag?post=6666"}],"curies":[{"name":"wp","href":"https:\/\/api.w.org\/{rel}","templated":true}]}}