{"id":6667,"date":"2024-05-29T17:42:21","date_gmt":"2024-05-29T17:42:21","guid":{"rendered":"https:\/\/booksfrommexico.com\/product\/la-novela-inconclusa-de-bernardino-casablanca\/"},"modified":"2024-10-05T20:22:13","modified_gmt":"2024-10-05T20:22:13","slug":"la-novela-inconclusa-de-bernardino-casablanca","status":"publish","type":"product","link":"https:\/\/booksfrommexico.com\/es\/producto\/la-novela-inconclusa-de-bernardino-casablanca\/","title":{"rendered":"La novela inconclusa de Bernardino Casablanca"},"content":{"rendered":"<p><span style=\"font-weight: 400;\">C\u00e9sar L\u00f3pez Cuadras es un escritor, periodista, editor y profesor; con esta novela obtuvo el Primer lugar del Concurso de Publicaci\u00f3n de Obra Literaria de la Universidad de Guadalajara en 1993, premio al cual volvi\u00f3 a ser acreedor por el conjunto de su obra el Premio Sinaloa de las Artes en 2009. En este t\u00edtulo se sigue la historia de Narciso Capistr\u00e1n, un aspirante a escritor que est\u00e1 indagando el asesinato de Bernardino Renter\u00eda, para lo cual usa la ayuda del escritor americano Truman Capote. Esta se trata de una reedici\u00f3n, que bien puede considerarse un homenaje y agradecimiento a uno de los autores ocultos de la tradici\u00f3n nacional.<\/span><\/p>\n","protected":false},"excerpt":{"rendered":"<p>LA NOVELA INCONCLUSA DE BERNARDINO CASABLANCA<span style=\"font-weight: 400;\">. \/ C\u00e9sar L\u00f3pez Cuadras. Culiac\u00e1n Rosales, Sinaloa, M\u00e9xico : Gobierno de Sinaloa , Instituto Sinaloense de Cultura, 2017. 274 pages ; 21 cm. (Serie Ex Libris Narrativa). ISBN : 9786075804114.<\/span><\/p>\n","protected":false},"featured_media":7033,"template":"","meta":{"_acf_changed":false,"inline_featured_image":false},"product_brand":[],"product_cat":[25,1200],"product_tag":[4124,3651],"class_list":{"0":"post-6667","1":"product","2":"type-product","3":"status-publish","4":"has-post-thumbnail","6":"product_cat-literatura","7":"product_cat-novela-literatura","8":"product_tag-literatura-es","9":"product_tag-novela-mexicana","11":"first","12":"instock","13":"taxable","14":"shipping-taxable","15":"purchasable","16":"product-type-simple"},"acf":[],"yoast_head":"<!-- This site is optimized with the Yoast SEO plugin v27.3 - https:\/\/yoast.com\/product\/yoast-seo-wordpress\/ -->\n<title>La novela inconclusa de Bernardino Casablanca<\/title>\n<meta name=\"description\" content=\"LA NOVELA INCONCLUSA DE BERNARDINO CASABLANCA. \/ C\u00e9sar L\u00f3pez Cuadras. Instituto Sinaloense de Cultura, 2017. (Serie Ex Libris Narrativa).\" \/>\n<meta name=\"robots\" content=\"index, follow, max-snippet:-1, max-image-preview:large, max-video-preview:-1\" \/>\n<link rel=\"canonical\" href=\"https:\/\/booksfrommexico.com\/es\/producto\/la-novela-inconclusa-de-bernardino-casablanca\/\" \/>\n<meta property=\"og:locale\" content=\"es_ES\" \/>\n<meta property=\"og:type\" content=\"article\" \/>\n<meta property=\"og:title\" content=\"La novela inconclusa de Bernardino Casablanca\" \/>\n<meta property=\"og:description\" content=\"LA NOVELA INCONCLUSA DE BERNARDINO CASABLANCA. \/ C\u00e9sar L\u00f3pez Cuadras. Instituto Sinaloense de Cultura, 2017. (Serie Ex Libris Narrativa).\" \/>\n<meta property=\"og:url\" content=\"https:\/\/booksfrommexico.com\/es\/producto\/la-novela-inconclusa-de-bernardino-casablanca\/\" \/>\n<meta property=\"og:site_name\" content=\"Books From Mexico\" \/>\n<meta property=\"article:modified_time\" content=\"2024-10-05T20:22:13+00:00\" \/>\n<meta property=\"og:image\" content=\"http:\/\/booksfrommexico.com\/app\/uploads\/2024\/05\/202178.jpeg\" \/>\n\t<meta property=\"og:image:width\" content=\"528\" \/>\n\t<meta property=\"og:image:height\" content=\"795\" \/>\n\t<meta property=\"og:image:type\" content=\"image\/jpeg\" \/>\n<meta name=\"twitter:card\" content=\"summary_large_image\" \/>\n<meta name=\"twitter:label1\" content=\"Tiempo de lectura\" \/>\n\t<meta name=\"twitter:data1\" content=\"1 minuto\" \/>\n<script type=\"application\/ld+json\" class=\"yoast-schema-graph\">{\"@context\":\"https:\\\/\\\/schema.org\",\"@graph\":[{\"@type\":\"WebPage\",\"@id\":\"https:\\\/\\\/booksfrommexico.com\\\/es\\\/producto\\\/la-novela-inconclusa-de-bernardino-casablanca\\\/\",\"url\":\"https:\\\/\\\/booksfrommexico.com\\\/es\\\/producto\\\/la-novela-inconclusa-de-bernardino-casablanca\\\/\",\"name\":\"La novela inconclusa de Bernardino Casablanca\",\"isPartOf\":{\"@id\":\"https:\\\/\\\/booksfrommexico.com\\\/#website\"},\"primaryImageOfPage\":{\"@id\":\"https:\\\/\\\/booksfrommexico.com\\\/es\\\/producto\\\/la-novela-inconclusa-de-bernardino-casablanca\\\/#primaryimage\"},\"image\":{\"@id\":\"https:\\\/\\\/booksfrommexico.com\\\/es\\\/producto\\\/la-novela-inconclusa-de-bernardino-casablanca\\\/#primaryimage\"},\"thumbnailUrl\":\"https:\\\/\\\/booksfrommexico.com\\\/app\\\/uploads\\\/2024\\\/05\\\/202178.jpeg\",\"datePublished\":\"2024-05-29T17:42:21+00:00\",\"dateModified\":\"2024-10-05T20:22:13+00:00\",\"description\":\"LA NOVELA INCONCLUSA DE BERNARDINO CASABLANCA. \\\/ C\u00e9sar L\u00f3pez Cuadras. Instituto Sinaloense de Cultura, 2017. (Serie Ex Libris Narrativa).\",\"breadcrumb\":{\"@id\":\"https:\\\/\\\/booksfrommexico.com\\\/es\\\/producto\\\/la-novela-inconclusa-de-bernardino-casablanca\\\/#breadcrumb\"},\"inLanguage\":\"es\",\"potentialAction\":[{\"@type\":\"ReadAction\",\"target\":[\"https:\\\/\\\/booksfrommexico.com\\\/es\\\/producto\\\/la-novela-inconclusa-de-bernardino-casablanca\\\/\"]}]},{\"@type\":\"ImageObject\",\"inLanguage\":\"es\",\"@id\":\"https:\\\/\\\/booksfrommexico.com\\\/es\\\/producto\\\/la-novela-inconclusa-de-bernardino-casablanca\\\/#primaryimage\",\"url\":\"https:\\\/\\\/booksfrommexico.com\\\/app\\\/uploads\\\/2024\\\/05\\\/202178.jpeg\",\"contentUrl\":\"https:\\\/\\\/booksfrommexico.com\\\/app\\\/uploads\\\/2024\\\/05\\\/202178.jpeg\",\"width\":528,\"height\":795,\"caption\":\"La novela inconclusa de bernardino casablanca\"},{\"@type\":\"BreadcrumbList\",\"@id\":\"https:\\\/\\\/booksfrommexico.com\\\/es\\\/producto\\\/la-novela-inconclusa-de-bernardino-casablanca\\\/#breadcrumb\",\"itemListElement\":[{\"@type\":\"ListItem\",\"position\":1,\"name\":\"Home\",\"item\":\"https:\\\/\\\/booksfrommexico.com\\\/es\\\/\"},{\"@type\":\"ListItem\",\"position\":2,\"name\":\"Libros\",\"item\":\"https:\\\/\\\/booksfrommexico.com\\\/es\\\/libros\\\/\"},{\"@type\":\"ListItem\",\"position\":3,\"name\":\"La novela inconclusa de Bernardino Casablanca\"}]},{\"@type\":\"WebSite\",\"@id\":\"https:\\\/\\\/booksfrommexico.com\\\/#website\",\"url\":\"https:\\\/\\\/booksfrommexico.com\\\/\",\"name\":\"Books From Mexico\",\"description\":\"\",\"publisher\":{\"@id\":\"https:\\\/\\\/booksfrommexico.com\\\/#organization\"},\"potentialAction\":[{\"@type\":\"SearchAction\",\"target\":{\"@type\":\"EntryPoint\",\"urlTemplate\":\"https:\\\/\\\/booksfrommexico.com\\\/?s={search_term_string}\"},\"query-input\":{\"@type\":\"PropertyValueSpecification\",\"valueRequired\":true,\"valueName\":\"search_term_string\"}}],\"inLanguage\":\"es\"},{\"@type\":\"Organization\",\"@id\":\"https:\\\/\\\/booksfrommexico.com\\\/#organization\",\"name\":\"Books From Mexico\",\"url\":\"https:\\\/\\\/booksfrommexico.com\\\/\",\"logo\":{\"@type\":\"ImageObject\",\"inLanguage\":\"es\",\"@id\":\"https:\\\/\\\/booksfrommexico.com\\\/#\\\/schema\\\/logo\\\/image\\\/\",\"url\":\"https:\\\/\\\/booksfrommexico.com\\\/app\\\/uploads\\\/2023\\\/05\\\/logo-booksfrommexico.svg\",\"contentUrl\":\"https:\\\/\\\/booksfrommexico.com\\\/app\\\/uploads\\\/2023\\\/05\\\/logo-booksfrommexico.svg\",\"width\":86,\"height\":56,\"caption\":\"Books From Mexico\"},\"image\":{\"@id\":\"https:\\\/\\\/booksfrommexico.com\\\/#\\\/schema\\\/logo\\\/image\\\/\"}}]}<\/script>\n<!-- \/ Yoast SEO plugin. -->","yoast_head_json":{"title":"La novela inconclusa de Bernardino Casablanca","description":"LA NOVELA INCONCLUSA DE BERNARDINO CASABLANCA. \/ C\u00e9sar L\u00f3pez Cuadras. Instituto Sinaloense de Cultura, 2017. (Serie Ex Libris Narrativa).","robots":{"index":"index","follow":"follow","max-snippet":"max-snippet:-1","max-image-preview":"max-image-preview:large","max-video-preview":"max-video-preview:-1"},"canonical":"https:\/\/booksfrommexico.com\/es\/producto\/la-novela-inconclusa-de-bernardino-casablanca\/","og_locale":"es_ES","og_type":"article","og_title":"La novela inconclusa de Bernardino Casablanca","og_description":"LA NOVELA INCONCLUSA DE BERNARDINO CASABLANCA. \/ C\u00e9sar L\u00f3pez Cuadras. Instituto Sinaloense de Cultura, 2017. (Serie Ex Libris Narrativa).","og_url":"https:\/\/booksfrommexico.com\/es\/producto\/la-novela-inconclusa-de-bernardino-casablanca\/","og_site_name":"Books From Mexico","article_modified_time":"2024-10-05T20:22:13+00:00","og_image":[{"width":528,"height":795,"url":"http:\/\/booksfrommexico.com\/app\/uploads\/2024\/05\/202178.jpeg","type":"image\/jpeg"}],"twitter_card":"summary_large_image","twitter_misc":{"Tiempo de lectura":"1 minuto"},"schema":{"@context":"https:\/\/schema.org","@graph":[{"@type":"WebPage","@id":"https:\/\/booksfrommexico.com\/es\/producto\/la-novela-inconclusa-de-bernardino-casablanca\/","url":"https:\/\/booksfrommexico.com\/es\/producto\/la-novela-inconclusa-de-bernardino-casablanca\/","name":"La novela inconclusa de Bernardino Casablanca","isPartOf":{"@id":"https:\/\/booksfrommexico.com\/#website"},"primaryImageOfPage":{"@id":"https:\/\/booksfrommexico.com\/es\/producto\/la-novela-inconclusa-de-bernardino-casablanca\/#primaryimage"},"image":{"@id":"https:\/\/booksfrommexico.com\/es\/producto\/la-novela-inconclusa-de-bernardino-casablanca\/#primaryimage"},"thumbnailUrl":"https:\/\/booksfrommexico.com\/app\/uploads\/2024\/05\/202178.jpeg","datePublished":"2024-05-29T17:42:21+00:00","dateModified":"2024-10-05T20:22:13+00:00","description":"LA NOVELA INCONCLUSA DE BERNARDINO CASABLANCA. \/ C\u00e9sar L\u00f3pez Cuadras. Instituto Sinaloense de Cultura, 2017. (Serie Ex Libris Narrativa).","breadcrumb":{"@id":"https:\/\/booksfrommexico.com\/es\/producto\/la-novela-inconclusa-de-bernardino-casablanca\/#breadcrumb"},"inLanguage":"es","potentialAction":[{"@type":"ReadAction","target":["https:\/\/booksfrommexico.com\/es\/producto\/la-novela-inconclusa-de-bernardino-casablanca\/"]}]},{"@type":"ImageObject","inLanguage":"es","@id":"https:\/\/booksfrommexico.com\/es\/producto\/la-novela-inconclusa-de-bernardino-casablanca\/#primaryimage","url":"https:\/\/booksfrommexico.com\/app\/uploads\/2024\/05\/202178.jpeg","contentUrl":"https:\/\/booksfrommexico.com\/app\/uploads\/2024\/05\/202178.jpeg","width":528,"height":795,"caption":"La novela inconclusa de bernardino casablanca"},{"@type":"BreadcrumbList","@id":"https:\/\/booksfrommexico.com\/es\/producto\/la-novela-inconclusa-de-bernardino-casablanca\/#breadcrumb","itemListElement":[{"@type":"ListItem","position":1,"name":"Home","item":"https:\/\/booksfrommexico.com\/es\/"},{"@type":"ListItem","position":2,"name":"Libros","item":"https:\/\/booksfrommexico.com\/es\/libros\/"},{"@type":"ListItem","position":3,"name":"La novela inconclusa de Bernardino Casablanca"}]},{"@type":"WebSite","@id":"https:\/\/booksfrommexico.com\/#website","url":"https:\/\/booksfrommexico.com\/","name":"Books From Mexico","description":"","publisher":{"@id":"https:\/\/booksfrommexico.com\/#organization"},"potentialAction":[{"@type":"SearchAction","target":{"@type":"EntryPoint","urlTemplate":"https:\/\/booksfrommexico.com\/?s={search_term_string}"},"query-input":{"@type":"PropertyValueSpecification","valueRequired":true,"valueName":"search_term_string"}}],"inLanguage":"es"},{"@type":"Organization","@id":"https:\/\/booksfrommexico.com\/#organization","name":"Books From Mexico","url":"https:\/\/booksfrommexico.com\/","logo":{"@type":"ImageObject","inLanguage":"es","@id":"https:\/\/booksfrommexico.com\/#\/schema\/logo\/image\/","url":"https:\/\/booksfrommexico.com\/app\/uploads\/2023\/05\/logo-booksfrommexico.svg","contentUrl":"https:\/\/booksfrommexico.com\/app\/uploads\/2023\/05\/logo-booksfrommexico.svg","width":86,"height":56,"caption":"Books From Mexico"},"image":{"@id":"https:\/\/booksfrommexico.com\/#\/schema\/logo\/image\/"}}]}},"_links":{"self":[{"href":"https:\/\/booksfrommexico.com\/es\/wp-json\/wp\/v2\/product\/6667","targetHints":{"allow":["GET"]}}],"collection":[{"href":"https:\/\/booksfrommexico.com\/es\/wp-json\/wp\/v2\/product"}],"about":[{"href":"https:\/\/booksfrommexico.com\/es\/wp-json\/wp\/v2\/types\/product"}],"wp:featuredmedia":[{"embeddable":true,"href":"https:\/\/booksfrommexico.com\/es\/wp-json\/wp\/v2\/media\/7033"}],"wp:attachment":[{"href":"https:\/\/booksfrommexico.com\/es\/wp-json\/wp\/v2\/media?parent=6667"}],"wp:term":[{"taxonomy":"product_brand","embeddable":true,"href":"https:\/\/booksfrommexico.com\/es\/wp-json\/wp\/v2\/product_brand?post=6667"},{"taxonomy":"product_cat","embeddable":true,"href":"https:\/\/booksfrommexico.com\/es\/wp-json\/wp\/v2\/product_cat?post=6667"},{"taxonomy":"product_tag","embeddable":true,"href":"https:\/\/booksfrommexico.com\/es\/wp-json\/wp\/v2\/product_tag?post=6667"}],"curies":[{"name":"wp","href":"https:\/\/api.w.org\/{rel}","templated":true}]}}