{"id":6668,"date":"2024-05-29T17:42:21","date_gmt":"2024-05-29T17:42:21","guid":{"rendered":"https:\/\/booksfrommexico.com\/product\/museo-de-la-escarcha\/"},"modified":"2024-06-27T21:21:35","modified_gmt":"2024-06-27T21:21:35","slug":"museo-de-la-escarcha","status":"publish","type":"product","link":"https:\/\/booksfrommexico.com\/es\/producto\/museo-de-la-escarcha\/","title":{"rendered":"Museo de la escarcha"},"content":{"rendered":"<p><i><span style=\"font-weight: 400;\">Museo de la escarcha <\/span><\/i><span style=\"font-weight: 400;\">es una colecci\u00f3n de poemas escritos por Susan Elmslie y seleccionados por Francoise Roy que se presentan aqu\u00ed en una edici\u00f3n biling\u00fce ingl\u00e9s-espa\u00f1ol. En algunos de estos poemas la autora se inspira en versos de otros escritores \u2013ya sea en el tema o en la sensaci\u00f3n que le transmiten\u2013 para comenzar sus propios escritos. Dejando de lado la estructura de los poemas \u2013que oscilan entre tener una estructura cl\u00e1sica, a ser s\u00f3lo una estrofa y a ocupar toda la p\u00e1gina\u2013 lo que los mueve son los sentimientos que la autora impregna en ellos, ofreci\u00e9ndole al lector una mirada profunda hacia sus miedos, su tristeza y su experiencia con la maternidad.<\/span><\/p>\n","protected":false},"excerpt":{"rendered":"<p>MUSEO DE LA ESCARCHA<span style=\"font-weight: 400;\">. \/ Susan Elmslie ; Francoise Roy (selector). Guadalajara, Jalisco, M\u00e9xico : Espina Dorsal, 2023. 59 pages ; 21 cm. (Colecci\u00f3n Poes\u00eda). ISBN : 9786076952801.<\/span><\/p>\n","protected":false},"featured_media":7038,"template":"","meta":{"_acf_changed":false,"inline_featured_image":false},"product_brand":[],"product_cat":[25,32],"product_tag":[4225,4115,4180],"class_list":{"0":"post-6668","1":"product","2":"type-product","3":"status-publish","4":"has-post-thumbnail","6":"product_cat-literatura","7":"product_cat-poesia-literatura","8":"product_tag-mujeres-literatura","9":"product_tag-poesia-es","10":"product_tag-poesia-contemporanea","12":"first","13":"instock","14":"taxable","15":"shipping-taxable","16":"purchasable","17":"product-type-simple"},"acf":[],"yoast_head":"<!-- This site is optimized with the Yoast SEO plugin v27.3 - https:\/\/yoast.com\/product\/yoast-seo-wordpress\/ -->\n<title>Museo de la escarcha<\/title>\n<meta name=\"description\" content=\"MUSEO DE LA ESCARCHA. \/ Susan Elmslie ; Francoise Roy (selector). Guadalajara, Jalisco, M\u00e9xico : Espina Dorsal, 2023. 59 pages ; 21 cm. (Colecci\u00f3n Poes\u00eda).\" \/>\n<meta name=\"robots\" content=\"index, follow, max-snippet:-1, max-image-preview:large, max-video-preview:-1\" \/>\n<link rel=\"canonical\" href=\"https:\/\/booksfrommexico.com\/es\/producto\/museo-de-la-escarcha\/\" \/>\n<meta property=\"og:locale\" content=\"es_ES\" \/>\n<meta property=\"og:type\" content=\"article\" \/>\n<meta property=\"og:title\" content=\"Museo de la escarcha\" \/>\n<meta property=\"og:description\" content=\"MUSEO DE LA ESCARCHA. \/ Susan Elmslie ; Francoise Roy (selector). Guadalajara, Jalisco, M\u00e9xico : Espina Dorsal, 2023. 59 pages ; 21 cm. (Colecci\u00f3n Poes\u00eda).\" \/>\n<meta property=\"og:url\" content=\"https:\/\/booksfrommexico.com\/es\/producto\/museo-de-la-escarcha\/\" \/>\n<meta property=\"og:site_name\" content=\"Books From Mexico\" \/>\n<meta property=\"article:modified_time\" content=\"2024-06-27T21:21:35+00:00\" \/>\n<meta property=\"og:image\" content=\"http:\/\/booksfrommexico.com\/app\/uploads\/2024\/05\/202271.jpeg\" \/>\n\t<meta property=\"og:image:width\" content=\"520\" \/>\n\t<meta property=\"og:image:height\" content=\"804\" \/>\n\t<meta property=\"og:image:type\" content=\"image\/jpeg\" \/>\n<meta name=\"twitter:card\" content=\"summary_large_image\" \/>\n<meta name=\"twitter:label1\" content=\"Tiempo de lectura\" \/>\n\t<meta name=\"twitter:data1\" content=\"1 minuto\" \/>\n<script type=\"application\/ld+json\" class=\"yoast-schema-graph\">{\"@context\":\"https:\\\/\\\/schema.org\",\"@graph\":[{\"@type\":\"WebPage\",\"@id\":\"https:\\\/\\\/booksfrommexico.com\\\/es\\\/producto\\\/museo-de-la-escarcha\\\/\",\"url\":\"https:\\\/\\\/booksfrommexico.com\\\/es\\\/producto\\\/museo-de-la-escarcha\\\/\",\"name\":\"Museo de la escarcha\",\"isPartOf\":{\"@id\":\"https:\\\/\\\/booksfrommexico.com\\\/#website\"},\"primaryImageOfPage\":{\"@id\":\"https:\\\/\\\/booksfrommexico.com\\\/es\\\/producto\\\/museo-de-la-escarcha\\\/#primaryimage\"},\"image\":{\"@id\":\"https:\\\/\\\/booksfrommexico.com\\\/es\\\/producto\\\/museo-de-la-escarcha\\\/#primaryimage\"},\"thumbnailUrl\":\"https:\\\/\\\/booksfrommexico.com\\\/app\\\/uploads\\\/2024\\\/05\\\/202271.jpeg\",\"datePublished\":\"2024-05-29T17:42:21+00:00\",\"dateModified\":\"2024-06-27T21:21:35+00:00\",\"description\":\"MUSEO DE LA ESCARCHA. \\\/ Susan Elmslie ; Francoise Roy (selector). Guadalajara, Jalisco, M\u00e9xico : Espina Dorsal, 2023. 59 pages ; 21 cm. (Colecci\u00f3n Poes\u00eda).\",\"breadcrumb\":{\"@id\":\"https:\\\/\\\/booksfrommexico.com\\\/es\\\/producto\\\/museo-de-la-escarcha\\\/#breadcrumb\"},\"inLanguage\":\"es\",\"potentialAction\":[{\"@type\":\"ReadAction\",\"target\":[\"https:\\\/\\\/booksfrommexico.com\\\/es\\\/producto\\\/museo-de-la-escarcha\\\/\"]}]},{\"@type\":\"ImageObject\",\"inLanguage\":\"es\",\"@id\":\"https:\\\/\\\/booksfrommexico.com\\\/es\\\/producto\\\/museo-de-la-escarcha\\\/#primaryimage\",\"url\":\"https:\\\/\\\/booksfrommexico.com\\\/app\\\/uploads\\\/2024\\\/05\\\/202271.jpeg\",\"contentUrl\":\"https:\\\/\\\/booksfrommexico.com\\\/app\\\/uploads\\\/2024\\\/05\\\/202271.jpeg\",\"width\":520,\"height\":804,\"caption\":\"Museo de la escarcha\"},{\"@type\":\"BreadcrumbList\",\"@id\":\"https:\\\/\\\/booksfrommexico.com\\\/es\\\/producto\\\/museo-de-la-escarcha\\\/#breadcrumb\",\"itemListElement\":[{\"@type\":\"ListItem\",\"position\":1,\"name\":\"Home\",\"item\":\"https:\\\/\\\/booksfrommexico.com\\\/es\\\/\"},{\"@type\":\"ListItem\",\"position\":2,\"name\":\"Libros\",\"item\":\"https:\\\/\\\/booksfrommexico.com\\\/es\\\/libros\\\/\"},{\"@type\":\"ListItem\",\"position\":3,\"name\":\"Museo de la escarcha\"}]},{\"@type\":\"WebSite\",\"@id\":\"https:\\\/\\\/booksfrommexico.com\\\/#website\",\"url\":\"https:\\\/\\\/booksfrommexico.com\\\/\",\"name\":\"Books From Mexico\",\"description\":\"\",\"publisher\":{\"@id\":\"https:\\\/\\\/booksfrommexico.com\\\/#organization\"},\"potentialAction\":[{\"@type\":\"SearchAction\",\"target\":{\"@type\":\"EntryPoint\",\"urlTemplate\":\"https:\\\/\\\/booksfrommexico.com\\\/?s={search_term_string}\"},\"query-input\":{\"@type\":\"PropertyValueSpecification\",\"valueRequired\":true,\"valueName\":\"search_term_string\"}}],\"inLanguage\":\"es\"},{\"@type\":\"Organization\",\"@id\":\"https:\\\/\\\/booksfrommexico.com\\\/#organization\",\"name\":\"Books From Mexico\",\"url\":\"https:\\\/\\\/booksfrommexico.com\\\/\",\"logo\":{\"@type\":\"ImageObject\",\"inLanguage\":\"es\",\"@id\":\"https:\\\/\\\/booksfrommexico.com\\\/#\\\/schema\\\/logo\\\/image\\\/\",\"url\":\"https:\\\/\\\/booksfrommexico.com\\\/app\\\/uploads\\\/2023\\\/05\\\/logo-booksfrommexico.svg\",\"contentUrl\":\"https:\\\/\\\/booksfrommexico.com\\\/app\\\/uploads\\\/2023\\\/05\\\/logo-booksfrommexico.svg\",\"width\":86,\"height\":56,\"caption\":\"Books From Mexico\"},\"image\":{\"@id\":\"https:\\\/\\\/booksfrommexico.com\\\/#\\\/schema\\\/logo\\\/image\\\/\"}}]}<\/script>\n<!-- \/ Yoast SEO plugin. -->","yoast_head_json":{"title":"Museo de la escarcha","description":"MUSEO DE LA ESCARCHA. \/ Susan Elmslie ; Francoise Roy (selector). Guadalajara, Jalisco, M\u00e9xico : Espina Dorsal, 2023. 59 pages ; 21 cm. (Colecci\u00f3n Poes\u00eda).","robots":{"index":"index","follow":"follow","max-snippet":"max-snippet:-1","max-image-preview":"max-image-preview:large","max-video-preview":"max-video-preview:-1"},"canonical":"https:\/\/booksfrommexico.com\/es\/producto\/museo-de-la-escarcha\/","og_locale":"es_ES","og_type":"article","og_title":"Museo de la escarcha","og_description":"MUSEO DE LA ESCARCHA. \/ Susan Elmslie ; Francoise Roy (selector). Guadalajara, Jalisco, M\u00e9xico : Espina Dorsal, 2023. 59 pages ; 21 cm. (Colecci\u00f3n Poes\u00eda).","og_url":"https:\/\/booksfrommexico.com\/es\/producto\/museo-de-la-escarcha\/","og_site_name":"Books From Mexico","article_modified_time":"2024-06-27T21:21:35+00:00","og_image":[{"width":520,"height":804,"url":"http:\/\/booksfrommexico.com\/app\/uploads\/2024\/05\/202271.jpeg","type":"image\/jpeg"}],"twitter_card":"summary_large_image","twitter_misc":{"Tiempo de lectura":"1 minuto"},"schema":{"@context":"https:\/\/schema.org","@graph":[{"@type":"WebPage","@id":"https:\/\/booksfrommexico.com\/es\/producto\/museo-de-la-escarcha\/","url":"https:\/\/booksfrommexico.com\/es\/producto\/museo-de-la-escarcha\/","name":"Museo de la escarcha","isPartOf":{"@id":"https:\/\/booksfrommexico.com\/#website"},"primaryImageOfPage":{"@id":"https:\/\/booksfrommexico.com\/es\/producto\/museo-de-la-escarcha\/#primaryimage"},"image":{"@id":"https:\/\/booksfrommexico.com\/es\/producto\/museo-de-la-escarcha\/#primaryimage"},"thumbnailUrl":"https:\/\/booksfrommexico.com\/app\/uploads\/2024\/05\/202271.jpeg","datePublished":"2024-05-29T17:42:21+00:00","dateModified":"2024-06-27T21:21:35+00:00","description":"MUSEO DE LA ESCARCHA. \/ Susan Elmslie ; Francoise Roy (selector). Guadalajara, Jalisco, M\u00e9xico : Espina Dorsal, 2023. 59 pages ; 21 cm. (Colecci\u00f3n Poes\u00eda).","breadcrumb":{"@id":"https:\/\/booksfrommexico.com\/es\/producto\/museo-de-la-escarcha\/#breadcrumb"},"inLanguage":"es","potentialAction":[{"@type":"ReadAction","target":["https:\/\/booksfrommexico.com\/es\/producto\/museo-de-la-escarcha\/"]}]},{"@type":"ImageObject","inLanguage":"es","@id":"https:\/\/booksfrommexico.com\/es\/producto\/museo-de-la-escarcha\/#primaryimage","url":"https:\/\/booksfrommexico.com\/app\/uploads\/2024\/05\/202271.jpeg","contentUrl":"https:\/\/booksfrommexico.com\/app\/uploads\/2024\/05\/202271.jpeg","width":520,"height":804,"caption":"Museo de la escarcha"},{"@type":"BreadcrumbList","@id":"https:\/\/booksfrommexico.com\/es\/producto\/museo-de-la-escarcha\/#breadcrumb","itemListElement":[{"@type":"ListItem","position":1,"name":"Home","item":"https:\/\/booksfrommexico.com\/es\/"},{"@type":"ListItem","position":2,"name":"Libros","item":"https:\/\/booksfrommexico.com\/es\/libros\/"},{"@type":"ListItem","position":3,"name":"Museo de la escarcha"}]},{"@type":"WebSite","@id":"https:\/\/booksfrommexico.com\/#website","url":"https:\/\/booksfrommexico.com\/","name":"Books From Mexico","description":"","publisher":{"@id":"https:\/\/booksfrommexico.com\/#organization"},"potentialAction":[{"@type":"SearchAction","target":{"@type":"EntryPoint","urlTemplate":"https:\/\/booksfrommexico.com\/?s={search_term_string}"},"query-input":{"@type":"PropertyValueSpecification","valueRequired":true,"valueName":"search_term_string"}}],"inLanguage":"es"},{"@type":"Organization","@id":"https:\/\/booksfrommexico.com\/#organization","name":"Books From Mexico","url":"https:\/\/booksfrommexico.com\/","logo":{"@type":"ImageObject","inLanguage":"es","@id":"https:\/\/booksfrommexico.com\/#\/schema\/logo\/image\/","url":"https:\/\/booksfrommexico.com\/app\/uploads\/2023\/05\/logo-booksfrommexico.svg","contentUrl":"https:\/\/booksfrommexico.com\/app\/uploads\/2023\/05\/logo-booksfrommexico.svg","width":86,"height":56,"caption":"Books From Mexico"},"image":{"@id":"https:\/\/booksfrommexico.com\/#\/schema\/logo\/image\/"}}]}},"_links":{"self":[{"href":"https:\/\/booksfrommexico.com\/es\/wp-json\/wp\/v2\/product\/6668","targetHints":{"allow":["GET"]}}],"collection":[{"href":"https:\/\/booksfrommexico.com\/es\/wp-json\/wp\/v2\/product"}],"about":[{"href":"https:\/\/booksfrommexico.com\/es\/wp-json\/wp\/v2\/types\/product"}],"wp:featuredmedia":[{"embeddable":true,"href":"https:\/\/booksfrommexico.com\/es\/wp-json\/wp\/v2\/media\/7038"}],"wp:attachment":[{"href":"https:\/\/booksfrommexico.com\/es\/wp-json\/wp\/v2\/media?parent=6668"}],"wp:term":[{"taxonomy":"product_brand","embeddable":true,"href":"https:\/\/booksfrommexico.com\/es\/wp-json\/wp\/v2\/product_brand?post=6668"},{"taxonomy":"product_cat","embeddable":true,"href":"https:\/\/booksfrommexico.com\/es\/wp-json\/wp\/v2\/product_cat?post=6668"},{"taxonomy":"product_tag","embeddable":true,"href":"https:\/\/booksfrommexico.com\/es\/wp-json\/wp\/v2\/product_tag?post=6668"}],"curies":[{"name":"wp","href":"https:\/\/api.w.org\/{rel}","templated":true}]}}