{"id":6670,"date":"2024-05-29T17:42:22","date_gmt":"2024-05-29T17:42:22","guid":{"rendered":"https:\/\/booksfrommexico.com\/product\/algunas-reminiscencias-de-naranjas\/"},"modified":"2024-06-25T21:45:40","modified_gmt":"2024-06-25T21:45:40","slug":"algunas-reminiscencias-de-naranjas","status":"publish","type":"product","link":"https:\/\/booksfrommexico.com\/es\/producto\/algunas-reminiscencias-de-naranjas\/","title":{"rendered":"Algunas reminiscencias de naranjas"},"content":{"rendered":"<p><span style=\"font-weight: 400;\">En estos poemas la autora explora t\u00e9rminos y conceptos que tratan de explicar el mundo en el que habita, generando un tipo de poes\u00eda donde juega con la estructura entre entradas tipo diccionario, de tipo referencia, listas, pie de fotos, incluyendo fragmentos del trabajo de\u00a0 otros poetas y tambi\u00e9n fotograf\u00edas. Estos formatos enriquecen a la poes\u00eda de Hern\u00e1ndez, ofreci\u00e9ndole al lector textos vers\u00e1tiles y \u00e1giles que atrapan desde la vista y mantienen por el contenido, donde se plantean interrogantes sobre el mundo y la forma en que se relacionan las personas, al igual que exponen la nostalgia y la inocencia. <\/span><\/p>\n","protected":false},"excerpt":{"rendered":"<p>ALGUNAS REMINISCENCIAS DE NARANJAS<span style=\"font-weight: 400;\">. \/ M\u00f3nica Hern\u00e1ndez Mendoza. Qu\u00e9retaro, Quer\u00e9taro, M\u00e9xico : Herring Publishers M\u00e9xico, 2024. 47 pages: includes photos ; 21 cm.<\/span><\/p>\n<p><br style=\"font-weight: 400;\" \/><br style=\"font-weight: 400;\" \/><\/p>\n","protected":false},"featured_media":7044,"template":"","meta":{"_acf_changed":false,"inline_featured_image":false},"product_brand":[],"product_cat":[25,32],"product_tag":[4225,4115,3598],"class_list":{"0":"post-6670","1":"product","2":"type-product","3":"status-publish","4":"has-post-thumbnail","6":"product_cat-literatura","7":"product_cat-poesia-literatura","8":"product_tag-mujeres-literatura","9":"product_tag-poesia-es","10":"product_tag-poesia-mexicana","12":"first","13":"instock","14":"taxable","15":"shipping-taxable","16":"purchasable","17":"product-type-simple"},"acf":[],"yoast_head":"<!-- This site is optimized with the Yoast SEO plugin v27.2 - https:\/\/yoast.com\/product\/yoast-seo-wordpress\/ -->\n<title>Algunas reminiscencias de naranjas<\/title>\n<meta name=\"description\" content=\"ALGUNAS REMINISCENCIAS DE NARANJAS. \/ M\u00f3nica Hern\u00e1ndez Mendoza. Qu\u00e9retaro, Quer\u00e9taro, M\u00e9xico : Herring Publishers M\u00e9xico, 2024. 47 pages: includes photos.\" \/>\n<meta name=\"robots\" content=\"index, follow, max-snippet:-1, max-image-preview:large, max-video-preview:-1\" \/>\n<link rel=\"canonical\" href=\"https:\/\/booksfrommexico.com\/es\/producto\/algunas-reminiscencias-de-naranjas\/\" \/>\n<meta property=\"og:locale\" content=\"es_ES\" \/>\n<meta property=\"og:type\" content=\"article\" \/>\n<meta property=\"og:title\" content=\"Algunas reminiscencias de naranjas\" \/>\n<meta property=\"og:description\" content=\"ALGUNAS REMINISCENCIAS DE NARANJAS. \/ M\u00f3nica Hern\u00e1ndez Mendoza. Qu\u00e9retaro, Quer\u00e9taro, M\u00e9xico : Herring Publishers M\u00e9xico, 2024. 47 pages: includes photos.\" \/>\n<meta property=\"og:url\" content=\"https:\/\/booksfrommexico.com\/es\/producto\/algunas-reminiscencias-de-naranjas\/\" \/>\n<meta property=\"og:site_name\" content=\"Books From Mexico\" \/>\n<meta property=\"article:modified_time\" content=\"2024-06-25T21:45:40+00:00\" \/>\n<meta property=\"og:image\" content=\"http:\/\/booksfrommexico.com\/app\/uploads\/2024\/05\/202666.jpeg\" \/>\n\t<meta property=\"og:image:width\" content=\"504\" \/>\n\t<meta property=\"og:image:height\" content=\"814\" \/>\n\t<meta property=\"og:image:type\" content=\"image\/jpeg\" \/>\n<meta name=\"twitter:card\" content=\"summary_large_image\" \/>\n<meta name=\"twitter:label1\" content=\"Tiempo de lectura\" \/>\n\t<meta name=\"twitter:data1\" content=\"1 minuto\" \/>\n<script type=\"application\/ld+json\" class=\"yoast-schema-graph\">{\"@context\":\"https:\/\/schema.org\",\"@graph\":[{\"@type\":\"WebPage\",\"@id\":\"https:\/\/booksfrommexico.com\/es\/producto\/algunas-reminiscencias-de-naranjas\/\",\"url\":\"https:\/\/booksfrommexico.com\/es\/producto\/algunas-reminiscencias-de-naranjas\/\",\"name\":\"Algunas reminiscencias de naranjas\",\"isPartOf\":{\"@id\":\"https:\/\/booksfrommexico.com\/#website\"},\"primaryImageOfPage\":{\"@id\":\"https:\/\/booksfrommexico.com\/es\/producto\/algunas-reminiscencias-de-naranjas\/#primaryimage\"},\"image\":{\"@id\":\"https:\/\/booksfrommexico.com\/es\/producto\/algunas-reminiscencias-de-naranjas\/#primaryimage\"},\"thumbnailUrl\":\"https:\/\/booksfrommexico.com\/app\/uploads\/2024\/05\/202666.jpeg\",\"datePublished\":\"2024-05-29T17:42:22+00:00\",\"dateModified\":\"2024-06-25T21:45:40+00:00\",\"description\":\"ALGUNAS REMINISCENCIAS DE NARANJAS. \/ M\u00f3nica Hern\u00e1ndez Mendoza. Qu\u00e9retaro, Quer\u00e9taro, M\u00e9xico : Herring Publishers M\u00e9xico, 2024. 47 pages: includes photos.\",\"breadcrumb\":{\"@id\":\"https:\/\/booksfrommexico.com\/es\/producto\/algunas-reminiscencias-de-naranjas\/#breadcrumb\"},\"inLanguage\":\"es\",\"potentialAction\":[{\"@type\":\"ReadAction\",\"target\":[\"https:\/\/booksfrommexico.com\/es\/producto\/algunas-reminiscencias-de-naranjas\/\"]}]},{\"@type\":\"ImageObject\",\"inLanguage\":\"es\",\"@id\":\"https:\/\/booksfrommexico.com\/es\/producto\/algunas-reminiscencias-de-naranjas\/#primaryimage\",\"url\":\"https:\/\/booksfrommexico.com\/app\/uploads\/2024\/05\/202666.jpeg\",\"contentUrl\":\"https:\/\/booksfrommexico.com\/app\/uploads\/2024\/05\/202666.jpeg\",\"width\":504,\"height\":814,\"caption\":\"Algunas reminiscencias de naranjas\"},{\"@type\":\"BreadcrumbList\",\"@id\":\"https:\/\/booksfrommexico.com\/es\/producto\/algunas-reminiscencias-de-naranjas\/#breadcrumb\",\"itemListElement\":[{\"@type\":\"ListItem\",\"position\":1,\"name\":\"Home\",\"item\":\"https:\/\/booksfrommexico.com\/es\/\"},{\"@type\":\"ListItem\",\"position\":2,\"name\":\"Libros\",\"item\":\"https:\/\/booksfrommexico.com\/es\/libros\/\"},{\"@type\":\"ListItem\",\"position\":3,\"name\":\"Algunas reminiscencias de naranjas\"}]},{\"@type\":\"WebSite\",\"@id\":\"https:\/\/booksfrommexico.com\/#website\",\"url\":\"https:\/\/booksfrommexico.com\/\",\"name\":\"Books From Mexico\",\"description\":\"\",\"publisher\":{\"@id\":\"https:\/\/booksfrommexico.com\/#organization\"},\"potentialAction\":[{\"@type\":\"SearchAction\",\"target\":{\"@type\":\"EntryPoint\",\"urlTemplate\":\"https:\/\/booksfrommexico.com\/?s={search_term_string}\"},\"query-input\":{\"@type\":\"PropertyValueSpecification\",\"valueRequired\":true,\"valueName\":\"search_term_string\"}}],\"inLanguage\":\"es\"},{\"@type\":\"Organization\",\"@id\":\"https:\/\/booksfrommexico.com\/#organization\",\"name\":\"Books From Mexico\",\"url\":\"https:\/\/booksfrommexico.com\/\",\"logo\":{\"@type\":\"ImageObject\",\"inLanguage\":\"es\",\"@id\":\"https:\/\/booksfrommexico.com\/#\/schema\/logo\/image\/\",\"url\":\"https:\/\/booksfrommexico.com\/app\/uploads\/2023\/05\/logo-booksfrommexico.svg\",\"contentUrl\":\"https:\/\/booksfrommexico.com\/app\/uploads\/2023\/05\/logo-booksfrommexico.svg\",\"width\":86,\"height\":56,\"caption\":\"Books From Mexico\"},\"image\":{\"@id\":\"https:\/\/booksfrommexico.com\/#\/schema\/logo\/image\/\"}}]}<\/script>\n<!-- \/ Yoast SEO plugin. -->","yoast_head_json":{"title":"Algunas reminiscencias de naranjas","description":"ALGUNAS REMINISCENCIAS DE NARANJAS. \/ M\u00f3nica Hern\u00e1ndez Mendoza. Qu\u00e9retaro, Quer\u00e9taro, M\u00e9xico : Herring Publishers M\u00e9xico, 2024. 47 pages: includes photos.","robots":{"index":"index","follow":"follow","max-snippet":"max-snippet:-1","max-image-preview":"max-image-preview:large","max-video-preview":"max-video-preview:-1"},"canonical":"https:\/\/booksfrommexico.com\/es\/producto\/algunas-reminiscencias-de-naranjas\/","og_locale":"es_ES","og_type":"article","og_title":"Algunas reminiscencias de naranjas","og_description":"ALGUNAS REMINISCENCIAS DE NARANJAS. \/ M\u00f3nica Hern\u00e1ndez Mendoza. Qu\u00e9retaro, Quer\u00e9taro, M\u00e9xico : Herring Publishers M\u00e9xico, 2024. 47 pages: includes photos.","og_url":"https:\/\/booksfrommexico.com\/es\/producto\/algunas-reminiscencias-de-naranjas\/","og_site_name":"Books From Mexico","article_modified_time":"2024-06-25T21:45:40+00:00","og_image":[{"width":504,"height":814,"url":"http:\/\/booksfrommexico.com\/app\/uploads\/2024\/05\/202666.jpeg","type":"image\/jpeg"}],"twitter_card":"summary_large_image","twitter_misc":{"Tiempo de lectura":"1 minuto"},"schema":{"@context":"https:\/\/schema.org","@graph":[{"@type":"WebPage","@id":"https:\/\/booksfrommexico.com\/es\/producto\/algunas-reminiscencias-de-naranjas\/","url":"https:\/\/booksfrommexico.com\/es\/producto\/algunas-reminiscencias-de-naranjas\/","name":"Algunas reminiscencias de naranjas","isPartOf":{"@id":"https:\/\/booksfrommexico.com\/#website"},"primaryImageOfPage":{"@id":"https:\/\/booksfrommexico.com\/es\/producto\/algunas-reminiscencias-de-naranjas\/#primaryimage"},"image":{"@id":"https:\/\/booksfrommexico.com\/es\/producto\/algunas-reminiscencias-de-naranjas\/#primaryimage"},"thumbnailUrl":"https:\/\/booksfrommexico.com\/app\/uploads\/2024\/05\/202666.jpeg","datePublished":"2024-05-29T17:42:22+00:00","dateModified":"2024-06-25T21:45:40+00:00","description":"ALGUNAS REMINISCENCIAS DE NARANJAS. \/ M\u00f3nica Hern\u00e1ndez Mendoza. Qu\u00e9retaro, Quer\u00e9taro, M\u00e9xico : Herring Publishers M\u00e9xico, 2024. 47 pages: includes photos.","breadcrumb":{"@id":"https:\/\/booksfrommexico.com\/es\/producto\/algunas-reminiscencias-de-naranjas\/#breadcrumb"},"inLanguage":"es","potentialAction":[{"@type":"ReadAction","target":["https:\/\/booksfrommexico.com\/es\/producto\/algunas-reminiscencias-de-naranjas\/"]}]},{"@type":"ImageObject","inLanguage":"es","@id":"https:\/\/booksfrommexico.com\/es\/producto\/algunas-reminiscencias-de-naranjas\/#primaryimage","url":"https:\/\/booksfrommexico.com\/app\/uploads\/2024\/05\/202666.jpeg","contentUrl":"https:\/\/booksfrommexico.com\/app\/uploads\/2024\/05\/202666.jpeg","width":504,"height":814,"caption":"Algunas reminiscencias de naranjas"},{"@type":"BreadcrumbList","@id":"https:\/\/booksfrommexico.com\/es\/producto\/algunas-reminiscencias-de-naranjas\/#breadcrumb","itemListElement":[{"@type":"ListItem","position":1,"name":"Home","item":"https:\/\/booksfrommexico.com\/es\/"},{"@type":"ListItem","position":2,"name":"Libros","item":"https:\/\/booksfrommexico.com\/es\/libros\/"},{"@type":"ListItem","position":3,"name":"Algunas reminiscencias de naranjas"}]},{"@type":"WebSite","@id":"https:\/\/booksfrommexico.com\/#website","url":"https:\/\/booksfrommexico.com\/","name":"Books From Mexico","description":"","publisher":{"@id":"https:\/\/booksfrommexico.com\/#organization"},"potentialAction":[{"@type":"SearchAction","target":{"@type":"EntryPoint","urlTemplate":"https:\/\/booksfrommexico.com\/?s={search_term_string}"},"query-input":{"@type":"PropertyValueSpecification","valueRequired":true,"valueName":"search_term_string"}}],"inLanguage":"es"},{"@type":"Organization","@id":"https:\/\/booksfrommexico.com\/#organization","name":"Books From Mexico","url":"https:\/\/booksfrommexico.com\/","logo":{"@type":"ImageObject","inLanguage":"es","@id":"https:\/\/booksfrommexico.com\/#\/schema\/logo\/image\/","url":"https:\/\/booksfrommexico.com\/app\/uploads\/2023\/05\/logo-booksfrommexico.svg","contentUrl":"https:\/\/booksfrommexico.com\/app\/uploads\/2023\/05\/logo-booksfrommexico.svg","width":86,"height":56,"caption":"Books From Mexico"},"image":{"@id":"https:\/\/booksfrommexico.com\/#\/schema\/logo\/image\/"}}]}},"_links":{"self":[{"href":"https:\/\/booksfrommexico.com\/es\/wp-json\/wp\/v2\/product\/6670","targetHints":{"allow":["GET"]}}],"collection":[{"href":"https:\/\/booksfrommexico.com\/es\/wp-json\/wp\/v2\/product"}],"about":[{"href":"https:\/\/booksfrommexico.com\/es\/wp-json\/wp\/v2\/types\/product"}],"wp:featuredmedia":[{"embeddable":true,"href":"https:\/\/booksfrommexico.com\/es\/wp-json\/wp\/v2\/media\/7044"}],"wp:attachment":[{"href":"https:\/\/booksfrommexico.com\/es\/wp-json\/wp\/v2\/media?parent=6670"}],"wp:term":[{"taxonomy":"product_brand","embeddable":true,"href":"https:\/\/booksfrommexico.com\/es\/wp-json\/wp\/v2\/product_brand?post=6670"},{"taxonomy":"product_cat","embeddable":true,"href":"https:\/\/booksfrommexico.com\/es\/wp-json\/wp\/v2\/product_cat?post=6670"},{"taxonomy":"product_tag","embeddable":true,"href":"https:\/\/booksfrommexico.com\/es\/wp-json\/wp\/v2\/product_tag?post=6670"}],"curies":[{"name":"wp","href":"https:\/\/api.w.org\/{rel}","templated":true}]}}