{"id":670,"date":"2023-05-08T17:05:22","date_gmt":"2023-05-08T17:05:22","guid":{"rendered":"http:\/\/booksfrommexico.com\/product\/graffiti-arte-urbano-educacion-cultura-e-identidad-en-la-modernidad\/"},"modified":"2024-07-12T20:33:38","modified_gmt":"2024-07-12T20:33:38","slug":"graffiti-arte-urbano-educacion-cultura-e-identidad-en-la-modernidad","status":"publish","type":"product","link":"https:\/\/booksfrommexico.com\/es\/producto\/graffiti-arte-urbano-educacion-cultura-e-identidad-en-la-modernidad\/","title":{"rendered":"Graffiti, arte urbano: Educaci\u00f3n, cultura e identidad en la modernidad"},"content":{"rendered":"<p><span style=\"font-weight: 400;\">El abordaje de fen\u00f3menos sociales como el graffiti constituye para el investigador un reto novedoso y problematizador, pues es un objetivo de estudio h\u00edbrido, vol\u00e1til y difuso que se presenta en el entorno de las ciudades. En este texto se estudia al graffiti en su vinculaci\u00f3n con los procesos educativos y culturales, como una expresi\u00f3n contracultural que se opone a los mecanismos de dominaci\u00f3n que tienden hacia la despersonalizaci\u00f3n, fragmentaci\u00f3n y atomizaci\u00f3n del individuo. En respuesta a estos fen\u00f3menos, el gaffitero se crea un espacio de actuaci\u00f3n, representaci\u00f3n e identificaci\u00f3n de car\u00e1cter clandestino, que genera sus propias alternativas alrededor de experiencias urbanas colectivas.<\/span><\/p>\n","protected":false},"excerpt":{"rendered":"<p>GRAFFITI, ARTE URBANO : EDUCACI\u00d3N, CULTURA E IDENTIDAD EN LA MODERNIDAD<span style=\"font-weight: 400;\">. \/ Ricardo Buil R\u00edos. M\u00e9xico, D.F. : Universidad Pedag\u00f3gica Nacional, 2005. 185 pages : includes color photos ; 27 cm. (Colecci\u00f3n Educarte). ISBN : 9707021217.<\/span><\/p>\n","protected":false},"featured_media":669,"template":"","meta":{"_acf_changed":false,"inline_featured_image":false},"product_brand":[],"product_cat":[87,790],"product_tag":[4044,4468,3880,3608],"class_list":{"0":"post-670","1":"product","2":"type-product","3":"status-publish","4":"has-post-thumbnail","6":"product_cat-arte","7":"product_cat-arte-y-sociedad-arte","8":"product_tag-arte","9":"product_tag-arte-urbano","10":"product_tag-identidad-cultural","11":"product_tag-vida-social-y-costumbres","13":"first","14":"instock","15":"taxable","16":"shipping-taxable","17":"purchasable","18":"product-type-simple"},"acf":[],"yoast_head":"<!-- This site is optimized with the Yoast SEO plugin v27.3 - https:\/\/yoast.com\/product\/yoast-seo-wordpress\/ -->\n<title>Graffiti, arte urbano: Educaci\u00f3n, cultura e identidad...<\/title>\n<meta name=\"description\" content=\"GRAFFITI, ARTE URBANO : EDUCACI\u00d3N, CULTURA E IDENTIDAD EN LA MODERNIDAD. \/ Ricardo Buil R\u00edos. (Colecci\u00f3n Educarte). ISBN : 9707021217.\" \/>\n<meta name=\"robots\" content=\"index, follow, max-snippet:-1, max-image-preview:large, max-video-preview:-1\" \/>\n<link rel=\"canonical\" href=\"https:\/\/booksfrommexico.com\/es\/producto\/graffiti-arte-urbano-educacion-cultura-e-identidad-en-la-modernidad\/\" \/>\n<meta property=\"og:locale\" content=\"es_ES\" \/>\n<meta property=\"og:type\" content=\"article\" \/>\n<meta property=\"og:title\" content=\"Graffiti, arte urbano: Educaci\u00f3n, cultura e identidad...\" \/>\n<meta property=\"og:description\" content=\"GRAFFITI, ARTE URBANO : EDUCACI\u00d3N, CULTURA E IDENTIDAD EN LA MODERNIDAD. \/ Ricardo Buil R\u00edos. (Colecci\u00f3n Educarte). ISBN : 9707021217.\" \/>\n<meta property=\"og:url\" content=\"https:\/\/booksfrommexico.com\/es\/producto\/graffiti-arte-urbano-educacion-cultura-e-identidad-en-la-modernidad\/\" \/>\n<meta property=\"og:site_name\" content=\"Books From Mexico\" \/>\n<meta property=\"article:modified_time\" content=\"2024-07-12T20:33:38+00:00\" \/>\n<meta property=\"og:image\" content=\"http:\/\/booksfrommexico.com\/app\/uploads\/2023\/05\/132339.jpeg\" \/>\n\t<meta property=\"og:image:width\" content=\"597\" \/>\n\t<meta property=\"og:image:height\" content=\"782\" \/>\n\t<meta property=\"og:image:type\" content=\"image\/jpeg\" \/>\n<meta name=\"twitter:card\" content=\"summary_large_image\" \/>\n<meta name=\"twitter:label1\" content=\"Tiempo de lectura\" \/>\n\t<meta name=\"twitter:data1\" content=\"1 minuto\" \/>\n<script type=\"application\/ld+json\" class=\"yoast-schema-graph\">{\"@context\":\"https:\\\/\\\/schema.org\",\"@graph\":[{\"@type\":\"WebPage\",\"@id\":\"https:\\\/\\\/booksfrommexico.com\\\/es\\\/producto\\\/graffiti-arte-urbano-educacion-cultura-e-identidad-en-la-modernidad\\\/\",\"url\":\"https:\\\/\\\/booksfrommexico.com\\\/es\\\/producto\\\/graffiti-arte-urbano-educacion-cultura-e-identidad-en-la-modernidad\\\/\",\"name\":\"Graffiti, arte urbano: Educaci\u00f3n, cultura e identidad...\",\"isPartOf\":{\"@id\":\"https:\\\/\\\/booksfrommexico.com\\\/#website\"},\"primaryImageOfPage\":{\"@id\":\"https:\\\/\\\/booksfrommexico.com\\\/es\\\/producto\\\/graffiti-arte-urbano-educacion-cultura-e-identidad-en-la-modernidad\\\/#primaryimage\"},\"image\":{\"@id\":\"https:\\\/\\\/booksfrommexico.com\\\/es\\\/producto\\\/graffiti-arte-urbano-educacion-cultura-e-identidad-en-la-modernidad\\\/#primaryimage\"},\"thumbnailUrl\":\"https:\\\/\\\/booksfrommexico.com\\\/app\\\/uploads\\\/2023\\\/05\\\/132339.jpeg\",\"datePublished\":\"2023-05-08T17:05:22+00:00\",\"dateModified\":\"2024-07-12T20:33:38+00:00\",\"description\":\"GRAFFITI, ARTE URBANO : EDUCACI\u00d3N, CULTURA E IDENTIDAD EN LA MODERNIDAD. \\\/ Ricardo Buil R\u00edos. (Colecci\u00f3n Educarte). ISBN : 9707021217.\",\"breadcrumb\":{\"@id\":\"https:\\\/\\\/booksfrommexico.com\\\/es\\\/producto\\\/graffiti-arte-urbano-educacion-cultura-e-identidad-en-la-modernidad\\\/#breadcrumb\"},\"inLanguage\":\"es\",\"potentialAction\":[{\"@type\":\"ReadAction\",\"target\":[\"https:\\\/\\\/booksfrommexico.com\\\/es\\\/producto\\\/graffiti-arte-urbano-educacion-cultura-e-identidad-en-la-modernidad\\\/\"]}]},{\"@type\":\"ImageObject\",\"inLanguage\":\"es\",\"@id\":\"https:\\\/\\\/booksfrommexico.com\\\/es\\\/producto\\\/graffiti-arte-urbano-educacion-cultura-e-identidad-en-la-modernidad\\\/#primaryimage\",\"url\":\"https:\\\/\\\/booksfrommexico.com\\\/app\\\/uploads\\\/2023\\\/05\\\/132339.jpeg\",\"contentUrl\":\"https:\\\/\\\/booksfrommexico.com\\\/app\\\/uploads\\\/2023\\\/05\\\/132339.jpeg\",\"width\":597,\"height\":782,\"caption\":\"Graffiti, arte urbano. Educaci\u00f3n, cultura e identidad en la modernidad. Books From M\u00e9xico\"},{\"@type\":\"BreadcrumbList\",\"@id\":\"https:\\\/\\\/booksfrommexico.com\\\/es\\\/producto\\\/graffiti-arte-urbano-educacion-cultura-e-identidad-en-la-modernidad\\\/#breadcrumb\",\"itemListElement\":[{\"@type\":\"ListItem\",\"position\":1,\"name\":\"Home\",\"item\":\"https:\\\/\\\/booksfrommexico.com\\\/es\\\/\"},{\"@type\":\"ListItem\",\"position\":2,\"name\":\"Libros\",\"item\":\"https:\\\/\\\/booksfrommexico.com\\\/es\\\/libros\\\/\"},{\"@type\":\"ListItem\",\"position\":3,\"name\":\"Graffiti, arte urbano: Educaci\u00f3n, cultura e identidad en la modernidad\"}]},{\"@type\":\"WebSite\",\"@id\":\"https:\\\/\\\/booksfrommexico.com\\\/#website\",\"url\":\"https:\\\/\\\/booksfrommexico.com\\\/\",\"name\":\"Books From Mexico\",\"description\":\"\",\"publisher\":{\"@id\":\"https:\\\/\\\/booksfrommexico.com\\\/#organization\"},\"potentialAction\":[{\"@type\":\"SearchAction\",\"target\":{\"@type\":\"EntryPoint\",\"urlTemplate\":\"https:\\\/\\\/booksfrommexico.com\\\/?s={search_term_string}\"},\"query-input\":{\"@type\":\"PropertyValueSpecification\",\"valueRequired\":true,\"valueName\":\"search_term_string\"}}],\"inLanguage\":\"es\"},{\"@type\":\"Organization\",\"@id\":\"https:\\\/\\\/booksfrommexico.com\\\/#organization\",\"name\":\"Books From Mexico\",\"url\":\"https:\\\/\\\/booksfrommexico.com\\\/\",\"logo\":{\"@type\":\"ImageObject\",\"inLanguage\":\"es\",\"@id\":\"https:\\\/\\\/booksfrommexico.com\\\/#\\\/schema\\\/logo\\\/image\\\/\",\"url\":\"https:\\\/\\\/booksfrommexico.com\\\/app\\\/uploads\\\/2023\\\/05\\\/logo-booksfrommexico.svg\",\"contentUrl\":\"https:\\\/\\\/booksfrommexico.com\\\/app\\\/uploads\\\/2023\\\/05\\\/logo-booksfrommexico.svg\",\"width\":86,\"height\":56,\"caption\":\"Books From Mexico\"},\"image\":{\"@id\":\"https:\\\/\\\/booksfrommexico.com\\\/#\\\/schema\\\/logo\\\/image\\\/\"}}]}<\/script>\n<!-- \/ Yoast SEO plugin. -->","yoast_head_json":{"title":"Graffiti, arte urbano: Educaci\u00f3n, cultura e identidad...","description":"GRAFFITI, ARTE URBANO : EDUCACI\u00d3N, CULTURA E IDENTIDAD EN LA MODERNIDAD. \/ Ricardo Buil R\u00edos. (Colecci\u00f3n Educarte). ISBN : 9707021217.","robots":{"index":"index","follow":"follow","max-snippet":"max-snippet:-1","max-image-preview":"max-image-preview:large","max-video-preview":"max-video-preview:-1"},"canonical":"https:\/\/booksfrommexico.com\/es\/producto\/graffiti-arte-urbano-educacion-cultura-e-identidad-en-la-modernidad\/","og_locale":"es_ES","og_type":"article","og_title":"Graffiti, arte urbano: Educaci\u00f3n, cultura e identidad...","og_description":"GRAFFITI, ARTE URBANO : EDUCACI\u00d3N, CULTURA E IDENTIDAD EN LA MODERNIDAD. \/ Ricardo Buil R\u00edos. (Colecci\u00f3n Educarte). ISBN : 9707021217.","og_url":"https:\/\/booksfrommexico.com\/es\/producto\/graffiti-arte-urbano-educacion-cultura-e-identidad-en-la-modernidad\/","og_site_name":"Books From Mexico","article_modified_time":"2024-07-12T20:33:38+00:00","og_image":[{"width":597,"height":782,"url":"http:\/\/booksfrommexico.com\/app\/uploads\/2023\/05\/132339.jpeg","type":"image\/jpeg"}],"twitter_card":"summary_large_image","twitter_misc":{"Tiempo de lectura":"1 minuto"},"schema":{"@context":"https:\/\/schema.org","@graph":[{"@type":"WebPage","@id":"https:\/\/booksfrommexico.com\/es\/producto\/graffiti-arte-urbano-educacion-cultura-e-identidad-en-la-modernidad\/","url":"https:\/\/booksfrommexico.com\/es\/producto\/graffiti-arte-urbano-educacion-cultura-e-identidad-en-la-modernidad\/","name":"Graffiti, arte urbano: Educaci\u00f3n, cultura e identidad...","isPartOf":{"@id":"https:\/\/booksfrommexico.com\/#website"},"primaryImageOfPage":{"@id":"https:\/\/booksfrommexico.com\/es\/producto\/graffiti-arte-urbano-educacion-cultura-e-identidad-en-la-modernidad\/#primaryimage"},"image":{"@id":"https:\/\/booksfrommexico.com\/es\/producto\/graffiti-arte-urbano-educacion-cultura-e-identidad-en-la-modernidad\/#primaryimage"},"thumbnailUrl":"https:\/\/booksfrommexico.com\/app\/uploads\/2023\/05\/132339.jpeg","datePublished":"2023-05-08T17:05:22+00:00","dateModified":"2024-07-12T20:33:38+00:00","description":"GRAFFITI, ARTE URBANO : EDUCACI\u00d3N, CULTURA E IDENTIDAD EN LA MODERNIDAD. \/ Ricardo Buil R\u00edos. (Colecci\u00f3n Educarte). ISBN : 9707021217.","breadcrumb":{"@id":"https:\/\/booksfrommexico.com\/es\/producto\/graffiti-arte-urbano-educacion-cultura-e-identidad-en-la-modernidad\/#breadcrumb"},"inLanguage":"es","potentialAction":[{"@type":"ReadAction","target":["https:\/\/booksfrommexico.com\/es\/producto\/graffiti-arte-urbano-educacion-cultura-e-identidad-en-la-modernidad\/"]}]},{"@type":"ImageObject","inLanguage":"es","@id":"https:\/\/booksfrommexico.com\/es\/producto\/graffiti-arte-urbano-educacion-cultura-e-identidad-en-la-modernidad\/#primaryimage","url":"https:\/\/booksfrommexico.com\/app\/uploads\/2023\/05\/132339.jpeg","contentUrl":"https:\/\/booksfrommexico.com\/app\/uploads\/2023\/05\/132339.jpeg","width":597,"height":782,"caption":"Graffiti, arte urbano. Educaci\u00f3n, cultura e identidad en la modernidad. Books From M\u00e9xico"},{"@type":"BreadcrumbList","@id":"https:\/\/booksfrommexico.com\/es\/producto\/graffiti-arte-urbano-educacion-cultura-e-identidad-en-la-modernidad\/#breadcrumb","itemListElement":[{"@type":"ListItem","position":1,"name":"Home","item":"https:\/\/booksfrommexico.com\/es\/"},{"@type":"ListItem","position":2,"name":"Libros","item":"https:\/\/booksfrommexico.com\/es\/libros\/"},{"@type":"ListItem","position":3,"name":"Graffiti, arte urbano: Educaci\u00f3n, cultura e identidad en la modernidad"}]},{"@type":"WebSite","@id":"https:\/\/booksfrommexico.com\/#website","url":"https:\/\/booksfrommexico.com\/","name":"Books From Mexico","description":"","publisher":{"@id":"https:\/\/booksfrommexico.com\/#organization"},"potentialAction":[{"@type":"SearchAction","target":{"@type":"EntryPoint","urlTemplate":"https:\/\/booksfrommexico.com\/?s={search_term_string}"},"query-input":{"@type":"PropertyValueSpecification","valueRequired":true,"valueName":"search_term_string"}}],"inLanguage":"es"},{"@type":"Organization","@id":"https:\/\/booksfrommexico.com\/#organization","name":"Books From Mexico","url":"https:\/\/booksfrommexico.com\/","logo":{"@type":"ImageObject","inLanguage":"es","@id":"https:\/\/booksfrommexico.com\/#\/schema\/logo\/image\/","url":"https:\/\/booksfrommexico.com\/app\/uploads\/2023\/05\/logo-booksfrommexico.svg","contentUrl":"https:\/\/booksfrommexico.com\/app\/uploads\/2023\/05\/logo-booksfrommexico.svg","width":86,"height":56,"caption":"Books From Mexico"},"image":{"@id":"https:\/\/booksfrommexico.com\/#\/schema\/logo\/image\/"}}]}},"_links":{"self":[{"href":"https:\/\/booksfrommexico.com\/es\/wp-json\/wp\/v2\/product\/670","targetHints":{"allow":["GET"]}}],"collection":[{"href":"https:\/\/booksfrommexico.com\/es\/wp-json\/wp\/v2\/product"}],"about":[{"href":"https:\/\/booksfrommexico.com\/es\/wp-json\/wp\/v2\/types\/product"}],"wp:featuredmedia":[{"embeddable":true,"href":"https:\/\/booksfrommexico.com\/es\/wp-json\/wp\/v2\/media\/669"}],"wp:attachment":[{"href":"https:\/\/booksfrommexico.com\/es\/wp-json\/wp\/v2\/media?parent=670"}],"wp:term":[{"taxonomy":"product_brand","embeddable":true,"href":"https:\/\/booksfrommexico.com\/es\/wp-json\/wp\/v2\/product_brand?post=670"},{"taxonomy":"product_cat","embeddable":true,"href":"https:\/\/booksfrommexico.com\/es\/wp-json\/wp\/v2\/product_cat?post=670"},{"taxonomy":"product_tag","embeddable":true,"href":"https:\/\/booksfrommexico.com\/es\/wp-json\/wp\/v2\/product_tag?post=670"}],"curies":[{"name":"wp","href":"https:\/\/api.w.org\/{rel}","templated":true}]}}