{"id":672,"date":"2023-05-08T17:05:23","date_gmt":"2023-05-08T17:05:23","guid":{"rendered":"http:\/\/booksfrommexico.com\/product\/apuntes-retratos-y-testimonios-de-un-artista-inolvidable-homenaje-a-alberto-beltran\/"},"modified":"2024-07-12T20:55:05","modified_gmt":"2024-07-12T20:55:05","slug":"apuntes-retratos-y-testimonios-de-un-artista-inolvidable-homenaje-a-alberto-beltran","status":"publish","type":"product","link":"https:\/\/booksfrommexico.com\/es\/producto\/apuntes-retratos-y-testimonios-de-un-artista-inolvidable-homenaje-a-alberto-beltran\/","title":{"rendered":"Apuntes, retratos y testimonios de un artista inolvidable: Homenaje a Alberto Beltr\u00e1n"},"content":{"rendered":"<p><span style=\"font-weight: 400;\">Este t\u00edtulo forma parte del homenaje que la Direcci\u00f3n General de Culturas Populares e Ind\u00edgenas rinde a Alberto Beltr\u00e1n, artista gr\u00e1fico que retrat\u00f3 el pa\u00eds en el que vivi\u00f3 y que fue su gran amor. Beltr\u00e1n se vio desde su juventud ligado a las luchas obreras, campesinas, de los sin tierra, de los ind\u00edgenas, del analfabetismo y el antiimperialismo, lo cual le permiti\u00f3 plasmar con ojo cr\u00edtico y objetividad la realidad del pa\u00eds en el que viv\u00eda. Aqu\u00ed se da un acercamiento a la vida y obra de un maestro de la gr\u00e1fica mexicana y defensor de las culturas populares e ind\u00edgenas, dando s\u00f3lo una peque\u00f1a muestra de su trabajo por el cual ha sido considerado como el ilustrador m\u00e1s prol\u00edfico de M\u00e9xico. <\/span><\/p>\n","protected":false},"excerpt":{"rendered":"<p>APUNTES, RETRATOS Y TESTIMONIOS DE UN ARTISTA INOLVIDABLE : HOMENAJE A ALBERTO BELTR\u00c1N<span style=\"font-weight: 400;\">. \/ M\u00e9xico, D.F. : Consejo Nacional para la Cultura y las Artes , Direcci\u00f3n General de Culturas Populares e Ind\u00edgenas, 2005. 126 pages : includes photo, illustrations ; 27 cm. (Colecci\u00f3n Arte Popular de M\u00e9xico). ISBN : 9703508227.<\/span><\/p>\n<p><br style=\"font-weight: 400;\" \/><br style=\"font-weight: 400;\" \/><\/p>\n","protected":false},"featured_media":671,"template":"","meta":{"_acf_changed":false,"inline_featured_image":false},"product_brand":[],"product_cat":[87,390],"product_tag":[4044,4470,3630],"class_list":{"0":"post-672","1":"product","2":"type-product","3":"status-publish","4":"has-post-thumbnail","6":"product_cat-arte","7":"product_cat-biografias-de-artistas-arte","8":"product_tag-arte","9":"product_tag-arte-grafico","10":"product_tag-biografia","12":"first","13":"instock","14":"taxable","15":"shipping-taxable","16":"purchasable","17":"product-type-simple"},"acf":[],"yoast_head":"<!-- This site is optimized with the Yoast SEO plugin v27.3 - https:\/\/yoast.com\/product\/yoast-seo-wordpress\/ -->\n<title>Apuntes, retratos y testimonios de un artista inolvidable<\/title>\n<meta name=\"description\" content=\"APUNTES, RETRATOS Y TESTIMONIOS DE UN ARTISTA INOLVIDABLE : HOMENAJE A ALBERTO BELTR\u00c1N. \/ CONACULTA. (Colecci\u00f3n Arte Popular de M\u00e9xico). ISBN : 9703508227.\" \/>\n<meta name=\"robots\" content=\"index, follow, max-snippet:-1, max-image-preview:large, max-video-preview:-1\" \/>\n<link rel=\"canonical\" href=\"https:\/\/booksfrommexico.com\/es\/producto\/apuntes-retratos-y-testimonios-de-un-artista-inolvidable-homenaje-a-alberto-beltran\/\" \/>\n<meta property=\"og:locale\" content=\"es_ES\" \/>\n<meta property=\"og:type\" content=\"article\" \/>\n<meta property=\"og:title\" content=\"Apuntes, retratos y testimonios de un artista inolvidable\" \/>\n<meta property=\"og:description\" content=\"APUNTES, RETRATOS Y TESTIMONIOS DE UN ARTISTA INOLVIDABLE : HOMENAJE A ALBERTO BELTR\u00c1N. \/ CONACULTA. (Colecci\u00f3n Arte Popular de M\u00e9xico). ISBN : 9703508227.\" \/>\n<meta property=\"og:url\" content=\"https:\/\/booksfrommexico.com\/es\/producto\/apuntes-retratos-y-testimonios-de-un-artista-inolvidable-homenaje-a-alberto-beltran\/\" \/>\n<meta property=\"og:site_name\" content=\"Books From Mexico\" \/>\n<meta property=\"article:modified_time\" content=\"2024-07-12T20:55:05+00:00\" \/>\n<meta property=\"og:image\" content=\"http:\/\/booksfrommexico.com\/app\/uploads\/2023\/05\/132323.jpeg\" \/>\n\t<meta property=\"og:image:width\" content=\"562\" \/>\n\t<meta property=\"og:image:height\" content=\"784\" \/>\n\t<meta property=\"og:image:type\" content=\"image\/jpeg\" \/>\n<meta name=\"twitter:card\" content=\"summary_large_image\" \/>\n<meta name=\"twitter:label1\" content=\"Tiempo de lectura\" \/>\n\t<meta name=\"twitter:data1\" content=\"1 minuto\" \/>\n<script type=\"application\/ld+json\" class=\"yoast-schema-graph\">{\"@context\":\"https:\\\/\\\/schema.org\",\"@graph\":[{\"@type\":\"WebPage\",\"@id\":\"https:\\\/\\\/booksfrommexico.com\\\/es\\\/producto\\\/apuntes-retratos-y-testimonios-de-un-artista-inolvidable-homenaje-a-alberto-beltran\\\/\",\"url\":\"https:\\\/\\\/booksfrommexico.com\\\/es\\\/producto\\\/apuntes-retratos-y-testimonios-de-un-artista-inolvidable-homenaje-a-alberto-beltran\\\/\",\"name\":\"Apuntes, retratos y testimonios de un artista inolvidable\",\"isPartOf\":{\"@id\":\"https:\\\/\\\/booksfrommexico.com\\\/#website\"},\"primaryImageOfPage\":{\"@id\":\"https:\\\/\\\/booksfrommexico.com\\\/es\\\/producto\\\/apuntes-retratos-y-testimonios-de-un-artista-inolvidable-homenaje-a-alberto-beltran\\\/#primaryimage\"},\"image\":{\"@id\":\"https:\\\/\\\/booksfrommexico.com\\\/es\\\/producto\\\/apuntes-retratos-y-testimonios-de-un-artista-inolvidable-homenaje-a-alberto-beltran\\\/#primaryimage\"},\"thumbnailUrl\":\"https:\\\/\\\/booksfrommexico.com\\\/app\\\/uploads\\\/2023\\\/05\\\/132323.jpeg\",\"datePublished\":\"2023-05-08T17:05:23+00:00\",\"dateModified\":\"2024-07-12T20:55:05+00:00\",\"description\":\"APUNTES, RETRATOS Y TESTIMONIOS DE UN ARTISTA INOLVIDABLE : HOMENAJE A ALBERTO BELTR\u00c1N. \\\/ CONACULTA. (Colecci\u00f3n Arte Popular de M\u00e9xico). ISBN : 9703508227.\",\"breadcrumb\":{\"@id\":\"https:\\\/\\\/booksfrommexico.com\\\/es\\\/producto\\\/apuntes-retratos-y-testimonios-de-un-artista-inolvidable-homenaje-a-alberto-beltran\\\/#breadcrumb\"},\"inLanguage\":\"es\",\"potentialAction\":[{\"@type\":\"ReadAction\",\"target\":[\"https:\\\/\\\/booksfrommexico.com\\\/es\\\/producto\\\/apuntes-retratos-y-testimonios-de-un-artista-inolvidable-homenaje-a-alberto-beltran\\\/\"]}]},{\"@type\":\"ImageObject\",\"inLanguage\":\"es\",\"@id\":\"https:\\\/\\\/booksfrommexico.com\\\/es\\\/producto\\\/apuntes-retratos-y-testimonios-de-un-artista-inolvidable-homenaje-a-alberto-beltran\\\/#primaryimage\",\"url\":\"https:\\\/\\\/booksfrommexico.com\\\/app\\\/uploads\\\/2023\\\/05\\\/132323.jpeg\",\"contentUrl\":\"https:\\\/\\\/booksfrommexico.com\\\/app\\\/uploads\\\/2023\\\/05\\\/132323.jpeg\",\"width\":562,\"height\":784,\"caption\":\"Apuntes, retratos y testimonios de un artista inolvidable. Homenaje a Alberto Beltr\u00e1n. Books From M\u00e9xico\"},{\"@type\":\"BreadcrumbList\",\"@id\":\"https:\\\/\\\/booksfrommexico.com\\\/es\\\/producto\\\/apuntes-retratos-y-testimonios-de-un-artista-inolvidable-homenaje-a-alberto-beltran\\\/#breadcrumb\",\"itemListElement\":[{\"@type\":\"ListItem\",\"position\":1,\"name\":\"Home\",\"item\":\"https:\\\/\\\/booksfrommexico.com\\\/es\\\/\"},{\"@type\":\"ListItem\",\"position\":2,\"name\":\"Libros\",\"item\":\"https:\\\/\\\/booksfrommexico.com\\\/es\\\/libros\\\/\"},{\"@type\":\"ListItem\",\"position\":3,\"name\":\"Apuntes, retratos y testimonios de un artista inolvidable: Homenaje a Alberto Beltr\u00e1n\"}]},{\"@type\":\"WebSite\",\"@id\":\"https:\\\/\\\/booksfrommexico.com\\\/#website\",\"url\":\"https:\\\/\\\/booksfrommexico.com\\\/\",\"name\":\"Books From Mexico\",\"description\":\"\",\"publisher\":{\"@id\":\"https:\\\/\\\/booksfrommexico.com\\\/#organization\"},\"potentialAction\":[{\"@type\":\"SearchAction\",\"target\":{\"@type\":\"EntryPoint\",\"urlTemplate\":\"https:\\\/\\\/booksfrommexico.com\\\/?s={search_term_string}\"},\"query-input\":{\"@type\":\"PropertyValueSpecification\",\"valueRequired\":true,\"valueName\":\"search_term_string\"}}],\"inLanguage\":\"es\"},{\"@type\":\"Organization\",\"@id\":\"https:\\\/\\\/booksfrommexico.com\\\/#organization\",\"name\":\"Books From Mexico\",\"url\":\"https:\\\/\\\/booksfrommexico.com\\\/\",\"logo\":{\"@type\":\"ImageObject\",\"inLanguage\":\"es\",\"@id\":\"https:\\\/\\\/booksfrommexico.com\\\/#\\\/schema\\\/logo\\\/image\\\/\",\"url\":\"https:\\\/\\\/booksfrommexico.com\\\/app\\\/uploads\\\/2023\\\/05\\\/logo-booksfrommexico.svg\",\"contentUrl\":\"https:\\\/\\\/booksfrommexico.com\\\/app\\\/uploads\\\/2023\\\/05\\\/logo-booksfrommexico.svg\",\"width\":86,\"height\":56,\"caption\":\"Books From Mexico\"},\"image\":{\"@id\":\"https:\\\/\\\/booksfrommexico.com\\\/#\\\/schema\\\/logo\\\/image\\\/\"}}]}<\/script>\n<!-- \/ Yoast SEO plugin. -->","yoast_head_json":{"title":"Apuntes, retratos y testimonios de un artista inolvidable","description":"APUNTES, RETRATOS Y TESTIMONIOS DE UN ARTISTA INOLVIDABLE : HOMENAJE A ALBERTO BELTR\u00c1N. \/ CONACULTA. (Colecci\u00f3n Arte Popular de M\u00e9xico). ISBN : 9703508227.","robots":{"index":"index","follow":"follow","max-snippet":"max-snippet:-1","max-image-preview":"max-image-preview:large","max-video-preview":"max-video-preview:-1"},"canonical":"https:\/\/booksfrommexico.com\/es\/producto\/apuntes-retratos-y-testimonios-de-un-artista-inolvidable-homenaje-a-alberto-beltran\/","og_locale":"es_ES","og_type":"article","og_title":"Apuntes, retratos y testimonios de un artista inolvidable","og_description":"APUNTES, RETRATOS Y TESTIMONIOS DE UN ARTISTA INOLVIDABLE : HOMENAJE A ALBERTO BELTR\u00c1N. \/ CONACULTA. (Colecci\u00f3n Arte Popular de M\u00e9xico). ISBN : 9703508227.","og_url":"https:\/\/booksfrommexico.com\/es\/producto\/apuntes-retratos-y-testimonios-de-un-artista-inolvidable-homenaje-a-alberto-beltran\/","og_site_name":"Books From Mexico","article_modified_time":"2024-07-12T20:55:05+00:00","og_image":[{"width":562,"height":784,"url":"http:\/\/booksfrommexico.com\/app\/uploads\/2023\/05\/132323.jpeg","type":"image\/jpeg"}],"twitter_card":"summary_large_image","twitter_misc":{"Tiempo de lectura":"1 minuto"},"schema":{"@context":"https:\/\/schema.org","@graph":[{"@type":"WebPage","@id":"https:\/\/booksfrommexico.com\/es\/producto\/apuntes-retratos-y-testimonios-de-un-artista-inolvidable-homenaje-a-alberto-beltran\/","url":"https:\/\/booksfrommexico.com\/es\/producto\/apuntes-retratos-y-testimonios-de-un-artista-inolvidable-homenaje-a-alberto-beltran\/","name":"Apuntes, retratos y testimonios de un artista inolvidable","isPartOf":{"@id":"https:\/\/booksfrommexico.com\/#website"},"primaryImageOfPage":{"@id":"https:\/\/booksfrommexico.com\/es\/producto\/apuntes-retratos-y-testimonios-de-un-artista-inolvidable-homenaje-a-alberto-beltran\/#primaryimage"},"image":{"@id":"https:\/\/booksfrommexico.com\/es\/producto\/apuntes-retratos-y-testimonios-de-un-artista-inolvidable-homenaje-a-alberto-beltran\/#primaryimage"},"thumbnailUrl":"https:\/\/booksfrommexico.com\/app\/uploads\/2023\/05\/132323.jpeg","datePublished":"2023-05-08T17:05:23+00:00","dateModified":"2024-07-12T20:55:05+00:00","description":"APUNTES, RETRATOS Y TESTIMONIOS DE UN ARTISTA INOLVIDABLE : HOMENAJE A ALBERTO BELTR\u00c1N. \/ CONACULTA. (Colecci\u00f3n Arte Popular de M\u00e9xico). ISBN : 9703508227.","breadcrumb":{"@id":"https:\/\/booksfrommexico.com\/es\/producto\/apuntes-retratos-y-testimonios-de-un-artista-inolvidable-homenaje-a-alberto-beltran\/#breadcrumb"},"inLanguage":"es","potentialAction":[{"@type":"ReadAction","target":["https:\/\/booksfrommexico.com\/es\/producto\/apuntes-retratos-y-testimonios-de-un-artista-inolvidable-homenaje-a-alberto-beltran\/"]}]},{"@type":"ImageObject","inLanguage":"es","@id":"https:\/\/booksfrommexico.com\/es\/producto\/apuntes-retratos-y-testimonios-de-un-artista-inolvidable-homenaje-a-alberto-beltran\/#primaryimage","url":"https:\/\/booksfrommexico.com\/app\/uploads\/2023\/05\/132323.jpeg","contentUrl":"https:\/\/booksfrommexico.com\/app\/uploads\/2023\/05\/132323.jpeg","width":562,"height":784,"caption":"Apuntes, retratos y testimonios de un artista inolvidable. Homenaje a Alberto Beltr\u00e1n. Books From M\u00e9xico"},{"@type":"BreadcrumbList","@id":"https:\/\/booksfrommexico.com\/es\/producto\/apuntes-retratos-y-testimonios-de-un-artista-inolvidable-homenaje-a-alberto-beltran\/#breadcrumb","itemListElement":[{"@type":"ListItem","position":1,"name":"Home","item":"https:\/\/booksfrommexico.com\/es\/"},{"@type":"ListItem","position":2,"name":"Libros","item":"https:\/\/booksfrommexico.com\/es\/libros\/"},{"@type":"ListItem","position":3,"name":"Apuntes, retratos y testimonios de un artista inolvidable: Homenaje a Alberto Beltr\u00e1n"}]},{"@type":"WebSite","@id":"https:\/\/booksfrommexico.com\/#website","url":"https:\/\/booksfrommexico.com\/","name":"Books From Mexico","description":"","publisher":{"@id":"https:\/\/booksfrommexico.com\/#organization"},"potentialAction":[{"@type":"SearchAction","target":{"@type":"EntryPoint","urlTemplate":"https:\/\/booksfrommexico.com\/?s={search_term_string}"},"query-input":{"@type":"PropertyValueSpecification","valueRequired":true,"valueName":"search_term_string"}}],"inLanguage":"es"},{"@type":"Organization","@id":"https:\/\/booksfrommexico.com\/#organization","name":"Books From Mexico","url":"https:\/\/booksfrommexico.com\/","logo":{"@type":"ImageObject","inLanguage":"es","@id":"https:\/\/booksfrommexico.com\/#\/schema\/logo\/image\/","url":"https:\/\/booksfrommexico.com\/app\/uploads\/2023\/05\/logo-booksfrommexico.svg","contentUrl":"https:\/\/booksfrommexico.com\/app\/uploads\/2023\/05\/logo-booksfrommexico.svg","width":86,"height":56,"caption":"Books From Mexico"},"image":{"@id":"https:\/\/booksfrommexico.com\/#\/schema\/logo\/image\/"}}]}},"_links":{"self":[{"href":"https:\/\/booksfrommexico.com\/es\/wp-json\/wp\/v2\/product\/672","targetHints":{"allow":["GET"]}}],"collection":[{"href":"https:\/\/booksfrommexico.com\/es\/wp-json\/wp\/v2\/product"}],"about":[{"href":"https:\/\/booksfrommexico.com\/es\/wp-json\/wp\/v2\/types\/product"}],"wp:featuredmedia":[{"embeddable":true,"href":"https:\/\/booksfrommexico.com\/es\/wp-json\/wp\/v2\/media\/671"}],"wp:attachment":[{"href":"https:\/\/booksfrommexico.com\/es\/wp-json\/wp\/v2\/media?parent=672"}],"wp:term":[{"taxonomy":"product_brand","embeddable":true,"href":"https:\/\/booksfrommexico.com\/es\/wp-json\/wp\/v2\/product_brand?post=672"},{"taxonomy":"product_cat","embeddable":true,"href":"https:\/\/booksfrommexico.com\/es\/wp-json\/wp\/v2\/product_cat?post=672"},{"taxonomy":"product_tag","embeddable":true,"href":"https:\/\/booksfrommexico.com\/es\/wp-json\/wp\/v2\/product_tag?post=672"}],"curies":[{"name":"wp","href":"https:\/\/api.w.org\/{rel}","templated":true}]}}