{"id":674,"date":"2023-05-08T17:05:24","date_gmt":"2023-05-08T17:05:24","guid":{"rendered":"http:\/\/booksfrommexico.com\/product\/los-nombres-del-arco-iris-trazos-para-redescubrir-el-movimiento-homosexual\/"},"modified":"2024-07-16T21:23:27","modified_gmt":"2024-07-16T21:23:27","slug":"los-nombres-del-arco-iris-trazos-para-redescubrir-el-movimiento-homosexual","status":"publish","type":"product","link":"https:\/\/booksfrommexico.com\/es\/producto\/los-nombres-del-arco-iris-trazos-para-redescubrir-el-movimiento-homosexual\/","title":{"rendered":"Los nombres del arco iris: Trazos para redescubrir el movimiento homosexual"},"content":{"rendered":"<p><span style=\"font-weight: 400;\">Ganadora del Premio Nacional Testimonio Chihuahua, esta cr\u00f3nica es una recuperaci\u00f3n personal y period\u00edstica de la etapa en que surgen disidentes que reclaman derechos, visibilidad y su sitio en la sociedad, recabando episodios, testimonios y voces de personas pertenecientes a la comunidad homosexual. Aqu\u00ed se busca informar, denunciar y tambi\u00e9n generar empat\u00eda, introduciendo al lector en un universo desconocido por la mayor\u00eda, invisibilizado y negado. Se ofrecen cuestionamientos en torno al sida, las pol\u00edticas de salud sexual, el dif\u00edcil acceso a los medicamentos para tratar enfermedades de transmisi\u00f3n sexual, cr\u00edmenes por homofobia, entre otros t\u00f3picos que invitan a la reflexi\u00f3n.<\/span><\/p>\n","protected":false},"excerpt":{"rendered":"<p>LOS NOMBRES DEL ARCO IRIS : TRAZOS PARA REDESCUBRIR EL MOVIMIENTO HOMOSEXUAL<span style=\"font-weight: 400;\">. \/ Braulio Peralta. M\u00e9xico, D.F. : Nueva Imagen ; Grupo Patria Cultural ; Chihuahua, M\u00e9xico : Consejo Nacional para la Cultura y las Artes , Instituto Nacional de Bellas Artes, 2006. 199 pages ; 21 cm. ISBN : 9702409381.<\/span><\/p>\n","protected":false},"featured_media":673,"template":"","meta":{"_acf_changed":false,"inline_featured_image":false},"product_brand":[],"product_cat":[155,147],"product_tag":[3837,4198,4197,4161,4434],"class_list":{"0":"post-674","1":"product","2":"type-product","3":"status-publish","4":"has-post-thumbnail","6":"product_cat-estudio-de-la-sexualidad-en-ciencias-sociales-y-humanidades-estudios-de-genero","7":"product_cat-estudios-de-genero","8":"product_tag-derechos-humanos","9":"product_tag-derechos-lgbt","10":"product_tag-identidad-lgbt","11":"product_tag-lgbt","12":"product_tag-movimientos-sociales","14":"first","15":"instock","16":"taxable","17":"shipping-taxable","18":"purchasable","19":"product-type-simple"},"acf":[],"yoast_head":"<!-- This site is optimized with the Yoast SEO plugin v27.3 - https:\/\/yoast.com\/product\/yoast-seo-wordpress\/ -->\n<title>Los nombres del arco iris<\/title>\n<meta name=\"description\" content=\"LOS NOMBRES DEL ARCO IRIS : TRAZOS PARA REDESCUBRIR EL MOVIMIENTO HOMOSEXUAL. \/ Braulio Peralta. Grupo Patria Cultural ; CONACULTA , INBA, 2006.\" \/>\n<meta name=\"robots\" content=\"index, follow, max-snippet:-1, max-image-preview:large, max-video-preview:-1\" \/>\n<link rel=\"canonical\" href=\"https:\/\/booksfrommexico.com\/es\/producto\/los-nombres-del-arco-iris-trazos-para-redescubrir-el-movimiento-homosexual\/\" \/>\n<meta property=\"og:locale\" content=\"es_ES\" \/>\n<meta property=\"og:type\" content=\"article\" \/>\n<meta property=\"og:title\" content=\"Los nombres del arco iris\" \/>\n<meta property=\"og:description\" content=\"LOS NOMBRES DEL ARCO IRIS : TRAZOS PARA REDESCUBRIR EL MOVIMIENTO HOMOSEXUAL. \/ Braulio Peralta. Grupo Patria Cultural ; CONACULTA , INBA, 2006.\" \/>\n<meta property=\"og:url\" content=\"https:\/\/booksfrommexico.com\/es\/producto\/los-nombres-del-arco-iris-trazos-para-redescubrir-el-movimiento-homosexual\/\" \/>\n<meta property=\"og:site_name\" content=\"Books From Mexico\" \/>\n<meta property=\"article:modified_time\" content=\"2024-07-16T21:23:27+00:00\" \/>\n<meta property=\"og:image\" content=\"http:\/\/booksfrommexico.com\/app\/uploads\/2023\/05\/132202.jpeg\" \/>\n\t<meta property=\"og:image:width\" content=\"371\" \/>\n\t<meta property=\"og:image:height\" content=\"597\" \/>\n\t<meta property=\"og:image:type\" content=\"image\/jpeg\" \/>\n<meta name=\"twitter:card\" content=\"summary_large_image\" \/>\n<meta name=\"twitter:label1\" content=\"Tiempo de lectura\" \/>\n\t<meta name=\"twitter:data1\" content=\"1 minuto\" \/>\n<script type=\"application\/ld+json\" class=\"yoast-schema-graph\">{\"@context\":\"https:\\\/\\\/schema.org\",\"@graph\":[{\"@type\":\"WebPage\",\"@id\":\"https:\\\/\\\/booksfrommexico.com\\\/es\\\/producto\\\/los-nombres-del-arco-iris-trazos-para-redescubrir-el-movimiento-homosexual\\\/\",\"url\":\"https:\\\/\\\/booksfrommexico.com\\\/es\\\/producto\\\/los-nombres-del-arco-iris-trazos-para-redescubrir-el-movimiento-homosexual\\\/\",\"name\":\"Los nombres del arco iris\",\"isPartOf\":{\"@id\":\"https:\\\/\\\/booksfrommexico.com\\\/#website\"},\"primaryImageOfPage\":{\"@id\":\"https:\\\/\\\/booksfrommexico.com\\\/es\\\/producto\\\/los-nombres-del-arco-iris-trazos-para-redescubrir-el-movimiento-homosexual\\\/#primaryimage\"},\"image\":{\"@id\":\"https:\\\/\\\/booksfrommexico.com\\\/es\\\/producto\\\/los-nombres-del-arco-iris-trazos-para-redescubrir-el-movimiento-homosexual\\\/#primaryimage\"},\"thumbnailUrl\":\"https:\\\/\\\/booksfrommexico.com\\\/app\\\/uploads\\\/2023\\\/05\\\/132202.jpeg\",\"datePublished\":\"2023-05-08T17:05:24+00:00\",\"dateModified\":\"2024-07-16T21:23:27+00:00\",\"description\":\"LOS NOMBRES DEL ARCO IRIS : TRAZOS PARA REDESCUBRIR EL MOVIMIENTO HOMOSEXUAL. \\\/ Braulio Peralta. Grupo Patria Cultural ; CONACULTA , INBA, 2006.\",\"breadcrumb\":{\"@id\":\"https:\\\/\\\/booksfrommexico.com\\\/es\\\/producto\\\/los-nombres-del-arco-iris-trazos-para-redescubrir-el-movimiento-homosexual\\\/#breadcrumb\"},\"inLanguage\":\"es\",\"potentialAction\":[{\"@type\":\"ReadAction\",\"target\":[\"https:\\\/\\\/booksfrommexico.com\\\/es\\\/producto\\\/los-nombres-del-arco-iris-trazos-para-redescubrir-el-movimiento-homosexual\\\/\"]}]},{\"@type\":\"ImageObject\",\"inLanguage\":\"es\",\"@id\":\"https:\\\/\\\/booksfrommexico.com\\\/es\\\/producto\\\/los-nombres-del-arco-iris-trazos-para-redescubrir-el-movimiento-homosexual\\\/#primaryimage\",\"url\":\"https:\\\/\\\/booksfrommexico.com\\\/app\\\/uploads\\\/2023\\\/05\\\/132202.jpeg\",\"contentUrl\":\"https:\\\/\\\/booksfrommexico.com\\\/app\\\/uploads\\\/2023\\\/05\\\/132202.jpeg\",\"width\":371,\"height\":597,\"caption\":\"Los Nombres del arco iris. Trazos para redescubrir el movimiento homosexual. Books From M\u00e9xico\"},{\"@type\":\"BreadcrumbList\",\"@id\":\"https:\\\/\\\/booksfrommexico.com\\\/es\\\/producto\\\/los-nombres-del-arco-iris-trazos-para-redescubrir-el-movimiento-homosexual\\\/#breadcrumb\",\"itemListElement\":[{\"@type\":\"ListItem\",\"position\":1,\"name\":\"Home\",\"item\":\"https:\\\/\\\/booksfrommexico.com\\\/es\\\/\"},{\"@type\":\"ListItem\",\"position\":2,\"name\":\"Libros\",\"item\":\"https:\\\/\\\/booksfrommexico.com\\\/es\\\/libros\\\/\"},{\"@type\":\"ListItem\",\"position\":3,\"name\":\"Los nombres del arco iris: Trazos para redescubrir el movimiento homosexual\"}]},{\"@type\":\"WebSite\",\"@id\":\"https:\\\/\\\/booksfrommexico.com\\\/#website\",\"url\":\"https:\\\/\\\/booksfrommexico.com\\\/\",\"name\":\"Books From Mexico\",\"description\":\"\",\"publisher\":{\"@id\":\"https:\\\/\\\/booksfrommexico.com\\\/#organization\"},\"potentialAction\":[{\"@type\":\"SearchAction\",\"target\":{\"@type\":\"EntryPoint\",\"urlTemplate\":\"https:\\\/\\\/booksfrommexico.com\\\/?s={search_term_string}\"},\"query-input\":{\"@type\":\"PropertyValueSpecification\",\"valueRequired\":true,\"valueName\":\"search_term_string\"}}],\"inLanguage\":\"es\"},{\"@type\":\"Organization\",\"@id\":\"https:\\\/\\\/booksfrommexico.com\\\/#organization\",\"name\":\"Books From Mexico\",\"url\":\"https:\\\/\\\/booksfrommexico.com\\\/\",\"logo\":{\"@type\":\"ImageObject\",\"inLanguage\":\"es\",\"@id\":\"https:\\\/\\\/booksfrommexico.com\\\/#\\\/schema\\\/logo\\\/image\\\/\",\"url\":\"https:\\\/\\\/booksfrommexico.com\\\/app\\\/uploads\\\/2023\\\/05\\\/logo-booksfrommexico.svg\",\"contentUrl\":\"https:\\\/\\\/booksfrommexico.com\\\/app\\\/uploads\\\/2023\\\/05\\\/logo-booksfrommexico.svg\",\"width\":86,\"height\":56,\"caption\":\"Books From Mexico\"},\"image\":{\"@id\":\"https:\\\/\\\/booksfrommexico.com\\\/#\\\/schema\\\/logo\\\/image\\\/\"}}]}<\/script>\n<!-- \/ Yoast SEO plugin. -->","yoast_head_json":{"title":"Los nombres del arco iris","description":"LOS NOMBRES DEL ARCO IRIS : TRAZOS PARA REDESCUBRIR EL MOVIMIENTO HOMOSEXUAL. \/ Braulio Peralta. Grupo Patria Cultural ; CONACULTA , INBA, 2006.","robots":{"index":"index","follow":"follow","max-snippet":"max-snippet:-1","max-image-preview":"max-image-preview:large","max-video-preview":"max-video-preview:-1"},"canonical":"https:\/\/booksfrommexico.com\/es\/producto\/los-nombres-del-arco-iris-trazos-para-redescubrir-el-movimiento-homosexual\/","og_locale":"es_ES","og_type":"article","og_title":"Los nombres del arco iris","og_description":"LOS NOMBRES DEL ARCO IRIS : TRAZOS PARA REDESCUBRIR EL MOVIMIENTO HOMOSEXUAL. \/ Braulio Peralta. Grupo Patria Cultural ; CONACULTA , INBA, 2006.","og_url":"https:\/\/booksfrommexico.com\/es\/producto\/los-nombres-del-arco-iris-trazos-para-redescubrir-el-movimiento-homosexual\/","og_site_name":"Books From Mexico","article_modified_time":"2024-07-16T21:23:27+00:00","og_image":[{"width":371,"height":597,"url":"http:\/\/booksfrommexico.com\/app\/uploads\/2023\/05\/132202.jpeg","type":"image\/jpeg"}],"twitter_card":"summary_large_image","twitter_misc":{"Tiempo de lectura":"1 minuto"},"schema":{"@context":"https:\/\/schema.org","@graph":[{"@type":"WebPage","@id":"https:\/\/booksfrommexico.com\/es\/producto\/los-nombres-del-arco-iris-trazos-para-redescubrir-el-movimiento-homosexual\/","url":"https:\/\/booksfrommexico.com\/es\/producto\/los-nombres-del-arco-iris-trazos-para-redescubrir-el-movimiento-homosexual\/","name":"Los nombres del arco iris","isPartOf":{"@id":"https:\/\/booksfrommexico.com\/#website"},"primaryImageOfPage":{"@id":"https:\/\/booksfrommexico.com\/es\/producto\/los-nombres-del-arco-iris-trazos-para-redescubrir-el-movimiento-homosexual\/#primaryimage"},"image":{"@id":"https:\/\/booksfrommexico.com\/es\/producto\/los-nombres-del-arco-iris-trazos-para-redescubrir-el-movimiento-homosexual\/#primaryimage"},"thumbnailUrl":"https:\/\/booksfrommexico.com\/app\/uploads\/2023\/05\/132202.jpeg","datePublished":"2023-05-08T17:05:24+00:00","dateModified":"2024-07-16T21:23:27+00:00","description":"LOS NOMBRES DEL ARCO IRIS : TRAZOS PARA REDESCUBRIR EL MOVIMIENTO HOMOSEXUAL. \/ Braulio Peralta. Grupo Patria Cultural ; CONACULTA , INBA, 2006.","breadcrumb":{"@id":"https:\/\/booksfrommexico.com\/es\/producto\/los-nombres-del-arco-iris-trazos-para-redescubrir-el-movimiento-homosexual\/#breadcrumb"},"inLanguage":"es","potentialAction":[{"@type":"ReadAction","target":["https:\/\/booksfrommexico.com\/es\/producto\/los-nombres-del-arco-iris-trazos-para-redescubrir-el-movimiento-homosexual\/"]}]},{"@type":"ImageObject","inLanguage":"es","@id":"https:\/\/booksfrommexico.com\/es\/producto\/los-nombres-del-arco-iris-trazos-para-redescubrir-el-movimiento-homosexual\/#primaryimage","url":"https:\/\/booksfrommexico.com\/app\/uploads\/2023\/05\/132202.jpeg","contentUrl":"https:\/\/booksfrommexico.com\/app\/uploads\/2023\/05\/132202.jpeg","width":371,"height":597,"caption":"Los Nombres del arco iris. Trazos para redescubrir el movimiento homosexual. Books From M\u00e9xico"},{"@type":"BreadcrumbList","@id":"https:\/\/booksfrommexico.com\/es\/producto\/los-nombres-del-arco-iris-trazos-para-redescubrir-el-movimiento-homosexual\/#breadcrumb","itemListElement":[{"@type":"ListItem","position":1,"name":"Home","item":"https:\/\/booksfrommexico.com\/es\/"},{"@type":"ListItem","position":2,"name":"Libros","item":"https:\/\/booksfrommexico.com\/es\/libros\/"},{"@type":"ListItem","position":3,"name":"Los nombres del arco iris: Trazos para redescubrir el movimiento homosexual"}]},{"@type":"WebSite","@id":"https:\/\/booksfrommexico.com\/#website","url":"https:\/\/booksfrommexico.com\/","name":"Books From Mexico","description":"","publisher":{"@id":"https:\/\/booksfrommexico.com\/#organization"},"potentialAction":[{"@type":"SearchAction","target":{"@type":"EntryPoint","urlTemplate":"https:\/\/booksfrommexico.com\/?s={search_term_string}"},"query-input":{"@type":"PropertyValueSpecification","valueRequired":true,"valueName":"search_term_string"}}],"inLanguage":"es"},{"@type":"Organization","@id":"https:\/\/booksfrommexico.com\/#organization","name":"Books From Mexico","url":"https:\/\/booksfrommexico.com\/","logo":{"@type":"ImageObject","inLanguage":"es","@id":"https:\/\/booksfrommexico.com\/#\/schema\/logo\/image\/","url":"https:\/\/booksfrommexico.com\/app\/uploads\/2023\/05\/logo-booksfrommexico.svg","contentUrl":"https:\/\/booksfrommexico.com\/app\/uploads\/2023\/05\/logo-booksfrommexico.svg","width":86,"height":56,"caption":"Books From Mexico"},"image":{"@id":"https:\/\/booksfrommexico.com\/#\/schema\/logo\/image\/"}}]}},"_links":{"self":[{"href":"https:\/\/booksfrommexico.com\/es\/wp-json\/wp\/v2\/product\/674","targetHints":{"allow":["GET"]}}],"collection":[{"href":"https:\/\/booksfrommexico.com\/es\/wp-json\/wp\/v2\/product"}],"about":[{"href":"https:\/\/booksfrommexico.com\/es\/wp-json\/wp\/v2\/types\/product"}],"wp:featuredmedia":[{"embeddable":true,"href":"https:\/\/booksfrommexico.com\/es\/wp-json\/wp\/v2\/media\/673"}],"wp:attachment":[{"href":"https:\/\/booksfrommexico.com\/es\/wp-json\/wp\/v2\/media?parent=674"}],"wp:term":[{"taxonomy":"product_brand","embeddable":true,"href":"https:\/\/booksfrommexico.com\/es\/wp-json\/wp\/v2\/product_brand?post=674"},{"taxonomy":"product_cat","embeddable":true,"href":"https:\/\/booksfrommexico.com\/es\/wp-json\/wp\/v2\/product_cat?post=674"},{"taxonomy":"product_tag","embeddable":true,"href":"https:\/\/booksfrommexico.com\/es\/wp-json\/wp\/v2\/product_tag?post=674"}],"curies":[{"name":"wp","href":"https:\/\/api.w.org\/{rel}","templated":true}]}}