{"id":676,"date":"2023-05-08T17:05:26","date_gmt":"2023-05-08T17:05:26","guid":{"rendered":"http:\/\/booksfrommexico.com\/product\/para-salir-de-babel\/"},"modified":"2024-07-16T21:59:16","modified_gmt":"2024-07-16T21:59:16","slug":"para-salir-de-babel","status":"publish","type":"product","link":"https:\/\/booksfrommexico.com\/es\/producto\/para-salir-de-babel\/","title":{"rendered":"Para salir de Babel"},"content":{"rendered":"<p><span style=\"font-weight: 400;\">La escritura pol\u00edtica es un ejercicio period\u00edstico, de all\u00ed deviene su vitalidad pero tambi\u00e9n sus l\u00edmites pues su esencia recae en la obsolescencia. Sin embargo, en \u00e9se mismo sentido puede resultar en una propuesta \u00fatil, cr\u00edtica pertinente y hasta de un registro para los historiadores. Este t\u00edtulo es publicado en medio de las elecciones presidenciales de 2006 en M\u00e9xico, poniendo en contexto al lector para comprender todo el proceso electoral. Aqu\u00ed se profundiza en la divisi\u00f3n de poderes, los partidos pol\u00edticos, las costumbres democr\u00e1ticas, las propuestas c\u00edvicas, los diferentes candidatos y el panorama previo a las votaciones.<\/span><\/p>\n","protected":false},"excerpt":{"rendered":"<p>PARA SALIR DE BABEL<span style=\"font-weight: 400;\">. \/ Enrique Krauze. M\u00e9xico, D.F. : Tusquets Editores M\u00e9xico, 2006. 133 pages : includes references ; 23 cm. (Colecci\u00f3n Andanzas). ISBN : 9706991476.<\/span><\/p>\n","protected":false},"featured_media":675,"template":"","meta":{"_acf_changed":false,"inline_featured_image":false},"product_brand":[],"product_cat":[4155,797],"product_tag":[3594,4172,3627],"class_list":{"0":"post-676","1":"product","2":"type-product","3":"status-publish","4":"has-post-thumbnail","6":"product_cat-democracia-y-elecciones","7":"product_cat-politica-y-ciencia-politica","8":"product_tag-mexico","9":"product_tag-periodismo","10":"product_tag-politica-y-gobierno","12":"first","13":"instock","14":"taxable","15":"shipping-taxable","16":"purchasable","17":"product-type-simple"},"acf":[],"yoast_head":"<!-- This site is optimized with the Yoast SEO plugin v27.3 - https:\/\/yoast.com\/product\/yoast-seo-wordpress\/ -->\n<title>Para salir de Babel<\/title>\n<meta name=\"description\" content=\"PARA SALIR DE BABEL. \/ Enrique Krauze. M\u00e9xico, D.F. : Tusquets Editores M\u00e9xico, 2006. (Colecci\u00f3n Andanzas). ISBN : 9706991476.\" \/>\n<meta name=\"robots\" content=\"index, follow, max-snippet:-1, max-image-preview:large, max-video-preview:-1\" \/>\n<link rel=\"canonical\" href=\"https:\/\/booksfrommexico.com\/es\/producto\/para-salir-de-babel\/\" \/>\n<meta property=\"og:locale\" content=\"es_ES\" \/>\n<meta property=\"og:type\" content=\"article\" \/>\n<meta property=\"og:title\" content=\"Para salir de Babel\" \/>\n<meta property=\"og:description\" content=\"PARA SALIR DE BABEL. \/ Enrique Krauze. M\u00e9xico, D.F. : Tusquets Editores M\u00e9xico, 2006. (Colecci\u00f3n Andanzas). ISBN : 9706991476.\" \/>\n<meta property=\"og:url\" content=\"https:\/\/booksfrommexico.com\/es\/producto\/para-salir-de-babel\/\" \/>\n<meta property=\"og:site_name\" content=\"Books From Mexico\" \/>\n<meta property=\"article:modified_time\" content=\"2024-07-16T21:59:16+00:00\" \/>\n<meta property=\"og:image\" content=\"http:\/\/booksfrommexico.com\/app\/uploads\/2023\/05\/132167.jpeg\" \/>\n\t<meta property=\"og:image:width\" content=\"427\" \/>\n\t<meta property=\"og:image:height\" content=\"650\" \/>\n\t<meta property=\"og:image:type\" content=\"image\/jpeg\" \/>\n<meta name=\"twitter:card\" content=\"summary_large_image\" \/>\n<meta name=\"twitter:label1\" content=\"Tiempo de lectura\" \/>\n\t<meta name=\"twitter:data1\" content=\"1 minuto\" \/>\n<script type=\"application\/ld+json\" class=\"yoast-schema-graph\">{\"@context\":\"https:\\\/\\\/schema.org\",\"@graph\":[{\"@type\":\"WebPage\",\"@id\":\"https:\\\/\\\/booksfrommexico.com\\\/es\\\/producto\\\/para-salir-de-babel\\\/\",\"url\":\"https:\\\/\\\/booksfrommexico.com\\\/es\\\/producto\\\/para-salir-de-babel\\\/\",\"name\":\"Para salir de Babel\",\"isPartOf\":{\"@id\":\"https:\\\/\\\/booksfrommexico.com\\\/#website\"},\"primaryImageOfPage\":{\"@id\":\"https:\\\/\\\/booksfrommexico.com\\\/es\\\/producto\\\/para-salir-de-babel\\\/#primaryimage\"},\"image\":{\"@id\":\"https:\\\/\\\/booksfrommexico.com\\\/es\\\/producto\\\/para-salir-de-babel\\\/#primaryimage\"},\"thumbnailUrl\":\"https:\\\/\\\/booksfrommexico.com\\\/app\\\/uploads\\\/2023\\\/05\\\/132167.jpeg\",\"datePublished\":\"2023-05-08T17:05:26+00:00\",\"dateModified\":\"2024-07-16T21:59:16+00:00\",\"description\":\"PARA SALIR DE BABEL. \\\/ Enrique Krauze. M\u00e9xico, D.F. : Tusquets Editores M\u00e9xico, 2006. (Colecci\u00f3n Andanzas). ISBN : 9706991476.\",\"breadcrumb\":{\"@id\":\"https:\\\/\\\/booksfrommexico.com\\\/es\\\/producto\\\/para-salir-de-babel\\\/#breadcrumb\"},\"inLanguage\":\"es\",\"potentialAction\":[{\"@type\":\"ReadAction\",\"target\":[\"https:\\\/\\\/booksfrommexico.com\\\/es\\\/producto\\\/para-salir-de-babel\\\/\"]}]},{\"@type\":\"ImageObject\",\"inLanguage\":\"es\",\"@id\":\"https:\\\/\\\/booksfrommexico.com\\\/es\\\/producto\\\/para-salir-de-babel\\\/#primaryimage\",\"url\":\"https:\\\/\\\/booksfrommexico.com\\\/app\\\/uploads\\\/2023\\\/05\\\/132167.jpeg\",\"contentUrl\":\"https:\\\/\\\/booksfrommexico.com\\\/app\\\/uploads\\\/2023\\\/05\\\/132167.jpeg\",\"width\":427,\"height\":650,\"caption\":\"Para salir de Babel. Books From M\u00e9xico\"},{\"@type\":\"BreadcrumbList\",\"@id\":\"https:\\\/\\\/booksfrommexico.com\\\/es\\\/producto\\\/para-salir-de-babel\\\/#breadcrumb\",\"itemListElement\":[{\"@type\":\"ListItem\",\"position\":1,\"name\":\"Home\",\"item\":\"https:\\\/\\\/booksfrommexico.com\\\/es\\\/\"},{\"@type\":\"ListItem\",\"position\":2,\"name\":\"Libros\",\"item\":\"https:\\\/\\\/booksfrommexico.com\\\/es\\\/libros\\\/\"},{\"@type\":\"ListItem\",\"position\":3,\"name\":\"Para salir de Babel\"}]},{\"@type\":\"WebSite\",\"@id\":\"https:\\\/\\\/booksfrommexico.com\\\/#website\",\"url\":\"https:\\\/\\\/booksfrommexico.com\\\/\",\"name\":\"Books From Mexico\",\"description\":\"\",\"publisher\":{\"@id\":\"https:\\\/\\\/booksfrommexico.com\\\/#organization\"},\"potentialAction\":[{\"@type\":\"SearchAction\",\"target\":{\"@type\":\"EntryPoint\",\"urlTemplate\":\"https:\\\/\\\/booksfrommexico.com\\\/?s={search_term_string}\"},\"query-input\":{\"@type\":\"PropertyValueSpecification\",\"valueRequired\":true,\"valueName\":\"search_term_string\"}}],\"inLanguage\":\"es\"},{\"@type\":\"Organization\",\"@id\":\"https:\\\/\\\/booksfrommexico.com\\\/#organization\",\"name\":\"Books From Mexico\",\"url\":\"https:\\\/\\\/booksfrommexico.com\\\/\",\"logo\":{\"@type\":\"ImageObject\",\"inLanguage\":\"es\",\"@id\":\"https:\\\/\\\/booksfrommexico.com\\\/#\\\/schema\\\/logo\\\/image\\\/\",\"url\":\"https:\\\/\\\/booksfrommexico.com\\\/app\\\/uploads\\\/2023\\\/05\\\/logo-booksfrommexico.svg\",\"contentUrl\":\"https:\\\/\\\/booksfrommexico.com\\\/app\\\/uploads\\\/2023\\\/05\\\/logo-booksfrommexico.svg\",\"width\":86,\"height\":56,\"caption\":\"Books From Mexico\"},\"image\":{\"@id\":\"https:\\\/\\\/booksfrommexico.com\\\/#\\\/schema\\\/logo\\\/image\\\/\"}}]}<\/script>\n<!-- \/ Yoast SEO plugin. -->","yoast_head_json":{"title":"Para salir de Babel","description":"PARA SALIR DE BABEL. \/ Enrique Krauze. M\u00e9xico, D.F. : Tusquets Editores M\u00e9xico, 2006. (Colecci\u00f3n Andanzas). ISBN : 9706991476.","robots":{"index":"index","follow":"follow","max-snippet":"max-snippet:-1","max-image-preview":"max-image-preview:large","max-video-preview":"max-video-preview:-1"},"canonical":"https:\/\/booksfrommexico.com\/es\/producto\/para-salir-de-babel\/","og_locale":"es_ES","og_type":"article","og_title":"Para salir de Babel","og_description":"PARA SALIR DE BABEL. \/ Enrique Krauze. M\u00e9xico, D.F. : Tusquets Editores M\u00e9xico, 2006. (Colecci\u00f3n Andanzas). ISBN : 9706991476.","og_url":"https:\/\/booksfrommexico.com\/es\/producto\/para-salir-de-babel\/","og_site_name":"Books From Mexico","article_modified_time":"2024-07-16T21:59:16+00:00","og_image":[{"width":427,"height":650,"url":"http:\/\/booksfrommexico.com\/app\/uploads\/2023\/05\/132167.jpeg","type":"image\/jpeg"}],"twitter_card":"summary_large_image","twitter_misc":{"Tiempo de lectura":"1 minuto"},"schema":{"@context":"https:\/\/schema.org","@graph":[{"@type":"WebPage","@id":"https:\/\/booksfrommexico.com\/es\/producto\/para-salir-de-babel\/","url":"https:\/\/booksfrommexico.com\/es\/producto\/para-salir-de-babel\/","name":"Para salir de Babel","isPartOf":{"@id":"https:\/\/booksfrommexico.com\/#website"},"primaryImageOfPage":{"@id":"https:\/\/booksfrommexico.com\/es\/producto\/para-salir-de-babel\/#primaryimage"},"image":{"@id":"https:\/\/booksfrommexico.com\/es\/producto\/para-salir-de-babel\/#primaryimage"},"thumbnailUrl":"https:\/\/booksfrommexico.com\/app\/uploads\/2023\/05\/132167.jpeg","datePublished":"2023-05-08T17:05:26+00:00","dateModified":"2024-07-16T21:59:16+00:00","description":"PARA SALIR DE BABEL. \/ Enrique Krauze. M\u00e9xico, D.F. : Tusquets Editores M\u00e9xico, 2006. (Colecci\u00f3n Andanzas). ISBN : 9706991476.","breadcrumb":{"@id":"https:\/\/booksfrommexico.com\/es\/producto\/para-salir-de-babel\/#breadcrumb"},"inLanguage":"es","potentialAction":[{"@type":"ReadAction","target":["https:\/\/booksfrommexico.com\/es\/producto\/para-salir-de-babel\/"]}]},{"@type":"ImageObject","inLanguage":"es","@id":"https:\/\/booksfrommexico.com\/es\/producto\/para-salir-de-babel\/#primaryimage","url":"https:\/\/booksfrommexico.com\/app\/uploads\/2023\/05\/132167.jpeg","contentUrl":"https:\/\/booksfrommexico.com\/app\/uploads\/2023\/05\/132167.jpeg","width":427,"height":650,"caption":"Para salir de Babel. Books From M\u00e9xico"},{"@type":"BreadcrumbList","@id":"https:\/\/booksfrommexico.com\/es\/producto\/para-salir-de-babel\/#breadcrumb","itemListElement":[{"@type":"ListItem","position":1,"name":"Home","item":"https:\/\/booksfrommexico.com\/es\/"},{"@type":"ListItem","position":2,"name":"Libros","item":"https:\/\/booksfrommexico.com\/es\/libros\/"},{"@type":"ListItem","position":3,"name":"Para salir de Babel"}]},{"@type":"WebSite","@id":"https:\/\/booksfrommexico.com\/#website","url":"https:\/\/booksfrommexico.com\/","name":"Books From Mexico","description":"","publisher":{"@id":"https:\/\/booksfrommexico.com\/#organization"},"potentialAction":[{"@type":"SearchAction","target":{"@type":"EntryPoint","urlTemplate":"https:\/\/booksfrommexico.com\/?s={search_term_string}"},"query-input":{"@type":"PropertyValueSpecification","valueRequired":true,"valueName":"search_term_string"}}],"inLanguage":"es"},{"@type":"Organization","@id":"https:\/\/booksfrommexico.com\/#organization","name":"Books From Mexico","url":"https:\/\/booksfrommexico.com\/","logo":{"@type":"ImageObject","inLanguage":"es","@id":"https:\/\/booksfrommexico.com\/#\/schema\/logo\/image\/","url":"https:\/\/booksfrommexico.com\/app\/uploads\/2023\/05\/logo-booksfrommexico.svg","contentUrl":"https:\/\/booksfrommexico.com\/app\/uploads\/2023\/05\/logo-booksfrommexico.svg","width":86,"height":56,"caption":"Books From Mexico"},"image":{"@id":"https:\/\/booksfrommexico.com\/#\/schema\/logo\/image\/"}}]}},"_links":{"self":[{"href":"https:\/\/booksfrommexico.com\/es\/wp-json\/wp\/v2\/product\/676","targetHints":{"allow":["GET"]}}],"collection":[{"href":"https:\/\/booksfrommexico.com\/es\/wp-json\/wp\/v2\/product"}],"about":[{"href":"https:\/\/booksfrommexico.com\/es\/wp-json\/wp\/v2\/types\/product"}],"wp:featuredmedia":[{"embeddable":true,"href":"https:\/\/booksfrommexico.com\/es\/wp-json\/wp\/v2\/media\/675"}],"wp:attachment":[{"href":"https:\/\/booksfrommexico.com\/es\/wp-json\/wp\/v2\/media?parent=676"}],"wp:term":[{"taxonomy":"product_brand","embeddable":true,"href":"https:\/\/booksfrommexico.com\/es\/wp-json\/wp\/v2\/product_brand?post=676"},{"taxonomy":"product_cat","embeddable":true,"href":"https:\/\/booksfrommexico.com\/es\/wp-json\/wp\/v2\/product_cat?post=676"},{"taxonomy":"product_tag","embeddable":true,"href":"https:\/\/booksfrommexico.com\/es\/wp-json\/wp\/v2\/product_tag?post=676"}],"curies":[{"name":"wp","href":"https:\/\/api.w.org\/{rel}","templated":true}]}}