{"id":678,"date":"2023-05-08T17:05:27","date_gmt":"2023-05-08T17:05:27","guid":{"rendered":"http:\/\/booksfrommexico.com\/product\/catalogo-de-los-craneos-aislados-de-la-coleccion-solorzano\/"},"modified":"2025-04-02T15:25:58","modified_gmt":"2025-04-02T15:25:58","slug":"catalogo-de-los-craneos-aislados-de-la-coleccion-solorzano","status":"publish","type":"product","link":"https:\/\/booksfrommexico.com\/es\/producto\/catalogo-de-los-craneos-aislados-de-la-coleccion-solorzano\/","title":{"rendered":"Cat\u00e1logo de los cr\u00e1neos aislados de la Colecci\u00f3n Sol\u00f3rzano"},"content":{"rendered":"<p><span style=\"font-weight: 400;\">La deformaci\u00f3n craneal intencional fue una pr\u00e1ctica cultural muy aceptada y difundida en los pueblos de Mesoam\u00e9rica. En este estudio, Jos\u00e9fina Bautista Mart\u00ednez y Albertina Ortega Palma proporcionan los resultados del an\u00e1lisis de m\u00e1s de 500 cr\u00e1neos humanos que forman parte de la Colecci\u00f3n Sol\u00f3rzano (acervo acumulado durante varias d\u00e9cadas por el ingeniero Federico A. Sol\u00f3rzano Barreto). Esta investigaci\u00f3n parte del inter\u00e9s por conocer y difundir con profusi\u00f3n de detalles los ejemplares con tipos y variedades de deformaci\u00f3n poco frecuentes en otras colecciones y regiones de M\u00e9xico y Am\u00e9rica.<\/span><\/p>\n","protected":false},"excerpt":{"rendered":"<p>CAT\u00c1LOGO DE LOS CR\u00c1NEOS AISLADOS DE LA COLECCI\u00d3N SOL\u00d3RZANO<span style=\"font-weight: 400;\">. \/ Josefina Bautista Mart\u00ednez, Albertina Ortega Palma. M\u00e9xico, D.F. : Instituto Nacional de Antropolog\u00eda e Historia, 2005. 183 pages : includes tables, photos, illustrations ; 26 cm. (Colecci\u00f3n Cient\u00edfica). ISBN : 9680301524.<\/span><\/p>\n","protected":false},"featured_media":677,"template":"","meta":{"_acf_changed":false,"inline_featured_image":false},"product_brand":[],"product_cat":[386,491],"product_tag":[4473,4122,4475],"class_list":{"0":"post-678","1":"product","2":"type-product","3":"status-publish","4":"has-post-thumbnail","6":"product_cat-arqueologia","7":"product_cat-sitios-de-excavacion-arqueologia","8":"product_tag-catalogos-es","9":"product_tag-investigacion","10":"product_tag-restos-arqueologicos","12":"first","13":"outofstock","14":"taxable","15":"shipping-taxable","16":"purchasable","17":"product-type-simple"},"acf":[],"yoast_head":"<!-- This site is optimized with the Yoast SEO plugin v27.3 - https:\/\/yoast.com\/product\/yoast-seo-wordpress\/ -->\n<title>Cat\u00e1logo de los cr\u00e1neos aislados de la Colecci\u00f3n Sol\u00f3rzano<\/title>\n<meta name=\"description\" content=\"CAT\u00c1LOGO DE LOS CR\u00c1NEOS AISLADOS DE LA COLECCI\u00d3N SOL\u00d3RZANO. \/ Josefina Bautista Mart\u00ednez, Albertina Ortega Palma. INAH, 2005. (Colecci\u00f3n Cient\u00edfica).\" \/>\n<meta name=\"robots\" content=\"index, follow, max-snippet:-1, max-image-preview:large, max-video-preview:-1\" \/>\n<link rel=\"canonical\" href=\"https:\/\/booksfrommexico.com\/es\/producto\/catalogo-de-los-craneos-aislados-de-la-coleccion-solorzano\/\" \/>\n<meta property=\"og:locale\" content=\"es_ES\" \/>\n<meta property=\"og:type\" content=\"article\" \/>\n<meta property=\"og:title\" content=\"Cat\u00e1logo de los cr\u00e1neos aislados de la Colecci\u00f3n Sol\u00f3rzano\" \/>\n<meta property=\"og:description\" content=\"CAT\u00c1LOGO DE LOS CR\u00c1NEOS AISLADOS DE LA COLECCI\u00d3N SOL\u00d3RZANO. \/ Josefina Bautista Mart\u00ednez, Albertina Ortega Palma. INAH, 2005. (Colecci\u00f3n Cient\u00edfica).\" \/>\n<meta property=\"og:url\" content=\"https:\/\/booksfrommexico.com\/es\/producto\/catalogo-de-los-craneos-aislados-de-la-coleccion-solorzano\/\" \/>\n<meta property=\"og:site_name\" content=\"Books From Mexico\" \/>\n<meta property=\"article:modified_time\" content=\"2025-04-02T15:25:58+00:00\" \/>\n<meta property=\"og:image\" content=\"http:\/\/booksfrommexico.com\/app\/uploads\/2023\/05\/132123.jpeg\" \/>\n\t<meta property=\"og:image:width\" content=\"484\" \/>\n\t<meta property=\"og:image:height\" content=\"750\" \/>\n\t<meta property=\"og:image:type\" content=\"image\/jpeg\" \/>\n<meta name=\"twitter:card\" content=\"summary_large_image\" \/>\n<meta name=\"twitter:label1\" content=\"Tiempo de lectura\" \/>\n\t<meta name=\"twitter:data1\" content=\"1 minuto\" \/>\n<script type=\"application\/ld+json\" class=\"yoast-schema-graph\">{\"@context\":\"https:\\\/\\\/schema.org\",\"@graph\":[{\"@type\":\"WebPage\",\"@id\":\"https:\\\/\\\/booksfrommexico.com\\\/es\\\/producto\\\/catalogo-de-los-craneos-aislados-de-la-coleccion-solorzano\\\/\",\"url\":\"https:\\\/\\\/booksfrommexico.com\\\/es\\\/producto\\\/catalogo-de-los-craneos-aislados-de-la-coleccion-solorzano\\\/\",\"name\":\"Cat\u00e1logo de los cr\u00e1neos aislados de la Colecci\u00f3n Sol\u00f3rzano\",\"isPartOf\":{\"@id\":\"https:\\\/\\\/booksfrommexico.com\\\/#website\"},\"primaryImageOfPage\":{\"@id\":\"https:\\\/\\\/booksfrommexico.com\\\/es\\\/producto\\\/catalogo-de-los-craneos-aislados-de-la-coleccion-solorzano\\\/#primaryimage\"},\"image\":{\"@id\":\"https:\\\/\\\/booksfrommexico.com\\\/es\\\/producto\\\/catalogo-de-los-craneos-aislados-de-la-coleccion-solorzano\\\/#primaryimage\"},\"thumbnailUrl\":\"https:\\\/\\\/booksfrommexico.com\\\/app\\\/uploads\\\/2023\\\/05\\\/132123.jpeg\",\"datePublished\":\"2023-05-08T17:05:27+00:00\",\"dateModified\":\"2025-04-02T15:25:58+00:00\",\"description\":\"CAT\u00c1LOGO DE LOS CR\u00c1NEOS AISLADOS DE LA COLECCI\u00d3N SOL\u00d3RZANO. \\\/ Josefina Bautista Mart\u00ednez, Albertina Ortega Palma. INAH, 2005. (Colecci\u00f3n Cient\u00edfica).\",\"breadcrumb\":{\"@id\":\"https:\\\/\\\/booksfrommexico.com\\\/es\\\/producto\\\/catalogo-de-los-craneos-aislados-de-la-coleccion-solorzano\\\/#breadcrumb\"},\"inLanguage\":\"es\",\"potentialAction\":[{\"@type\":\"ReadAction\",\"target\":[\"https:\\\/\\\/booksfrommexico.com\\\/es\\\/producto\\\/catalogo-de-los-craneos-aislados-de-la-coleccion-solorzano\\\/\"]}]},{\"@type\":\"ImageObject\",\"inLanguage\":\"es\",\"@id\":\"https:\\\/\\\/booksfrommexico.com\\\/es\\\/producto\\\/catalogo-de-los-craneos-aislados-de-la-coleccion-solorzano\\\/#primaryimage\",\"url\":\"https:\\\/\\\/booksfrommexico.com\\\/app\\\/uploads\\\/2023\\\/05\\\/132123.jpeg\",\"contentUrl\":\"https:\\\/\\\/booksfrommexico.com\\\/app\\\/uploads\\\/2023\\\/05\\\/132123.jpeg\",\"width\":484,\"height\":750,\"caption\":\"Cat\u00e1logo de los cr\u00e1neos aislados de la Colecci\u00f3n Sol\u00f3rzano. Books From M\u00e9xico\"},{\"@type\":\"BreadcrumbList\",\"@id\":\"https:\\\/\\\/booksfrommexico.com\\\/es\\\/producto\\\/catalogo-de-los-craneos-aislados-de-la-coleccion-solorzano\\\/#breadcrumb\",\"itemListElement\":[{\"@type\":\"ListItem\",\"position\":1,\"name\":\"Home\",\"item\":\"https:\\\/\\\/booksfrommexico.com\\\/es\\\/\"},{\"@type\":\"ListItem\",\"position\":2,\"name\":\"Libros\",\"item\":\"https:\\\/\\\/booksfrommexico.com\\\/es\\\/libros\\\/\"},{\"@type\":\"ListItem\",\"position\":3,\"name\":\"Cat\u00e1logo de los cr\u00e1neos aislados de la Colecci\u00f3n Sol\u00f3rzano\"}]},{\"@type\":\"WebSite\",\"@id\":\"https:\\\/\\\/booksfrommexico.com\\\/#website\",\"url\":\"https:\\\/\\\/booksfrommexico.com\\\/\",\"name\":\"Books From Mexico\",\"description\":\"\",\"publisher\":{\"@id\":\"https:\\\/\\\/booksfrommexico.com\\\/#organization\"},\"potentialAction\":[{\"@type\":\"SearchAction\",\"target\":{\"@type\":\"EntryPoint\",\"urlTemplate\":\"https:\\\/\\\/booksfrommexico.com\\\/?s={search_term_string}\"},\"query-input\":{\"@type\":\"PropertyValueSpecification\",\"valueRequired\":true,\"valueName\":\"search_term_string\"}}],\"inLanguage\":\"es\"},{\"@type\":\"Organization\",\"@id\":\"https:\\\/\\\/booksfrommexico.com\\\/#organization\",\"name\":\"Books From Mexico\",\"url\":\"https:\\\/\\\/booksfrommexico.com\\\/\",\"logo\":{\"@type\":\"ImageObject\",\"inLanguage\":\"es\",\"@id\":\"https:\\\/\\\/booksfrommexico.com\\\/#\\\/schema\\\/logo\\\/image\\\/\",\"url\":\"https:\\\/\\\/booksfrommexico.com\\\/app\\\/uploads\\\/2023\\\/05\\\/logo-booksfrommexico.svg\",\"contentUrl\":\"https:\\\/\\\/booksfrommexico.com\\\/app\\\/uploads\\\/2023\\\/05\\\/logo-booksfrommexico.svg\",\"width\":86,\"height\":56,\"caption\":\"Books From Mexico\"},\"image\":{\"@id\":\"https:\\\/\\\/booksfrommexico.com\\\/#\\\/schema\\\/logo\\\/image\\\/\"}}]}<\/script>\n<!-- \/ Yoast SEO plugin. -->","yoast_head_json":{"title":"Cat\u00e1logo de los cr\u00e1neos aislados de la Colecci\u00f3n Sol\u00f3rzano","description":"CAT\u00c1LOGO DE LOS CR\u00c1NEOS AISLADOS DE LA COLECCI\u00d3N SOL\u00d3RZANO. \/ Josefina Bautista Mart\u00ednez, Albertina Ortega Palma. INAH, 2005. (Colecci\u00f3n Cient\u00edfica).","robots":{"index":"index","follow":"follow","max-snippet":"max-snippet:-1","max-image-preview":"max-image-preview:large","max-video-preview":"max-video-preview:-1"},"canonical":"https:\/\/booksfrommexico.com\/es\/producto\/catalogo-de-los-craneos-aislados-de-la-coleccion-solorzano\/","og_locale":"es_ES","og_type":"article","og_title":"Cat\u00e1logo de los cr\u00e1neos aislados de la Colecci\u00f3n Sol\u00f3rzano","og_description":"CAT\u00c1LOGO DE LOS CR\u00c1NEOS AISLADOS DE LA COLECCI\u00d3N SOL\u00d3RZANO. \/ Josefina Bautista Mart\u00ednez, Albertina Ortega Palma. INAH, 2005. (Colecci\u00f3n Cient\u00edfica).","og_url":"https:\/\/booksfrommexico.com\/es\/producto\/catalogo-de-los-craneos-aislados-de-la-coleccion-solorzano\/","og_site_name":"Books From Mexico","article_modified_time":"2025-04-02T15:25:58+00:00","og_image":[{"width":484,"height":750,"url":"http:\/\/booksfrommexico.com\/app\/uploads\/2023\/05\/132123.jpeg","type":"image\/jpeg"}],"twitter_card":"summary_large_image","twitter_misc":{"Tiempo de lectura":"1 minuto"},"schema":{"@context":"https:\/\/schema.org","@graph":[{"@type":"WebPage","@id":"https:\/\/booksfrommexico.com\/es\/producto\/catalogo-de-los-craneos-aislados-de-la-coleccion-solorzano\/","url":"https:\/\/booksfrommexico.com\/es\/producto\/catalogo-de-los-craneos-aislados-de-la-coleccion-solorzano\/","name":"Cat\u00e1logo de los cr\u00e1neos aislados de la Colecci\u00f3n Sol\u00f3rzano","isPartOf":{"@id":"https:\/\/booksfrommexico.com\/#website"},"primaryImageOfPage":{"@id":"https:\/\/booksfrommexico.com\/es\/producto\/catalogo-de-los-craneos-aislados-de-la-coleccion-solorzano\/#primaryimage"},"image":{"@id":"https:\/\/booksfrommexico.com\/es\/producto\/catalogo-de-los-craneos-aislados-de-la-coleccion-solorzano\/#primaryimage"},"thumbnailUrl":"https:\/\/booksfrommexico.com\/app\/uploads\/2023\/05\/132123.jpeg","datePublished":"2023-05-08T17:05:27+00:00","dateModified":"2025-04-02T15:25:58+00:00","description":"CAT\u00c1LOGO DE LOS CR\u00c1NEOS AISLADOS DE LA COLECCI\u00d3N SOL\u00d3RZANO. \/ Josefina Bautista Mart\u00ednez, Albertina Ortega Palma. INAH, 2005. (Colecci\u00f3n Cient\u00edfica).","breadcrumb":{"@id":"https:\/\/booksfrommexico.com\/es\/producto\/catalogo-de-los-craneos-aislados-de-la-coleccion-solorzano\/#breadcrumb"},"inLanguage":"es","potentialAction":[{"@type":"ReadAction","target":["https:\/\/booksfrommexico.com\/es\/producto\/catalogo-de-los-craneos-aislados-de-la-coleccion-solorzano\/"]}]},{"@type":"ImageObject","inLanguage":"es","@id":"https:\/\/booksfrommexico.com\/es\/producto\/catalogo-de-los-craneos-aislados-de-la-coleccion-solorzano\/#primaryimage","url":"https:\/\/booksfrommexico.com\/app\/uploads\/2023\/05\/132123.jpeg","contentUrl":"https:\/\/booksfrommexico.com\/app\/uploads\/2023\/05\/132123.jpeg","width":484,"height":750,"caption":"Cat\u00e1logo de los cr\u00e1neos aislados de la Colecci\u00f3n Sol\u00f3rzano. Books From M\u00e9xico"},{"@type":"BreadcrumbList","@id":"https:\/\/booksfrommexico.com\/es\/producto\/catalogo-de-los-craneos-aislados-de-la-coleccion-solorzano\/#breadcrumb","itemListElement":[{"@type":"ListItem","position":1,"name":"Home","item":"https:\/\/booksfrommexico.com\/es\/"},{"@type":"ListItem","position":2,"name":"Libros","item":"https:\/\/booksfrommexico.com\/es\/libros\/"},{"@type":"ListItem","position":3,"name":"Cat\u00e1logo de los cr\u00e1neos aislados de la Colecci\u00f3n Sol\u00f3rzano"}]},{"@type":"WebSite","@id":"https:\/\/booksfrommexico.com\/#website","url":"https:\/\/booksfrommexico.com\/","name":"Books From Mexico","description":"","publisher":{"@id":"https:\/\/booksfrommexico.com\/#organization"},"potentialAction":[{"@type":"SearchAction","target":{"@type":"EntryPoint","urlTemplate":"https:\/\/booksfrommexico.com\/?s={search_term_string}"},"query-input":{"@type":"PropertyValueSpecification","valueRequired":true,"valueName":"search_term_string"}}],"inLanguage":"es"},{"@type":"Organization","@id":"https:\/\/booksfrommexico.com\/#organization","name":"Books From Mexico","url":"https:\/\/booksfrommexico.com\/","logo":{"@type":"ImageObject","inLanguage":"es","@id":"https:\/\/booksfrommexico.com\/#\/schema\/logo\/image\/","url":"https:\/\/booksfrommexico.com\/app\/uploads\/2023\/05\/logo-booksfrommexico.svg","contentUrl":"https:\/\/booksfrommexico.com\/app\/uploads\/2023\/05\/logo-booksfrommexico.svg","width":86,"height":56,"caption":"Books From Mexico"},"image":{"@id":"https:\/\/booksfrommexico.com\/#\/schema\/logo\/image\/"}}]}},"_links":{"self":[{"href":"https:\/\/booksfrommexico.com\/es\/wp-json\/wp\/v2\/product\/678","targetHints":{"allow":["GET"]}}],"collection":[{"href":"https:\/\/booksfrommexico.com\/es\/wp-json\/wp\/v2\/product"}],"about":[{"href":"https:\/\/booksfrommexico.com\/es\/wp-json\/wp\/v2\/types\/product"}],"wp:featuredmedia":[{"embeddable":true,"href":"https:\/\/booksfrommexico.com\/es\/wp-json\/wp\/v2\/media\/677"}],"wp:attachment":[{"href":"https:\/\/booksfrommexico.com\/es\/wp-json\/wp\/v2\/media?parent=678"}],"wp:term":[{"taxonomy":"product_brand","embeddable":true,"href":"https:\/\/booksfrommexico.com\/es\/wp-json\/wp\/v2\/product_brand?post=678"},{"taxonomy":"product_cat","embeddable":true,"href":"https:\/\/booksfrommexico.com\/es\/wp-json\/wp\/v2\/product_cat?post=678"},{"taxonomy":"product_tag","embeddable":true,"href":"https:\/\/booksfrommexico.com\/es\/wp-json\/wp\/v2\/product_tag?post=678"}],"curies":[{"name":"wp","href":"https:\/\/api.w.org\/{rel}","templated":true}]}}