{"id":6781,"date":"2024-05-31T16:56:14","date_gmt":"2024-05-31T16:56:14","guid":{"rendered":"https:\/\/booksfrommexico.com\/product\/jno-tibio-jndye-nno-jno-ma-jno-konane-na-yo-jnonda-tzjo-noa\/"},"modified":"2025-03-01T00:05:06","modified_gmt":"2025-03-01T00:05:06","slug":"jno-tibio-jndye-nno-jno-ma-jno-konane-na-yo-jnonda-tzjo-noa","status":"publish","type":"product","link":"https:\/\/booksfrommexico.com\/es\/producto\/jno-tibio-jndye-nno-jno-ma-jno-konane-na-yo-jnonda-tzjo-noa\/","title":{"rendered":"J\u00f1&#8217;o t\u00edbio jndye nno j\u00f1&#8217;o m&#8217;a j\u00f1&#8217;o kon\u00e1&#8217;\u00f1\u00e9 n&#8217;a yo j\u00f1ond\u00e1 tzj\u00f3 noa: Cuentos y leyendas en idioma amuzgo de San Pedro Amuzgos, Oaxaca"},"content":{"rendered":"<p><span style=\"font-weight: 400;\">Este volumen de la Colecci\u00f3n <\/span><i><span style=\"font-weight: 400;\">Di\u00e1logos Pueblos Originarios de Oaxaca <\/span><\/i><span style=\"font-weight: 400;\">se trata de una recopilaci\u00f3n de cuentos, leyendas y narraciones de personas originarias de San Pedro Amuzgos que cuentan sus historias y tradiciones, las que a su vez fueron transmitidas por sus abuelos. Esta obra tiene el prop\u00f3sito de ser usado como material did\u00e1ctico en la ense\u00f1anza y el aprendizaje de la escritura en amuzgo, ya que contiene episodios hist\u00f3ricos de la comunidad y relatos escritos por el compilador. Todos estos textos est\u00e1n en su lengua original, ofreciendo un libro que es casi en su totalidad escrito en amuzgo,\u00a0 incluyendo un glosario con la traducci\u00f3n al espa\u00f1ol de las palabras m\u00e1s usadas en las narraciones.<\/span><\/p>\n","protected":false},"excerpt":{"rendered":"<p>J\u00d1&#8217;O T\u00cdBIO JNDYE NNO J\u00d1&#8217;O M&#8217;A J\u00d1&#8217;O KON\u00c0&#8217;N\u00c8 N&#8217;A YO J\u00d1OND\u00c1 TZJ\u00d3N NOA : CUENTOS Y LEYENDAS EN IDIOMA AMUZGO DE SAN PEDRO AMUZGOS, OAXACA<span style=\"font-weight: 400;\">. \/ Ferm\u00edn Librado Tapia Garc\u00eda (compilator).\u00a0 Oaxaca, M\u00e9xico : Consejo Nacional para la Cultura y las Artes , Direcci\u00f3n General de Culturas Populares e Ind\u00edgenas ; Secretar\u00eda de Cultura del Estado de Oaxaca ; Centro de Investigaciones y Estudios Superiores en Antropolog\u00eda Social , Papeles de la Casa Chata ; Fundaci\u00f3n Alfredo Harp Hel\u00fa Oaxaca, 2008. 85 pages : includes glossary ; 22 cm. (Colecci\u00f3n Di\u00e1logos Pueblos Originarios de Oaxaca ; Serie Glifos).<\/span><\/p>\n","protected":false},"featured_media":6785,"template":"","meta":{"_acf_changed":false,"inline_featured_image":false},"product_brand":[],"product_cat":[37,25],"product_tag":[4127,3603,4060,4223,3797],"class_list":{"0":"post-6781","1":"product","2":"type-product","3":"status-publish","4":"has-post-thumbnail","6":"product_cat-cuento-literatura","7":"product_cat-literatura","8":"product_tag-cuento","9":"product_tag-cuentos-mexicanos","10":"product_tag-lenguas-indigenas-es","11":"product_tag-mitos-y-leyendas","12":"product_tag-oaxaca-mexico","14":"first","15":"outofstock","16":"taxable","17":"shipping-taxable","18":"purchasable","19":"product-type-simple"},"acf":[],"yoast_head":"<!-- This site is optimized with the Yoast SEO plugin v27.3 - https:\/\/yoast.com\/product\/yoast-seo-wordpress\/ -->\n<title>J\u00f1&#039;o t\u00edbio jndye nno j\u00f1&#039;o m&#039;a j\u00f1&#039;o kon\u00e1&#039;\u00f1\u00e9 n&#039;a yo j\u00f1ond\u00e1 tzj\u00f3 noa<\/title>\n<meta name=\"description\" content=\"J\u00d1&#039;O T\u00cdBIO JNDYE NNO J\u00d1&#039;O M&#039;A J\u00d1&#039;O KON\u00c0&#039;N\u00c8 N&#039;A YO J\u00d1OND\u00c1 TZJ\u00d3N NOA : CUENTOS Y LEYENDAS EN IDIOMA AMUZGO DE SAN PEDRO AMUZGOS. \/ Tapia Garc\u00eda (compilator).\" \/>\n<meta name=\"robots\" content=\"index, follow, max-snippet:-1, max-image-preview:large, max-video-preview:-1\" \/>\n<link rel=\"canonical\" href=\"https:\/\/booksfrommexico.com\/es\/producto\/jno-tibio-jndye-nno-jno-ma-jno-konane-na-yo-jnonda-tzjo-noa\/\" \/>\n<meta property=\"og:locale\" content=\"es_ES\" \/>\n<meta property=\"og:type\" content=\"article\" \/>\n<meta property=\"og:title\" content=\"J\u00f1&#039;o t\u00edbio jndye nno j\u00f1&#039;o m&#039;a j\u00f1&#039;o kon\u00e1&#039;\u00f1\u00e9 n&#039;a yo j\u00f1ond\u00e1 tzj\u00f3 noa\" \/>\n<meta property=\"og:description\" content=\"J\u00d1&#039;O T\u00cdBIO JNDYE NNO J\u00d1&#039;O M&#039;A J\u00d1&#039;O KON\u00c0&#039;N\u00c8 N&#039;A YO J\u00d1OND\u00c1 TZJ\u00d3N NOA : CUENTOS Y LEYENDAS EN IDIOMA AMUZGO DE SAN PEDRO AMUZGOS. \/ Tapia Garc\u00eda (compilator).\" \/>\n<meta property=\"og:url\" content=\"https:\/\/booksfrommexico.com\/es\/producto\/jno-tibio-jndye-nno-jno-ma-jno-konane-na-yo-jnonda-tzjo-noa\/\" \/>\n<meta property=\"og:site_name\" content=\"Books From Mexico\" \/>\n<meta property=\"article:modified_time\" content=\"2025-03-01T00:05:06+00:00\" \/>\n<meta property=\"og:image\" content=\"http:\/\/booksfrommexico.com\/app\/uploads\/2024\/05\/141179.jpeg\" \/>\n\t<meta property=\"og:image:width\" content=\"449\" \/>\n\t<meta property=\"og:image:height\" content=\"642\" \/>\n\t<meta property=\"og:image:type\" content=\"image\/jpeg\" \/>\n<meta name=\"twitter:card\" content=\"summary_large_image\" \/>\n<meta name=\"twitter:label1\" content=\"Tiempo de lectura\" \/>\n\t<meta name=\"twitter:data1\" content=\"1 minuto\" \/>\n<script type=\"application\/ld+json\" class=\"yoast-schema-graph\">{\"@context\":\"https:\\\/\\\/schema.org\",\"@graph\":[{\"@type\":\"WebPage\",\"@id\":\"https:\\\/\\\/booksfrommexico.com\\\/es\\\/producto\\\/jno-tibio-jndye-nno-jno-ma-jno-konane-na-yo-jnonda-tzjo-noa\\\/\",\"url\":\"https:\\\/\\\/booksfrommexico.com\\\/es\\\/producto\\\/jno-tibio-jndye-nno-jno-ma-jno-konane-na-yo-jnonda-tzjo-noa\\\/\",\"name\":\"J\u00f1'o t\u00edbio jndye nno j\u00f1'o m'a j\u00f1'o kon\u00e1'\u00f1\u00e9 n'a yo j\u00f1ond\u00e1 tzj\u00f3 noa\",\"isPartOf\":{\"@id\":\"https:\\\/\\\/booksfrommexico.com\\\/#website\"},\"primaryImageOfPage\":{\"@id\":\"https:\\\/\\\/booksfrommexico.com\\\/es\\\/producto\\\/jno-tibio-jndye-nno-jno-ma-jno-konane-na-yo-jnonda-tzjo-noa\\\/#primaryimage\"},\"image\":{\"@id\":\"https:\\\/\\\/booksfrommexico.com\\\/es\\\/producto\\\/jno-tibio-jndye-nno-jno-ma-jno-konane-na-yo-jnonda-tzjo-noa\\\/#primaryimage\"},\"thumbnailUrl\":\"https:\\\/\\\/booksfrommexico.com\\\/app\\\/uploads\\\/2024\\\/05\\\/141179.jpeg\",\"datePublished\":\"2024-05-31T16:56:14+00:00\",\"dateModified\":\"2025-03-01T00:05:06+00:00\",\"description\":\"J\u00d1'O T\u00cdBIO JNDYE NNO J\u00d1'O M'A J\u00d1'O KON\u00c0'N\u00c8 N'A YO J\u00d1OND\u00c1 TZJ\u00d3N NOA : CUENTOS Y LEYENDAS EN IDIOMA AMUZGO DE SAN PEDRO AMUZGOS. \\\/ Tapia Garc\u00eda (compilator).\",\"breadcrumb\":{\"@id\":\"https:\\\/\\\/booksfrommexico.com\\\/es\\\/producto\\\/jno-tibio-jndye-nno-jno-ma-jno-konane-na-yo-jnonda-tzjo-noa\\\/#breadcrumb\"},\"inLanguage\":\"es\",\"potentialAction\":[{\"@type\":\"ReadAction\",\"target\":[\"https:\\\/\\\/booksfrommexico.com\\\/es\\\/producto\\\/jno-tibio-jndye-nno-jno-ma-jno-konane-na-yo-jnonda-tzjo-noa\\\/\"]}]},{\"@type\":\"ImageObject\",\"inLanguage\":\"es\",\"@id\":\"https:\\\/\\\/booksfrommexico.com\\\/es\\\/producto\\\/jno-tibio-jndye-nno-jno-ma-jno-konane-na-yo-jnonda-tzjo-noa\\\/#primaryimage\",\"url\":\"https:\\\/\\\/booksfrommexico.com\\\/app\\\/uploads\\\/2024\\\/05\\\/141179.jpeg\",\"contentUrl\":\"https:\\\/\\\/booksfrommexico.com\\\/app\\\/uploads\\\/2024\\\/05\\\/141179.jpeg\",\"width\":449,\"height\":642,\"caption\":\"J\u00f1'o t\u00edbio jndye nno j\u00f1'o m'a j\u00f1'o kon\u00e1'\u00f1\u00e9 n'a yo j\u00f1ond\u00e1 tzj\u00f3 noa\"},{\"@type\":\"BreadcrumbList\",\"@id\":\"https:\\\/\\\/booksfrommexico.com\\\/es\\\/producto\\\/jno-tibio-jndye-nno-jno-ma-jno-konane-na-yo-jnonda-tzjo-noa\\\/#breadcrumb\",\"itemListElement\":[{\"@type\":\"ListItem\",\"position\":1,\"name\":\"Home\",\"item\":\"https:\\\/\\\/booksfrommexico.com\\\/es\\\/\"},{\"@type\":\"ListItem\",\"position\":2,\"name\":\"Libros\",\"item\":\"https:\\\/\\\/booksfrommexico.com\\\/es\\\/libros\\\/\"},{\"@type\":\"ListItem\",\"position\":3,\"name\":\"J\u00f1&#8217;o t\u00edbio jndye nno j\u00f1&#8217;o m&#8217;a j\u00f1&#8217;o kon\u00e1&#8217;\u00f1\u00e9 n&#8217;a yo j\u00f1ond\u00e1 tzj\u00f3 noa: Cuentos y leyendas en idioma amuzgo de San Pedro Amuzgos, Oaxaca\"}]},{\"@type\":\"WebSite\",\"@id\":\"https:\\\/\\\/booksfrommexico.com\\\/#website\",\"url\":\"https:\\\/\\\/booksfrommexico.com\\\/\",\"name\":\"Books From Mexico\",\"description\":\"\",\"publisher\":{\"@id\":\"https:\\\/\\\/booksfrommexico.com\\\/#organization\"},\"potentialAction\":[{\"@type\":\"SearchAction\",\"target\":{\"@type\":\"EntryPoint\",\"urlTemplate\":\"https:\\\/\\\/booksfrommexico.com\\\/?s={search_term_string}\"},\"query-input\":{\"@type\":\"PropertyValueSpecification\",\"valueRequired\":true,\"valueName\":\"search_term_string\"}}],\"inLanguage\":\"es\"},{\"@type\":\"Organization\",\"@id\":\"https:\\\/\\\/booksfrommexico.com\\\/#organization\",\"name\":\"Books From Mexico\",\"url\":\"https:\\\/\\\/booksfrommexico.com\\\/\",\"logo\":{\"@type\":\"ImageObject\",\"inLanguage\":\"es\",\"@id\":\"https:\\\/\\\/booksfrommexico.com\\\/#\\\/schema\\\/logo\\\/image\\\/\",\"url\":\"https:\\\/\\\/booksfrommexico.com\\\/app\\\/uploads\\\/2023\\\/05\\\/logo-booksfrommexico.svg\",\"contentUrl\":\"https:\\\/\\\/booksfrommexico.com\\\/app\\\/uploads\\\/2023\\\/05\\\/logo-booksfrommexico.svg\",\"width\":86,\"height\":56,\"caption\":\"Books From Mexico\"},\"image\":{\"@id\":\"https:\\\/\\\/booksfrommexico.com\\\/#\\\/schema\\\/logo\\\/image\\\/\"}}]}<\/script>\n<!-- \/ Yoast SEO plugin. -->","yoast_head_json":{"title":"J\u00f1'o t\u00edbio jndye nno j\u00f1'o m'a j\u00f1'o kon\u00e1'\u00f1\u00e9 n'a yo j\u00f1ond\u00e1 tzj\u00f3 noa","description":"J\u00d1'O T\u00cdBIO JNDYE NNO J\u00d1'O M'A J\u00d1'O KON\u00c0'N\u00c8 N'A YO J\u00d1OND\u00c1 TZJ\u00d3N NOA : CUENTOS Y LEYENDAS EN IDIOMA AMUZGO DE SAN PEDRO AMUZGOS. \/ Tapia Garc\u00eda (compilator).","robots":{"index":"index","follow":"follow","max-snippet":"max-snippet:-1","max-image-preview":"max-image-preview:large","max-video-preview":"max-video-preview:-1"},"canonical":"https:\/\/booksfrommexico.com\/es\/producto\/jno-tibio-jndye-nno-jno-ma-jno-konane-na-yo-jnonda-tzjo-noa\/","og_locale":"es_ES","og_type":"article","og_title":"J\u00f1'o t\u00edbio jndye nno j\u00f1'o m'a j\u00f1'o kon\u00e1'\u00f1\u00e9 n'a yo j\u00f1ond\u00e1 tzj\u00f3 noa","og_description":"J\u00d1'O T\u00cdBIO JNDYE NNO J\u00d1'O M'A J\u00d1'O KON\u00c0'N\u00c8 N'A YO J\u00d1OND\u00c1 TZJ\u00d3N NOA : CUENTOS Y LEYENDAS EN IDIOMA AMUZGO DE SAN PEDRO AMUZGOS. \/ Tapia Garc\u00eda (compilator).","og_url":"https:\/\/booksfrommexico.com\/es\/producto\/jno-tibio-jndye-nno-jno-ma-jno-konane-na-yo-jnonda-tzjo-noa\/","og_site_name":"Books From Mexico","article_modified_time":"2025-03-01T00:05:06+00:00","og_image":[{"width":449,"height":642,"url":"http:\/\/booksfrommexico.com\/app\/uploads\/2024\/05\/141179.jpeg","type":"image\/jpeg"}],"twitter_card":"summary_large_image","twitter_misc":{"Tiempo de lectura":"1 minuto"},"schema":{"@context":"https:\/\/schema.org","@graph":[{"@type":"WebPage","@id":"https:\/\/booksfrommexico.com\/es\/producto\/jno-tibio-jndye-nno-jno-ma-jno-konane-na-yo-jnonda-tzjo-noa\/","url":"https:\/\/booksfrommexico.com\/es\/producto\/jno-tibio-jndye-nno-jno-ma-jno-konane-na-yo-jnonda-tzjo-noa\/","name":"J\u00f1'o t\u00edbio jndye nno j\u00f1'o m'a j\u00f1'o kon\u00e1'\u00f1\u00e9 n'a yo j\u00f1ond\u00e1 tzj\u00f3 noa","isPartOf":{"@id":"https:\/\/booksfrommexico.com\/#website"},"primaryImageOfPage":{"@id":"https:\/\/booksfrommexico.com\/es\/producto\/jno-tibio-jndye-nno-jno-ma-jno-konane-na-yo-jnonda-tzjo-noa\/#primaryimage"},"image":{"@id":"https:\/\/booksfrommexico.com\/es\/producto\/jno-tibio-jndye-nno-jno-ma-jno-konane-na-yo-jnonda-tzjo-noa\/#primaryimage"},"thumbnailUrl":"https:\/\/booksfrommexico.com\/app\/uploads\/2024\/05\/141179.jpeg","datePublished":"2024-05-31T16:56:14+00:00","dateModified":"2025-03-01T00:05:06+00:00","description":"J\u00d1'O T\u00cdBIO JNDYE NNO J\u00d1'O M'A J\u00d1'O KON\u00c0'N\u00c8 N'A YO J\u00d1OND\u00c1 TZJ\u00d3N NOA : CUENTOS Y LEYENDAS EN IDIOMA AMUZGO DE SAN PEDRO AMUZGOS. \/ Tapia Garc\u00eda (compilator).","breadcrumb":{"@id":"https:\/\/booksfrommexico.com\/es\/producto\/jno-tibio-jndye-nno-jno-ma-jno-konane-na-yo-jnonda-tzjo-noa\/#breadcrumb"},"inLanguage":"es","potentialAction":[{"@type":"ReadAction","target":["https:\/\/booksfrommexico.com\/es\/producto\/jno-tibio-jndye-nno-jno-ma-jno-konane-na-yo-jnonda-tzjo-noa\/"]}]},{"@type":"ImageObject","inLanguage":"es","@id":"https:\/\/booksfrommexico.com\/es\/producto\/jno-tibio-jndye-nno-jno-ma-jno-konane-na-yo-jnonda-tzjo-noa\/#primaryimage","url":"https:\/\/booksfrommexico.com\/app\/uploads\/2024\/05\/141179.jpeg","contentUrl":"https:\/\/booksfrommexico.com\/app\/uploads\/2024\/05\/141179.jpeg","width":449,"height":642,"caption":"J\u00f1'o t\u00edbio jndye nno j\u00f1'o m'a j\u00f1'o kon\u00e1'\u00f1\u00e9 n'a yo j\u00f1ond\u00e1 tzj\u00f3 noa"},{"@type":"BreadcrumbList","@id":"https:\/\/booksfrommexico.com\/es\/producto\/jno-tibio-jndye-nno-jno-ma-jno-konane-na-yo-jnonda-tzjo-noa\/#breadcrumb","itemListElement":[{"@type":"ListItem","position":1,"name":"Home","item":"https:\/\/booksfrommexico.com\/es\/"},{"@type":"ListItem","position":2,"name":"Libros","item":"https:\/\/booksfrommexico.com\/es\/libros\/"},{"@type":"ListItem","position":3,"name":"J\u00f1&#8217;o t\u00edbio jndye nno j\u00f1&#8217;o m&#8217;a j\u00f1&#8217;o kon\u00e1&#8217;\u00f1\u00e9 n&#8217;a yo j\u00f1ond\u00e1 tzj\u00f3 noa: Cuentos y leyendas en idioma amuzgo de San Pedro Amuzgos, Oaxaca"}]},{"@type":"WebSite","@id":"https:\/\/booksfrommexico.com\/#website","url":"https:\/\/booksfrommexico.com\/","name":"Books From Mexico","description":"","publisher":{"@id":"https:\/\/booksfrommexico.com\/#organization"},"potentialAction":[{"@type":"SearchAction","target":{"@type":"EntryPoint","urlTemplate":"https:\/\/booksfrommexico.com\/?s={search_term_string}"},"query-input":{"@type":"PropertyValueSpecification","valueRequired":true,"valueName":"search_term_string"}}],"inLanguage":"es"},{"@type":"Organization","@id":"https:\/\/booksfrommexico.com\/#organization","name":"Books From Mexico","url":"https:\/\/booksfrommexico.com\/","logo":{"@type":"ImageObject","inLanguage":"es","@id":"https:\/\/booksfrommexico.com\/#\/schema\/logo\/image\/","url":"https:\/\/booksfrommexico.com\/app\/uploads\/2023\/05\/logo-booksfrommexico.svg","contentUrl":"https:\/\/booksfrommexico.com\/app\/uploads\/2023\/05\/logo-booksfrommexico.svg","width":86,"height":56,"caption":"Books From Mexico"},"image":{"@id":"https:\/\/booksfrommexico.com\/#\/schema\/logo\/image\/"}}]}},"_links":{"self":[{"href":"https:\/\/booksfrommexico.com\/es\/wp-json\/wp\/v2\/product\/6781","targetHints":{"allow":["GET"]}}],"collection":[{"href":"https:\/\/booksfrommexico.com\/es\/wp-json\/wp\/v2\/product"}],"about":[{"href":"https:\/\/booksfrommexico.com\/es\/wp-json\/wp\/v2\/types\/product"}],"wp:featuredmedia":[{"embeddable":true,"href":"https:\/\/booksfrommexico.com\/es\/wp-json\/wp\/v2\/media\/6785"}],"wp:attachment":[{"href":"https:\/\/booksfrommexico.com\/es\/wp-json\/wp\/v2\/media?parent=6781"}],"wp:term":[{"taxonomy":"product_brand","embeddable":true,"href":"https:\/\/booksfrommexico.com\/es\/wp-json\/wp\/v2\/product_brand?post=6781"},{"taxonomy":"product_cat","embeddable":true,"href":"https:\/\/booksfrommexico.com\/es\/wp-json\/wp\/v2\/product_cat?post=6781"},{"taxonomy":"product_tag","embeddable":true,"href":"https:\/\/booksfrommexico.com\/es\/wp-json\/wp\/v2\/product_tag?post=6781"}],"curies":[{"name":"wp","href":"https:\/\/api.w.org\/{rel}","templated":true}]}}