{"id":6782,"date":"2024-05-31T16:56:15","date_gmt":"2024-05-31T16:56:15","guid":{"rendered":"https:\/\/booksfrommexico.com\/product\/las-condiciones-de-la-participacion-social-en-la-educacion\/"},"modified":"2024-08-05T23:37:34","modified_gmt":"2024-08-05T23:37:34","slug":"las-condiciones-de-la-participacion-social-en-la-educacion","status":"publish","type":"product","link":"https:\/\/booksfrommexico.com\/es\/producto\/las-condiciones-de-la-participacion-social-en-la-educacion\/","title":{"rendered":"Las condiciones de la participaci\u00f3n social en la educaci\u00f3n: Alcances y l\u00edmites"},"content":{"rendered":"<p><span style=\"font-weight: 400;\">Los textos que se presentan aqu\u00ed entretejen perspectivas que abordan el tema de la participaci\u00f3n social en la educaci\u00f3n y sus resultados, contribuyendo a lograr una mejor comprensi\u00f3n de lo ocurrido a partir de su implementaci\u00f3n aproximadamente en 1995. El concepto de \u201cparticipaci\u00f3n social\u201d tratado aqu\u00ed est\u00e1 relacionado con los asuntos escolares a partir del Acuerdo Nacional para la Modernizaci\u00f3n de la Educaci\u00f3n B\u00e1sica. El inter\u00e9s de los autores es contribuir con sus trabajos a enriquecer el tema de la educaci\u00f3n para as\u00ed generar y difundir nuevos conocimientos, mediante aspectos te\u00f3ricos, metodol\u00f3gicos, emp\u00edricos y de intervenci\u00f3n.<\/span><\/p>\n","protected":false},"excerpt":{"rendered":"<p>LAS CONDICIONES DE LA PARTICIPACI\u00d3N SOCIAL EN LA EDUCACI\u00d3N : ALCANCES Y L\u00cdMITES<span style=\"font-weight: 400;\">. \/ Marcos Jacobo Estrada Ruiz (coordinator). M\u00e9xico, Sonora : El Colegio de Sonora ; M\u00e9xico, D.F. : Juan Pablos Editor, 2015. 327 pages : includes tables, charts, bibliography at the end of each chapter ; 21 cm. ISBN : 9786077775850 (El Colegio de Sonora) ; 9786077113225 (Juan Pablos Editor).<\/span><\/p>\n","protected":false},"featured_media":6789,"template":"","meta":{"_acf_changed":false,"inline_featured_image":false},"product_brand":[],"product_cat":[59,1038],"product_tag":[3659,4293,3627],"class_list":{"0":"post-6782","1":"product","2":"type-product","3":"status-publish","4":"has-post-thumbnail","6":"product_cat-educacion","7":"product_cat-politica-educativa-educacion","8":"product_tag-condiciones-sociales","9":"product_tag-educacion-basica","10":"product_tag-politica-y-gobierno","12":"first","13":"outofstock","14":"taxable","15":"shipping-taxable","16":"purchasable","17":"product-type-simple"},"acf":[],"yoast_head":"<!-- This site is optimized with the Yoast SEO plugin v27.3 - https:\/\/yoast.com\/product\/yoast-seo-wordpress\/ -->\n<title>Las condiciones de la participaci\u00f3n social en la educaci\u00f3n<\/title>\n<meta name=\"description\" content=\"LAS CONDICIONES DE LA PARTICIPACI\u00d3N SOCIAL EN LA EDUCACI\u00d3N : ALCANCES Y L\u00cdMITES. \/ Marcos Jacobo Estrada Ruiz (coordinator). 2015.\" \/>\n<meta name=\"robots\" content=\"index, follow, max-snippet:-1, max-image-preview:large, max-video-preview:-1\" \/>\n<link rel=\"canonical\" href=\"https:\/\/booksfrommexico.com\/es\/producto\/las-condiciones-de-la-participacion-social-en-la-educacion\/\" \/>\n<meta property=\"og:locale\" content=\"es_ES\" \/>\n<meta property=\"og:type\" content=\"article\" \/>\n<meta property=\"og:title\" content=\"Las condiciones de la participaci\u00f3n social en la educaci\u00f3n\" \/>\n<meta property=\"og:description\" content=\"LAS CONDICIONES DE LA PARTICIPACI\u00d3N SOCIAL EN LA EDUCACI\u00d3N : ALCANCES Y L\u00cdMITES. \/ Marcos Jacobo Estrada Ruiz (coordinator). 2015.\" \/>\n<meta property=\"og:url\" content=\"https:\/\/booksfrommexico.com\/es\/producto\/las-condiciones-de-la-participacion-social-en-la-educacion\/\" \/>\n<meta property=\"og:site_name\" content=\"Books From Mexico\" \/>\n<meta property=\"article:modified_time\" content=\"2024-08-05T23:37:34+00:00\" \/>\n<meta property=\"og:image\" content=\"http:\/\/booksfrommexico.com\/app\/uploads\/2024\/05\/176712.jpg\" \/>\n\t<meta property=\"og:image:width\" content=\"530\" \/>\n\t<meta property=\"og:image:height\" content=\"805\" \/>\n\t<meta property=\"og:image:type\" content=\"image\/jpeg\" \/>\n<meta name=\"twitter:card\" content=\"summary_large_image\" \/>\n<meta name=\"twitter:label1\" content=\"Tiempo de lectura\" \/>\n\t<meta name=\"twitter:data1\" content=\"1 minuto\" \/>\n<script type=\"application\/ld+json\" class=\"yoast-schema-graph\">{\"@context\":\"https:\\\/\\\/schema.org\",\"@graph\":[{\"@type\":\"WebPage\",\"@id\":\"https:\\\/\\\/booksfrommexico.com\\\/es\\\/producto\\\/las-condiciones-de-la-participacion-social-en-la-educacion\\\/\",\"url\":\"https:\\\/\\\/booksfrommexico.com\\\/es\\\/producto\\\/las-condiciones-de-la-participacion-social-en-la-educacion\\\/\",\"name\":\"Las condiciones de la participaci\u00f3n social en la educaci\u00f3n\",\"isPartOf\":{\"@id\":\"https:\\\/\\\/booksfrommexico.com\\\/#website\"},\"primaryImageOfPage\":{\"@id\":\"https:\\\/\\\/booksfrommexico.com\\\/es\\\/producto\\\/las-condiciones-de-la-participacion-social-en-la-educacion\\\/#primaryimage\"},\"image\":{\"@id\":\"https:\\\/\\\/booksfrommexico.com\\\/es\\\/producto\\\/las-condiciones-de-la-participacion-social-en-la-educacion\\\/#primaryimage\"},\"thumbnailUrl\":\"https:\\\/\\\/booksfrommexico.com\\\/app\\\/uploads\\\/2024\\\/05\\\/176712.jpg\",\"datePublished\":\"2024-05-31T16:56:15+00:00\",\"dateModified\":\"2024-08-05T23:37:34+00:00\",\"description\":\"LAS CONDICIONES DE LA PARTICIPACI\u00d3N SOCIAL EN LA EDUCACI\u00d3N : ALCANCES Y L\u00cdMITES. \\\/ Marcos Jacobo Estrada Ruiz (coordinator). 2015.\",\"breadcrumb\":{\"@id\":\"https:\\\/\\\/booksfrommexico.com\\\/es\\\/producto\\\/las-condiciones-de-la-participacion-social-en-la-educacion\\\/#breadcrumb\"},\"inLanguage\":\"es\",\"potentialAction\":[{\"@type\":\"ReadAction\",\"target\":[\"https:\\\/\\\/booksfrommexico.com\\\/es\\\/producto\\\/las-condiciones-de-la-participacion-social-en-la-educacion\\\/\"]}]},{\"@type\":\"ImageObject\",\"inLanguage\":\"es\",\"@id\":\"https:\\\/\\\/booksfrommexico.com\\\/es\\\/producto\\\/las-condiciones-de-la-participacion-social-en-la-educacion\\\/#primaryimage\",\"url\":\"https:\\\/\\\/booksfrommexico.com\\\/app\\\/uploads\\\/2024\\\/05\\\/176712.jpg\",\"contentUrl\":\"https:\\\/\\\/booksfrommexico.com\\\/app\\\/uploads\\\/2024\\\/05\\\/176712.jpg\",\"width\":530,\"height\":805,\"caption\":\"Las condiciones de la participaci\u00f3n social en la educaci\u00f3n\"},{\"@type\":\"BreadcrumbList\",\"@id\":\"https:\\\/\\\/booksfrommexico.com\\\/es\\\/producto\\\/las-condiciones-de-la-participacion-social-en-la-educacion\\\/#breadcrumb\",\"itemListElement\":[{\"@type\":\"ListItem\",\"position\":1,\"name\":\"Home\",\"item\":\"https:\\\/\\\/booksfrommexico.com\\\/es\\\/\"},{\"@type\":\"ListItem\",\"position\":2,\"name\":\"Libros\",\"item\":\"https:\\\/\\\/booksfrommexico.com\\\/es\\\/libros\\\/\"},{\"@type\":\"ListItem\",\"position\":3,\"name\":\"Las condiciones de la participaci\u00f3n social en la educaci\u00f3n: Alcances y l\u00edmites\"}]},{\"@type\":\"WebSite\",\"@id\":\"https:\\\/\\\/booksfrommexico.com\\\/#website\",\"url\":\"https:\\\/\\\/booksfrommexico.com\\\/\",\"name\":\"Books From Mexico\",\"description\":\"\",\"publisher\":{\"@id\":\"https:\\\/\\\/booksfrommexico.com\\\/#organization\"},\"potentialAction\":[{\"@type\":\"SearchAction\",\"target\":{\"@type\":\"EntryPoint\",\"urlTemplate\":\"https:\\\/\\\/booksfrommexico.com\\\/?s={search_term_string}\"},\"query-input\":{\"@type\":\"PropertyValueSpecification\",\"valueRequired\":true,\"valueName\":\"search_term_string\"}}],\"inLanguage\":\"es\"},{\"@type\":\"Organization\",\"@id\":\"https:\\\/\\\/booksfrommexico.com\\\/#organization\",\"name\":\"Books From Mexico\",\"url\":\"https:\\\/\\\/booksfrommexico.com\\\/\",\"logo\":{\"@type\":\"ImageObject\",\"inLanguage\":\"es\",\"@id\":\"https:\\\/\\\/booksfrommexico.com\\\/#\\\/schema\\\/logo\\\/image\\\/\",\"url\":\"https:\\\/\\\/booksfrommexico.com\\\/app\\\/uploads\\\/2023\\\/05\\\/logo-booksfrommexico.svg\",\"contentUrl\":\"https:\\\/\\\/booksfrommexico.com\\\/app\\\/uploads\\\/2023\\\/05\\\/logo-booksfrommexico.svg\",\"width\":86,\"height\":56,\"caption\":\"Books From Mexico\"},\"image\":{\"@id\":\"https:\\\/\\\/booksfrommexico.com\\\/#\\\/schema\\\/logo\\\/image\\\/\"}}]}<\/script>\n<!-- \/ Yoast SEO plugin. -->","yoast_head_json":{"title":"Las condiciones de la participaci\u00f3n social en la educaci\u00f3n","description":"LAS CONDICIONES DE LA PARTICIPACI\u00d3N SOCIAL EN LA EDUCACI\u00d3N : ALCANCES Y L\u00cdMITES. \/ Marcos Jacobo Estrada Ruiz (coordinator). 2015.","robots":{"index":"index","follow":"follow","max-snippet":"max-snippet:-1","max-image-preview":"max-image-preview:large","max-video-preview":"max-video-preview:-1"},"canonical":"https:\/\/booksfrommexico.com\/es\/producto\/las-condiciones-de-la-participacion-social-en-la-educacion\/","og_locale":"es_ES","og_type":"article","og_title":"Las condiciones de la participaci\u00f3n social en la educaci\u00f3n","og_description":"LAS CONDICIONES DE LA PARTICIPACI\u00d3N SOCIAL EN LA EDUCACI\u00d3N : ALCANCES Y L\u00cdMITES. \/ Marcos Jacobo Estrada Ruiz (coordinator). 2015.","og_url":"https:\/\/booksfrommexico.com\/es\/producto\/las-condiciones-de-la-participacion-social-en-la-educacion\/","og_site_name":"Books From Mexico","article_modified_time":"2024-08-05T23:37:34+00:00","og_image":[{"width":530,"height":805,"url":"http:\/\/booksfrommexico.com\/app\/uploads\/2024\/05\/176712.jpg","type":"image\/jpeg"}],"twitter_card":"summary_large_image","twitter_misc":{"Tiempo de lectura":"1 minuto"},"schema":{"@context":"https:\/\/schema.org","@graph":[{"@type":"WebPage","@id":"https:\/\/booksfrommexico.com\/es\/producto\/las-condiciones-de-la-participacion-social-en-la-educacion\/","url":"https:\/\/booksfrommexico.com\/es\/producto\/las-condiciones-de-la-participacion-social-en-la-educacion\/","name":"Las condiciones de la participaci\u00f3n social en la educaci\u00f3n","isPartOf":{"@id":"https:\/\/booksfrommexico.com\/#website"},"primaryImageOfPage":{"@id":"https:\/\/booksfrommexico.com\/es\/producto\/las-condiciones-de-la-participacion-social-en-la-educacion\/#primaryimage"},"image":{"@id":"https:\/\/booksfrommexico.com\/es\/producto\/las-condiciones-de-la-participacion-social-en-la-educacion\/#primaryimage"},"thumbnailUrl":"https:\/\/booksfrommexico.com\/app\/uploads\/2024\/05\/176712.jpg","datePublished":"2024-05-31T16:56:15+00:00","dateModified":"2024-08-05T23:37:34+00:00","description":"LAS CONDICIONES DE LA PARTICIPACI\u00d3N SOCIAL EN LA EDUCACI\u00d3N : ALCANCES Y L\u00cdMITES. \/ Marcos Jacobo Estrada Ruiz (coordinator). 2015.","breadcrumb":{"@id":"https:\/\/booksfrommexico.com\/es\/producto\/las-condiciones-de-la-participacion-social-en-la-educacion\/#breadcrumb"},"inLanguage":"es","potentialAction":[{"@type":"ReadAction","target":["https:\/\/booksfrommexico.com\/es\/producto\/las-condiciones-de-la-participacion-social-en-la-educacion\/"]}]},{"@type":"ImageObject","inLanguage":"es","@id":"https:\/\/booksfrommexico.com\/es\/producto\/las-condiciones-de-la-participacion-social-en-la-educacion\/#primaryimage","url":"https:\/\/booksfrommexico.com\/app\/uploads\/2024\/05\/176712.jpg","contentUrl":"https:\/\/booksfrommexico.com\/app\/uploads\/2024\/05\/176712.jpg","width":530,"height":805,"caption":"Las condiciones de la participaci\u00f3n social en la educaci\u00f3n"},{"@type":"BreadcrumbList","@id":"https:\/\/booksfrommexico.com\/es\/producto\/las-condiciones-de-la-participacion-social-en-la-educacion\/#breadcrumb","itemListElement":[{"@type":"ListItem","position":1,"name":"Home","item":"https:\/\/booksfrommexico.com\/es\/"},{"@type":"ListItem","position":2,"name":"Libros","item":"https:\/\/booksfrommexico.com\/es\/libros\/"},{"@type":"ListItem","position":3,"name":"Las condiciones de la participaci\u00f3n social en la educaci\u00f3n: Alcances y l\u00edmites"}]},{"@type":"WebSite","@id":"https:\/\/booksfrommexico.com\/#website","url":"https:\/\/booksfrommexico.com\/","name":"Books From Mexico","description":"","publisher":{"@id":"https:\/\/booksfrommexico.com\/#organization"},"potentialAction":[{"@type":"SearchAction","target":{"@type":"EntryPoint","urlTemplate":"https:\/\/booksfrommexico.com\/?s={search_term_string}"},"query-input":{"@type":"PropertyValueSpecification","valueRequired":true,"valueName":"search_term_string"}}],"inLanguage":"es"},{"@type":"Organization","@id":"https:\/\/booksfrommexico.com\/#organization","name":"Books From Mexico","url":"https:\/\/booksfrommexico.com\/","logo":{"@type":"ImageObject","inLanguage":"es","@id":"https:\/\/booksfrommexico.com\/#\/schema\/logo\/image\/","url":"https:\/\/booksfrommexico.com\/app\/uploads\/2023\/05\/logo-booksfrommexico.svg","contentUrl":"https:\/\/booksfrommexico.com\/app\/uploads\/2023\/05\/logo-booksfrommexico.svg","width":86,"height":56,"caption":"Books From Mexico"},"image":{"@id":"https:\/\/booksfrommexico.com\/#\/schema\/logo\/image\/"}}]}},"_links":{"self":[{"href":"https:\/\/booksfrommexico.com\/es\/wp-json\/wp\/v2\/product\/6782","targetHints":{"allow":["GET"]}}],"collection":[{"href":"https:\/\/booksfrommexico.com\/es\/wp-json\/wp\/v2\/product"}],"about":[{"href":"https:\/\/booksfrommexico.com\/es\/wp-json\/wp\/v2\/types\/product"}],"wp:featuredmedia":[{"embeddable":true,"href":"https:\/\/booksfrommexico.com\/es\/wp-json\/wp\/v2\/media\/6789"}],"wp:attachment":[{"href":"https:\/\/booksfrommexico.com\/es\/wp-json\/wp\/v2\/media?parent=6782"}],"wp:term":[{"taxonomy":"product_brand","embeddable":true,"href":"https:\/\/booksfrommexico.com\/es\/wp-json\/wp\/v2\/product_brand?post=6782"},{"taxonomy":"product_cat","embeddable":true,"href":"https:\/\/booksfrommexico.com\/es\/wp-json\/wp\/v2\/product_cat?post=6782"},{"taxonomy":"product_tag","embeddable":true,"href":"https:\/\/booksfrommexico.com\/es\/wp-json\/wp\/v2\/product_tag?post=6782"}],"curies":[{"name":"wp","href":"https:\/\/api.w.org\/{rel}","templated":true}]}}