{"id":682,"date":"2023-05-08T17:05:30","date_gmt":"2023-05-08T17:05:30","guid":{"rendered":"http:\/\/booksfrommexico.com\/product\/catalogo-grafico-de-los-craneos-de-la-cueva-de-la-candelaria\/"},"modified":"2024-07-16T23:31:31","modified_gmt":"2024-07-16T23:31:31","slug":"catalogo-grafico-de-los-craneos-de-la-cueva-de-la-candelaria","status":"publish","type":"product","link":"https:\/\/booksfrommexico.com\/es\/producto\/catalogo-grafico-de-los-craneos-de-la-cueva-de-la-candelaria\/","title":{"rendered":"Cat\u00e1logo gr\u00e1fico de los cr\u00e1neos de la cueva de La Candelaria"},"content":{"rendered":"<p><span style=\"font-weight: 400;\">Este cat\u00e1logo re\u00fane registros de un grupo de cr\u00e1neos recuperados de La Candelaria, una cavidad rica en vestigios que se encuentra en Aridoam\u00e9rica, regi\u00f3n poco estudiada desde el punto de vista de la antropolog\u00eda f\u00edsica. Se establece adem\u00e1s la ubicaci\u00f3n del material \u00f3seo y la manera como fue recuperado y algunas im\u00e1genes ilustran el contexto de la cueva, el contenido osteol\u00f3gico y los objetos arqueol\u00f3gicos asociados. Esta numerosa y bien conservada colecci\u00f3n de cr\u00e1neos dolicoides presenta caracter\u00edsticas morfol\u00f3gicas particulares y, en algunos casos, cambios patol\u00f3gicos de diversa \u00edndole.<\/span><\/p>\n","protected":false},"excerpt":{"rendered":"<p>CAT\u00c1LOGO GR\u00c1FICO DE LOS CR\u00c1NEOS DE LA CUEVA DE LA CANDELARIA<span style=\"font-weight: 400;\">. \/ Arturo Romano Pacheco, Josefina Bautista Mart\u00ednez, Mar\u00eda Teresa Ja\u00e9n Esquive,l Jorge G\u00f3mez Vald\u00e9s. M\u00e9xico, D.F. : Instituto Nacional de Antropolog\u00eda e Historia, 2005. 117 pages : includes map, photos, bibliography ; 26 cm. (Colecci\u00f3n Cient\u00edfica). ISBN : 968030115X.<\/span><\/p>\n","protected":false},"featured_media":681,"template":"","meta":{"_acf_changed":false,"inline_featured_image":false},"product_brand":[],"product_cat":[386,491],"product_tag":[4473,4122,4475],"class_list":{"0":"post-682","1":"product","2":"type-product","3":"status-publish","4":"has-post-thumbnail","6":"product_cat-arqueologia","7":"product_cat-sitios-de-excavacion-arqueologia","8":"product_tag-catalogos-es","9":"product_tag-investigacion","10":"product_tag-restos-arqueologicos","12":"first","13":"instock","14":"taxable","15":"shipping-taxable","16":"purchasable","17":"product-type-simple"},"acf":[],"yoast_head":"<!-- This site is optimized with the Yoast SEO plugin v27.3 - https:\/\/yoast.com\/product\/yoast-seo-wordpress\/ -->\n<title>Cat\u00e1logo gr\u00e1fico de los cr\u00e1neos de la cueva de La Candelaria<\/title>\n<meta name=\"description\" content=\"CAT\u00c1LOGO GR\u00c1FICO DE LOS CR\u00c1NEOS DE LA CUEVA DE LA CANDELARIA. \/ Romano Pacheco, Bautista Mart\u00ednez, Ja\u00e9n Esquivel, G\u00f3mez Vald\u00e9s. INAH, 2005.\" \/>\n<meta name=\"robots\" content=\"index, follow, max-snippet:-1, max-image-preview:large, max-video-preview:-1\" \/>\n<link rel=\"canonical\" href=\"https:\/\/booksfrommexico.com\/es\/producto\/catalogo-grafico-de-los-craneos-de-la-cueva-de-la-candelaria\/\" \/>\n<meta property=\"og:locale\" content=\"es_ES\" \/>\n<meta property=\"og:type\" content=\"article\" \/>\n<meta property=\"og:title\" content=\"Cat\u00e1logo gr\u00e1fico de los cr\u00e1neos de la cueva de La Candelaria\" \/>\n<meta property=\"og:description\" content=\"CAT\u00c1LOGO GR\u00c1FICO DE LOS CR\u00c1NEOS DE LA CUEVA DE LA CANDELARIA. \/ Romano Pacheco, Bautista Mart\u00ednez, Ja\u00e9n Esquivel, G\u00f3mez Vald\u00e9s. INAH, 2005.\" \/>\n<meta property=\"og:url\" content=\"https:\/\/booksfrommexico.com\/es\/producto\/catalogo-grafico-de-los-craneos-de-la-cueva-de-la-candelaria\/\" \/>\n<meta property=\"og:site_name\" content=\"Books From Mexico\" \/>\n<meta property=\"article:modified_time\" content=\"2024-07-16T23:31:31+00:00\" \/>\n<meta property=\"og:image\" content=\"http:\/\/booksfrommexico.com\/app\/uploads\/2023\/05\/132121.jpeg\" \/>\n\t<meta property=\"og:image:width\" content=\"530\" \/>\n\t<meta property=\"og:image:height\" content=\"753\" \/>\n\t<meta property=\"og:image:type\" content=\"image\/jpeg\" \/>\n<meta name=\"twitter:card\" content=\"summary_large_image\" \/>\n<meta name=\"twitter:label1\" content=\"Tiempo de lectura\" \/>\n\t<meta name=\"twitter:data1\" content=\"1 minuto\" \/>\n<script type=\"application\/ld+json\" class=\"yoast-schema-graph\">{\"@context\":\"https:\\\/\\\/schema.org\",\"@graph\":[{\"@type\":\"WebPage\",\"@id\":\"https:\\\/\\\/booksfrommexico.com\\\/es\\\/producto\\\/catalogo-grafico-de-los-craneos-de-la-cueva-de-la-candelaria\\\/\",\"url\":\"https:\\\/\\\/booksfrommexico.com\\\/es\\\/producto\\\/catalogo-grafico-de-los-craneos-de-la-cueva-de-la-candelaria\\\/\",\"name\":\"Cat\u00e1logo gr\u00e1fico de los cr\u00e1neos de la cueva de La Candelaria\",\"isPartOf\":{\"@id\":\"https:\\\/\\\/booksfrommexico.com\\\/#website\"},\"primaryImageOfPage\":{\"@id\":\"https:\\\/\\\/booksfrommexico.com\\\/es\\\/producto\\\/catalogo-grafico-de-los-craneos-de-la-cueva-de-la-candelaria\\\/#primaryimage\"},\"image\":{\"@id\":\"https:\\\/\\\/booksfrommexico.com\\\/es\\\/producto\\\/catalogo-grafico-de-los-craneos-de-la-cueva-de-la-candelaria\\\/#primaryimage\"},\"thumbnailUrl\":\"https:\\\/\\\/booksfrommexico.com\\\/app\\\/uploads\\\/2023\\\/05\\\/132121.jpeg\",\"datePublished\":\"2023-05-08T17:05:30+00:00\",\"dateModified\":\"2024-07-16T23:31:31+00:00\",\"description\":\"CAT\u00c1LOGO GR\u00c1FICO DE LOS CR\u00c1NEOS DE LA CUEVA DE LA CANDELARIA. \\\/ Romano Pacheco, Bautista Mart\u00ednez, Ja\u00e9n Esquivel, G\u00f3mez Vald\u00e9s. INAH, 2005.\",\"breadcrumb\":{\"@id\":\"https:\\\/\\\/booksfrommexico.com\\\/es\\\/producto\\\/catalogo-grafico-de-los-craneos-de-la-cueva-de-la-candelaria\\\/#breadcrumb\"},\"inLanguage\":\"es\",\"potentialAction\":[{\"@type\":\"ReadAction\",\"target\":[\"https:\\\/\\\/booksfrommexico.com\\\/es\\\/producto\\\/catalogo-grafico-de-los-craneos-de-la-cueva-de-la-candelaria\\\/\"]}]},{\"@type\":\"ImageObject\",\"inLanguage\":\"es\",\"@id\":\"https:\\\/\\\/booksfrommexico.com\\\/es\\\/producto\\\/catalogo-grafico-de-los-craneos-de-la-cueva-de-la-candelaria\\\/#primaryimage\",\"url\":\"https:\\\/\\\/booksfrommexico.com\\\/app\\\/uploads\\\/2023\\\/05\\\/132121.jpeg\",\"contentUrl\":\"https:\\\/\\\/booksfrommexico.com\\\/app\\\/uploads\\\/2023\\\/05\\\/132121.jpeg\",\"width\":530,\"height\":753,\"caption\":\"Cat\u00e1logo gr\u00e1fico de los cr\u00e1neos de la cueva de La Candelaria. Books From M\u00e9xico\"},{\"@type\":\"BreadcrumbList\",\"@id\":\"https:\\\/\\\/booksfrommexico.com\\\/es\\\/producto\\\/catalogo-grafico-de-los-craneos-de-la-cueva-de-la-candelaria\\\/#breadcrumb\",\"itemListElement\":[{\"@type\":\"ListItem\",\"position\":1,\"name\":\"Home\",\"item\":\"https:\\\/\\\/booksfrommexico.com\\\/es\\\/\"},{\"@type\":\"ListItem\",\"position\":2,\"name\":\"Libros\",\"item\":\"https:\\\/\\\/booksfrommexico.com\\\/es\\\/libros\\\/\"},{\"@type\":\"ListItem\",\"position\":3,\"name\":\"Cat\u00e1logo gr\u00e1fico de los cr\u00e1neos de la cueva de La Candelaria\"}]},{\"@type\":\"WebSite\",\"@id\":\"https:\\\/\\\/booksfrommexico.com\\\/#website\",\"url\":\"https:\\\/\\\/booksfrommexico.com\\\/\",\"name\":\"Books From Mexico\",\"description\":\"\",\"publisher\":{\"@id\":\"https:\\\/\\\/booksfrommexico.com\\\/#organization\"},\"potentialAction\":[{\"@type\":\"SearchAction\",\"target\":{\"@type\":\"EntryPoint\",\"urlTemplate\":\"https:\\\/\\\/booksfrommexico.com\\\/?s={search_term_string}\"},\"query-input\":{\"@type\":\"PropertyValueSpecification\",\"valueRequired\":true,\"valueName\":\"search_term_string\"}}],\"inLanguage\":\"es\"},{\"@type\":\"Organization\",\"@id\":\"https:\\\/\\\/booksfrommexico.com\\\/#organization\",\"name\":\"Books From Mexico\",\"url\":\"https:\\\/\\\/booksfrommexico.com\\\/\",\"logo\":{\"@type\":\"ImageObject\",\"inLanguage\":\"es\",\"@id\":\"https:\\\/\\\/booksfrommexico.com\\\/#\\\/schema\\\/logo\\\/image\\\/\",\"url\":\"https:\\\/\\\/booksfrommexico.com\\\/app\\\/uploads\\\/2023\\\/05\\\/logo-booksfrommexico.svg\",\"contentUrl\":\"https:\\\/\\\/booksfrommexico.com\\\/app\\\/uploads\\\/2023\\\/05\\\/logo-booksfrommexico.svg\",\"width\":86,\"height\":56,\"caption\":\"Books From Mexico\"},\"image\":{\"@id\":\"https:\\\/\\\/booksfrommexico.com\\\/#\\\/schema\\\/logo\\\/image\\\/\"}}]}<\/script>\n<!-- \/ Yoast SEO plugin. -->","yoast_head_json":{"title":"Cat\u00e1logo gr\u00e1fico de los cr\u00e1neos de la cueva de La Candelaria","description":"CAT\u00c1LOGO GR\u00c1FICO DE LOS CR\u00c1NEOS DE LA CUEVA DE LA CANDELARIA. \/ Romano Pacheco, Bautista Mart\u00ednez, Ja\u00e9n Esquivel, G\u00f3mez Vald\u00e9s. INAH, 2005.","robots":{"index":"index","follow":"follow","max-snippet":"max-snippet:-1","max-image-preview":"max-image-preview:large","max-video-preview":"max-video-preview:-1"},"canonical":"https:\/\/booksfrommexico.com\/es\/producto\/catalogo-grafico-de-los-craneos-de-la-cueva-de-la-candelaria\/","og_locale":"es_ES","og_type":"article","og_title":"Cat\u00e1logo gr\u00e1fico de los cr\u00e1neos de la cueva de La Candelaria","og_description":"CAT\u00c1LOGO GR\u00c1FICO DE LOS CR\u00c1NEOS DE LA CUEVA DE LA CANDELARIA. \/ Romano Pacheco, Bautista Mart\u00ednez, Ja\u00e9n Esquivel, G\u00f3mez Vald\u00e9s. INAH, 2005.","og_url":"https:\/\/booksfrommexico.com\/es\/producto\/catalogo-grafico-de-los-craneos-de-la-cueva-de-la-candelaria\/","og_site_name":"Books From Mexico","article_modified_time":"2024-07-16T23:31:31+00:00","og_image":[{"width":530,"height":753,"url":"http:\/\/booksfrommexico.com\/app\/uploads\/2023\/05\/132121.jpeg","type":"image\/jpeg"}],"twitter_card":"summary_large_image","twitter_misc":{"Tiempo de lectura":"1 minuto"},"schema":{"@context":"https:\/\/schema.org","@graph":[{"@type":"WebPage","@id":"https:\/\/booksfrommexico.com\/es\/producto\/catalogo-grafico-de-los-craneos-de-la-cueva-de-la-candelaria\/","url":"https:\/\/booksfrommexico.com\/es\/producto\/catalogo-grafico-de-los-craneos-de-la-cueva-de-la-candelaria\/","name":"Cat\u00e1logo gr\u00e1fico de los cr\u00e1neos de la cueva de La Candelaria","isPartOf":{"@id":"https:\/\/booksfrommexico.com\/#website"},"primaryImageOfPage":{"@id":"https:\/\/booksfrommexico.com\/es\/producto\/catalogo-grafico-de-los-craneos-de-la-cueva-de-la-candelaria\/#primaryimage"},"image":{"@id":"https:\/\/booksfrommexico.com\/es\/producto\/catalogo-grafico-de-los-craneos-de-la-cueva-de-la-candelaria\/#primaryimage"},"thumbnailUrl":"https:\/\/booksfrommexico.com\/app\/uploads\/2023\/05\/132121.jpeg","datePublished":"2023-05-08T17:05:30+00:00","dateModified":"2024-07-16T23:31:31+00:00","description":"CAT\u00c1LOGO GR\u00c1FICO DE LOS CR\u00c1NEOS DE LA CUEVA DE LA CANDELARIA. \/ Romano Pacheco, Bautista Mart\u00ednez, Ja\u00e9n Esquivel, G\u00f3mez Vald\u00e9s. INAH, 2005.","breadcrumb":{"@id":"https:\/\/booksfrommexico.com\/es\/producto\/catalogo-grafico-de-los-craneos-de-la-cueva-de-la-candelaria\/#breadcrumb"},"inLanguage":"es","potentialAction":[{"@type":"ReadAction","target":["https:\/\/booksfrommexico.com\/es\/producto\/catalogo-grafico-de-los-craneos-de-la-cueva-de-la-candelaria\/"]}]},{"@type":"ImageObject","inLanguage":"es","@id":"https:\/\/booksfrommexico.com\/es\/producto\/catalogo-grafico-de-los-craneos-de-la-cueva-de-la-candelaria\/#primaryimage","url":"https:\/\/booksfrommexico.com\/app\/uploads\/2023\/05\/132121.jpeg","contentUrl":"https:\/\/booksfrommexico.com\/app\/uploads\/2023\/05\/132121.jpeg","width":530,"height":753,"caption":"Cat\u00e1logo gr\u00e1fico de los cr\u00e1neos de la cueva de La Candelaria. Books From M\u00e9xico"},{"@type":"BreadcrumbList","@id":"https:\/\/booksfrommexico.com\/es\/producto\/catalogo-grafico-de-los-craneos-de-la-cueva-de-la-candelaria\/#breadcrumb","itemListElement":[{"@type":"ListItem","position":1,"name":"Home","item":"https:\/\/booksfrommexico.com\/es\/"},{"@type":"ListItem","position":2,"name":"Libros","item":"https:\/\/booksfrommexico.com\/es\/libros\/"},{"@type":"ListItem","position":3,"name":"Cat\u00e1logo gr\u00e1fico de los cr\u00e1neos de la cueva de La Candelaria"}]},{"@type":"WebSite","@id":"https:\/\/booksfrommexico.com\/#website","url":"https:\/\/booksfrommexico.com\/","name":"Books From Mexico","description":"","publisher":{"@id":"https:\/\/booksfrommexico.com\/#organization"},"potentialAction":[{"@type":"SearchAction","target":{"@type":"EntryPoint","urlTemplate":"https:\/\/booksfrommexico.com\/?s={search_term_string}"},"query-input":{"@type":"PropertyValueSpecification","valueRequired":true,"valueName":"search_term_string"}}],"inLanguage":"es"},{"@type":"Organization","@id":"https:\/\/booksfrommexico.com\/#organization","name":"Books From Mexico","url":"https:\/\/booksfrommexico.com\/","logo":{"@type":"ImageObject","inLanguage":"es","@id":"https:\/\/booksfrommexico.com\/#\/schema\/logo\/image\/","url":"https:\/\/booksfrommexico.com\/app\/uploads\/2023\/05\/logo-booksfrommexico.svg","contentUrl":"https:\/\/booksfrommexico.com\/app\/uploads\/2023\/05\/logo-booksfrommexico.svg","width":86,"height":56,"caption":"Books From Mexico"},"image":{"@id":"https:\/\/booksfrommexico.com\/#\/schema\/logo\/image\/"}}]}},"_links":{"self":[{"href":"https:\/\/booksfrommexico.com\/es\/wp-json\/wp\/v2\/product\/682","targetHints":{"allow":["GET"]}}],"collection":[{"href":"https:\/\/booksfrommexico.com\/es\/wp-json\/wp\/v2\/product"}],"about":[{"href":"https:\/\/booksfrommexico.com\/es\/wp-json\/wp\/v2\/types\/product"}],"wp:featuredmedia":[{"embeddable":true,"href":"https:\/\/booksfrommexico.com\/es\/wp-json\/wp\/v2\/media\/681"}],"wp:attachment":[{"href":"https:\/\/booksfrommexico.com\/es\/wp-json\/wp\/v2\/media?parent=682"}],"wp:term":[{"taxonomy":"product_brand","embeddable":true,"href":"https:\/\/booksfrommexico.com\/es\/wp-json\/wp\/v2\/product_brand?post=682"},{"taxonomy":"product_cat","embeddable":true,"href":"https:\/\/booksfrommexico.com\/es\/wp-json\/wp\/v2\/product_cat?post=682"},{"taxonomy":"product_tag","embeddable":true,"href":"https:\/\/booksfrommexico.com\/es\/wp-json\/wp\/v2\/product_tag?post=682"}],"curies":[{"name":"wp","href":"https:\/\/api.w.org\/{rel}","templated":true}]}}