{"id":684,"date":"2023-05-08T17:05:31","date_gmt":"2023-05-08T17:05:31","guid":{"rendered":"http:\/\/booksfrommexico.com\/product\/los-restos-oseos-humanos-de-la-cueva-de-la-candelaria-coahuila-craneologia\/"},"modified":"2024-07-16T23:53:13","modified_gmt":"2024-07-16T23:53:13","slug":"los-restos-oseos-humanos-de-la-cueva-de-la-candelaria-coahuila-craneologia","status":"publish","type":"product","link":"https:\/\/booksfrommexico.com\/es\/producto\/los-restos-oseos-humanos-de-la-cueva-de-la-candelaria-coahuila-craneologia\/","title":{"rendered":"Los restos \u00f3seos humanos de la cueva de La Candelaria, Coahuila: Craneolog\u00eda"},"content":{"rendered":"<p><span style=\"font-weight: 400;\">Para conseguir el t\u00edtulo de maestr\u00eda en la Escuela Nacional de Antropolog\u00eda e Historia, Arturo Romano Pacheco present\u00f3 este texto, obteniendo por ello el <\/span><i><span style=\"font-weight: 400;\">cum laude<\/span><\/i><span style=\"font-weight: 400;\">, la m\u00e1xima menci\u00f3n acad\u00e9mica en esta instituci\u00f3n. El autor expone aqu\u00ed tanto a la ubicaci\u00f3n geogr\u00e1fica y temporal como a las relaciones culturales que debieron tener los individuos que integran la serie osteol\u00f3gica de la cueva de La Candelaria, ubicada en el norte de M\u00e9xico, Coahuila. El objetivo principal de esta investigaci\u00f3n es presentar los resultados del estudio de las distancias biol\u00f3gicas de los candelarienses con otras poblaciones de Am\u00e9rica, haciendo consideraciones sobre el poblamiento del continente americano.<\/span><\/p>\n<p><br style=\"font-weight: 400;\" \/><br style=\"font-weight: 400;\" \/><\/p>\n","protected":false},"excerpt":{"rendered":"<p>LOS RESTOS \u00d3SEOS HUMANOS DE LA CUEVA DE LA CANDELARIA, COAHUILA : CRANEOLOG\u00cdA<span style=\"font-weight: 400;\">. \/ Arturo Romano Pacheco. M\u00e9xico, D.F. : Instituto Nacional de Antropolog\u00eda e Historia, 2005. 93 pages : includes maps, photos, tables, bibliography ; 26 cm. (Colecci\u00f3n Cient\u00edfica). ISBN : 9680301281.<\/span><\/p>\n","protected":false},"featured_media":683,"template":"","meta":{"_acf_changed":false,"inline_featured_image":false},"product_brand":[],"product_cat":[386,491],"product_tag":[4473,4122,4475],"class_list":{"0":"post-684","1":"product","2":"type-product","3":"status-publish","4":"has-post-thumbnail","6":"product_cat-arqueologia","7":"product_cat-sitios-de-excavacion-arqueologia","8":"product_tag-catalogos-es","9":"product_tag-investigacion","10":"product_tag-restos-arqueologicos","12":"first","13":"instock","14":"taxable","15":"shipping-taxable","16":"purchasable","17":"product-type-simple"},"acf":[],"yoast_head":"<!-- This site is optimized with the Yoast SEO plugin v27.3 - https:\/\/yoast.com\/product\/yoast-seo-wordpress\/ -->\n<title>Los Restos \u00f3seos humanos de la cueva de La Candelaria<\/title>\n<meta name=\"description\" content=\"LOS RESTOS \u00d3SEOS HUMANOS DE LA CUEVA DE LA CANDELARIA, COAHUILA : CRANEOLOG\u00cdA. \/ Arturo Romano Pacheco. INAH, 2005. (Colecci\u00f3n Cient\u00edfica).\" \/>\n<meta name=\"robots\" content=\"index, follow, max-snippet:-1, max-image-preview:large, max-video-preview:-1\" \/>\n<link rel=\"canonical\" href=\"https:\/\/booksfrommexico.com\/es\/producto\/los-restos-oseos-humanos-de-la-cueva-de-la-candelaria-coahuila-craneologia\/\" \/>\n<meta property=\"og:locale\" content=\"es_ES\" \/>\n<meta property=\"og:type\" content=\"article\" \/>\n<meta property=\"og:title\" content=\"Los Restos \u00f3seos humanos de la cueva de La Candelaria\" \/>\n<meta property=\"og:description\" content=\"LOS RESTOS \u00d3SEOS HUMANOS DE LA CUEVA DE LA CANDELARIA, COAHUILA : CRANEOLOG\u00cdA. \/ Arturo Romano Pacheco. INAH, 2005. (Colecci\u00f3n Cient\u00edfica).\" \/>\n<meta property=\"og:url\" content=\"https:\/\/booksfrommexico.com\/es\/producto\/los-restos-oseos-humanos-de-la-cueva-de-la-candelaria-coahuila-craneologia\/\" \/>\n<meta property=\"og:site_name\" content=\"Books From Mexico\" \/>\n<meta property=\"article:modified_time\" content=\"2024-07-16T23:53:13+00:00\" \/>\n<meta property=\"og:image\" content=\"http:\/\/booksfrommexico.com\/app\/uploads\/2023\/05\/132120.jpeg\" \/>\n\t<meta property=\"og:image:width\" content=\"521\" \/>\n\t<meta property=\"og:image:height\" content=\"741\" \/>\n\t<meta property=\"og:image:type\" content=\"image\/jpeg\" \/>\n<meta name=\"twitter:card\" content=\"summary_large_image\" \/>\n<meta name=\"twitter:label1\" content=\"Tiempo de lectura\" \/>\n\t<meta name=\"twitter:data1\" content=\"1 minuto\" \/>\n<script type=\"application\/ld+json\" class=\"yoast-schema-graph\">{\"@context\":\"https:\\\/\\\/schema.org\",\"@graph\":[{\"@type\":\"WebPage\",\"@id\":\"https:\\\/\\\/booksfrommexico.com\\\/es\\\/producto\\\/los-restos-oseos-humanos-de-la-cueva-de-la-candelaria-coahuila-craneologia\\\/\",\"url\":\"https:\\\/\\\/booksfrommexico.com\\\/es\\\/producto\\\/los-restos-oseos-humanos-de-la-cueva-de-la-candelaria-coahuila-craneologia\\\/\",\"name\":\"Los Restos \u00f3seos humanos de la cueva de La Candelaria\",\"isPartOf\":{\"@id\":\"https:\\\/\\\/booksfrommexico.com\\\/#website\"},\"primaryImageOfPage\":{\"@id\":\"https:\\\/\\\/booksfrommexico.com\\\/es\\\/producto\\\/los-restos-oseos-humanos-de-la-cueva-de-la-candelaria-coahuila-craneologia\\\/#primaryimage\"},\"image\":{\"@id\":\"https:\\\/\\\/booksfrommexico.com\\\/es\\\/producto\\\/los-restos-oseos-humanos-de-la-cueva-de-la-candelaria-coahuila-craneologia\\\/#primaryimage\"},\"thumbnailUrl\":\"https:\\\/\\\/booksfrommexico.com\\\/app\\\/uploads\\\/2023\\\/05\\\/132120.jpeg\",\"datePublished\":\"2023-05-08T17:05:31+00:00\",\"dateModified\":\"2024-07-16T23:53:13+00:00\",\"description\":\"LOS RESTOS \u00d3SEOS HUMANOS DE LA CUEVA DE LA CANDELARIA, COAHUILA : CRANEOLOG\u00cdA. \\\/ Arturo Romano Pacheco. INAH, 2005. (Colecci\u00f3n Cient\u00edfica).\",\"breadcrumb\":{\"@id\":\"https:\\\/\\\/booksfrommexico.com\\\/es\\\/producto\\\/los-restos-oseos-humanos-de-la-cueva-de-la-candelaria-coahuila-craneologia\\\/#breadcrumb\"},\"inLanguage\":\"es\",\"potentialAction\":[{\"@type\":\"ReadAction\",\"target\":[\"https:\\\/\\\/booksfrommexico.com\\\/es\\\/producto\\\/los-restos-oseos-humanos-de-la-cueva-de-la-candelaria-coahuila-craneologia\\\/\"]}]},{\"@type\":\"ImageObject\",\"inLanguage\":\"es\",\"@id\":\"https:\\\/\\\/booksfrommexico.com\\\/es\\\/producto\\\/los-restos-oseos-humanos-de-la-cueva-de-la-candelaria-coahuila-craneologia\\\/#primaryimage\",\"url\":\"https:\\\/\\\/booksfrommexico.com\\\/app\\\/uploads\\\/2023\\\/05\\\/132120.jpeg\",\"contentUrl\":\"https:\\\/\\\/booksfrommexico.com\\\/app\\\/uploads\\\/2023\\\/05\\\/132120.jpeg\",\"width\":521,\"height\":741,\"caption\":\"Los Restos \u00f3seos humanos de la cueva de La Candelaria. Books From M\u00e9xico\"},{\"@type\":\"BreadcrumbList\",\"@id\":\"https:\\\/\\\/booksfrommexico.com\\\/es\\\/producto\\\/los-restos-oseos-humanos-de-la-cueva-de-la-candelaria-coahuila-craneologia\\\/#breadcrumb\",\"itemListElement\":[{\"@type\":\"ListItem\",\"position\":1,\"name\":\"Home\",\"item\":\"https:\\\/\\\/booksfrommexico.com\\\/es\\\/\"},{\"@type\":\"ListItem\",\"position\":2,\"name\":\"Libros\",\"item\":\"https:\\\/\\\/booksfrommexico.com\\\/es\\\/libros\\\/\"},{\"@type\":\"ListItem\",\"position\":3,\"name\":\"Los restos \u00f3seos humanos de la cueva de La Candelaria, Coahuila: Craneolog\u00eda\"}]},{\"@type\":\"WebSite\",\"@id\":\"https:\\\/\\\/booksfrommexico.com\\\/#website\",\"url\":\"https:\\\/\\\/booksfrommexico.com\\\/\",\"name\":\"Books From Mexico\",\"description\":\"\",\"publisher\":{\"@id\":\"https:\\\/\\\/booksfrommexico.com\\\/#organization\"},\"potentialAction\":[{\"@type\":\"SearchAction\",\"target\":{\"@type\":\"EntryPoint\",\"urlTemplate\":\"https:\\\/\\\/booksfrommexico.com\\\/?s={search_term_string}\"},\"query-input\":{\"@type\":\"PropertyValueSpecification\",\"valueRequired\":true,\"valueName\":\"search_term_string\"}}],\"inLanguage\":\"es\"},{\"@type\":\"Organization\",\"@id\":\"https:\\\/\\\/booksfrommexico.com\\\/#organization\",\"name\":\"Books From Mexico\",\"url\":\"https:\\\/\\\/booksfrommexico.com\\\/\",\"logo\":{\"@type\":\"ImageObject\",\"inLanguage\":\"es\",\"@id\":\"https:\\\/\\\/booksfrommexico.com\\\/#\\\/schema\\\/logo\\\/image\\\/\",\"url\":\"https:\\\/\\\/booksfrommexico.com\\\/app\\\/uploads\\\/2023\\\/05\\\/logo-booksfrommexico.svg\",\"contentUrl\":\"https:\\\/\\\/booksfrommexico.com\\\/app\\\/uploads\\\/2023\\\/05\\\/logo-booksfrommexico.svg\",\"width\":86,\"height\":56,\"caption\":\"Books From Mexico\"},\"image\":{\"@id\":\"https:\\\/\\\/booksfrommexico.com\\\/#\\\/schema\\\/logo\\\/image\\\/\"}}]}<\/script>\n<!-- \/ Yoast SEO plugin. -->","yoast_head_json":{"title":"Los Restos \u00f3seos humanos de la cueva de La Candelaria","description":"LOS RESTOS \u00d3SEOS HUMANOS DE LA CUEVA DE LA CANDELARIA, COAHUILA : CRANEOLOG\u00cdA. \/ Arturo Romano Pacheco. INAH, 2005. (Colecci\u00f3n Cient\u00edfica).","robots":{"index":"index","follow":"follow","max-snippet":"max-snippet:-1","max-image-preview":"max-image-preview:large","max-video-preview":"max-video-preview:-1"},"canonical":"https:\/\/booksfrommexico.com\/es\/producto\/los-restos-oseos-humanos-de-la-cueva-de-la-candelaria-coahuila-craneologia\/","og_locale":"es_ES","og_type":"article","og_title":"Los Restos \u00f3seos humanos de la cueva de La Candelaria","og_description":"LOS RESTOS \u00d3SEOS HUMANOS DE LA CUEVA DE LA CANDELARIA, COAHUILA : CRANEOLOG\u00cdA. \/ Arturo Romano Pacheco. INAH, 2005. (Colecci\u00f3n Cient\u00edfica).","og_url":"https:\/\/booksfrommexico.com\/es\/producto\/los-restos-oseos-humanos-de-la-cueva-de-la-candelaria-coahuila-craneologia\/","og_site_name":"Books From Mexico","article_modified_time":"2024-07-16T23:53:13+00:00","og_image":[{"width":521,"height":741,"url":"http:\/\/booksfrommexico.com\/app\/uploads\/2023\/05\/132120.jpeg","type":"image\/jpeg"}],"twitter_card":"summary_large_image","twitter_misc":{"Tiempo de lectura":"1 minuto"},"schema":{"@context":"https:\/\/schema.org","@graph":[{"@type":"WebPage","@id":"https:\/\/booksfrommexico.com\/es\/producto\/los-restos-oseos-humanos-de-la-cueva-de-la-candelaria-coahuila-craneologia\/","url":"https:\/\/booksfrommexico.com\/es\/producto\/los-restos-oseos-humanos-de-la-cueva-de-la-candelaria-coahuila-craneologia\/","name":"Los Restos \u00f3seos humanos de la cueva de La Candelaria","isPartOf":{"@id":"https:\/\/booksfrommexico.com\/#website"},"primaryImageOfPage":{"@id":"https:\/\/booksfrommexico.com\/es\/producto\/los-restos-oseos-humanos-de-la-cueva-de-la-candelaria-coahuila-craneologia\/#primaryimage"},"image":{"@id":"https:\/\/booksfrommexico.com\/es\/producto\/los-restos-oseos-humanos-de-la-cueva-de-la-candelaria-coahuila-craneologia\/#primaryimage"},"thumbnailUrl":"https:\/\/booksfrommexico.com\/app\/uploads\/2023\/05\/132120.jpeg","datePublished":"2023-05-08T17:05:31+00:00","dateModified":"2024-07-16T23:53:13+00:00","description":"LOS RESTOS \u00d3SEOS HUMANOS DE LA CUEVA DE LA CANDELARIA, COAHUILA : CRANEOLOG\u00cdA. \/ Arturo Romano Pacheco. INAH, 2005. (Colecci\u00f3n Cient\u00edfica).","breadcrumb":{"@id":"https:\/\/booksfrommexico.com\/es\/producto\/los-restos-oseos-humanos-de-la-cueva-de-la-candelaria-coahuila-craneologia\/#breadcrumb"},"inLanguage":"es","potentialAction":[{"@type":"ReadAction","target":["https:\/\/booksfrommexico.com\/es\/producto\/los-restos-oseos-humanos-de-la-cueva-de-la-candelaria-coahuila-craneologia\/"]}]},{"@type":"ImageObject","inLanguage":"es","@id":"https:\/\/booksfrommexico.com\/es\/producto\/los-restos-oseos-humanos-de-la-cueva-de-la-candelaria-coahuila-craneologia\/#primaryimage","url":"https:\/\/booksfrommexico.com\/app\/uploads\/2023\/05\/132120.jpeg","contentUrl":"https:\/\/booksfrommexico.com\/app\/uploads\/2023\/05\/132120.jpeg","width":521,"height":741,"caption":"Los Restos \u00f3seos humanos de la cueva de La Candelaria. Books From M\u00e9xico"},{"@type":"BreadcrumbList","@id":"https:\/\/booksfrommexico.com\/es\/producto\/los-restos-oseos-humanos-de-la-cueva-de-la-candelaria-coahuila-craneologia\/#breadcrumb","itemListElement":[{"@type":"ListItem","position":1,"name":"Home","item":"https:\/\/booksfrommexico.com\/es\/"},{"@type":"ListItem","position":2,"name":"Libros","item":"https:\/\/booksfrommexico.com\/es\/libros\/"},{"@type":"ListItem","position":3,"name":"Los restos \u00f3seos humanos de la cueva de La Candelaria, Coahuila: Craneolog\u00eda"}]},{"@type":"WebSite","@id":"https:\/\/booksfrommexico.com\/#website","url":"https:\/\/booksfrommexico.com\/","name":"Books From Mexico","description":"","publisher":{"@id":"https:\/\/booksfrommexico.com\/#organization"},"potentialAction":[{"@type":"SearchAction","target":{"@type":"EntryPoint","urlTemplate":"https:\/\/booksfrommexico.com\/?s={search_term_string}"},"query-input":{"@type":"PropertyValueSpecification","valueRequired":true,"valueName":"search_term_string"}}],"inLanguage":"es"},{"@type":"Organization","@id":"https:\/\/booksfrommexico.com\/#organization","name":"Books From Mexico","url":"https:\/\/booksfrommexico.com\/","logo":{"@type":"ImageObject","inLanguage":"es","@id":"https:\/\/booksfrommexico.com\/#\/schema\/logo\/image\/","url":"https:\/\/booksfrommexico.com\/app\/uploads\/2023\/05\/logo-booksfrommexico.svg","contentUrl":"https:\/\/booksfrommexico.com\/app\/uploads\/2023\/05\/logo-booksfrommexico.svg","width":86,"height":56,"caption":"Books From Mexico"},"image":{"@id":"https:\/\/booksfrommexico.com\/#\/schema\/logo\/image\/"}}]}},"_links":{"self":[{"href":"https:\/\/booksfrommexico.com\/es\/wp-json\/wp\/v2\/product\/684","targetHints":{"allow":["GET"]}}],"collection":[{"href":"https:\/\/booksfrommexico.com\/es\/wp-json\/wp\/v2\/product"}],"about":[{"href":"https:\/\/booksfrommexico.com\/es\/wp-json\/wp\/v2\/types\/product"}],"wp:featuredmedia":[{"embeddable":true,"href":"https:\/\/booksfrommexico.com\/es\/wp-json\/wp\/v2\/media\/683"}],"wp:attachment":[{"href":"https:\/\/booksfrommexico.com\/es\/wp-json\/wp\/v2\/media?parent=684"}],"wp:term":[{"taxonomy":"product_brand","embeddable":true,"href":"https:\/\/booksfrommexico.com\/es\/wp-json\/wp\/v2\/product_brand?post=684"},{"taxonomy":"product_cat","embeddable":true,"href":"https:\/\/booksfrommexico.com\/es\/wp-json\/wp\/v2\/product_cat?post=684"},{"taxonomy":"product_tag","embeddable":true,"href":"https:\/\/booksfrommexico.com\/es\/wp-json\/wp\/v2\/product_tag?post=684"}],"curies":[{"name":"wp","href":"https:\/\/api.w.org\/{rel}","templated":true}]}}