{"id":686,"date":"2023-05-08T17:05:33","date_gmt":"2023-05-08T17:05:33","guid":{"rendered":"http:\/\/booksfrommexico.com\/product\/mujeres-en-guadalajara-historias-para-contar-y-compartir\/"},"modified":"2024-07-17T21:39:59","modified_gmt":"2024-07-17T21:39:59","slug":"mujeres-en-guadalajara-historias-para-contar-y-compartir","status":"publish","type":"product","link":"https:\/\/booksfrommexico.com\/es\/producto\/mujeres-en-guadalajara-historias-para-contar-y-compartir\/","title":{"rendered":"Mujeres en Guadalajara: Historias para contar compartir"},"content":{"rendered":"<p><span style=\"font-weight: 400;\">Este t\u00edtulo es una invitaci\u00f3n para recorrer un peque\u00f1o trayecto entre diferentes vidas de mujeres, miradas femeninas, historias de la Guadalajara actual, la que se divide en siete zonas. El criterio de selecci\u00f3n fue intuitivo y de voz en voz, tomando un m\u00e9todo de investigaci\u00f3n cualitativo, por medio de entrevistas habladas y testimonios orales. Aqu\u00ed se reuni\u00f3 a 31 mujeres tapat\u00edas que relatan sus oficios, profesiones, los lugares donde nacieron y de los que han emigrado, historias personales, sue\u00f1os, perspectivas, para a trav\u00e9s de contar sus experiencias responder qu\u00e9 ha sido para ellas \u201cser mujer\u201d.\u00a0<\/span><\/p>\n<p><br style=\"font-weight: 400;\" \/><br style=\"font-weight: 400;\" \/><\/p>\n","protected":false},"excerpt":{"rendered":"<p>MUJERES EN GUADALAJARA : HISTORIAS PARA CONTAR Y COMPARTIR<span style=\"font-weight: 400;\">. \/ Guadalajara, Jalisco, M\u00e9xico : Instituto Municipal de las Mujeres en Guadalajara, 2006. 174 pages : includes color photos ; 23 cm.<\/span><\/p>\n","protected":false},"featured_media":685,"template":"","meta":{"_acf_changed":false,"inline_featured_image":false},"product_brand":[],"product_cat":[147,148],"product_tag":[3659,4101,3608],"class_list":{"0":"post-686","1":"product","2":"type-product","3":"status-publish","4":"has-post-thumbnail","6":"product_cat-estudios-de-genero","7":"product_cat-estudios-sobre-las-mujeres-estudios-de-genero","8":"product_tag-condiciones-sociales","9":"product_tag-mujeres-es","10":"product_tag-vida-social-y-costumbres","12":"first","13":"instock","14":"taxable","15":"shipping-taxable","16":"purchasable","17":"product-type-simple"},"acf":[],"yoast_head":"<!-- This site is optimized with the Yoast SEO plugin v27.3 - https:\/\/yoast.com\/product\/yoast-seo-wordpress\/ -->\n<title>Mujeres en Guadalajara: Historias para contar y compartir<\/title>\n<meta name=\"description\" content=\"MUJERES EN GUADALAJARA : HISTORIAS PARA CONTAR Y COMPARTIR. \/ Guadalajara, Jalisco, M\u00e9xico : Instituto Municipal de las Mujeres en Guadalajara, 2006.\" \/>\n<meta name=\"robots\" content=\"index, follow, max-snippet:-1, max-image-preview:large, max-video-preview:-1\" \/>\n<link rel=\"canonical\" href=\"https:\/\/booksfrommexico.com\/es\/producto\/mujeres-en-guadalajara-historias-para-contar-y-compartir\/\" \/>\n<meta property=\"og:locale\" content=\"es_ES\" \/>\n<meta property=\"og:type\" content=\"article\" \/>\n<meta property=\"og:title\" content=\"Mujeres en Guadalajara: Historias para contar y compartir\" \/>\n<meta property=\"og:description\" content=\"MUJERES EN GUADALAJARA : HISTORIAS PARA CONTAR Y COMPARTIR. \/ Guadalajara, Jalisco, M\u00e9xico : Instituto Municipal de las Mujeres en Guadalajara, 2006.\" \/>\n<meta property=\"og:url\" content=\"https:\/\/booksfrommexico.com\/es\/producto\/mujeres-en-guadalajara-historias-para-contar-y-compartir\/\" \/>\n<meta property=\"og:site_name\" content=\"Books From Mexico\" \/>\n<meta property=\"article:modified_time\" content=\"2024-07-17T21:39:59+00:00\" \/>\n<meta property=\"og:image\" content=\"http:\/\/booksfrommexico.com\/app\/uploads\/2023\/05\/132106.jpeg\" \/>\n\t<meta property=\"og:image:width\" content=\"552\" \/>\n\t<meta property=\"og:image:height\" content=\"662\" \/>\n\t<meta property=\"og:image:type\" content=\"image\/jpeg\" \/>\n<meta name=\"twitter:card\" content=\"summary_large_image\" \/>\n<meta name=\"twitter:label1\" content=\"Tiempo de lectura\" \/>\n\t<meta name=\"twitter:data1\" content=\"1 minuto\" \/>\n<script type=\"application\/ld+json\" class=\"yoast-schema-graph\">{\"@context\":\"https:\\\/\\\/schema.org\",\"@graph\":[{\"@type\":\"WebPage\",\"@id\":\"https:\\\/\\\/booksfrommexico.com\\\/es\\\/producto\\\/mujeres-en-guadalajara-historias-para-contar-y-compartir\\\/\",\"url\":\"https:\\\/\\\/booksfrommexico.com\\\/es\\\/producto\\\/mujeres-en-guadalajara-historias-para-contar-y-compartir\\\/\",\"name\":\"Mujeres en Guadalajara: Historias para contar y compartir\",\"isPartOf\":{\"@id\":\"https:\\\/\\\/booksfrommexico.com\\\/#website\"},\"primaryImageOfPage\":{\"@id\":\"https:\\\/\\\/booksfrommexico.com\\\/es\\\/producto\\\/mujeres-en-guadalajara-historias-para-contar-y-compartir\\\/#primaryimage\"},\"image\":{\"@id\":\"https:\\\/\\\/booksfrommexico.com\\\/es\\\/producto\\\/mujeres-en-guadalajara-historias-para-contar-y-compartir\\\/#primaryimage\"},\"thumbnailUrl\":\"https:\\\/\\\/booksfrommexico.com\\\/app\\\/uploads\\\/2023\\\/05\\\/132106.jpeg\",\"datePublished\":\"2023-05-08T17:05:33+00:00\",\"dateModified\":\"2024-07-17T21:39:59+00:00\",\"description\":\"MUJERES EN GUADALAJARA : HISTORIAS PARA CONTAR Y COMPARTIR. \\\/ Guadalajara, Jalisco, M\u00e9xico : Instituto Municipal de las Mujeres en Guadalajara, 2006.\",\"breadcrumb\":{\"@id\":\"https:\\\/\\\/booksfrommexico.com\\\/es\\\/producto\\\/mujeres-en-guadalajara-historias-para-contar-y-compartir\\\/#breadcrumb\"},\"inLanguage\":\"es\",\"potentialAction\":[{\"@type\":\"ReadAction\",\"target\":[\"https:\\\/\\\/booksfrommexico.com\\\/es\\\/producto\\\/mujeres-en-guadalajara-historias-para-contar-y-compartir\\\/\"]}]},{\"@type\":\"ImageObject\",\"inLanguage\":\"es\",\"@id\":\"https:\\\/\\\/booksfrommexico.com\\\/es\\\/producto\\\/mujeres-en-guadalajara-historias-para-contar-y-compartir\\\/#primaryimage\",\"url\":\"https:\\\/\\\/booksfrommexico.com\\\/app\\\/uploads\\\/2023\\\/05\\\/132106.jpeg\",\"contentUrl\":\"https:\\\/\\\/booksfrommexico.com\\\/app\\\/uploads\\\/2023\\\/05\\\/132106.jpeg\",\"width\":552,\"height\":662,\"caption\":\"Mujeres en Guadalajara. Books From M\u00e9xico\"},{\"@type\":\"BreadcrumbList\",\"@id\":\"https:\\\/\\\/booksfrommexico.com\\\/es\\\/producto\\\/mujeres-en-guadalajara-historias-para-contar-y-compartir\\\/#breadcrumb\",\"itemListElement\":[{\"@type\":\"ListItem\",\"position\":1,\"name\":\"Home\",\"item\":\"https:\\\/\\\/booksfrommexico.com\\\/es\\\/\"},{\"@type\":\"ListItem\",\"position\":2,\"name\":\"Libros\",\"item\":\"https:\\\/\\\/booksfrommexico.com\\\/es\\\/libros\\\/\"},{\"@type\":\"ListItem\",\"position\":3,\"name\":\"Mujeres en Guadalajara: Historias para contar compartir\"}]},{\"@type\":\"WebSite\",\"@id\":\"https:\\\/\\\/booksfrommexico.com\\\/#website\",\"url\":\"https:\\\/\\\/booksfrommexico.com\\\/\",\"name\":\"Books From Mexico\",\"description\":\"\",\"publisher\":{\"@id\":\"https:\\\/\\\/booksfrommexico.com\\\/#organization\"},\"potentialAction\":[{\"@type\":\"SearchAction\",\"target\":{\"@type\":\"EntryPoint\",\"urlTemplate\":\"https:\\\/\\\/booksfrommexico.com\\\/?s={search_term_string}\"},\"query-input\":{\"@type\":\"PropertyValueSpecification\",\"valueRequired\":true,\"valueName\":\"search_term_string\"}}],\"inLanguage\":\"es\"},{\"@type\":\"Organization\",\"@id\":\"https:\\\/\\\/booksfrommexico.com\\\/#organization\",\"name\":\"Books From Mexico\",\"url\":\"https:\\\/\\\/booksfrommexico.com\\\/\",\"logo\":{\"@type\":\"ImageObject\",\"inLanguage\":\"es\",\"@id\":\"https:\\\/\\\/booksfrommexico.com\\\/#\\\/schema\\\/logo\\\/image\\\/\",\"url\":\"https:\\\/\\\/booksfrommexico.com\\\/app\\\/uploads\\\/2023\\\/05\\\/logo-booksfrommexico.svg\",\"contentUrl\":\"https:\\\/\\\/booksfrommexico.com\\\/app\\\/uploads\\\/2023\\\/05\\\/logo-booksfrommexico.svg\",\"width\":86,\"height\":56,\"caption\":\"Books From Mexico\"},\"image\":{\"@id\":\"https:\\\/\\\/booksfrommexico.com\\\/#\\\/schema\\\/logo\\\/image\\\/\"}}]}<\/script>\n<!-- \/ Yoast SEO plugin. -->","yoast_head_json":{"title":"Mujeres en Guadalajara: Historias para contar y compartir","description":"MUJERES EN GUADALAJARA : HISTORIAS PARA CONTAR Y COMPARTIR. \/ Guadalajara, Jalisco, M\u00e9xico : Instituto Municipal de las Mujeres en Guadalajara, 2006.","robots":{"index":"index","follow":"follow","max-snippet":"max-snippet:-1","max-image-preview":"max-image-preview:large","max-video-preview":"max-video-preview:-1"},"canonical":"https:\/\/booksfrommexico.com\/es\/producto\/mujeres-en-guadalajara-historias-para-contar-y-compartir\/","og_locale":"es_ES","og_type":"article","og_title":"Mujeres en Guadalajara: Historias para contar y compartir","og_description":"MUJERES EN GUADALAJARA : HISTORIAS PARA CONTAR Y COMPARTIR. \/ Guadalajara, Jalisco, M\u00e9xico : Instituto Municipal de las Mujeres en Guadalajara, 2006.","og_url":"https:\/\/booksfrommexico.com\/es\/producto\/mujeres-en-guadalajara-historias-para-contar-y-compartir\/","og_site_name":"Books From Mexico","article_modified_time":"2024-07-17T21:39:59+00:00","og_image":[{"width":552,"height":662,"url":"http:\/\/booksfrommexico.com\/app\/uploads\/2023\/05\/132106.jpeg","type":"image\/jpeg"}],"twitter_card":"summary_large_image","twitter_misc":{"Tiempo de lectura":"1 minuto"},"schema":{"@context":"https:\/\/schema.org","@graph":[{"@type":"WebPage","@id":"https:\/\/booksfrommexico.com\/es\/producto\/mujeres-en-guadalajara-historias-para-contar-y-compartir\/","url":"https:\/\/booksfrommexico.com\/es\/producto\/mujeres-en-guadalajara-historias-para-contar-y-compartir\/","name":"Mujeres en Guadalajara: Historias para contar y compartir","isPartOf":{"@id":"https:\/\/booksfrommexico.com\/#website"},"primaryImageOfPage":{"@id":"https:\/\/booksfrommexico.com\/es\/producto\/mujeres-en-guadalajara-historias-para-contar-y-compartir\/#primaryimage"},"image":{"@id":"https:\/\/booksfrommexico.com\/es\/producto\/mujeres-en-guadalajara-historias-para-contar-y-compartir\/#primaryimage"},"thumbnailUrl":"https:\/\/booksfrommexico.com\/app\/uploads\/2023\/05\/132106.jpeg","datePublished":"2023-05-08T17:05:33+00:00","dateModified":"2024-07-17T21:39:59+00:00","description":"MUJERES EN GUADALAJARA : HISTORIAS PARA CONTAR Y COMPARTIR. \/ Guadalajara, Jalisco, M\u00e9xico : Instituto Municipal de las Mujeres en Guadalajara, 2006.","breadcrumb":{"@id":"https:\/\/booksfrommexico.com\/es\/producto\/mujeres-en-guadalajara-historias-para-contar-y-compartir\/#breadcrumb"},"inLanguage":"es","potentialAction":[{"@type":"ReadAction","target":["https:\/\/booksfrommexico.com\/es\/producto\/mujeres-en-guadalajara-historias-para-contar-y-compartir\/"]}]},{"@type":"ImageObject","inLanguage":"es","@id":"https:\/\/booksfrommexico.com\/es\/producto\/mujeres-en-guadalajara-historias-para-contar-y-compartir\/#primaryimage","url":"https:\/\/booksfrommexico.com\/app\/uploads\/2023\/05\/132106.jpeg","contentUrl":"https:\/\/booksfrommexico.com\/app\/uploads\/2023\/05\/132106.jpeg","width":552,"height":662,"caption":"Mujeres en Guadalajara. Books From M\u00e9xico"},{"@type":"BreadcrumbList","@id":"https:\/\/booksfrommexico.com\/es\/producto\/mujeres-en-guadalajara-historias-para-contar-y-compartir\/#breadcrumb","itemListElement":[{"@type":"ListItem","position":1,"name":"Home","item":"https:\/\/booksfrommexico.com\/es\/"},{"@type":"ListItem","position":2,"name":"Libros","item":"https:\/\/booksfrommexico.com\/es\/libros\/"},{"@type":"ListItem","position":3,"name":"Mujeres en Guadalajara: Historias para contar compartir"}]},{"@type":"WebSite","@id":"https:\/\/booksfrommexico.com\/#website","url":"https:\/\/booksfrommexico.com\/","name":"Books From Mexico","description":"","publisher":{"@id":"https:\/\/booksfrommexico.com\/#organization"},"potentialAction":[{"@type":"SearchAction","target":{"@type":"EntryPoint","urlTemplate":"https:\/\/booksfrommexico.com\/?s={search_term_string}"},"query-input":{"@type":"PropertyValueSpecification","valueRequired":true,"valueName":"search_term_string"}}],"inLanguage":"es"},{"@type":"Organization","@id":"https:\/\/booksfrommexico.com\/#organization","name":"Books From Mexico","url":"https:\/\/booksfrommexico.com\/","logo":{"@type":"ImageObject","inLanguage":"es","@id":"https:\/\/booksfrommexico.com\/#\/schema\/logo\/image\/","url":"https:\/\/booksfrommexico.com\/app\/uploads\/2023\/05\/logo-booksfrommexico.svg","contentUrl":"https:\/\/booksfrommexico.com\/app\/uploads\/2023\/05\/logo-booksfrommexico.svg","width":86,"height":56,"caption":"Books From Mexico"},"image":{"@id":"https:\/\/booksfrommexico.com\/#\/schema\/logo\/image\/"}}]}},"_links":{"self":[{"href":"https:\/\/booksfrommexico.com\/es\/wp-json\/wp\/v2\/product\/686","targetHints":{"allow":["GET"]}}],"collection":[{"href":"https:\/\/booksfrommexico.com\/es\/wp-json\/wp\/v2\/product"}],"about":[{"href":"https:\/\/booksfrommexico.com\/es\/wp-json\/wp\/v2\/types\/product"}],"wp:featuredmedia":[{"embeddable":true,"href":"https:\/\/booksfrommexico.com\/es\/wp-json\/wp\/v2\/media\/685"}],"wp:attachment":[{"href":"https:\/\/booksfrommexico.com\/es\/wp-json\/wp\/v2\/media?parent=686"}],"wp:term":[{"taxonomy":"product_brand","embeddable":true,"href":"https:\/\/booksfrommexico.com\/es\/wp-json\/wp\/v2\/product_brand?post=686"},{"taxonomy":"product_cat","embeddable":true,"href":"https:\/\/booksfrommexico.com\/es\/wp-json\/wp\/v2\/product_cat?post=686"},{"taxonomy":"product_tag","embeddable":true,"href":"https:\/\/booksfrommexico.com\/es\/wp-json\/wp\/v2\/product_tag?post=686"}],"curies":[{"name":"wp","href":"https:\/\/api.w.org\/{rel}","templated":true}]}}