{"id":692,"date":"2023-05-08T17:05:38","date_gmt":"2023-05-08T17:05:38","guid":{"rendered":"http:\/\/booksfrommexico.com\/product\/entre-los-hombres-y-las-deidades-las-danzas-del-totonacapan\/"},"modified":"2024-07-17T22:19:17","modified_gmt":"2024-07-17T22:19:17","slug":"entre-los-hombres-y-las-deidades-las-danzas-del-totonacapan","status":"publish","type":"product","link":"https:\/\/booksfrommexico.com\/es\/producto\/entre-los-hombres-y-las-deidades-las-danzas-del-totonacapan\/","title":{"rendered":"Entre los hombres y las deidades: Las danzas de Totonacapan"},"content":{"rendered":"<p><span style=\"font-weight: 400;\">El territorio que actualmente ocupan los totonacos es parte de lo que fue el antiguo Totonacapan, que comprend\u00eda. Una vasta regi\u00f3n de los actuales estados de Veracruz y Puebla. Uno de los elementos m\u00e1s representativos de la cultura totonaca son sus danzas tradicionales, teniendo una espectacularidad que les ha permitido presentarse en foros tur\u00edsticos nacionales e internacionales. Con el fin de preservar y fortalecer la riqueza cultural de estas expresiones, en la Unidad Regional Norte de Veracruz se han realizado diversas investigaciones sobre las distintas danzas de la regi\u00f3n; aqu\u00ed se recopilan, agrupan y describen m\u00e1s de 30 danzas totonacas. <\/span><\/p>\n","protected":false},"excerpt":{"rendered":"<p>ENTRE LOS HOMBRES Y LAS DEIDADES : LAS DANZAS DEL TOTONACAPAN<span style=\"font-weight: 400;\">. \/ Rub\u00e9n Croda Le\u00f3n (compilator, notes). M\u00e9xico, D.F. : Direcci\u00f3n General de Culturas Populares e Ind\u00edgenas , Consejo Nacional para la Cultura y las Artes, 2005. 178 pages : includes notes, photos, bibliography ; 21. cm. (Colecci\u00f3n Fiestas Populares de M\u00e9xico). ISBN : 970350826X.<\/span><\/p>\n","protected":false},"featured_media":691,"template":"","meta":{"_acf_changed":false,"inline_featured_image":false},"product_brand":[],"product_cat":[3347,372],"product_tag":[4341,3859,4479,4481],"class_list":{"0":"post-692","1":"product","2":"type-product","3":"status-publish","4":"has-post-thumbnail","6":"product_cat-drama-danza-y-teatro","7":"product_cat-tradiciones-culturales","8":"product_tag-cultura","9":"product_tag-danza","10":"product_tag-totonaca","11":"product_tag-tradicion-y-costumbres","13":"first","14":"instock","15":"taxable","16":"shipping-taxable","17":"purchasable","18":"product-type-simple"},"acf":[],"yoast_head":"<!-- This site is optimized with the Yoast SEO plugin v27.2 - https:\/\/yoast.com\/product\/yoast-seo-wordpress\/ -->\n<title>Entre los hombres y las deidades: Las danzas del Totonacapan.<\/title>\n<meta name=\"description\" content=\"ENTRE LOS HOMBRES Y LAS DEIDADES : LAS DANZAS DEL TOTONACAPAN. \/ Rub\u00e9n Croda Le\u00f3n (compilator). CONACULTA, 2005. (Colecci\u00f3n Fiestas Populares de M\u00e9xico).\" \/>\n<meta name=\"robots\" content=\"index, follow, max-snippet:-1, max-image-preview:large, max-video-preview:-1\" \/>\n<link rel=\"canonical\" href=\"https:\/\/booksfrommexico.com\/es\/producto\/entre-los-hombres-y-las-deidades-las-danzas-del-totonacapan\/\" \/>\n<meta property=\"og:locale\" content=\"es_ES\" \/>\n<meta property=\"og:type\" content=\"article\" \/>\n<meta property=\"og:title\" content=\"Entre los hombres y las deidades: Las danzas del Totonacapan.\" \/>\n<meta property=\"og:description\" content=\"ENTRE LOS HOMBRES Y LAS DEIDADES : LAS DANZAS DEL TOTONACAPAN. \/ Rub\u00e9n Croda Le\u00f3n (compilator). CONACULTA, 2005. (Colecci\u00f3n Fiestas Populares de M\u00e9xico).\" \/>\n<meta property=\"og:url\" content=\"https:\/\/booksfrommexico.com\/es\/producto\/entre-los-hombres-y-las-deidades-las-danzas-del-totonacapan\/\" \/>\n<meta property=\"og:site_name\" content=\"Books From Mexico\" \/>\n<meta property=\"article:modified_time\" content=\"2024-07-17T22:19:17+00:00\" \/>\n<meta property=\"og:image\" content=\"http:\/\/booksfrommexico.com\/app\/uploads\/2023\/05\/132048.jpeg\" \/>\n\t<meta property=\"og:image:width\" content=\"428\" \/>\n\t<meta property=\"og:image:height\" content=\"603\" \/>\n\t<meta property=\"og:image:type\" content=\"image\/jpeg\" \/>\n<meta name=\"twitter:card\" content=\"summary_large_image\" \/>\n<meta name=\"twitter:label1\" content=\"Tiempo de lectura\" \/>\n\t<meta name=\"twitter:data1\" content=\"1 minuto\" \/>\n<script type=\"application\/ld+json\" class=\"yoast-schema-graph\">{\"@context\":\"https:\/\/schema.org\",\"@graph\":[{\"@type\":\"WebPage\",\"@id\":\"https:\/\/booksfrommexico.com\/es\/producto\/entre-los-hombres-y-las-deidades-las-danzas-del-totonacapan\/\",\"url\":\"https:\/\/booksfrommexico.com\/es\/producto\/entre-los-hombres-y-las-deidades-las-danzas-del-totonacapan\/\",\"name\":\"Entre los hombres y las deidades: Las danzas del Totonacapan.\",\"isPartOf\":{\"@id\":\"https:\/\/booksfrommexico.com\/#website\"},\"primaryImageOfPage\":{\"@id\":\"https:\/\/booksfrommexico.com\/es\/producto\/entre-los-hombres-y-las-deidades-las-danzas-del-totonacapan\/#primaryimage\"},\"image\":{\"@id\":\"https:\/\/booksfrommexico.com\/es\/producto\/entre-los-hombres-y-las-deidades-las-danzas-del-totonacapan\/#primaryimage\"},\"thumbnailUrl\":\"https:\/\/booksfrommexico.com\/app\/uploads\/2023\/05\/132048.jpeg\",\"datePublished\":\"2023-05-08T17:05:38+00:00\",\"dateModified\":\"2024-07-17T22:19:17+00:00\",\"description\":\"ENTRE LOS HOMBRES Y LAS DEIDADES : LAS DANZAS DEL TOTONACAPAN. \/ Rub\u00e9n Croda Le\u00f3n (compilator). CONACULTA, 2005. (Colecci\u00f3n Fiestas Populares de M\u00e9xico).\",\"breadcrumb\":{\"@id\":\"https:\/\/booksfrommexico.com\/es\/producto\/entre-los-hombres-y-las-deidades-las-danzas-del-totonacapan\/#breadcrumb\"},\"inLanguage\":\"es\",\"potentialAction\":[{\"@type\":\"ReadAction\",\"target\":[\"https:\/\/booksfrommexico.com\/es\/producto\/entre-los-hombres-y-las-deidades-las-danzas-del-totonacapan\/\"]}]},{\"@type\":\"ImageObject\",\"inLanguage\":\"es\",\"@id\":\"https:\/\/booksfrommexico.com\/es\/producto\/entre-los-hombres-y-las-deidades-las-danzas-del-totonacapan\/#primaryimage\",\"url\":\"https:\/\/booksfrommexico.com\/app\/uploads\/2023\/05\/132048.jpeg\",\"contentUrl\":\"https:\/\/booksfrommexico.com\/app\/uploads\/2023\/05\/132048.jpeg\",\"width\":428,\"height\":603,\"caption\":\"Entre los hombres y las deidades. Books From M\u00e9xico\"},{\"@type\":\"BreadcrumbList\",\"@id\":\"https:\/\/booksfrommexico.com\/es\/producto\/entre-los-hombres-y-las-deidades-las-danzas-del-totonacapan\/#breadcrumb\",\"itemListElement\":[{\"@type\":\"ListItem\",\"position\":1,\"name\":\"Home\",\"item\":\"https:\/\/booksfrommexico.com\/es\/\"},{\"@type\":\"ListItem\",\"position\":2,\"name\":\"Libros\",\"item\":\"https:\/\/booksfrommexico.com\/es\/libros\/\"},{\"@type\":\"ListItem\",\"position\":3,\"name\":\"Entre los hombres y las deidades: Las danzas de Totonacapan\"}]},{\"@type\":\"WebSite\",\"@id\":\"https:\/\/booksfrommexico.com\/#website\",\"url\":\"https:\/\/booksfrommexico.com\/\",\"name\":\"Books From Mexico\",\"description\":\"\",\"publisher\":{\"@id\":\"https:\/\/booksfrommexico.com\/#organization\"},\"potentialAction\":[{\"@type\":\"SearchAction\",\"target\":{\"@type\":\"EntryPoint\",\"urlTemplate\":\"https:\/\/booksfrommexico.com\/?s={search_term_string}\"},\"query-input\":{\"@type\":\"PropertyValueSpecification\",\"valueRequired\":true,\"valueName\":\"search_term_string\"}}],\"inLanguage\":\"es\"},{\"@type\":\"Organization\",\"@id\":\"https:\/\/booksfrommexico.com\/#organization\",\"name\":\"Books From Mexico\",\"url\":\"https:\/\/booksfrommexico.com\/\",\"logo\":{\"@type\":\"ImageObject\",\"inLanguage\":\"es\",\"@id\":\"https:\/\/booksfrommexico.com\/#\/schema\/logo\/image\/\",\"url\":\"https:\/\/booksfrommexico.com\/app\/uploads\/2023\/05\/logo-booksfrommexico.svg\",\"contentUrl\":\"https:\/\/booksfrommexico.com\/app\/uploads\/2023\/05\/logo-booksfrommexico.svg\",\"width\":86,\"height\":56,\"caption\":\"Books From Mexico\"},\"image\":{\"@id\":\"https:\/\/booksfrommexico.com\/#\/schema\/logo\/image\/\"}}]}<\/script>\n<!-- \/ Yoast SEO plugin. -->","yoast_head_json":{"title":"Entre los hombres y las deidades: Las danzas del Totonacapan.","description":"ENTRE LOS HOMBRES Y LAS DEIDADES : LAS DANZAS DEL TOTONACAPAN. \/ Rub\u00e9n Croda Le\u00f3n (compilator). CONACULTA, 2005. (Colecci\u00f3n Fiestas Populares de M\u00e9xico).","robots":{"index":"index","follow":"follow","max-snippet":"max-snippet:-1","max-image-preview":"max-image-preview:large","max-video-preview":"max-video-preview:-1"},"canonical":"https:\/\/booksfrommexico.com\/es\/producto\/entre-los-hombres-y-las-deidades-las-danzas-del-totonacapan\/","og_locale":"es_ES","og_type":"article","og_title":"Entre los hombres y las deidades: Las danzas del Totonacapan.","og_description":"ENTRE LOS HOMBRES Y LAS DEIDADES : LAS DANZAS DEL TOTONACAPAN. \/ Rub\u00e9n Croda Le\u00f3n (compilator). CONACULTA, 2005. (Colecci\u00f3n Fiestas Populares de M\u00e9xico).","og_url":"https:\/\/booksfrommexico.com\/es\/producto\/entre-los-hombres-y-las-deidades-las-danzas-del-totonacapan\/","og_site_name":"Books From Mexico","article_modified_time":"2024-07-17T22:19:17+00:00","og_image":[{"width":428,"height":603,"url":"http:\/\/booksfrommexico.com\/app\/uploads\/2023\/05\/132048.jpeg","type":"image\/jpeg"}],"twitter_card":"summary_large_image","twitter_misc":{"Tiempo de lectura":"1 minuto"},"schema":{"@context":"https:\/\/schema.org","@graph":[{"@type":"WebPage","@id":"https:\/\/booksfrommexico.com\/es\/producto\/entre-los-hombres-y-las-deidades-las-danzas-del-totonacapan\/","url":"https:\/\/booksfrommexico.com\/es\/producto\/entre-los-hombres-y-las-deidades-las-danzas-del-totonacapan\/","name":"Entre los hombres y las deidades: Las danzas del Totonacapan.","isPartOf":{"@id":"https:\/\/booksfrommexico.com\/#website"},"primaryImageOfPage":{"@id":"https:\/\/booksfrommexico.com\/es\/producto\/entre-los-hombres-y-las-deidades-las-danzas-del-totonacapan\/#primaryimage"},"image":{"@id":"https:\/\/booksfrommexico.com\/es\/producto\/entre-los-hombres-y-las-deidades-las-danzas-del-totonacapan\/#primaryimage"},"thumbnailUrl":"https:\/\/booksfrommexico.com\/app\/uploads\/2023\/05\/132048.jpeg","datePublished":"2023-05-08T17:05:38+00:00","dateModified":"2024-07-17T22:19:17+00:00","description":"ENTRE LOS HOMBRES Y LAS DEIDADES : LAS DANZAS DEL TOTONACAPAN. \/ Rub\u00e9n Croda Le\u00f3n (compilator). CONACULTA, 2005. (Colecci\u00f3n Fiestas Populares de M\u00e9xico).","breadcrumb":{"@id":"https:\/\/booksfrommexico.com\/es\/producto\/entre-los-hombres-y-las-deidades-las-danzas-del-totonacapan\/#breadcrumb"},"inLanguage":"es","potentialAction":[{"@type":"ReadAction","target":["https:\/\/booksfrommexico.com\/es\/producto\/entre-los-hombres-y-las-deidades-las-danzas-del-totonacapan\/"]}]},{"@type":"ImageObject","inLanguage":"es","@id":"https:\/\/booksfrommexico.com\/es\/producto\/entre-los-hombres-y-las-deidades-las-danzas-del-totonacapan\/#primaryimage","url":"https:\/\/booksfrommexico.com\/app\/uploads\/2023\/05\/132048.jpeg","contentUrl":"https:\/\/booksfrommexico.com\/app\/uploads\/2023\/05\/132048.jpeg","width":428,"height":603,"caption":"Entre los hombres y las deidades. Books From M\u00e9xico"},{"@type":"BreadcrumbList","@id":"https:\/\/booksfrommexico.com\/es\/producto\/entre-los-hombres-y-las-deidades-las-danzas-del-totonacapan\/#breadcrumb","itemListElement":[{"@type":"ListItem","position":1,"name":"Home","item":"https:\/\/booksfrommexico.com\/es\/"},{"@type":"ListItem","position":2,"name":"Libros","item":"https:\/\/booksfrommexico.com\/es\/libros\/"},{"@type":"ListItem","position":3,"name":"Entre los hombres y las deidades: Las danzas de Totonacapan"}]},{"@type":"WebSite","@id":"https:\/\/booksfrommexico.com\/#website","url":"https:\/\/booksfrommexico.com\/","name":"Books From Mexico","description":"","publisher":{"@id":"https:\/\/booksfrommexico.com\/#organization"},"potentialAction":[{"@type":"SearchAction","target":{"@type":"EntryPoint","urlTemplate":"https:\/\/booksfrommexico.com\/?s={search_term_string}"},"query-input":{"@type":"PropertyValueSpecification","valueRequired":true,"valueName":"search_term_string"}}],"inLanguage":"es"},{"@type":"Organization","@id":"https:\/\/booksfrommexico.com\/#organization","name":"Books From Mexico","url":"https:\/\/booksfrommexico.com\/","logo":{"@type":"ImageObject","inLanguage":"es","@id":"https:\/\/booksfrommexico.com\/#\/schema\/logo\/image\/","url":"https:\/\/booksfrommexico.com\/app\/uploads\/2023\/05\/logo-booksfrommexico.svg","contentUrl":"https:\/\/booksfrommexico.com\/app\/uploads\/2023\/05\/logo-booksfrommexico.svg","width":86,"height":56,"caption":"Books From Mexico"},"image":{"@id":"https:\/\/booksfrommexico.com\/#\/schema\/logo\/image\/"}}]}},"_links":{"self":[{"href":"https:\/\/booksfrommexico.com\/es\/wp-json\/wp\/v2\/product\/692","targetHints":{"allow":["GET"]}}],"collection":[{"href":"https:\/\/booksfrommexico.com\/es\/wp-json\/wp\/v2\/product"}],"about":[{"href":"https:\/\/booksfrommexico.com\/es\/wp-json\/wp\/v2\/types\/product"}],"wp:featuredmedia":[{"embeddable":true,"href":"https:\/\/booksfrommexico.com\/es\/wp-json\/wp\/v2\/media\/691"}],"wp:attachment":[{"href":"https:\/\/booksfrommexico.com\/es\/wp-json\/wp\/v2\/media?parent=692"}],"wp:term":[{"taxonomy":"product_brand","embeddable":true,"href":"https:\/\/booksfrommexico.com\/es\/wp-json\/wp\/v2\/product_brand?post=692"},{"taxonomy":"product_cat","embeddable":true,"href":"https:\/\/booksfrommexico.com\/es\/wp-json\/wp\/v2\/product_cat?post=692"},{"taxonomy":"product_tag","embeddable":true,"href":"https:\/\/booksfrommexico.com\/es\/wp-json\/wp\/v2\/product_tag?post=692"}],"curies":[{"name":"wp","href":"https:\/\/api.w.org\/{rel}","templated":true}]}}