{"id":694,"date":"2023-05-08T17:05:39","date_gmt":"2023-05-08T17:05:39","guid":{"rendered":"http:\/\/booksfrommexico.com\/product\/los-grandes-olvidados-del-boxeo-chihuahuense\/"},"modified":"2024-07-11T22:25:34","modified_gmt":"2024-07-11T22:25:34","slug":"los-grandes-olvidados-del-boxeo-chihuahuense","status":"publish","type":"product","link":"https:\/\/booksfrommexico.com\/es\/producto\/los-grandes-olvidados-del-boxeo-chihuahuense\/","title":{"rendered":"Los grandes olvidados del boxeo chihuahuense"},"content":{"rendered":"<p><span style=\"font-weight: 400;\">Las historias de los barrios son tan diversas y tan ricas que muchas de ellas son buscadas por cronistas para llevarlas a la palabra escrita. Daniel Galv\u00e1n de la Cruz aporta en esta ocasi\u00f3n una de las piezas del rompecabezas de las historias cotidianas, reviviendo a trav\u00e9s de estas p\u00e1ginas algunos momentos biogr\u00e1ficos de los protagonistas de un deporte representativo de estos barrios: el boxeo. Aqu\u00ed se recopilan relatos, historias y fotograf\u00edas de al menos una treintena de boxeadores representativos de la d\u00e9cada de los setenta, que fueron encordados en las diferentes arenas de Chihuahua y el mundo.<\/span><\/p>\n","protected":false},"excerpt":{"rendered":"<p>LOS GRANDES OLVIDADOS DEL BOXEO CHIHUAHUENSE<span style=\"font-weight: 400;\">. \/ Daniel Galv\u00e1n de la Cruz. Chihuahua, M\u00e9xico : Programa de Apoyo a las Culturas Municipales Comunitarias, Chihuahua ; Instituto Chihuahuense de la Cultura ; Consejo Nacional para la Cultura y las Artes , Culturas Populares e Ind\u00edgenas Unidad Regional Chihuahua ;\u00a0 Doble H\u00e9lice Ediciones , 2006. 132 pages : includes photos ; 21 cm. (Colecci\u00f3n Chihuahua y sus Regiones ; Serie Relatos, Tradiciones, Costumbres). <\/span><\/p>\n","protected":false},"featured_media":693,"template":"","meta":{"_acf_changed":false,"inline_featured_image":false},"product_brand":[],"product_cat":[353],"product_tag":[3630,4462,3788,3608],"class_list":{"0":"post-694","1":"product","2":"type-product","3":"status-publish","4":"has-post-thumbnail","6":"product_cat-deportes","7":"product_tag-biografia","8":"product_tag-boxeo","9":"product_tag-chihuahua-mexico","10":"product_tag-vida-social-y-costumbres","12":"first","13":"instock","14":"taxable","15":"shipping-taxable","16":"purchasable","17":"product-type-simple"},"acf":[],"yoast_head":"<!-- This site is optimized with the Yoast SEO plugin v27.3 - https:\/\/yoast.com\/product\/yoast-seo-wordpress\/ -->\n<title>Los grandes olvidados del boxeo chihuahuense<\/title>\n<meta name=\"description\" content=\"LOS GRANDES OLVIDADOS DEL BOXEO CHIHUAHUENSE. \/ Daniel Galv\u00e1n de la Cruz. (Colecci\u00f3n Chihuahua y sus Regiones ; Serie Relatos, Tradiciones, Costumbres).\" \/>\n<meta name=\"robots\" content=\"index, follow, max-snippet:-1, max-image-preview:large, max-video-preview:-1\" \/>\n<link rel=\"canonical\" href=\"https:\/\/booksfrommexico.com\/es\/producto\/los-grandes-olvidados-del-boxeo-chihuahuense\/\" \/>\n<meta property=\"og:locale\" content=\"es_ES\" \/>\n<meta property=\"og:type\" content=\"article\" \/>\n<meta property=\"og:title\" content=\"Los grandes olvidados del boxeo chihuahuense\" \/>\n<meta property=\"og:description\" content=\"LOS GRANDES OLVIDADOS DEL BOXEO CHIHUAHUENSE. \/ Daniel Galv\u00e1n de la Cruz. (Colecci\u00f3n Chihuahua y sus Regiones ; Serie Relatos, Tradiciones, Costumbres).\" \/>\n<meta property=\"og:url\" content=\"https:\/\/booksfrommexico.com\/es\/producto\/los-grandes-olvidados-del-boxeo-chihuahuense\/\" \/>\n<meta property=\"og:site_name\" content=\"Books From Mexico\" \/>\n<meta property=\"article:modified_time\" content=\"2024-07-11T22:25:34+00:00\" \/>\n<meta property=\"og:image\" content=\"http:\/\/booksfrommexico.com\/app\/uploads\/2023\/05\/133926.jpeg\" \/>\n\t<meta property=\"og:image:width\" content=\"391\" \/>\n\t<meta property=\"og:image:height\" content=\"606\" \/>\n\t<meta property=\"og:image:type\" content=\"image\/jpeg\" \/>\n<meta name=\"twitter:card\" content=\"summary_large_image\" \/>\n<meta name=\"twitter:label1\" content=\"Tiempo de lectura\" \/>\n\t<meta name=\"twitter:data1\" content=\"1 minuto\" \/>\n<script type=\"application\/ld+json\" class=\"yoast-schema-graph\">{\"@context\":\"https:\\\/\\\/schema.org\",\"@graph\":[{\"@type\":\"WebPage\",\"@id\":\"https:\\\/\\\/booksfrommexico.com\\\/es\\\/producto\\\/los-grandes-olvidados-del-boxeo-chihuahuense\\\/\",\"url\":\"https:\\\/\\\/booksfrommexico.com\\\/es\\\/producto\\\/los-grandes-olvidados-del-boxeo-chihuahuense\\\/\",\"name\":\"Los grandes olvidados del boxeo chihuahuense\",\"isPartOf\":{\"@id\":\"https:\\\/\\\/booksfrommexico.com\\\/#website\"},\"primaryImageOfPage\":{\"@id\":\"https:\\\/\\\/booksfrommexico.com\\\/es\\\/producto\\\/los-grandes-olvidados-del-boxeo-chihuahuense\\\/#primaryimage\"},\"image\":{\"@id\":\"https:\\\/\\\/booksfrommexico.com\\\/es\\\/producto\\\/los-grandes-olvidados-del-boxeo-chihuahuense\\\/#primaryimage\"},\"thumbnailUrl\":\"https:\\\/\\\/booksfrommexico.com\\\/app\\\/uploads\\\/2023\\\/05\\\/133926.jpeg\",\"datePublished\":\"2023-05-08T17:05:39+00:00\",\"dateModified\":\"2024-07-11T22:25:34+00:00\",\"description\":\"LOS GRANDES OLVIDADOS DEL BOXEO CHIHUAHUENSE. \\\/ Daniel Galv\u00e1n de la Cruz. (Colecci\u00f3n Chihuahua y sus Regiones ; Serie Relatos, Tradiciones, Costumbres).\",\"breadcrumb\":{\"@id\":\"https:\\\/\\\/booksfrommexico.com\\\/es\\\/producto\\\/los-grandes-olvidados-del-boxeo-chihuahuense\\\/#breadcrumb\"},\"inLanguage\":\"es\",\"potentialAction\":[{\"@type\":\"ReadAction\",\"target\":[\"https:\\\/\\\/booksfrommexico.com\\\/es\\\/producto\\\/los-grandes-olvidados-del-boxeo-chihuahuense\\\/\"]}]},{\"@type\":\"ImageObject\",\"inLanguage\":\"es\",\"@id\":\"https:\\\/\\\/booksfrommexico.com\\\/es\\\/producto\\\/los-grandes-olvidados-del-boxeo-chihuahuense\\\/#primaryimage\",\"url\":\"https:\\\/\\\/booksfrommexico.com\\\/app\\\/uploads\\\/2023\\\/05\\\/133926.jpeg\",\"contentUrl\":\"https:\\\/\\\/booksfrommexico.com\\\/app\\\/uploads\\\/2023\\\/05\\\/133926.jpeg\",\"width\":391,\"height\":606,\"caption\":\"Los Grandes olvidados del boxeo chihuahuense. Books From M\u00e9xico\"},{\"@type\":\"BreadcrumbList\",\"@id\":\"https:\\\/\\\/booksfrommexico.com\\\/es\\\/producto\\\/los-grandes-olvidados-del-boxeo-chihuahuense\\\/#breadcrumb\",\"itemListElement\":[{\"@type\":\"ListItem\",\"position\":1,\"name\":\"Home\",\"item\":\"https:\\\/\\\/booksfrommexico.com\\\/es\\\/\"},{\"@type\":\"ListItem\",\"position\":2,\"name\":\"Libros\",\"item\":\"https:\\\/\\\/booksfrommexico.com\\\/es\\\/libros\\\/\"},{\"@type\":\"ListItem\",\"position\":3,\"name\":\"Los grandes olvidados del boxeo chihuahuense\"}]},{\"@type\":\"WebSite\",\"@id\":\"https:\\\/\\\/booksfrommexico.com\\\/#website\",\"url\":\"https:\\\/\\\/booksfrommexico.com\\\/\",\"name\":\"Books From Mexico\",\"description\":\"\",\"publisher\":{\"@id\":\"https:\\\/\\\/booksfrommexico.com\\\/#organization\"},\"potentialAction\":[{\"@type\":\"SearchAction\",\"target\":{\"@type\":\"EntryPoint\",\"urlTemplate\":\"https:\\\/\\\/booksfrommexico.com\\\/?s={search_term_string}\"},\"query-input\":{\"@type\":\"PropertyValueSpecification\",\"valueRequired\":true,\"valueName\":\"search_term_string\"}}],\"inLanguage\":\"es\"},{\"@type\":\"Organization\",\"@id\":\"https:\\\/\\\/booksfrommexico.com\\\/#organization\",\"name\":\"Books From Mexico\",\"url\":\"https:\\\/\\\/booksfrommexico.com\\\/\",\"logo\":{\"@type\":\"ImageObject\",\"inLanguage\":\"es\",\"@id\":\"https:\\\/\\\/booksfrommexico.com\\\/#\\\/schema\\\/logo\\\/image\\\/\",\"url\":\"https:\\\/\\\/booksfrommexico.com\\\/app\\\/uploads\\\/2023\\\/05\\\/logo-booksfrommexico.svg\",\"contentUrl\":\"https:\\\/\\\/booksfrommexico.com\\\/app\\\/uploads\\\/2023\\\/05\\\/logo-booksfrommexico.svg\",\"width\":86,\"height\":56,\"caption\":\"Books From Mexico\"},\"image\":{\"@id\":\"https:\\\/\\\/booksfrommexico.com\\\/#\\\/schema\\\/logo\\\/image\\\/\"}}]}<\/script>\n<!-- \/ Yoast SEO plugin. -->","yoast_head_json":{"title":"Los grandes olvidados del boxeo chihuahuense","description":"LOS GRANDES OLVIDADOS DEL BOXEO CHIHUAHUENSE. \/ Daniel Galv\u00e1n de la Cruz. (Colecci\u00f3n Chihuahua y sus Regiones ; Serie Relatos, Tradiciones, Costumbres).","robots":{"index":"index","follow":"follow","max-snippet":"max-snippet:-1","max-image-preview":"max-image-preview:large","max-video-preview":"max-video-preview:-1"},"canonical":"https:\/\/booksfrommexico.com\/es\/producto\/los-grandes-olvidados-del-boxeo-chihuahuense\/","og_locale":"es_ES","og_type":"article","og_title":"Los grandes olvidados del boxeo chihuahuense","og_description":"LOS GRANDES OLVIDADOS DEL BOXEO CHIHUAHUENSE. \/ Daniel Galv\u00e1n de la Cruz. (Colecci\u00f3n Chihuahua y sus Regiones ; Serie Relatos, Tradiciones, Costumbres).","og_url":"https:\/\/booksfrommexico.com\/es\/producto\/los-grandes-olvidados-del-boxeo-chihuahuense\/","og_site_name":"Books From Mexico","article_modified_time":"2024-07-11T22:25:34+00:00","og_image":[{"width":391,"height":606,"url":"http:\/\/booksfrommexico.com\/app\/uploads\/2023\/05\/133926.jpeg","type":"image\/jpeg"}],"twitter_card":"summary_large_image","twitter_misc":{"Tiempo de lectura":"1 minuto"},"schema":{"@context":"https:\/\/schema.org","@graph":[{"@type":"WebPage","@id":"https:\/\/booksfrommexico.com\/es\/producto\/los-grandes-olvidados-del-boxeo-chihuahuense\/","url":"https:\/\/booksfrommexico.com\/es\/producto\/los-grandes-olvidados-del-boxeo-chihuahuense\/","name":"Los grandes olvidados del boxeo chihuahuense","isPartOf":{"@id":"https:\/\/booksfrommexico.com\/#website"},"primaryImageOfPage":{"@id":"https:\/\/booksfrommexico.com\/es\/producto\/los-grandes-olvidados-del-boxeo-chihuahuense\/#primaryimage"},"image":{"@id":"https:\/\/booksfrommexico.com\/es\/producto\/los-grandes-olvidados-del-boxeo-chihuahuense\/#primaryimage"},"thumbnailUrl":"https:\/\/booksfrommexico.com\/app\/uploads\/2023\/05\/133926.jpeg","datePublished":"2023-05-08T17:05:39+00:00","dateModified":"2024-07-11T22:25:34+00:00","description":"LOS GRANDES OLVIDADOS DEL BOXEO CHIHUAHUENSE. \/ Daniel Galv\u00e1n de la Cruz. (Colecci\u00f3n Chihuahua y sus Regiones ; Serie Relatos, Tradiciones, Costumbres).","breadcrumb":{"@id":"https:\/\/booksfrommexico.com\/es\/producto\/los-grandes-olvidados-del-boxeo-chihuahuense\/#breadcrumb"},"inLanguage":"es","potentialAction":[{"@type":"ReadAction","target":["https:\/\/booksfrommexico.com\/es\/producto\/los-grandes-olvidados-del-boxeo-chihuahuense\/"]}]},{"@type":"ImageObject","inLanguage":"es","@id":"https:\/\/booksfrommexico.com\/es\/producto\/los-grandes-olvidados-del-boxeo-chihuahuense\/#primaryimage","url":"https:\/\/booksfrommexico.com\/app\/uploads\/2023\/05\/133926.jpeg","contentUrl":"https:\/\/booksfrommexico.com\/app\/uploads\/2023\/05\/133926.jpeg","width":391,"height":606,"caption":"Los Grandes olvidados del boxeo chihuahuense. Books From M\u00e9xico"},{"@type":"BreadcrumbList","@id":"https:\/\/booksfrommexico.com\/es\/producto\/los-grandes-olvidados-del-boxeo-chihuahuense\/#breadcrumb","itemListElement":[{"@type":"ListItem","position":1,"name":"Home","item":"https:\/\/booksfrommexico.com\/es\/"},{"@type":"ListItem","position":2,"name":"Libros","item":"https:\/\/booksfrommexico.com\/es\/libros\/"},{"@type":"ListItem","position":3,"name":"Los grandes olvidados del boxeo chihuahuense"}]},{"@type":"WebSite","@id":"https:\/\/booksfrommexico.com\/#website","url":"https:\/\/booksfrommexico.com\/","name":"Books From Mexico","description":"","publisher":{"@id":"https:\/\/booksfrommexico.com\/#organization"},"potentialAction":[{"@type":"SearchAction","target":{"@type":"EntryPoint","urlTemplate":"https:\/\/booksfrommexico.com\/?s={search_term_string}"},"query-input":{"@type":"PropertyValueSpecification","valueRequired":true,"valueName":"search_term_string"}}],"inLanguage":"es"},{"@type":"Organization","@id":"https:\/\/booksfrommexico.com\/#organization","name":"Books From Mexico","url":"https:\/\/booksfrommexico.com\/","logo":{"@type":"ImageObject","inLanguage":"es","@id":"https:\/\/booksfrommexico.com\/#\/schema\/logo\/image\/","url":"https:\/\/booksfrommexico.com\/app\/uploads\/2023\/05\/logo-booksfrommexico.svg","contentUrl":"https:\/\/booksfrommexico.com\/app\/uploads\/2023\/05\/logo-booksfrommexico.svg","width":86,"height":56,"caption":"Books From Mexico"},"image":{"@id":"https:\/\/booksfrommexico.com\/#\/schema\/logo\/image\/"}}]}},"_links":{"self":[{"href":"https:\/\/booksfrommexico.com\/es\/wp-json\/wp\/v2\/product\/694","targetHints":{"allow":["GET"]}}],"collection":[{"href":"https:\/\/booksfrommexico.com\/es\/wp-json\/wp\/v2\/product"}],"about":[{"href":"https:\/\/booksfrommexico.com\/es\/wp-json\/wp\/v2\/types\/product"}],"wp:featuredmedia":[{"embeddable":true,"href":"https:\/\/booksfrommexico.com\/es\/wp-json\/wp\/v2\/media\/693"}],"wp:attachment":[{"href":"https:\/\/booksfrommexico.com\/es\/wp-json\/wp\/v2\/media?parent=694"}],"wp:term":[{"taxonomy":"product_brand","embeddable":true,"href":"https:\/\/booksfrommexico.com\/es\/wp-json\/wp\/v2\/product_brand?post=694"},{"taxonomy":"product_cat","embeddable":true,"href":"https:\/\/booksfrommexico.com\/es\/wp-json\/wp\/v2\/product_cat?post=694"},{"taxonomy":"product_tag","embeddable":true,"href":"https:\/\/booksfrommexico.com\/es\/wp-json\/wp\/v2\/product_tag?post=694"}],"curies":[{"name":"wp","href":"https:\/\/api.w.org\/{rel}","templated":true}]}}